{"id":33177,"date":"2019-09-21T18:09:07","date_gmt":"2019-09-21T18:09:07","guid":{"rendered":"https:\/\/www.sisinternational.com\/?page_id=33177"},"modified":"2026-01-27T15:22:06","modified_gmt":"2026-01-27T20:22:06","slug":"badania-rynku-w-nevadzie","status":"publish","type":"page","link":"https:\/\/www.sisinternational.com\/pl\/zasieg\/north-america\/zasieg-usa\/badania-rynku-w-nevadzie\/","title":{"rendered":"Badania rynku w Nevadzie"},"content":{"rendered":"<h1 class=\"wp-block-heading\">Badania rynku w Nevadzie<\/h1>\n\n\n\n<figure class=\"gb-block-image gb-block-image-3be8ad83\"><img loading=\"lazy\" decoding=\"async\" width=\"1456\" height=\"816\" class=\"gb-image gb-image-3be8ad83\" src=\"https:\/\/www.sisinternational.com\/wp-content\/uploads\/2025\/09\/Nevada-2.jpg\" alt=\"SIS Mi\u0119dzynarodowe badania rynku i strategia\" title=\"Nevada (2)\" srcset=\"https:\/\/www.sisinternational.com\/wp-content\/uploads\/2025\/09\/Nevada-2.jpg 1456w, https:\/\/www.sisinternational.com\/wp-content\/uploads\/2025\/09\/Nevada-2-300x168.jpg 300w, https:\/\/www.sisinternational.com\/wp-content\/uploads\/2025\/09\/Nevada-2-1024x574.jpg 1024w, https:\/\/www.sisinternational.com\/wp-content\/uploads\/2025\/09\/Nevada-2-768x430.jpg 768w, https:\/\/www.sisinternational.com\/wp-content\/uploads\/2025\/09\/Nevada-2-18x10.jpg 18w\" sizes=\"auto, (max-width: 1456px) 100vw, 1456px\"><\/figure>\n\n\n\n<p><\/p>\n\n\n\n<h2 class=\"wp-block-heading\"><span style=\"font-weight: 400;\">Czym jest badanie rynku w Nevadzie? Dlaczego jest wa\u017cne?<\/span><\/h2>\n\n\n\n<p><span style=\"font-weight: 400;\">Badania rynku w Nevadzie maj\u0105 na celu zrozumienie zawi\u0142o\u015bci lokalnego rynku i podejmowanie decyzji opartych na danych, kt\u00f3re sprzyjaj\u0105 wzrostowi i innowacjom. Dostarczaj\u0105 praktycznych spostrze\u017ce\u0144, kt\u00f3re nap\u0119dzaj\u0105 strategiczne planowanie i podejmowanie decyzji.&nbsp;<\/span><\/p>\n\n\n\n<p><span style=\"font-weight: 400;\">This market research helps businesses identify opportunities for growth and innovation. By analyzing Nevada-specific market data, companies can identify unmet needs and emerging trends, enabling them to develop new products and services that meet these demands.\u00a0<\/span><\/p>\n\n\n\n<p><span style=\"font-weight: 400;\">Ponadto badania rynku w Nevadzie s\u0105 kluczowe dla \u0142agodzenia ryzyka. Zrozumienie warunk\u00f3w rynkowych i zachowa\u0144 konsument\u00f3w w Nevadzie pomaga firmom przewidywa\u0107 potencjalne wyzwania i opracowywa\u0107 strategie ich rozwi\u0105zywania. Ta dalekowzroczno\u015b\u0107 jest nieoceniona w radzeniu sobie z wahaniami ekonomicznymi, presj\u0105 konkurencji i zmianami regulacyjnymi, kt\u00f3re s\u0105 unikalne dla tego stanu.<\/span><\/p>\n\n\n\n<p><span style=\"font-weight: 400;\">Furthermore, market research in Nevada helps optimize marketing strategies. By gaining insights into local consumer preferences and behavior, businesses can tailor their marketing efforts to resonate with their target audience. This targeted approach increases the effectiveness of marketing campaigns, leading to higher engagement and conversion rates.<\/span><\/p>\n\n\n\n<h2 class=\"wp-block-heading\"><span style=\"font-weight: 400;\">Kiedy przeprowadza\u0107 badania rynku w Nevadzie<\/span><\/h2>\n\n\n\n<p><span style=\"font-weight: 400;\">Okre\u015blenie optymalnych moment\u00f3w na przeprowadzenie bada\u0144 rynkowych jest kluczowe dla maksymalizacji ich wp\u0142ywu. Firmy powinny przeprowadza\u0107 badania rynkowe na r\u00f3\u017cnych etapach, aby zapewni\u0107 ci\u0105g\u0142y wzrost, zdolno\u015b\u0107 adaptacji i planowanie strategiczne.<\/span><\/p>\n\n\n\n<ul class=\"wp-block-list\">\n<li><b>Przed wprowadzeniem nowego produktu lub us\u0142ugi:<\/b><span style=\"font-weight: 400;\"> Przeprowadzenie bada\u0144 rynku w Nevadzie przed wprowadzeniem nowego produktu lub us\u0142ugi pomaga przedsi\u0119biorstwom zrozumie\u0107 popyt na rynku, zidentyfikowa\u0107 grupy docelowe i opracowa\u0107 skuteczne strategie marketingowe.&nbsp;<\/span><\/li>\n\n\n\n<li><b>Wej\u015bcie na nowy rynek:<\/b><span style=\"font-weight: 400;\"> Podczas ekspansji na nowe rynki geograficzne lub demograficzne w Nevadzie badania rynku dostarczaj\u0105 wgl\u0105du w lokalne zachowania konsument\u00f3w, krajobrazy konkurencyjne i potencja\u0142 rynkowy. Informacje te s\u0105 niezb\u0119dne do dostosowania strategii do unikalnych cech nowego rynku.<\/span><\/li>\n\n\n\n<li><b>Ocena kampanii marketingowych:<\/b><span style=\"font-weight: 400;\"> Badania rynku po kampanii s\u0105 cenne dla oceny skuteczno\u015bci dzia\u0142a\u0144 marketingowych, zrozumienia reakcji konsument\u00f3w i udoskonalenia przysz\u0142ych strategii. Ten iteracyjny proces poprawia wydajno\u015b\u0107 kampanii w czasie.<\/span><\/li>\n<\/ul>\n\n\n\n<h2 class=\"wp-block-heading\"><span style=\"font-weight: 400;\">Oczekiwane wyniki bada\u0144 rynku SIS w Nevadzie<\/span><\/h2>\n\n\n\n<figure class=\"gb-block-image gb-block-image-028552ec\"><img loading=\"lazy\" decoding=\"async\" width=\"1456\" height=\"816\" class=\"gb-image gb-image-028552ec\" src=\"https:\/\/www.sisinternational.com\/wp-content\/uploads\/2025\/09\/Nevada-4.jpg\" alt=\"SIS Mi\u0119dzynarodowe badania rynku i strategia\" title=\"Nevada (4)\" srcset=\"https:\/\/www.sisinternational.com\/wp-content\/uploads\/2025\/09\/Nevada-4.jpg 1456w, https:\/\/www.sisinternational.com\/wp-content\/uploads\/2025\/09\/Nevada-4-300x168.jpg 300w, https:\/\/www.sisinternational.com\/wp-content\/uploads\/2025\/09\/Nevada-4-1024x574.jpg 1024w, https:\/\/www.sisinternational.com\/wp-content\/uploads\/2025\/09\/Nevada-4-768x430.jpg 768w, https:\/\/www.sisinternational.com\/wp-content\/uploads\/2025\/09\/Nevada-4-18x10.jpg 18w\" sizes=\"auto, (max-width: 1456px) 100vw, 1456px\"><\/figure>\n\n\n\n<p><\/p>\n\n\n\n<p><a href=\"https:\/\/www.linkedin.com\/company\/sisinternationalresearch\/\" target=\"_blank\" rel=\"noopener\"><span style=\"font-weight: 400;\">SIS Mi\u0119dzynarodowy<\/span><\/a><span style=\"font-weight: 400;\">Us\u0142ugi bada\u0144 rynku w Nevadzie maj\u0105 na celu dostarczanie firmom praktycznych spostrze\u017ce\u0144, kt\u00f3re nap\u0119dzaj\u0105 sukces. Oto oczekiwane wyniki naszych kompleksowych bada\u0144 rynku.<\/span><\/p>\n\n\n\n<p><b>Udoskonalone planowanie strategiczne:<\/b><span style=\"font-weight: 400;\">&nbsp;<\/span><\/p>\n\n\n\n<p><span style=\"font-weight: 400;\">Nasze badania rynku w Nevadzie dostarczaj\u0105 przedsi\u0119biorstwom danych i spostrze\u017ce\u0144 niezb\u0119dnych do opracowywania solidnych strategii, dostosowywania cel\u00f3w do szans rynkowych i skutecznego stawiania czo\u0142a wyzwaniom.<\/span><\/p>\n\n\n\n<p><b>Zwi\u0119kszone przychody:<\/b><span style=\"font-weight: 400;\">&nbsp;<\/span><\/p>\n\n\n\n<p><span style=\"font-weight: 400;\">Nasz <a href=\"https:\/\/www.sisinternational.com\/pl\/zasieg\/badania-rynku-azja\/market-research-micronesia\/\" title=\"Badania rynku w Mikronezji\" data-wpil-monitor-id=\"3967\">research helps businesses understand Nevada&#8217;s market<\/a> demands and consumer preferences, enabling them to tailor their products and services to meet customer needs and increase sales and revenue.<\/span><\/p>\n\n\n\n<p><b>Redukcja ryzyka:<\/b><span style=\"font-weight: 400;\">&nbsp;<\/span><\/p>\n\n\n\n<p><a href=\"https:\/\/twitter.com\/SISIntlResearch\" target=\"_blank\" rel=\"noopener\"><span style=\"font-weight: 400;\">SIS<\/span><\/a><span style=\"font-weight: 400;\"> pomaga przedsi\u0119biorstwom przewidywa\u0107 potencjalne ryzyka i opracowywa\u0107 strategie ich \u0142agodzenia, zapewniaj\u0105c stabilno\u015b\u0107 i odporno\u015b\u0107 w dynamicznym otoczeniu rynkowym.<\/span><\/p>\n\n\n\n<p><b>Poprawa efektywno\u015bci marketingu:<\/b><span style=\"font-weight: 400;\">&nbsp;<\/span><\/p>\n\n\n\n<p><span style=\"font-weight: 400;\">Dzi\u0119ki szczeg\u00f3\u0142owej analizie zachowa\u0144 lokalnych konsument\u00f3w firmy mog\u0105 tworzy\u0107 ukierunkowane kampanie marketingowe, kt\u00f3re znajd\u0105 odd\u017awi\u0119k w\u015br\u00f3d odbiorc\u00f3w w Nevadzie, zwi\u0119kszaj\u0105c zaanga\u017cowanie i wska\u017aniki konwersji.<\/span><\/p>\n\n\n\n<p><b>Przyspieszony wzrost i innowacja:<\/b><span style=\"font-weight: 400;\">&nbsp;<\/span><\/p>\n\n\n\n<p><span style=\"font-weight: 400;\">Badania rynku przeprowadzane przez SIS International identyfikuj\u0105 pojawiaj\u0105ce si\u0119 trendy i mo\u017cliwo\u015bci, umo\u017cliwiaj\u0105c przedsi\u0119biorstwom wprowadzanie innowacji i rozszerzanie swojej obecno\u015bci na rynku, co przek\u0142ada si\u0119 na zr\u00f3wnowa\u017cony rozw\u00f3j.<\/span><\/p>\n\n\n\n<p><b>Zwi\u0119kszony zwrot z inwestycji (ROI):<\/b><span style=\"font-weight: 400;\">&nbsp;<\/span><\/p>\n\n\n\n<p><span style=\"font-weight: 400;\">Effective <a href=\"https:\/\/www.sisinternational.com\/pl\/rozwiazania\/badania-rynku-i-doradztwo-strategiczne-w-zakresie-sztucznej-inteligencji\/augmented-reality-ai-market-research\/\" title=\"Augmented Reality AI Market Research\" data-wpil-monitor-id=\"7310\">market<\/a> research maximizes return on investment by ensuring that business decisions are data-driven and aligned with market realities, thereby optimizing performance and profitability.<\/span><\/p>\n\n\n\n<h2 class=\"wp-block-heading\"><span style=\"font-weight: 400;\">G\u0142\u00f3wne atrakcje turystyczne w Nevadzie<\/span><\/h2>\n\n\n\n<p><span style=\"font-weight: 400;\">Nevada is renowned for its diverse and vibrant attractions, attracting millions of visitors each year. These attractions highlight the state\u2019s cultural and natural beauty and significantly contribute to its economy, providing valuable data for market research.<\/span><\/p>\n\n\n\n<p><b>\u2022 Las Vegas Strip:<\/b><span style=\"font-weight: 400;\"> Las Vegas Strip to jedno z najbardziej popularnych miejsc turystycznych na \u015bwiecie, znane z luksusowych kasyn, hoteli i lokali rozrywkowych.&nbsp;<\/span><\/p>\n\n\n\n<p><b>\u2022 Zapora Hoovera:<\/b><span style=\"font-weight: 400;\"> Ten cud techniki przyci\u0105ga turyst\u00f3w zainteresowanych histori\u0105 i technologi\u0105. Badania rynku badaj\u0105 zaanga\u017cowanie odwiedzaj\u0105cych, zainteresowania edukacyjne i korzy\u015bci ekonomiczne turystyki.<\/span><\/p>\n\n\n\n<p><b>\u2022 Kanion Czerwonej Ska\u0142y:<\/b><span style=\"font-weight: 400;\"> Red Rock Canyon to popularne miejsce w\u015br\u00f3d mi\u0142o\u015bnik\u00f3w pieszych w\u0119dr\u00f3wek i przyrody, oferuj\u0105ce wgl\u0105d w ekoturystyk\u0119, dane demograficzne dotycz\u0105ce turyst\u00f3w i wp\u0142yw turystyki na ochron\u0119 \u015brodowiska.<\/span><\/p>\n\n\n\n<p><b>\u2022 Renowacja:<\/b><span style=\"font-weight: 400;\"> Reno oferuje mieszank\u0119 gier, aktywno\u015bci na \u015bwie\u017cym powietrzu i atrakcji kulturalnych. Badania koncentruj\u0105 si\u0119 na zrozumieniu preferencji odwiedzaj\u0105cych, lokalnych wk\u0142ad\u00f3w gospodarczych i trend\u00f3w wzrostu turystyki.<\/span><\/p>\n\n\n\n<p><b>\u2022 Park Narodowy Wielkiej Kotliny:<\/b><span style=\"font-weight: 400;\"> Ten mniej znany klejnot oferuje wyj\u0105tkowe atrakcje, takie jak jaskinie Lehmana i prastare sosny d\u0142ugowieczne.&nbsp;<\/span><\/p>\n\n\n\n<h2 class=\"wp-block-heading\"><span style=\"font-weight: 400;\">Rolnictwo<\/span><\/h2>\n\n\n\n<p><span style=\"font-weight: 400;\">Wielu mieszka\u0144c\u00f3w Nevady hoduje zwierz\u0119ta gospodarskie jako form\u0119 utrzymania. G\u0142\u00f3wnymi produktami s\u0105 owce i byd\u0142o ranczerskie, kt\u00f3re hoduj\u0105, aby sprzedawa\u0107 je rolnikom i innym klientom. Wi\u0119kszo\u015b\u0107 ich klient\u00f3w pochodzi z Idaho, Kalifornii i stan\u00f3w \u015arodkowego Zachodu. Sprzedaj\u0105 mi\u0119so kilku zwierz\u0105t, takich jak \u015bwinie, jagni\u0119ta i owce. Nie pozostawiaj\u0105 \u017cadnej cz\u0119\u015bci zwierz\u0119cia do zmarnowania, sprzedaj\u0105c we\u0142n\u0119 do fabryk tekstyli\u00f3w. Rynek rolny tego stanu koncentruje si\u0119 tak bardzo wok\u00f3\u0142 zwierz\u0105t gospodarskich, \u017ce g\u0142\u00f3wn\u0105 upraw\u0105 w Nevadzie jest siano. Rolnicy wykorzystuj\u0105 je do karmienia swoich zwierz\u0105t gospodarskich. Jednak siano nie jest jedyn\u0105 uprawian\u0105 upraw\u0105. Niekt\u00f3rzy rolnicy uprawiaj\u0105 r\u00f3wnie\u017c j\u0119czmie\u0144, nasiona lucerny, mi\u0119t\u0119, czosnek, ziemniaki, cebul\u0119 i pszenic\u0119.<\/span><\/p>\n\n\n\n<h2 class=\"wp-block-heading\"><span style=\"font-weight: 400;\">Produkcja<\/span><\/h2>\n\n\n\n<p><span style=\"font-weight: 400;\">This state manufactures raw products into finished goods, as do many others. Nevada focuses on producing printed, food, building, and machinery products. For example, Nevadans own publishing and printing companies. They also process food, pack meat, and produce coffee. Nevadans process concrete. They create machines like home appliances, computer equipment, and neon signs. In this state, one would also find citizens involved in plastic production. Other products of Nevada include chemicals and construction tools.<\/span><\/p>\n\n\n\n<h2 class=\"wp-block-heading\"><span style=\"font-weight: 400;\">G\u00f3rnictwo<\/span><\/h2>\n\n\n\n<p><span style=\"font-weight: 400;\">The state of Nevada alone produces almost 75 percent of the gold produced in America. Nevada is also home to a few other precious metals, including silver, which it leads in production. Nevadan miners also find copper, limestone, lithium, barite, and diatomite. The state also produces a few other minerals, like oil and salt.\u00a0<\/span><\/p>\n\n\n\n<h2 class=\"wp-block-heading\"><span style=\"font-weight: 400;\">Mo\u017cliwo\u015bci us\u0142ug<\/span><\/h2>\n\n\n\n<p><span style=\"font-weight: 400;\">Przychody i gospodarka Nevady zale\u017c\u0105 od sektora us\u0142ug, kt\u00f3ry oferuje szeroki zakres operacji. Nale\u017c\u0105 do nich reklama, szpitale, szko\u0142y prywatne oraz handel hurtowy i detaliczny. Nevada ma r\u00f3wnie\u017c dynamiczny sektor ubezpiecze\u0144, finans\u00f3w i nieruchomo\u015bci, kt\u00f3re by\u0142y jednym z powod\u00f3w, dla kt\u00f3rych Nevada by\u0142a najszybciej rozwijaj\u0105cym si\u0119 stanem USA w latach 90.&nbsp;<\/span><\/p>\n\n\n\n<h2 class=\"wp-block-heading\">Obszary miejskie<\/h2>\n\n\n\n<p><span style=\"font-weight: 400;\">Nevada is home to the Las Vegas and Reno metropolitan areas in Clark County. These two cities are among the state\u2019s largest and most revenue-generating<\/span>, with Las Vegas being one of the country\u2019s biggest tourist attractions. People worldwide travel to Las Vegas to visit the city and throw millions into the economy. Tourism, gaming, and conventions boost<span style=\"font-weight: 400;\"> the economy. These activities rake in over $1.6 billion in revenue. These three sectors also fuel hotels, restaurants, and transportation services.\u00a0<\/span><\/p>\n\n\n\n<h2 class=\"wp-block-heading\"><span style=\"font-weight: 400;\">Czynniki nap\u0119dzaj\u0105ce rynek w Nevadzie<\/span><\/h2>\n\n\n\n<figure class=\"gb-block-image gb-block-image-be0a9368\"><img loading=\"lazy\" decoding=\"async\" width=\"1456\" height=\"816\" class=\"gb-image gb-image-be0a9368\" src=\"https:\/\/www.sisinternational.com\/wp-content\/uploads\/2025\/09\/Nevada-3.jpg\" alt=\"SIS Mi\u0119dzynarodowe badania rynku i strategia\" title=\"Nevada (3)\" srcset=\"https:\/\/www.sisinternational.com\/wp-content\/uploads\/2025\/09\/Nevada-3.jpg 1456w, https:\/\/www.sisinternational.com\/wp-content\/uploads\/2025\/09\/Nevada-3-300x168.jpg 300w, https:\/\/www.sisinternational.com\/wp-content\/uploads\/2025\/09\/Nevada-3-1024x574.jpg 1024w, https:\/\/www.sisinternational.com\/wp-content\/uploads\/2025\/09\/Nevada-3-768x430.jpg 768w, https:\/\/www.sisinternational.com\/wp-content\/uploads\/2025\/09\/Nevada-3-18x10.jpg 18w\" sizes=\"auto, (max-width: 1456px) 100vw, 1456px\"><\/figure>\n\n\n\n<p><\/p>\n\n\n\n<ul class=\"wp-block-list\">\n<li><b>Post\u0119p technologiczny:<\/b><span style=\"font-weight: 400;\"> Rapid technological development, including big data analytics, artificial intelligence, and machine learning, drives demand for sophisticated market research methods. These technologies enable more precise data collection and analysis, providing deeper insights into consumer behavior and market trends.<\/span><\/li>\n\n\n\n<li><b>Rozw\u00f3j turystyki i hotelarstwa:<\/b><span style=\"font-weight: 400;\"> Rozwijaj\u0105ce si\u0119 sektory turystyki i go\u015bcinno\u015bci w Nevadzie s\u0105 g\u0142\u00f3wnymi czynnikami nap\u0119dzaj\u0105cymi badania rynku. Zrozumienie preferencji odwiedzaj\u0105cych, wzorc\u00f3w wydatk\u00f3w i sezonowych trend\u00f3w jest kluczowe dla firm w tej bran\u017cy, aby zoptymalizowa\u0107 swoj\u0105 ofert\u0119 i ulepszy\u0107 do\u015bwiadczenia odwiedzaj\u0105cych.<\/span><\/li>\n\n\n\n<li><b>Dywersyfikacja gospodarcza:<\/b><span style=\"font-weight: 400;\"> Nevada aktywnie dywersyfikuje swoj\u0105 gospodark\u0119, wykraczaj\u0105c poza hazard i turystyk\u0119, inwestuj\u0105c znaczne \u015brodki w technologi\u0119, energi\u0119 odnawialn\u0105 i produkcj\u0119.&nbsp;<\/span><\/li>\n<\/ul>\n\n\n\n<h2 class=\"wp-block-heading\"><span style=\"font-weight: 400;\">W jaki spos\u00f3b badania rynku SIS International w Nevadzie pomagaj\u0105 firmom&nbsp;<\/span><\/h2>\n\n\n\n<p><span style=\"font-weight: 400;\">Badania rynku SIS International w Nevadzie maj\u0105 na celu dostarczanie firmom praktycznych spostrze\u017ce\u0144, kt\u00f3re nap\u0119dzaj\u0105 sukces. Oto oczekiwane wyniki naszych kompleksowych bada\u0144 rynku.<\/span><\/p>\n\n\n\n<p><b>Zmniejsza ryzyko:<\/b><span style=\"font-weight: 400;\">&nbsp;<\/span><\/p>\n\n\n\n<p><span style=\"font-weight: 400;\">Badania rynku SIS International identyfikuj\u0105 potencjalne ryzyka i wyzwania, umo\u017cliwiaj\u0105c przedsi\u0119biorstwom opracowanie strategii \u0142agodzenia. To proaktywne podej\u015bcie zapewnia stabilno\u015b\u0107 i odporno\u015b\u0107 w dynamicznym \u015brodowisku rynkowym.<\/span><\/p>\n\n\n\n<p><b>Zwi\u0119ksza przychody:<\/b><span style=\"font-weight: 400;\">&nbsp;<\/span><\/p>\n\n\n\n<p><span style=\"font-weight: 400;\">Nasz <a href=\"https:\/\/www.sisinternational.com\/pl\/zasieg\/badania-rynku-azja\/market-research-tonga\/\" title=\"Badania rynku w Tonga\" data-wpil-monitor-id=\"3968\">research helps businesses understand Nevada&#8217;s market<\/a> demands and consumer preferences, enabling them to tailor their products and services to meet customer needs and increase sales and revenue.<\/span><\/p>\n\n\n\n<p><b>Oszcz\u0119dza pieni\u0105dze:<\/b><span style=\"font-weight: 400;\">&nbsp;<\/span><\/p>\n\n\n\n<p><span style=\"font-weight: 400;\">Skuteczne badania rynku mog\u0105 zapobiec kosztownym b\u0142\u0119dom, dostarczaj\u0105c dok\u0142adnych danych i spostrze\u017ce\u0144, kt\u00f3re kieruj\u0105 decyzjami biznesowymi. Unikaj\u0105c b\u0142\u0119dnych inwestycji i strategii, firmy mog\u0105 oszcz\u0119dza\u0107 pieni\u0105dze i wydajniej alokowa\u0107 zasoby.<\/span><\/p>\n\n\n\n<p><b>Oszcz\u0119dza czas:<\/b><span style=\"font-weight: 400;\">&nbsp;<\/span><\/p>\n\n\n\n<p><span style=\"font-weight: 400;\">We accelerate decision-making by providing timely, relevant insights. This efficiency allows businesses to respond quickly to market changes and seize opportunities faster than their competitors.<\/span><\/p>\n\n\n\n<p><b>Przyspiesza wzrost i innowacje:<\/b><span style=\"font-weight: 400;\">&nbsp;<\/span><\/p>\n\n\n\n<p><span style=\"font-weight: 400;\">Badania rynku przeprowadzane przez SIS International identyfikuj\u0105 pojawiaj\u0105ce si\u0119 trendy i mo\u017cliwo\u015bci, umo\u017cliwiaj\u0105c przedsi\u0119biorstwom wprowadzanie innowacji i rozszerzanie swojej obecno\u015bci na rynku, co przek\u0142ada si\u0119 na zr\u00f3wnowa\u017cony rozw\u00f3j.<\/span><\/p>\n\n\n\n<p><b>Zwi\u0119ksza zwrot z inwestycji (ROI):<\/b><span style=\"font-weight: 400;\">&nbsp;<\/span><\/p>\n\n\n\n<p><span style=\"font-weight: 400;\">Skuteczne badania rynku maksymalizuj\u0105 zwrot z inwestycji, gwarantuj\u0105c, \u017ce decyzje biznesowe s\u0105 podejmowane w oparciu o dane i dostosowane do reali\u00f3w rynkowych, co przek\u0142ada si\u0119 na optymalizacj\u0119 wynik\u00f3w i rentowno\u015bci.<\/span><\/p>\n\n\n\n<h2 class=\"wp-block-heading\">&nbsp;<\/h2>\n\n\n\n<p><span style=\"font-weight: 400;\">&nbsp;<\/span><\/p>","protected":false},"excerpt":{"rendered":"<p>Odkryj nowe mo\u017cliwo\u015bci biznesowe dzi\u0119ki badaniom rynku w Nevadzie.<\/p>","protected":false},"author":1,"featured_media":66444,"parent":19303,"menu_order":40,"comment_status":"closed","ping_status":"closed","template":"","meta":{"footnotes":""},"class_list":["post-33177","page","type-page","status-publish","has-post-thumbnail"],"_links":{"self":[{"href":"https:\/\/www.sisinternational.com\/pl\/wp-json\/wp\/v2\/pages\/33177","targetHints":{"allow":["GET"]}}],"collection":[{"href":"https:\/\/www.sisinternational.com\/pl\/wp-json\/wp\/v2\/pages"}],"about":[{"href":"https:\/\/www.sisinternational.com\/pl\/wp-json\/wp\/v2\/types\/page"}],"author":[{"embeddable":true,"href":"https:\/\/www.sisinternational.com\/pl\/wp-json\/wp\/v2\/users\/1"}],"replies":[{"embeddable":true,"href":"https:\/\/www.sisinternational.com\/pl\/wp-json\/wp\/v2\/comments?post=33177"}],"version-history":[{"count":8,"href":"https:\/\/www.sisinternational.com\/pl\/wp-json\/wp\/v2\/pages\/33177\/revisions"}],"predecessor-version":[{"id":80957,"href":"https:\/\/www.sisinternational.com\/pl\/wp-json\/wp\/v2\/pages\/33177\/revisions\/80957"}],"up":[{"embeddable":true,"href":"https:\/\/www.sisinternational.com\/pl\/wp-json\/wp\/v2\/pages\/19303"}],"wp:featuredmedia":[{"embeddable":true,"href":"https:\/\/www.sisinternational.com\/pl\/wp-json\/wp\/v2\/media\/66444"}],"wp:attachment":[{"href":"https:\/\/www.sisinternational.com\/pl\/wp-json\/wp\/v2\/media?parent=33177"}],"curies":[{"name":"wp","href":"https:\/\/api.w.org\/{rel}","templated":true}]}}