{"id":33113,"date":"2019-09-14T20:45:33","date_gmt":"2019-09-14T20:45:33","guid":{"rendered":"https:\/\/www.sisinternational.com\/?page_id=33113"},"modified":"2025-09-13T19:03:59","modified_gmt":"2025-09-13T23:03:59","slug":"badania-rynku-w-delaware","status":"publish","type":"page","link":"https:\/\/www.sisinternational.com\/pl\/zasieg\/north-america\/zasieg-usa\/badania-rynku-w-delaware\/","title":{"rendered":"Badania rynku w Delaware"},"content":{"rendered":"<h1 class=\"wp-block-heading\"><span class=\"s1\">Badania rynku w Delaware<\/span><\/h1>\n\n\n\n<figure class=\"gb-block-image gb-block-image-90aa7e7d\"><img loading=\"lazy\" decoding=\"async\" width=\"1456\" height=\"816\" class=\"gb-image gb-image-90aa7e7d\" src=\"https:\/\/www.sisinternational.com\/wp-content\/uploads\/2025\/09\/Delaware-2.jpg\" alt=\"SIS Mi\u0119dzynarodowe badania rynku i strategia\" title=\"Delaware (2)\" srcset=\"https:\/\/www.sisinternational.com\/wp-content\/uploads\/2025\/09\/Delaware-2.jpg 1456w, https:\/\/www.sisinternational.com\/wp-content\/uploads\/2025\/09\/Delaware-2-300x168.jpg 300w, https:\/\/www.sisinternational.com\/wp-content\/uploads\/2025\/09\/Delaware-2-1024x574.jpg 1024w, https:\/\/www.sisinternational.com\/wp-content\/uploads\/2025\/09\/Delaware-2-768x430.jpg 768w, https:\/\/www.sisinternational.com\/wp-content\/uploads\/2025\/09\/Delaware-2-18x10.jpg 18w\" sizes=\"auto, (max-width: 1456px) 100vw, 1456px\"><\/figure>\n\n\n\n<p><\/p>\n\n\n\n<h2 class=\"wp-block-heading p3\"><span class=\"s1\">Delaware jest jednym z 50 stan\u00f3w USA, kt\u00f3rego populacja wynosi oko\u0142o 1 miliona ludzi. <\/span><\/h2>\n\n\n\n<p class=\"p3\"><span class=\"s1\">It is the second smallest state by area. Delaware has three counties: Sussex, Castle, and Kent, and over 50 cities, including Wilmington, Hartly, and the capital, Dover.\u00a0 Its location is beneficially located in the North East Corridor with proximity to major cities of NYC, Philadelphia, Baltimore and Washington DC. The unemployment rate in Delaware is relatively low, and its GDP is over $75 billion.<\/span><\/p>\n\n\n\n<h2 class=\"wp-block-heading p5\"><span class=\"s1\">Witalno\u015b\u0107 gospodarcza<\/span><\/h2>\n\n\n\n<p class=\"p3\"><span class=\"s1\">Dlaczego Delaware jest wyj\u0105tkowe?&nbsp;<\/span><span class=\"s1\">Delaware ma najbardziej znacz\u0105cy przemys\u0142 chemiczny w Stanach Zjednoczonych. Siedziba DuPont znajduje si\u0119 w Delaware. DuPont jest wiod\u0105cym producentem chemicznym na \u015bwiecie.<\/span><\/p>\n\n\n\n<p class=\"p3\"><span class=\"s1\">Stan eksportuje szerok\u0105 gam\u0119 produkt\u00f3w chemicznych na ca\u0142y \u015bwiat, w tym teflon, nylon, dywany Stainmaster i materia\u0142y drukowane. Przemys\u0142 chemiczny wzmacnia gospodark\u0119 Delaware.<\/span><\/p>\n\n\n\n<h2 class=\"wp-block-heading\">Przemys\u0142 rolniczy<\/h2>\n\n\n\n<p class=\"p3\"><span class=\"s1\">Przemys\u0142 rolniczy r\u00f3wnie\u017c stanowi znaczn\u0105 cz\u0119\u015b\u0107 gospodarki Delaware. Stan ten jest wiod\u0105cym producentem kurczak\u00f3w brojlerowych.&nbsp;<\/span><span class=\"s1\">Poza tym gospodarka opiera si\u0119 na produktach mlecznych, ziemniakach, soi i kukurydzy. Ze wzgl\u0119du na blisko\u015b\u0107 Oceanu Atlantyckiego, przemys\u0142 rybny r\u00f3wnie\u017c osi\u0105ga szczyt. <\/span><\/p>\n\n\n\n<h2 class=\"wp-block-heading p3\"><span class=\"s1\">Rozwijaj\u0105ce si\u0119 bran\u017ce<\/span><\/h2>\n\n\n\n<p class=\"p3\"><span class=\"s1\">Do gospodarki przyczyniaj\u0105 si\u0119 r\u00f3wnie\u017c sektor opieki zdrowotnej, finansowy, lotniczy i turystyczny.<\/span><\/p>\n\n\n\n<h2 class=\"wp-block-heading p5\"><span class=\"s1\">Rozpocz\u0119cie dzia\u0142alno\u015bci gospodarczej w Delaware<\/span><\/h2>\n\n\n\n<p class=\"p3\"><span class=\"s1\">Delaware has one of the most favorable systems of new business formation.&nbsp; Many corporations decide to incorporate their businesses in Delaware due to its business-friendly laws and incentives.&nbsp; Delaware also provides support for startups. New businesses can get full technical assistance for the structuring of a corporation. Hence, the state offers greater privacy and provides tax advantages. These benefits include investor opportunities for your corporation.<\/span><\/p>\n\n\n\n<h2 class=\"wp-block-heading p5\"><span class=\"s1\">O badaniach rynku w Delaware<\/span><\/h2>\n\n\n\n<p class=\"p5\"><span class=\"s1\">Badania rynku s\u0105 konieczno\u015bci\u0105 dla ka\u017cdej firmy.&nbsp;&nbsp;<\/span><span class=\"s1\">Dlaczego? <\/span><\/p>\n\n\n\n<p class=\"p3\"><span class=\"s1\">People should understand the needs of the customer base. These needs are social, cultural, and economic, and they influence your business. Your team will have to engage with communities. You&#8217;ll also need in-depth interviews about the possible opportunities for business.<\/span><\/p>\n\n\n\n<p class=\"p3\"><span class=\"s1\">You also <a href=\"https:\/\/www.sisinternational.com\/pl\/analysis-b2b\/\" title=\"What Business Leaders Need to Know Right Now\"  data-wpil-monitor-id=\"8083\">need to know<\/a> about your competitors. At SIS International, when we do <strong>Badania strategiczne<\/strong>, it includes complete customer and competitor analysis. We identify the potential strengths and weaknesses of your competitors. This knowledge will help you to build up a successful business.<\/span><\/p>\n\n\n\n<p class=\"p3\"><span class=\"s1\">Getting help from native Delaware is <a href=\"https:\/\/www.sisinternational.com\/pl\/ekspertyza\/branze\/kitchen-essentials-market-research\/\" title=\"Badania rynku artyku\u0142\u00f3w kuchennych\"  data-wpil-monitor-id=\"8079\">essential when doing proper Qualitative Research<\/a>. Want to know how the people of Delaware are likely to respond to your <a href=\"https:\/\/www.sisinternational.com\/pl\/rozwiazania\/testowanie-smaku\/uslugi-testowania-produktow-w-nowym-jorku\/\" title=\"Us\u0142ugi testowania produkt\u00f3w w Nowym Jorku\"  data-wpil-monitor-id=\"8082\">product or service<\/a>? <strong>Badania jako\u015bciowe<\/strong> provides a rich, detailed picture. It shows you why people act the way they do. It also tells you their feelings about these actions.\u00a0 Key methods includes Customer Interviews, Focus Groups, and Ethnography.\u00a0 Qualitative <a href=\"https:\/\/www.sisinternational.com\/pl\/rozwiazania\/rozwiazania-w-zakresie-badan-jakosciowych-i-ilosciowych\/telephone-interviews-market-research\/\" title=\"G\u0142\u0119bokie wywiady telefoniczne Badania rynku\"  data-wpil-monitor-id=\"8087\">Badania<\/a> records attitudes and feelings and provides depth and detail to your data. It creates openness by encouraging people to open up in their responses. This type of research can explore new topics not considered by your <a href=\"https:\/\/www.sisinternational.com\/pl\/ekspertyza\/cv-z-doswiadczeniem\/badania-marki\/\" title=\"Firma badawcza marki\"  data-wpil-monitor-id=\"8085\">company<\/a>.<\/span><\/p>\n\n\n\n<p class=\"p3\"><span class=\"s1\"><strong>Badania ilo\u015bciowe<\/strong> allows you to do a broader study involving more subjects. With this type of Research, it&#8217;s easier to show overall results. Quantitative <a href=\"https:\/\/www.sisinternational.com\/pl\/sampling-techniques-in-qualitative-research-the-complete-guide-to-choosing-the-right-method\/\" title=\"Sampling Techniques in Qualitative Research: The Complete Guide to Choosing the Right Method\"  data-wpil-monitor-id=\"8080\">Research provides for greater impartiality and completeness<\/a> of results. It uses standards, which means that we can replicate your study, analyze it, and compare it to similar ones. <a href=\"https:\/\/www.sisinternational.com\/pl\/ekspertyza\/cv-z-doswiadczeniem\/badania-rynku-produktow-do-pielegnacji-osobistej\/\" title=\"Badania rynku produkt\u00f3w do piel\u0119gnacji osobistej\"  data-wpil-monitor-id=\"8078\">Researchers can avoid personal<\/a> bias by keeping their distance from participating subjects. They can also use persons unknown to them.<\/span><\/p>\n\n\n\n<p class=\"p3\"><span class=\"s1\">Comprehensive <a href=\"https:\/\/www.sisinternational.com\/pl\/publikacje\/scalable-business-market-research-7-ways-to-build-a-scalable-business\/\" title=\"Skalowalne badania rynku biznesowego: 7 sposob\u00f3w na zbudowanie skalowalnego biznesu\"  data-wpil-monitor-id=\"8076\">Market Research helps to grow your business<\/a>. It optimizes your performance, reduces risk, and helps you to beat out the competitors.<\/span><\/p>\n\n\n\n<h2 class=\"wp-block-heading\">&nbsp;<\/h2>","protected":false},"excerpt":{"rendered":"<p>Odkryj nowe mo\u017cliwo\u015bci biznesowe dzi\u0119ki badaniom rynku w Delaware.<\/p>","protected":false},"author":1,"featured_media":66527,"parent":19303,"menu_order":39,"comment_status":"closed","ping_status":"closed","template":"","meta":{"footnotes":""},"class_list":["post-33113","page","type-page","status-publish","has-post-thumbnail"],"_links":{"self":[{"href":"https:\/\/www.sisinternational.com\/pl\/wp-json\/wp\/v2\/pages\/33113","targetHints":{"allow":["GET"]}}],"collection":[{"href":"https:\/\/www.sisinternational.com\/pl\/wp-json\/wp\/v2\/pages"}],"about":[{"href":"https:\/\/www.sisinternational.com\/pl\/wp-json\/wp\/v2\/types\/page"}],"author":[{"embeddable":true,"href":"https:\/\/www.sisinternational.com\/pl\/wp-json\/wp\/v2\/users\/1"}],"replies":[{"embeddable":true,"href":"https:\/\/www.sisinternational.com\/pl\/wp-json\/wp\/v2\/comments?post=33113"}],"version-history":[{"count":4,"href":"https:\/\/www.sisinternational.com\/pl\/wp-json\/wp\/v2\/pages\/33113\/revisions"}],"predecessor-version":[{"id":81362,"href":"https:\/\/www.sisinternational.com\/pl\/wp-json\/wp\/v2\/pages\/33113\/revisions\/81362"}],"up":[{"embeddable":true,"href":"https:\/\/www.sisinternational.com\/pl\/wp-json\/wp\/v2\/pages\/19303"}],"wp:featuredmedia":[{"embeddable":true,"href":"https:\/\/www.sisinternational.com\/pl\/wp-json\/wp\/v2\/media\/66527"}],"wp:attachment":[{"href":"https:\/\/www.sisinternational.com\/pl\/wp-json\/wp\/v2\/media?parent=33113"}],"curies":[{"name":"wp","href":"https:\/\/api.w.org\/{rel}","templated":true}]}}