{"id":32733,"date":"2019-08-24T20:13:48","date_gmt":"2019-08-24T20:13:48","guid":{"rendered":"https:\/\/www.sisinternational.com\/?page_id=32733"},"modified":"2025-11-15T20:56:04","modified_gmt":"2025-11-16T01:56:04","slug":"badania-rynku-w-karolinie-poludniowej","status":"publish","type":"page","link":"https:\/\/www.sisinternational.com\/pl\/zasieg\/north-america\/zasieg-usa\/badania-rynku-w-karolinie-poludniowej\/","title":{"rendered":"Badania rynku w Karolinie Po\u0142udniowej"},"content":{"rendered":"<h1 class=\"wp-block-heading\">Badania rynku w Karolinie Po\u0142udniowej<\/h1>\n\n\n\n<figure class=\"gb-block-image gb-block-image-abfefef9\"><img loading=\"lazy\" decoding=\"async\" width=\"1456\" height=\"816\" class=\"gb-image gb-image-abfefef9\" src=\"https:\/\/www.sisinternational.com\/wp-content\/uploads\/2025\/09\/Charleston-South-Carolina-3.jpg\" alt=\"SIS Mi\u0119dzynarodowe badania rynku i strategia\" title=\"Charleston South Carolina (3)\" srcset=\"https:\/\/www.sisinternational.com\/wp-content\/uploads\/2025\/09\/Charleston-South-Carolina-3.jpg 1456w, https:\/\/www.sisinternational.com\/wp-content\/uploads\/2025\/09\/Charleston-South-Carolina-3-300x168.jpg 300w, https:\/\/www.sisinternational.com\/wp-content\/uploads\/2025\/09\/Charleston-South-Carolina-3-1024x574.jpg 1024w, https:\/\/www.sisinternational.com\/wp-content\/uploads\/2025\/09\/Charleston-South-Carolina-3-768x430.jpg 768w, https:\/\/www.sisinternational.com\/wp-content\/uploads\/2025\/09\/Charleston-South-Carolina-3-18x10.jpg 18w\" sizes=\"auto, (max-width: 1456px) 100vw, 1456px\"><\/figure>\n\n\n\n<p><\/p>\n\n\n\n<h2 class=\"wp-block-heading\">Karolina Po\u0142udniowa znajduje si\u0119 w po\u0142udniowo-wschodniej cz\u0119\u015bci Stan\u00f3w Zjednoczonych.<\/h2>\n\n\n\n<p>Karolina P\u00f3\u0142nocna le\u017cy na jej p\u00f3\u0142nocnej granicy, a Ocean Atlantycki na po\u0142udniowym wschodzie. Stan dzieli po\u0142udniowo-zachodni\u0105 granic\u0119 z Georgi\u0105. Jego najwi\u0119kszym miastem jest Charlestown, a stolic\u0105 jest Kolumbia. Nazwana na cze\u015b\u0107 Karola I, kr\u00f3la Anglii, Karolina P\u00f3\u0142nocna zajmuje powierzchni\u0119 32 030 mil kwadratowych i jest 23. najbardziej zaludnionym stanem w USA.<\/p>\n\n\n\n<p>Karolina Po\u0142udniowa ma bardzo zr\u00f3\u017cnicowany sektor przemys\u0142owy. Zawiera dok\u0142adnie odpowiedni\u0105 ilo\u015b\u0107 przemys\u0142u dla zainteresowanego inwestora. Oto g\u0142\u00f3wne czynniki nap\u0119dzaj\u0105ce gospodark\u0119 w Karolinie Po\u0142udniowej<\/p>\n\n\n\n<h2 class=\"wp-block-heading\">Przemys\u0142 lotniczy<\/h2>\n\n\n\n<p>South Carolina is home to mega aerospace providers such as Boeing. The state has proven to be a mecca to top aerospace suppliers due to its skilled labor force. It also has a high-end infrastructure and advanced manufacturing skills.<\/p>\n\n\n\n<h2 class=\"wp-block-heading\">Nauki o \u017cyciu i biotechnologia<\/h2>\n\n\n\n<p>Large pharmaceutical and biotechnological companies have made their home in SC. This state has shown commitment to life sciences and has cultivated several expansions and investments. It has top-notch hospital systems and <a href=\"https:\/\/www.sisinternational.com\/pl\/rozwiazania\/badania-rynku-konsumenckiego\/\" title=\"Consumer Market Research Services for Smarter Business Decisions\"  data-wpil-monitor-id=\"8063\">services and research<\/a>, and development advancements. South Carolina is the number one destination for cutting-edge institutions.<\/p>\n\n\n\n<h2 class=\"wp-block-heading\">Transport<\/h2>\n\n\n\n<p>Due to South Carolina\u2019s location, access to commercial services is a breeze. The state has five major airports. It also has timely access to airports in both Atlanta and Charlotte. North Carolina is a convenient and accessible hub. Its location is a great help to both local and international trade. Also, being the seventh-largest port in the US makes SC a desirable destination. It\u2019s perfect for import and export businesses.<\/p>\n\n\n\n<h2 class=\"wp-block-heading\">Produkcja samochod\u00f3w<\/h2>\n\n\n\n<p>Popyt na czystsze, nowsze, szybsze i bardziej innowacyjne pojazdy ro\u015bnie. Karolina Po\u0142udniowa nadal zach\u0119ca i wzmacnia swoje zak\u0142ady motoryzacyjne i powi\u0105zane z nimi dostawy. Znana ze swojej zaawansowanej technologii, Karolina Po\u0142udniowa nadal przyci\u0105ga przemys\u0142y. Przemys\u0142y te obejmuj\u0105 produkcj\u0119 nie tylko pojazd\u00f3w, ale tak\u017ce powi\u0105zanych cz\u0119\u015bci itp.<\/p>\n\n\n\n<h2 class=\"wp-block-heading\">Recykling<\/h2>\n\n\n\n<p>We live in an age where climate change is no longer a distant thought but a reality. South Carolina has made strides in the ability to convert wastage. It turns garbage into new and usable materials. It boasts more than 500 companies working to create a cleaner environment. South Carolina leads in our quest to save the Earth.<\/p>\n\n\n\n<p>South Carolina also has a goal of encouraging economic activity. The state wants to continue to keep its unemployment ratio in the low single figures. SC provides statutory incentives such as:<\/p>\n\n\n\n<ul class=\"wp-block-list\">\n<li>Brak podatk\u00f3w od zapas\u00f3w<\/li>\n\n\n\n<li>Nieopodatkowany doch\u00f3d lokalny<\/li>\n\n\n\n<li>Brak podatk\u00f3w od nieruchomo\u015bci stanowych<\/li>\n\n\n\n<li>Brak podatku od sprzeda\u017cy stosowanego do ca\u0142ych produkt\u00f3w<\/li>\n\n\n\n<li>Brak podatku od sprzeda\u017cy energii do cel\u00f3w przemys\u0142owych, materia\u0142\u00f3w przemys\u0142owych i produkcyjnych. Nie ma r\u00f3wnie\u017c podatku od sprzeda\u017cy ich gotowych produkt\u00f3w.<\/li>\n<\/ul>\n\n\n\n<p>Ten stan oferuje r\u00f3wnie\u017c korzystn\u0105 struktur\u0119 podatku dochodowego. Ta struktura sprawia, \u017ce prowadzenie dzia\u0142alno\u015bci gospodarczej w SC jest po\u017c\u0105dane.<\/p>\n\n\n\n<h2 class=\"wp-block-heading\">Si\u0142a robocza<\/h2>\n\n\n\n<p>South Carolina has a population of about 5 million and a labor force of 2 million. This state has a diversified type of labor, but has invested in its human resources, and provides several avenues for continued learning and advancement. The commitment by both government and industries continues to produce a skilled workforce. This workforce can remain committed and adapt as technology continues to advance.<\/p>\n\n\n\n<h2 class=\"wp-block-heading\">O badaniach rynku w Karolinie Po\u0142udniowej<\/h2>\n\n\n\n<p>Quantitative, Qualitative, and <a href=\"https:\/\/www.sisinternational.com\/pl\/rozwiazania\/doradztwo-strategiczne-fintech-badania\/business-interruption-insurance-market-research-strategy-consulting\/\" title=\"Badania rynku ubezpiecze\u0144 na wypadek przerwy w dzia\u0142alno\u015bci i doradztwo strategiczne\"  data-wpil-monitor-id=\"8062\">Strategy Research can provide businesses<\/a> with insights into their competitors. It also informs them about their <a href=\"https:\/\/www.sisinternational.com\/pl\/ekspertyza\/branze\/food-beverage-voice-of-the-customer-market-research\/\" title=\"Badania rynku \u017cywno\u015bci i napoj\u00f3w G\u0142os klienta\"  data-wpil-monitor-id=\"8064\">market and customers<\/a>. It can <a href=\"https:\/\/www.sisinternational.com\/pl\/rozwiazania\/rozwiazania-w-zakresie-brandingu-i-badan-klientow\/badania-rynku-opowiadania-historii\/\" title=\"Badania rynku opowiadania historii\"  data-wpil-monitor-id=\"8065\">tell them the best marketing<\/a> strategies to use. It informs the <a href=\"https:\/\/www.sisinternational.com\/pl\/pelna-strategia-marketingowa-dla-amerykanskiej-firmy-zajmujacej-sie-finansami-osobistymi-online\/\" title=\"Pe\u0142na strategia marketingowa dla ameryka\u0144skiej firmy zajmuj\u0105cej si\u0119 finansami osobistymi online\"  data-wpil-monitor-id=\"8061\">online marketing strategy<\/a>. It helps firms plan everything from email newsletters to the design of their website. It also helps with social networking and search engine optimization. <a href=\"https:\/\/www.sisinternational.com\/pl\/top-5-benefits-of-conducting-quantitative-market-research\/\" title=\"Top 5 Benefits of Conducting Quantitative Market Research\"  data-wpil-monitor-id=\"8060\">Ilo\u015bciowe badania rynku<\/a> includes questionnaires and surveys. Qualitative <a href=\"https:\/\/www.sisinternational.com\/pl\/weteran-badan-rynku-w-usa\/\" title=\"Badania rynku weteran\u00f3w w USA\"  data-wpil-monitor-id=\"8059\">Market Research strategies<\/a> include individual interviews, online and offline focus groups, and observations or \u201cshop-alongs.\u201d<\/p>\n\n\n\n<p>If you have a business and you&#8217;re looking to set up shop in South Carolina, tap into Market Research. Leverage it to <a href=\"https:\/\/www.sisinternational.com\/pl\/rozwiazania\/doradztwo-strategiczne\/strategy-development-execution-consulting\/\" title=\"Doradztwo w zakresie opracowywania i realizacji strategii\"  data-wpil-monitor-id=\"8066\">develop effective strategies<\/a> that help your business grow and prosper.<\/p>\n\n\n\n<p><\/p>","protected":false},"excerpt":{"rendered":"<p>Odkryj nowe mo\u017cliwo\u015bci biznesowe dzi\u0119ki badaniom rynku w Karolinie Po\u0142udniowej.<\/p>","protected":false},"author":1,"featured_media":66676,"parent":19303,"menu_order":37,"comment_status":"closed","ping_status":"closed","template":"","meta":{"footnotes":""},"class_list":["post-32733","page","type-page","status-publish","has-post-thumbnail"],"_links":{"self":[{"href":"https:\/\/www.sisinternational.com\/pl\/wp-json\/wp\/v2\/pages\/32733","targetHints":{"allow":["GET"]}}],"collection":[{"href":"https:\/\/www.sisinternational.com\/pl\/wp-json\/wp\/v2\/pages"}],"about":[{"href":"https:\/\/www.sisinternational.com\/pl\/wp-json\/wp\/v2\/types\/page"}],"author":[{"embeddable":true,"href":"https:\/\/www.sisinternational.com\/pl\/wp-json\/wp\/v2\/users\/1"}],"replies":[{"embeddable":true,"href":"https:\/\/www.sisinternational.com\/pl\/wp-json\/wp\/v2\/comments?post=32733"}],"version-history":[{"count":4,"href":"https:\/\/www.sisinternational.com\/pl\/wp-json\/wp\/v2\/pages\/32733\/revisions"}],"predecessor-version":[{"id":81358,"href":"https:\/\/www.sisinternational.com\/pl\/wp-json\/wp\/v2\/pages\/32733\/revisions\/81358"}],"up":[{"embeddable":true,"href":"https:\/\/www.sisinternational.com\/pl\/wp-json\/wp\/v2\/pages\/19303"}],"wp:featuredmedia":[{"embeddable":true,"href":"https:\/\/www.sisinternational.com\/pl\/wp-json\/wp\/v2\/media\/66676"}],"wp:attachment":[{"href":"https:\/\/www.sisinternational.com\/pl\/wp-json\/wp\/v2\/media?parent=32733"}],"curies":[{"name":"wp","href":"https:\/\/api.w.org\/{rel}","templated":true}]}}