{"id":32723,"date":"2019-08-24T19:33:59","date_gmt":"2019-08-24T19:33:59","guid":{"rendered":"https:\/\/www.sisinternational.com\/?page_id=32723"},"modified":"2026-01-26T15:13:29","modified_gmt":"2026-01-26T20:13:29","slug":"badania-rynku-w-iowa","status":"publish","type":"page","link":"https:\/\/www.sisinternational.com\/pl\/zasieg\/north-america\/zasieg-usa\/badania-rynku-w-iowa\/","title":{"rendered":"Badania rynku w Iowa"},"content":{"rendered":"<h1 class=\"wp-block-heading\">Badania rynku w Iowa<\/h1>\n\n\n\n<figure class=\"gb-block-image gb-block-image-90d95785\"><img loading=\"lazy\" decoding=\"async\" width=\"1456\" height=\"816\" class=\"gb-image gb-image-90d95785\" src=\"https:\/\/www.sisinternational.com\/wp-content\/uploads\/2025\/09\/Iowa-3.jpg\" alt=\"SIS Mi\u0119dzynarodowe badania rynku i strategia\" title=\"Iowa (3)\" srcset=\"https:\/\/www.sisinternational.com\/wp-content\/uploads\/2025\/09\/Iowa-3.jpg 1456w, https:\/\/www.sisinternational.com\/wp-content\/uploads\/2025\/09\/Iowa-3-300x168.jpg 300w, https:\/\/www.sisinternational.com\/wp-content\/uploads\/2025\/09\/Iowa-3-1024x574.jpg 1024w, https:\/\/www.sisinternational.com\/wp-content\/uploads\/2025\/09\/Iowa-3-768x430.jpg 768w, https:\/\/www.sisinternational.com\/wp-content\/uploads\/2025\/09\/Iowa-3-18x10.jpg 18w\" sizes=\"auto, (max-width: 1456px) 100vw, 1456px\"><\/figure>\n\n\n\n<p><\/p>\n\n\n\n<h2 class=\"wp-block-heading\"><span style=\"font-weight: 400;\">Iowa, znana jako \u201eStan Sokolego Oka\u201d, le\u017cy w \u015brodkowo-zachodniej cz\u0119\u015bci USA.<\/span><\/h2>\n\n\n\n<p><span style=\"font-weight: 400;\">Iowa boasts of being one of the safest places to live.\u00a0It is the 30th-largest state with a population of 3,123,899 (30th Largest State, 2015) and a land area of 55,869 sq. mi. (144,701 sq. km). The state capital is Des Moines. Large cities include Cedar Rapids, Davenport, and Sioux City. The Mississippi River forms its east border, and the Missouri and Big Sioux Rivers its west. Minnesota is to the north, Illinois to the East, Missouri to the South, and Nebraska to the West.<\/span><\/p>\n\n\n\n<h2 class=\"wp-block-heading\"><span style=\"font-weight: 400;\">Rolnictwo<\/span><\/h2>\n\n\n\n<p><span style=\"font-weight: 400;\">G\u0142\u00f3wnym \u017ar\u00f3d\u0142em dochodu w stanie Iowa jest rolnictwo i produkcja \u017cywno\u015bci. Ten stan produkuje ponad 7 procent ameryka\u0144skiej poda\u017cy \u017cywno\u015bci. Jego rolnicy dostarczaj\u0105 wieprzowin\u0119, soj\u0119, jaja i kukurydz\u0119. S\u0105 r\u00f3wnie\u017c znani z przemys\u0142u indyczego i mleczarskiego. W stanie Iowa pr\u0119\u017cnie rozwija si\u0119 r\u00f3wnie\u017c sektor produkt\u00f3w pochodzenia biologicznego. Eksperci przypisuj\u0105 wzrost produkcji zwierz\u0119cej wysokiej jako\u015bci paszom.<\/span><\/p>\n\n\n\n<h2 class=\"wp-block-heading\"><span style=\"font-weight: 400;\">Energia odnawialna<\/span><\/h2>\n\n\n\n<p><span style=\"font-weight: 400;\">Zmiana klimatu jest tematem budz\u0105cym powa\u017cne obawy nie tylko w USA, ale i na \u015bwiecie. Iowa jest liderem w dziedzinie energii odnawialnej, koncentruj\u0105c swoje wysi\u0142ki na produkcji energii wiatrowej. Jest r\u00f3wnie\u017c liderem w produkcji biodiesla i etanolu. American Council on Renewable Energy uzna\u0142a Iow\u0119 za lidera w tej bran\u017cy.<\/span><\/p>\n\n\n\n<h2 class=\"wp-block-heading\"><span style=\"font-weight: 400;\">Bran\u017ca telekomunikacyjna<\/span><\/h2>\n\n\n\n<p><span style=\"font-weight: 400;\">Ten stan jest domem dla stale rozwijaj\u0105cego si\u0119 sektora telekomunikacyjnego. Posiada og\u00f3lnostanow\u0105 sie\u0107 \u015bwiat\u0142owodow\u0105, kt\u00f3ra zapewnia \u0142\u0105czno\u015b\u0107 nawet najbardziej odleg\u0142ym obszarom wiejskim. Centra danych Microsoft i Google maj\u0105 swoje siedziby w tym stanie.<\/span><\/p>\n\n\n\n<h2 class=\"wp-block-heading\"><span style=\"font-weight: 400;\">Strategiczne po\u0142o\u017cenie<\/span><\/h2>\n\n\n\n<p><span style=\"font-weight: 400;\">Ze wzgl\u0119du na swoje po\u0142o\u017cenie Iowa oferuje wyj\u0105tkow\u0105 przewag\u0119 dla przedsi\u0119biorstw. Jest to doskona\u0142e miejsce dla firm, kt\u00f3re wsp\u00f3\u0142pracuj\u0105 z krajowymi i mi\u0119dzynarodowymi dostawcami. Instytucje transportowe, dystrybucyjne i magazynowe odpowiadaj\u0105 za ogromn\u0105 cz\u0119\u015b\u0107 PKB stanu.<\/span><\/p>\n\n\n\n<h2 class=\"wp-block-heading\"><span style=\"font-weight: 400;\">\u0141atwo\u015b\u0107 prowadzenia dzia\u0142alno\u015bci gospodarczej<\/span><\/h2>\n\n\n\n<p><span style=\"font-weight: 400;\">W 2018 r. US News uzna\u0142o Iow\u0119 za \u201enajlepszy stan do \u017cycia\u201d. Zas\u0142u\u017cy\u0142 na t\u0119 pozycj\u0119 dzi\u0119ki opiece zdrowotnej, infrastrukturze, edukacji i mo\u017cliwo\u015bciom. Iowa zapewnia nast\u0119puj\u0105ce korzy\u015bci biznesowe:<\/span><\/p>\n\n\n\n<h2 class=\"wp-block-heading\"><span style=\"font-weight: 400;\">Zach\u0119ty podatkowe<\/span><\/h2>\n\n\n\n<figure class=\"gb-block-image gb-block-image-0efeabb5\"><img loading=\"lazy\" decoding=\"async\" width=\"1456\" height=\"816\" class=\"gb-image gb-image-0efeabb5\" src=\"https:\/\/www.sisinternational.com\/wp-content\/uploads\/2025\/09\/Iowa-1.jpg\" alt=\"SIS Mi\u0119dzynarodowe badania rynku i strategia\" title=\"Iowa (1)\" srcset=\"https:\/\/www.sisinternational.com\/wp-content\/uploads\/2025\/09\/Iowa-1.jpg 1456w, https:\/\/www.sisinternational.com\/wp-content\/uploads\/2025\/09\/Iowa-1-300x168.jpg 300w, https:\/\/www.sisinternational.com\/wp-content\/uploads\/2025\/09\/Iowa-1-1024x574.jpg 1024w, https:\/\/www.sisinternational.com\/wp-content\/uploads\/2025\/09\/Iowa-1-768x430.jpg 768w, https:\/\/www.sisinternational.com\/wp-content\/uploads\/2025\/09\/Iowa-1-18x10.jpg 18w\" sizes=\"auto, (max-width: 1456px) 100vw, 1456px\"><\/figure>\n\n\n\n<p><\/p>\n\n\n\n<p><span style=\"font-weight: 400;\">Podobnie jak inne stany USA, IOWA oferuje nast\u0119puj\u0105ce korzy\u015bci:<\/span><span style=\"font-weight: 400;\">&nbsp;<\/span><\/p>\n\n\n\n<ul class=\"wp-block-list\">\n<li><span style=\"font-weight: 400;\">Pi\u0119\u0107dziesi\u0119cioprocentowe odliczenie podatku dochodowego od os\u00f3b prawnych.<\/span><\/li>\n\n\n\n<li><span style=\"font-weight: 400;\">Podatek niejednolity, jednoczynnikowy. Iowa pobiera podatki wy\u0142\u0105cznie od cz\u0119\u015bci ca\u0142kowitego dochodu ze sprzeda\u017cy w stanie.<\/span><\/li>\n<\/ul>\n\n\n\n<p>Poni\u017cej znajduje si\u0119 lista zach\u0119t podatkowych w stanie Iowa, kt\u00f3ra nie jest wyczerpuj\u0105ca:<\/p>\n\n\n\n<ul class=\"wp-block-list\">\n<li><span style=\"font-weight: 400;\">podatek od maj\u0105tku osobistego. W\u0142a\u015bciciele firm nie musz\u0105 p\u0142aci\u0107 podatk\u00f3w od surowc\u00f3w, zapas\u00f3w towar\u00f3w w toku ani towar\u00f3w handlowych.&nbsp;<\/span><\/li>\n\n\n\n<li><span style=\"font-weight: 400;\">on equipment, industrial machinery, or computers, or purchases of same. The beneficiaries of this break are insurance companies and financial institutions. It also applies to some commercial enterprises. These entities must use the equipment for manufacturing or processing data.<\/span><\/li>\n\n\n\n<li><span style=\"font-weight: 400;\">na materia\u0142y u\u017cywane w procesie produkcyjnym. Istnieje r\u00f3wnie\u017c ulga podatkowa na zakup energii elektrycznej lub gazu ziemnego, propanu lub wody. Firma musi u\u017cywa\u0107 tych surowc\u00f3w do produkcji.&nbsp;<\/span><\/li>\n<\/ul>\n\n\n\n<h2 class=\"wp-block-heading\"><span style=\"font-weight: 400;\">Pa\u0144stwo z prawem do pracy<\/span><\/h2>\n\n\n\n<p><span style=\"font-weight: 400;\">Prawo stanu Iowa stanowi, \u017ce nikt nie mo\u017ce zmusi\u0107 pracownika do zarejestrowania si\u0119 w zwi\u0105zku zawodowym. Pracownicy nie musz\u0105 p\u0142aci\u0107 sk\u0142adek ani op\u0142at \u017cadnemu zwi\u0105zkowi zawodowemu, organizacji ani stowarzyszeniu.<\/span><\/p>\n\n\n\n<p>Iowa provides Regulatory Assistance through a special program. Businesses and regulators can communicate with ease. This communication facilitates the fulfillment of the necessary processes in an expedited manner. It makes it easy to <a href=\"https:\/\/www.sisinternational.com\/pl\/setting-up-a-business-in-turkey\/\" title=\"Zak\u0142adanie firmy w Turcji\"  data-wpil-monitor-id=\"9310\">set up a business<\/a> in the Hawkeye State.<\/p>\n\n\n\n<p><span style=\"font-weight: 400;\">The people of Iowa are productive, skilled, well-educated, and known for their work ethic. Education is a valued commodity in Iowa, a state that continues to invest in its people.<\/span><\/p>\n\n\n\n<h2 class=\"wp-block-heading\">Znaczenie polityczne<\/h2>\n\n\n\n<p>Iowa is the location of the &#8220;Iowa Caucus&#8221; during the autumn and early winter of every fourth year as a result of the American elections.&nbsp; Political candidates come to Iowa to campaign.&nbsp; While other states have primaries, Iowa is one of the first to hold its caucus before other states hold theirs.&nbsp; As a result, the state receives a disproportionate amount of national and global attention.&nbsp; Iowa is important because it shows the opinions of an important cross-section of American voters located in the middle of the country.&nbsp; Politicians use the findings and results as a barometer to assess broader national opinion on political issues and candidates.&nbsp; Naturally, the fundraising efforts and tourism by candidates from all over the country boost the local economy.<\/p>\n\n\n\n<h2 class=\"wp-block-heading\">O badaniach rynkowych w stanie Iowa<\/h2>\n\n\n\n<p>We conduct Qualitative, Quantitative and Strategy Market Research in Iowa.&nbsp; Key <a href=\"https:\/\/www.sisinternational.com\/pl\/sampling-techniques-in-qualitative-research-the-complete-guide-to-choosing-the-right-method\/\" title=\"Sampling Techniques in Qualitative Research: The Complete Guide to Choosing the Right Method\"  data-wpil-monitor-id=\"9306\">Qualitative Research methods<\/a> include Focus Groups, Online Communities, Customer In-Depth Interviews, and Telephone Interviews.&nbsp; Our <a href=\"https:\/\/www.sisinternational.com\/pl\/quantitative-market-research-methods-and-techniques\/\" title=\"Quantitative Market Research Methods and Techniques\"  data-wpil-monitor-id=\"9307\">Quantitative Research methods<\/a> include CATI Telephone Surveys, Online Surveys and Mobile Quantitative surveys.&nbsp; Our Strategy <a href=\"https:\/\/www.sisinternational.com\/pl\/zasieg\/badania-rynku-azja\/market-research-micronesia\/\" title=\"Badania rynku w Mikronezji\" data-wpil-monitor-id=\"3972\">Research Group provides Market<\/a> Opportunity &amp; Entry research, Channel Intelligence, Innovation Research and Competitive Analysis.<\/p>\n\n\n\n<h2 class=\"wp-block-heading\">&nbsp;<\/h2>","protected":false},"excerpt":{"rendered":"<p>Odkryj nowe mo\u017cliwo\u015bci biznesowe dzi\u0119ki badaniom rynku w stanie Iowa.<\/p>","protected":false},"author":1,"featured_media":66569,"parent":19303,"menu_order":34,"comment_status":"closed","ping_status":"closed","template":"","meta":{"footnotes":""},"class_list":["post-32723","page","type-page","status-publish","has-post-thumbnail"],"_links":{"self":[{"href":"https:\/\/www.sisinternational.com\/pl\/wp-json\/wp\/v2\/pages\/32723","targetHints":{"allow":["GET"]}}],"collection":[{"href":"https:\/\/www.sisinternational.com\/pl\/wp-json\/wp\/v2\/pages"}],"about":[{"href":"https:\/\/www.sisinternational.com\/pl\/wp-json\/wp\/v2\/types\/page"}],"author":[{"embeddable":true,"href":"https:\/\/www.sisinternational.com\/pl\/wp-json\/wp\/v2\/users\/1"}],"replies":[{"embeddable":true,"href":"https:\/\/www.sisinternational.com\/pl\/wp-json\/wp\/v2\/comments?post=32723"}],"version-history":[{"count":6,"href":"https:\/\/www.sisinternational.com\/pl\/wp-json\/wp\/v2\/pages\/32723\/revisions"}],"predecessor-version":[{"id":81558,"href":"https:\/\/www.sisinternational.com\/pl\/wp-json\/wp\/v2\/pages\/32723\/revisions\/81558"}],"up":[{"embeddable":true,"href":"https:\/\/www.sisinternational.com\/pl\/wp-json\/wp\/v2\/pages\/19303"}],"wp:featuredmedia":[{"embeddable":true,"href":"https:\/\/www.sisinternational.com\/pl\/wp-json\/wp\/v2\/media\/66569"}],"wp:attachment":[{"href":"https:\/\/www.sisinternational.com\/pl\/wp-json\/wp\/v2\/media?parent=32723"}],"curies":[{"name":"wp","href":"https:\/\/api.w.org\/{rel}","templated":true}]}}