{"id":32488,"date":"2019-08-10T19:15:43","date_gmt":"2019-08-10T19:15:43","guid":{"rendered":"https:\/\/www.sisinternational.com\/?page_id=32488"},"modified":"2025-09-13T20:28:03","modified_gmt":"2025-09-14T00:28:03","slug":"badania-rynku-w-kansas","status":"publish","type":"page","link":"https:\/\/www.sisinternational.com\/pl\/zasieg\/north-america\/zasieg-usa\/badania-rynku-w-kansas\/","title":{"rendered":"Badania rynku w Kansas"},"content":{"rendered":"<h1 class=\"wp-block-heading\"><span style=\"font-weight: 400;\">Badania rynku w Kansas<\/span><span style=\"font-weight: 400;\">&nbsp;<\/span><\/h1>\n\n\n\n<figure class=\"gb-block-image gb-block-image-ad412887\"><img loading=\"lazy\" decoding=\"async\" width=\"1456\" height=\"816\" class=\"gb-image gb-image-ad412887\" src=\"https:\/\/www.sisinternational.com\/wp-content\/uploads\/2025\/09\/Kansas-1.jpg\" alt=\"SIS Mi\u0119dzynarodowe badania rynku i strategia\" title=\"Kansas (1)\" srcset=\"https:\/\/www.sisinternational.com\/wp-content\/uploads\/2025\/09\/Kansas-1.jpg 1456w, https:\/\/www.sisinternational.com\/wp-content\/uploads\/2025\/09\/Kansas-1-300x168.jpg 300w, https:\/\/www.sisinternational.com\/wp-content\/uploads\/2025\/09\/Kansas-1-1024x574.jpg 1024w, https:\/\/www.sisinternational.com\/wp-content\/uploads\/2025\/09\/Kansas-1-768x430.jpg 768w, https:\/\/www.sisinternational.com\/wp-content\/uploads\/2025\/09\/Kansas-1-18x10.jpg 18w\" sizes=\"auto, (max-width: 1456px) 100vw, 1456px\"><\/figure>\n\n\n\n<p><\/p>\n\n\n\n<h2 class=\"wp-block-heading\"><span style=\"font-weight: 400;\">Stan Kansas, po\u0142o\u017cony w \u015brodkowo-zachodniej cz\u0119\u015bci USA, jest siedzib\u0105 kilku znanych miast. <\/span><\/h2>\n\n\n\n<p><span style=\"font-weight: 400;\">Najliczniej zaludnione s\u0105 Wichita, Overland Park, Kansas City, Topeka i Olathe. Inne du\u017ce obszary metropolitalne to Lawrence, Shawnee, Manhattan, Lenexa i Salina. Rolnictwo, hodowla byd\u0142a, energetyka, lotnictwo i minera\u0142y przemys\u0142owe inne ni\u017c paliwa to g\u0142\u00f3wne ga\u0142\u0119zie przemys\u0142u, a Kansas jest najwi\u0119kszym producentem pszenicy w kraju.<\/span><span style=\"font-weight: 400;\">&nbsp;<\/span><\/p>\n\n\n\n<p><span style=\"font-weight: 400;\">There has been a regular increase in the number of startup companies in Kansas over the years. This state provides business owners with a robust expansion foundation. It&#8217;s easy to grow an enterprise here. <a href=\"https:\/\/www.sisinternational.com\/pl\/rozwiazania\/badania-rynku-konsumenckiego\/\" title=\"Consumer Market Research Services for Smarter Business Decisions\"  data-wpil-monitor-id=\"8074\">Business cost and taxes don&#8217;t consume<\/a> the profits of the company. Today, Kansas has a broad <a href=\"https:\/\/www.sisinternational.com\/pl\/ekspertyza\/branze\/badania-rynku-przemyslowego\/\" title=\"Badania i Strategia Rynku Przemys\u0142owego\"  data-wpil-monitor-id=\"8069\">industry base since it offers excellent marketing<\/a> advantages.<\/span><\/p>\n\n\n\n<p><span style=\"font-weight: 400;\">For Kansas, we recommend both quantitative and <a href=\"https:\/\/www.sisinternational.com\/pl\/tools-and-resources-for-qualitative-market-research\/\" title=\"Tools and Resources for Qualitative Market Research\"  data-wpil-monitor-id=\"8068\">qualitative market research<\/a>. Both types would be beneficial for people looking to establish a business here. Some of the primary advantages that companies in Kansas can leverage include:<\/span><\/p>\n\n\n\n<h2 class=\"wp-block-heading\">Transport<\/h2>\n\n\n\n<p><span style=\"font-weight: 400;\">Kansas offers excellent transportation advantages for business owners, and its rail, air, and highway networks are well-established. The state has a central location with quality infrastructure. It provides access to interstate rail, truck services, and air corridors. The strategic location of Kansas places it at the crossroads of the US. As a result, it is cheaper to ship to and from its cities.<\/span><\/p>\n\n\n\n<p><span style=\"font-weight: 400;\">W Kansas znajduj\u0105 si\u0119 r\u00f3\u017cne zak\u0142ady produkcyjne, magazyny i obszary dystrybucji, kt\u00f3re osi\u0105gn\u0119\u0142y wysoki zysk w transporcie zar\u00f3wno gotowych, jak i surowych materia\u0142\u00f3w. Jest to wygodny pierwszy przystanek do wszystkich znacz\u0105cych lokalizacji marketingowych. Stan ten zajmuje drugie miejsce w USA pod wzgl\u0119dem \u015bwiadczenia us\u0142ug kolejowych.<\/span><\/p>\n\n\n\n<h2 class=\"wp-block-heading\">Zach\u0119ty biznesowe<\/h2>\n\n\n\n<p><span style=\"font-weight: 400;\">Chcesz zarejestrowa\u0107 now\u0105 organizacj\u0119 w Kansas? Istnieje kilka zach\u0119t i program\u00f3w, kt\u00f3re Twoja firma mo\u017ce uzyska\u0107. Niekt\u00f3re z najcz\u0119stszych schemat\u00f3w obejmuj\u0105:<\/span><\/p>\n\n\n\n<ul class=\"wp-block-list\">\n<li><b>Zach\u0119ty do rozwoju gospodarczego:<\/b><span style=\"font-weight: 400;\"> Grants are available for eligible business owners. These concessions aim to give financing to private enterprises. They, in turn, will be able to keep and create more jobs within the state. Grants can vary in price depending on the size of the business.<\/span><\/li>\n\n\n\n<li><b>Strefy wolnego handlu:<\/b><span style=\"font-weight: 400;\"> Celem tego programu jest zapewnienie nieograniczonego punktu wjazdu bezc\u0142owego. Firmy kwalifikuj\u0105 si\u0119 do tej korzy\u015bci po rejestracji.<\/span><\/li>\n\n\n\n<li><b>Inicjatywa dla ma\u0142ych przedsi\u0119biorstw:<\/b><span style=\"font-weight: 400;\"> Skarb Pa\u0144stwa USA oferuje dotacje nowym firmom. Inicjatywa kredytowa dla ma\u0142ych firm stanowych r\u00f3wnie\u017c oferuje zach\u0119ty. Firmy kwalifikuj\u0105 si\u0119 do tej korzy\u015bci po rejestracji. Kwota finansowania mo\u017ce si\u0119 r\u00f3\u017cni\u0107 w zale\u017cno\u015bci od rodzaju programu.<\/span><\/li>\n<\/ul>\n\n\n\n<h2 class=\"wp-block-heading\">Wykszta\u0142cona i wykwalifikowana si\u0142a robocza<\/h2>\n\n\n\n<p><span style=\"font-weight: 400;\">One <a href=\"https:\/\/www.sisinternational.com\/pl\/top-5-benefits-of-qualitative-market-research-for-businesses\/\" title=\"Top 5 Benefits of Qualitative Market Research for Businesses\"  data-wpil-monitor-id=\"8073\">benefit of doing business<\/a> in Kansas is the presence of an educated workforce. Most of the citizens live in metropolitan areas. Still, companies located in any region will find a quality workforce. The education system of Kansas is one of the best in the US, and it has produced well-skilled and trainable individuals. It is a substantial contributing <a href=\"https:\/\/www.sisinternational.com\/pl\/kluczowe-czynniki-sukcesu-w-badaniach-rynku-motoryzacyjnego\/\" title=\"Kluczowe czynniki sukcesu w badaniach rynku motoryzacyjnego\"  data-wpil-monitor-id=\"8070\">factor to the success<\/a> of various businesses. This state is a right-to-work one. As a result, the labor cost is below the average of the nation. Additionally, there are various workforce training programs. These programs are for businesses new to Kansas with the goal of expansion.<\/span><\/p>\n\n\n\n<h2 class=\"wp-block-heading\">Dost\u0119pno\u015b\u0107 energii<\/h2>\n\n\n\n<p><span style=\"font-weight: 400;\">Kansas has a significant advantage over other states when it comes to supplying enough <a href=\"https:\/\/www.sisinternational.com\/pl\/ekspertyza\/cv-z-doswiadczeniem\/cv-z-doswiadczeniem-w-przemysle-chemicznym-i-energetycznym\/\" title=\"Firma badawcza rynku chemicznego i energetycznego\"  data-wpil-monitor-id=\"8071\">energy to meet the needs of companies<\/a>. Kansas has one of the largest natural gas fields in the world, and it is among the leading producers of natural gas in the nation. Additionally, the statewide power costs in Kansas are competitive with the natural average. State authorities try their best to lower the <a href=\"https:\/\/www.sisinternational.com\/pl\/bycie-ekologicznym-poprawia-wyniki-w-czasie-recesji\/\" title=\"Jak obni\u017cy\u0107 koszty w swojej firmie\"  data-wpil-monitor-id=\"8075\">cost of residing and doing business<\/a> in Kansas. Lawmakers are always finding <a href=\"https:\/\/www.sisinternational.com\/pl\/publikacje\/scalable-business-market-research-7-ways-to-build-a-scalable-business\/\" title=\"Skalowalne badania rynku biznesowego: 7 sposob\u00f3w na zbudowanie skalowalnego biznesu\"  data-wpil-monitor-id=\"8072\">ways to improve their business<\/a> climate.<\/span><\/p>\n\n\n\n<h2 class=\"wp-block-heading\">&nbsp;<\/h2>","protected":false},"excerpt":{"rendered":"<p>Odkryj nowe mo\u017cliwo\u015bci w zakresie bada\u0144 rynku w Kansas.<\/p>","protected":false},"author":1,"featured_media":66580,"parent":19303,"menu_order":30,"comment_status":"closed","ping_status":"closed","template":"","meta":{"footnotes":""},"class_list":["post-32488","page","type-page","status-publish","has-post-thumbnail"],"_links":{"self":[{"href":"https:\/\/www.sisinternational.com\/pl\/wp-json\/wp\/v2\/pages\/32488","targetHints":{"allow":["GET"]}}],"collection":[{"href":"https:\/\/www.sisinternational.com\/pl\/wp-json\/wp\/v2\/pages"}],"about":[{"href":"https:\/\/www.sisinternational.com\/pl\/wp-json\/wp\/v2\/types\/page"}],"author":[{"embeddable":true,"href":"https:\/\/www.sisinternational.com\/pl\/wp-json\/wp\/v2\/users\/1"}],"replies":[{"embeddable":true,"href":"https:\/\/www.sisinternational.com\/pl\/wp-json\/wp\/v2\/comments?post=32488"}],"version-history":[{"count":5,"href":"https:\/\/www.sisinternational.com\/pl\/wp-json\/wp\/v2\/pages\/32488\/revisions"}],"predecessor-version":[{"id":81360,"href":"https:\/\/www.sisinternational.com\/pl\/wp-json\/wp\/v2\/pages\/32488\/revisions\/81360"}],"up":[{"embeddable":true,"href":"https:\/\/www.sisinternational.com\/pl\/wp-json\/wp\/v2\/pages\/19303"}],"wp:featuredmedia":[{"embeddable":true,"href":"https:\/\/www.sisinternational.com\/pl\/wp-json\/wp\/v2\/media\/66580"}],"wp:attachment":[{"href":"https:\/\/www.sisinternational.com\/pl\/wp-json\/wp\/v2\/media?parent=32488"}],"curies":[{"name":"wp","href":"https:\/\/api.w.org\/{rel}","templated":true}]}}