{"id":32477,"date":"2019-08-10T18:51:58","date_gmt":"2019-08-10T18:51:58","guid":{"rendered":"https:\/\/www.sisinternational.com\/?page_id=32477"},"modified":"2025-09-13T19:37:47","modified_gmt":"2025-09-13T23:37:47","slug":"badania-rynku-w-stanie-utah","status":"publish","type":"page","link":"https:\/\/www.sisinternational.com\/pl\/zasieg\/north-america\/zasieg-usa\/badania-rynku-w-stanie-utah\/","title":{"rendered":"Badania rynku w stanie Utah"},"content":{"rendered":"<h1 class=\"wp-block-heading\">Badania rynku w stanie Utah<\/h1>\n\n\n\n<figure class=\"gb-block-image gb-block-image-adbb8ca9\"><img loading=\"lazy\" decoding=\"async\" width=\"1456\" height=\"816\" class=\"gb-image gb-image-adbb8ca9\" src=\"https:\/\/www.sisinternational.com\/wp-content\/uploads\/2025\/09\/Utah-3.jpg\" alt=\"SIS Mi\u0119dzynarodowe badania rynku i strategia\" title=\"Utah (3)\" srcset=\"https:\/\/www.sisinternational.com\/wp-content\/uploads\/2025\/09\/Utah-3.jpg 1456w, https:\/\/www.sisinternational.com\/wp-content\/uploads\/2025\/09\/Utah-3-300x168.jpg 300w, https:\/\/www.sisinternational.com\/wp-content\/uploads\/2025\/09\/Utah-3-1024x574.jpg 1024w, https:\/\/www.sisinternational.com\/wp-content\/uploads\/2025\/09\/Utah-3-768x430.jpg 768w, https:\/\/www.sisinternational.com\/wp-content\/uploads\/2025\/09\/Utah-3-18x10.jpg 18w\" sizes=\"auto, (max-width: 1456px) 100vw, 1456px\"><\/figure>\n\n\n\n<p><\/p>\n\n\n\n<h2 class=\"wp-block-heading\"><span style=\"font-weight: 400;\">Utah is an ideal state for new organizations and is home to many successful companies. <\/span><\/h2>\n\n\n\n<p><span style=\"font-weight: 400;\">Its nickname is the Beehive State due to the industrious nature of the population. The economy of Utah has expanded in 2006 at a yearly rate of 2.3 percent, against the national rate of 0.5 percent.<\/span><\/p>\n\n\n\n<p><span style=\"font-weight: 400;\">Salt Lake jest najwi\u0119kszym miastem z populacj\u0105 200 000, a nast\u0119pnie West Valley City, w kt\u00f3rym mieszka 136 000 os\u00f3b. Nast\u0119pne s\u0105 Provo, West Jordan i Orem, a nast\u0119pnie Sandy, Ogden i St. George. Layton i South Jordan to r\u00f3wnie\u017c znacz\u0105ce miasta.<\/span><\/p>\n\n\n\n<h2 class=\"wp-block-heading\">Mo\u017cliwo\u015bci biznesowe<\/h2>\n\n\n\n<p><span style=\"font-weight: 400;\">Zaawansowane kompozyty stanowi\u0105 g\u0142\u00f3wn\u0105 bran\u017c\u0119, a stan produkuje ko\u0142a rowerowe z w\u0142\u00f3kna w\u0119glowego, komponenty lotnicze i wiele wi\u0119cej. Zatrudnia ponad 10 000 os\u00f3b. Inne wa\u017cne sektory to lotnictwo i kosmonautyka, centra danych, media cyfrowe i dystrybucja.<\/span><\/p>\n\n\n\n<p><span style=\"font-weight: 400;\">Przedsi\u0119biorcy i firmy uwa\u017caj\u0105 ten stan za \u017cyzne \u015brodowisko dla wzrostu: wynik dziesi\u0119cioleci ci\u0119\u017ckiej pracy jego mieszka\u0144c\u00f3w. Utah ma wiele rozwijaj\u0105cych si\u0119 innowacyjnych firm i wykwalifikowan\u0105 si\u0142\u0119 robocz\u0105. Wykazano r\u00f3wnie\u017c wzrost liczby firm, zar\u00f3wno du\u017cych, jak i ma\u0142ych, a wiele kultowych organizacji za\u0142o\u017cy\u0142o bazy w tym stanie. Kilka czynnik\u00f3w przyci\u0105ga te firmy, na przyk\u0142ad wykszta\u0142cona populacja i ulgi podatkowe. Inne atrakcje to niezawodny system transportu publicznego i niedrogie nieruchomo\u015bci.<\/span><\/p>\n\n\n\n<h2 class=\"wp-block-heading\">Zalety zak\u0142adania firmy w stanie Utah<\/h2>\n\n\n\n<h3 class=\"wp-block-heading\">Ulgi podatkowe<\/h3>\n\n\n\n<p><span style=\"font-weight: 400;\">Biuro Rozwoju Gospodarczego Gubernatora administruje programem ulg podatkowych znanym jako Economic Development Zone Increment Financing. Jest on przeznaczony zar\u00f3wno dla nowych, jak i rozwijaj\u0105cych si\u0119 organizacji i zapewnia ulgi podatkowe po zako\u0144czeniu dzia\u0142alno\u015bci do 30 procent dochod\u00f3w stanowych. Ulga ta obowi\u0105zuje przez ca\u0142y okres istnienia ka\u017cdego nowego projektu komercyjnego. Ma wa\u017cno\u015b\u0107 20 lat. Ponadto firma zarejestrowana jako korporacja S w stanie Utah nie musi p\u0142aci\u0107 podatku dochodowego. Zamiast tego doch\u00f3d lub strata firmy s\u0105 przekazywane akcjonariuszom. Korporacje S w stanie Utah ciesz\u0105 si\u0119 niezale\u017cnym \u017cyciem. Niezdolno\u015b\u0107 akcjonariusza do czynno\u015bci prawnych nie wp\u0142ywa na dzia\u0142alno\u015b\u0107 biznesow\u0105.<\/span><\/p>\n\n\n\n<h3 class=\"wp-block-heading\">M\u0142oda si\u0142a robocza<\/h3>\n\n\n\n<p><span style=\"font-weight: 400;\">Utah ma median\u0119 wieku 29 lat. Jedna trzecia populacji jest dwuj\u0119zyczna, co jest wynikiem du\u017cej populacji, z kt\u00f3rej wi\u0119kszo\u015b\u0107 sp\u0119dza czas podr\u00f3\u017cuj\u0105c za granic\u0119. Firmy korzystaj\u0105 z umiej\u0119tno\u015bci j\u0119zykowych. Przyci\u0105gn\u0105\u0142 organizacje mi\u0119dzynarodowe, takie jak Goldman Sachs i eBay.<\/span><\/p>\n\n\n\n<h3 class=\"wp-block-heading\">Zach\u0119ty biznesowe<\/h3>\n\n\n\n<p><span style=\"font-weight: 400;\">Istnieje kilka zach\u0119t biznesowych. Obejmuj\u0105 one programy finansowania i zach\u0119ty innowacyjne dost\u0119pne dla przedsi\u0119biorstw. Niekt\u00f3re z najlepszych program\u00f3w obejmuj\u0105:<\/span><\/p>\n\n\n\n<ul class=\"wp-block-list\">\n<li><b>Recycle <\/b><a href=\"https:\/\/www.sisinternational.com\/pl\/publikacje\/scalable-business-market-research-7-ways-to-build-a-scalable-business\/\" title=\"Skalowalne badania rynku biznesowego: 7 sposob\u00f3w na zbudowanie skalowalnego biznesu\"  data-wpil-monitor-id=\"8047\">market development zone: This is for businesses<\/a> that deal with recycling. It gives them an opportunity for expansion. The program helps enterprises deal with the collection of recycled materials. It also helps with the processing and distribution of these materials.<\/span><\/li>\n\n\n\n<li><b>Program strefy przedsi\u0119biorczo\u015bci (EZ):<\/b><span style=\"font-weight: 400;\"> Pa\u0144stwo stworzy\u0142o ten program, aby zach\u0119ci\u0107 do rozwoju. Ma on na celu pobudzenie wzrostu gospodarczego w okre\u015blonych dotkni\u0119tych kryzysem lokalizacjach. Po zarejestrowaniu nowe firmy kwalifikuj\u0105 si\u0119 do tego programu. Otrzymuj\u0105 ulgi podatkowe, kt\u00f3re mog\u0105 mie\u0107 przez oko\u0142o trzy lata.<\/span><\/li>\n<\/ul>\n\n\n\n<h2 class=\"wp-block-heading\">Turystyka<\/h2>\n\n\n\n<p><span style=\"font-weight: 400;\">Ten stan obejmuje historyczne i t\u0119tni\u0105ce \u017cyciem miasta. Naturalne krajobrazy w Utah obejmuj\u0105 pomniki narodowe, parki stanowe i lasy. Te atrakcje przyci\u0105gaj\u0105 turyst\u00f3w z ca\u0142ego \u015bwiata.<\/span><\/p>\n\n\n\n<p><span style=\"font-weight: 400;\">Hrabstwa Garfield, Grand i Rich wykazuj\u0105 najwy\u017cszy wzrost zatrudnienia w uj\u0119ciu rocznym. Daggett, Kane i Wayne r\u00f3wnie\u017c wykaza\u0142y wysokie wska\u017aniki wzrostu. Hrabstwo Rich ma \u015bredni\u0105 r\u00f3\u017cnic\u0119 w rocznym szczycie pracy wynosz\u0105c\u0105 77 procent od 2001 do 2018 roku. Hrabstwo Kane jest obszarem mniej sezonowym, ale poziom zatrudnienia waha si\u0119 tam \u015brednio o 35 procent. Hrabstwa w stanie Utah maj\u0105 wi\u0119cej cech wsp\u00f3lnych ni\u017c tylko sezonowo\u015b\u0107. \u0141agodne warunki klimatyczne stanu sprawiaj\u0105, \u017ce jest on idealny dla turystyki, a gospodarki kilku hrabstw zale\u017c\u0105 od tego sektora.<\/span><\/p>\n\n\n\n<h2 class=\"wp-block-heading\">Mo\u017cliwo\u015bci technologiczne<\/h2>\n\n\n\n<p><span style=\"font-weight: 400;\">An essential <a href=\"https:\/\/www.sisinternational.com\/pl\/kluczowe-czynniki-sukcesu-w-badaniach-rynku-motoryzacyjnego\/\" title=\"Kluczowe czynniki sukcesu w badaniach rynku motoryzacyjnego\"  data-wpil-monitor-id=\"8048\">factor in the success<\/a> of Utah is its enormous technology sector. This sector resides in a location called Silicon Slopes. It aims to make Utah tech companies share information and resources. In this way, it will attract other businesses to the state.<\/span><\/p>\n\n\n\n<h2 class=\"wp-block-heading\">&nbsp;<\/h2>","protected":false},"excerpt":{"rendered":"<p>Odkryj nowe mo\u017cliwo\u015bci biznesowe dzi\u0119ki badaniom rynku w stanie Utah.<\/p>","protected":false},"author":1,"featured_media":66732,"parent":19303,"menu_order":28,"comment_status":"closed","ping_status":"closed","template":"","meta":{"footnotes":""},"class_list":["post-32477","page","type-page","status-publish","has-post-thumbnail"],"_links":{"self":[{"href":"https:\/\/www.sisinternational.com\/pl\/wp-json\/wp\/v2\/pages\/32477","targetHints":{"allow":["GET"]}}],"collection":[{"href":"https:\/\/www.sisinternational.com\/pl\/wp-json\/wp\/v2\/pages"}],"about":[{"href":"https:\/\/www.sisinternational.com\/pl\/wp-json\/wp\/v2\/types\/page"}],"author":[{"embeddable":true,"href":"https:\/\/www.sisinternational.com\/pl\/wp-json\/wp\/v2\/users\/1"}],"replies":[{"embeddable":true,"href":"https:\/\/www.sisinternational.com\/pl\/wp-json\/wp\/v2\/comments?post=32477"}],"version-history":[{"count":3,"href":"https:\/\/www.sisinternational.com\/pl\/wp-json\/wp\/v2\/pages\/32477\/revisions"}],"predecessor-version":[{"id":81355,"href":"https:\/\/www.sisinternational.com\/pl\/wp-json\/wp\/v2\/pages\/32477\/revisions\/81355"}],"up":[{"embeddable":true,"href":"https:\/\/www.sisinternational.com\/pl\/wp-json\/wp\/v2\/pages\/19303"}],"wp:featuredmedia":[{"embeddable":true,"href":"https:\/\/www.sisinternational.com\/pl\/wp-json\/wp\/v2\/media\/66732"}],"wp:attachment":[{"href":"https:\/\/www.sisinternational.com\/pl\/wp-json\/wp\/v2\/media?parent=32477"}],"curies":[{"name":"wp","href":"https:\/\/api.w.org\/{rel}","templated":true}]}}