{"id":32284,"date":"2019-07-07T00:06:05","date_gmt":"2019-07-07T00:06:05","guid":{"rendered":"https:\/\/www.sisinternational.com\/?page_id=32284"},"modified":"2025-09-13T19:32:06","modified_gmt":"2025-09-13T23:32:06","slug":"badania-rynku-w-indianie","status":"publish","type":"page","link":"https:\/\/www.sisinternational.com\/pl\/zasieg\/north-america\/zasieg-usa\/badania-rynku-w-indianie\/","title":{"rendered":"Badania rynku w Indianie"},"content":{"rendered":"<h1 class=\"wp-block-heading\"><span style=\"font-weight: 400;\">Badania rynku w Indianie<\/span><\/h1>\n\n\n\n<figure class=\"gb-block-image gb-block-image-5a61c787\"><img loading=\"lazy\" decoding=\"async\" width=\"1456\" height=\"816\" class=\"gb-image gb-image-5a61c787\" src=\"https:\/\/www.sisinternational.com\/wp-content\/uploads\/2025\/09\/Indiana-5.jpg\" alt=\"SIS Mi\u0119dzynarodowe badania rynku i strategia\" title=\"Indiana (5)\" srcset=\"https:\/\/www.sisinternational.com\/wp-content\/uploads\/2025\/09\/Indiana-5.jpg 1456w, https:\/\/www.sisinternational.com\/wp-content\/uploads\/2025\/09\/Indiana-5-300x168.jpg 300w, https:\/\/www.sisinternational.com\/wp-content\/uploads\/2025\/09\/Indiana-5-1024x574.jpg 1024w, https:\/\/www.sisinternational.com\/wp-content\/uploads\/2025\/09\/Indiana-5-768x430.jpg 768w, https:\/\/www.sisinternational.com\/wp-content\/uploads\/2025\/09\/Indiana-5-18x10.jpg 18w\" sizes=\"auto, (max-width: 1456px) 100vw, 1456px\"><\/figure>\n\n\n\n<p><\/p>\n\n\n\n<h2 class=\"wp-block-heading\"><span style=\"font-weight: 400;\">Stan Indiana znajduje si\u0119 w regionie \u015arodkowego Zachodu i Wielkich Jezior Stan\u00f3w Zjednoczonych. <\/span><\/h2>\n\n\n\n<p><span style=\"font-weight: 400;\">Le\u017cy mi\u0119dzy Kentucky i Michigan, a Ohio i Illinois dziel\u0105 jego granic\u0119. Indiana, b\u0119d\u0105ca 17. najludniejszym stanem USA, ma prawie 6,7 miliona mieszka\u0144c\u00f3w. Ma powierzchni\u0119 36 418 mil kwadratowych.<\/span><\/p>\n\n\n\n<p><span style=\"font-weight: 400;\">Znaczna cz\u0119\u015b\u0107 dochod\u00f3w Indiany pochodzi z produkcji. Od 1975 r. Indiana od dawna cieszy si\u0119 zaszczytem bycia najwi\u0119kszym stanem produkuj\u0105cym stal w USA. Po\u0142o\u017cony w p\u00f3\u0142nocno-zachodniej Indianie region Calumet zapewnia 17% ca\u0142kowitych rezerw stali w USA. Calumet jest najwi\u0119kszym pojedynczym regionem produkuj\u0105cym stal w USA.<\/span><\/p>\n\n\n\n<p><span style=\"font-weight: 400;\">Produkcja samochod\u00f3w ma r\u00f3wnie\u017c rozleg\u0142\u0105 infrastruktur\u0119 w Indianie. Jest to drugi co do wielko\u015bci stan pod wzgl\u0119dem produkcji samochod\u00f3w. Indiana produkuje r\u00f3wnie\u017c urz\u0105dzenia medyczne, sprz\u0119t transportowy i gum\u0119. Maszyny fabryczne, samochody i produkty chemiczne to niekt\u00f3re z innych produkt\u00f3w Indiany.<\/span><\/p>\n\n\n\n<h2 class=\"wp-block-heading\"><span style=\"font-weight: 400;\">Transport<\/span><\/h2>\n\n\n\n<p><span style=\"font-weight: 400;\">Motto stanu Indiana brzmi \u201eThe Crossroads of America\u201d. Stan ma rozwijaj\u0105cy si\u0119 przemys\u0142 transportowy. Ma przewag\u0119, poniewa\u017c 75% region\u00f3w USA znajduje si\u0119 w odleg\u0142o\u015bci jednodniowej jazdy samochodem. Tak wi\u0119c lokomotywy, transport ci\u0119\u017carowy i magazynowanie s\u0105 wa\u017cnym i wa\u017cnym sektorem Indiany. Stan ma porty na rzece Ohio i na jeziorze Michigan, kt\u00f3re wspomagaj\u0105 ten przemys\u0142.<\/span><\/p>\n\n\n\n<p><span style=\"font-weight: 400;\">Indiana is also a global logistics leader, offering businesses a robust competitive advantage with its access to North <a href=\"https:\/\/www.sisinternational.com\/pl\/zasieg\/ameryka\/zasieg-usa\/badania-rynku-afroamerykanskiego\/\" title=\"Badania rynku afroameryka\u0144skiego\"  data-wpil-monitor-id=\"8049\">American and world markets<\/a>. Its logistics and transportation industry provides more than a hundred thousand jobs. This industry accounts for over 4 percent of jobs in the state. The concentration level is 44 percent more than the nationwide average.<\/span><\/p>\n\n\n\n<h2 class=\"wp-block-heading\"><span style=\"font-weight: 400;\">Technologia informacyjna<\/span><\/h2>\n\n\n\n<p><span style=\"font-weight: 400;\">Indianapolis is the leading sponsor of <a href=\"https:\/\/www.sisinternational.com\/pl\/badania-rynku-online\/\" title=\"Czym s\u0105 badania rynku online?\"  data-wpil-monitor-id=\"8050\">marketing related to IT and online<\/a> advertisement. There is constant growth in the industry. Indiana has first-rate universities. They provide graduates at a fast rate while boosting technology-related business.<\/span><\/p>\n\n\n\n<h2 class=\"wp-block-heading\"><span style=\"font-weight: 400;\">Turystyka<\/span><\/h2>\n\n\n\n<p><span style=\"font-weight: 400;\">The state of Indiana joins educational values with fun experiences and offers many tourist attractions, including the Snite Museum of Art and the Studebaker National Museum. There&#8217;s also the infamous WonderLab Science Museum. For people who love the outdoors, there are hiking trails with enchanting scenery. There&#8217;s also Prophetstown State Park and campsites like Indiana Dunes National Lakeshore, all of which influence the increase of <a href=\"https:\/\/www.sisinternational.com\/pl\/rozwiazania\/podroze-turystyka-hotelarstwo-doradztwo\/hotel-restaurant-marketing-consulting\/\" title=\"Doradztwo Marketingowe Hotelu Restauracji\"  data-wpil-monitor-id=\"8054\">hotels and restaurants<\/a> in such places. Their popularity could attract a large number of people while boosting the business.<\/span><span style=\"font-weight: 400;\">&nbsp;<\/span><\/p>\n\n\n\n<h2 class=\"wp-block-heading\"><span style=\"font-weight: 400;\">Biznes w Indianapolis<\/span><\/h2>\n\n\n\n<p><span style=\"font-weight: 400;\">Indianapolis is the core transportation, industrial, and commercial center of the state. It also serves in that role for the Midwest. An enlarged economic base assists Indianapolis. The city&#8217;s prominent industry was manufacturing up until the 1980s. Retailing and <a href=\"https:\/\/www.sisinternational.com\/pl\/rozwiazania\/doradztwo-strategiczne-fintech-badania\/financial-services-industry-market-research\/\" title=\"Badania rynku bran\u017cy us\u0142ug finansowych\"  data-wpil-monitor-id=\"8052\">services have now replaced this industry<\/a>. Indianapolis is home to the country&#8217;s top sporting events. Each significant sporting event enhances the economy by tens of millions of dollars. It expands the business opportunities while amplifying the tax payments to the city. The major economic factors are the hotel industry, including conventions and tourism.<\/span><\/p>\n\n\n\n<h2 class=\"wp-block-heading\"><span style=\"font-weight: 400;\">Si\u0142a robocza<\/span><\/h2>\n\n\n\n<p><span style=\"font-weight: 400;\">In Indianapolis alone, the labor force is about one million skilled local workers. Labor estimates show that the worker productivity rate in Indianapolis is very high. In fact, it is higher than the national average. Thus, Indianapolis aids in providing a further boost to the state&#8217;s evergreen economy. This achievement is partly due to the diversity within the vast economy of Indiana. Companies find value in the skilled labor force, transportation, and quality of life. The state also offers business incentives. Thus, it provides many opportunities for investors in business and start-ups.<\/span><\/p>\n\n\n\n<p><span style=\"font-weight: 400;\">Indiana has a favorable business climate.\u00a0 The state&#8217;s business infrastructure continues is robust, and the state continues to improve economic policy, development and incentives. Thus, there are tremendous advantages for investing, start-ups, and business in Indiana. Another advantage is the passionate hard-work of the workforce. <a href=\"https:\/\/www.sisinternational.com\/pl\/ekspertyza\/cv-z-doswiadczeniem\/firma-badawcza-rynku-b2b\/\" title=\"Najlepsza firma zajmuj\u0105ca si\u0119 badaniami rynku B2B\"  data-wpil-monitor-id=\"8057\">Companies have access to top<\/a> financial professionals, elected officials, and non-profit organizations.<\/span><\/p>\n\n\n\n<h2 class=\"wp-block-heading\">&nbsp;<\/h2>","protected":false},"excerpt":{"rendered":"<p>Oferujemy badania rynku w stanie Indiana w miastach takich jak Indianapolis, Fort Wayne, Bloomington i Evansville.<\/p>","protected":false},"author":1,"featured_media":66566,"parent":19303,"menu_order":26,"comment_status":"closed","ping_status":"closed","template":"","meta":{"footnotes":""},"class_list":["post-32284","page","type-page","status-publish","has-post-thumbnail"],"_links":{"self":[{"href":"https:\/\/www.sisinternational.com\/pl\/wp-json\/wp\/v2\/pages\/32284","targetHints":{"allow":["GET"]}}],"collection":[{"href":"https:\/\/www.sisinternational.com\/pl\/wp-json\/wp\/v2\/pages"}],"about":[{"href":"https:\/\/www.sisinternational.com\/pl\/wp-json\/wp\/v2\/types\/page"}],"author":[{"embeddable":true,"href":"https:\/\/www.sisinternational.com\/pl\/wp-json\/wp\/v2\/users\/1"}],"replies":[{"embeddable":true,"href":"https:\/\/www.sisinternational.com\/pl\/wp-json\/wp\/v2\/comments?post=32284"}],"version-history":[{"count":5,"href":"https:\/\/www.sisinternational.com\/pl\/wp-json\/wp\/v2\/pages\/32284\/revisions"}],"predecessor-version":[{"id":81356,"href":"https:\/\/www.sisinternational.com\/pl\/wp-json\/wp\/v2\/pages\/32284\/revisions\/81356"}],"up":[{"embeddable":true,"href":"https:\/\/www.sisinternational.com\/pl\/wp-json\/wp\/v2\/pages\/19303"}],"wp:featuredmedia":[{"embeddable":true,"href":"https:\/\/www.sisinternational.com\/pl\/wp-json\/wp\/v2\/media\/66566"}],"wp:attachment":[{"href":"https:\/\/www.sisinternational.com\/pl\/wp-json\/wp\/v2\/media?parent=32284"}],"curies":[{"name":"wp","href":"https:\/\/api.w.org\/{rel}","templated":true}]}}