{"id":32275,"date":"2019-07-06T23:36:30","date_gmt":"2019-07-06T23:36:30","guid":{"rendered":"https:\/\/www.sisinternational.com\/?page_id=32275"},"modified":"2025-09-13T19:30:39","modified_gmt":"2025-09-13T23:30:39","slug":"badania-rynku-w-tennessee","status":"publish","type":"page","link":"https:\/\/www.sisinternational.com\/pl\/zasieg\/north-america\/zasieg-usa\/badania-rynku-w-tennessee\/","title":{"rendered":"Badania rynku w Tennessee"},"content":{"rendered":"<h1 class=\"wp-block-heading\">Badania rynku w Tennessee<\/h1>\n\n\n\n<figure class=\"gb-block-image gb-block-image-215b0999\"><img loading=\"lazy\" decoding=\"async\" width=\"1456\" height=\"816\" class=\"gb-image gb-image-215b0999\" src=\"https:\/\/www.sisinternational.com\/wp-content\/uploads\/2025\/09\/Tennessee-2.jpg\" alt=\"SIS Mi\u0119dzynarodowe badania rynku i strategia\" title=\"Tennessee (2)\" srcset=\"https:\/\/www.sisinternational.com\/wp-content\/uploads\/2025\/09\/Tennessee-2.jpg 1456w, https:\/\/www.sisinternational.com\/wp-content\/uploads\/2025\/09\/Tennessee-2-300x168.jpg 300w, https:\/\/www.sisinternational.com\/wp-content\/uploads\/2025\/09\/Tennessee-2-1024x574.jpg 1024w, https:\/\/www.sisinternational.com\/wp-content\/uploads\/2025\/09\/Tennessee-2-768x430.jpg 768w, https:\/\/www.sisinternational.com\/wp-content\/uploads\/2025\/09\/Tennessee-2-18x10.jpg 18w\" sizes=\"auto, (max-width: 1456px) 100vw, 1456px\"><\/figure>\n\n\n\n<p><\/p>\n\n\n\n<h2 class=\"wp-block-heading\"><span style=\"font-weight: 400;\">Tennessee, znane r\u00f3wnie\u017c jako \u201eStan Ochotnik\u00f3w\u201d, jest \u015br\u00f3dl\u0105dowym stanem po\u0142o\u017conym na po\u0142udniu USA. <\/span><\/h2>\n\n\n\n<p><span style=\"font-weight: 400;\">Tennessee is the home of the NFL&#8217;s Tennessee Titans and NHL&#8217;s Nashville Predators. You&#8217;ll also find the legendary Tennessee Volunteers college football program, and the NBA&#8217;s Memphis Grizzlies has its base here.&nbsp; Tennessee has defined geography with a West Tennessee, Middle Tennessee, and East Tennessee. The state bird of Tennessee is the mockingbird, and the state flower (cultivated) is the Iris.&nbsp;&nbsp;<\/span><\/p>\n\n\n\n<h2 class=\"wp-block-heading\"><span style=\"font-weight: 400;\">Przemys\u0142 Tennessee<\/span><\/h2>\n\n\n\n<p><span style=\"font-weight: 400;\">The Oak Ridge National <a href=\"https:\/\/www.sisinternational.com\/pl\/ekspertyza\/branze\/laboratory-market-research\/\" title=\"Badania rynku laboratoryjnego\"  data-wpil-monitor-id=\"8058\">Laboratory<\/a> was a principal place for nuclear research. Most of the work for the famed Manhattan Project also took place in Oak Ridge. The Oak Ridge National Laboratory is a significant employer in the state.&nbsp; <\/span><span style=\"font-weight: 400;\">G\u0142\u00f3wne ga\u0142\u0119zie przemys\u0142u Tennessee to rolnictwo, turystyka i produkcja. Byd\u0142o, soja i dr\u00f3b to g\u0142\u00f3wne produkty rolne Tennessee.<\/span><\/p>\n\n\n\n<h2 class=\"wp-block-heading\"><span style=\"font-weight: 400;\">Prowadzenie dzia\u0142alno\u015bci gospodarczej w Tennessee<\/span><\/h2>\n\n\n\n<p><span style=\"font-weight: 400;\">Jako stan \u201eprawa do pracy\u201d brak zwi\u0105zk\u00f3w zawodowych i zorganizowanej si\u0142y roboczej jest minimalny i maleje. Stan nie pobiera podatku dochodowego od wynagrodze\u0144 pracownik\u00f3w. Stopa bezrobocia w Tennessee w 2016 r. wynosi\u0142a 4,3 procent. Stopa ub\u00f3stwa w Tennessee jest wy\u017csza ni\u017c \u015brednia krajowa w USA.<\/span><\/p>\n\n\n\n<p><span style=\"font-weight: 400;\">Some of the corporations in Tennessee are AutoZone, International Paper, and FedEx. Others are The Pilot Corporation, Eastman Chemical Company, and the Regal Entertainment Group. Tennessee has Nissan Motor <a href=\"https:\/\/www.sisinternational.com\/pl\/pelna-strategia-marketingowa-dla-amerykanskiej-firmy-zajmujacej-sie-finansami-osobistymi-online\/\" title=\"Pe\u0142na strategia marketingowa dla ameryka\u0144skiej firmy zajmuj\u0105cej si\u0119 finansami osobistymi online\"  data-wpil-monitor-id=\"8056\">Company&#8217;s North American<\/a> headquarters.<\/span><span style=\"font-weight: 400;\">&nbsp;<\/span><\/p>\n\n\n\n<h2 class=\"wp-block-heading\"><span style=\"font-weight: 400;\">Populacja Tennessee<\/span><\/h2>\n\n\n\n<p><span style=\"font-weight: 400;\">The population of Tennessee is over 6.7 million. Since 2010, Tennessee&#8217;s population has increased by 424,000 people. Tennessee has a rank of 16th for the most populated U.S. states. Nashville, with almost 668,000 people, is the largest city by population in the state of Tennessee. Memphis, which has nearly 652,000 people, is second. Knoxville is third on the most populous list with 187,000 people, and Chattanooga is fourth with 132,631. Clarksville is fifth with 121,477 people. Murfreesboro is sixth, Franklin, seventh, and Jackson, eighth. Johnson <a href=\"https:\/\/www.sisinternational.com\/pl\/rozwiazania\/rozwiazania-w-zakresie-brandingu-i-badan-klientow\/badania-rynku-testowanie-produktow\/sis-internationals-degustacja-jedzenia\/\" title=\"Co sprawia, \u017ce SIS International Research jest najlepsz\u0105 firm\u0105 badawcz\u0105 rynku w zakresie testowania smaku \u017cywno\u015bci w Nowym Jorku\"  data-wpil-monitor-id=\"8055\">City and Bartlett top<\/a> out the ten biggest cities by population rank in Tennessee.<\/span><\/p>\n\n\n\n<h2 class=\"wp-block-heading\"><span style=\"font-weight: 400;\">G\u0142\u00f3wne miejsca turystyczne w Tennessee<\/span><\/h2>\n\n\n\n<p><span style=\"font-weight: 400;\">Niekt\u00f3re z g\u0142\u00f3wnych atrakcji turystycznych w Tennessee to Ober Gatlinburg i Dolly Parton&#039;s \u201eDollywood\u201d, znajduj\u0105ce si\u0119 w Pigeon Forge. Inne atrakcje to Ripley&#039;s Aquarium i Partenon. W Tennessee znajduje si\u0119 r\u00f3wnie\u017c Country Music Hall of Fame and Museum. Dla fan\u00f3w whisky Jack Daniel&#039;s Distillery to ulubione miejsce po\u0142o\u017cone w Lynchburg. Tennessee to r\u00f3wnie\u017c miejsce, w kt\u00f3rym znajduje si\u0119 rezydencja Elvisa Presleya, Graceland. Miliony ludzi odwiedza Graceland ka\u017cdego roku. Graceland obejmuje groby Elvisa i jego rodzic\u00f3w.<\/span><span style=\"font-weight: 400;\">&nbsp;<\/span><\/p>\n\n\n\n<p><span style=\"font-weight: 400;\">NASCAR fans can visit the state to watch a car race at the Bristol Motor Speedway. For animal lovers, the Memphis Zoo is a popular attraction. It is accessible to residents of Tennessee and surrounding states. Another great attraction is the National Civil Rights Museum, located in Memphis. This museum gives visitors an in-depth look at the history of the Civil Rights movement and <a href=\"https:\/\/www.sisinternational.com\/pl\/rozwiazania\/rozwiazania-w-zakresie-brandingu-i-badan-klientow\/badania-rynku-opowiadania-historii\/\" title=\"Badania rynku opowiadania historii\"  data-wpil-monitor-id=\"8051\">tells the story<\/a> of Martin Luther King.\u00a0<\/span><\/p>\n\n\n\n<h2 class=\"wp-block-heading\"><span style=\"font-weight: 400;\">Zalety prowadzenia dzia\u0142alno\u015bci gospodarczej w Tennessee<\/span><\/h2>\n\n\n\n<p><span style=\"font-weight: 400;\">Tennessee never stopped creating goods used all over the world. They continued even when other states gave up on their manufacturing workforce. &#8220;Made in Tennessee&#8221; has special meaning in the international community. Tennessee so believes in its workforce that it&#8217;s investing in education to strengthen it. Companies choose Tennessee for these qualities. They also prefer it because of its sound fiscal <a href=\"https:\/\/www.sisinternational.com\/pl\/rozwiazania\/doradztwo-strategiczne-fintech-badania\/investment-management-market-research\/\" title=\"Badania rynku zarz\u0105dzania inwestycjami\"  data-wpil-monitor-id=\"8053\">management and its investments<\/a> into the economic ecosystem.<\/span><\/p>\n\n\n\n<h2 class=\"wp-block-heading\">&nbsp;<\/h2>","protected":false},"excerpt":{"rendered":"<p>Prowadzimy badania rynku w stanie Tennessee, w tym w miastach takich jak Nashville, Memphis, Knoxville i Chattanooga.<\/p>","protected":false},"author":1,"featured_media":66724,"parent":19303,"menu_order":24,"comment_status":"closed","ping_status":"closed","template":"","meta":{"footnotes":""},"class_list":["post-32275","page","type-page","status-publish","has-post-thumbnail"],"_links":{"self":[{"href":"https:\/\/www.sisinternational.com\/pl\/wp-json\/wp\/v2\/pages\/32275","targetHints":{"allow":["GET"]}}],"collection":[{"href":"https:\/\/www.sisinternational.com\/pl\/wp-json\/wp\/v2\/pages"}],"about":[{"href":"https:\/\/www.sisinternational.com\/pl\/wp-json\/wp\/v2\/types\/page"}],"author":[{"embeddable":true,"href":"https:\/\/www.sisinternational.com\/pl\/wp-json\/wp\/v2\/users\/1"}],"replies":[{"embeddable":true,"href":"https:\/\/www.sisinternational.com\/pl\/wp-json\/wp\/v2\/comments?post=32275"}],"version-history":[{"count":3,"href":"https:\/\/www.sisinternational.com\/pl\/wp-json\/wp\/v2\/pages\/32275\/revisions"}],"predecessor-version":[{"id":81357,"href":"https:\/\/www.sisinternational.com\/pl\/wp-json\/wp\/v2\/pages\/32275\/revisions\/81357"}],"up":[{"embeddable":true,"href":"https:\/\/www.sisinternational.com\/pl\/wp-json\/wp\/v2\/pages\/19303"}],"wp:featuredmedia":[{"embeddable":true,"href":"https:\/\/www.sisinternational.com\/pl\/wp-json\/wp\/v2\/media\/66724"}],"wp:attachment":[{"href":"https:\/\/www.sisinternational.com\/pl\/wp-json\/wp\/v2\/media?parent=32275"}],"curies":[{"name":"wp","href":"https:\/\/api.w.org\/{rel}","templated":true}]}}