{"id":32224,"date":"2019-07-06T01:06:34","date_gmt":"2019-07-06T01:06:34","guid":{"rendered":"https:\/\/www.sisinternational.com\/?page_id=32224"},"modified":"2026-01-25T17:07:44","modified_gmt":"2026-01-25T22:07:44","slug":"badania-rynku-w-minnesocie","status":"publish","type":"page","link":"https:\/\/www.sisinternational.com\/pl\/zasieg\/north-america\/zasieg-usa\/badania-rynku-w-minnesocie\/","title":{"rendered":"Badania rynku w Minnesocie"},"content":{"rendered":"<h1 class=\"wp-block-heading\"><strong>Badania rynku w Minnesocie<\/strong><\/h1>\n\n\n\n<figure class=\"gb-block-image gb-block-image-02e8bce3\"><img loading=\"lazy\" decoding=\"async\" width=\"1456\" height=\"816\" class=\"gb-image gb-image-02e8bce3\" src=\"https:\/\/www.sisinternational.com\/wp-content\/uploads\/2025\/09\/Minnesota-1.jpg\" alt=\"SIS Mi\u0119dzynarodowe badania rynku i strategia\" title=\"Minnesota (1)\" srcset=\"https:\/\/www.sisinternational.com\/wp-content\/uploads\/2025\/09\/Minnesota-1.jpg 1456w, https:\/\/www.sisinternational.com\/wp-content\/uploads\/2025\/09\/Minnesota-1-300x168.jpg 300w, https:\/\/www.sisinternational.com\/wp-content\/uploads\/2025\/09\/Minnesota-1-1024x574.jpg 1024w, https:\/\/www.sisinternational.com\/wp-content\/uploads\/2025\/09\/Minnesota-1-768x430.jpg 768w, https:\/\/www.sisinternational.com\/wp-content\/uploads\/2025\/09\/Minnesota-1-18x10.jpg 18w\" sizes=\"auto, (max-width: 1456px) 100vw, 1456px\"><\/figure>\n\n\n\n<p><\/p>\n\n\n\n<p>Co wyr\u00f3\u017cnia odnosz\u0105ce sukcesy firmy na konkurencyjnym rynku Minnesoty? Badania rynku w Minnesocie s\u0105 kluczem do zrozumienia tego dynamicznego rynku. Od t\u0119tni\u0105cych \u017cyciem miast bli\u017aniaczych po rozleg\u0142e obszary rolnicze, Minnesota oferuje unikaln\u0105 mieszank\u0119 mo\u017cliwo\u015bci i wyzwa\u0144, kt\u00f3re wymagaj\u0105 ostro\u017cnej nawigacji.<\/p>\n\n\n\n<h3 class=\"wp-block-heading\">Czym s\u0105 badania rynku w Minnesocie?&nbsp;<\/h3>\n\n\n\n<p>Badania rynku w Minnesocie pomagaj\u0105 firmom zrozumie\u0107 unikalne cechy i trendy, kt\u00f3re definiuj\u0105 zr\u00f3\u017cnicowan\u0105 gospodark\u0119, produktywno\u015b\u0107 i rentowno\u015b\u0107 stanu. Firmy potrzebuj\u0105 tych bada\u0144, aby porusza\u0107 si\u0119 po wyzwaniach i szansach zr\u00f3\u017cnicowanego krajobrazu gospodarczego tego stanu.&nbsp;<\/p>\n\n\n\n<p>Jednym z kluczowych problem\u00f3w, kt\u00f3re poruszaj\u0105 badania rynku w Minnesocie, s\u0105 g\u0142\u00f3wne bran\u017ce stanu. Na przyk\u0142ad Minnesota jest znana ze swoich \u015bwiatowej klasy plac\u00f3wek opieki zdrowotnej, w tym Mayo Clinic i wiod\u0105cych firm produkuj\u0105cych sprz\u0119t medyczny. Innym wa\u017cnym powodem przeprowadzania bada\u0144 rynku w Minnesocie jest sektor produkcyjny stanu.<\/p>\n\n\n\n<h3 class=\"wp-block-heading\">Nasz aktualny przegl\u0105d rynku i rekomendacje<\/h3>\n\n\n\n<p>W SIS International zalecamy skupienie si\u0119 na rozwijaj\u0105cym si\u0119 sektorze opieki zdrowotnej w Minnesocie. Dzi\u0119ki \u015bwiatowej s\u0142awy instytucjom, takim jak Mayo Clinic i wiod\u0105cym firmom produkuj\u0105cym sprz\u0119t medyczny, takim jak Medtronic, bran\u017ca opieki zdrowotnej w Minnesocie jest silna i pe\u0142na potencja\u0142u. Uwa\u017camy, \u017ce jest to doskona\u0142a okazja dla przedsi\u0119biorstw opieki zdrowotnej, aby zainwestowa\u0107 w innowacyjne technologie i partnerstwa, kt\u00f3re zwi\u0119kszaj\u0105 opiek\u0119 nad pacjentem i wydajno\u015b\u0107 operacyjn\u0105.<\/p>\n\n\n\n<p>Po drugie, przemys\u0142 wytw\u00f3rczy Minnesoty oferuje znacz\u0105ce mo\u017cliwo\u015bci wzrostu i rozwoju. Stan ten jest znany ze swoich zaawansowanych mo\u017cliwo\u015bci produkcyjnych, produkuj\u0105cych szerok\u0105 gam\u0119 produkt\u00f3w, od urz\u0105dze\u0144 medycznych po produkty spo\u017cywcze. Zalecamy, aby firmy produkcyjne wykorzystywa\u0142y badania rynku w celu zrozumienia trend\u00f3w w bran\u017cy, optymalizacji \u0142a\u0144cuch\u00f3w dostaw i przyjmowania nowych technologii, kt\u00f3re zwi\u0119kszaj\u0105 produktywno\u015b\u0107 i konkurencyjno\u015b\u0107.<\/p>\n\n\n\n<p>We also recommend that businesses pay close attention to Minnesota&#8217;s agricultural sector, which remains vital to the state&#8217;s economy. With increasing consumer demand for organic and locally-sourced foods, agricultural businesses can benefit from market research that identifies trends in consumer preferences and regulatory changes. Exploring <a href=\"https:\/\/www.sisinternational.com\/pl\/zrownowazone-rolnictwo\/\" title=\"Badania rynku zr\u00f3wnowa\u017conego rolnictwa\"  data-wpil-monitor-id=\"2440\">sustainable agricultural<\/a> practices and new technologies can help businesses meet market demands and enhance productivity.<\/p>\n\n\n\n<h2 class=\"wp-block-heading\">Kluczowe bran\u017ce w Minnesocie<\/h2>\n\n\n\n<p>Gospodarka Minnesoty ma kilka kluczowych bran\u017c, a zrozumienie ich unikalnych cech jest niezb\u0119dne dla firm, kt\u00f3re chc\u0105 odnie\u015b\u0107 sukces w Minnesocie. Badania rynku w Minnesocie mog\u0105 pom\u00f3c zidentyfikowa\u0107 trendy, mo\u017cliwo\u015bci i przewagi konkurencyjne w tych sektorach.<\/p>\n\n\n\n<h4 class=\"wp-block-heading\">Produkcja<\/h4>\n\n\n\n<p>Minnesota ma silny sektor produkcyjny, kt\u00f3ry obejmuje zaawansowan\u0105 produkcj\u0119, przetw\u00f3rstwo \u017cywno\u015bci i produkcj\u0119 high-tech. Firmy takie jak 3M i General Mills s\u0105 przyk\u0142adem sukcesu produkcji w Minnesocie. Badania rynku w Minnesocie dostarczaj\u0105 wgl\u0105du w trendy bran\u017cowe, dynamik\u0119 \u0142a\u0144cucha dostaw i post\u0119p technologiczny, pomagaj\u0105c przedsi\u0119biorstwom produkcyjnym optymalizowa\u0107 ich dzia\u0142alno\u015b\u0107, poprawia\u0107 jako\u015b\u0107 produkt\u00f3w i wyprzedza\u0107 konkurencj\u0119.<\/p>\n\n\n\n<h4 class=\"wp-block-heading\">Rolnictwo i produkcja \u017cywno\u015bci<\/h4>\n\n\n\n<p>Sektor rolniczy obejmuje przetw\u00f3rstwo i dystrybucj\u0119 \u017cywno\u015bci. Badania rynku w Minnesocie pomagaj\u0105 przedsi\u0119biorstwom rolnym zrozumie\u0107 trendy w preferencjach konsument\u00f3w dotycz\u0105cych \u017cywno\u015bci ekologicznej i pochodz\u0105cej z lokalnych \u017ar\u00f3de\u0142, zmiany w przepisach i post\u0119p w technologii rolniczej. Informacje te s\u0105 kluczowe dla podejmowania \u015bwiadomych decyzji, kt\u00f3re zwi\u0119kszaj\u0105 produktywno\u015b\u0107 i rentowno\u015b\u0107.<\/p>\n\n\n\n<h4 class=\"wp-block-heading\">Technologia i innowacje<\/h4>\n\n\n\n<p>Minnesota do\u015bwiadcza znacznego wzrostu w sektorze technologicznym, szczeg\u00f3lnie w miastach takich jak Minneapolis i St. Paul. Ekosystem technologiczny stanu obejmuje startupy, ugruntowane firmy technologiczne i instytucje badawcze. Firmy takie jak Digi International i Jamf podkre\u015blaj\u0105 sukces przedsi\u0119biorstw technologicznych w Minnesocie.<\/p>\n\n\n\n<h4 class=\"wp-block-heading\">Us\u0142ugi finansowe<\/h4>\n\n\n\n<p>Bran\u017ca us\u0142ug finansowych w Minnesocie jest silna, a g\u0142\u00f3wne instytucje, takie jak US Bank i Ameriprise Financial, maj\u0105 siedzib\u0119 w tym stanie. Sektor ten obejmuje us\u0142ugi bankowe, ubezpieczeniowe i inwestycyjne. Badania rynku w Minnesocie pomagaj\u0105 instytucjom finansowym zrozumie\u0107 trendy ekonomiczne, zachowania konsument\u00f3w i zmiany regulacyjne, zapewniaj\u0105c, \u017ce pozostan\u0105 konkurencyjne i zgodne z przepisami.<\/p>\n\n\n\n<h4 class=\"wp-block-heading\">Sprzeda\u017c detaliczna<\/h4>\n\n\n\n<p>Minnesota jest domem dla du\u017cych gigant\u00f3w handlu detalicznego, takich jak Target i Best Buy. Sektor handlu detalicznego w tym stanie jest dynamiczny, z mieszank\u0105 du\u017cych sieci i ma\u0142ych firm. Badania rynku w Minnesocie dostarczaj\u0105 sprzedawcom detalicznym wgl\u0105du w zwyczaje zakupowe konsument\u00f3w, trendy rynkowe i strategie konkurencyjne. Informacje te s\u0105 niezb\u0119dne do opracowywania skutecznych kampanii marketingowych, optymalizacji asortymentu produkt\u00f3w i ulepszania do\u015bwiadcze\u0144 klient\u00f3w.<\/p>\n\n\n\n<h2 class=\"wp-block-heading\">Obszar metropolitalny Minneapolis-St. Paul<\/h2>\n\n\n\n<figure class=\"gb-block-image gb-block-image-9fbcdf71\"><img loading=\"lazy\" decoding=\"async\" width=\"1456\" height=\"816\" class=\"gb-image gb-image-9fbcdf71\" src=\"https:\/\/www.sisinternational.com\/wp-content\/uploads\/2025\/09\/Minnesota-4.jpg\" alt=\"SIS Mi\u0119dzynarodowe badania rynku i strategia\" title=\"Minnesota (4)\" srcset=\"https:\/\/www.sisinternational.com\/wp-content\/uploads\/2025\/09\/Minnesota-4.jpg 1456w, https:\/\/www.sisinternational.com\/wp-content\/uploads\/2025\/09\/Minnesota-4-300x168.jpg 300w, https:\/\/www.sisinternational.com\/wp-content\/uploads\/2025\/09\/Minnesota-4-1024x574.jpg 1024w, https:\/\/www.sisinternational.com\/wp-content\/uploads\/2025\/09\/Minnesota-4-768x430.jpg 768w, https:\/\/www.sisinternational.com\/wp-content\/uploads\/2025\/09\/Minnesota-4-18x10.jpg 18w\" sizes=\"auto, (max-width: 1456px) 100vw, 1456px\"><\/figure>\n\n\n\n<p><\/p>\n\n\n\n<p><span style=\"font-weight: 400;\">Minneapolis-St. Paul is the state&#8217;s most well-known and largest economic center. This metropolitan district is also known as the Twin Cities. It is home to Major League Baseball&#8217;s Minnesota Twins.&nbsp; The University of Minnesota, an educational and research hub, is also in Minneapolis. It is one of the main employers in the state and takes in hundreds of millions in donations each year.<\/span><\/p>\n\n\n\n<p><span style=\"font-weight: 400;\">Kilka du\u017cych korporacji ma swoje siedziby w Minnesocie. Best Buy, Supervalu i Target maj\u0105 swoje g\u0142\u00f3wne biura w Twin Cities. Target Corporation ma znacz\u0105cy wp\u0142yw ekonomiczny na stan \u2014 nic dziwnego, skoro jej przychody wynosz\u0105 dziesi\u0105tki miliard\u00f3w. Najwi\u0119ksze centrum handlowe w kraju, Mall of America, znajduje si\u0119 w Bloomington w Minnesocie, zaledwie dziesi\u0119\u0107 mil na po\u0142udnie od Minneapolis.<\/span><\/p>\n\n\n\n<h2 class=\"wp-block-heading\">G\u0142\u00f3wne atrakcje turystyczne w Minnesocie<\/h2>\n\n\n\n<p>Minnesota oferuje wiele atrakcji turystycznych, kt\u00f3re ka\u017cdego roku przyci\u0105gaj\u0105 miliony turyst\u00f3w. Badania rynku w Minnesocie s\u0105 niezb\u0119dne do identyfikacji trend\u00f3w i mo\u017cliwo\u015bci w sektorze turystycznym.<\/p>\n\n\n\n<h4 class=\"wp-block-heading\">Centrum handlowe America<\/h4>\n\n\n\n<p>Mall of America, po\u0142o\u017cone w Bloomington, jest najwi\u0119kszym centrum handlowym w Stanach Zjednoczonych i g\u0142\u00f3wn\u0105 atrakcj\u0105 turystyczn\u0105. Znajduj\u0105 si\u0119 w nim setki sklep\u00f3w, kryty park rozrywki, akwarium i liczne lokale gastronomiczne. Firmy w Mall of America mog\u0105 skorzysta\u0107 z bada\u0144 rynku w Minnesocie, rozumiej\u0105c dane demograficzne odwiedzaj\u0105cych, wzorce wydatk\u00f3w i godziny szczytu.&nbsp;<\/p>\n\n\n\n<h4 class=\"wp-block-heading\">Obszar dzikiej przyrody Boundary Waters Canoe Area<\/h4>\n\n\n\n<p>Boundary Waters Canoe Area Wilderness (BWCAW) to dziewiczy obszar naturalny, kt\u00f3ry przyci\u0105ga mi\u0142o\u015bnik\u00f3w outdooru z ca\u0142ego \u015bwiata. Odwiedzaj\u0105cy przyje\u017cd\u017caj\u0105, aby p\u0142ywa\u0107 kajakiem, w\u0119drowa\u0107, \u0142owi\u0107 ryby i biwakowa\u0107 w tej rozleg\u0142ej dziczy. Badania rynku w Minnesocie pomagaj\u0105 firmom w tym regionie identyfikowa\u0107 rodzaje zaj\u0119\u0107 na \u015bwie\u017cym powietrzu i us\u0142ug, kt\u00f3re najbardziej odpowiadaj\u0105 odwiedzaj\u0105cym. Ta wiedza pozwala na tworzenie dostosowanych do\u015bwiadcze\u0144, kt\u00f3re wzbogacaj\u0105 przygod\u0119 na \u0142onie natury.<\/p>\n\n\n\n<h4 class=\"wp-block-heading\">Instytut Sztuki w Minneapolis<\/h4>\n\n\n\n<p>Minneapolis Institute of Art (MIA) posiada rozleg\u0142\u0105 kolekcj\u0119 dzie\u0142 sztuki obejmuj\u0105c\u0105 5000 lat historii. Jest to centrum kulturalne zar\u00f3wno dla mi\u0142o\u015bnik\u00f3w sztuki, jak i turyst\u00f3w. Przedsi\u0119biorstwa i instytucje powi\u0105zane z MIA mog\u0105 wykorzystywa\u0107 badania rynku, aby zrozumie\u0107 zainteresowania odwiedzaj\u0105cych, optymalizowa\u0107 oferty wystawiennicze i zwi\u0119ksza\u0107 wysi\u0142ki marketingowe, aby przyci\u0105gn\u0105\u0107 szersz\u0105 publiczno\u015b\u0107.<\/p>\n\n\n\n<h4 class=\"wp-block-heading\">Widokowa trasa North Shore<\/h4>\n\n\n\n<p>North Shore Scenic Drive wzd\u0142u\u017c jeziora Superior oferuje zapieraj\u0105ce dech w piersiach widoki, wodospady i urocze ma\u0142e miasteczka. Jest to popularna trasa dla turyst\u00f3w poszukuj\u0105cych pi\u0119kna krajobrazu i rekreacji na \u015bwie\u017cym powietrzu. Badania rynku w Minnesocie pomagaj\u0105 lokalnym firmom wzd\u0142u\u017c North Shore zrozumie\u0107 demografi\u0119, preferencje i nawyki zakupowe turyst\u00f3w. Informacje te pozwalaj\u0105 firmom dostosowywa\u0107 swoje us\u0142ugi i dzia\u0142ania marketingowe, aby przyci\u0105ga\u0107 i zachwyca\u0107 odwiedzaj\u0105cych.<\/p>\n\n\n\n<h4 class=\"wp-block-heading\">Jarmark stanowy w Minnesocie<\/h4>\n\n\n\n<p>Minnesota State Fair, odbywaj\u0105ce si\u0119 corocznie w St. Paul, to jedne z najwi\u0119kszych targ\u00f3w stanowych w Stanach Zjednoczonych. Oferuje szeroki wachlarz atrakcji, w tym stoiska z jedzeniem, wystawy rolnicze, rozrywk\u0119 i przeja\u017cd\u017cki. Badania rynku w Minnesocie dostarczaj\u0105 informacji na temat profili odwiedzaj\u0105cych, popularnych atrakcji i wzorc\u00f3w wydatk\u00f3w. Informacje te s\u0105 kluczowe dla firm i dostawc\u00f3w uczestnicz\u0105cych w targach, aby zmaksymalizowa\u0107 swoj\u0105 obecno\u015b\u0107 i rentowno\u015b\u0107.<\/p>\n\n\n\n<h2 class=\"wp-block-heading\">Czynniki nap\u0119dzaj\u0105ce rynek<\/h2>\n\n\n\n<figure class=\"gb-block-image gb-block-image-75e5fe45\"><img loading=\"lazy\" decoding=\"async\" width=\"1456\" height=\"816\" class=\"gb-image gb-image-75e5fe45\" src=\"https:\/\/www.sisinternational.com\/wp-content\/uploads\/2025\/09\/Minnesota-3.jpg\" alt=\"SIS Mi\u0119dzynarodowe badania rynku i strategia\" title=\"Minnesota (3)\" srcset=\"https:\/\/www.sisinternational.com\/wp-content\/uploads\/2025\/09\/Minnesota-3.jpg 1456w, https:\/\/www.sisinternational.com\/wp-content\/uploads\/2025\/09\/Minnesota-3-300x168.jpg 300w, https:\/\/www.sisinternational.com\/wp-content\/uploads\/2025\/09\/Minnesota-3-1024x574.jpg 1024w, https:\/\/www.sisinternational.com\/wp-content\/uploads\/2025\/09\/Minnesota-3-768x430.jpg 768w, https:\/\/www.sisinternational.com\/wp-content\/uploads\/2025\/09\/Minnesota-3-18x10.jpg 18w\" sizes=\"auto, (max-width: 1456px) 100vw, 1456px\"><\/figure>\n\n\n\n<p><\/p>\n\n\n\n<p>Zrozumienie czynnik\u00f3w nap\u0119dzaj\u0105cych rynek w Minnesocie jest niezb\u0119dne dla firm, kt\u00f3re chc\u0105 wykorzysta\u0107 mo\u017cliwo\u015bci wzrostu i porusza\u0107 si\u0119 po unikalnym krajobrazie gospodarczym stanu. Badania rynku w Minnesocie pomagaj\u0105 zidentyfikowa\u0107 te czynniki nap\u0119dzaj\u0105ce i dostarczaj\u0105 cennych spostrze\u017ce\u0144 do podejmowania strategicznych decyzji.<\/p>\n\n\n\n<h4 class=\"wp-block-heading\">Opieka zdrowotna i innowacje medyczne<\/h4>\n\n\n\n<p>Obecno\u015b\u0107 \u015bwiatowej s\u0142awy instytucji, takich jak Mayo Clinic i wiod\u0105cych firm produkuj\u0105cych sprz\u0119t medyczny, takich jak Medtronic, nap\u0119dza post\u0119p w technologii medycznej i opiece nad pacjentem. Badania rynku w Minnesocie pomagaj\u0105 firmom z tego sektora by\u0107 na bie\u017c\u0105co z pojawiaj\u0105cymi si\u0119 trendami, potrzebami pacjent\u00f3w i innowacjami technologicznymi, co pozwala im utrzyma\u0107 przewag\u0119 konkurencyjn\u0105.<\/p>\n\n\n\n<h4 class=\"wp-block-heading\">Zaawansowana produkcja<\/h4>\n\n\n\n<p>W stanie tym dzia\u0142aj\u0105 du\u017ce firmy produkcyjne, takie jak 3M i Honeywell, kt\u00f3re produkuj\u0105 szerok\u0105 gam\u0119 produkt\u00f3w, od urz\u0105dze\u0144 medycznych po dobra przemys\u0142owe. Badania rynku w Minnesocie dostarczaj\u0105 informacji na temat trend\u00f3w w bran\u017cy, dynamiki \u0142a\u0144cucha dostaw i post\u0119pu technologicznego. Informacje te pomagaj\u0105 przedsi\u0119biorstwom produkcyjnym optymalizowa\u0107 operacje, poprawia\u0107 jako\u015b\u0107 produkt\u00f3w i utrzymywa\u0107 konkurencyjno\u015b\u0107.<\/p>\n\n\n\n<h4 class=\"wp-block-heading\">Produkcja rolna i przetw\u00f3rstwo \u017cywno\u015bci<\/h4>\n\n\n\n<p>Minnesota jest wiod\u0105cym producentem r\u00f3\u017cnych upraw, w tym kukurydzy, soi i burak\u00f3w cukrowych, i jest domem dla du\u017cych firm przetw\u00f3rstwa \u017cywno\u015bci, takich jak General Mills i Cargill. Badania rynku w Minnesocie pomagaj\u0105 przedsi\u0119biorstwom rolniczym zrozumie\u0107 preferencje konsument\u00f3w dotycz\u0105ce \u017cywno\u015bci ekologicznej i pochodz\u0105cej z lokalnych \u017ar\u00f3de\u0142, zmiany w przepisach i post\u0119p w technologii rolniczej. Te spostrze\u017cenia umo\u017cliwiaj\u0105 przedsi\u0119biorstwom zwi\u0119kszenie produktywno\u015bci i zaspokojenie popytu rynkowego.<\/p>\n\n\n\n<h4 class=\"wp-block-heading\">Technologia i innowacje<\/h4>\n\n\n\n<p>Sektor technologiczny w Minnesocie rozwija si\u0119 szybko, szczeg\u00f3lnie w miastach takich jak Minneapolis i St. Paul. Ekosystem technologiczny stanu obejmuje startupy, ugruntowane firmy technologiczne i instytucje badawcze. Firmy takie jak Digi International i Code42 podkre\u015blaj\u0105 sukces przedsi\u0119biorstw technologicznych w Minnesocie.&nbsp;<\/p>\n\n\n\n<h4 class=\"wp-block-heading\">Energia odnawialna<\/h4>\n\n\n\n<p>Minnesota coraz bardziej inwestuje w odnawialne \u017ar\u00f3d\u0142a energii, takie jak energia wiatrowa i s\u0142oneczna. Zar\u00f3wno nakazy regulacyjne, jak i popyt konsument\u00f3w na rozwi\u0105zania z zakresu zielonej energii nap\u0119dzaj\u0105 t\u0119 zmian\u0119 w kierunku zr\u00f3wnowa\u017conego rozwoju. Badania rynku w Minnesocie pomagaj\u0105 firmom energetycznym zrozumie\u0107 trendy rynkowe, wymogi regulacyjne i post\u0119p technologiczny. Informacje te s\u0105 kluczowe dla opracowywania zr\u00f3wnowa\u017conych projekt\u00f3w energetycznych i zaspokajania rosn\u0105cego zapotrzebowania na energi\u0119 odnawialn\u0105.<\/p>\n\n\n\n<h2 class=\"wp-block-heading\">W jaki spos\u00f3b badania rynku SIS International w Minnesocie pomagaj\u0105 firmom<\/h2>\n\n\n\n<p>SIS International pomaga firmom rozwija\u0107 si\u0119 w Minnesocie, zapewniaj\u0105c kompleksowe us\u0142ugi bada\u0144 rynku. Nasza wiedza specjalistyczna i spostrze\u017cenia umo\u017cliwiaj\u0105 firmom podejmowanie \u015bwiadomych decyzji, ulepszanie planowania strategicznego i osi\u0105ganie cel\u00f3w wzrostu. Oto, w jaki spos\u00f3b nasze <a href=\"https:\/\/www.linkedin.com\/pulse\/how-market-research-enables-growth-ruth-stanat-phekf\/\" target=\"_blank\" rel=\"noopener\"><span style=\"font-weight: 400;\">badania rynku<\/span><\/a> w Minnesocie mo\u017ce przynie\u015b\u0107 korzy\u015bci Twojej firmie:<\/p>\n\n\n\n<h4 class=\"wp-block-heading\">Ulepszone planowanie strategiczne<\/h4>\n\n\n\n<p>SIS International oferuje firmom dane i analizy potrzebne do opracowania skutecznych strategii. Rozumiej\u0105c lokalne warunki rynkowe, preferencje konsument\u00f3w i krajobrazy konkurencyjne, firmy mog\u0105 tworzy\u0107 dostosowane strategie, kt\u00f3re s\u0105 zgodne z unikaln\u0105 dynamik\u0105 rynku Minnesoty. To strategiczne dopasowanie zapewnia firmom maksymalizacj\u0119 ich szans i ograniczanie ryzyka.<\/p>\n\n\n\n<h4 class=\"wp-block-heading\">Redukcja ryzyka<\/h4>\n\n\n\n<p>Aby dzia\u0142a\u0107 na dynamicznym i czasami niestabilnym rynku, takim jak Minnesota, firmy musz\u0105 skutecznie zarz\u0105dza\u0107 ryzykiem. <a href=\"https:\/\/twitter.com\/SISIntlResearch\" target=\"_blank\" rel=\"noopener\"><span style=\"font-weight: 400;\">SIS<\/span><\/a> badania dostarczaj\u0105 przedsi\u0119biorstwom informacji pozwalaj\u0105cych przewidywa\u0107 potencjalne wyzwania, takie jak wahania gospodarcze, zmiany regulacyjne i zagro\u017cenia \u015brodowiskowe. To proaktywne podej\u015bcie pozwala przedsi\u0119biorstwom opracowywa\u0107 plany awaryjne i strategie \u0142agodzenia ryzyka.<\/p>\n\n\n\n<h4 class=\"wp-block-heading\">Poprawiona efektywno\u015b\u0107 marketingu<\/h4>\n\n\n\n<p>Marketing ukierunkowany jest niezb\u0119dny, aby dotrze\u0107 do zr\u00f3\u017cnicowanej grupy klient\u00f3w w Minnesocie. <a href=\"https:\/\/www.sisinternational.com\/pl\/o-moich-miedzynarodowych-badaniach\/contact-sis-international-market-research\/\">Nasze badania rynku<\/a> pomaga firmom zrozumie\u0107 kulturowe niuanse, preferencje i zachowania r\u00f3\u017cnych grup demograficznych w Minnesocie. Ta wiedza pozwala firmom tworzy\u0107 wysoce skuteczne kampanie marketingowe, kt\u00f3re rezonuj\u0105 z ich docelowymi odbiorcami, poprawiaj\u0105c zaanga\u017cowanie i wska\u017aniki konwersji.<\/p>\n\n\n\n<h4 class=\"wp-block-heading\">Przyspieszony wzrost i innowacja<\/h4>\n\n\n\n<p><a href=\"https:\/\/www.linkedin.com\/company\/sisinternationalresearch\/\" target=\"_blank\" rel=\"noopener\"><span style=\"font-weight: 400;\">SIS Mi\u0119dzynarodowy<\/span><\/a>Badania rynku w Minnesocie wspieraj\u0105 firmy w identyfikowaniu nowych mo\u017cliwo\u015bci wzrostu i wspieraniu innowacji. Dzi\u0119ki informowaniu si\u0119 o trendach rynkowych, pojawiaj\u0105cych si\u0119 technologiach i wymaganiach konsument\u00f3w firmy mog\u0105 rozwija\u0107 innowacyjne produkty i us\u0142ugi, kt\u00f3re spe\u0142niaj\u0105 zmieniaj\u0105ce si\u0119 potrzeby rynku w Minnesocie. To przysz\u0142o\u015bciowe podej\u015bcie nap\u0119dza trwa\u0142y wzrost i przewag\u0119 konkurencyjn\u0105.<\/p>\n\n\n\n<h4 class=\"wp-block-heading\">Zwi\u0119kszony zwrot z inwestycji (ROI)<\/h4>\n\n\n\n<p>Podejmuj\u0105c decyzje oparte na danych, firmy mog\u0105 optymalizowa\u0107 alokacj\u0119 zasob\u00f3w, zmniejsza\u0107 marnotrawstwo i osi\u0105ga\u0107 wy\u017csze zwroty z inwestycji. Badania rynku SIS International w Minnesocie zapewniaj\u0105 firmom mo\u017cliwo\u015b\u0107 efektywnej alokacji bud\u017cet\u00f3w, koncentruj\u0105c si\u0119 na strategiach i inicjatywach, kt\u00f3re zapewniaj\u0105 najwy\u017cszy zwrot z inwestycji.<\/p>\n\n\n\n<h4 class=\"wp-block-heading\">Zwi\u0119kszona satysfakcja klienta<\/h4>\n\n\n\n<p>Nasz <a href=\"https:\/\/www.linkedin.com\/pulse\/how-market-research-enables-growth-ruth-stanat-phekf\/\" target=\"_blank\" rel=\"noopener\"><span style=\"font-weight: 400;\">badania rynku<\/span><\/a> w Minnesocie zapewnia firmom dog\u0142\u0119bny wgl\u0105d w preferencje klient\u00f3w, punkty zapalne i poziomy zadowolenia. Informacje te pozwalaj\u0105 firmom udoskonali\u0107 obs\u0142ug\u0119 klienta, poprawi\u0107 jako\u015b\u0107 produktu i tworzy\u0107 spersonalizowane do\u015bwiadczenia, kt\u00f3re wzmacniaj\u0105 lojalno\u015b\u0107 i zadowolenie.<\/p>\n\n\n\n<h4 class=\"wp-block-heading\">Wsparcie wej\u015bcia na rynek i ekspansji<\/h4>\n\n\n\n<p>SIS offers comprehensive market entry and expansion support for businesses looking to enter or expand in Minnesota. Our <a href=\"https:\/\/www.sisinternational.com\/pl\/zasieg\/badania-rynku-azja\/filipino-market-research\/\" title=\"Badania rynku filipi\u0144skiego\" data-wpil-monitor-id=\"3994\">research helps businesses assess market<\/a> potential, identify strategic locations, and develop entry strategies that ensure successful market penetration and growth.<\/p>\n\n\n\n<h4 class=\"wp-block-heading\">Konkurencyjne testy por\u00f3wnawcze<\/h4>\n\n\n\n<p>Aby wyprzedzi\u0107 konkurencj\u0119, firmy musz\u0105 nieustannie monitorowa\u0107 i analizowa\u0107 dzia\u0142ania konkurent\u00f3w. Badania rynku SIS International w Minnesocie dostarczaj\u0105 firmom danych por\u00f3wnawczych, pomagaj\u0105c im zrozumie\u0107 ich mocne i s\u0142abe strony w por\u00f3wnaniu z konkurentami.&nbsp;<\/p>\n\n\n\n<h4 class=\"wp-block-heading\">Podejmowanie \u015bwiadomych decyzji<\/h4>\n\n\n\n<p>Badania rynku w Minnesocie umo\u017cliwiaj\u0105 przedsi\u0119biorstwom podejmowanie \u015bwiadomych decyzji. Dzi\u0119ki dok\u0142adnym i aktualnym danym rynkowym przedsi\u0119biorstwa mog\u0105 pewnie porusza\u0107 si\u0119 po zawi\u0142o\u015bciach rynku w Minnesocie, wykorzystywa\u0107 okazje i osi\u0105ga\u0107 swoje cele biznesowe.<\/p>\n\n\n\n<h2 class=\"wp-block-heading\"><strong>O firmie SIS International<\/strong><\/h2>\n\n\n\n<p><a href=\"https:\/\/www.sisinternational.com\/pl\/\"><span style=\"font-weight: 400;\">SIS Mi\u0119dzynarodowy<\/span><\/a><span style=\"font-weight: 400;\"> oferuje badania ilo\u015bciowe, jako\u015bciowe i strategiczne. Dostarczamy dane, narz\u0119dzia, strategie, raporty i spostrze\u017cenia do podejmowania decyzji. Prowadzimy r\u00f3wnie\u017c wywiady, ankiety, grupy fokusowe i inne metody i podej\u015bcia do bada\u0144 rynku.<\/span><a href=\"https:\/\/www.sisinternational.com\/pl\/o-moich-miedzynarodowych-badaniach\/contact-sis-international-market-research\/\"><span style=\"font-weight: 400;\"> Skontaktuj si\u0119 z nami<\/span><\/a><span style=\"font-weight: 400;\"> dla Twojego kolejnego projektu badania rynku.<\/span><\/p>\n\n\n\n<h2 class=\"wp-block-heading\">&nbsp;<\/h2>","protected":false},"excerpt":{"rendered":"<p>Badania rynku w Minnesocie odkrywaj\u0105 nowe mo\u017cliwo\u015bci biznesowe.<\/p>","protected":false},"author":1,"featured_media":66607,"parent":19303,"menu_order":20,"comment_status":"closed","ping_status":"closed","template":"","meta":{"footnotes":""},"class_list":["post-32224","page","type-page","status-publish","has-post-thumbnail"],"_links":{"self":[{"href":"https:\/\/www.sisinternational.com\/pl\/wp-json\/wp\/v2\/pages\/32224","targetHints":{"allow":["GET"]}}],"collection":[{"href":"https:\/\/www.sisinternational.com\/pl\/wp-json\/wp\/v2\/pages"}],"about":[{"href":"https:\/\/www.sisinternational.com\/pl\/wp-json\/wp\/v2\/types\/page"}],"author":[{"embeddable":true,"href":"https:\/\/www.sisinternational.com\/pl\/wp-json\/wp\/v2\/users\/1"}],"replies":[{"embeddable":true,"href":"https:\/\/www.sisinternational.com\/pl\/wp-json\/wp\/v2\/comments?post=32224"}],"version-history":[{"count":10,"href":"https:\/\/www.sisinternational.com\/pl\/wp-json\/wp\/v2\/pages\/32224\/revisions"}],"predecessor-version":[{"id":78137,"href":"https:\/\/www.sisinternational.com\/pl\/wp-json\/wp\/v2\/pages\/32224\/revisions\/78137"}],"up":[{"embeddable":true,"href":"https:\/\/www.sisinternational.com\/pl\/wp-json\/wp\/v2\/pages\/19303"}],"wp:featuredmedia":[{"embeddable":true,"href":"https:\/\/www.sisinternational.com\/pl\/wp-json\/wp\/v2\/media\/66607"}],"wp:attachment":[{"href":"https:\/\/www.sisinternational.com\/pl\/wp-json\/wp\/v2\/media?parent=32224"}],"curies":[{"name":"wp","href":"https:\/\/api.w.org\/{rel}","templated":true}]}}