{"id":31802,"date":"2019-06-09T19:57:51","date_gmt":"2019-06-09T19:57:51","guid":{"rendered":"https:\/\/www.sisinternational.com\/?page_id=31802"},"modified":"2026-01-26T18:12:34","modified_gmt":"2026-01-26T23:12:34","slug":"badania-rynku-opowiadania-historii","status":"publish","type":"page","link":"https:\/\/www.sisinternational.com\/pl\/rozwiazania\/rozwiazania-w-zakresie-brandingu-i-badan-klientow\/badania-rynku-opowiadania-historii\/","title":{"rendered":"Badania rynku opowiadania historii"},"content":{"rendered":"<h1 class=\"wp-block-heading\">Badania rynku opowiadania historii<\/h1>\n\n\n\n<figure class=\"gb-block-image gb-block-image-e57ef5f4\"><img loading=\"lazy\" decoding=\"async\" width=\"1456\" height=\"816\" class=\"gb-image gb-image-e57ef5f4\" src=\"https:\/\/www.sisinternational.com\/wp-content\/uploads\/2025\/08\/Interview-3.jpg\" alt=\"SIS Mi\u0119dzynarodowe badania rynku i strategia\" title=\"Interview (3)\" srcset=\"https:\/\/www.sisinternational.com\/wp-content\/uploads\/2025\/08\/Interview-3.jpg 1456w, https:\/\/www.sisinternational.com\/wp-content\/uploads\/2025\/08\/Interview-3-300x168.jpg 300w, https:\/\/www.sisinternational.com\/wp-content\/uploads\/2025\/08\/Interview-3-1024x574.jpg 1024w, https:\/\/www.sisinternational.com\/wp-content\/uploads\/2025\/08\/Interview-3-768x430.jpg 768w, https:\/\/www.sisinternational.com\/wp-content\/uploads\/2025\/08\/Interview-3-18x10.jpg 18w\" sizes=\"auto, (max-width: 1456px) 100vw, 1456px\"><\/figure>\n\n\n\n<p><\/p>\n\n\n\n<h2 class=\"wp-block-heading\"><span style=\"font-weight: 400;\">Ludzie opowiadaj\u0105 sobie historie od tysi\u0105cleci.&nbsp; <\/span><\/h2>\n\n\n\n<p><span style=\"font-weight: 400;\">Story Telling is an important part of history and the human experience.&nbsp; In ancient times, humans communicated important information through stories around campfires.&nbsp; Today, c<\/span><span style=\"font-weight: 400;\">ompanies are opting for new ways to share information about their brands. They need innovative <a href=\"https:\/\/www.sisinternational.com\/pl\/customer-satisfaction-analysis\/\" title=\"8 sposob\u00f3w na zwi\u0119kszenie satysfakcji klienta w handlu detalicznym\"  data-wpil-monitor-id=\"9286\">ways to reach the customers<\/a> at their disposal. In a bid to foster <a href=\"https:\/\/www.sisinternational.com\/pl\/badania-marki-sis-i-lojalnosc-klientow\/\" title=\"Badania rynku marek i lojalno\u015b\u0107 klient\u00f3w\"  data-wpil-monitor-id=\"9278\">loyalty and draw more customers<\/a>, they have resorted to storytelling. <\/span><\/p>\n\n\n\n<p><span style=\"font-weight: 400;\">Opowiadanie historii jest teraz niezb\u0119dnym elementem budowania marki. Okre\u015bli, jak ludzie Ci\u0119 postrzegaj\u0105. Umo\u017cliwia r\u00f3wnie\u017c klientom rozpocz\u0119cie budowania relacji z Tob\u0105 i Twoj\u0105 firm\u0105. R\u00f3b to dobrze, a mo\u017cesz rozwin\u0105\u0107 kwitn\u0105c\u0105 mark\u0119 z wielk\u0105 przysz\u0142o\u015bci\u0105. Ludzie b\u0119d\u0105 od Ciebie kupowa\u0107, je\u015bli spodoba im si\u0119 to, co robisz, Twoje idea\u0142y i historie, kt\u00f3rymi si\u0119 dzielisz.<\/span><\/p>\n\n\n\n<p><span style=\"font-weight: 400;\">Storytelling is an enormous realm that you can explore from many different perspectives. It involves sharing stories and experiences to a particular audience. These stories must have a sense of purpose. A key question arises thereof, how do you know the type of stories to tell? To answer this question, logic demands that <a href=\"https:\/\/www.sisinternational.com\/pl\/najlepsza-globalna-firma-zajmujaca-sie-ilosciowymi-badaniami-rynku\/\" title=\"Najlepsza globalna firma zajmuj\u0105ca si\u0119 ilo\u015bciowymi badaniami rynku\"  data-wpil-monitor-id=\"9271\">companies conduct both Qualitative and Quantitative Research<\/a>. In this way, they can improve the very pillars of the storytelling.&nbsp;<\/span><\/p>\n\n\n\n<h2 class=\"wp-block-heading\"><span style=\"font-weight: 400;\">Badania rynku pomagaj\u0105 w wymy\u015blaniu odpowiednich postaci<\/span><\/h2>\n\n\n\n<p><span style=\"font-weight: 400;\">Companies sometimes recycle stories, and at times the method is over-used. Creating the perfect characters for the roles can also be tricky. Thus, market <a href=\"https:\/\/www.sisinternational.com\/pl\/tworzenie-organow-za-pomoca-drukarek-3d\/\" title=\"Badania rynku tworzenia organ\u00f3w i drukarek 3D\"  data-wpil-monitor-id=\"9288\">badania<\/a> comes in handy to form the base for character creation. &nbsp;For example, the lead actor and antagonist are unlikely to make similar decisions. Qualitative Research equips the storytellers with the right data to form unique characters. It also helps them to develop roles for these characters. As a consequence, your storytelling will spur the reasoning of the customers.<\/span><\/p>\n\n\n\n<h2 class=\"wp-block-heading\"><span style=\"font-weight: 400;\">Badania rynku pomagaj\u0105 w tworzeniu autentycznych fabu\u0142<\/span><\/h2>\n\n\n\n<p><span style=\"font-weight: 400;\">S\u0142yszeli\u015bmy o historiach, kt\u00f3re rozpada\u0142y si\u0119 z powodu serii negatywnych opinii klient\u00f3w lub odbiorc\u00f3w. Scenariusze, z kt\u00f3rych powstaj\u0105 historie, powinny by\u0107 oryginalne, z poczuciem p\u0142ynno\u015bci. Badania rynku zapobiegaj\u0105 tworzeniu przez opowiadaczy powtarzalnych, nudnych, pozbawionych blasku tre\u015bci. Dostarczaj\u0105 one r\u00f3\u017cnorodno\u015bci materia\u0142\u00f3w, z kt\u00f3rych mo\u017cna rozwija\u0107 epickie historie. Historie pochodz\u0105ce z takich bada\u0144 przyci\u0105gn\u0105 uwag\u0119 odbiorc\u00f3w. B\u0119d\u0105 one r\u00f3wnie\u017c mia\u0142y trwa\u0142y wp\u0142yw na ich pogl\u0105d na konkretny produkt lub pomys\u0142.<\/span><\/p>\n\n\n\n<h2 class=\"wp-block-heading\"><span style=\"font-weight: 400;\">Badania rynku tworz\u0105 ilustracje i metafory<\/span><\/h2>\n\n\n\n<p><span style=\"font-weight: 400;\">Sometimes, you can encapsulate your purpose in an incomprehensible chunk of the tale. Picking out the right metaphor to enable quick grasping of content is very crucial. Quantitative Research allows storytellers to come up with better metaphors. This type of <a href=\"https:\/\/www.sisinternational.com\/pl\/ekspertyza\/branze\/dyrektor-ds-informatyki-cio-badania-rynku\/\" title=\"Dyrektor ds. informatyki (CIO) Badania rynku\"  data-wpil-monitor-id=\"9280\">Research can summarize a load of information<\/a> to drive a point home. It serves to propel consumer satisfaction as well as win over stakeholders\u2019 support.<\/span><\/p>\n\n\n\n<h2 class=\"wp-block-heading\"><span style=\"font-weight: 400;\">Badania rynku pomagaj\u0105 tw\u00f3rcom historii tworzy\u0107 punkty zwrotne i punkty kulminacyjne<\/span><\/h2>\n\n\n\n<p><span style=\"font-weight: 400;\">The turning point and the climax go hand in hand. Storytellers need a riveting turning point- from a wrong decision to a good one, which can elicit positive reaction about a particular <a href=\"https:\/\/www.sisinternational.com\/pl\/ekspertyza\/cv-z-doswiadczeniem\/badania-rynku-produktow-do-pielegnacji-osobistej\/\" title=\"Badania rynku produkt\u00f3w do piel\u0119gnacji osobistej\"  data-wpil-monitor-id=\"9274\">product in the market<\/a>. Market <a href=\"https:\/\/www.sisinternational.com\/pl\/ekspertyza\/branze\/point-of-purchase-market-research\/\" title=\"Badania rynku punkt\u00f3w sprzeda\u017cy\"  data-wpil-monitor-id=\"9282\">badania<\/a> can help to form a sound basis and reasoning for the turning point. It can also help storytellers to portray it in a positive light. A turning point trickles down to the climax. In the end, this climax aims to cement the understanding and \u2018pledge of loyalty\u2019 towards the product. Market research is critical if you want to achieve these lofty goals.<\/span><\/p>\n\n\n\n<h2 class=\"wp-block-heading\"><span style=\"font-weight: 400;\">O badaniu rynku Story Telling<\/span><\/h2>\n\n\n\n<p><span style=\"font-weight: 400;\">Storytelling is the new mode of customer attraction. It leads to conviction towards a specific business product. It would help if you did proper and thorough market research so that the story is a success. It also has to meet its intended purpose, which is to help build your brand. In essence, market <a href=\"https:\/\/www.sisinternational.com\/pl\/the-impact-of-desk-research-on-strategic-decision-making\/\" title=\"The Impact of Desk Research on Strategic Decision-Making\"  data-wpil-monitor-id=\"9284\">research is the backbone of any impactful<\/a> storytelling.&nbsp; We conduct:<\/span><\/p>\n\n\n\n<ul class=\"wp-block-list\">\n<li>Storyboarding (Scenariusz)<\/li>\n\n\n\n<li>Home, <a href=\"https:\/\/www.sisinternational.com\/pl\/rozwiazania\/rozwiazania-w-zakresie-brandingu-i-badan-klientow\/badania-etnograficzne-wideo\/\" title=\"Badania etnograficzne wideo\"  data-wpil-monitor-id=\"6796\">Video &amp; Street Ethnography<\/a><\/li>\n\n\n\n<li>Pisanie, produkcja i edycja wideo<\/li>\n\n\n\n<li>Warsztaty marki<\/li>\n\n\n\n<li>Grupy fokusowe<\/li>\n\n\n\n<li>Wsp\u00f3\u0142tworzenie<\/li>\n<\/ul>","protected":false},"excerpt":{"rendered":"<p>Odkryj, w jaki spos\u00f3b analiza rynku oparta na opowiadaniu historii mo\u017ce poprawi\u0107 Twoje wyniki.<\/p>","protected":false},"author":1,"featured_media":62677,"parent":14650,"menu_order":14,"comment_status":"closed","ping_status":"closed","template":"","meta":{"footnotes":""},"class_list":["post-31802","page","type-page","status-publish","has-post-thumbnail"],"_links":{"self":[{"href":"https:\/\/www.sisinternational.com\/pl\/wp-json\/wp\/v2\/pages\/31802","targetHints":{"allow":["GET"]}}],"collection":[{"href":"https:\/\/www.sisinternational.com\/pl\/wp-json\/wp\/v2\/pages"}],"about":[{"href":"https:\/\/www.sisinternational.com\/pl\/wp-json\/wp\/v2\/types\/page"}],"author":[{"embeddable":true,"href":"https:\/\/www.sisinternational.com\/pl\/wp-json\/wp\/v2\/users\/1"}],"replies":[{"embeddable":true,"href":"https:\/\/www.sisinternational.com\/pl\/wp-json\/wp\/v2\/comments?post=31802"}],"version-history":[{"count":4,"href":"https:\/\/www.sisinternational.com\/pl\/wp-json\/wp\/v2\/pages\/31802\/revisions"}],"predecessor-version":[{"id":81552,"href":"https:\/\/www.sisinternational.com\/pl\/wp-json\/wp\/v2\/pages\/31802\/revisions\/81552"}],"up":[{"embeddable":true,"href":"https:\/\/www.sisinternational.com\/pl\/wp-json\/wp\/v2\/pages\/14650"}],"wp:featuredmedia":[{"embeddable":true,"href":"https:\/\/www.sisinternational.com\/pl\/wp-json\/wp\/v2\/media\/62677"}],"wp:attachment":[{"href":"https:\/\/www.sisinternational.com\/pl\/wp-json\/wp\/v2\/media?parent=31802"}],"curies":[{"name":"wp","href":"https:\/\/api.w.org\/{rel}","templated":true}]}}