{"id":31732,"date":"2019-05-27T04:16:46","date_gmt":"2019-05-27T04:16:46","guid":{"rendered":"https:\/\/www.sisinternational.com\/?page_id=31732"},"modified":"2026-03-12T12:41:27","modified_gmt":"2026-03-12T16:41:27","slug":"virtual-nurse-assistant-market-research","status":"publish","type":"page","link":"https:\/\/www.sisinternational.com\/pl\/rozwiazania\/badania-rynku-opieki-zdrowotnej\/virtual-nurse-assistant-market-research\/","title":{"rendered":"Badania rynku asystent\u00f3w piel\u0119gniarek wirtualnych"},"content":{"rendered":"<h1 class=\"wp-block-heading\"><span style=\"font-weight: 400;\">Badania rynku asystent\u00f3w piel\u0119gniarek wirtualnych<\/span><\/h1>\n\n\n\n<figure class=\"gb-block-image gb-block-image-4d96b787\"><img loading=\"lazy\" decoding=\"async\" width=\"1456\" height=\"816\" class=\"gb-image gb-image-4d96b787\" src=\"https:\/\/www.sisinternational.com\/wp-content\/uploads\/2025\/08\/Virtual-nurse-1.jpg\" alt=\"SIS Mi\u0119dzynarodowe badania rynku i strategia\" title=\"Virtual nurse (1)\" srcset=\"https:\/\/www.sisinternational.com\/wp-content\/uploads\/2025\/08\/Virtual-nurse-1.jpg 1456w, https:\/\/www.sisinternational.com\/wp-content\/uploads\/2025\/08\/Virtual-nurse-1-300x168.jpg 300w, https:\/\/www.sisinternational.com\/wp-content\/uploads\/2025\/08\/Virtual-nurse-1-1024x574.jpg 1024w, https:\/\/www.sisinternational.com\/wp-content\/uploads\/2025\/08\/Virtual-nurse-1-768x430.jpg 768w, https:\/\/www.sisinternational.com\/wp-content\/uploads\/2025\/08\/Virtual-nurse-1-18x10.jpg 18w\" sizes=\"auto, (max-width: 1456px) 100vw, 1456px\"><\/figure>\n\n\n\n<p><\/p>\n\n\n\n<h2 class=\"wp-block-heading\"><span style=\"font-weight: 400;\">How Market Research Benefits the Healthcare Industry<\/span><\/h2>\n\n\n\n<p><span style=\"font-weight: 400;\">The digital component of healthcare is fast becoming a technological specialty where doctors, nurses, and nursing assistants play an essential role. Remote access to health care opens many opportunities. Patients can now manage their health. They still need the professional guidance and monitoring of health care providers. <\/span><\/p>\n\n\n\n<ul class=\"wp-block-list\">\n<li><span style=\"font-weight: 400;\">How exactly are these professionals presenting the <a href=\"https:\/\/www.sisinternational.com\/pl\/ekspertyza\/branze\/demographics-market-research\/\" title=\"Badania rynku demograficznego\"  data-wpil-monitor-id=\"10913\">market to the target demographic<\/a>? <\/span><\/li>\n\n\n\n<li><span style=\"font-weight: 400;\">Do patients know about the virtual services you offer? <\/span><\/li>\n\n\n\n<li><span style=\"font-weight: 400;\">Do patients know how a virtual nurse assistant can benefit them?&nbsp; <\/span><\/li>\n<\/ul>\n\n\n\n<p><span style=\"font-weight: 400;\">Market Research plays a crucial role in answering these questions.<\/span><\/p>\n\n\n\n<h2 class=\"wp-block-heading\"><span style=\"font-weight: 400;\">Crafting the Right Marketing Campaign<\/span><\/h2>\n\n\n\n<p><span style=\"font-weight: 400;\"><a href=\"https:\/\/www.sisinternational.com\/pl\/ekspertyza\/branze\/computer-assisted-telephone-interviewing-market-research\/\" title=\"Badania rynku przy u\u017cyciu wywiad\u00f3w telefonicznych wspomaganych komputerowo\"  data-wpil-monitor-id=\"5777\">Market research generates data for virtual<\/a> nurse assistants and other professionals, which they can use to craft an appropriate marketing campaign targeting a specific demographic. Accurate <a href=\"https:\/\/www.sisinternational.com\/pl\/ekspertyza\/branze\/data-collection-market-research\/\" title=\"Badania rynku gromadzenia danych\"  data-wpil-monitor-id=\"10907\">data collection<\/a> and analysis are essential for creating marketing or advertising strategies that reach the correct demographic. The focus has to be on the demographic that health care services will benefit. Data collection is particularly important if the advertising <a href=\"https:\/\/www.sisinternational.com\/pl\/zintegrowana-strategia-marketingowa-dla-innowacyjnej-platformy-handlu-online\/\" title=\"Kampania marketingowa dla innowacyjnej platformy handlu online\"  data-wpil-monitor-id=\"10908\">campaign targets a niche market<\/a>. For example, the aim can be clients looking for the services of virtual nurse assistants. Without reliable research data, the wrong reports may drive the marketing campaign. This type of marketing could affect the efficacy of the campaign.<\/span><\/p>\n\n\n\n<h2 class=\"wp-block-heading\"><span style=\"font-weight: 400;\">Making Provider Data More Credible<\/span><\/h2>\n\n\n\n<p><span style=\"font-weight: 400;\">Accurate <a href=\"https:\/\/www.sisinternational.com\/pl\/rozwiazania\/doradztwo-strategiczne-fintech-badania\/bank-data-analytics-market-research\/\" title=\"Badania rynku analityki danych bankowych\"  data-wpil-monitor-id=\"10916\">data comes from sound research<\/a> techniques. This principle also holds in the health care industry. In healthcare, wrong or inaccurate data can pose a danger to human lives. Health care businesses should avail themselves of vigorous and reliable market research. They should ensure that the market researchers that they hire can produce accurate data. By publishing the study, they put themselves in a credible, trusted position. This position makes them more attractive to potential customers. Reliable data makes for better advertising. For example, you can show how hiring a virtual nursing assistant reduces emergency room visits. &nbsp;Virtual nursing assistants can use such data for several other purposes, such as promoting their services to house-bound or senior patients.<\/span><\/p>\n\n\n\n<h2 class=\"wp-block-heading\"><span style=\"font-weight: 400;\">Creating Targeted Healthcare Services that Cater to Specific Needs<\/span><\/h2>\n\n\n\n<p><span style=\"font-weight: 400;\">Marketing research not only focuses on how to present and deliver services. Survey results can also determine what kind of services a target population needs. A population is always more receptive to a <a href=\"https:\/\/www.sisinternational.com\/pl\/rozwiazania\/doradztwo-strategiczne-fintech-badania\/financial-services-market-research\/\" title=\"Badania rynku us\u0142ug finansowych\"  data-wpil-monitor-id=\"10909\">marketing campaign for a service<\/a> that they need. The reverse is also true. For example, it <a href=\"https:\/\/www.sisinternational.com\/pl\/rozwiazania\/rozwiazania-w-zakresie-brandingu-i-badan-klientow\/badania-rynku-opowiadania-historii\/\" title=\"Badania rynku opowiadania historii\"  data-wpil-monitor-id=\"10911\">tells you where to market<\/a> senior home health care services. It also tells you that such a venture would not make sense in an area where the older population is less than 5%.<\/span><\/p>\n\n\n\n<h2 class=\"wp-block-heading\"><span style=\"font-weight: 400;\">Staying Updated on Market Trends<\/span><\/h2>\n\n\n\n<p><span style=\"font-weight: 400;\">Market research gathers data on the products and services the target demographic wants. It also gives information on the best type of delivery for specific demographics. It tells you what time of the year is best for a particular campaign, and the like. All this data can help in crafting effective and efficient campaigns. These campaigns will bring the highest level of exposure to a new product or service.<\/span><\/p>\n\n\n\n<h2 class=\"wp-block-heading\">About Virtual Nurse Market Research<\/h2>\n\n\n\n<p><span style=\"font-weight: 400;\">Market research is crucial for any marketing campaign. We provide Qualitative, <a href=\"https:\/\/www.sisinternational.com\/pl\/how-to-design-effective-surveys-for-quantitative-research\/\" title=\"How to Design Effective Surveys for Quantitative Research\"  data-wpil-monitor-id=\"10912\">Quantitative and Strategy Research<\/a>.&nbsp; Research ensures campaign efficacy and better use of resources. It also gives you a better connection to the target demographic and assures the delivery of services to the demographic that needs it most. This information on the customers you&#8217;re advertising to is the reason why the best companies make market research a priority. They do due diligence before making important <a href=\"https:\/\/www.sisinternational.com\/pl\/publikacje\/scalable-business-market-research-7-ways-to-build-a-scalable-business\/\" title=\"Skalowalne badania rynku biznesowego: 7 sposob\u00f3w na zbudowanie skalowalnego biznesu\"  data-wpil-monitor-id=\"10914\">marketing and business<\/a> decisions. If businesses want to succeed in the health care industry, they should follow suit.<\/span><\/p>\n\n\n\n<h2 class=\"wp-block-heading\"><a href=\"https:\/\/www.sisinternational.com\/pl\/about-sis\/contact-sis-international-market-research\/\">Contact us for your next <span style=\"font-weight: 400;\">Virtual Nurse Assistant Market Research project.<\/span><\/a><\/h2>\n\n\n\n<p><\/p>","protected":false},"excerpt":{"rendered":"<p>Odkryj, w jaki spos\u00f3b badania rynku wirtualnych asystent\u00f3w piel\u0119gniarskich mog\u0105 zwi\u0119kszy\u0107 Twoj\u0105 produktywno\u015b\u0107.<\/p>","protected":false},"author":1,"featured_media":64912,"parent":11294,"menu_order":49,"comment_status":"closed","ping_status":"closed","template":"","meta":{"footnotes":""},"class_list":["post-31732","page","type-page","status-publish","has-post-thumbnail"],"_links":{"self":[{"href":"https:\/\/www.sisinternational.com\/pl\/wp-json\/wp\/v2\/pages\/31732","targetHints":{"allow":["GET"]}}],"collection":[{"href":"https:\/\/www.sisinternational.com\/pl\/wp-json\/wp\/v2\/pages"}],"about":[{"href":"https:\/\/www.sisinternational.com\/pl\/wp-json\/wp\/v2\/types\/page"}],"author":[{"embeddable":true,"href":"https:\/\/www.sisinternational.com\/pl\/wp-json\/wp\/v2\/users\/1"}],"replies":[{"embeddable":true,"href":"https:\/\/www.sisinternational.com\/pl\/wp-json\/wp\/v2\/comments?post=31732"}],"version-history":[{"count":6,"href":"https:\/\/www.sisinternational.com\/pl\/wp-json\/wp\/v2\/pages\/31732\/revisions"}],"predecessor-version":[{"id":81785,"href":"https:\/\/www.sisinternational.com\/pl\/wp-json\/wp\/v2\/pages\/31732\/revisions\/81785"}],"up":[{"embeddable":true,"href":"https:\/\/www.sisinternational.com\/pl\/wp-json\/wp\/v2\/pages\/11294"}],"wp:featuredmedia":[{"embeddable":true,"href":"https:\/\/www.sisinternational.com\/pl\/wp-json\/wp\/v2\/media\/64912"}],"wp:attachment":[{"href":"https:\/\/www.sisinternational.com\/pl\/wp-json\/wp\/v2\/media?parent=31732"}],"curies":[{"name":"wp","href":"https:\/\/api.w.org\/{rel}","templated":true}]}}