{"id":31157,"date":"2019-03-05T00:34:34","date_gmt":"2019-03-05T00:34:34","guid":{"rendered":"https:\/\/www.sisinternational.com\/?page_id=31157"},"modified":"2026-03-05T23:49:17","modified_gmt":"2026-03-06T04:49:17","slug":"travel-technology-market-research","status":"publish","type":"page","link":"https:\/\/www.sisinternational.com\/pl\/ekspertyza\/turystyka-podroznicza\/travel-technology-market-research\/","title":{"rendered":"Badania rynku technologii podr\u00f3\u017cniczych"},"content":{"rendered":"<h1 class=\"wp-block-heading\">Badania rynku technologii podr\u00f3\u017cniczych<\/h1>\n\n\n\n<figure class=\"gb-block-image gb-block-image-1d02943a\"><img loading=\"lazy\" decoding=\"async\" width=\"1456\" height=\"816\" class=\"gb-image gb-image-1d02943a\" src=\"https:\/\/www.sisinternational.com\/wp-content\/uploads\/2025\/08\/Travel-5.jpg\" alt=\"SIS Mi\u0119dzynarodowe badania rynku i strategia\" title=\"Travel (5)\" srcset=\"https:\/\/www.sisinternational.com\/wp-content\/uploads\/2025\/08\/Travel-5.jpg 1456w, https:\/\/www.sisinternational.com\/wp-content\/uploads\/2025\/08\/Travel-5-300x168.jpg 300w, https:\/\/www.sisinternational.com\/wp-content\/uploads\/2025\/08\/Travel-5-1024x574.jpg 1024w, https:\/\/www.sisinternational.com\/wp-content\/uploads\/2025\/08\/Travel-5-768x430.jpg 768w, https:\/\/www.sisinternational.com\/wp-content\/uploads\/2025\/08\/Travel-5-18x10.jpg 18w\" sizes=\"auto, (max-width: 1456px) 100vw, 1456px\"><\/figure>\n\n\n\n<p><\/p>\n\n\n\n<h2 class=\"wp-block-heading\">Travel Technology is the use of IT in the travel, tourism, and hospitality industry.<\/h2>\n\n\n\n<p>It also includes virtual tourism in the form of virtual tour technologies. Many travel technology companies have grown up to create better experiences for travelers. Examples include Expedia, Orbitz, and TripAdvisor. Software providers are also developing <a href=\"https:\/\/www.sisinternational.com\/pl\/rozwiazania\/podroze-turystyka-hotelarstwo-doradztwo\/smart-hotel-technology-consulting\/\" title=\"Doradztwo w zakresie technologii inteligentnych hoteli\"  data-wpil-monitor-id=\"9397\">technology to book flights and hotels<\/a> online.<\/p>\n\n\n\n<h2 class=\"wp-block-heading\">Role of Travel Technology<\/h2>\n\n\n\n<p>New developments in travel technology promise an even more thrilling and interactive experience. These high-tech advances have transformed how we travel. Not one person today will doubt the significance of technology in tourism. It has impacted and continues to shape the way we move. We use technology to select a holiday destination and to plan what to do once we\u2019re there. We even use it to decide what to do after we\u2019ve returned from our vacation.<\/p>\n\n\n\n<h2 class=\"wp-block-heading\">Travel Technology Trends<\/h2>\n\n\n\n<p>Technology plays a dynamic role for <a href=\"https:\/\/www.sisinternational.com\/pl\/rozwiazania\/podroze-turystyka-hotelarstwo-doradztwo\/business-travel-market-research\/\" title=\"Badania rynku podr\u00f3\u017cy s\u0142u\u017cbowych\"  data-wpil-monitor-id=\"9398\">businesses in the travel<\/a> sector. Their customers also find it very useful. It increases the efficiency of business operations and improves the customer experience. Here are some of the most important tech trends in today\u2019s tourism industry:<\/p>\n\n\n\n<ol class=\"wp-block-list\">\n<li>Internet of Things (IoT): Hotel rooms are using IoT. Upon check-in, the <a href=\"https:\/\/www.sisinternational.com\/pl\/ekspertyza\/branze\/badania-rynku-doswiadczen-klientow-hotelowych\/\" title=\"Badania rynku do\u015bwiadcze\u0144 klient\u00f3w hotelowych\"  data-wpil-monitor-id=\"9399\">hotels give customers<\/a> a connected device. The customer can use it for anything, from the air conditioners and heaters to the lights. The customer can control everything from one place.<\/li>\n\n\n\n<li>Biometrics: Some hotels have implemented biometric technology. This technology allows access to rooms via fingerprints and eases semi-contactless checkouts. It also allows hotels to use other biometric markers such as facial recognition and retina scanning.<\/li>\n\n\n\n<li>Robotics: Robots are useful in places like airports. They help detect concealed weapons. Travel agents also use them for pre-screening. Hotel chains are deploying robots in various information points.<\/li>\n<\/ol>\n\n\n\n<h2 class=\"wp-block-heading\">Travel Technology Gadgets<\/h2>\n\n\n\n<p>Travel technology gadgets have forever transformed how we experience the world. They are lifesavers for today\u2019s travelers. These gadgets include:<\/p>\n\n\n\n<ol class=\"wp-block-list\">\n<li>Pocket sized washing machine: This lightweight, pocket-sized wash bag comes with a flexible washboard. All it needs is 2-4 liters of water and some liquid detergent, and it cleans clothes in less than three minutes.<\/li>\n\n\n\n<li>Portable Wi-Fi Hotspot and Power Bank: This connectivity gadget offers unlimited 4G LTE service. You can use it in over 130 countries around the globe. Techies consider it to be one of the best mobile Wi-Fi hotspots on the market.<\/li>\n\n\n\n<li>Travel Drone: This foldable, compact device allows travelers to capture the beauty of their surroundings. It works up to 4.1 miles away.<\/li>\n<\/ol>\n\n\n\n<h2 class=\"wp-block-heading\">Travel Technology in Europe<\/h2>\n\n\n\n<p>Travel technology is now so essential that it has an international trade show. This show is for all <a href=\"https:\/\/www.sisinternational.com\/pl\/rozwiazania\/podroze-turystyka-hotelarstwo-doradztwo\/\" title=\"Doradztwo w zakresie podr\u00f3\u017cy, turystyki i go\u015bcinno\u015bci\"  data-wpil-monitor-id=\"9395\">travel and tourism<\/a> agencies worldwide. This forum, Travel Technology Europe, is a medium that displays many of the industry&#8217;s essential goods. Travel, hospitality, tourism, holidays, and payment systems are on display. Attendees can also look at e-commerce, information technologies, booking, and reservation systems. Also, of course, travel technology forms part of the revelation.<\/p>\n\n\n\n<h2 class=\"wp-block-heading\">Travel Technology News<\/h2>\n\n\n\n<p>The World Travel &amp; Tourism Council (WTTC) has started a new enterprise that aims to foster more secure global trips through increased use of biometric technology. The International Border Management &amp; Technologies Association is teaming with the WTTC to enhance the latter\u2019s Seamless Travel Journeys Program. This program will use biometrics. Travelers won\u2019t need to provide the same passport or information several times.<\/p>\n\n\n\n<h2 class=\"wp-block-heading\">Customer Centricity in Travel Technology<\/h2>\n\n\n\n<p>Optimizing apps, websites and travel services for customers is a major priority.&nbsp; Showing up on Search Engines and enhancing ease of use are ways to boost revenues and profitability.&nbsp; UX Research and <a href=\"https:\/\/www.sisinternational.com\/pl\/qualitative-research-to-enhance-customer-experience\/\" title=\"Qualitative Research to Enhance Customer Experience\"  data-wpil-monitor-id=\"9392\">Jako\u015bciowy<\/a> Research provides insights for boosting satisfaction and creating customer value.<\/p>\n\n\n\n<h2 class=\"wp-block-heading\">Why is Travel Technology Important?<\/h2>\n\n\n\n<p>The travel industry has migrated online. Thus, building portals that meet customer demands is vital. Travel agents are losing ground as travelers depend more on their smartphones to book flights and hotels. They also use smartphones to recommend restaurants and provide directions. In the travel industry, interaction with the consumer is becoming more critical. The tech advances are allowing industry players to know their customers a bit better.<\/p>\n\n\n\n<h2 class=\"wp-block-heading\">About Travel Technology Market Research<\/h2>\n\n\n\n<p>SIS conducts Qualitative, <a href=\"https:\/\/www.sisinternational.com\/pl\/zasieg\/europa\/quantitative-research-in-london\/\" title=\"Quantitative Research in London\"  data-wpil-monitor-id=\"9396\">Quantitative and Strategy Research<\/a>.&nbsp; Qualitative Research is exploratory research examining the &#8220;why&#8221; and motivations behind purchasing behavior.&nbsp; Qualitative Methods include Focus Groups, Ethnography, Customer <a href=\"https:\/\/www.sisinternational.com\/pl\/wywiady-f2f-i-online-zalety-i-wady\/\" title=\"Wywiady F2F i online: zalety i wady\"  data-wpil-monitor-id=\"7451\">Interviews and Digital Online<\/a> Communities.&nbsp; <a href=\"https:\/\/www.sisinternational.com\/pl\/how-to-design-effective-surveys-for-quantitative-research\/\" title=\"How to Design Effective Surveys for Quantitative Research\"  data-wpil-monitor-id=\"9393\">Quantitative Research in the form of surveys<\/a> provides measurement data to understand the extent to which customers agree or disagree with advertisements and stimuli.&nbsp; Strategy Research uncovers areas of opportunity and competitive threats to your <a href=\"https:\/\/www.sisinternational.com\/pl\/rozwiazania\/doradztwo-strategiczne\/new-product-launch-market-research\/\" title=\"New Product Launch Research\"  data-wpil-monitor-id=\"9394\">product launches<\/a>.<\/p>\n\n\n\n<p><\/p>","protected":false},"excerpt":{"rendered":"<p>SIS jest wiod\u0105c\u0105 globaln\u0105 firm\u0105 bada\u0144 rynku. Odkryj, jak Travel Technology Market Research mo\u017ce zwi\u0119kszy\u0107 Twoje przychody i wydajno\u015b\u0107.<\/p>","protected":false},"author":1,"featured_media":62583,"parent":14221,"menu_order":0,"comment_status":"closed","ping_status":"closed","template":"","meta":{"_uag_custom_page_level_css":"","footnotes":""},"class_list":["post-31157","page","type-page","status-publish","has-post-thumbnail"],"uagb_featured_image_src":{"full":["https:\/\/www.sisinternational.com\/wp-content\/uploads\/2025\/08\/Travel-5.jpg",1456,816,false],"thumbnail":["https:\/\/www.sisinternational.com\/wp-content\/uploads\/2025\/08\/Travel-5-150x150.jpg",150,150,true],"medium":["https:\/\/www.sisinternational.com\/wp-content\/uploads\/2025\/08\/Travel-5-300x168.jpg",300,168,true],"medium_large":["https:\/\/www.sisinternational.com\/wp-content\/uploads\/2025\/08\/Travel-5-768x430.jpg",768,430,true],"large":["https:\/\/www.sisinternational.com\/wp-content\/uploads\/2025\/08\/Travel-5-1024x574.jpg",1024,574,true],"1536x1536":["https:\/\/www.sisinternational.com\/wp-content\/uploads\/2025\/08\/Travel-5.jpg",1456,816,false],"2048x2048":["https:\/\/www.sisinternational.com\/wp-content\/uploads\/2025\/08\/Travel-5.jpg",1456,816,false],"trp-custom-language-flag":["https:\/\/www.sisinternational.com\/wp-content\/uploads\/2025\/08\/Travel-5-18x10.jpg",18,10,true]},"uagb_author_info":{"display_name":"Ruth Stanat","author_link":"https:\/\/www.sisinternational.com\/pl\/author\/expert\/"},"uagb_comment_info":0,"uagb_excerpt":"SIS is a leading Global Market Research company. Discover how Travel Technology Market Research can boost your revenue and performance.","_links":{"self":[{"href":"https:\/\/www.sisinternational.com\/pl\/wp-json\/wp\/v2\/pages\/31157","targetHints":{"allow":["GET"]}}],"collection":[{"href":"https:\/\/www.sisinternational.com\/pl\/wp-json\/wp\/v2\/pages"}],"about":[{"href":"https:\/\/www.sisinternational.com\/pl\/wp-json\/wp\/v2\/types\/page"}],"author":[{"embeddable":true,"href":"https:\/\/www.sisinternational.com\/pl\/wp-json\/wp\/v2\/users\/1"}],"replies":[{"embeddable":true,"href":"https:\/\/www.sisinternational.com\/pl\/wp-json\/wp\/v2\/comments?post=31157"}],"version-history":[{"count":6,"href":"https:\/\/www.sisinternational.com\/pl\/wp-json\/wp\/v2\/pages\/31157\/revisions"}],"predecessor-version":[{"id":81570,"href":"https:\/\/www.sisinternational.com\/pl\/wp-json\/wp\/v2\/pages\/31157\/revisions\/81570"}],"up":[{"embeddable":true,"href":"https:\/\/www.sisinternational.com\/pl\/wp-json\/wp\/v2\/pages\/14221"}],"wp:featuredmedia":[{"embeddable":true,"href":"https:\/\/www.sisinternational.com\/pl\/wp-json\/wp\/v2\/media\/62583"}],"wp:attachment":[{"href":"https:\/\/www.sisinternational.com\/pl\/wp-json\/wp\/v2\/media?parent=31157"}],"curies":[{"name":"wp","href":"https:\/\/api.w.org\/{rel}","templated":true}]}}