{"id":31129,"date":"2019-03-04T01:34:46","date_gmt":"2019-03-04T01:34:46","guid":{"rendered":"https:\/\/www.sisinternational.com\/?page_id=31129"},"modified":"2025-09-14T00:07:26","modified_gmt":"2025-09-14T04:07:26","slug":"proof-of-concept-research","status":"publish","type":"page","link":"https:\/\/www.sisinternational.com\/pl\/rozwiazania\/doradztwo-strategiczne\/proof-of-concept-research\/","title":{"rendered":"Badania potwierdzaj\u0105ce koncepcj\u0119"},"content":{"rendered":"<h1 class=\"wp-block-heading p1\"><span class=\"s1\">Badania potwierdzaj\u0105ce koncepcj\u0119<\/span><\/h1>\n\n\n\n<figure class=\"gb-block-image gb-block-image-cb8225bd\"><img loading=\"lazy\" decoding=\"async\" width=\"1456\" height=\"816\" class=\"gb-image gb-image-cb8225bd\" src=\"https:\/\/www.sisinternational.com\/wp-content\/uploads\/2025\/09\/Quantitative-research-17.jpg\" alt=\"SIS Mi\u0119dzynarodowe badania rynku i strategia\" title=\"Quantitative research (17)\" srcset=\"https:\/\/www.sisinternational.com\/wp-content\/uploads\/2025\/09\/Quantitative-research-17.jpg 1456w, https:\/\/www.sisinternational.com\/wp-content\/uploads\/2025\/09\/Quantitative-research-17-300x168.jpg 300w, https:\/\/www.sisinternational.com\/wp-content\/uploads\/2025\/09\/Quantitative-research-17-1024x574.jpg 1024w, https:\/\/www.sisinternational.com\/wp-content\/uploads\/2025\/09\/Quantitative-research-17-768x430.jpg 768w, https:\/\/www.sisinternational.com\/wp-content\/uploads\/2025\/09\/Quantitative-research-17-18x10.jpg 18w\" sizes=\"auto, (max-width: 1456px) 100vw, 1456px\"><\/figure>\n\n\n\n<p><\/p>\n\n\n\n<h2 class=\"wp-block-heading\"><span style=\"font-weight: 400;\">What is Proof of Concept?<\/span><\/h2>\n\n\n\n<p><span style=\"font-weight: 400;\">Each new business has an enormous risk attached. A company is off to a great start if it can prove its business idea works and is viable. We call this \u201cproof of concept.\u201d Venture capitalists tend to wait for proof of concept before investing in a business. It measures how much a company can achieve in a way that\u2019s quantifiable.<\/span><\/p>\n\n\n\n<h2 class=\"wp-block-heading\"><span style=\"font-weight: 400;\">Proof of Concept vs Pilot: What is the difference?<\/span><\/h2>\n\n\n\n<p><span style=\"font-weight: 400;\">A pilot project is a preliminary release of a <a href=\"https:\/\/www.sisinternational.com\/pl\/rozwiazania\/testowanie-smaku\/uslugi-testowania-produktow-w-nowym-jorku\/\" title=\"Us\u0142ugi testowania produkt\u00f3w w Nowym Jorku\"  data-wpil-monitor-id=\"9268\">product or service<\/a>. It aims at a partial determination of the projected final solution, which can have several limitations, including the business associates involved and the procedures affected. Another restriction is the number of users with access to the system. &nbsp;The goal of a pilot project is <a href=\"https:\/\/www.sisinternational.com\/pl\/rozwiazania\/rozwiazania-w-zakresie-brandingu-i-badan-klientow\/badania-rynku-testowanie-produktow\/\" title=\"Badania rynku testowania produkt\u00f3w\"  data-wpil-monitor-id=\"9254\">testing in a production<\/a> setting. The goal of a proof of concept is to confirm the potential of a model. A proof of concept is usually small and may not be complete.<\/span><\/p>\n\n\n\n<h2 class=\"wp-block-heading\"><span style=\"font-weight: 400;\">What is the Difference Between a Prototype and Proof of Concept?<\/span><\/h2>\n\n\n\n<p><span style=\"font-weight: 400;\">Many people use these two terms as if they are interchangeable. <a href=\"https:\/\/www.sisinternational.com\/pl\/rozwiazania\/rozwiazania-w-zakresie-brandingu-i-badan-klientow\/badania-rynku-testowanie-produktow\/najlepsza-firma-zajmujaca-sie-badaniami-rynku-uzytecznosci\/\" title=\"Usability testing Company\"  data-wpil-monitor-id=\"9266\">Companies use Proof of Concept to test<\/a> whether they should put a particular theory or idea in place. A prototype is different. Its primary purpose is to help manufacturers decide what to do with a product in development. It also helps them reduce the number of mistakes made. Proof of concept offers a model of one aspect of the product; a prototype is a working model of several elements.<\/span><\/p>\n\n\n\n<h2 class=\"wp-block-heading\"><span style=\"font-weight: 400;\">Who Should Use Proof of Concept?<\/span><\/h2>\n\n\n\n<ul class=\"wp-block-list\">\n<li><b>Software Developers: <\/b><span style=\"font-weight: 400;\">Developers can use proof of concept in the early development cycle. They can also use it to sell the idea of the software. They can also use POC to detect performance issues. The outcomes of POC include the assurance aspects of technical viability. They also include the problems affecting the general estimate of the efforts. The scope of efforts is also part of the outcome. <\/span><\/li>\n\n\n\n<li><b>Manufacturers:<\/b><span style=\"font-weight: 400;\"> A POC can help a manufacturer to recognize potential problems. Technical and logistical issues can obstruct success. Alternatively, it can give organizations the chance to ask for internal feedback. Such feedback is valuable if it&#8217;s a promising product or service. Also, it decreases unnecessary exposure and risk. It allows stakeholders to test design choices early in the development cycle.<\/span><\/li>\n<\/ul>\n\n\n\n<h2 class=\"wp-block-heading\"><span style=\"font-weight: 400;\">When Should a Company Use Proof of Concept?<\/span><\/h2>\n\n\n\n<p><span style=\"font-weight: 400;\">A company should use POC if it wants to confirm marketability on a shoestring budget. For example, say a company wanted to build a video doorbell. It would need to apply the POC technique to prove it\u2019s not wasting time on something nobody wants. To ascertain if the idea is workable, it would need to answer specific questions. For example, \u201cwhy buy a video doorbell when one can install a security system?\u201d<\/span><\/p>\n\n\n\n<h2 class=\"wp-block-heading\"><span style=\"font-weight: 400;\">How to Use Proof of Concept<\/span><\/h2>\n\n\n\n<p><span style=\"font-weight: 400;\">The best thing to do when working on a new product is to adopt a lean approach. With this approach, the company invests the lowest amount of time and money at the beginning. It also gathers <a href=\"https:\/\/www.sisinternational.com\/pl\/rozwiazania\/customer-insights\/\" title=\"Spostrze\u017cenia klient\u00f3w\"  data-wpil-monitor-id=\"9267\">insights from customers<\/a>. The company can spend more as it receives <a href=\"https:\/\/www.sisinternational.com\/pl\/rozwiazania\/rozwiazania-w-zakresie-brandingu-i-badan-klientow\/badania-rynku-pozycjonowania-marki\/\" title=\"Badania rynku pozycjonowania marki\"  data-wpil-monitor-id=\"9262\">positive feedback from the market<\/a>. Engineers will jump in at a certain point of this process. They will see how much of the proposition the company can deliver and how much it will have to outsource. They will also say what it costs.<\/span><\/p>\n\n\n\n<h2 class=\"wp-block-heading\"><span style=\"font-weight: 400;\">Why is the Proof of Concept Important?<\/span><\/h2>\n\n\n\n<p><span style=\"font-weight: 400;\">The POC helps stakeholders to understand the limitations of a system. It also shows them the system&#8217;s capabilities. They can thus select only the processes that generate the most benefit. These processes should deliver rapid business returns and minimal development troubles. A POC project may, in some cases, determine that the company cannot solve the problem. Thus, POC can prevent the company from <a href=\"https:\/\/www.sisinternational.com\/pl\/rozwiazania\/doradztwo-strategiczne\/new-product-launch-market-research\/\" title=\"New Product Launch Research\"  data-wpil-monitor-id=\"9259\">launching an unsuccessful product<\/a>.<\/span><\/p>\n\n\n\n<h2 class=\"wp-block-heading\"><span style=\"font-weight: 400;\">How Research Helps<\/span><\/h2>\n\n\n\n<p>Strategy Research can provide the insights, data, and <a href=\"https:\/\/www.sisinternational.com\/pl\/rozwiazania\/doradztwo-strategiczne\/strategy-development-execution-consulting\/\" title=\"Doradztwo w zakresie opracowywania i realizacji strategii\"  data-wpil-monitor-id=\"9264\">strategies to develop<\/a> and improve your Proof of Concept.&nbsp; We provide Research-Support solutions through<\/p>\n\n\n\n<ul class=\"wp-block-list\">\n<li>Badania jako\u015bciowe<\/li>\n\n\n\n<li>Badania ilo\u015bciowe<\/li>\n\n\n\n<li>Go-To-Market Solutions<\/li>\n\n\n\n<li><a href=\"https:\/\/www.sisinternational.com\/pl\/rozwiazania\/doradztwo-strategiczne\/competitive-intelligence-training-and-strategy\/\" title=\"Szkolenia i strategie wywiadu konkurencyjnego\"  data-wpil-monitor-id=\"9249\">Strategy &amp; Competitive Intelligence<\/a><\/li>\n<\/ul>\n\n\n\n<p><\/p>","protected":false},"excerpt":{"rendered":"<p>Opracuj sw\u00f3j kolejny Proof of Concept, korzystaj\u0105c z najnowocze\u015bniejszych spostrze\u017ce\u0144, strategii i danych.<\/p>","protected":false},"author":1,"featured_media":67030,"parent":14567,"menu_order":11,"comment_status":"closed","ping_status":"closed","template":"","meta":{"footnotes":""},"class_list":["post-31129","page","type-page","status-publish","has-post-thumbnail"],"_links":{"self":[{"href":"https:\/\/www.sisinternational.com\/pl\/wp-json\/wp\/v2\/pages\/31129","targetHints":{"allow":["GET"]}}],"collection":[{"href":"https:\/\/www.sisinternational.com\/pl\/wp-json\/wp\/v2\/pages"}],"about":[{"href":"https:\/\/www.sisinternational.com\/pl\/wp-json\/wp\/v2\/types\/page"}],"author":[{"embeddable":true,"href":"https:\/\/www.sisinternational.com\/pl\/wp-json\/wp\/v2\/users\/1"}],"replies":[{"embeddable":true,"href":"https:\/\/www.sisinternational.com\/pl\/wp-json\/wp\/v2\/comments?post=31129"}],"version-history":[{"count":4,"href":"https:\/\/www.sisinternational.com\/pl\/wp-json\/wp\/v2\/pages\/31129\/revisions"}],"predecessor-version":[{"id":81549,"href":"https:\/\/www.sisinternational.com\/pl\/wp-json\/wp\/v2\/pages\/31129\/revisions\/81549"}],"up":[{"embeddable":true,"href":"https:\/\/www.sisinternational.com\/pl\/wp-json\/wp\/v2\/pages\/14567"}],"wp:featuredmedia":[{"embeddable":true,"href":"https:\/\/www.sisinternational.com\/pl\/wp-json\/wp\/v2\/media\/67030"}],"wp:attachment":[{"href":"https:\/\/www.sisinternational.com\/pl\/wp-json\/wp\/v2\/media?parent=31129"}],"curies":[{"name":"wp","href":"https:\/\/api.w.org\/{rel}","templated":true}]}}