{"id":30131,"date":"2019-02-10T01:07:39","date_gmt":"2019-02-10T01:07:39","guid":{"rendered":"https:\/\/www.sisinternational.com\/?page_id=30131"},"modified":"2025-09-14T00:14:31","modified_gmt":"2025-09-14T04:14:31","slug":"independent-financial-advisor-market-research","status":"publish","type":"page","link":"https:\/\/www.sisinternational.com\/pl\/rozwiazania\/doradztwo-strategiczne-fintech-badania\/independent-financial-advisor-market-research\/","title":{"rendered":"Niezale\u017cny Doradca Finansowy Badania Rynku"},"content":{"rendered":"<h1 class=\"wp-block-heading\">Niezale\u017cny Doradca Finansowy Badania Rynku<\/h1>\n\n\n\n<p><\/p>\n\n\n\n<figure class=\"gb-block-image gb-block-image-bc339ea3\"><img loading=\"lazy\" decoding=\"async\" width=\"1456\" height=\"816\" class=\"gb-image gb-image-bc339ea3\" src=\"https:\/\/www.sisinternational.com\/wp-content\/uploads\/2025\/08\/Finance-13.jpg\" alt=\"SIS Mi\u0119dzynarodowe badania rynku i strategia\" title=\"Finance (13)\" srcset=\"https:\/\/www.sisinternational.com\/wp-content\/uploads\/2025\/08\/Finance-13.jpg 1456w, https:\/\/www.sisinternational.com\/wp-content\/uploads\/2025\/08\/Finance-13-300x168.jpg 300w, https:\/\/www.sisinternational.com\/wp-content\/uploads\/2025\/08\/Finance-13-1024x574.jpg 1024w, https:\/\/www.sisinternational.com\/wp-content\/uploads\/2025\/08\/Finance-13-768x430.jpg 768w, https:\/\/www.sisinternational.com\/wp-content\/uploads\/2025\/08\/Finance-13-18x10.jpg 18w\" sizes=\"auto, (max-width: 1456px) 100vw, 1456px\"><\/figure>\n\n\n\n<hr class=\"wp-block-separator has-alpha-channel-opacity is-style-dots\"\/>\n\n\n\n<p>As investors demand more personalized, transparent, and conflict-free financial advice, the independent financial advisor market is experiencing rapid growth. Understanding the latest independent financial advisor market research trends is essential for firms looking to stay ahead in this evolving landscape.<\/p>\n\n\n\n<p>Na <a href=\"https:\/\/www.linkedin.com\/company\/sisinternationalresearch\/\" target=\"_blank\" rel=\"noopener\"><strong>SIS Mi\u0119dzynarodowe Badania<\/strong><\/a>, we provide in-depth insights into the&nbsp;<span style=\"box-sizing: border-box; margin: 0px; padding: 0px;\">independent financial advisor market&#8217;s key drivers, challenges, and opportunities<\/span><strong>.<\/strong><\/p>\n\n\n\n<h2 class=\"wp-block-heading\">Who are Independent Financial Advisers (IFAs)?<\/h2>\n\n\n\n<figure class=\"gb-block-image gb-block-image-a9682b2f\"><img loading=\"lazy\" decoding=\"async\" width=\"1456\" height=\"816\" class=\"gb-image gb-image-a9682b2f\" src=\"https:\/\/www.sisinternational.com\/wp-content\/uploads\/2025\/08\/Finance-11.jpg\" alt=\"SIS Mi\u0119dzynarodowe badania rynku i strategia\" title=\"Finance (11)\" srcset=\"https:\/\/www.sisinternational.com\/wp-content\/uploads\/2025\/08\/Finance-11.jpg 1456w, https:\/\/www.sisinternational.com\/wp-content\/uploads\/2025\/08\/Finance-11-300x168.jpg 300w, https:\/\/www.sisinternational.com\/wp-content\/uploads\/2025\/08\/Finance-11-1024x574.jpg 1024w, https:\/\/www.sisinternational.com\/wp-content\/uploads\/2025\/08\/Finance-11-768x430.jpg 768w, https:\/\/www.sisinternational.com\/wp-content\/uploads\/2025\/08\/Finance-11-18x10.jpg 18w\" sizes=\"auto, (max-width: 1456px) 100vw, 1456px\"><\/figure>\n\n\n\n<p><\/p>\n\n\n\n<p>Independent Financial Advisors are professionals who provide financial recommendations, advisory, and financial services to consumers.\u00a0 They are not part of global banking networks and therefore, considered independent.<\/p>\n\n\n\n<p><span style=\"font-weight: 400;\">The financial services industry has undergone sweeping changes over the last few years. The current landscape constantly refers to the maturity and siloed nature of technology applications that reside within many financial services organizations. <\/span><\/p>\n\n\n\n<p><span style=\"font-weight: 400;\">Furthermore, as financial institutions assimilate legacy systems through M&amp;A, add new <a href=\"https:\/\/www.sisinternational.com\/pl\/ekspertyza\/branze\/food-beverage-voice-of-the-customer-market-research\/\" title=\"Badania rynku \u017cywno\u015bci i napoj\u00f3w G\u0142os klienta\" data-wpil-monitor-id=\"11076\">customers in new markets<\/a>, and begin to offer a wider array of new products, such as brokerage and insurance services, they (in particular the larger players) are reevaluating how they manage customer relationships and taking an integrated look at customer value.<\/span><\/p>\n\n\n\n<h2 class=\"wp-block-heading\"><strong>Why Independent Financial Advisor Market Research Matters<\/strong><\/h2>\n\n\n\n<p>Independent financial advisors operate outside traditional banks and wirehouses, offering <strong>fee-based, fiduciary-driven<\/strong> services that prioritize clients&#8217; best interests. As regulations shift and investors become more financially literate, <a href=\"https:\/\/www.sisinternational.com\/pl\/ekspertyza\/branze\/kitchen-essentials-market-research\/\" title=\"Badania rynku artyku\u0142\u00f3w kuchennych\" data-wpil-monitor-id=\"11074\">market research is essential<\/a> for:<\/p>\n\n\n\n<ul class=\"wp-block-list\">\n<li><p><strong>Understanding investor behavior<\/strong> and evolving financial planning needs.<\/p><\/li>\n\n\n\n<li><p><strong>Tracking competitive dynamics<\/strong> in the IFA space.<\/p><\/li>\n\n\n\n<li><p><strong>Identifying key regulatory changes<\/strong> impacting fiduciary responsibilities.<\/p><\/li>\n\n\n\n<li><p><strong>Exploring technological innovations<\/strong> that enhance advisor-client interactions.<\/p><\/li>\n<\/ul>\n\n\n\n<h2 class=\"wp-block-heading\">Small and Midsized Businesses<\/h2>\n\n\n\n<p><span style=\"font-weight: 400;\">Small and medium-sized organizations (SMBs) such as general insurance brokers, life and pensions brokers, fund managers, and foreign banks are under increasing pressure to remain viable as large banks and insurance companies continue to make inroads into their markets. <\/span><\/p>\n\n\n\n<p><span style=\"font-weight: 400;\">Furthermore, demanding compliance requirements and increasing competition from within their ranks are placing additional pressure on these organizations to remain viable. Their overarching goal is to maintain their appeal as the local <a href=\"https:\/\/www.sisinternational.com\/pl\/ekspertyza\/branze\/design-firm-market-research\/\" title=\"Badania rynku firmy projektowej\" data-wpil-monitor-id=\"11077\">market alternative to upper-tier firms<\/a>, and in order to do this, they need to be proactive in how they manage their customer relationships and also how they can derive more accurate customer value.<\/span><\/p>\n\n\n\n<h2 class=\"wp-block-heading\">Customer Relationship Management with Independent Financial Advisor Market Research<\/h2>\n\n\n\n<figure class=\"gb-block-image gb-block-image-a978df35\"><img loading=\"lazy\" decoding=\"async\" width=\"1456\" height=\"816\" class=\"gb-image gb-image-a978df35\" src=\"https:\/\/www.sisinternational.com\/wp-content\/uploads\/2025\/08\/Finance-17.jpg\" alt=\"SIS Mi\u0119dzynarodowe badania rynku i strategia\" title=\"Finance (17)\" srcset=\"https:\/\/www.sisinternational.com\/wp-content\/uploads\/2025\/08\/Finance-17.jpg 1456w, https:\/\/www.sisinternational.com\/wp-content\/uploads\/2025\/08\/Finance-17-300x168.jpg 300w, https:\/\/www.sisinternational.com\/wp-content\/uploads\/2025\/08\/Finance-17-1024x574.jpg 1024w, https:\/\/www.sisinternational.com\/wp-content\/uploads\/2025\/08\/Finance-17-768x430.jpg 768w, https:\/\/www.sisinternational.com\/wp-content\/uploads\/2025\/08\/Finance-17-18x10.jpg 18w\" sizes=\"auto, (max-width: 1456px) 100vw, 1456px\"><\/figure>\n\n\n\n<p><\/p>\n\n\n\n<p><span style=\"font-weight: 400;\">A logical solution for the two aforementioned issues comes from Customer Relationship Management (CRM) systems.&nbsp; Effective and efficient CRM solutions specifically created for and targeted at the SMB space, can help smaller financial organizations increase revenue while maintaining their forte of superior customer service.<\/span><\/p>\n\n\n\n<h2 class=\"wp-block-heading\">Opportunities and Challenges in Mature Markets<\/h2>\n\n\n\n<p><span style=\"font-weight: 400;\"><a href=\"https:\/\/www.sisinternational.com\/pl\/publikacje\/buyer-behavior-after-coronavirus-new-consumer\/\" title=\"Zachowanie kupuj\u0105cych po koronawirusie \u2013 badania rynku konsumenckiego\" data-wpil-monitor-id=\"11078\">Consumers in mature markets<\/a> such as the UK, US, and Western Europe are running out of steam. American and British spenders have weak balance sheets &#8211; low savings, high debts, and fear of rising interest rates. Independent financial advice suggests that we are shopped out. However, the Asian consumer has built up high savings and has little or no debt, while the credit card culture is in its infancy. They&#8217;ve been putting money away since the late 1990s Asian debt crisis, but they will want to spend it sometime.<\/span><\/p>\n\n\n\n<h2 class=\"wp-block-heading\">Digital Innovation and Disruption<\/h2>\n\n\n\n<p><span style=\"font-weight: 400;\">Technology will be a key issue in the race to improve profitability. Although the IFA industry has followed the main technological trends of increased speed and easier access to data, there is a general feeling that providers have failed to improve technology to make things easier for advisors, and instead are competing against each other to the detriment of the advisory industry.<\/span><\/p>\n\n\n\n<p><span style=\"font-weight: 400;\">However, if administration is improved, the income IFAs derive through sales will have a higher impact, enabling them to achieve high levels of repeat business by enhancing their communications and information systems.<\/span><\/p>\n\n\n\n<p><span style=\"font-weight: 400;\">Another key issue affecting the long-term future of the business is the problem of an aging profession. Not enough new advisors are coming into the market, which seriously threatens the industry&#8217;s future. Because the average IFA is much nearer to 55 than 25, their perspectives tend to be narrower and their goals more short-term, making them less responsive to change and less keen to take advantage of new products such as wraps, which require a long-term view.<\/span><\/p>\n\n\n\n<p><span style=\"font-weight: 400;\">However, some fear that technology may eventually reduce the need for financial advice. With the rise of Robo Advisors and Artificial Intelligence, the Financial Advisory and Wealth Management industries are being disrupted. &nbsp;On some insurance websites, for example, the entire term assurance application can now be completed online, removing the need for an advisor.<\/span><\/p>\n\n\n\n<h2 class=\"wp-block-heading\">Competitive Landscape<\/h2>\n\n\n\n<p><span style=\"font-weight: 400;\">A more competitive and complex landscape for financial services providers is forcing many organizations to reevaluate their existing channel strategies. This is especially true of small and medium-sized organizations that want to remain viable alternatives to their larger counterparts.<\/span><\/p>\n\n\n\n<p><span style=\"font-weight: 400;\">Strategic investments\/upgrades in CRM systems can help smaller financial organizations such as independent financial advisors, life and pension brokers, general insurance companies, building societies, and similar <a href=\"https:\/\/www.sisinternational.com\/pl\/rozwiazania\/doradztwo-strategiczne\/lead-generation-techniques\/\" title=\"Firma generuj\u0105ca potencjalnych klient\u00f3w\" data-wpil-monitor-id=\"11079\">firms improve revenue generation<\/a> while reducing costs and maintaining superior customer service advantages.<\/span><\/p>\n\n\n\n<h2 class=\"wp-block-heading\">Inteligencja kana\u0142u<\/h2>\n\n\n\n<p><span style=\"font-weight: 400;\">Even though the Internet is a significant and cost-effective sales and service delivery channel, fund managers, IFAs, and other smaller players cannot afford to rely only on one channel over another because this would limit functionality and product options and, hence, customer service. With customers using any combination of the channels available to them, SMBS must form a coherent multi-channel strategy. While offering a range of channels may be seen as a positive attribute, if they remain siloed and are not fully coordinated, they can have a negative impact on customer experience and, ultimately, on the financial organization itself.<\/span><\/p>\n\n\n\n<h2 class=\"wp-block-heading\"><strong>The Future of Independent Financial Advisor Market Research<\/strong><\/h2>\n\n\n\n<p>Looking ahead, the IFA market will be shaped by:<\/p>\n\n\n\n<ul class=\"wp-block-list\">\n<li><p><strong>AI-driven financial planning and predictive analytics.<\/strong><\/p><\/li>\n\n\n\n<li><p><strong>A hybrid model of human + robo-advisory services.<\/strong><\/p><\/li>\n\n\n\n<li><p><strong>Enhanced client education tools and digital onboarding processes.<\/strong><\/p><\/li>\n\n\n\n<li><p><strong>Stronger regulatory oversight and increased transparency.<\/strong><\/p><\/li>\n<\/ul>\n\n\n\n<h2 class=\"wp-block-heading\"><strong>Final Thoughts from Ruth Stanat, CEO of SIS International Research<\/strong><\/h2>\n\n\n\n<p>The independent financial advisor market is evolving faster than ever. Success in this industry requires deep market intelligence, strategic foresight, and a commitment to innovation.<\/p>\n\n\n\n<p>Na <strong><a href=\"https:\/\/www.sisinternational.com\/pl\/skontaktuj-sie-z-nami\/\" title=\"Skontaktuj si\u0119 z nami\" data-wpil-monitor-id=\"11070\">SIS Mi\u0119dzynarodowe Badania<\/a><\/strong>, we provide <strong>real-time insights, competitive analysis, and data-driven strategies<\/strong> to help financial advisors stay ahead of the curve.&nbsp;<\/p>\n\n\n\n<h2 class=\"wp-block-heading\">About Independent Financial Advisor Market Research<\/h2>\n\n\n\n<p>Independent Financial Advisors are important decision-makers who influence the decision to purchase or trade securities.\u00a0 They can influence decision-making on a large number of assets, and their opinions matter.\u00a0 <a href=\"https:\/\/www.sisinternational.com\/pl\/rozwiazania\/badania-rynku-i-doradztwo-strategiczne-w-zakresie-sztucznej-inteligencji\/natural-language-processing-ai-market-research\/\" title=\"Badania rynku sztucznej inteligencji w zakresie przetwarzania j\u0119zyka naturalnego\" data-wpil-monitor-id=\"11075\">Market Research uncovers the decision-making processes<\/a> of IFAs.\u00a0 Research also reveals insights into consumers seeking Financial Advisory services.<\/p>\n\n\n\n<h2 class=\"wp-block-heading\">Lokalizacja naszego obiektu w Nowym Jorku<\/h2>\n\n\n\n<p>\n\n\n\n<iframe loading=\"lazy\" src=\"https:\/\/www.google.com\/maps\/embed?pb=!1m18!1m12!1m3!1d3022.976188376966!2d-73.99130312499956!3d40.740549471389315!2m3!1f0!2f0!3f0!3m2!1i1024!2i768!4f13.1!3m3!1m2!1s0x89c259a15798c731%3A0xd695d09bdd495f25!2s11%20E%2022nd%20St%20FL%202%2C%20New%20York%2C%20NY%2010010%2C%20USA!5e0!3m2!1sen!2spe!4v1726171763526!5m2!1sen!2spe\" width=\"600\" height=\"450\" allowfullscreen=\"allowfullscreen\" data-mce-fragment=\"1\"><\/iframe>\n\n\n\n<\/p>\n\n\n\n<h3 class=\"wp-block-heading\">11 E 22nd Street, pi\u0119tro 2, Nowy Jork, NY 10010 T: +1(212) 505-6805<\/h3>\n\n\n\n<hr class=\"wp-block-separator has-alpha-channel-opacity\"\/>\n\n\n\n<h2 class=\"wp-block-heading\"><strong>O firmie SIS International<\/strong><\/h2>\n\n\n\n<p><a href=\"https:\/\/www.sisinternational.com\/pl\/\"><span style=\"font-weight: 400;\">SIS Mi\u0119dzynarodowy<\/span><\/a><span style=\"font-weight: 400;\"> offers Quantitative, Qualitative, and Strategy Research. We provide data, tools, strategies, reports, and insights for decision-making. We also conduct interviews, surveys, focus groups, and other <a href=\"https:\/\/www.sisinternational.com\/pl\/quantitative-market-research-methods-and-techniques\/\" title=\"Quantitative Market Research Methods and Techniques\" data-wpil-monitor-id=\"11073\">Market Research methods<\/a> and approaches.<\/span><a href=\"https:\/\/www.sisinternational.com\/pl\/o-moich-miedzynarodowych-badaniach\/contact-sis-international-market-research\/\"><span style=\"font-weight: 400;\"> Skontaktuj si\u0119 z nami<\/span><\/a><span style=\"font-weight: 400;\"> dla Twojego kolejnego projektu badania rynku.<\/span><\/p>\n\n\n\n<p><span style=\"font-weight: 400;\">&nbsp;<\/span><\/p>","protected":false},"excerpt":{"rendered":"<p>SIS jest wiod\u0105c\u0105 firm\u0105 bada\u0144 rynku. Odkryj mo\u017cliwo\u015bci z niezale\u017cnym doradc\u0105 finansowym w zakresie bada\u0144 rynku.<\/p>","protected":false},"author":1,"featured_media":62823,"parent":27462,"menu_order":16,"comment_status":"closed","ping_status":"closed","template":"","meta":{"footnotes":""},"class_list":["post-30131","page","type-page","status-publish","has-post-thumbnail"],"_links":{"self":[{"href":"https:\/\/www.sisinternational.com\/pl\/wp-json\/wp\/v2\/pages\/30131","targetHints":{"allow":["GET"]}}],"collection":[{"href":"https:\/\/www.sisinternational.com\/pl\/wp-json\/wp\/v2\/pages"}],"about":[{"href":"https:\/\/www.sisinternational.com\/pl\/wp-json\/wp\/v2\/types\/page"}],"author":[{"embeddable":true,"href":"https:\/\/www.sisinternational.com\/pl\/wp-json\/wp\/v2\/users\/1"}],"replies":[{"embeddable":true,"href":"https:\/\/www.sisinternational.com\/pl\/wp-json\/wp\/v2\/comments?post=30131"}],"version-history":[{"count":10,"href":"https:\/\/www.sisinternational.com\/pl\/wp-json\/wp\/v2\/pages\/30131\/revisions"}],"predecessor-version":[{"id":81811,"href":"https:\/\/www.sisinternational.com\/pl\/wp-json\/wp\/v2\/pages\/30131\/revisions\/81811"}],"up":[{"embeddable":true,"href":"https:\/\/www.sisinternational.com\/pl\/wp-json\/wp\/v2\/pages\/27462"}],"wp:featuredmedia":[{"embeddable":true,"href":"https:\/\/www.sisinternational.com\/pl\/wp-json\/wp\/v2\/media\/62823"}],"wp:attachment":[{"href":"https:\/\/www.sisinternational.com\/pl\/wp-json\/wp\/v2\/media?parent=30131"}],"curies":[{"name":"wp","href":"https:\/\/api.w.org\/{rel}","templated":true}]}}