{"id":29354,"date":"2018-12-24T20:48:22","date_gmt":"2018-12-24T20:48:22","guid":{"rendered":"https:\/\/www.sisinternational.com\/?page_id=29354"},"modified":"2026-01-25T17:09:37","modified_gmt":"2026-01-25T22:09:37","slug":"badania-rynku-w-teksasie","status":"publish","type":"page","link":"https:\/\/www.sisinternational.com\/pl\/zasieg\/north-america\/zasieg-usa\/badania-rynku-w-teksasie\/","title":{"rendered":"Badania rynku w Teksasie"},"content":{"rendered":"<h1 class=\"wp-block-heading\">Badania rynku w Teksasie<\/h1>\n\n\n\n<figure class=\"gb-block-image gb-block-image-200e2e07\"><img loading=\"lazy\" decoding=\"async\" width=\"1456\" height=\"816\" class=\"gb-image gb-image-200e2e07\" src=\"https:\/\/www.sisinternational.com\/wp-content\/uploads\/2025\/09\/Austin-Texas-4-3.jpg\" alt=\"SIS Mi\u0119dzynarodowe badania rynku i strategia\" title=\"Austin Texas 4 (3)\" srcset=\"https:\/\/www.sisinternational.com\/wp-content\/uploads\/2025\/09\/Austin-Texas-4-3.jpg 1456w, https:\/\/www.sisinternational.com\/wp-content\/uploads\/2025\/09\/Austin-Texas-4-3-300x168.jpg 300w, https:\/\/www.sisinternational.com\/wp-content\/uploads\/2025\/09\/Austin-Texas-4-3-1024x574.jpg 1024w, https:\/\/www.sisinternational.com\/wp-content\/uploads\/2025\/09\/Austin-Texas-4-3-768x430.jpg 768w, https:\/\/www.sisinternational.com\/wp-content\/uploads\/2025\/09\/Austin-Texas-4-3-18x10.jpg 18w\" sizes=\"auto, (max-width: 1456px) 100vw, 1456px\"><\/figure>\n\n\n\n<p><\/p>\n\n\n\n<h2 class=\"wp-block-heading\"><span style=\"font-weight: 400;\">Znaczenie gospodarki Teksasu<\/span><\/h2>\n\n\n\n<p><span style=\"font-weight: 400;\">Wsp\u00f3\u0142czesna gospodarka Teksasu jest dynamiczna, r\u00f3\u017cnorodna i ogromna. Gdyby stan by\u0142 niepodleg\u0142ym krajem, mia\u0142by dziesi\u0105t\u0105 co do wielko\u015bci gospodark\u0119 na \u015bwiecie. By\u0142by przed Republik\u0105 Korei, Brazyli\u0105 i Indiami, a tu\u017c za Kanad\u0105 i Hiszpani\u0105. <\/span><\/p>\n\n\n\n<p><span style=\"font-weight: 400;\">Miasta w Teksasie wygl\u0105da\u0142y jak te przedstawione w starych filmach westernowych. Potem nast\u0105pi\u0142o odkrycie du\u017cych ilo\u015bci ropy naftowej. To odkrycie zapocz\u0105tkowa\u0142o pierwsz\u0105 z serii dramatycznych transformacji. Nast\u0105pi\u0142 rozw\u00f3j kolei, a nast\u0119pnie wzrost przemys\u0142u bawe\u0142nianego. Te zmiany uczyni\u0142y Lone Star State pot\u0119g\u0105 gospodarcz\u0105, jak\u0105 jest dzisiaj.<\/span><\/p>\n\n\n\n<p>Interestingly, Texas is promoting itself as a <a href=\"https:\/\/www.sisinternational.com\/pl\/rozwiazania\/podroze-turystyka-hotelarstwo-doradztwo\/cultural-tourism-consulting\/\" title=\"Doradztwo w zakresie turystyki kulturowej\"  data-wpil-monitor-id=\"9389\">Tourism destination and exporting its culture<\/a>.&nbsp; Now in other global cities, Texas steakhouses and Barbecue restaurants can be found.&nbsp; Austin has positioned itself as a cool, hip city for millennials.<\/p>\n\n\n\n<p><span style=\"font-weight: 400;\">Texas is increasing its importance in the US national economy. The state has mineral wealth and other resources. &nbsp;It has a large technology industry, and its service economy is growing. The state\u2019s location is also important. It is situated on the southern coast of the US and borders several Mexican states.<\/span><\/p>\n\n\n\n<h2 class=\"wp-block-heading\"><span style=\"font-weight: 400;\">G\u0142\u00f3wne miasta i o\u015brodki gospodarcze<\/span><\/h2>\n\n\n\n<p><span style=\"font-weight: 400;\">The largest city in Texas is Houston, with a population of approximately 2.3 million. San Antonio is the second largest city with a population of 1.5 million. The third largest is Dallas, with a population of 1.3 million. Texas\u2019 capital city, Austin, has approximately 950,000 citizens. It is the state\u2019s fourth-largest city. The fifth largest is Fort Worth, with a population of 854,000.<\/span><\/p>\n\n\n\n<h2 class=\"wp-block-heading\"><span style=\"font-weight: 400;\">5 najwi\u0119kszych bran\u017c<\/span><\/h2>\n\n\n\n<ul class=\"wp-block-list\">\n<li><b><a href=\"https:\/\/www.sisinternational.com\/pl\/ekspertyza\/branze\/liquefied-petroleum-gas-market-research\/\" title=\"Badania rynku gazu p\u0142ynnego\"  data-wpil-monitor-id=\"9386\">Ropa naftowa i gaz ziemny.<\/a> <\/b>Pracownicy w tej dziedzinie wydobywaj\u0105 gaz i olej u\u017cywany do zasilania pojazd\u00f3w. Mieszka\u0144cy i firmy u\u017cywaj\u0105 go r\u00f3wnie\u017c do ogrzewania dom\u00f3w i produkcji produkt\u00f3w.<\/span><\/li>\n\n\n\n<li><b>Rolnictwo.<\/b><span style=\"font-weight: 400;\"> Dwoma najwa\u017cniejszymi produktami rolnymi w Teksasie s\u0105 bawe\u0142na i byd\u0142o.<\/span><\/li>\n\n\n\n<li><b>Stal.<\/b><span style=\"font-weight: 400;\"> Producenci wytwarzaj\u0105 ten metal do r\u00f3\u017cnych zastosowa\u0144. Nale\u017c\u0105 do nich budowa most\u00f3w, produkcja pojazd\u00f3w, produkcja ruroci\u0105g\u00f3w, wzmacnianie budynk\u00f3w i produkcja urz\u0105dze\u0144 gospodarstwa domowego.<\/span><\/li>\n\n\n\n<li><b>Bankowy.<\/b><span style=\"font-weight: 400;\"> W Teksasie dzia\u0142a kilka bank\u00f3w komercyjnych. Jest tam r\u00f3wnie\u017c wiele unii kredytowych i stowarzysze\u0144 oszcz\u0119dno\u015bciowo-po\u017cyczkowych.<\/span><\/li>\n\n\n\n<li><b>Turystyka.<\/b><span style=\"font-weight: 400;\"> Ze wzgl\u0119du na swoje naturalne pi\u0119kno i s\u0142ynn\u0105 histori\u0119, Teksas mo\u017ce pochwali\u0107 si\u0119 pr\u0119\u017cnie rozwijaj\u0105c\u0105 si\u0119 turystyk\u0105.<\/span><\/li>\n<\/ul>\n\n\n\n<h2 class=\"wp-block-heading\"><span style=\"font-weight: 400;\">Globalny wp\u0142yw<\/span><\/h2>\n\n\n\n<p><span style=\"font-weight: 400;\">Texas is a world dominator in the energy industry. Many sources cite Houston as the \u201cenergy capital of the world.\u201d The state also dominates the field of healthcare. The Texas Medical Centre, located in the southwest, is the largest in the world. It is home to the University of Texas Health Science Center. This center trains medical students and residents. It also includes the University of Texas M.D. Anderson Cancer Center. This Center is a <a href=\"https:\/\/www.sisinternational.com\/pl\/przewoznicy-niskokosztowi-w-branzy-lotniczej\/\" title=\"Badania rynku tanich linii lotniczych\"  data-wpil-monitor-id=\"9378\">global leader in cancer treatment and research<\/a>.<\/span><\/p>\n\n\n\n<h2 class=\"wp-block-heading\"><span style=\"font-weight: 400;\">Korzy\u015bci z inwestowania w Teksasie<\/span><\/h2>\n\n\n\n<p><span style=\"font-weight: 400;\">Texas, often and consistently, claims top rankings as one of the best states for business in the <a href=\"https:\/\/www.sisinternational.com\/pl\/zasieg\/ameryka\/zasieg-usa\/\" title=\"Badania rynku w Stanach Zjednoczonych\"  data-wpil-monitor-id=\"9382\">United<\/a> States. Texas also received the top score in infrastructure and economy. The state is also known for its economic strength and fair legal system. The taxes are low, and the quality of life high. Texas also has a skilled workforce.<\/span><\/p>\n\n\n\n<h2 class=\"wp-block-heading\"><span style=\"font-weight: 400;\">Mo\u017cliwo\u015bci i trendy w gospodarce Teksasu<\/span><\/h2>\n\n\n\n<p><span style=\"font-weight: 400;\">The Texas economy is expanding, and the energy sector continues to boom. Jobs are increasing, with the most substantial increases in the energy sector. Small <a href=\"https:\/\/www.sisinternational.com\/pl\/rozwiazania\/innowacja\/how-to-scale-a-business\/\" title=\"Jak skalowa\u0107 biznes | Osi\u0105ganie wzrostu wyk\u0142adniczego\"  data-wpil-monitor-id=\"9390\">business owners have reported healthy growth<\/a>. This growth is especially strong in Austin, Houston, Dallas, and Fort Worth. Entrepreneurs claim that their biggest challenge is finding enough skilled workers. They need workers to keep up with the fast pace of growth. Another problem is accessing capital to fund their investments.<\/span><\/p>\n\n\n\n<h2 class=\"wp-block-heading\"><span style=\"font-weight: 400;\">Dlaczego badania rynku s\u0105 wa\u017cne<\/span><\/h2>\n\n\n\n<p><span style=\"font-weight: 400;\">Conducting Market Research helps companies gain competitive insights. It also helps them understand consumer preferences, expectations and pain points. Market Research provides detailed insights into demographics, consumer tastes and economic shifts. It shows <a href=\"https:\/\/www.sisinternational.com\/pl\/publikacje\/buyer-behavior-after-coronavirus-new-consumer\/\" title=\"Zachowanie kupuj\u0105cych po koronawirusie \u2013 badania rynku konsumenckiego\"  data-wpil-monitor-id=\"9384\">market trends and consumer<\/a> buying patterns. <a href=\"https:\/\/www.sisinternational.com\/pl\/zasieg\/ameryka\/badania-rynku-kanada\/market-research-in-new-brunswick\/\" title=\"Badania rynku w Nowym Brunszwiku, Kanada\"  data-wpil-monitor-id=\"4032\">Badania mo\u017cliwo\u015bci rynkowych<\/a> uncovers new business opportunities and areas of uncontested marketshare.&nbsp;<\/span><\/p>\n\n\n\n<h2 class=\"wp-block-heading\">O firmie SIS Market Research<\/h2>\n\n\n\n<p>We have over 40+ years experience in conducting Market Research in Texas.&nbsp; <a href=\"https:\/\/www.sisinternational.com\/pl\/wielkanocna-pascha-i-nieunikniony-czekoladowy-zajaczek\/\" title=\"Badania rynku wielkanocnego\"  data-wpil-monitor-id=\"9380\">SIS conducts research<\/a> often in Austin, Dallas, Houston, San Antonio, El Paso, and Fort Worth.&nbsp; We provide:<\/p>\n\n\n\n<ul class=\"wp-block-list\">\n<li>Grupy fokusowe<\/li>\n\n\n\n<li>Wywiady z klientami<\/li>\n\n\n\n<li><a href=\"https:\/\/www.sisinternational.com\/pl\/rozwiazania\/b2b-online-community-market-research-company\/\" title=\"B2B Online Community Market Research Company\"  data-wpil-monitor-id=\"9388\">Spo\u0142eczno\u015bci wgl\u0105du online<\/a><\/li>\n\n\n\n<li>Ankiety<\/li>\n\n\n\n<li>Analiza konkurencji<\/li>\n\n\n\n<li>Badania strategiczne<\/li>\n\n\n\n<li>Oceny mo\u017cliwo\u015bci rynkowych, wielko\u015bci i wej\u015bcia<\/li>\n<\/ul>\n\n\n\n<h2 class=\"wp-block-heading\">&nbsp;<\/h2>","protected":false},"excerpt":{"rendered":"<p>Przeprowadzamy jako\u015bciowe, ilo\u015bciowe i strategiczne badania rynku w Teksasie. Dowiedz si\u0119 wi\u0119cej.<\/p>","protected":false},"author":1,"featured_media":66507,"parent":19303,"menu_order":17,"comment_status":"closed","ping_status":"closed","template":"","meta":{"footnotes":""},"class_list":["post-29354","page","type-page","status-publish","has-post-thumbnail"],"_links":{"self":[{"href":"https:\/\/www.sisinternational.com\/pl\/wp-json\/wp\/v2\/pages\/29354","targetHints":{"allow":["GET"]}}],"collection":[{"href":"https:\/\/www.sisinternational.com\/pl\/wp-json\/wp\/v2\/pages"}],"about":[{"href":"https:\/\/www.sisinternational.com\/pl\/wp-json\/wp\/v2\/types\/page"}],"author":[{"embeddable":true,"href":"https:\/\/www.sisinternational.com\/pl\/wp-json\/wp\/v2\/users\/1"}],"replies":[{"embeddable":true,"href":"https:\/\/www.sisinternational.com\/pl\/wp-json\/wp\/v2\/comments?post=29354"}],"version-history":[{"count":6,"href":"https:\/\/www.sisinternational.com\/pl\/wp-json\/wp\/v2\/pages\/29354\/revisions"}],"predecessor-version":[{"id":81567,"href":"https:\/\/www.sisinternational.com\/pl\/wp-json\/wp\/v2\/pages\/29354\/revisions\/81567"}],"up":[{"embeddable":true,"href":"https:\/\/www.sisinternational.com\/pl\/wp-json\/wp\/v2\/pages\/19303"}],"wp:featuredmedia":[{"embeddable":true,"href":"https:\/\/www.sisinternational.com\/pl\/wp-json\/wp\/v2\/media\/66507"}],"wp:attachment":[{"href":"https:\/\/www.sisinternational.com\/pl\/wp-json\/wp\/v2\/media?parent=29354"}],"curies":[{"name":"wp","href":"https:\/\/api.w.org\/{rel}","templated":true}]}}