{"id":27866,"date":"2018-09-11T05:08:35","date_gmt":"2018-09-11T05:08:35","guid":{"rendered":"https:\/\/www.sisinternational.com\/?page_id=27866"},"modified":"2025-09-03T18:51:14","modified_gmt":"2025-09-03T22:51:14","slug":"mandarin-chinese-translation-and-transcription","status":"publish","type":"page","link":"https:\/\/www.sisinternational.com\/pl\/rozwiazania\/tlumaczenie-i-transkrypcja\/mandarin-chinese-translation-and-transcription\/","title":{"rendered":"Mandarin Chinese Translation and Transcription"},"content":{"rendered":"<h1 class=\"wp-block-heading p1\"><span class=\"s1\">Mandarin Chinese Translation and Transcription<\/span><\/h1>\n\n\n\n<figure class=\"gb-block-image gb-block-image-702ace61\"><img loading=\"lazy\" decoding=\"async\" width=\"1456\" height=\"816\" class=\"gb-image gb-image-702ace61\" src=\"https:\/\/www.sisinternational.com\/wp-content\/uploads\/2025\/09\/Market-Entry-Consulting-in-China-4.jpg\" alt=\"SIS Mi\u0119dzynarodowe badania rynku i strategia\" title=\"Market Entry Consulting in China (4)\" srcset=\"https:\/\/www.sisinternational.com\/wp-content\/uploads\/2025\/09\/Market-Entry-Consulting-in-China-4.jpg 1456w, https:\/\/www.sisinternational.com\/wp-content\/uploads\/2025\/09\/Market-Entry-Consulting-in-China-4-300x168.jpg 300w, https:\/\/www.sisinternational.com\/wp-content\/uploads\/2025\/09\/Market-Entry-Consulting-in-China-4-1024x574.jpg 1024w, https:\/\/www.sisinternational.com\/wp-content\/uploads\/2025\/09\/Market-Entry-Consulting-in-China-4-768x430.jpg 768w, https:\/\/www.sisinternational.com\/wp-content\/uploads\/2025\/09\/Market-Entry-Consulting-in-China-4-18x10.jpg 18w\" sizes=\"auto, (max-width: 1456px) 100vw, 1456px\"><\/figure>\n\n\n\n<p><\/p>\n\n\n\n<hr class=\"wp-block-separator has-alpha-channel-opacity is-style-dots\"\/>\n\n\n\n<p class=\"p2\"><span class=\"s1\">About 16% of the global population speaks Chinese as their first language. That figure comprises almost 1.2 billion people. Nearly a billion people speak Mandarin, the most common variant. Standard Chinese is the Mandarin dialect of Beijing. It is China&#8217;s official language. The United Nations recognizes it as an official language. Standard Chinese enjoys official language status in Taiwan, Singapore, Hong Kong, and Macau.<\/span><\/p>\n\n\n\n<h2 class=\"wp-block-heading p3\"><span class=\"s1\">Economic Importance of Mandarin-Speaking China<\/span><\/h2>\n\n\n\n<p class=\"p4\"><span class=\"s1\">China now has the fastest growing of any of the major economies of the world. It is the world\u2019s second-largest economy. \u201cMade in China\u201d is a fact of life. China has become the factory of the world and is moving up in the technology food chain. Knowing Chinese can give job candidates an edge when interviewing for a position. There are large Chinese communities all over the world. Understanding the language can provide businesses with a competitive advantage.<\/span><\/p>\n\n\n\n<p class=\"p2\"><span class=\"s1\">The Chinese business segment encompasses everything. China produces engineers, IT specialists, pharmaceuticals, technology, automobiles, and consumer goods. The Chinese business segment is a goliath in the international world of business. Being able to communicate with the major players in the Chinese language is crucial. It can help establish a company as a leader in any field. China is a role-player that will continue to strengthen and expand. Fluency in Mandarin is an essential component for the future <a href=\"https:\/\/www.sisinternational.com\/pl\/predictive-analytics\/\" title=\"Predictive Analytics: Your Crystal Ball for Business Success\"  data-wpil-monitor-id=\"6154\">success of any business<\/a>.<\/span><\/p>\n\n\n\n<h2 class=\"wp-block-heading p3\"><span class=\"s1\">Czym jest transkrypcja?<\/span><\/h2>\n\n\n\n<p class=\"p4\"><span class=\"s1\">Knowledge of Mandarin is the best practice. However, <a href=\"https:\/\/www.sisinternational.com\/pl\/rozwiazania\/tlumaczenie-i-transkrypcja\/niemieckie-uslugi-tlumaczeniowe-i-transkrypcyjne\/\" title=\"Us\u0142ugi t\u0142umacze\u0144 i transkrypcji w j\u0119zyku niemieckim\"  data-wpil-monitor-id=\"6151\">transcription and translation services<\/a> are a viable alternative. Transcription is the conversion of spoken words into writing. Here at SIS Research, we can take your Chinese audio file and transcribe it into words in a document. We also do direct translation. In this scenario, we transcribe the words from your audio file into English.<\/span><\/p>\n\n\n\n<p class=\"p2\"><span class=\"s1\">So what\u2019s the difference between <a href=\"https:\/\/www.sisinternational.com\/pl\/rozwiazania\/tlumaczenie-i-transkrypcja\/spanish-translation-and-transcription-services\/\" title=\"Spanish Translation and Transcription\"  data-wpil-monitor-id=\"6155\">transcription and translation<\/a>? Transcriptionists make a written file from spoken words. Translators convert those words into another language. For example, we offer transcription services. We take your Chinese speeches, interviews, and other audio files, and write each word in a document. However, our Mandarin to English transcription is, in essence, a translation service. With this type of transcription, we convert the spoken words into another language.<\/span><\/p>\n\n\n\n<h2 class=\"wp-block-heading p3\"><span class=\"s1\">Mandarin-to-Mandarin Transcription<\/span><\/h2>\n\n\n\n<p class=\"p2\"><span class=\"s1\">Documentation of meetings is becoming an essential feature of international commerce. Accuracy and speech to text quality are crucial to business service users. Our transcription team helps organizations from small-scale enterprises to top-tier multinationals. We offer <a href=\"https:\/\/www.sisinternational.com\/pl\/rozwiazania\/doradztwo-strategiczne-fintech-badania\/financial-services-industry-market-research\/\" title=\"Badania rynku bran\u017cy us\u0142ug finansowych\"  data-wpil-monitor-id=\"6152\">services across a wide range of industries<\/a>. These <a href=\"https:\/\/www.sisinternational.com\/pl\/rozwiazania\/badania-rynku-i-doradztwo-strategiczne-w-zakresie-sztucznej-inteligencji\/technology-industry-automation-artificial-intelligence-consulting\/\" title=\"Technology Industry Automation and Artificial Intelligence Consulting\"  data-wpil-monitor-id=\"6153\">industries include technology<\/a>, fund management, education, consultancy, and investment holdings.<\/span><\/p>\n\n\n\n<h2 class=\"wp-block-heading p3\"><span class=\"s1\">Mandarin to English Transcription<\/span><\/h2>\n\n\n\n<figure class=\"gb-block-image gb-block-image-0af61bb9\"><img loading=\"lazy\" decoding=\"async\" width=\"1456\" height=\"816\" class=\"gb-image gb-image-0af61bb9\" src=\"https:\/\/www.sisinternational.com\/wp-content\/uploads\/2025\/09\/Market-Entry-Consulting-in-China-2.jpg\" alt=\"SIS Mi\u0119dzynarodowe badania rynku i strategia\" title=\"Market Entry Consulting in China (2)\" srcset=\"https:\/\/www.sisinternational.com\/wp-content\/uploads\/2025\/09\/Market-Entry-Consulting-in-China-2.jpg 1456w, https:\/\/www.sisinternational.com\/wp-content\/uploads\/2025\/09\/Market-Entry-Consulting-in-China-2-300x168.jpg 300w, https:\/\/www.sisinternational.com\/wp-content\/uploads\/2025\/09\/Market-Entry-Consulting-in-China-2-1024x574.jpg 1024w, https:\/\/www.sisinternational.com\/wp-content\/uploads\/2025\/09\/Market-Entry-Consulting-in-China-2-768x430.jpg 768w, https:\/\/www.sisinternational.com\/wp-content\/uploads\/2025\/09\/Market-Entry-Consulting-in-China-2-18x10.jpg 18w\" sizes=\"auto, (max-width: 1456px) 100vw, 1456px\"><\/figure>\n\n\n\n<p><\/p>\n\n\n\n<p class=\"p4\"><span class=\"s1\">Since the seventeenth century, linguists have struggled with the Mandarin language. They have made more than two-dozen efforts to create parallels with Western languages. This task is laborious because the Chinese use symbols to represent words. They do not use letters as Westerners do. Chinese is a complicated language. However, we use transcriptionists who are fluent in both languages. This practice ensures the accuracy of your translation.<\/span><\/p>\n\n\n\n<p class=\"p2\"><span class=\"s1\">We engage in general transcription. The essential skills for general transcription are verbal and written comprehension. We ensure that our transcriptionists are smart, good listeners, responsible, and informed. They have excellent spelling and grammar skills. Demand for this category has been growing. This increase occurred as businesses are going global at an unprecedented pace.<\/span><\/p>\n\n\n\n<h2 class=\"wp-block-heading p3\"><span class=\"s1\">Importance of Cultural Nuance in Transcription and Translation<\/span><\/h2>\n\n\n\n<p class=\"p4\"><span class=\"s1\">Transcription involves far more than exchanging words from one language to another. Computer transcriptions exist, but no software can take cultural nuance into consideration. Linguists often face idioms, colloquialisms, and the like. The transcriptionist should be fluent in both languages to avoid a cultural faux pas. At SIS Research we solve that problem for you. <\/span><\/p>\n\n\n\n<p class=\"p4\"><span class=\"s1\"><a href=\"https:\/\/www.sisinternational.com\/pl\/rozwiazania\/tlumaczenie-i-transkrypcja\/\" title=\"Us\u0142ugi t\u0142umaczeniowe i transkrypcyjne\"  data-wpil-monitor-id=\"6156\">Transcription is a hybrid of translation<\/a> and interpretation. Our linguists have all the skills required for accurate transcription. They are familiar with various Mandarin accents. They also have excellent listening comprehension skills. We ensure that they pay keen attention to detail. They must also have a strong command of colloquialism in both languages. Your business dealings are too sensitive to take chances with transcription and translation. Let SIS Research handle these aspects of your commerce. You can then focus on doing what it takes to make your business successful. <span class=\"Apple-converted-space\">&nbsp;<\/span><\/span><\/p>\n\n\n\n<h2 class=\"wp-block-heading\">Lokalizacja naszego obiektu w Nowym Jorku<\/h2>\n\n\n\n<p>\n\n\n\n<iframe loading=\"lazy\" src=\"https:\/\/www.google.com\/maps\/embed?pb=!1m18!1m12!1m3!1d3022.976188376966!2d-73.99130312499956!3d40.740549471389315!2m3!1f0!2f0!3f0!3m2!1i1024!2i768!4f13.1!3m3!1m2!1s0x89c259a15798c731%3A0xd695d09bdd495f25!2s11%20E%2022nd%20St%20FL%202%2C%20New%20York%2C%20NY%2010010%2C%20USA!5e0!3m2!1sen!2spe!4v1726171763526!5m2!1sen!2spe\" width=\"600\" height=\"450\" allowfullscreen=\"allowfullscreen\" data-mce-fragment=\"1\"><\/iframe>\n\n\n\n<\/p>\n\n\n\n<h3 class=\"wp-block-heading\">11 E 22nd Street, pi\u0119tro 2, Nowy Jork, NY 10010 T: +1(212) 505-6805<\/h3>\n\n\n\n<hr class=\"wp-block-separator has-alpha-channel-opacity\"\/>\n\n\n\n<h2 class=\"wp-block-heading\"><span style=\"font-weight: 400;\">O firmie SIS International<\/span><\/h2>\n\n\n\n<p><a href=\"https:\/\/www.sisinternational.com\/pl\/\"><span style=\"font-weight: 400;\">SIS Mi\u0119dzynarodowy<\/span><\/a><span style=\"font-weight: 400;\"> offers Quantitative, Qualitative, and Strategy Research. We provide data, tools, strategies, reports, and insights for decision-making. We also conduct interviews, surveys, focus groups, and other <a href=\"https:\/\/www.sisinternational.com\/pl\/quantitative-market-research-methods-and-techniques\/\" title=\"Quantitative Market Research Methods and Techniques\"  data-wpil-monitor-id=\"6150\">Market Research methods<\/a> and approaches.<\/span><a href=\"https:\/\/www.sisinternational.com\/pl\/o-moich-miedzynarodowych-badaniach\/contact-sis-international-market-research\/\"><span style=\"font-weight: 400;\"> Skontaktuj si\u0119 z nami<\/span><\/a><span style=\"font-weight: 400;\"> dla Twojego kolejnego projektu badania rynku.<\/span><\/p>\n\n\n\n<p>&nbsp;<\/p>","protected":false},"excerpt":{"rendered":"<p>Mandarin Chinese is the most widely spoken language worldwide.  Learn more about SIS Mandarin Chinese Translation and Transcription services.<\/p>","protected":false},"author":1,"featured_media":65710,"parent":27891,"menu_order":2,"comment_status":"closed","ping_status":"closed","template":"","meta":{"footnotes":""},"class_list":["post-27866","page","type-page","status-publish","has-post-thumbnail"],"_links":{"self":[{"href":"https:\/\/www.sisinternational.com\/pl\/wp-json\/wp\/v2\/pages\/27866","targetHints":{"allow":["GET"]}}],"collection":[{"href":"https:\/\/www.sisinternational.com\/pl\/wp-json\/wp\/v2\/pages"}],"about":[{"href":"https:\/\/www.sisinternational.com\/pl\/wp-json\/wp\/v2\/types\/page"}],"author":[{"embeddable":true,"href":"https:\/\/www.sisinternational.com\/pl\/wp-json\/wp\/v2\/users\/1"}],"replies":[{"embeddable":true,"href":"https:\/\/www.sisinternational.com\/pl\/wp-json\/wp\/v2\/comments?post=27866"}],"version-history":[{"count":5,"href":"https:\/\/www.sisinternational.com\/pl\/wp-json\/wp\/v2\/pages\/27866\/revisions"}],"predecessor-version":[{"id":79754,"href":"https:\/\/www.sisinternational.com\/pl\/wp-json\/wp\/v2\/pages\/27866\/revisions\/79754"}],"up":[{"embeddable":true,"href":"https:\/\/www.sisinternational.com\/pl\/wp-json\/wp\/v2\/pages\/27891"}],"wp:featuredmedia":[{"embeddable":true,"href":"https:\/\/www.sisinternational.com\/pl\/wp-json\/wp\/v2\/media\/65710"}],"wp:attachment":[{"href":"https:\/\/www.sisinternational.com\/pl\/wp-json\/wp\/v2\/media?parent=27866"}],"curies":[{"name":"wp","href":"https:\/\/api.w.org\/{rel}","templated":true}]}}