{"id":27788,"date":"2018-08-25T23:34:20","date_gmt":"2018-08-25T23:34:20","guid":{"rendered":"https:\/\/www.sisinternational.com\/?page_id=27788"},"modified":"2026-01-26T14:36:43","modified_gmt":"2026-01-26T19:36:43","slug":"niemieckie-uslugi-tlumaczeniowe-i-transkrypcyjne","status":"publish","type":"page","link":"https:\/\/www.sisinternational.com\/pl\/rozwiazania\/tlumaczenie-i-transkrypcja\/niemieckie-uslugi-tlumaczeniowe-i-transkrypcyjne\/","title":{"rendered":"Us\u0142ugi t\u0142umacze\u0144 i transkrypcji w j\u0119zyku niemieckim"},"content":{"rendered":"<h1 class=\"wp-block-heading p2\"><span class=\"s1\">Us\u0142ugi t\u0142umacze\u0144 i transkrypcji w j\u0119zyku niemieckim<\/span><\/h1>\n\n\n\n<figure class=\"gb-block-image gb-block-image-e9f2bec4\"><img loading=\"lazy\" decoding=\"async\" width=\"1456\" height=\"816\" class=\"gb-image gb-image-e9f2bec4\" src=\"https:\/\/www.sisinternational.com\/wp-content\/uploads\/2025\/09\/Germany-4-1.jpg\" alt=\"SIS Mi\u0119dzynarodowe badania rynku i strategia\" title=\"Germany 4\" srcset=\"https:\/\/www.sisinternational.com\/wp-content\/uploads\/2025\/09\/Germany-4-1.jpg 1456w, https:\/\/www.sisinternational.com\/wp-content\/uploads\/2025\/09\/Germany-4-1-300x168.jpg 300w, https:\/\/www.sisinternational.com\/wp-content\/uploads\/2025\/09\/Germany-4-1-1024x574.jpg 1024w, https:\/\/www.sisinternational.com\/wp-content\/uploads\/2025\/09\/Germany-4-1-768x430.jpg 768w, https:\/\/www.sisinternational.com\/wp-content\/uploads\/2025\/09\/Germany-4-1-18x10.jpg 18w\" sizes=\"auto, (max-width: 1456px) 100vw, 1456px\"><\/figure>\n\n\n\n<p><\/p>\n\n\n\n<hr class=\"wp-block-separator has-alpha-channel-opacity is-style-dots\"\/>\n\n\n\n<h2 class=\"wp-block-heading p2\"><span class=\"s1\">Znaczenie gospodarcze kraj\u00f3w DACH<\/span><\/h2>\n\n\n\n<p class=\"p3\"><span class=\"s1\">Niemiecki jest 11<span class=\"s2\"><sup>t<\/sup><\/span> najcz\u0119\u015bciej u\u017cywany j\u0119zyk na \u015bwiecie. Jest j\u0119zykiem urz\u0119dowym siedmiu kraj\u00f3w.&nbsp;<\/span><span class=\"s1\">Analitycy cz\u0119sto grupuj\u0105 Niemcy (D), Austri\u0119 (A) i Szwajcari\u0119 (CH) pod akronimem DACH. Te trzy kraje nale\u017c\u0105 do tych o najwy\u017cszym standardzie \u017cycia na \u015bwiecie. Ich standard \u017cycia jest wynikiem silnych, stabilnych gospodarek.<\/span><\/p>\n\n\n\n<p class=\"p5\"><span class=\"s1\">Germany boasts the world\u2019s fourth-largest national economy. It was the world\u2019s largest exporter from 2003-2008. It is now <a href=\"https:\/\/www.sisinternational.com\/pl\/badania-rynku-w-miastach-drugiej-ligi-w-chinach\/\" title=\"Market Research in China&#8217;s Second Tier Cities\"  data-wpil-monitor-id=\"11095\">second only to China<\/a>. Germany maintains a robust economic relationship with the United States. The per capita GDPs of Austria and Switzerland are also healthy. They rank third and fourth in the European Union (EU) respectively.<\/span><\/p>\n\n\n\n<p><span class=\"s1\">It\u2019s easy to see why <a href=\"https:\/\/www.sisinternational.com\/pl\/rozwiazania\/badania-rynku-konsumenckiego\/\" title=\"Consumer Market Research Services for Smarter Business Decisions\"  data-wpil-monitor-id=\"11099\">businesses will need transcription services<\/a> for German. The language is important in the business world, and there is much demand for the service.<\/span><\/p>\n\n\n\n<h2 class=\"wp-block-heading p2\"><span class=\"s1\">Czym jest transkrypcja?<\/span><\/h2>\n\n\n\n<p class=\"p3\"><span class=\"s1\">Transkrypcja polega na wys\u0142uchaniu nagrania i wpisaniu jego zawarto\u015bci do dokumentu. Rezultatem jest pisemny zapis pliku audio. Czas potrzebny na transkrypcj\u0119 pliku audio zale\u017cy od kilku czynnik\u00f3w. Nale\u017c\u0105 do nich liczba os\u00f3b m\u00f3wi\u0105cych i szybko\u015b\u0107, z jak\u0105 m\u00f3wi\u0105. Zale\u017cy to r\u00f3wnie\u017c od klarowno\u015bci g\u0142os\u00f3w m\u00f3wi\u0105cych i nagrania.<\/span><\/p>\n\n\n\n<p class=\"p3\"><span class=\"s1\">Sta\u0142a dokumentacja plik\u00f3w audio mo\u017ce by\u0107 istotnym zasobem. Profesjonali\u015bci z dziedziny prawa i lekarze cz\u0119sto potrzebuj\u0105 transkrypcji. Podobnie jak m\u00f3wcy\/lektorzy i prezenterzy radiowi. Istniej\u0105 trzy g\u0142\u00f3wne typy transkrypcji. <\/span><\/p>\n\n\n\n<ul class=\"wp-block-list\">\n<li><strong><span class=\"s1\">Czyste odczyty\/inteligentne dos\u0142owne transkrypcje pomijaj\u0105 fa\u0142szywe starty i zacinanie si\u0119. <\/span><\/strong><\/li>\n\n\n\n<li><strong><span class=\"s1\">Zmodyfikowane dos\u0142owne transkrypcje zosta\u0142y nieznacznie oczyszczone. <\/span><\/strong><\/li>\n\n\n\n<li><strong><span class=\"s1\">Dos\u0142owne transkrypcje obejmuj\u0105 ka\u017cd\u0105 wypowied\u017a i fraz\u0119.<\/span><\/strong><\/li>\n<\/ul>\n\n\n\n<p class=\"p3\"><span class=\"s1\">Companies, people, and documents are moving between countries at a faster rate. As globalization continues, foreign transcription services have become essential. In the technical, financial, medical, and legal fields, they have been critical.&nbsp; In the medical and legal arenas, transcripts can have significant impact on lives and decision making.<\/span><\/p>\n\n\n\n<p class=\"p5\"><span class=\"s1\">Dost\u0119pnych jest kilka opcji transkrypcji. Transkrybenci mog\u0105 dostarcza\u0107 pisemne zapisy w j\u0119zyku niemieckim z nagra\u0144 w j\u0119zyku niemieckim. Mog\u0105 r\u00f3wnie\u017c wykonywa\u0107 angielskie transkrypcje z plik\u00f3w niemieckich. Wielu dostawc\u00f3w us\u0142ug oferuje r\u00f3wnie\u017c us\u0142ugi t\u0142umaczenia dokument\u00f3w.<\/span><\/p>\n\n\n\n<h2 class=\"wp-block-heading p2\"><span class=\"s1\">Transkrypcja z niemieckiego na niemiecki<\/span><\/h2>\n\n\n\n<p class=\"p3\"><span class=\"s1\">Some <a href=\"https:\/\/www.sisinternational.com\/pl\/ekspertyza\/branze\/firma-zajmujaca-sie-badaniami-rynku-paneli-internetowych\/\" title=\"Firma badawcza rynku paneli internetowych\"  data-wpil-monitor-id=\"11097\">companies offer online<\/a> transcribing services. This type of service is the easiest way to convert recordings to well-written German text. <a href=\"https:\/\/www.sisinternational.com\/pl\/kampania-marketingowa-skoncentrowana-na-finansach-dla-znanej-firmy-technologicznej-zajmujacej-sie-platnosciami-peer-to-peer\/\" title=\"Us\u0142ugi reklamowe dla wielu kultur dla znanej firmy technologicznej zajmuj\u0105cej si\u0119 p\u0142atno\u015bciami peer-to-peer\"  data-wpil-monitor-id=\"11100\">Companies need these services<\/a> for written records of phone calls and voicemail. They also need written records of interviews and board meetings. With an online service, the <a href=\"https:\/\/www.sisinternational.com\/pl\/wielokanalowa-kampania-marketingowa-dla-wiodacej-na-swiecie-firmy-oferujacej-rozwiazania-w-zakresie-zarzadzania-zwierzetami\/\" title=\"Us\u0142ugi reklamowe dla wielu kultur dla wiod\u0105cej na \u015bwiecie firmy oferuj\u0105cej rozwi\u0105zania w zakresie zarz\u0105dzania zwierz\u0119tami\"  data-wpil-monitor-id=\"11101\">company works with independent service<\/a> providers. Most of these providers are native German speakers.<\/span><\/p>\n\n\n\n<p class=\"p5\"><span class=\"s1\">Transkrybenci z niemieckiego na niemiecki musz\u0105 mie\u0107 doskona\u0142y s\u0142uch do j\u0119zyka. Wi\u0119kszo\u015b\u0107 os\u00f3b udzielaj\u0105cych wywiad\u00f3w i dzwoni\u0105cych nie wykonuje nagra\u0144 d\u017awi\u0119kowych do transkrypcji. Transkrybenci rozszyfrowuj\u0105 zatem, co m\u00f3wi\u0105 rozm\u00f3wcy. Mog\u0105 r\u00f3wnie\u017c lub nie mog\u0105 zawiera\u0107 nies\u0142yszalnego mamrotania, slangu i przerw. Transkrybenci musz\u0105 r\u00f3wnie\u017c radzi\u0107 sobie z silnymi regionalnymi dialektami i akcentami.<\/span><\/p>\n\n\n\n<h2 class=\"wp-block-heading p2\"><span class=\"s1\">Transkrypcja z niemieckiego na angielski<\/span><\/h2>\n\n\n\n<figure class=\"gb-block-image gb-block-image-8f05a806\"><img loading=\"lazy\" decoding=\"async\" width=\"1456\" height=\"816\" class=\"gb-image gb-image-8f05a806\" src=\"https:\/\/www.sisinternational.com\/wp-content\/uploads\/2025\/09\/Germany-3.jpg\" alt=\"SIS Mi\u0119dzynarodowe badania rynku i strategia\" title=\"Germany (3)\" srcset=\"https:\/\/www.sisinternational.com\/wp-content\/uploads\/2025\/09\/Germany-3.jpg 1456w, https:\/\/www.sisinternational.com\/wp-content\/uploads\/2025\/09\/Germany-3-300x168.jpg 300w, https:\/\/www.sisinternational.com\/wp-content\/uploads\/2025\/09\/Germany-3-1024x574.jpg 1024w, https:\/\/www.sisinternational.com\/wp-content\/uploads\/2025\/09\/Germany-3-768x430.jpg 768w, https:\/\/www.sisinternational.com\/wp-content\/uploads\/2025\/09\/Germany-3-18x10.jpg 18w\" sizes=\"auto, (max-width: 1456px) 100vw, 1456px\"><\/figure>\n\n\n\n<p><\/p>\n\n\n\n<p class=\"p3\"><span class=\"s1\">Transcription services are also available to convert German recordings to English text. Many of these <a href=\"https:\/\/www.sisinternational.com\/pl\/financial-services-consulting\/robotic-process-automation-in-financial-services\/\" title=\"Robotic Process Automation in Financial Services\"  data-wpil-monitor-id=\"11098\">service providers use rigorous recruitment processes<\/a>. These processes ensure that their verbatim transcripts will be accurate and high quality. Market <a href=\"https:\/\/www.sisinternational.com\/pl\/ekspertyza\/branze\/broadway-market-research\/\" title=\"Badania rynku na Broadwayu\"  data-wpil-monitor-id=\"6124\">research transcribers also exist, and SIS International Research is a leading Market<\/a> Research company that conductions transcription.<\/span><\/p>\n\n\n\n<p class=\"p5\"><span class=\"s1\">Transkrybenci z j\u0119zyka niemieckiego na angielski staj\u0105 przed podobnymi wyzwaniami jak ich niemiecko-niemiecki odpowiednik. Musz\u0105 transkrybowa\u0107 d\u017awi\u0119k, w kt\u00f3rym ludzie m\u00f3wi\u0105 na siebie nawzajem. Czasami wyst\u0119puj\u0105 szumy t\u0142a, a cz\u0119sto m\u00f3wcy maj\u0105 mocne akcenty. Niekt\u00f3re d\u017awi\u0119ki s\u0105 s\u0142abo nagrane lub maj\u0105 niskie g\u0142osy. Przy tak wielu wyzwaniach znalezienie odpowiedniego dostawcy us\u0142ug mo\u017ce by\u0107 nie lada wyczynem.<\/span><\/p>\n\n\n\n<h2 class=\"wp-block-heading p2\"><span class=\"s1\">Us\u0142ugi t\u0142umacze\u0144 dokument\u00f3w niemieckich<\/span><\/h2>\n\n\n\n<p class=\"p5\"><span class=\"s1\">Companies ranging in all sizes often need and can benefit from document translation services. These organizations have several options open to them. They can hire a translator as part of their staff, which can costly and impractical for shortterm assignments. Most companies outsource their document translation to reputable freelancers and service providers.&nbsp; <a href=\"https:\/\/www.sisinternational.com\/pl\/skontaktuj-sie-z-nami\/\" title=\"Skontaktuj si\u0119 z nami\"  data-wpil-monitor-id=\"11094\">SIS Mi\u0119dzynarodowe Badania<\/a> gets the job done at a much lower cost.<\/span><\/p>\n\n\n\n<h2 class=\"wp-block-heading p2\"><span class=\"s1\">O firmie SIS International Translations<\/span><\/h2>\n\n\n\n<p class=\"p3\">SIS International provides German <a class=\"wpil_keyword_link\" href=\"https:\/\/www.sisinternational.com\/pl\/rozwiazania\/tlumaczenie-i-transkrypcja\/\"   title=\"Us\u0142ugi t\u0142umaczeniowe i transkrypcyjne\" data-wpil-keyword-link=\"linked\"  data-wpil-monitor-id=\"464\">translation and transcription services<\/a> to companies.&nbsp; Consider us for your <a href=\"https:\/\/www.sisinternational.com\/pl\/rozwiazania\/tlumaczenie-i-transkrypcja\/spanish-translation-and-transcription-services\/\" title=\"Spanish Translation and Transcription\"  data-wpil-monitor-id=\"11096\">t\u0142umaczenie i transkrypcja<\/a> needs worldwide.&nbsp; We provide:<\/p>\n\n\n\n<ul class=\"wp-block-list\">\n<li><strong>Szybka realizacja<\/strong><\/li>\n\n\n\n<li><strong>Konkurencyjne ceny<\/strong><\/li>\n\n\n\n<li><strong>Reliability &amp;&nbsp;Professionalism<\/strong><\/li>\n<\/ul>","protected":false},"excerpt":{"rendered":"<p>SIS International provides German Translation and Transcription services for a variety of industries and clients.<\/p>","protected":false},"author":1,"featured_media":65835,"parent":27891,"menu_order":0,"comment_status":"closed","ping_status":"closed","template":"","meta":{"footnotes":""},"class_list":["post-27788","page","type-page","status-publish","has-post-thumbnail"],"_links":{"self":[{"href":"https:\/\/www.sisinternational.com\/pl\/wp-json\/wp\/v2\/pages\/27788","targetHints":{"allow":["GET"]}}],"collection":[{"href":"https:\/\/www.sisinternational.com\/pl\/wp-json\/wp\/v2\/pages"}],"about":[{"href":"https:\/\/www.sisinternational.com\/pl\/wp-json\/wp\/v2\/types\/page"}],"author":[{"embeddable":true,"href":"https:\/\/www.sisinternational.com\/pl\/wp-json\/wp\/v2\/users\/1"}],"replies":[{"embeddable":true,"href":"https:\/\/www.sisinternational.com\/pl\/wp-json\/wp\/v2\/comments?post=27788"}],"version-history":[{"count":7,"href":"https:\/\/www.sisinternational.com\/pl\/wp-json\/wp\/v2\/pages\/27788\/revisions"}],"predecessor-version":[{"id":81814,"href":"https:\/\/www.sisinternational.com\/pl\/wp-json\/wp\/v2\/pages\/27788\/revisions\/81814"}],"up":[{"embeddable":true,"href":"https:\/\/www.sisinternational.com\/pl\/wp-json\/wp\/v2\/pages\/27891"}],"wp:featuredmedia":[{"embeddable":true,"href":"https:\/\/www.sisinternational.com\/pl\/wp-json\/wp\/v2\/media\/65835"}],"wp:attachment":[{"href":"https:\/\/www.sisinternational.com\/pl\/wp-json\/wp\/v2\/media?parent=27788"}],"curies":[{"name":"wp","href":"https:\/\/api.w.org\/{rel}","templated":true}]}}