{"id":27363,"date":"2018-07-14T22:43:29","date_gmt":"2018-07-14T22:43:29","guid":{"rendered":"https:\/\/www.sisinternational.com\/?page_id=27363"},"modified":"2026-03-05T23:45:55","modified_gmt":"2026-03-06T04:45:55","slug":"baby-boomer-beauty-market-research","status":"publish","type":"page","link":"https:\/\/www.sisinternational.com\/pl\/ekspertyza\/baby-boomer-beauty-market-research\/","title":{"rendered":"Baby Boomer Beauty Market Research"},"content":{"rendered":"<h1 class=\"wp-block-heading\">Baby Boomer Beauty Market Research<\/h1>\n\n\n\n<figure class=\"gb-block-image gb-block-image-83c2f6ee\"><img loading=\"lazy\" decoding=\"async\" width=\"1456\" height=\"816\" class=\"gb-image gb-image-83c2f6ee\" src=\"https:\/\/www.sisinternational.com\/wp-content\/uploads\/2025\/08\/CEO-woman-business-woman-1.jpg\" alt=\"SIS Mi\u0119dzynarodowe badania rynku i strategia\" title=\"CEO woman business woman (1)\" srcset=\"https:\/\/www.sisinternational.com\/wp-content\/uploads\/2025\/08\/CEO-woman-business-woman-1.jpg 1456w, https:\/\/www.sisinternational.com\/wp-content\/uploads\/2025\/08\/CEO-woman-business-woman-1-300x168.jpg 300w, https:\/\/www.sisinternational.com\/wp-content\/uploads\/2025\/08\/CEO-woman-business-woman-1-1024x574.jpg 1024w, https:\/\/www.sisinternational.com\/wp-content\/uploads\/2025\/08\/CEO-woman-business-woman-1-768x430.jpg 768w, https:\/\/www.sisinternational.com\/wp-content\/uploads\/2025\/08\/CEO-woman-business-woman-1-18x10.jpg 18w\" sizes=\"auto, (max-width: 1456px) 100vw, 1456px\"><\/figure>\n\n\n\n<p><\/p>\n\n\n\n<h2 class=\"wp-block-heading\"><strong>Baby Boomers<\/strong> are adults who were born during an 18-year period that began in 1946.<\/h2>\n\n\n\n<p>Today, they range in age from their mid-50s to their low 70s. Within this market segment, however, there are differences between the younger to the older group.\u00a0Even before reaching their 50s, most baby boomers have seen their hair turn gray, while their skin becomes looser and develops wrinkles. And weight is more of an issue as maintaining or losing pounds becomes more of a challenge. One result of these changes is an increase in their desire for anti-aging products and services.<\/p>\n\n\n\n<h2 class=\"wp-block-heading\">Women are not the only buyers of Beauty and Body products.<\/h2>\n\n\n\n<p>Unlike their parents\u2019 generation, a surprising and <u>growing number of baby boomer men <\/u>are embracing and consuming them too. Significantly, while about the same size population as the younger millennials segment, baby boomers as a group have more money and buying power.<\/p>\n\n\n\n<h2 class=\"wp-block-heading\">The Importance of Beauty and Skincare<\/h2>\n\n\n\n<p>Beauty is a broad term that refers to the entire look that a person presents to the public.&nbsp;&nbsp;Skincare is how one takes <a href=\"https:\/\/www.sisinternational.com\/pl\/ekspertyza\/branze\/badania-nad-pielegnacja-skory\/\" title=\"Badania i testy piel\u0119gnacji sk\u00f3ry\"  data-wpil-monitor-id=\"10764\">care of their skin<\/a> to keep it healthy.&nbsp;Cosmetics or makeup is used to <strong>enhance<\/strong> one\u2019s appearance, often with the goal of making skin feel smooth, \u201cglow\u201d or \u201cshimmer\u201d to make it more beautiful. Beauty has an important impact on health, self-worth and happiness.<\/p>\n\n\n\n<h2 class=\"wp-block-heading\">Baby Boomer Beauty Market Landscape<\/h2>\n\n\n\n<p>There are a wide range of products that can be <strong>applied<\/strong> to all the parts of one\u2019s body &#8212; literally <em>from head to toe.\u00a0<\/em>Then some can be <strong>ingested<\/strong><u>,<\/u> to promote good health from the inside out.\u00a0The following content provides a sense of the scope of this market and may help you to reach this large and affluent segment.<\/p>\n\n\n\n<h2 class=\"wp-block-heading\">Beauty Products Overview<\/h2>\n\n\n\n<p>For <strong>skin<\/strong>, the face, eyes and lips usually get the most attention and there are many layers to what and how products are applied to maximize one\u2019s appearance. Below are some key products that assist in accomplishing this goal over one\u2019s entire body.<\/p>\n\n\n\n<ul class=\"wp-block-list\">\n<li>moisturizer\/cream<\/li>\n\n\n\n<li>lotion<\/li>\n\n\n\n<li>primer<\/li>\n\n\n\n<li>foundation<\/li>\n\n\n\n<li>setting powder<\/li>\n\n\n\n<li>highlighter<\/li>\n\n\n\n<li>eyeliner<\/li>\n\n\n\n<li>lashes<\/li>\n\n\n\n<li>lipstick<\/li>\n\n\n\n<li>gloss<\/li>\n<\/ul>\n\n\n\n<p>For <strong>hair<\/strong>, its care and appearance, the list includes, but is not limited to<\/p>\n\n\n\n<ul class=\"wp-block-list\">\n<li>shampoo<\/li>\n\n\n\n<li>conditioner<\/li>\n\n\n\n<li>dye<\/li>\n\n\n\n<li>straightener<\/li>\n\n\n\n<li>gel<\/li>\n\n\n\n<li>mousse<\/li>\n\n\n\n<li>growth promotion, removal\/exfoliation<\/li>\n\n\n\n<li>razors and grooming devices<\/li>\n\n\n\n<li>wigs<\/li>\n\n\n\n<li>extensions<\/li>\n<\/ul>\n\n\n\n<p>For <strong>hands and feet<\/strong> there is nail polish in addition to creams and lotions.&nbsp;For <strong>inside<\/strong> one\u2019s body there are weight loss products, specific vitamins, health supplements and beverages.<\/p>\n\n\n\n<p>Outdoor products include:<\/p>\n\n\n\n<ul class=\"wp-block-list\">\n<li>sunglasses to protect eyes (and make a fashion statement)<\/li>\n\n\n\n<li>sun tan lotion to protect skin<\/li>\n\n\n\n<li>protective clothing with UV ray blocking capability<\/li>\n<\/ul>\n\n\n\n<h2 class=\"wp-block-heading\">Beauty Services Overview<\/h2>\n\n\n\n<p>There are a variety of services offered by trained professionals and doctors who possess many different specialties. Medical procedures are offered by plastic surgeons, dermatologists, podiatrists, nutritionists and others.<\/p>\n\n\n\n<p><strong>Beauty Medical Procedures involve:<\/strong><\/p>\n\n\n\n<ul class=\"wp-block-list\">\n<li>lips, necks, chins, stretch marks, sagging upper arms, etc.\n<ul class=\"wp-block-list\">\n<li>tucks or reductions<\/li>\n\n\n\n<li>enhancements (silicone)<\/li>\n<\/ul>\n<\/li>\n\n\n\n<li>hair restoration, implants<\/li>\n\n\n\n<li>fat removal and contouring via liposuction or CoolSculpting<\/li>\n\n\n\n<li>removal of \u201cbrown\/liver spots\u201d, spider veins, rosacea and tattoos \u2013 often with use of lasers or other technologies.<\/li>\n<\/ul>\n\n\n\n<p><strong>Services can be performed at Beauty Facilities such as:<\/strong><\/p>\n\n\n\n<ul class=\"wp-block-list\">\n<li>yoga studios<\/li>\n\n\n\n<li>Pilates and similar exercise rooms<\/li>\n\n\n\n<li>fitness clubs and gyms<\/li>\n\n\n\n<li>spas<\/li>\n\n\n\n<li>massage studios<\/li>\n\n\n\n<li>nail salons where both manicures and pedicures (\u201cmani-pedis\u201d) are given<\/li>\n<\/ul>\n\n\n\n<h2 class=\"wp-block-heading\">The Baby Boomer Beauty Market Opportunity<\/h2>\n\n\n\n<p>Ten <a href=\"https:\/\/www.sisinternational.com\/pl\/rozwiazania\/beauty-product-market-research\/baby-boomer-wellness-market-research\/\" title=\"Baby Boomer Wellness Market Research\"  data-wpil-monitor-id=\"10761\">Baby Boomer Beauty market<\/a> represents a large untapped market for beauty companies.&nbsp;Consider the following:<\/p>\n\n\n\n<ul class=\"wp-block-list\">\n<li>There are approximately 75 Million Baby Boomers (ages 51 to 69; born between 1946-1964) in the United States<\/li>\n\n\n\n<li>Over 50% of the total U.S. population will be over the age of 50 this year.<\/li>\n\n\n\n<li>Over the next 20 years, spending by people above the age of 50 is expected to increase by 58% to $4.74 trillion.<\/li>\n\n\n\n<li>In contrast, spending by younger Americans aged 25-50 is expected to only grow by approximately 24%.<\/li>\n\n\n\n<li>Baby Boomers will also inherit approximately $15 trillion over the next 20 years.<\/li>\n<\/ul>\n\n\n\n<p>Ruth Stanat, founder of SIS <a class=\"wpil_keyword_link\" href=\"https:\/\/www.sisinternational.com\/pl\/rozwiazania\/beauty-product-market-research\/beauty-innovation-consulting\/\"   title=\"Beauty Innovation Consulting\" data-wpil-keyword-link=\"linked\"  data-wpil-monitor-id=\"469\">Beauty Innovation Consulting<\/a>, believes Baby Boomers will ignite a consumer spending boom over the next several years.&nbsp; Not only is 70% of U.S. disposable income controlled by Baby Boomers, but they also spend over $3.2 trillion every year. This market is too big to ignore for investors and entrepreneurs alike.<\/p>\n\n\n\n<ul class=\"wp-block-list\">\n<li>Generally speaking, Boomer women do not wish to turn back the time with anti-aging products. Instead, they want products that will directly address skin, hair care, and health concerns, while also emphasizing feeling and looking good.<\/li>\n\n\n\n<li>Most are looking for products with moisturizing \/ hydrating properties to address dry skin, while only a smaller percentage are interested in anti-aging claims.<\/li>\n\n\n\n<li>Unlike Millennial women, who love to explore new brands and products, the vast majority of Boomer women already have an established go-to skin and hair-care regiment.<\/li>\n\n\n\n<li>Impulsive purchases among Boomer women are uncommon as fewer people say that they would buy a beauty product on a whim.<\/li>\n\n\n\n<li>A small percentage of Boomer women say that they would actively seek out new products over their current trusted brands.\u00a0 These consumers have long-standing brand loyalty, which can be a challenge for new brands.<\/li>\n\n\n\n<li>Brands\/products can focus on the <a href=\"https:\/\/www.sisinternational.com\/pl\/mystery-shopping-for-beauty-products\/\" title=\"Mystery Shopping for Beauty Products\"  data-wpil-monitor-id=\"10769\">beauty and health benefits of their products<\/a>, as well as offer free trials touting the health benefits are important to Boomers at this stage of their lives.<\/li>\n<\/ul>\n\n\n\n<p>Baby boomers represent an \u201cuntapped\u201d <a href=\"https:\/\/www.sisinternational.com\/pl\/beauty-market-research-in-the-us\/\" title=\"Beauty Market Research in the US\"  data-wpil-monitor-id=\"882\">market for beauty<\/a> companies. Understanding the needs and wants of a <a href=\"https:\/\/www.sisinternational.com\/pl\/najlepsza-firma-generujaca-popyt-b2b\/\" title=\"Najlepsza firma generuj\u0105ca popyt B2B\"  data-wpil-monitor-id=\"10770\">generation can drive advantage for Beauty companies<\/a>.<\/p>\n\n\n\n<h2 class=\"wp-block-heading\">Uncovering New Opportunities<\/h2>\n\n\n\n<p>Beauty companies may be limiting their beauty <a href=\"https:\/\/www.sisinternational.com\/pl\/\" title=\"Dom\"  data-wpil-monitor-id=\"10757\">research and strategy<\/a> to consumers between the ages of 21 and 45.\u00a0 \u00a0SIS has also noticed that beauty companies tend to exclude men as potential customers.\u00a0 These segments can be profitable, loyal, and can provide new growth opportunities.\u00a0 Market Research uncovers insights, data and strategies about these segments.<\/p>\n\n\n\n<h2 class=\"wp-block-heading\">About Baby Boomer Beauty Market Research<\/h2>\n\n\n\n<p>With the motivation and desire to look younger and healthier, baby boomers are willing to invest their time and money on an increasing number of <a href=\"https:\/\/www.sisinternational.com\/pl\/rozwiazania\/testowanie-smaku\/beauty-product-testing\/\" title=\"Beauty Product Testing\"  data-wpil-monitor-id=\"10766\">beauty and skincare products<\/a> and services, including those that are innovative and often utilize new technologies.<\/p>\n\n\n\n<p>If your business is involved with this <a href=\"https:\/\/www.sisinternational.com\/pl\/global-beverage-market\/\" title=\"Global Beverage Market: Market Dynamics, Growth Projections &amp; Consumer Insights\"  data-wpil-monitor-id=\"10762\">dynamic and growing market<\/a>, it is critical to constantly monitor the lifestyles and behaviors of this age group towards their well-being.&nbsp;Across the 18 year range of ages for this group, between genders and other variables, there will be differences worth studying that can inform better marketing decisions.<\/p>\n\n\n\n<p>Useful Market Research methods include:<\/p>\n\n\n\n<ul class=\"wp-block-list\">\n<li>Grupy fokusowe na \u017cywo<\/li>\n\n\n\n<li>Wywiady z konsumentami<\/li>\n\n\n\n<li>Etnografia<\/li>\n\n\n\n<li>Telephone and\u00a0Mobile Surveys<\/li>\n\n\n\n<li><a href=\"https:\/\/www.sisinternational.com\/pl\/rozwiazania\/b2b-online-community-market-research-company\/\" title=\"B2B Online Community Market Research Company\"  data-wpil-monitor-id=\"10768\">Spo\u0142eczno\u015bci wgl\u0105du online<\/a><\/li>\n<\/ul>\n\n\n\n<p><\/p>","protected":false},"excerpt":{"rendered":"<p>Baby boomers represent an untapped market for beauty companies.\u00a0\u00a0Understanding the needs and wants of a generation can drive advantage for Beauty companies.<\/p>","protected":false},"author":1,"featured_media":64871,"parent":14514,"menu_order":36,"comment_status":"closed","ping_status":"closed","template":"","meta":{"footnotes":""},"class_list":["post-27363","page","type-page","status-publish","has-post-thumbnail"],"_links":{"self":[{"href":"https:\/\/www.sisinternational.com\/pl\/wp-json\/wp\/v2\/pages\/27363","targetHints":{"allow":["GET"]}}],"collection":[{"href":"https:\/\/www.sisinternational.com\/pl\/wp-json\/wp\/v2\/pages"}],"about":[{"href":"https:\/\/www.sisinternational.com\/pl\/wp-json\/wp\/v2\/types\/page"}],"author":[{"embeddable":true,"href":"https:\/\/www.sisinternational.com\/pl\/wp-json\/wp\/v2\/users\/1"}],"replies":[{"embeddable":true,"href":"https:\/\/www.sisinternational.com\/pl\/wp-json\/wp\/v2\/comments?post=27363"}],"version-history":[{"count":7,"href":"https:\/\/www.sisinternational.com\/pl\/wp-json\/wp\/v2\/pages\/27363\/revisions"}],"predecessor-version":[{"id":81764,"href":"https:\/\/www.sisinternational.com\/pl\/wp-json\/wp\/v2\/pages\/27363\/revisions\/81764"}],"up":[{"embeddable":true,"href":"https:\/\/www.sisinternational.com\/pl\/wp-json\/wp\/v2\/pages\/14514"}],"wp:featuredmedia":[{"embeddable":true,"href":"https:\/\/www.sisinternational.com\/pl\/wp-json\/wp\/v2\/media\/64871"}],"wp:attachment":[{"href":"https:\/\/www.sisinternational.com\/pl\/wp-json\/wp\/v2\/media?parent=27363"}],"curies":[{"name":"wp","href":"https:\/\/api.w.org\/{rel}","templated":true}]}}