{"id":27312,"date":"2018-07-12T04:20:13","date_gmt":"2018-07-12T04:20:13","guid":{"rendered":"https:\/\/www.sisinternational.com\/?page_id=27312"},"modified":"2026-03-12T13:35:21","modified_gmt":"2026-03-12T17:35:21","slug":"food-beverage-technology-market-research-food-tech","status":"publish","type":"page","link":"https:\/\/www.sisinternational.com\/pl\/rozwiazania\/badania-rynku-przemyslu-spozywczego-i-napojow\/food-beverage-technology-market-research-food-tech\/","title":{"rendered":"Badania rynku technologii \u017cywno\u015bci i napoj\u00f3w | Food Tech"},"content":{"rendered":"<h1 class=\"wp-block-heading\">Food and Beverage Technology Market Research<\/h1>\n\n\n\n<figure class=\"gb-block-image gb-block-image-7ea5edf4\"><img loading=\"lazy\" decoding=\"async\" width=\"1456\" height=\"816\" class=\"gb-image gb-image-7ea5edf4\" src=\"https:\/\/www.sisinternational.com\/wp-content\/uploads\/2025\/08\/Food-taste-testing-17.jpg\" alt=\"SIS Mi\u0119dzynarodowe badania rynku i strategia\" title=\"Food taste testing (17)\" srcset=\"https:\/\/www.sisinternational.com\/wp-content\/uploads\/2025\/08\/Food-taste-testing-17.jpg 1456w, https:\/\/www.sisinternational.com\/wp-content\/uploads\/2025\/08\/Food-taste-testing-17-300x168.jpg 300w, https:\/\/www.sisinternational.com\/wp-content\/uploads\/2025\/08\/Food-taste-testing-17-1024x574.jpg 1024w, https:\/\/www.sisinternational.com\/wp-content\/uploads\/2025\/08\/Food-taste-testing-17-768x430.jpg 768w, https:\/\/www.sisinternational.com\/wp-content\/uploads\/2025\/08\/Food-taste-testing-17-18x10.jpg 18w\" sizes=\"auto, (max-width: 1456px) 100vw, 1456px\"><\/figure>\n\n\n\n<p><\/p>\n\n\n\n<h2 class=\"wp-block-heading\">Digital Tech otwiera nowe mo\u017cliwo\u015bci zwi\u0119kszenia lojalno\u015bci klient\u00f3w i rentowno\u015bci dzi\u0119ki badaniom rynku technologii \u017cywno\u015bci i napoj\u00f3w.<\/h2>\n\n\n\n<p><span style=\"font-weight: 400;\">Apps, tools, mobile payments and smartphones are revolutionizing how consumers eat.&nbsp; When examining the impact of technology on the food industry, there is the business perspective as well as the consumer view.<\/span><\/p>\n\n\n\n<h2 class=\"wp-block-heading\">Food and Beverage Technology Market Research for food businesses<\/h2>\n\n\n\n<p><span style=\"font-weight: 400;\">Every part of the food industry has witnessed, and continues to see, the influence of technology. Several ways advances in technology can affect the food industry\u2019s \u201cfood chain<\/span>.\u201d<\/p>\n\n\n\n<ul class=\"wp-block-list\">\n<li><span style=\"font-weight: 400;\">This includes the growing, harvesting, production\/processing, and packaging of foods.<\/span><\/li>\n\n\n\n<li><span style=\"font-weight: 400;\">It also includes the logistics of warehousing, distribution, delivery and tracking of sales to the consumer.<\/span><\/li>\n\n\n\n<li><span style=\"font-weight: 400;\">Among the most important aspects is safety testing and <\/span><span style=\"font-weight: 400;\">the need to guarantee the quality of food. <\/span><span style=\"font-weight: 400;\">Often, the only way to <a href=\"https:\/\/www.sisinternational.com\/pl\/rozwiazania\/testowanie-smaku\/food-beverage-testing-market-research\/\" title=\"Badania rynku test\u00f3w \u017cywno\u015bci i napoj\u00f3w\"  data-wpil-monitor-id=\"9620\">test and monitor foods or beverages<\/a> for contaminants and other harmful items is with the use of technology, much of which is now automated.<\/span><\/li>\n\n\n\n<li><a href=\"https:\/\/www.sisinternational.com\/pl\/rozwiazania\/doradztwo-strategiczne-fintech-badania\/digital-research\/\" title=\"Badania rynku cyfrowego\"  data-wpil-monitor-id=\"9622\">Digital Disruption may open up new markets<\/a>, but it also allows new market entrants to disrupt industries cost-effectively.\u00a0 Conducting <a href=\"https:\/\/www.sisinternational.com\/pl\/jak-przeprowadzic-analize-konkurencji\/\" title=\"Analiza konkurencji w marketingu\"  data-wpil-monitor-id=\"9619\">Analiza konkurencji<\/a> and Strategy Consulting can identify ways to limit threats from New Market Entrants and threats to market positioning.<\/li>\n<\/ul>\n\n\n\n<h2 class=\"wp-block-heading\">Technology for Food Consumers<\/h2>\n\n\n\n<p><span style=\"font-weight: 400;\">In addition to the business side, technology is impacting how consumers interact with food and food services.<\/span><\/p>\n\n\n\n<ul class=\"wp-block-list\">\n<li><i><span style=\"font-weight: 400;\">Saving time<\/span><\/i><span style=\"font-weight: 400;\"> commuting, shopping and preparing meals is a growing factor among certain demographics, especially millennials.<\/span><\/li>\n\n\n\n<li><span style=\"font-weight: 400;\">As such, retailers and restaurants are not the only sources for shoppers. Many food preparation companies now chill, freeze, pack and deliver meals direct to one\u2019s residence.<\/span><\/li>\n<\/ul>\n\n\n\n<h2 class=\"wp-block-heading\">Food Tech and Delivery Apps<\/h2>\n\n\n\n<ul class=\"wp-block-list\">\n<li><span style=\"font-weight: 400;\">Technology makes it easier for consumers to order online for immediate consumption (e.g. Domino\u2019s app to order and then have pizza delivered via autonomous vehicles using GPS)<\/span><\/li>\n\n\n\n<li><span style=\"font-weight: 400;\">Just like car-sharing services (Uber, Lyft, etc) are being used to deliver \u201cfast food\u201d and other take-out orders, apps such as from Grubhub, Postmates or Doordash allow one to order from online <a href=\"https:\/\/www.sisinternational.com\/pl\/ekspertyza\/branze\/fast-casual-restaurant-market-research\/\" title=\"Badania rynku restauracji Fast Casual\"  data-wpil-monitor-id=\"9618\">restaurant menus and get fast casual<\/a> or fast food.<\/span><\/li>\n\n\n\n<li><span style=\"font-weight: 400;\">Mobile payment apps using smart phones enable consumers to replace plastic and cash.<\/span><\/li>\n<\/ul>\n\n\n\n<p><span style=\"font-weight: 400;\">We address strategic questions with your companies through Market Research and Consulting.&nbsp; How does your company interface with such apps? What <a href=\"https:\/\/www.sisinternational.com\/pl\/ekspertyza\/branze\/data-collection-market-research\/\" title=\"Badania rynku gromadzenia danych\"  data-wpil-monitor-id=\"9621\">data is collected<\/a> that can be used to grow your market and attract new, as well as repeat orders? Is your website and\/or app easy to use?&nbsp; <a href=\"https:\/\/www.sisinternational.com\/pl\/\" title=\"Dom\"  data-wpil-monitor-id=\"9616\">Research and strategy<\/a> provide powerful answers to your most important business questions.<\/span><\/p>\n\n\n\n<h2 class=\"wp-block-heading\">The Role of Food and Beverage Technology Market Research<\/h2>\n\n\n\n<p><span style=\"font-weight: 400;\">If your company operates in the food marketplace, there is a tremendous volume of news and developments that need to be regularly monitored.<\/span><\/p>\n\n\n\n<ul class=\"wp-block-list\">\n<li><span style=\"font-weight: 400;\">To keep abreast of all the new machinery, equipment and their applications that make the supply chain more efficient, you might want to outsource this task to a third party that specializes in scanning, gathering, analyzing and summarizing the key indicators you care about.<\/span><\/li>\n\n\n\n<li><span style=\"font-weight: 400;\">If your questions require information gathering techniques beyond \u201cdesk research\u201d (the performance of secondary research online or through the review of print media), you need to figure out who to ask that might have the answers to your questions.<\/span><\/li>\n<\/ul>\n\n\n\n<h3 class=\"wp-block-heading\"><span style=\"font-weight: 400;\">Some important strategic questions include:<\/span><\/h3>\n\n\n\n<ul class=\"wp-block-list\">\n<li><span style=\"font-weight: 400;\">How are these trends impacting my business and my competition?<\/span><\/li>\n\n\n\n<li><span style=\"font-weight: 400;\">Which companies are leading in the development of new technology?<\/span><\/li>\n\n\n\n<li><span style=\"font-weight: 400;\">Which local <a href=\"https:\/\/www.sisinternational.com\/pl\/ekspertyza\/branze\/online-dating-app-market-research\/\" title=\"Badania rynku aplikacji randkowych online\"  data-wpil-monitor-id=\"9623\">markets are using apps<\/a>, and are they being used in other parts of the world? \u00a0<\/span><\/li>\n<\/ul>\n\n\n\n<p><span style=\"font-weight: 400;\">But who do you ask about the impact of technology? In the <\/span><span style=\"font-weight: 400;\">business world<\/span><span style=\"font-weight: 400;\">, different titles and functions can each answer a set of questions that are of interest to you.<\/span><\/p>\n\n\n\n<h2 class=\"wp-block-heading\">O SIS<\/h2>\n\n\n\n<p><span style=\"font-weight: 400;\">SIS can help by contacting and obtaining answers from individuals who hold any of these functions who either make or influence the buying decision for technology in their organizations.<\/span><\/p>\n\n\n\n<ul class=\"wp-block-list\">\n<li><span style=\"font-weight: 400;\"> \u00a0\u00a0<\/span> <span style=\"font-weight: 400;\">Senior management<\/span><\/li>\n\n\n\n<li><span style=\"font-weight: 400;\"> \u00a0\u00a0<\/span> <span style=\"font-weight: 400;\">Research &amp; development<\/span><\/li>\n\n\n\n<li><span style=\"font-weight: 400;\"> \u00a0\u00a0<\/span> <span style=\"font-weight: 400;\">Purchasing<\/span><\/li>\n\n\n\n<li><span style=\"font-weight: 400;\"> \u00a0\u00a0<\/span> <span style=\"font-weight: 400;\">Operations<\/span><\/li>\n\n\n\n<li><span style=\"font-weight: 400;\"> \u00a0\u00a0<\/span> <span style=\"font-weight: 400;\">Health &amp; safety<\/span><\/li>\n\n\n\n<li><span style=\"font-weight: 400;\"> \u00a0\u00a0<\/span> <span style=\"font-weight: 400;\">Logistics\/transportation<\/span><\/li>\n\n\n\n<li><span style=\"font-weight: 400;\"> \u00a0\u00a0<\/span> <span style=\"font-weight: 400;\">Warehousing<\/span><\/li>\n\n\n\n<li><span style=\"font-weight: 400;\"> \u00a0\u00a0<\/span> <span style=\"font-weight: 400;\">Distribution<\/span><\/li>\n<\/ul>\n\n\n\n<p><span style=\"font-weight: 400;\">When you want to learn about <\/span><span style=\"font-weight: 400;\">consumer behavior<\/span><span style=\"font-weight: 400;\"> and how technology is affecting their lives, you again need to identify the types and characteristics of the people you need to study. SIS assists in targeting such individuals and contacting them to answer questions that will guide your key marketing strategies.<\/span><\/p>\n\n\n\n<p>SIS has over 40+ years experience in providing <a href=\"https:\/\/www.sisinternational.com\/pl\/wykorzystanie-technologii-w-handlu-detalicznym\/\" title=\"Badania rynku technologii detalicznych\"  data-wpil-monitor-id=\"2725\">Market Research and Strategy Consulting to Food<\/a> Technology companies.&nbsp; We have developed a core competency in Digital Innovation and helping companies to understand &#8220;The Human Element&#8221; in technology adoption.&nbsp; We provide the insights, data and strategies to boost sales and outmaneuver competitors.&nbsp; We conduct:<\/p>\n\n\n\n<ul class=\"wp-block-list\">\n<li><a href=\"https:\/\/www.sisinternational.com\/pl\/rozwiazania\/b2b-online-community-market-research-company\/\" title=\"B2B Online Community Market Research Company\"  data-wpil-monitor-id=\"9617\">Online Research Communities<\/a><\/li>\n\n\n\n<li>Grupy fokusowe<\/li>\n\n\n\n<li>Etnografia<\/li>\n\n\n\n<li>Wywiady wideo<\/li>\n\n\n\n<li>Online Mobile Surveys<\/li>\n\n\n\n<li>Analiza konkurencji<\/li>\n<\/ul>\n\n\n\n<p><\/p>","protected":false},"excerpt":{"rendered":"<p>Digital Tech otwiera nowe mo\u017cliwo\u015bci zwi\u0119kszenia lojalno\u015bci klient\u00f3w i rentowno\u015bci dzi\u0119ki badaniom rynku technologii \u017cywno\u015bci i napoj\u00f3w.<\/p>","protected":false},"author":1,"featured_media":64693,"parent":22018,"menu_order":35,"comment_status":"closed","ping_status":"closed","template":"","meta":{"footnotes":""},"class_list":["post-27312","page","type-page","status-publish","has-post-thumbnail"],"_links":{"self":[{"href":"https:\/\/www.sisinternational.com\/pl\/wp-json\/wp\/v2\/pages\/27312","targetHints":{"allow":["GET"]}}],"collection":[{"href":"https:\/\/www.sisinternational.com\/pl\/wp-json\/wp\/v2\/pages"}],"about":[{"href":"https:\/\/www.sisinternational.com\/pl\/wp-json\/wp\/v2\/types\/page"}],"author":[{"embeddable":true,"href":"https:\/\/www.sisinternational.com\/pl\/wp-json\/wp\/v2\/users\/1"}],"replies":[{"embeddable":true,"href":"https:\/\/www.sisinternational.com\/pl\/wp-json\/wp\/v2\/comments?post=27312"}],"version-history":[{"count":9,"href":"https:\/\/www.sisinternational.com\/pl\/wp-json\/wp\/v2\/pages\/27312\/revisions"}],"predecessor-version":[{"id":81604,"href":"https:\/\/www.sisinternational.com\/pl\/wp-json\/wp\/v2\/pages\/27312\/revisions\/81604"}],"up":[{"embeddable":true,"href":"https:\/\/www.sisinternational.com\/pl\/wp-json\/wp\/v2\/pages\/22018"}],"wp:featuredmedia":[{"embeddable":true,"href":"https:\/\/www.sisinternational.com\/pl\/wp-json\/wp\/v2\/media\/64693"}],"wp:attachment":[{"href":"https:\/\/www.sisinternational.com\/pl\/wp-json\/wp\/v2\/media?parent=27312"}],"curies":[{"name":"wp","href":"https:\/\/api.w.org\/{rel}","templated":true}]}}