{"id":27300,"date":"2018-07-12T03:17:54","date_gmt":"2018-07-12T03:17:54","guid":{"rendered":"https:\/\/www.sisinternational.com\/?page_id=27300"},"modified":"2025-09-11T19:29:46","modified_gmt":"2025-09-11T23:29:46","slug":"superfood-skincare-market-research","status":"publish","type":"page","link":"https:\/\/www.sisinternational.com\/pl\/rozwiazania\/beauty-product-market-research\/superfood-skincare-market-research\/","title":{"rendered":"Superfood Skincare Market Research"},"content":{"rendered":"<h1 class=\"wp-block-heading\">Superfood Skincare Market Research<\/h1>\n\n\n\n<figure class=\"gb-block-image gb-block-image-6a53fb24\"><img loading=\"lazy\" decoding=\"async\" width=\"1456\" height=\"816\" class=\"gb-image gb-image-6a53fb24\" src=\"https:\/\/www.sisinternational.com\/wp-content\/uploads\/2025\/08\/Skincare-6-1.jpg\" srcset=\"https:\/\/www.sisinternational.com\/wp-content\/uploads\/2025\/08\/Skincare-6-1.jpg 1456w, https:\/\/www.sisinternational.com\/wp-content\/uploads\/2025\/08\/Skincare-6-1-300x168.jpg 300w, https:\/\/www.sisinternational.com\/wp-content\/uploads\/2025\/08\/Skincare-6-1-1024x574.jpg 1024w, https:\/\/www.sisinternational.com\/wp-content\/uploads\/2025\/08\/Skincare-6-1-768x430.jpg 768w, https:\/\/www.sisinternational.com\/wp-content\/uploads\/2025\/08\/Skincare-6-1-18x10.jpg 18w\" sizes=\"auto, (max-width: 1456px) 100vw, 1456px\" alt=\"SIS Mi\u0119dzynarodowe badania rynku i strategia\"><\/figure>\n\n\n\n<p><\/p>\n\n\n\n<p><span style=\"font-weight: 400;\">Superfoods are plant, fish, and dairy based, nutritional in value and good for one\u2019s health. These foods are not part of any particular food group. The health and wellness industry markets them as foods that are high in nutrients and have lots of health benefits. Superfoods contain extra amounts of vitamins and minerals. These nutrients help the body\u2019s natural ability to fight off diseases such as cancer. They also help control chronic conditions such as hypertension and diabetes. Superfoods allow people to live long and very healthy lives.<\/span><\/p>\n\n\n\n<p><span style=\"font-weight: 400;\">Sought-after superfoods include blueberries and kiwifruit. Nuts, seeds, beans, and grains are also superfoods. Dark leafy greens like kale and spinach also fall into the super food category. Also included are fish rich in omega-acids, sweet potatoes, and squash.<\/span><\/p>\n\n\n\n<p><span style=\"font-weight: 400;\">Other very healthy foods are also beneficial to health. Due to unexplained reasons, the health and wellness <a href=\"https:\/\/www.sisinternational.com\/pl\/ekspertyza\/branze\/fruit-industry-market-research\/\" title=\"Badania rynku bran\u017cy owocowej\"  data-wpil-monitor-id=\"8476\">industry is not yet touting these fruits<\/a> and vegetables as superfoods. The term &#8220;superfoods&#8221; implies the power and abilities of the foods. Still, people should consume them in moderation like any other food. Too much can prove detrimental to one\u2019s health.<\/span><\/p>\n\n\n\n<h2 class=\"wp-block-heading\">Superfoods for the Skin<\/h2>\n\n\n\n<figure class=\"gb-block-image gb-block-image-61562b35\"><img loading=\"lazy\" decoding=\"async\" width=\"1456\" height=\"816\" class=\"gb-image gb-image-61562b35\" src=\"https:\/\/www.sisinternational.com\/wp-content\/uploads\/2025\/08\/Fruit-7.jpg\" srcset=\"https:\/\/www.sisinternational.com\/wp-content\/uploads\/2025\/08\/Fruit-7.jpg 1456w, https:\/\/www.sisinternational.com\/wp-content\/uploads\/2025\/08\/Fruit-7-300x168.jpg 300w, https:\/\/www.sisinternational.com\/wp-content\/uploads\/2025\/08\/Fruit-7-1024x574.jpg 1024w, https:\/\/www.sisinternational.com\/wp-content\/uploads\/2025\/08\/Fruit-7-768x430.jpg 768w, https:\/\/www.sisinternational.com\/wp-content\/uploads\/2025\/08\/Fruit-7-18x10.jpg 18w\" sizes=\"auto, (max-width: 1456px) 100vw, 1456px\" alt=\"SIS Mi\u0119dzynarodowe badania rynku i strategia\"><\/figure>\n\n\n\n<p><\/p>\n\n\n\n<p><span style=\"font-weight: 400;\">Cosmetic companies have discovered that superfoods also benefit the skin. These companies are developing skin care products with superfoods as ingredients. Indeed, there has been a shift of focus, so superfoods are now included in skin care regimens.<\/span><\/p>\n\n\n\n<p><span style=\"font-weight: 400;\">Skincare companies are targeting the health and <a href=\"https:\/\/www.sisinternational.com\/pl\/rozwiazania\/beauty-product-market-research\/\" title=\"Beauty Innovation Consulting and Beauty Market Research\"  data-wpil-monitor-id=\"8466\">beauty conscious segment of the market<\/a>. It is happening as the world becomes more health conscious. People are more cautious about what they put inside their bodies. The idea is that if a type of <a href=\"https:\/\/www.sisinternational.com\/pl\/ekspertyza\/branze\/genetically-modified-organism-food-beverage-market-research\/\" title=\"Badania rynku \u017cywno\u015bci i napoj\u00f3w z genetycznie zmodyfikowanymi organizmami\"  data-wpil-monitor-id=\"8478\">food is beneficial to the internal organs<\/a>, then it should do wonders for the outward appearance.<\/span><\/p>\n\n\n\n<p><span style=\"font-weight: 400;\">Some ingredients found in skin care products in the past have proven toxic. Cosmetic companies are using healthier ingredients that are high in vitamins and nutrients. The expectation is that superfood ingredients in skincare will increase.<\/span><\/p>\n\n\n\n<h2 class=\"wp-block-heading\">&nbsp;<\/h2>\n\n\n\n<p><span style=\"font-weight: 400;\">Aloe is one of the superfoods that promote clear and healthy skin. Other skincare superfoods are blackberries and blueberries. <a href=\"https:\/\/www.sisinternational.com\/pl\/rozwiazania\/rozwiazania-w-zakresie-brandingu-i-badan-klientow\/badania-rynku-produktow-do-pielegnacji-skory\/\" title=\"Badania rynku piel\u0119gnacji sk\u00f3ry | Doradztwo w bran\u017cy kosmetycznej\"  data-wpil-monitor-id=\"8468\">Skincare companies are marketing<\/a> these superfoods, as nutri-cosmetics.<\/span><\/p>\n\n\n\n<h2 class=\"wp-block-heading\"><span style=\"font-weight: 400;\">Superfood Skincare Brands<\/span><\/h2>\n\n\n\n<p><span style=\"font-weight: 400;\">Companies that produce nutri-cosmetics include Avon, Tilvee Super Food Skincare, and Johnson &amp; Johnson. Such companies are now taking a healthier and natural approach to product development. They are selling products at a faster rate with shorter shelf lives, as a result of customer reviews. Even skin capsules are being transformed to include superfoods. Aloe and cucumber skin lotions are a good example. Most of these products smell almost as good, and even better than the actual food from which they are derived.<\/span><\/p>\n\n\n\n<p><span style=\"font-weight: 400;\">The company that stands out in the field of superfood skincare is Elemis. This company sources plant-based botanicals from all corners of the world. It blends laboratory-made ingredients with super botanicals. These blends produce formulations that undergo thorough clinical and consumer testing. Most contain super compounds such as antioxidants and peptides. Scientists choose these botanicals for their potency. They also value their uniqueness, efficacy, and dynamic properties.<\/span><\/p>\n\n\n\n<p><span style=\"font-weight: 400;\">Krave is another brand with the philosophy that skincare should respect its biology. They base their products on non-irritating, fragrance-free formulas. They blend their formulas with \u201cskin-Kraveable\u201d nutrients and antioxidants. Krave is made in Korea. However, the brand is clear about not wanting to be part of the K-Beauty craze. Krave wants to be clear that their products can stand on their own.<\/span><\/p>\n\n\n\n<p><span style=\"font-weight: 400;\">Thousands of superfood <a href=\"https:\/\/www.sisinternational.com\/pl\/ekspertyza\/cv-z-doswiadczeniem\/badania-rynku-produktow-do-pielegnacji-osobistej\/\" title=\"Badania rynku produkt\u00f3w do piel\u0119gnacji osobistej\"  data-wpil-monitor-id=\"8470\">products are already on the market<\/a>. More are under development. The world is becoming health-oriented. The general population is reading labels. People are looking for particular ingredients before buying skin care products. In this age of information, the fine print cannot hide. People are taking better care of their bodies both inside and out.<\/span><\/p>\n\n\n\n<h2 class=\"wp-block-heading\">Kale Skincare<\/h2>\n\n\n\n<p><span style=\"font-weight: 400;\">The cosmetic <a href=\"https:\/\/www.sisinternational.com\/pl\/firma-prognozujaca-trendy-w-branzy-b2b\/\" title=\"Firma prognozuj\u0105ca najlepsze trendy w bran\u017cy B2B\"  data-wpil-monitor-id=\"8480\">industry has embraced the superfood trend<\/a>. Kale, which was virtually ignored twenty years ago, is now being consumed in copious quantities. It\u2019s only natural that these kale eaters will also see the benefit of using elements of the plant in their skincare. This segment of the population is easy to market to, and the cosmetic industry is enjoying the benefit of this low hanging fruit.<\/span><\/p>\n\n\n\n<h2 class=\"wp-block-heading\">O nas<\/h2>\n\n\n\n<p>SIS has over 40+ years experience in conducting <a href=\"https:\/\/www.sisinternational.com\/pl\/\" title=\"Dom\"  data-wpil-monitor-id=\"8461\">Market Research and Strategy<\/a> Consulting projects for Skincare, Health and Wellness companies.&nbsp; We conduct In-Home <a href=\"https:\/\/www.sisinternational.com\/pl\/rozwiazania\/rozwiazania-w-zakresie-brandingu-i-badan-klientow\/badania-rynku-testowanie-produktow\/\" title=\"Badania rynku testowania produkt\u00f3w\"  data-wpil-monitor-id=\"8473\">Product Usage tests<\/a>, Focus Groups, Ethnography, Influencer research and Customer Interviews.<\/p>\n\n\n\n<p><\/p>","protected":false},"excerpt":{"rendered":"<p>Superfoods are plant, fish, and dairy elements that are nutritional and benefit the skin. Learn more about Superfood Skincare Market Research.<\/p>","protected":false},"author":1,"featured_media":64540,"parent":27176,"menu_order":0,"comment_status":"closed","ping_status":"closed","template":"","meta":{"footnotes":""},"class_list":["post-27300","page","type-page","status-publish","has-post-thumbnail"],"_links":{"self":[{"href":"https:\/\/www.sisinternational.com\/pl\/wp-json\/wp\/v2\/pages\/27300","targetHints":{"allow":["GET"]}}],"collection":[{"href":"https:\/\/www.sisinternational.com\/pl\/wp-json\/wp\/v2\/pages"}],"about":[{"href":"https:\/\/www.sisinternational.com\/pl\/wp-json\/wp\/v2\/types\/page"}],"author":[{"embeddable":true,"href":"https:\/\/www.sisinternational.com\/pl\/wp-json\/wp\/v2\/users\/1"}],"replies":[{"embeddable":true,"href":"https:\/\/www.sisinternational.com\/pl\/wp-json\/wp\/v2\/comments?post=27300"}],"version-history":[{"count":4,"href":"https:\/\/www.sisinternational.com\/pl\/wp-json\/wp\/v2\/pages\/27300\/revisions"}],"predecessor-version":[{"id":81423,"href":"https:\/\/www.sisinternational.com\/pl\/wp-json\/wp\/v2\/pages\/27300\/revisions\/81423"}],"up":[{"embeddable":true,"href":"https:\/\/www.sisinternational.com\/pl\/wp-json\/wp\/v2\/pages\/27176"}],"wp:featuredmedia":[{"embeddable":true,"href":"https:\/\/www.sisinternational.com\/pl\/wp-json\/wp\/v2\/media\/64540"}],"wp:attachment":[{"href":"https:\/\/www.sisinternational.com\/pl\/wp-json\/wp\/v2\/media?parent=27300"}],"curies":[{"name":"wp","href":"https:\/\/api.w.org\/{rel}","templated":true}]}}