{"id":26765,"date":"2018-05-28T22:10:59","date_gmt":"2018-05-28T22:10:59","guid":{"rendered":"https:\/\/www.sisinternational.com\/?page_id=26765"},"modified":"2026-03-12T12:47:02","modified_gmt":"2026-03-12T16:47:02","slug":"physician-market-research","status":"publish","type":"page","link":"https:\/\/www.sisinternational.com\/pl\/rozwiazania\/badania-rynku-opieki-zdrowotnej\/physician-market-research\/","title":{"rendered":"Badania rynku lekarzy"},"content":{"rendered":"<h1 class=\"wp-block-heading\">Badania rynku lekarzy<\/h1>\n\n\n\n<figure class=\"gb-block-image gb-block-image-c41dbf38\"><img loading=\"lazy\" decoding=\"async\" width=\"1456\" height=\"816\" class=\"gb-image gb-image-c41dbf38\" src=\"https:\/\/www.sisinternational.com\/wp-content\/uploads\/2025\/08\/Healthcare-6.jpg\" alt=\"SIS Mi\u0119dzynarodowe badania rynku i strategia\" title=\"Healthcare (6)\" srcset=\"https:\/\/www.sisinternational.com\/wp-content\/uploads\/2025\/08\/Healthcare-6.jpg 1456w, https:\/\/www.sisinternational.com\/wp-content\/uploads\/2025\/08\/Healthcare-6-300x168.jpg 300w, https:\/\/www.sisinternational.com\/wp-content\/uploads\/2025\/08\/Healthcare-6-1024x574.jpg 1024w, https:\/\/www.sisinternational.com\/wp-content\/uploads\/2025\/08\/Healthcare-6-768x430.jpg 768w, https:\/\/www.sisinternational.com\/wp-content\/uploads\/2025\/08\/Healthcare-6-18x10.jpg 18w\" sizes=\"auto, (max-width: 1456px) 100vw, 1456px\"><\/figure>\n\n\n\n<p><\/p>\n\n\n\n<h2 class=\"wp-block-heading\">Physicians are highly influential in patient care, organizational decision making and the use of treatments and prescriptions.<\/h2>\n\n\n\n<p>Understanding their opinions, behaviors and perspectives can be very helpful for healthcare, medical device and pharmaceutical companies.<\/p>\n\n\n\n<p>Physicians are specialized medical professionals.&nbsp; Clinicians on the other hand are primary care givers of a patient.&nbsp; The roles of the two disciplines are often blurred. Physicians are clinicians, and the terms are commonly used interchangeably.&nbsp; We will use the word \u201cclinician\u201d to refer to all healthcare providers who deal with patients.&nbsp; \u201cPhysician\u201d will refer to clinicians who focuses on a particular specialty.<\/p>\n\n\n\n<h2 class=\"wp-block-heading\">Changing Medical Landscape<\/h2>\n\n\n\n<p>Physician practice ownership is trending downward. &nbsp;In 2016, less than half of practicing physicians owned their practice. This was the first year the figure dropped below 50 percent. Most of those in private practice work in offices with ten or fewer physicians. There was an uptick in the number working at practices with more than 50 physicians.<\/p>\n\n\n\n<p>The doctors who have given up their practices are moving into salaried jobs at hospitals. Some specialists have been a part of this trend. Primary care physicians are the ones leading the charge, however. More than half of all pediatricians and family doctors are employees. Surgical subspecialists are also drifting into the employment zone. Examples include ophthalmologists and ear, nose, and throat specialists. About a quarter of subspecialists are employed in hospitals.<\/p>\n\n\n\n<p>This trend is due in part to the Affordable Care Act (ACA) of 2010. Another effect of the ACA is that hospitals are buying physician practices at a faster rate. They are forming integrated systems to better coordinate care among themselves. These systems also benefit the physicians they use. Other parts of the healthcare delivery system will also gain from integrated systems. As a result, doctors are no longer making purchasing decisions. The decision makers for medical <a href=\"https:\/\/www.sisinternational.com\/pl\/rozwiazania\/testowanie-smaku\/uslugi-testowania-produktow-w-nowym-jorku\/\" title=\"Us\u0142ugi testowania produkt\u00f3w w Nowym Jorku\"  data-wpil-monitor-id=\"8457\">products and services<\/a> are sitting on hospital boards.<\/p>\n\n\n\n<p>Another notable healthcare trend is a physician shortage. This shortage is particularly acute in the inner city and rural areas. Universal access to healthcare will make this situation worse. Most residents say they would prefer to work in communities of 10,000 or more. Small rural communities will thus continue to be underserved.<\/p>\n\n\n\n<h2 class=\"wp-block-heading\">Physician Specialties<\/h2>\n\n\n\n<p>The top specialties for physicians are Family Medicine, Internal Medicine, and Pediatrics. Other well-compensated specialties are Dermatology and Radiology. Geriatrics is another in-demand field. The high demand for Gerontologists is no surprise. The Baby Boomer generation is entering retirement. This shift is also causing the need for Psychiatric care to increase.<\/p>\n\n\n\n<p>These specialists can expect to work in hospitals, given the decline in ownership. Hospitals are using perks to attract physician employees. These include <a href=\"https:\/\/www.sisinternational.com\/pl\/ekspertyza\/branze\/health-insurance-market-research\/\" title=\"Badania rynku ubezpiecze\u0144 zdrowotnych\"  data-wpil-monitor-id=\"8456\">health and malpractice insurance<\/a>. Hospitals are also offering retirement and disability plans. Education loan forgiveness and housing allowances are also provided.&nbsp; Compensation remains high for physicians though changing regulations may impact earnings.<\/p>\n\n\n\n<p>Hospital-rich Boston is the metro area with the highest demand for doctors. San Francisco is second on the list. New York, Los Angeles, Seattle, and Philadelphia also have high doctor demand.<\/p>\n\n\n\n<h2 class=\"wp-block-heading\">Reaching Physicians Worldwide<\/h2>\n\n\n\n<p>SIS provides rapid insight to physicians in the US and worldwide and has over 40+ years research leadership.\u00a0 We have developed innovative digital methods to rapidly and affordably <a href=\"https:\/\/www.sisinternational.com\/pl\/focus-groups-that-deliver-real-voices-real-insight-real-advantage\/\" title=\"Focus Groups That Deliver Real Voices, Real Insight, Real Advantage\"  data-wpil-monitor-id=\"8459\">deliver physician insights<\/a>.\u00a0 We can provide Quantitative and Qualitative research via mobile, telephone, in-person interviews, Focus Groups, and many other <a href=\"https:\/\/www.sisinternational.com\/pl\/quantitative-market-research-methods-and-techniques\/\" title=\"Quantitative Market Research Methods and Techniques\"  data-wpil-monitor-id=\"8454\">market research methods<\/a>.\u00a0 We do <a href=\"https:\/\/www.sisinternational.com\/pl\/zasieg\/ameryka\/zasieg-usa\/\" title=\"Badania rynku w Stanach Zjednoczonych\"  data-wpil-monitor-id=\"8455\">research across the United States<\/a>, Europe, Asia, and in many Emerging Markets.<\/p>\n\n\n\n<p><\/p>","protected":false},"excerpt":{"rendered":"<p>Zrozumienie opinii lekarzy mo\u017ce by\u0107 bardzo pomocne dla firm z bran\u017cy opieki zdrowotnej, urz\u0105dze\u0144 medycznych i farmaceutyk\u00f3w. Dowiedz si\u0119 wi\u0119cej o badaniach rynku lekarzy.<\/p>","protected":false},"author":1,"featured_media":62424,"parent":11294,"menu_order":32,"comment_status":"closed","ping_status":"closed","template":"","meta":{"footnotes":""},"class_list":["post-26765","page","type-page","status-publish","has-post-thumbnail"],"_links":{"self":[{"href":"https:\/\/www.sisinternational.com\/pl\/wp-json\/wp\/v2\/pages\/26765","targetHints":{"allow":["GET"]}}],"collection":[{"href":"https:\/\/www.sisinternational.com\/pl\/wp-json\/wp\/v2\/pages"}],"about":[{"href":"https:\/\/www.sisinternational.com\/pl\/wp-json\/wp\/v2\/types\/page"}],"author":[{"embeddable":true,"href":"https:\/\/www.sisinternational.com\/pl\/wp-json\/wp\/v2\/users\/1"}],"replies":[{"embeddable":true,"href":"https:\/\/www.sisinternational.com\/pl\/wp-json\/wp\/v2\/comments?post=26765"}],"version-history":[{"count":4,"href":"https:\/\/www.sisinternational.com\/pl\/wp-json\/wp\/v2\/pages\/26765\/revisions"}],"predecessor-version":[{"id":81421,"href":"https:\/\/www.sisinternational.com\/pl\/wp-json\/wp\/v2\/pages\/26765\/revisions\/81421"}],"up":[{"embeddable":true,"href":"https:\/\/www.sisinternational.com\/pl\/wp-json\/wp\/v2\/pages\/11294"}],"wp:featuredmedia":[{"embeddable":true,"href":"https:\/\/www.sisinternational.com\/pl\/wp-json\/wp\/v2\/media\/62424"}],"wp:attachment":[{"href":"https:\/\/www.sisinternational.com\/pl\/wp-json\/wp\/v2\/media?parent=26765"}],"curies":[{"name":"wp","href":"https:\/\/api.w.org\/{rel}","templated":true}]}}