{"id":26569,"date":"2018-05-07T20:05:08","date_gmt":"2018-05-07T20:05:08","guid":{"rendered":"https:\/\/www.sisinternational.com\/?page_id=26569"},"modified":"2026-01-27T15:25:51","modified_gmt":"2026-01-27T20:25:51","slug":"badania-rynku-influencerow","status":"publish","type":"page","link":"https:\/\/www.sisinternational.com\/pl\/rozwiazania\/rozwiazania-w-zakresie-brandingu-i-badan-klientow\/badania-rynku-influencerow\/","title":{"rendered":"Badania rynku influencer\u00f3w"},"content":{"rendered":"<h1 class=\"wp-block-heading\"><span style=\"font-weight: 400;\">Badania rynku influencer\u00f3w<\/span><\/h1>\n\n\n\n<p><\/p>\n\n\n\n<figure class=\"gb-block-image gb-block-image-7ca4a3af\"><img loading=\"lazy\" decoding=\"async\" width=\"1456\" height=\"816\" class=\"gb-image gb-image-7ca4a3af\" src=\"https:\/\/www.sisinternational.com\/wp-content\/uploads\/2025\/08\/Social-media-1.jpg\" alt=\"SIS Mi\u0119dzynarodowe badania rynku i strategia\" title=\"Social media (1)\" srcset=\"https:\/\/www.sisinternational.com\/wp-content\/uploads\/2025\/08\/Social-media-1.jpg 1456w, https:\/\/www.sisinternational.com\/wp-content\/uploads\/2025\/08\/Social-media-1-300x168.jpg 300w, https:\/\/www.sisinternational.com\/wp-content\/uploads\/2025\/08\/Social-media-1-1024x574.jpg 1024w, https:\/\/www.sisinternational.com\/wp-content\/uploads\/2025\/08\/Social-media-1-768x430.jpg 768w, https:\/\/www.sisinternational.com\/wp-content\/uploads\/2025\/08\/Social-media-1-18x10.jpg 18w\" sizes=\"auto, (max-width: 1456px) 100vw, 1456px\"><\/figure>\n\n\n\n<p><span style=\"font-weight: 400;\">Influencers are social leaders who build large followings and communities, often online. Their social value and followings allow them to sway the opinions of others. Influencers and thought leaders can inspire others to buy from a particular brand. &nbsp;The success of <a href=\"https:\/\/www.sisinternational.com\/pl\/multiple-constituencies-indirect-influencers-in-consumer-purchasing\/\" title=\"Wiele czynnik\u00f3w wp\u0142ywaj\u0105cych na zakupy konsumenckie\"  data-wpil-monitor-id=\"7374\">Marketing wp\u0142ywowy<\/a> comes from building relationships and providing social benefits to consumers.<\/span><\/p>\n\n\n\n<p><span style=\"font-weight: 400;\">Influencer marketing is becoming popular, especially in the fashion and beauty industries. &nbsp;Companies are increasingly using Internet personalities to boost general awareness and sales conversions. &nbsp;Internet personalities can be compensated with fees and royalties to promote products in-person and online.<\/span><\/p>\n\n\n\n<p><span style=\"font-weight: 400;\">The principle behind influencer marketing isn\u2019t new. Brands have been using celebrity endorsers for decades. By endorsing products, influencers promote products subtly or overtly to their large followings. &nbsp;Today\u2019s social media influencers can more rapidly and cost effectively build a following than the celebrities of yesterday.<\/span><\/p>\n\n\n\n<h2 class=\"wp-block-heading\">Wp\u0142yw ekonomiczny influencer\u00f3w<\/h2>\n\n\n\n<p><span style=\"font-weight: 400;\">The Instagram Influencer market size is over $1 billion&#8212;just on Instagram. &nbsp;Some retailers have seen sales increases by as much as 250% when using influencers. &nbsp;<\/span><\/p>\n\n\n\n<p><span style=\"font-weight: 400;\">\u201eMikroinfluencerzy\u201d to grupa influencer\u00f3w, kt\u00f3rzy maj\u0105 mniej obserwuj\u0105cych ni\u017c influencerzy maj\u0105cy ponad milion obserwuj\u0105cych, ale oferuj\u0105 bardziej przyst\u0119pne cenowo i wysoko rentowne rozwi\u0105zania w zakresie marketingu influencerskiego.<\/span><\/p>\n\n\n\n<p><span style=\"font-weight: 400;\">Influencer Marketing performance can also be measured. &nbsp;Choosing the most effective Key Performance Indicators and determining ROI are essential. &nbsp;ROI can be determined by:<\/span><\/p>\n\n\n\n<ul class=\"wp-block-list\">\n<li><span style=\"font-weight: 400;\">Liczba wy\u015bwietle\u0144 <\/span><\/li>\n\n\n\n<li><span style=\"font-weight: 400;\">Liczba obserwuj\u0105cych<\/span><\/li>\n\n\n\n<li><span style=\"font-weight: 400;\">Wska\u017aniki zaanga\u017cowania<\/span><\/li>\n\n\n\n<li><span style=\"font-weight: 400;\">Wydajno\u015b\u0107 zakup\u00f3w<\/span><\/li>\n<\/ul>\n\n\n\n<h2 class=\"wp-block-heading\">Znaczenie marketingu szeptanego<\/h2>\n\n\n\n<p><\/p>\n\n\n\n<figure class=\"gb-block-image gb-block-image-e4cb5a3e\"><img loading=\"lazy\" decoding=\"async\" width=\"1456\" height=\"816\" class=\"gb-image gb-image-e4cb5a3e\" src=\"https:\/\/www.sisinternational.com\/wp-content\/uploads\/2025\/08\/Social-media-8-1.jpg\" alt=\"SIS Mi\u0119dzynarodowe badania rynku i strategia\" title=\"Social media (8)\" srcset=\"https:\/\/www.sisinternational.com\/wp-content\/uploads\/2025\/08\/Social-media-8-1.jpg 1456w, https:\/\/www.sisinternational.com\/wp-content\/uploads\/2025\/08\/Social-media-8-1-300x168.jpg 300w, https:\/\/www.sisinternational.com\/wp-content\/uploads\/2025\/08\/Social-media-8-1-1024x574.jpg 1024w, https:\/\/www.sisinternational.com\/wp-content\/uploads\/2025\/08\/Social-media-8-1-768x430.jpg 768w, https:\/\/www.sisinternational.com\/wp-content\/uploads\/2025\/08\/Social-media-8-1-18x10.jpg 18w\" sizes=\"auto, (max-width: 1456px) 100vw, 1456px\"><\/figure>\n\n\n\n<p><span style=\"font-weight: 400;\">\u201cWord of Mouth\u201d marketing can be an effective form of promotion and advertisement. &nbsp;Customers trust their friends and family more than they believe advertisements. Influencers leverage relationships to promote products and can benefit from the \u201cHalo Effect,\u201d the phenomenon in which an impression created in one area influences opinion in another area. &nbsp;This type of marketing does not stop after one interaction. Instead, one person tells another, and that person can tell someone else which can translate into long term benefits.<\/span><\/p>\n\n\n\n<p><span style=\"font-weight: 400;\">W kulturach Wschodu, w kt\u00f3rych wysoko ceni si\u0119 relacje spo\u0142eczne (np. sieci Guanxi w Chinach), rezultaty marketingu influencerskiego mog\u0105 by\u0107 znacz\u0105ce i d\u0142ugotrwa\u0142e. &nbsp;<\/span><\/p>\n\n\n\n<p><span style=\"font-weight: 400;\">Serwisy spo\u0142eczno\u015bciowe, takie jak Twitter, Facebook i YouTube, nale\u017c\u0105 do najcz\u0119\u015bciej odwiedzanych na \u015bwiecie. Jednym z g\u0142\u00f3wnych powod\u00f3w udost\u0119pniania w mediach spo\u0142eczno\u015bciowych jest przybli\u017cenie nazwy marki potencjalnym u\u017cytkownikom. Wa\u017cne jest r\u00f3wnie\u017c anga\u017cowanie u\u017cytkownik\u00f3w w erze, w kt\u00f3rej algorytmy wyszukiwarek ulegaj\u0105 zmianom. Udost\u0119pnianie w mediach spo\u0142eczno\u015bciowych mo\u017ce r\u00f3wnie\u017c s\u0142u\u017cy\u0107 jako konwersja na rzeczywist\u0105 sprzeda\u017c.<\/span><\/p>\n\n\n\n<h2 class=\"wp-block-heading\">Jak influencerzy wspieraj\u0105 biznes<\/h2>\n\n\n\n<p><span style=\"font-weight: 400;\">Influencers are some of the most connected people online. They use their blend of photos, videos, posts, status updates, thought leadership and stories to voice their opinion on a product. &nbsp;They can subtly tell the business\u2019 story and can be powerful co-creators and storytellers.<\/span><\/p>\n\n\n\n<p><span style=\"font-weight: 400;\">The social media influencers that a brand chooses should relate to its target audience. &nbsp;Reaching out to top-tier social media influencers can be very expensive. Marketers should keep in mind that non-celebrities can have even more influence. &nbsp;Consumers are more likely to buy a product promoted by someone they see as a peer.<\/span><\/p>\n\n\n\n<h2 class=\"wp-block-heading\">Znaczenie bada\u0144 rynkowych w marketingu influencerskim<\/h2>\n\n\n\n<p><span style=\"font-weight: 400;\">Influencers work with brands they enjoy and that reflect their values. &nbsp;Influencers also seek to participate in campaigns that will boost their own profiles and create value for their followers. &nbsp;It\u2019s important that businesses deliver meaningful messages. Marketers should reach out to the right <a href=\"https:\/\/www.sisinternational.com\/pl\/zasieg\/ameryka\/badania-rynku-ameryki-lacinskiej\/badania-rynku-urugwaj\/\" title=\"Badania rynku w Urugwaju\"  data-wpil-monitor-id=\"5068\">influencers and do research<\/a> to ensure the influencer is a &nbsp;\u201cstrategic fit\u201d with the brand. The competition for influencers can be intense, and research can identify influencers and their opinions. Market Research achieves all of those objectives.<\/span><\/p>\n\n\n\n<h2 class=\"wp-block-heading\">Nasza praca z influencerami<\/h2>\n\n\n\n<p><span style=\"font-weight: 400;\">We conduct interviews, focus groups and surveys with influencers. &nbsp;Our access to some of the world\u2019s most influential people sets us apart. &nbsp;Additionally, SIS is located in the world\u2019s global cities &#8212; NYC, Los Angeles, London, Frankfurt, Shanghai, Hong Kong and other global cities. &nbsp;We have in-depth access to influencers worldwide.<\/span><\/p>\n\n\n\n<p><span style=\"font-weight: 400;\">We conduct research into brand essence, strategic fit, concept testing, &nbsp;market opportunity, competitive analysis, messaging testing, psychographic research, millennial marketing insights and influencer marketing analysis. &nbsp;<\/span><\/p>\n\n\n\n<p><strong>Poni\u017cej znajdziesz kilka przyk\u0142ad\u00f3w naszych dotychczasowych do\u015bwiadcze\u0144 z influencerami:<\/strong><\/p>\n\n\n\n<ul class=\"wp-block-list\">\n<li><span style=\"font-weight: 400;\">Przeprowadzono grupy fokusowe z influencerami z bran\u017cy kosmetycznej (ponad 20 tys. obserwuj\u0105cych w Nowym Jorku)<\/span><\/li>\n\n\n\n<li><span style=\"font-weight: 400;\">Przeprowadzono badania etnograficzne w domu z udzia\u0142em os\u00f3b wp\u0142ywaj\u0105cych na mod\u0119 na obuwie sportowe w Kopenhadze i Londynie<\/span><\/li>\n\n\n\n<li><span style=\"font-weight: 400;\">Conducted in-depth interviews with Fashion influencers in NYC to assist an Asian automotive brand launch a new luxury car. &nbsp;A photographer was present to photograph the fashion influencers and how they interacted with the car concept.<\/span><\/li>\n\n\n\n<li><span style=\"font-weight: 400;\">Przeprowadzi\u0142em wywiady z wp\u0142ywowymi stylistami dla kilku ameryka\u0144skich marek odzie\u017cowych i sprzedawc\u00f3w detalicznych odzie\u017cy.<\/span><\/li>\n\n\n\n<li><span style=\"font-weight: 400;\">Conducted recruitment for a major co-creation \u201cHackathon\u201d in NYC for a European airline. &nbsp;The participants included a runway model, influential dad bloggers, and influential marketers. <\/span><\/li>\n\n\n\n<li><span style=\"font-weight: 400;\">Przeprowadzi\u0142em pog\u0142\u0119bione wywiady dla azjatyckiej marki z Live Bloggers oraz z osobami, kt\u00f3re wykorzysta\u0142y transmisj\u0119 na \u017cywo i zyska\u0142y du\u017c\u0105 liczb\u0119 obserwuj\u0105cych.<\/span><\/li>\n<\/ul>\n\n\n\n<p>&nbsp;<\/p>\n\n\n\n<h2 class=\"wp-block-heading\"><a href=\"https:\/\/www.sisinternational.com\/pl\/about-sis\/contact-sis-international-market-research\/\">Skontaktuj si\u0119 z nami, aby nawi\u0105za\u0107 kontakt z osobami wp\u0142ywowymi i liderami my\u015bli.<\/a><\/h2>","protected":false},"excerpt":{"rendered":"<p>Influencerzy to liderzy spo\u0142eczni, kt\u00f3rzy buduj\u0105 du\u017ce grono obserwuj\u0105cych i spo\u0142eczno\u015bci. Dowiedz si\u0119 wi\u0119cej o tym, jak \u0142\u0105czymy Ci\u0119 z Influencerami na ca\u0142ym \u015bwiecie.<\/p>","protected":false},"author":1,"featured_media":63344,"parent":14650,"menu_order":11,"comment_status":"closed","ping_status":"closed","template":"","meta":{"footnotes":""},"class_list":["post-26569","page","type-page","status-publish","has-post-thumbnail"],"_links":{"self":[{"href":"https:\/\/www.sisinternational.com\/pl\/wp-json\/wp\/v2\/pages\/26569","targetHints":{"allow":["GET"]}}],"collection":[{"href":"https:\/\/www.sisinternational.com\/pl\/wp-json\/wp\/v2\/pages"}],"about":[{"href":"https:\/\/www.sisinternational.com\/pl\/wp-json\/wp\/v2\/types\/page"}],"author":[{"embeddable":true,"href":"https:\/\/www.sisinternational.com\/pl\/wp-json\/wp\/v2\/users\/1"}],"replies":[{"embeddable":true,"href":"https:\/\/www.sisinternational.com\/pl\/wp-json\/wp\/v2\/comments?post=26569"}],"version-history":[{"count":5,"href":"https:\/\/www.sisinternational.com\/pl\/wp-json\/wp\/v2\/pages\/26569\/revisions"}],"predecessor-version":[{"id":81018,"href":"https:\/\/www.sisinternational.com\/pl\/wp-json\/wp\/v2\/pages\/26569\/revisions\/81018"}],"up":[{"embeddable":true,"href":"https:\/\/www.sisinternational.com\/pl\/wp-json\/wp\/v2\/pages\/14650"}],"wp:featuredmedia":[{"embeddable":true,"href":"https:\/\/www.sisinternational.com\/pl\/wp-json\/wp\/v2\/media\/63344"}],"wp:attachment":[{"href":"https:\/\/www.sisinternational.com\/pl\/wp-json\/wp\/v2\/media?parent=26569"}],"curies":[{"name":"wp","href":"https:\/\/api.w.org\/{rel}","templated":true}]}}