{"id":24692,"date":"2018-02-27T05:50:42","date_gmt":"2018-02-27T05:50:42","guid":{"rendered":"https:\/\/www.sisinternational.com\/?page_id=24692"},"modified":"2025-11-15T20:42:32","modified_gmt":"2025-11-16T01:42:32","slug":"badania-rynku-w-waszyngtonie-dc","status":"publish","type":"page","link":"https:\/\/www.sisinternational.com\/pl\/zasieg\/north-america\/zasieg-usa\/badania-rynku-w-waszyngtonie-dc\/","title":{"rendered":"Badania rynku w Waszyngtonie"},"content":{"rendered":"<h1 class=\"wp-block-heading\">Badania rynku w Waszyngtonie<\/h1>\n\n\n\n<figure class=\"gb-block-image gb-block-image-ed77554f\"><img loading=\"lazy\" decoding=\"async\" width=\"1456\" height=\"816\" class=\"gb-image gb-image-ed77554f\" src=\"https:\/\/www.sisinternational.com\/wp-content\/uploads\/2025\/09\/Washington-DC-4.jpg\" alt=\"SIS Mi\u0119dzynarodowe badania rynku i strategia\" title=\"Washington DC (4)\" srcset=\"https:\/\/www.sisinternational.com\/wp-content\/uploads\/2025\/09\/Washington-DC-4.jpg 1456w, https:\/\/www.sisinternational.com\/wp-content\/uploads\/2025\/09\/Washington-DC-4-300x168.jpg 300w, https:\/\/www.sisinternational.com\/wp-content\/uploads\/2025\/09\/Washington-DC-4-1024x574.jpg 1024w, https:\/\/www.sisinternational.com\/wp-content\/uploads\/2025\/09\/Washington-DC-4-768x430.jpg 768w, https:\/\/www.sisinternational.com\/wp-content\/uploads\/2025\/09\/Washington-DC-4-18x10.jpg 18w\" sizes=\"auto, (max-width: 1456px) 100vw, 1456px\"><\/figure>\n\n\n\n<p><\/p>\n\n\n\n<h4 class=\"wp-block-heading\">Obszar metropolitalny Waszyngtonu jest \u00f3sm\u0105 co do wielko\u015bci gospodark\u0105 miejsk\u0105 w USA.<\/h4>\n\n\n\n<p>The District of Columbia\u2019s 68.3 square miles are sliced out of Maryland and sit across the Potomac River from Virginia. DC is the nation\u2019s capital.\u00a0 The population of its metro area is nearly 5 million people.\u00a0 While the government\u2019s economic impact is enormous, so are the contributions of other sectors, including education, <a href=\"https:\/\/www.sisinternational.com\/pl\/rozwiazania\/podroze-turystyka-hotelarstwo-doradztwo\/\" title=\"Doradztwo w zakresie podr\u00f3\u017cy, turystyki i go\u015bcinno\u015bci\"  data-wpil-monitor-id=\"8885\">hospitality and tourism<\/a>, and more. Market Research in Washington DC helps organizations to serve stakeholder needs better.<\/p>\n\n\n\n<p>Exceptional universities, several with major research capabilities, feed the economy and supply talent for local <a href=\"https:\/\/www.sisinternational.com\/pl\/analysis-b2b\/\" title=\"What Business Leaders Need to Know Right Now\"  data-wpil-monitor-id=\"8886\">business and government needs<\/a>.\u00a0Its museums, galleries, aquarium, zoo, monuments, and national treasures attract tourists and conventioneers by the millions. <a href=\"https:\/\/www.sisinternational.com\/pl\/ekspertyza\/branze\/wybierz-usluge-badania-rynku-hotelowego\/\" title=\"Wybierz us\u0142ug\u0119 Badania rynku hotelowego\"  data-wpil-monitor-id=\"8882\">Hotels and hospitality services<\/a> benefit from traffic at both low- and high-end spending levels.\u00a0 And, as the capital of the United States, a district with its own government structure, it employs tens of thousands creating one of the nation&#8217;s largest metropolitan areas. An efficient subway system and healthy relationships with nearby cities like Arlington keep The District economy vibrant and functioning at a high level.<\/p>\n\n\n\n<h2 class=\"wp-block-heading\">Bran\u017ca szkolnictwa wy\u017cszego<\/h2>\n\n\n\n<p>There are a number of major colleges and universities in the District of Columbia, given its limited space. They include the campuses of Georgetown University, American University, Howard University, Gallaudet University, and George Washington University.<\/p>\n\n\n\n<p>Higher education accounts for thousands of jobs and helps The District sustain its highly educated population. Each year, 80,000 students participate in courses at one or more of the member institutions of the D.C. Consortium. The District\u2019s higher education brings $2 billion to the area economy and graduates top lawyers, doctors, and other professionals.&nbsp; Many students stay in DC after graduation.<\/p>\n\n\n\n<h2 class=\"wp-block-heading\">Bran\u017ca hotelarska i turystyczna<\/h2>\n\n\n\n<p>Washington, D.C. sees over 20 million visitors every year, including over 2 million foreign tourists, who spend over $7 billion. Spending on hotels, retail, <a href=\"https:\/\/www.sisinternational.com\/pl\/ekspertyza\/cv-z-doswiadczeniem\/jedzenie-i-napoje-w-azji-i-pacyfiku\/\" title=\"Badania rynku \u017cywno\u015bci i napoj\u00f3w w Azji\"  data-wpil-monitor-id=\"8884\">food and beverage<\/a>, and entertainment supports 75,000 jobs in The District.<\/p>\n\n\n\n<p>Organizuje 15 konwencji w ca\u0142ym dystrykcie, pozostawiaj\u0105c $278 milion\u00f3w w tyle. Ponad 450 wydarze\u0144 w dystrykcie, w tym DC Jazz Festival, coroczny 4<sup>t<\/sup> lipcowych obchod\u00f3w i wi\u0119cej generuj\u0105 ponad $415 w wydatkach odwiedzaj\u0105cych. A wiele atrakcji turystycznych z bezp\u0142atnym wst\u0119pem przyci\u0105ga odwiedzaj\u0105cych, ale zmniejsza wydatki, kt\u00f3re mog\u0105 przeznaczy\u0107 na inne cele.<\/p>\n\n\n\n<p>Despite the lack of a major amusement park, The District\u2019s hotel sector (130 hotels with 30,200 rooms) remains stable and growing at a reliable 60% occupancy. People visit for historic attractions, museums, conventions, lobbying, entertainment, diplomacy, and other government-related business. The hotels\u2019 average daily rate, even though it is restricted by the government per diem limit, exceeds those of Chicago, New York City, and San Francisco.<\/p>\n\n\n\n<h2 class=\"wp-block-heading\">Rz\u0105d<\/h2>\n\n\n\n<p>Jako siedziba federalnej w\u0142adzy wykonawczej, ustawodawczej i s\u0105downiczej, gospodarka Waszyngtonu czerpie korzy\u015bci z udzia\u0142u mieszka\u0144c\u00f3w, ruchu ulicznego oraz wydatk\u00f3w bezpo\u015brednich i po\u015brednich.<\/p>\n\n\n\n<p>Rz\u0105d zawsze by\u0142 jego g\u0142\u00f3wnym wk\u0142adem ekonomicznym, ale jego dominacja zmienia si\u0119 w zale\u017cno\u015bci od administracji politycznych, z powtarzaj\u0105cymi si\u0119 sekwestrami, zamkni\u0119ciami i ci\u0119ciami bud\u017cetowymi. Mimo to, patrz\u0105c na jego sk\u0142adniki, wp\u0142yw jest znacz\u0105cy.<\/p>\n\n\n\n<p>W\u0142adza wykonawcza w pewnym stopniu przetrwa\u0142a dzi\u0119ki polityce i inicjatywom urz\u0119duj\u0105cego prezydenta. Jednak ponad cztery tysi\u0105ce, w tym cz\u0142onkowie Departamentu Obrony, Departamentu Bezpiecze\u0144stwa Wewn\u0119trznego, Departamentu Skarbu, Departamentu Zdrowia i Opieki Spo\u0142ecznej oraz innych agencji, jest bezpo\u015brednio powi\u0105zanych z biurem wykonawczym.<\/p>\n\n\n\n<p>Wielu pracownik\u00f3w agencji zajmuje stanowiska w s\u0142u\u017cbie cywilnej chronione przez przepisy i zwi\u0105zki zawodowe. Inicjatywy prezydenckie maj\u0105ce na celu zamro\u017cenie zatrudnienia s\u0105 zazwyczaj r\u00f3wnowa\u017cone ekspansj\u0105 w innych obszarach. Ca\u0142kowita liczba pracownik\u00f3w cywilnych w agencjach gabinetowych wynosi ponad 170 000. Najwi\u0119ksz\u0105 jest Homeland Security z oko\u0142o 25 000 stanowisk.<\/p>\n\n\n\n<p>Congress populates the Capitol and nearby office buildings with thousands of support staff. It oversees five supporting services: the Congressional Budget Office, the General Accounting Office, the Joint Economic Committee, the Government Printing Office, and the Architect of the Capitol.<\/p>\n\n\n\n<p><strong>S\u0105d Najwy\u017cszy<\/strong> meets in its own building where the nine members are supported by large staffs, some of whom work as <a href=\"https:\/\/www.sisinternational.com\/pl\/sis-international-mianuje-duilio-bini-na-stanowisko-kierownika-biura-w-londynie\/\" title=\"SIS International mianuje Duilio Bini na stanowisko kierownika biura w Londynie\"  data-wpil-monitor-id=\"8887\">interns<\/a> to gain the prestige of the office. The Department of Justice includes almost 24,000 employees.<\/p>\n\n\n\n<p>Oko\u0142o 20% pracownik\u00f3w The District pracuje dla rz\u0105du federalnego. Wielu pracownik\u00f3w rz\u0105dowych mieszka r\u00f3wnie\u017c w obszarze metropolitalnym w Wirginii i Maryland.<\/p>\n\n\n\n<h2 class=\"wp-block-heading\">Badania rynku w Waszyngtonie<\/h2>\n\n\n\n<p>SIS has extensive experience in <a href=\"https:\/\/www.sisinternational.com\/pl\/top-5-benefits-of-conducting-quantitative-market-research\/\" title=\"Top 5 Benefits of Conducting Quantitative Market Research\"  data-wpil-monitor-id=\"8883\">conducting Qualitative fieldwork and Quantitative<\/a> data collection in DC, Norther Virginia and Maryland.\u00a0 Some of our staff are alumni of prominent DC universities and are well-versed in the area.\u00a0 We are seasoned in conducting street intercepts, political <a href=\"https:\/\/www.sisinternational.com\/pl\/rozwiazania\/badania-rynku-w-grupie-fokusowej\/\" title=\"Badania rynku w grupie fokusowej\"  data-wpil-monitor-id=\"8881\">Grupy fokusowe<\/a>, Focus Groups for financial managers and many other types of research.<\/p>\n\n\n\n<p>For education institutions based in the region, we have conducted <a href=\"https:\/\/www.sisinternational.com\/pl\/zasieg\/badania-rynku-azja\/asia-market-opportunities-assessments\/\" title=\"Oceny mo\u017cliwo\u015bci rynkowych w Azji\"  data-wpil-monitor-id=\"8879\">market opportunity<\/a> &amp; entry assessments to help them assess growth opportunities nationwide and worldwide.\u00a0 We have served healthcare companies and tourism companies based in the area.<\/p>\n\n\n\n<p><\/p>","protected":false},"excerpt":{"rendered":"<p>Obszar metropolitalny Waszyngtonu, DC ma 8. co do wielko\u015bci gospodark\u0119 miejsk\u0105 w USA. Dowiedz si\u0119 wi\u0119cej o badaniach rynkowych w Waszyngtonie.<\/p>","protected":false},"author":1,"featured_media":66457,"parent":19303,"menu_order":13,"comment_status":"closed","ping_status":"closed","template":"","meta":{"footnotes":""},"class_list":["post-24692","page","type-page","status-publish","has-post-thumbnail"],"_links":{"self":[{"href":"https:\/\/www.sisinternational.com\/pl\/wp-json\/wp\/v2\/pages\/24692","targetHints":{"allow":["GET"]}}],"collection":[{"href":"https:\/\/www.sisinternational.com\/pl\/wp-json\/wp\/v2\/pages"}],"about":[{"href":"https:\/\/www.sisinternational.com\/pl\/wp-json\/wp\/v2\/types\/page"}],"author":[{"embeddable":true,"href":"https:\/\/www.sisinternational.com\/pl\/wp-json\/wp\/v2\/users\/1"}],"replies":[{"embeddable":true,"href":"https:\/\/www.sisinternational.com\/pl\/wp-json\/wp\/v2\/comments?post=24692"}],"version-history":[{"count":6,"href":"https:\/\/www.sisinternational.com\/pl\/wp-json\/wp\/v2\/pages\/24692\/revisions"}],"predecessor-version":[{"id":81489,"href":"https:\/\/www.sisinternational.com\/pl\/wp-json\/wp\/v2\/pages\/24692\/revisions\/81489"}],"up":[{"embeddable":true,"href":"https:\/\/www.sisinternational.com\/pl\/wp-json\/wp\/v2\/pages\/19303"}],"wp:featuredmedia":[{"embeddable":true,"href":"https:\/\/www.sisinternational.com\/pl\/wp-json\/wp\/v2\/media\/66457"}],"wp:attachment":[{"href":"https:\/\/www.sisinternational.com\/pl\/wp-json\/wp\/v2\/media?parent=24692"}],"curies":[{"name":"wp","href":"https:\/\/api.w.org\/{rel}","templated":true}]}}