{"id":24367,"date":"2018-02-23T01:58:44","date_gmt":"2018-02-23T01:58:44","guid":{"rendered":"https:\/\/www.sisinternational.com\/?page_id=24367"},"modified":"2026-01-24T15:25:59","modified_gmt":"2026-01-24T20:25:59","slug":"badania-nad-pielegnacja-skory","status":"publish","type":"page","link":"https:\/\/www.sisinternational.com\/pl\/ekspertyza\/badania-nad-pielegnacja-skory\/","title":{"rendered":"Badania i testy piel\u0119gnacji sk\u00f3ry"},"content":{"rendered":"<h1 class=\"wp-block-heading\">Badania rynku piel\u0119gnacji sk\u00f3ry<\/h1>\n\n\n\n<figure class=\"gb-block-image gb-block-image-8819a3cb\"><img loading=\"lazy\" decoding=\"async\" width=\"1456\" height=\"816\" class=\"gb-image gb-image-8819a3cb\" src=\"https:\/\/www.sisinternational.com\/wp-content\/uploads\/2025\/08\/Soap-3.jpg\" alt=\"SIS Mi\u0119dzynarodowe badania rynku i strategia\" title=\"Soap (3)\" srcset=\"https:\/\/www.sisinternational.com\/wp-content\/uploads\/2025\/08\/Soap-3.jpg 1456w, https:\/\/www.sisinternational.com\/wp-content\/uploads\/2025\/08\/Soap-3-300x168.jpg 300w, https:\/\/www.sisinternational.com\/wp-content\/uploads\/2025\/08\/Soap-3-1024x574.jpg 1024w, https:\/\/www.sisinternational.com\/wp-content\/uploads\/2025\/08\/Soap-3-768x430.jpg 768w, https:\/\/www.sisinternational.com\/wp-content\/uploads\/2025\/08\/Soap-3-18x10.jpg 18w\" sizes=\"auto, (max-width: 1456px) 100vw, 1456px\"><\/figure>\n\n\n\n<hr class=\"wp-block-separator has-alpha-channel-opacity is-style-dots\"\/>\n\n\n\n<h2 class=\"wp-block-heading\">The cosmetics and skincare industry is a global industry embracing fast-changing trends, emerging product ingredients, and evolving customer expectations.<\/h2>\n\n\n\n<p>The cosmetic and skincare industry is experiencing rapid growth and change due to the penetration of products which, once specific to certain age groups, are now in demand for every age, whether female or male.<\/p>\n\n\n\n<h2 class=\"wp-block-heading\">Zrozumienie zmieniaj\u0105cych si\u0119 potrzeb klient\u00f3w<\/h2>\n\n\n\n<p>New technologies have surfaced.\u00a0 Customer can measure their skin needs and track changes on their phone apps.\u00a0 \u00a0They can customize their products and their make-up using small devices that create customized color make-ups while determining what products they need to take care of the health of their skin.\u00a0\u00a0 Customers are more engaged in this process and eager to try these new products.<\/p>\n\n\n\n<p>Nasze badania odpowiadaj\u0105 na pytanie: <strong><u>Dlaczego<\/u><\/strong>.<\/p>\n\n\n\n<p>After conducting numerous product tests, fragrance tests, electronic skin device tests, app testing , and packaging design studies, companies gain insights to make decisions on products, price and positioning.&nbsp; &nbsp;Companies use these findings and promote their innovations to customers digitally.&nbsp; Online and exclusive website information made available to customers who are now members of an exclusive club often receive an unlimited amount of information about new products by a brand on their mobile device.<\/p>\n\n\n\n<h2 class=\"wp-block-heading\">Zadaj w\u0142a\u015bciwe pytania<\/h2>\n\n\n\n<p>Market research can answer questions for the client&#8217;s product development and internal needs.<\/p>\n\n\n\n<p>W przypadku firm, kt\u00f3re prowadz\u0105 badania maj\u0105ce na celu udoskonalenie lub rozw\u00f3j produktu, nasz\u0105 misj\u0105 jest \u015bcis\u0142a wsp\u00f3\u0142praca z klientem w celu zrozumienia, na jakim etapie procesu rozwoju si\u0119 znajduje, lub ustalenia, czy w istniej\u0105cym produkcie nale\u017cy wprowadzi\u0107 zmiany.<\/p>\n\n\n\n<p>The data that we collect during this process; (whether it is home usage tests or facility testing and interviews), \u00a0that process will determine what direction or corrections are made to ensure their product remains competitive.<\/p>\n\n\n\n<h2 class=\"wp-block-heading\">Interpretacja zachowa\u0144 i postaw<\/h2>\n\n\n\n<p>Since products are tested on a multi-country level, we are able to gather data from various cultures to determine differences and better understand participant needs and price points for sales once the product is ready for purchase. &nbsp;The participant is the customer we are aiming to keep.<\/p>\n\n\n\n<p>Culture can impact the fieldwork process.&nbsp;&nbsp; Skin tones, cultural requirements for different types of skin tones and economic levels for purchasing can differ dramatically from culture-to-culture.<\/p>\n\n\n\n<p>Education and income also impact the outcome of testing.\u00a0 Our tests meet strict criteria determined by our client whether it be ethnic background, income levels, which would indicate the amount of disposable income a participant may have who purchases these products.<\/p>\n\n\n\n<h2 class=\"wp-block-heading\">Zarz\u0105dzanie oczekiwaniami<\/h2>\n\n\n\n<p>Any change during the fieldwork process or if a participant does not fully respond to questionnaires or follow instructions for product usage will affect results.\u00a0 We use every possible precaution to ensure that the process during the research meets the client expectation along with having the appropriate number of additional participants should someone drop out or we eliminate them.<\/p>\n\n\n\n<p>Project managers monitor every phase of the study to insure that quotas are met and that the participant fully understands the process of the test.&nbsp; Participants meet with the client after testing and include their own personal products so that the client can see the buying behavior of the participant.<\/p>\n\n\n\n<h2 class=\"wp-block-heading\">Wgl\u0105d w sensoryk\u0119 i opakowania<\/h2>\n\n\n\n<p>As we deep further into the research, we can determine why a product that sells in the store may not necessarily sell online.\u00a0\u00a0\u00a0 Digging deeper we use sensory testing and packaging design.\u00a0\u00a0 Products on line may not show the full package, nor is the participant able to get a true sense of a crystal jar versus a plastic one.<\/p>\n\n\n\n<p>Fragrances are tested during client meetings with the participants who use subliminal feelings to describe the effects of the product.&nbsp;&nbsp;&nbsp; All of these factors equal a quality product that our client is striving for and price point finalized by the client to remain competitive.<\/p>\n\n\n\n<h2 class=\"wp-block-heading\">Umieszczanie produktu i projektowanie sklep\u00f3w detalicznych<\/h2>\n\n\n\n<p>Opakowanie i pojemnik na produkt zosta\u0142y ju\u017c opracowane i zatwierdzone, a produkt jest gotowy do umieszczenia w sklepie wy\u0142\u0105cznie danej marki lub w domu towarowym, gdzie ka\u017cda marka ma swoje specjalne przeznaczenie, aby przyci\u0105gn\u0105\u0107 klient\u00f3w wchodz\u0105cych do ekskluzywnego obszaru z kosmetykami i produktami do piel\u0119gnacji sk\u00f3ry.<\/p>\n\n\n\n<p>What will attract that customer?&nbsp;&nbsp; Brand loyalty? &nbsp;A new and innovative product introduced on line and advertised?&nbsp; Lighting and sampling of new products combined with an &nbsp;in store event , exclusive to the brand ? A unique store design which attracts and pulls in a new client?&nbsp;&nbsp; Our research includes, store design, store mapping, customer awareness and purchasing practices supported by data.&nbsp;&nbsp; Our in depths studies have provided new ways to shop and purchase cosmetic and <a href=\"https:\/\/www.sisinternational.com\/pl\/mystery-shopping-for-tobacco-products\/\" title=\"Mystery Shopping for Tobacco Products\"  data-wpil-monitor-id=\"1265\">skin care<\/a> products.<\/p>\n\n\n\n<h2 class=\"wp-block-heading\">O badaniach i testach piel\u0119gnacji sk\u00f3ry<\/h2>\n\n\n\n<p>SIS International Research is a leading <a class=\"wpil_keyword_link\" href=\"https:\/\/www.sisinternational.com\/pl\/ekspertyza\/global-market-research-firm\/\"   title=\"Globalna firma badawcza rynku\" data-wpil-keyword-link=\"linked\"  data-wpil-monitor-id=\"770\">globalne badania rynku<\/a> firm for over 30 years and we have perfected our skills in the cosmetic market for testing products and now the components that surround the cosmetic industry.<\/p>\n\n\n\n<h2 class=\"wp-block-heading\"><a href=\"https:\/\/www.sisinternational.com\/pl\/about-sis\/contact-sis-international-market-research\/\">Skontaktuj si\u0119 z nami w sprawie Twojego kolejnego projektu bada\u0144 i test\u00f3w rynku produkt\u00f3w do piel\u0119gnacji sk\u00f3ry.<\/a><\/h2>\n\n\n\n<p><\/p>","protected":false},"excerpt":{"rendered":"<p>Bran\u017ca kosmetyczna i piel\u0119gnacyjna to globalna bran\u017ca, kt\u00f3ra pod\u0105\u017ca za szybko zmieniaj\u0105cymi si\u0119 trendami, nowymi sk\u0142adnikami produkt\u00f3w i ewoluuj\u0105cymi oczekiwaniami klient\u00f3w.<\/p>","protected":false},"author":1,"featured_media":63383,"parent":14514,"menu_order":24,"comment_status":"closed","ping_status":"closed","template":"","meta":{"footnotes":""},"class_list":["post-24367","page","type-page","status-publish","has-post-thumbnail"],"_links":{"self":[{"href":"https:\/\/www.sisinternational.com\/pl\/wp-json\/wp\/v2\/pages\/24367","targetHints":{"allow":["GET"]}}],"collection":[{"href":"https:\/\/www.sisinternational.com\/pl\/wp-json\/wp\/v2\/pages"}],"about":[{"href":"https:\/\/www.sisinternational.com\/pl\/wp-json\/wp\/v2\/types\/page"}],"author":[{"embeddable":true,"href":"https:\/\/www.sisinternational.com\/pl\/wp-json\/wp\/v2\/users\/1"}],"replies":[{"embeddable":true,"href":"https:\/\/www.sisinternational.com\/pl\/wp-json\/wp\/v2\/comments?post=24367"}],"version-history":[{"count":5,"href":"https:\/\/www.sisinternational.com\/pl\/wp-json\/wp\/v2\/pages\/24367\/revisions"}],"predecessor-version":[{"id":75644,"href":"https:\/\/www.sisinternational.com\/pl\/wp-json\/wp\/v2\/pages\/24367\/revisions\/75644"}],"up":[{"embeddable":true,"href":"https:\/\/www.sisinternational.com\/pl\/wp-json\/wp\/v2\/pages\/14514"}],"wp:featuredmedia":[{"embeddable":true,"href":"https:\/\/www.sisinternational.com\/pl\/wp-json\/wp\/v2\/media\/63383"}],"wp:attachment":[{"href":"https:\/\/www.sisinternational.com\/pl\/wp-json\/wp\/v2\/media?parent=24367"}],"curies":[{"name":"wp","href":"https:\/\/api.w.org\/{rel}","templated":true}]}}