{"id":24329,"date":"2018-02-22T06:00:57","date_gmt":"2018-02-22T06:00:57","guid":{"rendered":"https:\/\/www.sisinternational.com\/?page_id=24329"},"modified":"2026-01-25T18:23:36","modified_gmt":"2026-01-25T23:23:36","slug":"badania-rynku-connecticut","status":"publish","type":"page","link":"https:\/\/www.sisinternational.com\/pl\/zasieg\/north-america\/zasieg-usa\/badania-rynku-connecticut\/","title":{"rendered":"Badania rynku w Connecticut"},"content":{"rendered":"<h1 class=\"wp-block-heading\">Badania rynku w Connecticut<\/h1>\n\n\n\n<figure class=\"gb-block-image gb-block-image-2e314506\"><img loading=\"lazy\" decoding=\"async\" width=\"1456\" height=\"816\" class=\"gb-image gb-image-2e314506\" src=\"https:\/\/www.sisinternational.com\/wp-content\/uploads\/2025\/09\/Connecticut-1.jpg\" alt=\"SIS Mi\u0119dzynarodowe badania rynku i strategia\" title=\"Connecticut (1)\" srcset=\"https:\/\/www.sisinternational.com\/wp-content\/uploads\/2025\/09\/Connecticut-1.jpg 1456w, https:\/\/www.sisinternational.com\/wp-content\/uploads\/2025\/09\/Connecticut-1-300x168.jpg 300w, https:\/\/www.sisinternational.com\/wp-content\/uploads\/2025\/09\/Connecticut-1-1024x574.jpg 1024w, https:\/\/www.sisinternational.com\/wp-content\/uploads\/2025\/09\/Connecticut-1-768x430.jpg 768w, https:\/\/www.sisinternational.com\/wp-content\/uploads\/2025\/09\/Connecticut-1-18x10.jpg 18w\" sizes=\"auto, (max-width: 1456px) 100vw, 1456px\"><\/figure>\n\n\n\n<p><\/p>\n\n\n\n<h4 class=\"wp-block-heading\">Connecticut jest strategicznie po\u0142o\u017cone mi\u0119dzy Bostonem a Nowym Jorkiem. Jako cz\u0119\u015b\u0107 korytarza Boston-Waszyngton, Connecticut ma r\u00f3\u017cne korzy\u015bci ekonomiczne w p\u00f3\u0142nocno-wschodniej cz\u0119\u015bci USA, kt\u00f3ra jest uwa\u017cana za regionaln\u0105 pot\u0119g\u0119 gospodarki USA.<\/h4>\n\n\n\n<p><strong>Przegl\u0105d<\/strong><\/p>\n\n\n\n<p>Connecticut has a population of over 3.5 million people.&nbsp; Fairfield County is a prosperous area bordering New York City in the West of Connecticut.&nbsp; The area benefits from its proximity to New York City and its railroads, major airports, and highways.&nbsp; New Canaan and Darien are on the top lists of US cities with the highest median income.&nbsp; Extraordinary personal wealth resides within an hour&#8217;s commute to central Manhattan.&nbsp; Many financial services companies are based in Greenwich, Bridgeport, Darien, and Stamford in Fairfield County.<\/p>\n\n\n\n<p>Stolic\u0105 Connecticut jest Hartford, po\u0142o\u017cone w centrum stanu. Stolica ma du\u017c\u0105 liczb\u0119 firm ubezpieczeniowych. Stan ma r\u00f3wnie\u017c du\u017ce wybrze\u017ce, kt\u00f3re zapewnia dost\u0119p do port\u00f3w morskich, akwari\u00f3w, ma\u0142ych miasteczek i miejsc turystycznych.<\/p>\n\n\n\n<h2 class=\"wp-block-heading\"><span style=\"font-weight: 400;\"><strong>What is Market Research in Connecticut?<\/strong><\/span><\/h2>\n\n\n\n<p><span style=\"font-weight: 400;\">Badania rynku w Connecticut maj\u0105 na celu zrozumienie zachowa\u0144 konsument\u00f3w, trend\u00f3w rynkowych i dynamiki konkurencji specyficznej dla Connecticut. Umo\u017cliwiaj\u0105 przedsi\u0119biorstwom identyfikacj\u0119 mo\u017cliwo\u015bci, \u0142agodzenie ryzyka i zwi\u0119kszanie przewagi konkurencyjnej. W stanie znanym z wysokiej jako\u015bci \u017cycia i r\u00f3\u017cnorodno\u015bci gospodarczej, niezb\u0119dne jest pozostawanie poinformowanym poprzez badania rynku.<\/span><\/p>\n\n\n\n<h2 class=\"wp-block-heading\"><span style=\"font-weight: 400;\"><strong>Korzy\u015bci z bada\u0144 rynku w Connecticut<\/strong><\/span><\/h2>\n\n\n\n<p><span style=\"font-weight: 400;\">Badania rynku w Connecticut oferuj\u0105 liczne korzy\u015bci, kt\u00f3re mog\u0105 znacz\u0105co poprawi\u0107 wyniki biznesowe i planowanie strategiczne. Firmy mog\u0105 optymalizowa\u0107 swoje dzia\u0142ania i osi\u0105ga\u0107 lepsze wyniki, wykorzystuj\u0105c lokalne spostrze\u017cenia.<\/span><\/p>\n\n\n\n<ul class=\"wp-block-list\">\n<li><b>Ulepszone podejmowanie decyzji:<\/b><span style=\"font-weight: 400;\"> Badania rynku w Connecticut dostarczaj\u0105 danych opartych na spostrze\u017ceniach, kt\u00f3re wspieraj\u0105 \u015bwiadome podejmowanie decyzji. Zmniejsza to ryzyko kosztownych b\u0142\u0119d\u00f3w i zwi\u0119ksza skuteczno\u015b\u0107 strategii biznesowych.<\/span><\/li>\n\n\n\n<li><b>Lepsze zrozumienie potrzeb klienta:<\/b><span style=\"font-weight: 400;\"> Dzi\u0119ki zrozumieniu potrzeb, preferencji i zachowa\u0144 konsument\u00f3w w Connecticut firmy mog\u0105 opracowywa\u0107 produkty i us\u0142ugi, kt\u00f3re lepiej odpowiadaj\u0105 wymaganiom rynku.&nbsp;<\/span><\/li>\n\n\n\n<li><b>Przewaga konkurencyjna:<\/b><span style=\"font-weight: 400;\"> Badania rynku pomagaj\u0105 firmom wyprzedza\u0107 konkurencj\u0119, dostarczaj\u0105c wgl\u0105du w trendy rynkowe i dynamik\u0119 konkurencji. T<\/span><\/li>\n\n\n\n<li><b>Identyfikacja szans rynkowych:<\/b><span style=\"font-weight: 400;\"> Dzi\u0119ki dog\u0142\u0119bnej analizie rynku przedsi\u0119biorstwa mog\u0105 zidentyfikowa\u0107 nowe mo\u017cliwo\u015bci wzrostu i ekspansji w Connecticut. <\/span><\/li>\n\n\n\n<li><b>\u0141agodzenie ryzyka:<\/b> Market research helps businesses identify potential risks and challenges. By understanding these factors, companies can develop strategies to mitigate risks and ensure long-term stability.<\/li>\n<\/ul>\n\n\n\n<h2 class=\"wp-block-heading\"><span style=\"font-weight: 400;\"><strong>Kto korzysta z bada\u0144 rynku w Connecticut?<\/strong><\/span><\/h2>\n\n\n\n<p><b>Firmy biotechnologiczne<\/b><span style=\"font-weight: 400;\"> also heavily depend on market research. Companies in biotechnology and <a href=\"https:\/\/www.sisinternational.com\/pl\/ekspertyza\/branze\/pharmaceuticals-market-research\/\" title=\"Badania rynku farmaceutycznego\"  data-wpil-monitor-id=\"3478\">pharmaceuticals use market research<\/a> to optimize R&amp;D, understand market demand, and stay competitive in local and international markets. Organizations like Alexion Pharmaceuticals and Boehringer Ingelheim play significant roles in this sector.<\/span><\/p>\n\n\n\n<p><b>Plac\u00f3wki edukacyjne<\/b><span style=\"font-weight: 400;\"> w Connecticut, takie jak Yale University i University of Connecticut, r\u00f3wnie\u017c polegaj\u0105 na badaniach rynku. Wykorzystuj\u0105 je do zrozumienia demografii student\u00f3w, potrzeb edukacyjnych i trend\u00f3w rynkowych, wspomagaj\u0105c rozw\u00f3j program\u00f3w nauczania i strategiczny wzrost.<\/span><\/p>\n\n\n\n<p><b>Firmy produkcyjne<\/b><span style=\"font-weight: 400;\"> capitalize on market research to tailor their operations and <a href=\"https:\/\/www.sisinternational.com\/pl\/rozwoj-miasta-hartford-connecticut\/\" title=\"Badania rynku w Hartford, Connecticut\"  data-wpil-monitor-id=\"1752\">marketing strategies<\/a> to Connecticut\u2019s diverse consumer base. By understanding local and global trends, manufacturers can effectively engage with their customers and enhance their market presence.<\/span><\/p>\n\n\n\n<p><b>Government agencies and <a href=\"https:\/\/www.sisinternational.com\/pl\/ekspertyza\/branze\/nonprofit-market-research\/\" title=\"Badania rynku non-profit\"  data-wpil-monitor-id=\"4817\">nonprofit organizations utilize market research<\/a> to inform policy decisions and develop community programs. These insights help address local needs, allocate resources efficiently, and measure the impact of their initiatives.<\/span><\/p>\n\n\n\n<h2 class=\"wp-block-heading\"><span style=\"font-weight: 400;\"><strong>Kiedy przeprowadza\u0107 badania rynku w Connecticut<\/strong><\/span><\/h2>\n\n\n\n<p><span style=\"font-weight: 400;\">Przeprowadzanie bada\u0144 rynku w Connecticut powinno by\u0107 procesem ci\u0105g\u0142ym, ale s\u0105 pewne momenty, w kt\u00f3rych staje si\u0119 to szczeg\u00f3lnie istotne. Przed wprowadzeniem nowego produktu lub us\u0142ugi firmy musz\u0105 przeprowadzi\u0107 dok\u0142adne badania rynku, aby zrozumie\u0107 popyt, zidentyfikowa\u0107 grupy docelowe i opracowa\u0107 skuteczne strategie marketingowe. Zapewnia to, \u017ce produkt lub us\u0142uga s\u0105 zgodne z potrzebami i preferencjami rynku.<\/span><\/p>\n\n\n\n<p><span style=\"font-weight: 400;\">Wchodz\u0105c na rynek Connecticut po raz pierwszy, firmy musz\u0105 przeprowadzi\u0107 kompleksowe badania, aby zrozumie\u0107 lokalny krajobraz. Obejmuje to analiz\u0119 konkurent\u00f3w, identyfikacj\u0119 potencjalnych partner\u00f3w i zrozumienie wymog\u00f3w regulacyjnych. Badania rynku zapewniaj\u0105 podstawow\u0105 wiedz\u0119 potrzebn\u0105 do pomy\u015blnego poruszania si\u0119 w tym nowym \u015brodowisku.<\/span><\/p>\n\n\n\n<p><span style=\"font-weight: 400;\">Rozszerzanie istniej\u0105cych operacji lub otwieranie nowych lokalizacji w Connecticut r\u00f3wnie\u017c wymaga bada\u0144 rynku. Firmy musz\u0105 rozumie\u0107 lokalne warunki rynkowe, zachowania konsument\u00f3w i potencjalne wyzwania, aby podejmowa\u0107 \u015bwiadome decyzje dotycz\u0105ce ekspansji. Pomaga to wybra\u0107 optymalne lokalizacje i opracowa\u0107 strategie dostosowane do lokalnego rynku.<\/span><\/p>\n\n\n\n<h2 class=\"wp-block-heading\"><span style=\"font-weight: 400;\"><strong>Nasz aktualny przegl\u0105d rynku i rekomendacje<\/strong><\/span><\/h2>\n\n\n\n<p><span style=\"font-weight: 400;\">Wierzymy, \u017ce Connecticut do\u015bwiadcza wzrostu w kilku kluczowych sektorach, szczeg\u00f3lnie w finansach, opiece zdrowotnej i biotechnologii. Wysi\u0142ki stanu maj\u0105ce na celu przyci\u0105gni\u0119cie przedsi\u0119biorstw i wspieranie innowacji zaczynaj\u0105 przynosi\u0107 efekty, tworz\u0105c \u017cyzny grunt dla rozwoju biznesu i ekspansji.<\/span><\/p>\n\n\n\n<p><span style=\"font-weight: 400;\">W zwi\u0105zku z tym potencjalny zwrot z inwestycji w Connecticut jest znacz\u0105cy dla przedsi\u0119biorstw, kt\u00f3re potrafi\u0105 skutecznie porusza\u0107 si\u0119 po lokalnej dynamice rynku. Badania rynku dostarczaj\u0105 kluczowych spostrze\u017ce\u0144, aby optymalizowa\u0107 strategie, zmniejsza\u0107 ryzyko i wykorzystywa\u0107 okazje. Przedsi\u0119biorstwa inwestuj\u0105ce w Connecticut mog\u0105 spodziewa\u0107 si\u0119 znacznych zysk\u00f3w, je\u015bli dostosuj\u0105 swoje dzia\u0142ania do trajektorii wzrostu stanu.<\/span><\/p>\n\n\n\n<h2 class=\"wp-block-heading\"><span style=\"font-weight: 400;\"><strong>Oczekiwane wyniki bada\u0144 rynku SIS w Connecticut<\/strong><\/span><\/h2>\n\n\n\n<p><b>Ulepszone podejmowanie decyzji<\/b><span style=\"font-weight: 400;\">&nbsp;<\/span><\/p>\n\n\n\n<p><span style=\"font-weight: 400;\">Badania rynku w Connecticut zapewniaj\u0105 firmom dane i spostrze\u017cenia potrzebne do podejmowania \u015bwiadomych decyzji. Rozumiej\u0105c trendy rynkowe, zachowania konsument\u00f3w i dynamik\u0119 konkurencji, firmy mog\u0105 opracowywa\u0107 skuteczne i wydajne strategie.<\/span><\/p>\n\n\n\n<p><b>Ulepszone targetowanie klient\u00f3w<\/b><span style=\"font-weight: 400;\">&nbsp;<\/span><\/p>\n\n\n\n<p><span style=\"font-weight: 400;\">Firmy mog\u0105 lepiej ukierunkowa\u0107 swoje dzia\u0142ania marketingowe poprzez szczeg\u00f3\u0142ow\u0105 analiz\u0119 lokalnej demografii i preferencji konsument\u00f3w. Prowadzi to do wi\u0119kszego zaanga\u017cowania i poprawy wska\u017anik\u00f3w konwersji, co ostatecznie zwi\u0119ksza sprzeda\u017c i przychody.<\/span><\/p>\n\n\n\n<p><b>Zwi\u0119kszona przewaga konkurencyjna<\/b><span style=\"font-weight: 400;\">&nbsp;<\/span><\/p>\n\n\n\n<p><span style=\"font-weight: 400;\">Badania rynku w Connecticut dostarczaj\u0105 wgl\u0105du w mocne i s\u0142abe strony konkurent\u00f3w. Wykorzystuj\u0105c te informacje, firmy mog\u0105 opracowa\u0107 strategie, kt\u00f3re wykorzystuj\u0105 szanse rynkowe i odr\u00f3\u017cniaj\u0105 si\u0119 od konkurencji.<\/span><\/p>\n\n\n\n<p><b>Zoptymalizowany rozw\u00f3j produktu<\/b><span style=\"font-weight: 400;\">&nbsp;<\/span><\/p>\n\n\n\n<p><span style=\"font-weight: 400;\">Zrozumienie potrzeb i preferencji konsument\u00f3w z Connecticut pozwala firmom rozwija\u0107 produkty i us\u0142ugi, kt\u00f3re lepiej odpowiadaj\u0105 wymaganiom rynku. Zwi\u0119ksza to prawdopodobie\u0144stwo sukcesu produktu i zadowolenia klienta.<\/span><\/p>\n\n\n\n<p><b>\u0141agodzenie ryzyka<\/b><span style=\"font-weight: 400;\">&nbsp;<\/span><\/p>\n\n\n\n<p><a href=\"https:\/\/www.linkedin.com\/company\/sisinternationalresearch\/\" target=\"_blank\" rel=\"noopener\"><span style=\"font-weight: 400;\">SIS Mi\u0119dzynarodowy<\/span><\/a><span style=\"font-weight: 400;\"> pozwala firmom rozwija\u0107 strategie \u0142agodzenia tych ryzyk. To proaktywne podej\u015bcie pomaga zapewni\u0107 d\u0142ugoterminow\u0105 stabilno\u015b\u0107 i sukces.<\/span><\/p>\n\n\n\n<h2 class=\"wp-block-heading\"><span style=\"font-weight: 400;\"><strong>Kluczowe bran\u017ce w Connecticut<\/strong><\/span><\/h2>\n\n\n\n<figure class=\"gb-block-image gb-block-image-40d7ae70\"><img loading=\"lazy\" decoding=\"async\" width=\"1456\" height=\"816\" class=\"gb-image gb-image-40d7ae70\" src=\"https:\/\/www.sisinternational.com\/wp-content\/uploads\/2025\/09\/Connecticut-3.jpg\" alt=\"SIS Mi\u0119dzynarodowe badania rynku i strategia\" title=\"Connecticut (3)\" srcset=\"https:\/\/www.sisinternational.com\/wp-content\/uploads\/2025\/09\/Connecticut-3.jpg 1456w, https:\/\/www.sisinternational.com\/wp-content\/uploads\/2025\/09\/Connecticut-3-300x168.jpg 300w, https:\/\/www.sisinternational.com\/wp-content\/uploads\/2025\/09\/Connecticut-3-1024x574.jpg 1024w, https:\/\/www.sisinternational.com\/wp-content\/uploads\/2025\/09\/Connecticut-3-768x430.jpg 768w, https:\/\/www.sisinternational.com\/wp-content\/uploads\/2025\/09\/Connecticut-3-18x10.jpg 18w\" sizes=\"auto, (max-width: 1456px) 100vw, 1456px\"><\/figure>\n\n\n\n<p><\/p>\n\n\n\n<p><span style=\"font-weight: 400;\">Gospodark\u0119 Connecticut wspiera kilka kluczowych ga\u0142\u0119zi przemys\u0142u, z kt\u00f3rych ka\u017cda w znacznym stopniu przyczynia si\u0119 do wzrostu i rozwoju stanu.<\/span><\/p>\n\n\n\n<p><b>\u2022 Finanse i Ubezpieczenia:<\/b><span style=\"font-weight: 400;\"> Connecticut jest znane jako \u201e\u015awiatowa Stolica Ubezpiecze\u0144\u201d, a g\u0142\u00f3wne firmy, takie jak Aetna, The Hartford i Travelers, maj\u0105 tu swoje siedziby. Sektor finans\u00f3w i ubezpiecze\u0144 jest kamieniem w\u0119gielnym gospodarki Connecticut, zapewniaj\u0105c miejsca pracy i nap\u0119dzaj\u0105c aktywno\u015b\u0107 gospodarcz\u0105.<\/span><\/p>\n\n\n\n<p><b>\u2022 Biotechnologia i Farmacja:<\/b><span style=\"font-weight: 400;\"> Biotechnologia i farmaceutyka to szybko rozwijaj\u0105ce si\u0119 sektory w Connecticut. Firmy takie jak Alexion Pharmaceuticals i Boehringer Ingelheim przewodz\u0105 innowacjom i badaniom, wspierane przez siln\u0105 sie\u0107 uniwersytet\u00f3w i instytucji badawczych.<\/span><\/p>\n\n\n\n<p><b>\u2022 Produkcja:<\/b><span style=\"font-weight: 400;\"> Zaawansowana produkcja, szczeg\u00f3lnie przemys\u0142 lotniczy, obronny i instrumenty precyzyjne, pozostaje wa\u017cn\u0105 bran\u017c\u0105 w Connecticut. Firmy takie jak Pratt &amp; Whitney i Sikorsky Aircraft odgrywaj\u0105 kluczow\u0105 rol\u0119 w utrzymaniu si\u0142y przemys\u0142owej stanu.<\/span><\/p>\n\n\n\n<p><b>\u2022 Edukacja:<\/b><span style=\"font-weight: 400;\"> Sektor edukacji w Connecticut jest solidny, z presti\u017cowymi instytucjami, takimi jak Yale University i University of Connecticut. Te uniwersytety zapewniaj\u0105 wysokiej jako\u015bci edukacj\u0119 i nap\u0119dzaj\u0105 badania i innowacje w r\u00f3\u017cnych dziedzinach, przyczyniaj\u0105c si\u0119 znacz\u0105co do lokalnej gospodarki.<\/span><\/p>\n\n\n\n<p><b>\u2022 Opieka zdrowotna:<\/b><span style=\"font-weight: 400;\"> Opieka zdrowotna jest krytyczn\u0105 bran\u017c\u0105 w Connecticut, z licznymi szpitalami, klinikami i instytucjami badawczymi \u015bwiadcz\u0105cymi us\u0142ugi i prowadz\u0105cymi zaawansowane badania medyczne. Instytucje takie jak Hartford HealthCare i Yale New Haven Health s\u0105 g\u0142\u00f3wnymi pracodawcami i przyczyniaj\u0105 si\u0119 do gospodarki stanu.<\/span><\/p>\n\n\n\n<h2 class=\"wp-block-heading\"><span style=\"font-weight: 400;\"><strong>Wiod\u0105cy gracze na rynku Connecticut<\/strong><\/span><\/h2>\n\n\n\n<p><span style=\"font-weight: 400;\">W stanie Connecticut swoj\u0105 siedzib\u0119 ma wielu czo\u0142owych graczy z r\u00f3\u017cnych bran\u017c, z kt\u00f3rych ka\u017cdy przyczynia si\u0119 do dynamicznego \u015brodowiska biznesowego tego stanu.<\/span><\/p>\n\n\n\n<p><b>\u2022 Pratt &amp; Whitney<\/b><span style=\"font-weight: 400;\"> jest \u015bwiatowym liderem w przemy\u015ble lotniczym. Maj\u0105c siedzib\u0119 w East Hartford, firma specjalizuje si\u0119 w projektowaniu i produkcji silnik\u00f3w lotniczych. Zaawansowane mo\u017cliwo\u015bci produkcyjne Pratt &amp; Whitney oraz znaczne inwestycje w badania i rozw\u00f3j nap\u0119dzaj\u0105 post\u0119p technologiczny i wzrost gospodarczy w Connecticut.<\/span><\/p>\n\n\n\n<p><b>\u2022 Uniwersytet Yale<\/b><span style=\"font-weight: 400;\"> jest g\u0142\u00f3wn\u0105 instytucj\u0105 edukacyjn\u0105 i badawcz\u0105 w Connecticut. Znajduj\u0105cy si\u0119 w New Haven, Yale ma wp\u0142yw wykraczaj\u0105cy poza \u015brodowisko akademickie, nap\u0119dzaj\u0105c wzrost gospodarczy poprzez inicjatywy badawcze, partnerstwa z przemys\u0142em i kszta\u0142towanie wysoko wykwalifikowanej si\u0142y roboczej.<\/span><\/p>\n\n\n\n<p><b>\u2022 Hartford<\/b><span style=\"font-weight: 400;\"> jest kolejnym kluczowym graczem w bran\u017cy ubezpieczeniowej. Jako jedna z najstarszych i najwi\u0119kszych firm ubezpieczeniowych w Stanach Zjednoczonych, The Hartford oferuje r\u00f3\u017cnorodne produkty i us\u0142ugi ubezpieczeniowe, wspieraj\u0105c osoby fizyczne i firmy w Connecticut i poza nim.<\/span><\/p>\n\n\n\n<h2 class=\"wp-block-heading\"><span style=\"font-weight: 400;\"><strong>G\u0142\u00f3wne atrakcje turystyczne w Connecticut<\/strong><\/span><\/h2>\n\n\n\n<p><span style=\"font-weight: 400;\">Connecticut s\u0142ynie z bogatej historii, \u017cywej kultury i niezwyk\u0142ego pi\u0119kna przyrody, dzi\u0119ki czemu jest popularnym celem podr\u00f3\u017cy turyst\u00f3w z ca\u0142ego \u015bwiata.&nbsp;<\/span><\/p>\n\n\n\n<ul class=\"wp-block-list\">\n<li><b> Mistyczny port morski<\/b><span style=\"font-weight: 400;\"> jest wiod\u0105cym muzeum morskim w kraju, oferuj\u0105cym wgl\u0105d w morsk\u0105 przesz\u0142o\u015b\u0107 Ameryki. Zwiedzaj\u0105cy mog\u0105 zwiedza\u0107 zabytkowe statki, morskie eksponaty i odtworzon\u0105 XIX-wieczn\u0105 wiosk\u0119 morsk\u0105, co czyni j\u0105 fascynuj\u0105cym celem podr\u00f3\u017cy dla mi\u0142o\u015bnik\u00f3w historii i rodzin.<\/span><\/li>\n\n\n\n<li><b> Galeria Sztuki Uniwersytetu Yale<\/b><span style=\"font-weight: 400;\"> mie\u015bci rozleg\u0142\u0105 kolekcj\u0119 sztuki z r\u00f3\u017cnych okres\u00f3w i kultur. R\u00f3\u017cnorodne wystawy i programy edukacyjne muzeum czyni\u0105 je kulturalnym centrum Connecticut.<\/span><\/li>\n\n\n\n<li><b> Park stanowy zamku Gillette<\/b><span style=\"font-weight: 400;\"> znajduje si\u0119 Zamek Gillette w stylu \u015bredniowiecznym, zbudowany przez aktora Williama Gillette&#039;a. Park oferuje malownicze szlaki turystyczne, miejsca piknikowe i wspania\u0142e widoki na rzek\u0119 Connecticut, co czyni go popularnym miejscem dla mi\u0142o\u015bnik\u00f3w aktywno\u015bci na \u015bwie\u017cym powietrzu.<\/span><\/li>\n\n\n\n<li><b> Dom i muzeum Marka Twaina<\/b><span style=\"font-weight: 400;\"> oferuje wycieczki z przewodnikiem i wystawy o \u017cyciu i tw\u00f3rczo\u015bci Twaina. Pi\u0119knie odrestaurowany dom i jego historyczne znaczenie przyci\u0105gaj\u0105 mi\u0142o\u015bnik\u00f3w literatury na ca\u0142ym \u015bwiecie.<\/span><\/li>\n<\/ul>\n\n\n\n<h2 class=\"wp-block-heading\"><span style=\"font-weight: 400;\"><strong>Mo\u017cliwo\u015bci dla firm w Connecticut<\/strong><\/span><\/h2>\n\n\n\n<p><span style=\"font-weight: 400;\">Connecticut oferuje liczne mo\u017cliwo\u015bci dla firm, kt\u00f3re chc\u0105 ustanowi\u0107 lub rozszerzy\u0107 swoj\u0105 obecno\u015b\u0107 na tym dynamicznym rynku. Firmy mog\u0105 osi\u0105gn\u0105\u0107 znacz\u0105cy wzrost i sukces, rozumiej\u0105c i wykorzystuj\u0105c te mo\u017cliwo\u015bci.<\/span><\/p>\n\n\n\n<ul class=\"wp-block-list\">\n<li><b>Strategiczne po\u0142o\u017cenie:<\/b><span style=\"font-weight: 400;\"> Po\u0142o\u017cenie Connecticut w p\u00f3\u0142nocno-wschodnich Stanach Zjednoczonych zapewnia \u0142atwy dost\u0119p do g\u0142\u00f3wnych rynk\u00f3w, takich jak Nowy Jork i Boston. Ta strategiczna pozycja zwi\u0119ksza wydajno\u015b\u0107 logistyczn\u0105 i zapewnia dost\u0119p do du\u017cej bazy konsument\u00f3w.<\/span><\/li>\n\n\n\n<li><b>Wykwalifikowana si\u0142a robocza:<\/b><span style=\"font-weight: 400;\"> Connecticut szczyci si\u0119 wysoko wykszta\u0142con\u0105 i wykwalifikowan\u0105 si\u0142\u0105 robocz\u0105, z du\u017c\u0105 koncentracj\u0105 uniwersytet\u00f3w i szk\u00f3\u0142 wy\u017cszych. Firmy mog\u0105 wykorzysta\u0107 t\u0119 pul\u0119 talent\u00f3w, aby nap\u0119dza\u0107 innowacyjno\u015b\u0107 i produktywno\u015b\u0107.<\/span><\/li>\n\n\n\n<li><b>Technologia i innowacje:<\/b><span style=\"font-weight: 400;\"> Sektor technologiczny Connecticut ro\u015bnie, oferuj\u0105c mo\u017cliwo\u015bci w biotechnologii, cyberbezpiecze\u0144stwie i rozwoju oprogramowania. Ekosystem wspieraj\u0105cy stan dla startup\u00f3w i przedsi\u0119biorc\u00f3w oferuje liczne zasoby, dzi\u0119ki kt\u00f3rym firmy technologiczne mog\u0105 si\u0119 rozwija\u0107.<\/span><\/li>\n\n\n\n<li><b>Rozw\u00f3j opieki zdrowotnej:<\/b><span style=\"font-weight: 400;\"> Ci\u0105g\u0142e inwestycje w opiek\u0119 zdrowotn\u0105 oferuj\u0105 liczne mo\u017cliwo\u015bci biznesowe w sektorach medycyny i nauk przyrodniczych. Infrastruktura opieki zdrowotnej stanu wspiera badania i opiek\u0119 nad pacjentami, co czyni go atrakcyjnym rynkiem dla innowacji w opiece zdrowotnej.<\/span><\/li>\n\n\n\n<li><b>Us\u0142ugi finansowe:<\/b> Solidny sektor finans\u00f3w i ubezpiecze\u0144 w Connecticut zapewnia mo\u017cliwo\u015bci dla firm zajmuj\u0105cych si\u0119 us\u0142ugami finansowymi, fintech i ubezpieczeniami. Ugruntowane instytucje finansowe i \u015brodowisko regulacyjne stanu wspieraj\u0105 wzrost sektora.<\/li>\n<\/ul>\n\n\n\n<h2 class=\"wp-block-heading\"><span style=\"font-weight: 400;\"><strong>Badania rynku w Connecticut: Analiza pi\u0119ciu si\u0142 Portera na rynku Connecticut<\/strong><\/span><\/h2>\n\n\n\n<p><span style=\"font-weight: 400;\">Przeprowadzenie analizy Pi\u0119ciu Si\u0142 Portera pomaga przedsi\u0119biorstwom zrozumie\u0107 si\u0142y konkurencyjne kszta\u0142tuj\u0105ce rynek w Connecticut, zapewniaj\u0105c kompleksowy obraz do wykorzystania w planowaniu strategicznym.<\/span><\/p>\n\n\n\n<p><b>Zagro\u017cenie ze strony nowych podmiot\u00f3w<\/b><\/p>\n\n\n\n<p><span style=\"font-weight: 400;\">Zagro\u017cenie ze strony nowych podmiot\u00f3w na rynku Connecticut r\u00f3\u017cni si\u0119 w zale\u017cno\u015bci od bran\u017cy. Wysokie bariery wej\u015bcia, takie jak wymogi regulacyjne, znaczne inwestycje kapita\u0142owe i ugruntowani konkurenci, mog\u0105 odstrasza\u0107 nowych podmiot\u00f3w, szczeg\u00f3lnie w sektorach finans\u00f3w, opieki zdrowotnej i produkcji.<\/span><\/p>\n\n\n\n<p><b>Si\u0142a przetargowa dostawc\u00f3w<\/b><\/p>\n\n\n\n<p><span style=\"font-weight: 400;\">Si\u0142a przetargowa dostawc\u00f3w w Connecticut mo\u017ce by\u0107 umiarkowana do wysokiej, w zale\u017cno\u015bci od bran\u017cy. Dostawcy dostarczaj\u0105cy specjalistyczne materia\u0142y lub us\u0142ugi mog\u0105 mie\u0107 znaczn\u0105 d\u017awigni\u0119 w sektorach takich jak produkcja i opieka zdrowotna. Jednak firmy cz\u0119sto \u0142agodz\u0105 t\u0119 si\u0142\u0119, dywersyfikuj\u0105c swoj\u0105 baz\u0119 dostawc\u00f3w lub integruj\u0105c si\u0119 pionowo.<\/span><\/p>\n\n\n\n<p><b>Si\u0142a przetargowa kupuj\u0105cych<\/b><\/p>\n\n\n\n<p><span style=\"font-weight: 400;\">Kupuj\u0105cy w Connecticut cz\u0119sto maj\u0105 znaczn\u0105 si\u0142\u0119 przetargow\u0105, szczeg\u00f3lnie na konkurencyjnych rynkach z wieloma alternatywami. Na przyk\u0142ad konsumenci w bran\u017cy detalicznej i us\u0142ugowej mog\u0105 \u0142atwo zmienia\u0107 dostawc\u00f3w, co sk\u0142ania firmy do oferowania lepszej warto\u015bci i us\u0142ug w celu zatrzymania klient\u00f3w.<\/span><\/p>\n\n\n\n<p><b>Zagro\u017cenie ze strony substytut\u00f3w<\/b><\/p>\n\n\n\n<p><span style=\"font-weight: 400;\">Zagro\u017cenie substytutami w Connecticut znacznie r\u00f3\u017cni si\u0119 w zale\u017cno\u015bci od bran\u017cy. W technologii i dobrach konsumpcyjnych szybkie tempo innowacji mo\u017ce prowadzi\u0107 do wysokiego ryzyka substytucji. Firmy musz\u0105 nieustannie wprowadza\u0107 innowacje, aby pozosta\u0107 istotnymi i utrzyma\u0107 przewag\u0119 konkurencyjn\u0105.<\/span><\/p>\n\n\n\n<p><b>Konkurencyjna rywalizacja<\/b><\/p>\n\n\n\n<p><span style=\"font-weight: 400;\">Konkurencyjna rywalizacja w Connecticut jest na og\u00f3\u0142 wysoka, nap\u0119dzana przez liczne dobrze prosperuj\u0105ce firmy i dynamiczne \u015brodowisko rynkowe. Bran\u017ce takie jak finanse, ubezpieczenia i edukacja do\u015bwiadczaj\u0105 intensywnej konkurencji, zmuszaj\u0105c firmy do wyr\u00f3\u017cniania si\u0119 poprzez innowacyjno\u015b\u0107, jako\u015b\u0107 i obs\u0142ug\u0119 klienta.<\/span><\/p>\n\n\n\n<h2 class=\"wp-block-heading\">Nasz zesp\u00f3\u0142 ds. bada\u0144 rynku w Connecticut<\/h2>\n\n\n\n<p>SIS prowadzi jako\u015bciowe badania terenowe, ilo\u015bciowe zbieranie danych i badania strategiczne w Connecticut. Nasz zesp\u00f3\u0142 korzysta z naszych globalnych najlepszych praktyk, lokalnie wydajnej realizacji projekt\u00f3w i ca\u0142odobowej obs\u0142ugi klienta. Wielu cz\u0142onk\u00f3w naszego zespo\u0142u mieszka w Connecticut i wnosi lokaln\u0105 wiedz\u0119, aby analizowa\u0107 ustalenia i formu\u0142owa\u0107 zalecenia.<\/p>\n\n\n\n<p><\/p>","protected":false},"excerpt":{"rendered":"<p>Connecticut jest strategicznie po\u0142o\u017cone mi\u0119dzy Bostonem a Nowym Jorkiem i ma populacj\u0119 3,5 miliona ludzi. Dowiedz si\u0119 wi\u0119cej o naszych mo\u017cliwo\u015bciach w CT.<\/p>","protected":false},"author":1,"featured_media":66522,"parent":19303,"menu_order":10,"comment_status":"closed","ping_status":"closed","template":"","meta":{"footnotes":""},"class_list":["post-24329","page","type-page","status-publish","has-post-thumbnail"],"_links":{"self":[{"href":"https:\/\/www.sisinternational.com\/pl\/wp-json\/wp\/v2\/pages\/24329","targetHints":{"allow":["GET"]}}],"collection":[{"href":"https:\/\/www.sisinternational.com\/pl\/wp-json\/wp\/v2\/pages"}],"about":[{"href":"https:\/\/www.sisinternational.com\/pl\/wp-json\/wp\/v2\/types\/page"}],"author":[{"embeddable":true,"href":"https:\/\/www.sisinternational.com\/pl\/wp-json\/wp\/v2\/users\/1"}],"replies":[{"embeddable":true,"href":"https:\/\/www.sisinternational.com\/pl\/wp-json\/wp\/v2\/comments?post=24329"}],"version-history":[{"count":18,"href":"https:\/\/www.sisinternational.com\/pl\/wp-json\/wp\/v2\/pages\/24329\/revisions"}],"predecessor-version":[{"id":78774,"href":"https:\/\/www.sisinternational.com\/pl\/wp-json\/wp\/v2\/pages\/24329\/revisions\/78774"}],"up":[{"embeddable":true,"href":"https:\/\/www.sisinternational.com\/pl\/wp-json\/wp\/v2\/pages\/19303"}],"wp:featuredmedia":[{"embeddable":true,"href":"https:\/\/www.sisinternational.com\/pl\/wp-json\/wp\/v2\/media\/66522"}],"wp:attachment":[{"href":"https:\/\/www.sisinternational.com\/pl\/wp-json\/wp\/v2\/media?parent=24329"}],"curies":[{"name":"wp","href":"https:\/\/api.w.org\/{rel}","templated":true}]}}