{"id":24018,"date":"2018-02-17T21:45:24","date_gmt":"2018-02-17T21:45:24","guid":{"rendered":"https:\/\/www.sisinternational.com\/?page_id=24018"},"modified":"2026-01-25T17:15:00","modified_gmt":"2026-01-25T22:15:00","slug":"firma-badawcza-rynku-atlanta","status":"publish","type":"page","link":"https:\/\/www.sisinternational.com\/pl\/zasieg\/north-america\/zasieg-usa\/firma-badawcza-rynku-atlanta\/","title":{"rendered":"Firma badawcza rynku w Atlancie"},"content":{"rendered":"<h1 class=\"wp-block-heading\">Badania rynku w Atlancie<\/h1>\n\n\n\n<figure class=\"gb-block-image gb-block-image-15aebe26\"><img loading=\"lazy\" decoding=\"async\" width=\"1456\" height=\"816\" class=\"gb-image gb-image-15aebe26\" src=\"https:\/\/www.sisinternational.com\/wp-content\/uploads\/2025\/09\/Atlantaa-5.jpg\" alt=\"SIS Mi\u0119dzynarodowe badania rynku i strategia\" title=\"Atlantaa (5)\" srcset=\"https:\/\/www.sisinternational.com\/wp-content\/uploads\/2025\/09\/Atlantaa-5.jpg 1456w, https:\/\/www.sisinternational.com\/wp-content\/uploads\/2025\/09\/Atlantaa-5-300x168.jpg 300w, https:\/\/www.sisinternational.com\/wp-content\/uploads\/2025\/09\/Atlantaa-5-1024x574.jpg 1024w, https:\/\/www.sisinternational.com\/wp-content\/uploads\/2025\/09\/Atlantaa-5-768x430.jpg 768w, https:\/\/www.sisinternational.com\/wp-content\/uploads\/2025\/09\/Atlantaa-5-18x10.jpg 18w\" sizes=\"auto, (max-width: 1456px) 100vw, 1456px\"><\/figure>\n\n\n\n<p><\/p>\n\n\n\n<h2 class=\"wp-block-heading\"><span style=\"font-weight: 400;\">Atlanta jest najwi\u0119kszym miastem w stanie Georgia i jednym z najwi\u0119kszych miast w Stanach Zjednoczonych. &nbsp;<\/span><\/h2>\n\n\n\n<p><span style=\"font-weight: 400;\">The metropolitan area has approximately 6 million people and its GDP is the eighth largest in the country.&nbsp; SIS provides full-service Market Research and strategy solutions in Atlanta with a highly skilled fieldwork team.<\/span><\/p>\n\n\n\n<p><span style=\"font-weight: 400;\">Atlanta benefits from an educated workforce and a low cost of living relative to other global cities. Many major companies have operations in Atlanta, including over 75% of the Fortune 500.<\/span><\/p>\n\n\n\n<p><span style=\"font-weight: 400;\">Najwi\u0119ksz\u0105 g\u0119sto\u015bci\u0105 zaludnienia charakteryzuje si\u0119 centrum Atlanty.&nbsp;&nbsp;<\/span><span style=\"font-weight: 400;\">Buckhead is a suburban affluent area and has stylish upscale shopping areas. This area which is easily accessible to respondents can be useful in <a href=\"https:\/\/www.sisinternational.com\/pl\/rozwiazania\/badania-rynku-w-grupie-fokusowej\/how-to-conduct-a-focus-group\/\" title=\"Jak przeprowadzi\u0107 grup\u0119 fokusow\u0105\"  data-wpil-monitor-id=\"10416\">conducting Focus Groups<\/a>. &nbsp;Marietta is another suburban area with major companies such as Lockheed Martin.<\/span><\/p>\n\n\n\n<h2 class=\"wp-block-heading\">Kwitn\u0105cy o\u015brodek gospodarczy<\/h2>\n\n\n\n<p><span style=\"font-weight: 400;\">Atlanta is home to many of the world\u2019s leading companies \u2014-CNN, Coca Cola and Delta airlines. &nbsp;It is a gateway to the South USA. <\/span><\/p>\n\n\n\n<p><span style=\"font-weight: 400;\">Ten <a href=\"https:\/\/www.sisinternational.com\/pl\/zasieg\/badania-rynku-bliski-wschod\/best-cities-for-real-estate-investment-in-saudi-arabia\/\" title=\"Best Cities for Real Estate Investment in Saudi Arabia\"  data-wpil-monitor-id=\"10426\">city is vying for investment<\/a> and competing with other global cities for investment, sporting events and corporate headquarters locations. &nbsp;Atlanta received international recognition when it was chosen as a location for the Olympics in 1996.<\/span><\/p>\n\n\n\n<p><span style=\"font-weight: 400;\">It is a major regional transportation hub. &nbsp;The Atlanta Hartsfield Airport is one of the largest airports in the world. &nbsp;It is also a logistics hub that has a major impact on global operations and logistics.<\/span><\/p>\n\n\n\n<p><span style=\"font-weight: 400;\">Media, broadcasting and entertainment are important industries. Turner Broadcasting, which owns CNN, is headquartered in Atlanta. The weather channel is also in the metro area. The population makes the region a major DMA <a href=\"https:\/\/www.sisinternational.com\/pl\/ekspertyza\/cv-z-doswiadczeniem\/badania-rynku-produktow-do-pielegnacji-osobistej\/\" title=\"Badania rynku produkt\u00f3w do piel\u0119gnacji osobistej\"  data-wpil-monitor-id=\"10422\">market in which to promote products<\/a> and to advertise to consumers. Increasingly, the city is working to attract <a href=\"https:\/\/www.sisinternational.com\/pl\/ekspertyza\/branze\/badania-rynku-filmowego-tv-film\/\" title=\"Badania rynku telewizyjnego, filmowego i filmowego\"  data-wpil-monitor-id=\"10420\">film and movie<\/a> companies to film movies there.<\/span><\/p>\n\n\n\n<h2 class=\"wp-block-heading\">Du\u017cy rynek konsumencki<\/h2>\n\n\n\n<p><span style=\"font-weight: 400;\">Atlanta has a large consumer base that benefits from a high standard of living and an educated workforce. &nbsp;The area has leading universities, such as Emory University and the University of Georgia.&nbsp;<\/span><\/p>\n\n\n\n<p><span style=\"font-weight: 400;\">The city is considered multicultural with a large representation of different ethnic groups and languages spoken. This diversity can make Atlanta a strong test <a href=\"https:\/\/www.sisinternational.com\/pl\/ekspertyza\/branze\/polyurethane-market-research\/\" title=\"Badania rynku poliuretanu\"  data-wpil-monitor-id=\"4120\">Market for research<\/a> projects.<\/span><\/p>\n\n\n\n<p>Buckhead, pictured, is an ideal place for Focus Groups.&nbsp; The area hosts trendy restaurants, large businesses, and beautiful scenic streets.<\/p>\n\n\n\n<h2 class=\"wp-block-heading\">Rozwijaj\u0105cy si\u0119 przemys\u0142 technologiczny<\/h2>\n\n\n\n<figure class=\"gb-block-image gb-block-image-b540ce25\"><img loading=\"lazy\" decoding=\"async\" width=\"1456\" height=\"816\" class=\"gb-image gb-image-b540ce25\" src=\"https:\/\/www.sisinternational.com\/wp-content\/uploads\/2025\/09\/Atlantaa-3.jpg\" alt=\"SIS Mi\u0119dzynarodowe badania rynku i strategia\" title=\"Atlantaa (3)\" srcset=\"https:\/\/www.sisinternational.com\/wp-content\/uploads\/2025\/09\/Atlantaa-3.jpg 1456w, https:\/\/www.sisinternational.com\/wp-content\/uploads\/2025\/09\/Atlantaa-3-300x168.jpg 300w, https:\/\/www.sisinternational.com\/wp-content\/uploads\/2025\/09\/Atlantaa-3-1024x574.jpg 1024w, https:\/\/www.sisinternational.com\/wp-content\/uploads\/2025\/09\/Atlantaa-3-768x430.jpg 768w, https:\/\/www.sisinternational.com\/wp-content\/uploads\/2025\/09\/Atlantaa-3-18x10.jpg 18w\" sizes=\"auto, (max-width: 1456px) 100vw, 1456px\"><\/figure>\n\n\n\n<p><\/p>\n\n\n\n<p><span style=\"font-weight: 400;\">The technology industry is growing in Atlanta. \u00a0Also known as \u201cSilicon Peach\u201d, the city has attracted many tech startups. Atlanta\u2019s lower cost of living has been accelerating growth in the IT industry there.\u00a0 AT&amp;T Mobility<\/span> is headquartered there as well as a growing number of startups. SIS provides executive interviews, market entry &amp; sizing, customer research, <a href=\"https:\/\/www.sisinternational.com\/pl\/rozwiazania\/rozwiazania-w-zakresie-badan-jakosciowych-i-ilosciowych\/b2b-focus-group-market-research\/\" title=\"Badania rynku grup fokusowych B2B\"  data-wpil-monitor-id=\"10414\">B2B focus groups<\/a>, competitive intelligence, branding insights and employee surveys in Atlanta.<\/span><\/p>\n\n\n\n<h2 class=\"wp-block-heading\">O badaniach rynkowych w Atlancie<\/h2>\n\n\n\n<p><span style=\"font-weight: 400;\">Zapewniamy <a class=\"wpil_keyword_link\" href=\"https:\/\/www.sisinternational.com\/pl\/rozwiazania\/badania-rynku-w-grupie-fokusowej\/\"   title=\"Badania rynku w grupie fokusowej\" data-wpil-keyword-link=\"linked\"  data-wpil-monitor-id=\"772\">Rekrutacja do grupy fokusowej<\/a>, moderation, survey interviewing, data collection, translation and transcription. \u00a0Our Strategy Research Group provides Reporting, Analysis, and On-The-Ground Consulting.\u00a0 Some recent projects include:<\/span><\/p>\n\n\n\n<ul class=\"wp-block-list\">\n<li><span style=\"font-weight: 400;\">SIS conducted <a href=\"https:\/\/www.sisinternational.com\/pl\/rozwiazania\/rozwiazania-w-zakresie-badan-jakosciowych-i-ilosciowych\/testy-lokalizacji-centralnej-kontra-grupy-fokusowe\/\" title=\"Testy Centralnej Lokalizacji kontra Grupy Fokusowe\"  data-wpil-monitor-id=\"10418\">grupy fokusowe<\/a> among call center professionals to test and understand opinions towards new headphones.<\/span><\/li>\n\n\n\n<li><span style=\"font-weight: 400;\">SIS <a href=\"https:\/\/www.sisinternational.com\/pl\/how-to-conduct-in-depth-interviews-for-market-insights\/\" title=\"Jak przeprowadza\u0107 pog\u0142\u0119bione wywiady w celu uzyskania wgl\u0105du w rynek\"  data-wpil-monitor-id=\"10412\">conducted in-depth interviews<\/a> (IDIs) among Food and Beverage executives.<\/span><\/li>\n\n\n\n<li><span style=\"font-weight: 400;\">SIS conducted Focus Groups with Fleet Managers, Fleet Operators, and Senior Trucking <a href=\"https:\/\/www.sisinternational.com\/pl\/ekspertyza\/branze\/business-decision-maker-market-research\/\" title=\"Badania rynku dla decydent\u00f3w biznesowych\"  data-wpil-monitor-id=\"10424\">Business decision makers<\/a>, given Atlanta\u2019s national importance in the trucking and transportation industries.<\/span><\/li>\n<\/ul>\n\n\n\n<p><\/p>\n\n\n\n<h2 class=\"wp-block-heading\">&nbsp;<\/h2>","protected":false},"excerpt":{"rendered":"<p>Atlanta jest najwi\u0119kszym miastem w stanie Georgia i jednym z najwi\u0119kszych miast w Stanach Zjednoczonych. Dowiedz si\u0119 wi\u0119cej.<\/p>","protected":false},"author":1,"featured_media":66620,"parent":19303,"menu_order":8,"comment_status":"closed","ping_status":"closed","template":"","meta":{"footnotes":""},"class_list":["post-24018","page","type-page","status-publish","has-post-thumbnail"],"_links":{"self":[{"href":"https:\/\/www.sisinternational.com\/pl\/wp-json\/wp\/v2\/pages\/24018","targetHints":{"allow":["GET"]}}],"collection":[{"href":"https:\/\/www.sisinternational.com\/pl\/wp-json\/wp\/v2\/pages"}],"about":[{"href":"https:\/\/www.sisinternational.com\/pl\/wp-json\/wp\/v2\/types\/page"}],"author":[{"embeddable":true,"href":"https:\/\/www.sisinternational.com\/pl\/wp-json\/wp\/v2\/users\/1"}],"replies":[{"embeddable":true,"href":"https:\/\/www.sisinternational.com\/pl\/wp-json\/wp\/v2\/comments?post=24018"}],"version-history":[{"count":5,"href":"https:\/\/www.sisinternational.com\/pl\/wp-json\/wp\/v2\/pages\/24018\/revisions"}],"predecessor-version":[{"id":81715,"href":"https:\/\/www.sisinternational.com\/pl\/wp-json\/wp\/v2\/pages\/24018\/revisions\/81715"}],"up":[{"embeddable":true,"href":"https:\/\/www.sisinternational.com\/pl\/wp-json\/wp\/v2\/pages\/19303"}],"wp:featuredmedia":[{"embeddable":true,"href":"https:\/\/www.sisinternational.com\/pl\/wp-json\/wp\/v2\/media\/66620"}],"wp:attachment":[{"href":"https:\/\/www.sisinternational.com\/pl\/wp-json\/wp\/v2\/media?parent=24018"}],"curies":[{"name":"wp","href":"https:\/\/api.w.org\/{rel}","templated":true}]}}