{"id":24010,"date":"2018-02-17T21:19:28","date_gmt":"2018-02-17T21:19:28","guid":{"rendered":"https:\/\/www.sisinternational.com\/?page_id=24010"},"modified":"2026-01-25T16:52:27","modified_gmt":"2026-01-25T21:52:27","slug":"badania_rynku_w_new_jersey","status":"publish","type":"page","link":"https:\/\/www.sisinternational.com\/pl\/zasieg\/north-america\/zasieg-usa\/badania_rynku_w_new_jersey\/","title":{"rendered":"Badania rynku w New Jersey"},"content":{"rendered":"<h1 class=\"wp-block-heading\">Badania rynku w New Jersey<\/h1>\n\n\n\n<figure class=\"gb-block-image gb-block-image-954f35b5\"><img loading=\"lazy\" decoding=\"async\" width=\"1456\" height=\"816\" class=\"gb-image gb-image-954f35b5\" src=\"https:\/\/www.sisinternational.com\/wp-content\/uploads\/2025\/09\/New-Jersey-2.jpg\" alt=\"SIS Mi\u0119dzynarodowe badania rynku i strategia\" title=\"New Jersey (2)\" srcset=\"https:\/\/www.sisinternational.com\/wp-content\/uploads\/2025\/09\/New-Jersey-2.jpg 1456w, https:\/\/www.sisinternational.com\/wp-content\/uploads\/2025\/09\/New-Jersey-2-300x168.jpg 300w, https:\/\/www.sisinternational.com\/wp-content\/uploads\/2025\/09\/New-Jersey-2-1024x574.jpg 1024w, https:\/\/www.sisinternational.com\/wp-content\/uploads\/2025\/09\/New-Jersey-2-768x430.jpg 768w, https:\/\/www.sisinternational.com\/wp-content\/uploads\/2025\/09\/New-Jersey-2-18x10.jpg 18w\" sizes=\"auto, (max-width: 1456px) 100vw, 1456px\"><\/figure>\n\n\n\n<p><\/p>\n\n\n\n<hr class=\"wp-block-separator has-alpha-channel-opacity is-style-dots\"\/>\n\n\n\n<h2 class=\"wp-block-heading\"><span style=\"font-weight: 400;\">Badania rynku w New Jersey stanowi\u0105 kluczowe narz\u0119dzie dla przedsi\u0119biorstw, kt\u00f3re chc\u0105 porusza\u0107 si\u0119 po tym konkurencyjnym rynku, odkrywa\u0107 szanse i nap\u0119dza\u0107 rozw\u00f3j. <\/span><\/h2>\n\n\n\n<p><span style=\"font-weight: 400;\">Badania rynku w New Jersey s\u0105 kluczowym elementem ka\u017cdej strategii biznesowej\u2026 Ale na czym dok\u0142adnie polegaj\u0105 i dlaczego s\u0105 tak wa\u017cne? Firmy mog\u0105 uzyska\u0107 praktyczne informacje, kt\u00f3re wp\u0142yn\u0105 na ich strategie i nap\u0119dzaj\u0105 wzrost, rozumiej\u0105c lokalny rynek, w tym preferencje konsument\u00f3w, zachowania zakupowe i krajobraz konkurencyjny.<\/span><span style=\"font-weight: 400;\">&nbsp;<\/span><\/p>\n\n\n\n<h2 class=\"wp-block-heading\"><span style=\"font-weight: 400;\">Czym jest badanie rynku w New Jersey? Dlaczego jest wa\u017cne?<\/span><\/h2>\n\n\n\n<p><span style=\"font-weight: 400;\"><a href=\"https:\/\/www.sisinternational.com\/pl\/zasieg\/europa\/market-research-jersey-europe\/\" title=\"Badania rynku w Jersey, Europa\"  data-wpil-monitor-id=\"3764\">Badania rynku w New Jersey<\/a> encompasses a range of methodologies and strategies aimed at understanding the unique dynamics of the state&#8217;s diverse market. This process involves collecting and analyzing data about consumer behaviors, market trends, and competitive landscapes. <\/span><\/p>\n\n\n\n<h2 class=\"wp-block-heading\"><span style=\"font-weight: 400;\">Korzy\u015bci z bada\u0144 rynku w New Jersey<\/span><\/h2>\n\n\n\n<p><span style=\"font-weight: 400;\">Badania rynku w New Jersey oferuj\u0105 liczne korzy\u015bci, kt\u00f3re mog\u0105 znacz\u0105co wp\u0142yn\u0105\u0107 na sukces firmy. Zanim zag\u0142\u0119bimy si\u0119 w konkretne zalety, wa\u017cne jest zrozumienie, \u017ce korzy\u015bci te wynikaj\u0105 z kompleksowych spostrze\u017ce\u0144 i strategicznych wskaz\u00f3wek bada\u0144 rynku.<\/span><\/p>\n\n\n\n<ul class=\"wp-block-list\">\n<li><b>Podejmowanie \u015bwiadomych decyzji:<\/b><span style=\"font-weight: 400;\"> Badania rynku w New Jersey dostarczaj\u0105 przedsi\u0119biorstwom informacji opartych na danych, dzi\u0119ki czemu mog\u0105 podejmowa\u0107 \u015bwiadome decyzje dotycz\u0105ce swoich strategii i dzia\u0142a\u0144.<\/span><\/li>\n\n\n\n<li><b>Przewaga konkurencyjna:<\/b><span style=\"font-weight: 400;\"> Dzi\u0119ki zrozumieniu otoczenia konkurencyjnego przedsi\u0119biorstwa mog\u0105 opracowa\u0107 strategie, kt\u00f3re pozwol\u0105 im wyr\u00f3\u017cni\u0107 si\u0119 na tle konkurencji.<\/span><\/li>\n\n\n\n<li><b>Spostrze\u017cenia klient\u00f3w:<\/b><span style=\"font-weight: 400;\"> Badania rynku w New Jersey dostarczaj\u0105 szczeg\u00f3\u0142owych informacji o preferencjach i zachowaniach klient\u00f3w, pomagaj\u0105c firmom dostosowa\u0107 swoj\u0105 ofert\u0119 do popytu rynkowego.<\/span><\/li>\n\n\n\n<li><b>\u0141agodzenie ryzyka:<\/b><span style=\"font-weight: 400;\"> Analiza trend\u00f3w rynkowych i potencjalnych zagro\u017ce\u0144 pozwala przedsi\u0119biorstwom opracowa\u0107 strategie \u0142agodzenia tych zagro\u017ce\u0144 i unikania kosztownych b\u0142\u0119d\u00f3w.<\/span><\/li>\n\n\n\n<li><b>Mo\u017cliwo\u015bci rynkowe:<\/b> Identyfikacja pojawiaj\u0105cych si\u0119 trend\u00f3w i szans pozwala przedsi\u0119biorstwom wykorzysta\u0107 nowe segmenty rynku i nap\u0119dza\u0107 wzrost.<\/li>\n<\/ul>\n\n\n\n<h2 class=\"wp-block-heading\"><span style=\"font-weight: 400;\">Kto korzysta z bada\u0144 rynku w New Jersey?<\/span><\/h2>\n\n\n\n<p><b>Du\u017ce korporacje<\/b><span style=\"font-weight: 400;\"> cz\u0119sto opieraj\u0105 si\u0119 na badaniach rynku, aby uzyska\u0107 wgl\u0105d w zachowania konsument\u00f3w, dynamik\u0119 konkurencji i pojawiaj\u0105ce si\u0119 trendy, co pozwala im utrzyma\u0107 przewag\u0119 nad konkurencj\u0105.&nbsp;<\/span><\/p>\n\n\n\n<p><b>Ma\u0142e i \u015brednie przedsi\u0119biorstwa (M\u015aP)<\/b><span style=\"font-weight: 400;\"> r\u00f3wnie\u017c korzystaj\u0105 w du\u017cym stopniu z bada\u0144 rynku w New Jersey. Dla tych firm badania rynku dostarczaj\u0105 kluczowych danych, kt\u00f3re pomagaj\u0105 im zrozumie\u0107 grup\u0119 docelow\u0105, optymalizowa\u0107 dzia\u0142ania marketingowe i identyfikowa\u0107 nowe mo\u017cliwo\u015bci wzrostu.<\/span><\/p>\n\n\n\n<p><b>Organizacje non-profit<\/b><span style=\"font-weight: 400;\"> I <\/span><b>Agencje rz\u0105dowe<\/b><span style=\"font-weight: 400;\"> w New Jersey wykorzystuj\u0105 badania rynku, aby lepiej zrozumie\u0107 spo\u0142eczno\u015bci, kt\u00f3rym s\u0142u\u017c\u0105, oraz opracowywa\u0107 programy i polityki odpowiadaj\u0105ce potrzebom i preferencjom ich grup docelowych.&nbsp;<\/span><\/p>\n\n\n\n<h2 class=\"wp-block-heading\"><span style=\"font-weight: 400;\">Nasz aktualny przegl\u0105d rynku i rekomendacje<\/span><\/h2>\n\n\n\n<p><span style=\"font-weight: 400;\">We believe that New Jersey&#8217;s market is rapidly evolving. Trends such as the increasing adoption of technology, changing consumer preferences, and the rise of e-commerce are shaping the business landscape.\u00a0<\/span><\/p>\n\n\n\n<p><span style=\"font-weight: 400;\">Przysz\u0142e perspektywy dla rynku New Jersey s\u0105 obiecuj\u0105ce, z oczekiwanym ci\u0105g\u0142ym wzrostem gospodarczym i innowacjami. Firmy, kt\u00f3re inwestuj\u0105 w zrozumienie dynamiki rynku i dostosowuj\u0105 si\u0119 do zmian, b\u0119d\u0105 dobrze przygotowane do rozwoju. Przewidujemy zwi\u0119kszon\u0105 konkurencj\u0119, co sprawia, \u017ce dla firm kluczowe jest wyr\u00f3\u017cnienie si\u0119 poprzez innowacyjne produkty i us\u0142ugi.<\/span><\/p>\n\n\n\n<h2 class=\"wp-block-heading\"><span style=\"font-weight: 400;\">Oczekiwane wyniki bada\u0144 rynku SIS w New Jersey<\/span><\/h2>\n\n\n\n<figure class=\"gb-block-image gb-block-image-06debd50\"><img loading=\"lazy\" decoding=\"async\" width=\"1456\" height=\"816\" class=\"gb-image gb-image-06debd50\" src=\"https:\/\/www.sisinternational.com\/wp-content\/uploads\/2025\/09\/New-Jersey-3.jpg\" alt=\"SIS Mi\u0119dzynarodowe badania rynku i strategia\" title=\"New Jersey (3)\" srcset=\"https:\/\/www.sisinternational.com\/wp-content\/uploads\/2025\/09\/New-Jersey-3.jpg 1456w, https:\/\/www.sisinternational.com\/wp-content\/uploads\/2025\/09\/New-Jersey-3-300x168.jpg 300w, https:\/\/www.sisinternational.com\/wp-content\/uploads\/2025\/09\/New-Jersey-3-1024x574.jpg 1024w, https:\/\/www.sisinternational.com\/wp-content\/uploads\/2025\/09\/New-Jersey-3-768x430.jpg 768w, https:\/\/www.sisinternational.com\/wp-content\/uploads\/2025\/09\/New-Jersey-3-18x10.jpg 18w\" sizes=\"auto, (max-width: 1456px) 100vw, 1456px\"><\/figure>\n\n\n\n<p><\/p>\n\n\n\n<p><span style=\"font-weight: 400;\">Wsp\u00f3\u0142praca z SIS International w zakresie bada\u0144 rynku przynosi szereg istotnych korzy\u015bci, w tym:<\/span><\/p>\n\n\n\n<ul class=\"wp-block-list\">\n<li><b>Usprawnione podejmowanie decyzji:<\/b><span style=\"font-weight: 400;\"> Badania rynku w New Jersey dostarczaj\u0105 przedsi\u0119biorstwom solidnych danych i spostrze\u017ce\u0144, umo\u017cliwiaj\u0105c im podejmowanie \u015bwiadomych decyzji.<\/span><\/li>\n\n\n\n<li><b>Poprawa pozycji konkurencyjnej:<\/b><span style=\"font-weight: 400;\"> Dzi\u0119ki zrozumieniu otoczenia konkurencyjnego przedsi\u0119biorstwa mog\u0105 opracowa\u0107 strategie, kt\u00f3re pozwol\u0105 im si\u0119 wyr\u00f3\u017cni\u0107.<\/span><\/li>\n\n\n\n<li><b>Wi\u0119ksza satysfakcja klienta:<\/b><span style=\"font-weight: 400;\"> Wiedza na temat preferencji i zachowa\u0144 klient\u00f3w umo\u017cliwia firmom dostosowywanie swojej oferty do popytu rynkowego.<\/span><\/li>\n\n\n\n<li><b>Zarz\u0105dzanie ryzykiem:<\/b><span style=\"font-weight: 400;\"> Identyfikacja potencjalnych ryzyk i wyzwa\u0144 pomaga przedsi\u0119biorstwom opracowa\u0107 strategie skutecznego ich \u0142agodzenia.<\/span><\/li>\n\n\n\n<li><b>Ekspansja rynkowa:<\/b><span style=\"font-weight: 400;\"> Rozumienie trend\u00f3w i szans rynkowych pozwala przedsi\u0119biorstwom eksplorowa\u0107 nowe segmenty rynku i nap\u0119dza\u0107 wzrost.<\/span><\/li>\n\n\n\n<li><b>Innowacja:<\/b><span style=\"font-weight: 400;\"> Badania rynku sprzyjaj\u0105 innowacjom, wskazuj\u0105c niezaspokojone potrzeby i pojawiaj\u0105ce si\u0119 trendy, co z kolei wp\u0142ywa na rozw\u00f3j nowych produkt\u00f3w i us\u0142ug.<\/span><\/li>\n<\/ul>\n\n\n\n<h2 class=\"wp-block-heading\"><span style=\"font-weight: 400;\">G\u0142\u00f3wne atrakcje turystyczne w New Jersey<\/span><\/h2>\n\n\n\n<p><span style=\"font-weight: 400;\">New Jersey ma wiele atrakcji turystycznych, kt\u00f3re przyci\u0105gaj\u0105 turyst\u00f3w z ca\u0142ego \u015bwiata. Atrakcje te podkre\u015blaj\u0105 bogat\u0105 histori\u0119 i dziedzictwo kulturowe stanu oraz znacz\u0105co przyczyniaj\u0105 si\u0119 do jego gospodarki.<\/span><\/p>\n\n\n\n<ul class=\"wp-block-list\">\n<li><b>Miasto Atlantyckie:<\/b><span style=\"font-weight: 400;\"> Znane z gwarnej promenady, bujnego \u017cycia nocnego i \u015bwiatowej klasy kasyn, Atlantic City jest wa\u017cnym o\u015brodkiem turystycznym oferuj\u0105cym rozrywk\u0119 i mo\u017cliwo\u015bci aktywnego wypoczynku.<\/span><\/li>\n\n\n\n<li><b>Park stanowy Liberty:<\/b><span style=\"font-weight: 400;\"> Po\u0142o\u017cony w Jersey City park oferuje wspania\u0142e widoki na Statu\u0119 Wolno\u015bci i Wysp\u0119 Ellis. To popularne miejsce na pikniki, w\u0119dkowanie i zwiedzanie zabytk\u00f3w.<\/span><\/li>\n\n\n\n<li><b>Przyl\u0105dek May:<\/b><span style=\"font-weight: 400;\"> To nadmorskie miasteczko s\u0142ynie z wiktoria\u0144skiej architektury, dziewiczych pla\u017c i t\u0119tni\u0105cej \u017cyciem sceny artystycznej. Przyci\u0105ga turyst\u00f3w przez ca\u0142y rok dzi\u0119ki swojemu wyj\u0105tkowemu po\u0142\u0105czeniu historii i naturalnego pi\u0119kna.<\/span><\/li>\n\n\n\n<li><b>Wielka przygoda w Six Flags:<\/b><span style=\"font-weight: 400;\"> Ten park rozrywki po\u0142o\u017cony w Jackson oferuje ekscytuj\u0105ce przeja\u017cd\u017cki, park safari i atrakcje dla rodzin, dzi\u0119ki czemu jest ulubionym celem podr\u00f3\u017cy dla poszukiwaczy przyg\u00f3d.<\/span><\/li>\n\n\n\n<li><b>Uniwersytet Princeton:<\/b><span style=\"font-weight: 400;\"> Jako jeden z najstarszych i najbardziej presti\u017cowych uniwersytet\u00f3w w Stanach Zjednoczonych, Uniwersytet Princeton oferuje wycieczki z przewodnikiem po swoim historycznym kampusie, obejmuj\u0105cym kultowy Nassau Hall i Muzeum Sztuki Uniwersytetu Princeton.<\/span><\/li>\n<\/ul>\n\n\n\n<h2 class=\"wp-block-heading\"><span style=\"font-weight: 400;\">Czynniki nap\u0119dzaj\u0105ce rynek<\/span><\/h2>\n\n\n\n<p><span style=\"font-weight: 400;\">Jednym z g\u0142\u00f3wnych czynnik\u00f3w nap\u0119dzaj\u0105cych rynek w New Jersey jest <\/span><b>strategiczne po\u0142o\u017cenie<\/b><span style=\"font-weight: 400;\">Blisko\u015b\u0107 du\u017cych obszar\u00f3w metropolitalnych, takich jak Nowy Jork i Filadelfia, zapewnia przedsi\u0119biorstwom dost\u0119p do du\u017cych rynk\u00f3w konsumenckich, wykwalifikowanej si\u0142y roboczej i doskona\u0142ej infrastruktury transportowej. Ta korzystna lokalizacja sprzyja aktywno\u015bci gospodarczej i przyci\u0105ga inwestycje.<\/span><\/p>\n\n\n\n<p><span style=\"font-weight: 400;\">Kolejnym kluczowym czynnikiem jest <\/span><b>Innowacja i technologia<\/b><span style=\"font-weight: 400;\">. New Jersey ma wiele centr\u00f3w technologicznych i instytucji badawczych, kt\u00f3re nap\u0119dzaj\u0105 post\u0119p w r\u00f3\u017cnych sektorach, w tym farmaceutycznym, biotechnologicznym i informatycznym. Firmy, kt\u00f3re wykorzystuj\u0105 te innowacje, mog\u0105 uzyska\u0107 przewag\u0119 konkurencyjn\u0105 i nap\u0119dza\u0107 wzrost.<\/span><\/p>\n\n\n\n<p><b>Zr\u00f3\u017cnicowana i wykwalifikowana kadra<\/b><span style=\"font-weight: 400;\"> jest r\u00f3wnie\u017c znacz\u0105cym motorem nap\u0119dowym rynku. Si\u0142a robocza New Jersey jest znana z wysokiego poziomu wykszta\u0142cenia i wiedzy specjalistycznej w r\u00f3\u017cnych bran\u017cach. Ta pula talent\u00f3w umo\u017cliwia firmom utrzymanie wysokich standard\u00f3w produktywno\u015bci i innowacji.<\/span><\/p>\n\n\n\n<p><span style=\"font-weight: 400;\">Wreszcie, <\/span><b>zach\u0119ty i wsparcie rz\u0105dowe<\/b><span style=\"font-weight: 400;\"> s\u0105 kluczowe w nap\u0119dzaniu rynku. New Jersey oferuje r\u00f3\u017cne zach\u0119ty podatkowe, dotacje i programy wsparcia, aby przyci\u0105ga\u0107 i zatrzymywa\u0107 firmy. Te zach\u0119ty pomagaj\u0105 obni\u017cy\u0107 koszty operacyjne i zach\u0119caj\u0105 do wzrostu i ekspansji biznesu.<\/span><\/p>\n\n\n\n<h2 class=\"wp-block-heading\"><span style=\"font-weight: 400;\">Ograniczenia rynkowe<\/span><\/h2>\n\n\n\n<p><span style=\"font-weight: 400;\">Ten <\/span><b>wysokie koszty utrzymania i prowadzenia dzia\u0142alno\u015bci gospodarczej stanowi\u0105 ograniczenie. <\/b>Blisko\u015b\u0107 stanu do du\u017cych obszar\u00f3w metropolitalnych przyczynia si\u0119 do wy\u017cszego <span style=\"font-weight: 400;\">nieruchomo\u015bci, praca i inne wydatki operacyjne. Firmy musz\u0105 ostro\u017cnie zarz\u0105dza\u0107 swoimi zasobami i optymalizowa\u0107 swoje operacje, aby pozosta\u0107 konkurencyjnymi pomimo tych wy\u017cszych koszt\u00f3w.<\/span><\/p>\n\n\n\n<p><b>Wyzwania regulacyjne<\/b><span style=\"font-weight: 400;\"> r\u00f3wnie\u017c stanowi\u0105 ograniczenie dla firm w New Jersey. Stan ma z\u0142o\u017cone \u015brodowisko regulacyjne, z r\u00f3\u017cnymi prawami i przepisami, kt\u00f3rych firmy musz\u0105 przestrzega\u0107. Poruszanie si\u0119 po tych przepisach mo\u017ce by\u0107 czasoch\u0142onne i kosztowne, szczeg\u00f3lnie dla mniejszych firm, kt\u00f3re mog\u0105 nie mie\u0107 zasob\u00f3w, aby sprosta\u0107 rozleg\u0142ym wymaganiom zgodno\u015bci.<\/span><\/p>\n\n\n\n<p><b>Konkurs<\/b><span style=\"font-weight: 400;\"> jest kolejnym wa\u017cnym ograniczeniem. Strategiczne po\u0142o\u017cenie New Jersey i mo\u017cliwo\u015bci ekonomiczne przyci\u0105gaj\u0105 wiele firm, co prowadzi do wysoce konkurencyjnego rynku.<\/span><\/p>\n\n\n\n<h2 class=\"wp-block-heading\"><span style=\"font-weight: 400;\">Badania rynku w New Jersey: analiza SWOT&nbsp;<\/span><\/h2>\n\n\n\n<figure class=\"gb-block-image gb-block-image-849fcc4c\"><img loading=\"lazy\" decoding=\"async\" width=\"1456\" height=\"816\" class=\"gb-image gb-image-849fcc4c\" src=\"https:\/\/www.sisinternational.com\/wp-content\/uploads\/2025\/09\/New-Jersey-1.jpg\" alt=\"SIS Mi\u0119dzynarodowe badania rynku i strategia\" title=\"New Jersey (1)\" srcset=\"https:\/\/www.sisinternational.com\/wp-content\/uploads\/2025\/09\/New-Jersey-1.jpg 1456w, https:\/\/www.sisinternational.com\/wp-content\/uploads\/2025\/09\/New-Jersey-1-300x168.jpg 300w, https:\/\/www.sisinternational.com\/wp-content\/uploads\/2025\/09\/New-Jersey-1-1024x574.jpg 1024w, https:\/\/www.sisinternational.com\/wp-content\/uploads\/2025\/09\/New-Jersey-1-768x430.jpg 768w, https:\/\/www.sisinternational.com\/wp-content\/uploads\/2025\/09\/New-Jersey-1-18x10.jpg 18w\" sizes=\"auto, (max-width: 1456px) 100vw, 1456px\"><\/figure>\n\n\n\n<p><\/p>\n\n\n\n<p><span style=\"font-weight: 400;\">Przeprowadzenie analizy SWOT pomaga przedsi\u0119biorstwom oceni\u0107 atrakcyjno\u015b\u0107 rynku New Jersey poprzez identyfikacj\u0119 jego mocnych i s\u0142abych stron, szans i zagro\u017ce\u0144. Analiza ta zapewnia kompleksowy przegl\u0105d otoczenia rynkowego i kieruje planowaniem strategicznym.<\/span><\/p>\n\n\n\n<p><strong>Mocne strony:<\/strong><\/p>\n\n\n\n<p><span style=\"font-weight: 400;\">Strategiczne po\u0142o\u017cenie New Jersey, wykwalifikowana si\u0142a robocza i solidna infrastruktura to znacz\u0105ce atuty, kt\u00f3re czyni\u0105 rynek atrakcyjnym dla firm. Blisko\u015b\u0107 stanu do du\u017cych miast, rozleg\u0142e sieci transportowe i dost\u0119p do zr\u00f3\u017cnicowanej puli talent\u00f3w zapewniaj\u0105 firmom przewag\u0119 konkurencyjn\u0105. Ponadto centra innowacji i instytucje badawcze New Jersey nap\u0119dzaj\u0105 post\u0119p technologiczny i piel\u0119gnuj\u0105 kultur\u0119 innowacji.<\/span><\/p>\n\n\n\n<p><strong>S\u0142abo\u015bci:<\/strong><\/p>\n\n\n\n<p><span style=\"font-weight: 400;\">The high cost of living and doing business, and regulatory challenges are notable weaknesses. These factors can increase operational costs and create barriers to entry for new businesses. Companies must develop strategies to manage these costs and navigate the regulatory landscape effectively.<\/span><\/p>\n\n\n\n<p><strong>Mo\u017cliwo\u015bci:<\/strong><\/p>\n\n\n\n<p><span style=\"font-weight: 400;\">New Jersey oferuje liczne mo\u017cliwo\u015bci wzrostu, szczeg\u00f3lnie w dziedzinie technologii, opieki zdrowotnej i farmaceutyki. Nowe trendy w tych bran\u017cach, w po\u0142\u0105czeniu z zach\u0119tami rz\u0105dowymi i programami wsparcia, tworz\u0105 sprzyjaj\u0105ce \u015brodowisko dla ekspansji biznesu i innowacji. Firmy mog\u0105 r\u00f3wnie\u017c eksplorowa\u0107 nowe segmenty rynku i wykorzystywa\u0107 zr\u00f3\u017cnicowan\u0105 baz\u0119 konsument\u00f3w w stanie do nap\u0119dzania wzrostu.<\/span><\/p>\n\n\n\n<p><strong>Zagro\u017cenia:<\/strong><\/p>\n\n\n\n<p><span style=\"font-weight: 400;\">Intensywna konkurencja i wahania gospodarcze stanowi\u0105 powa\u017cne zagro\u017cenie dla przedsi\u0119biorstw w New Jersey. Przedsi\u0119biorstwa musz\u0105 zachowa\u0107 czujno\u015b\u0107 i zdolno\u015b\u0107 adaptacji, aby wyprzedzi\u0107 konkurencj\u0119 i z\u0142agodzi\u0107 skutki recesji gospodarczej. Ponadto zmiany regulacyjne i zmieniaj\u0105ce si\u0119 warunki rynkowe mog\u0105 tworzy\u0107 niepewno\u015b\u0107 i wyzwania, z kt\u00f3rymi przedsi\u0119biorstwa musz\u0105 si\u0119 zmierzy\u0107.<\/span><\/p>\n\n\n\n<h2 class=\"wp-block-heading\"><span style=\"font-weight: 400;\">W jaki spos\u00f3b badania rynku SIS International w New Jersey pomagaj\u0105 firmom<\/span><\/h2>\n\n\n\n<p><span style=\"font-weight: 400;\">Us\u0142ugi SIS International w zakresie bada\u0144 rynku w New Jersey oferuj\u0105 kompleksowe wsparcie dla firm, pomagaj\u0105c im porusza\u0107 si\u0119 po zawi\u0142o\u015bciach rynku New Jersey i osi\u0105ga\u0107 cele strategiczne. Nasze do\u015bwiadczenie w badaniach rynku dostarcza firmom cennych spostrze\u017ce\u0144, kt\u00f3re nap\u0119dzaj\u0105 wzrost i innowacj\u0119.<\/span><\/p>\n\n\n\n<p><b>Redukcja ryzyka:<\/b><span style=\"font-weight: 400;\">&nbsp;<\/span><\/p>\n\n\n\n<p><span style=\"font-weight: 400;\">Przeprowadzenie gruntownego badania rynku, <\/span><a href=\"https:\/\/twitter.com\/SISIntlResearch\" target=\"_blank\" rel=\"noopener\"><span style=\"font-weight: 400;\">SIS<\/span><\/a><span style=\"font-weight: 400;\"> pomaga firmom identyfikowa\u0107 potencjalne ryzyka i opracowywa\u0107 strategie \u0142agodzenia. Zrozumienie dynamiki rynku i zachowa\u0144 konsument\u00f3w pozwala firmom podejmowa\u0107 \u015bwiadome decyzje, kt\u00f3re minimalizuj\u0105 niepewno\u015b\u0107 i zwi\u0119kszaj\u0105 stabilno\u015b\u0107.<\/span><\/p>\n\n\n\n<p><b>Wzrost przychod\u00f3w:<\/b><span style=\"font-weight: 400;\">&nbsp;<\/span><\/p>\n\n\n\n<p><span style=\"font-weight: 400;\">Nasze us\u0142ugi bada\u0144 rynku w New Jersey umo\u017cliwiaj\u0105 firmom odkrywanie nowych mo\u017cliwo\u015bci i optymalizacj\u0119 strategii w celu zwi\u0119kszenia przychod\u00f3w. Analizuj\u0105c trendy rynkowe i preferencje klient\u00f3w, dostarczamy praktyczne informacje, kt\u00f3re pomagaj\u0105 firmom rozwija\u0107 produkty i us\u0142ugi, kt\u00f3re spe\u0142niaj\u0105 popyt rynkowy.<\/span><\/p>\n\n\n\n<p><b>Oszcz\u0119dno\u015bci koszt\u00f3w:<\/b><span style=\"font-weight: 400;\">&nbsp;<\/span><\/p>\n\n\n\n<p><span style=\"font-weight: 400;\">Badania rynku pomagaj\u0105 firmom usprawni\u0107 ich dzia\u0142alno\u015b\u0107 i wydajniej alokowa\u0107 zasoby. Dzi\u0119ki zrozumieniu warunk\u00f3w rynkowych i dynamiki konkurencji firmy mog\u0105 unikn\u0105\u0107 kosztownych b\u0142\u0119d\u00f3w i skupi\u0107 si\u0119 na inicjatywach o du\u017cym wp\u0142ywie, kt\u00f3re nap\u0119dzaj\u0105 wzrost.<\/span><\/p>\n\n\n\n<p><b>Oszcz\u0119dno\u015b\u0107 czasu:<\/b><span style=\"font-weight: 400;\">&nbsp;<\/span><\/p>\n\n\n\n<p><span style=\"font-weight: 400;\"><a href=\"https:\/\/www.linkedin.com\/company\/sisinternationalresearch\/\" target=\"_blank\" rel=\"noopener\">SIS Mi\u0119dzynarodowy<\/a>Ekspertyza i zasoby firmy umo\u017cliwiaj\u0105 firmom prowadzenie bada\u0144 rynku w spos\u00f3b bardziej efektywny. Nasze kompleksowe analizy i strategiczne rekomendacje oszcz\u0119dzaj\u0105 firmom czas i wysi\u0142ek, pozwalaj\u0105c im skupi\u0107 si\u0119 na podstawowych operacjach i inicjatywach strategicznych.<\/span><\/p>\n\n\n\n<p><b>Przyspieszony wzrost i innowacja:<\/b><span style=\"font-weight: 400;\">&nbsp;<\/span><\/p>\n\n\n\n<p><span style=\"font-weight: 400;\">Wykorzystuj\u0105c nasze us\u0142ugi bada\u0144 rynku, firmy mog\u0105 wyprzedza\u0107 trendy rynkowe i nap\u0119dza\u0107 innowacje. Nasze spostrze\u017cenia na temat pojawiaj\u0105cych si\u0119 mo\u017cliwo\u015bci i potrzeb konsument\u00f3w kieruj\u0105 rozwojem nowych produkt\u00f3w i us\u0142ug, kt\u00f3re nap\u0119dzaj\u0105 wzrost i zwi\u0119kszaj\u0105 konkurencyjno\u015b\u0107.<\/span><\/p>\n\n\n\n<p><b>Zwi\u0119kszony zwrot z inwestycji (ROI):<\/b><span style=\"font-weight: 400;\">&nbsp;<\/span><\/p>\n\n\n\n<p><span style=\"font-weight: 400;\">Zapewniamy firmom wysoki zwrot z inwestycji, dostarczaj\u0105c praktyczne spostrze\u017cenia, kt\u00f3re nap\u0119dzaj\u0105 strategiczne podejmowanie decyzji. Firmy mog\u0105 optymalizowa\u0107 swoje strategie marketingowe, rozwoju produkt\u00f3w i operacyjne, aby uzyska\u0107 lepsze wyniki i wy\u017csz\u0105 rentowno\u015b\u0107.<\/span><\/p>\n\n\n\n<h2 class=\"wp-block-heading\"><span style=\"font-weight: 400;\">O firmie SIS International<\/span><\/h2>\n\n\n\n<p><a href=\"https:\/\/www.sisinternational.com\/pl\/\"><span style=\"font-weight: 400;\">SIS Mi\u0119dzynarodowy<\/span><\/a><span style=\"font-weight: 400;\"> oferuje badania ilo\u015bciowe, jako\u015bciowe i strategiczne. Dostarczamy dane, narz\u0119dzia, strategie, raporty i spostrze\u017cenia do podejmowania decyzji. Prowadzimy r\u00f3wnie\u017c wywiady, ankiety, grupy fokusowe i inne metody i podej\u015bcia do bada\u0144 rynku.<\/span><a href=\"https:\/\/www.sisinternational.com\/pl\/o-moich-miedzynarodowych-badaniach\/contact-sis-international-market-research\/\"><span style=\"font-weight: 400;\"> Skontaktuj si\u0119 z nami<\/span><\/a><span style=\"font-weight: 400;\"> dla Twojego kolejnego projektu badania rynku.<\/span><\/p>\n\n\n\n<h2 class=\"wp-block-heading\">&nbsp;<\/h2>","protected":false},"excerpt":{"rendered":"<p>SIS provides Market Research and Focus Groups in New Jersey with a robust fieldwork &#038; data collection team, facilities and resources.<\/p>","protected":false},"author":1,"featured_media":66952,"parent":19303,"menu_order":6,"comment_status":"closed","ping_status":"closed","template":"","meta":{"footnotes":""},"class_list":["post-24010","page","type-page","status-publish","has-post-thumbnail"],"_links":{"self":[{"href":"https:\/\/www.sisinternational.com\/pl\/wp-json\/wp\/v2\/pages\/24010","targetHints":{"allow":["GET"]}}],"collection":[{"href":"https:\/\/www.sisinternational.com\/pl\/wp-json\/wp\/v2\/pages"}],"about":[{"href":"https:\/\/www.sisinternational.com\/pl\/wp-json\/wp\/v2\/types\/page"}],"author":[{"embeddable":true,"href":"https:\/\/www.sisinternational.com\/pl\/wp-json\/wp\/v2\/users\/1"}],"replies":[{"embeddable":true,"href":"https:\/\/www.sisinternational.com\/pl\/wp-json\/wp\/v2\/comments?post=24010"}],"version-history":[{"count":26,"href":"https:\/\/www.sisinternational.com\/pl\/wp-json\/wp\/v2\/pages\/24010\/revisions"}],"predecessor-version":[{"id":77956,"href":"https:\/\/www.sisinternational.com\/pl\/wp-json\/wp\/v2\/pages\/24010\/revisions\/77956"}],"up":[{"embeddable":true,"href":"https:\/\/www.sisinternational.com\/pl\/wp-json\/wp\/v2\/pages\/19303"}],"wp:featuredmedia":[{"embeddable":true,"href":"https:\/\/www.sisinternational.com\/pl\/wp-json\/wp\/v2\/media\/66952"}],"wp:attachment":[{"href":"https:\/\/www.sisinternational.com\/pl\/wp-json\/wp\/v2\/media?parent=24010"}],"curies":[{"name":"wp","href":"https:\/\/api.w.org\/{rel}","templated":true}]}}