{"id":22531,"date":"2019-07-06T18:23:19","date_gmt":"2019-07-06T18:23:19","guid":{"rendered":"https:\/\/www.sisinternational.com\/?p=22531"},"modified":"2026-01-26T18:08:32","modified_gmt":"2026-01-26T23:08:32","slug":"sztuczna-inteligencja","status":"publish","type":"page","link":"https:\/\/www.sisinternational.com\/pl\/rozwiazania\/badania-rynku-i-doradztwo-strategiczne-w-zakresie-sztucznej-inteligencji\/sztuczna-inteligencja\/","title":{"rendered":"Badania rynku sztucznej inteligencji"},"content":{"rendered":"<h1 class=\"wp-block-heading\">Badania rynku sztucznej inteligencji<\/h1>\n\n\n\n<figure class=\"gb-block-image gb-block-image-9d14d326\"><img loading=\"lazy\" decoding=\"async\" width=\"1456\" height=\"816\" class=\"gb-image gb-image-9d14d326\" src=\"https:\/\/www.sisinternational.com\/wp-content\/uploads\/2025\/08\/AI-11.jpg\" alt=\"SIS Mi\u0119dzynarodowe badania rynku i strategia\" title=\"AI (11)\" srcset=\"https:\/\/www.sisinternational.com\/wp-content\/uploads\/2025\/08\/AI-11.jpg 1456w, https:\/\/www.sisinternational.com\/wp-content\/uploads\/2025\/08\/AI-11-300x168.jpg 300w, https:\/\/www.sisinternational.com\/wp-content\/uploads\/2025\/08\/AI-11-1024x574.jpg 1024w, https:\/\/www.sisinternational.com\/wp-content\/uploads\/2025\/08\/AI-11-768x430.jpg 768w, https:\/\/www.sisinternational.com\/wp-content\/uploads\/2025\/08\/AI-11-18x10.jpg 18w\" sizes=\"auto, (max-width: 1456px) 100vw, 1456px\"><\/figure>\n\n\n\n<p><\/p>\n\n\n\n<h2 class=\"wp-block-heading p3\"><span class=\"s1\">Sztuczna inteligencja jest ostatnio tematem gor\u0105cych dyskusji, ale nie jest niczym nowym.<\/span><\/h2>\n\n\n\n<p class=\"p3\"><span class=\"s1\">Kultura popularna od lat odzwierciedla nasz\u0105 fascynacj\u0119 sztuczn\u0105 inteligencj\u0105 w filmach takich jak \u201e2001: Odyseja kosmiczna\u201d, \u201eJa, robot\u201d i, co logiczne, \u201eSztuczna inteligencja\u201d<span class=\"Apple-converted-space\">&nbsp; <\/span>Czym w\u0142a\u015bciwie jest sztuczna inteligencja? Jest ju\u017c tutaj, jest przysz\u0142o\u015bci\u0105, a dla niekt\u00f3rych os\u00f3b wydaje si\u0119 troch\u0119 przera\u017caj\u0105ca.<\/span><\/p>\n\n\n\n<h2 class=\"wp-block-heading\">Geneza AI<\/h2>\n\n\n\n<p class=\"p3\"><span class=\"s1\">John McCarthy by\u0142 wysoko cenionym naukowcem na Uniwersytecie Stanforda i w MIT. W 1955 r. wymy\u015bli\u0142 nazw\u0119 Artificial Intelligence, definiuj\u0105c j\u0105 jako \u201enauk\u0119 i in\u017cynieri\u0119 tworzenia inteligentnych maszyn\u201d.<\/span><\/p>\n\n\n\n<p class=\"p4\"><span class=\"s3\">Pocz\u0105tk\u00f3w naszej fascynacji sztuczn\u0105 inteligencj\u0105 mo\u017cna doszukiwa\u0107 si\u0119 daleko poza nadej\u015bciem ery komputer\u00f3w. Oko\u0142o 2500 r. p.n.e. staro\u017cytni Egipcjanie czasami konsultowali si\u0119 ze statuami, aby uzyska\u0107 wgl\u0105d w ich podejrzewan\u0105 nadprzyrodzon\u0105 m\u0105dro\u015b\u0107. Dzi\u015b ogromny popiersie <i>Re-Harmakis<\/i> w muzeum w Kairze, \u201e<\/span><span class=\"s4\">ujawnia sekret jego geniuszu: otw\u00f3r na karku na tyle du\u017cy, \u017ce zmie\u015bci\u0142by si\u0119 w nim ksi\u0105dz.\u201d<\/span><\/p>\n\n\n\n<p class=\"p5\"><span class=\"s1\">Inne rewolucyjne wynalazki, takie jak maszyna analityczna Charlesa Babbage&#039;a z 1833 r., utorowa\u0142y drog\u0119 wsp\u00f3\u0142czesnej informatyce i temu, co sta\u0142o si\u0119 znane jako sztuczna inteligencja. W 1948 r., u zarania ery cyfrowej, scena wydawa\u0142a si\u0119 gotowa na szybki post\u0119p AI. Brytyjski informatyk Alan Turing wzbudzi\u0142 wiele zdziwienia w spo\u0142eczno\u015bci naukowej i nie tylko swoim artyku\u0142em \u201eIntelligent Machinery\u201d, \u201enie widz\u0105c \u017cadnych sprzeciw\u00f3w wobec dzia\u0142aj\u0105cej, my\u015bl\u0105cej maszyny pod koniec stulecia\u201d.<\/span><\/p>\n\n\n\n<p class=\"p5\"><span class=\"s1\">Wczesne, niepor\u0119czne komputery, takie jak UNIVAC 1, ust\u0105pi\u0142y miejsca innym, takim jak komputer IBM <i>Modry<\/i>, pierwszy komputerowy program do gry w szachy, kt\u00f3ry skutecznie wyeliminowa\u0142 wszelkich ludzkich rywali.&nbsp;<\/span><\/p>\n\n\n\n<h2 class=\"wp-block-heading\">Sztuczna inteligencja dzisiaj<\/h2>\n\n\n\n<p class=\"p5\"><span class=\"s1\">Dzisiaj du\u017ce firmy, takie jak Microsoft, Amazon i Google, zainwestowa\u0142y ju\u017c du\u017co w AI, aby ulepszy\u0107 technologi\u0119 wyszukiwarek i zapewni\u0107 ludziom realnych cyber-asystent\u00f3w. Naturalnie sztuczna inteligencja jest wykorzystywana do wykonywania u\u017cytecznych rzeczy w takich dziedzinach jak opieka zdrowotna, poniewa\u017c dostawcy \u201ewykorzystuj\u0105 nowe technologie, aby poprawi\u0107 wyniki i obni\u017cy\u0107 koszty (dzi\u0119ki) dost\u0119pno\u015bci ta\u0144szych i wydajniejszych komputer\u00f3w\u201d.<\/span><\/p>\n\n\n\n<p class=\"p5\"><span class=\"s1\"><i>Watsonie<\/i> to komputer zaprojektowany specjalnie do odpowiadania na pytania zadawane mu w j\u0119zyku m\u00f3wionym. Produkt projektu Deep QA firmy IBM, Watson, zosta\u0142 opracowany, aby konkurowa\u0107 w popularnym programie telewizyjnym, <i>Niebezpiecze\u0144stwo!<\/i> przeciwko parze by\u0142ych mistrz\u00f3w. Ostatecznie Watson zwyci\u0119\u017cy\u0142 i wygra\u0142 zawody, z niewielk\u0105 pomoc\u0105 \u201e200 milion\u00f3w stron ustrukturyzowanej i nieustrukturyzowanej tre\u015bci poch\u0142aniaj\u0105cej cztery <a href=\"https:\/\/en.wikipedia.org\/wiki\/Terabyte\" target=\"_blank\" rel=\"noopener\"><span class=\"s6\">terabajty<\/span><\/a> z <a href=\"https:\/\/en.wikipedia.org\/wiki\/Disk_storage\" target=\"_blank\" rel=\"noopener\"><span class=\"s6\">przechowywanie na dysku<\/span><\/a> w tym pe\u0142ny tekst <a href=\"https:\/\/en.wikipedia.org\/wiki\/Wikipedia\" target=\"_blank\" rel=\"noopener\"><span class=\"s6\">Wikipedia<\/span><\/a> do swojej dyspozycji.\u201d<\/span><\/p>\n\n\n\n<p class=\"p5\"><span class=\"s1\">Wykorzystuj\u0105c t\u0119 now\u0105 \u015bwiadomo\u015b\u0107 spo\u0142eczn\u0105 dotycz\u0105c\u0105 mo\u017cliwo\u015bci Watsona, IBM wprowadzi\u0142o Watsona jako podmiot komercyjny do sektora opieki zdrowotnej. Piel\u0119gniarki w Memorial Sloan Kettering Cancer Center zacz\u0119\u0142y go wykorzystywa\u0107 do wspomagania podejmowania wa\u017cnych decyzji dotycz\u0105cych leczenia raka p\u0142uc.<\/span><\/p>\n\n\n\n<h2 class=\"wp-block-heading\">Czym jest badanie rynku z wykorzystaniem sztucznej inteligencji?<\/h2>\n\n\n\n<p><span style=\"font-weight: 400;\">Badania rynku sztucznej inteligencji obejmuj\u0105 kompleksow\u0105 analiz\u0119 globalnej dynamiki rynku otaczaj\u0105cego sztuczn\u0105 inteligencj\u0119 (AI). Obejmuje ona ocen\u0119 wielko\u015bci rynku, trend\u00f3w wzrostu, przypadk\u00f3w u\u017cycia w bran\u017cy, krajobrazu konkurencyjnego i perspektyw technologii AI.<\/span><\/p>\n\n\n\n<p><span style=\"font-weight: 400;\">Podobnie, badania rynku sztucznej inteligencji obejmuj\u0105 r\u00f3wnie\u017c badanie bran\u017c u\u017cytkownik\u00f3w ko\u0144cowych, kt\u00f3re w znacznym stopniu korzystaj\u0105 z zastosowa\u0144 AI. Nale\u017c\u0105 do nich mi\u0119dzy innymi opieka zdrowotna, motoryzacja, finanse, handel detaliczny i produkcja. Badania maj\u0105 na celu dostarczenie wgl\u0105du w to, w jaki spos\u00f3b AI przekszta\u0142ca te bran\u017ce, optymalizuje operacje, ulepsza do\u015bwiadczenia klient\u00f3w i nap\u0119dza innowacje.<\/span><\/p>\n\n\n\n<p><span style=\"font-weight: 400;\">Innym kluczowym aspektem bada\u0144 rynku sztucznej inteligencji jest zrozumienie wyzwa\u0144 i ogranicze\u0144 AI, w tym kwestii etycznych, kwestii prywatno\u015bci danych i potencjalnego wp\u0142ywu na zatrudnienie. Analizuje r\u00f3wnie\u017c krajobraz inwestycyjny, wzorce finansowania i inicjatywy strategiczne podejmowane przez kluczowych graczy rynkowych w przestrzeni AI.<\/span><\/p>\n\n\n\n<h2 class=\"wp-block-heading\">Wykorzystanie AI w biznesie<\/h2>\n\n\n\n<figure class=\"gb-block-image gb-block-image-24a30049\"><img loading=\"lazy\" decoding=\"async\" width=\"1456\" height=\"816\" class=\"gb-image gb-image-24a30049\" src=\"https:\/\/www.sisinternational.com\/wp-content\/uploads\/2025\/08\/AI-6.jpg\" alt=\"SIS Mi\u0119dzynarodowe badania rynku i strategia\" title=\"AI (6)\" srcset=\"https:\/\/www.sisinternational.com\/wp-content\/uploads\/2025\/08\/AI-6.jpg 1456w, https:\/\/www.sisinternational.com\/wp-content\/uploads\/2025\/08\/AI-6-300x168.jpg 300w, https:\/\/www.sisinternational.com\/wp-content\/uploads\/2025\/08\/AI-6-1024x574.jpg 1024w, https:\/\/www.sisinternational.com\/wp-content\/uploads\/2025\/08\/AI-6-768x430.jpg 768w, https:\/\/www.sisinternational.com\/wp-content\/uploads\/2025\/08\/AI-6-18x10.jpg 18w\" sizes=\"auto, (max-width: 1456px) 100vw, 1456px\"><\/figure>\n\n\n\n<p><\/p>\n\n\n\n<p class=\"p5\"><span class=\"s1\">Poza obszarem medycznym, AI jest obecnie wykorzystywana w innych obszarach, takich jak egzekwowanie prawa, handel akcjami, badania naukowe i przemys\u0142 zabawkarski. Nick Bostrum z Uniwersytetu Oksfordzkiego zauwa\u017ca: \u201eWiele tysi\u0119cy aplikacji AI jest g\u0142\u0119boko osadzonych w infrastrukturze ka\u017cdej bran\u017cy\u201d.<\/span><\/p>\n\n\n\n<p class=\"p5\"><span class=\"s1\">Sztuczna inteligencja nie jest pozbawiona krytyk\u00f3w. Szanowany angielski fizyk teoretyk, Stephen Hawking, publicznie o\u015bwiadczy\u0142: \u201eSztuczna inteligencja mo\u017ce by\u0107 prawdziwym zagro\u017ceniem w niedalekiej przysz\u0142o\u015bci\u201d. Wierzy, \u017ce pewnego dnia robot b\u0119dzie m\u00f3g\u0142 \u201eprojektowa\u0107 ulepszenia dla siebie i przechytrzy\u0107 nas wszystkich\u201d.<\/span><\/p>\n\n\n\n<p class=\"p6\"><span class=\"s4\">Fizyk Louis Del Monte, autor <i>Rewolucja sztucznej inteligencji <\/i>niedawno przedstawi\u0142 niepokoj\u0105c\u0105 prognoz\u0119 dotycz\u0105c\u0105 szybkiego post\u0119pu sztucznej inteligencji. <\/span><span class=\"s1\">\u201eW latach 2040\u20132045 opracujemy maszyn\u0119 lub maszyny, kt\u00f3re nie tylko b\u0119d\u0105 r\u00f3wnowa\u017cne ludzkiemu umys\u0142owi, ale tak\u017ce inteligentniejsze od ca\u0142ej rasy ludzkiej razem wzi\u0119tej\u201d.<\/span><\/p>\n\n\n\n<h2 class=\"wp-block-heading\">Znaczenie bada\u0144 rynku sztucznej inteligencji<\/h2>\n\n\n\n<p><span style=\"font-weight: 400;\">Badania rynku sztucznej inteligencji s\u0105 kluczowe dla nad\u0105\u017cania za szybkimi post\u0119pami technologicznymi w dziedzinie AI. Dziedzina AI jest r\u00f3\u017cnorodna i szybko ewoluuje, a nowe osi\u0105gni\u0119cia pojawiaj\u0105 si\u0119 w szybkim tempie. Dlatego pozostawanie poinformowanym o tych zmianach jest niezb\u0119dne dla firm i organizacji, aby pozosta\u0107 konkurencyjnymi i innowacyjnymi.<\/span><\/p>\n\n\n\n<p><span style=\"font-weight: 400;\">Co wi\u0119cej, badania te odgrywaj\u0105 kluczow\u0105 rol\u0119 w identyfikowaniu pojawiaj\u0105cych si\u0119 trend\u00f3w i zastosowa\u0144 AI w r\u00f3\u017cnych bran\u017cach. Pomagaj\u0105 firmom zrozumie\u0107, w jaki spos\u00f3b AI mo\u017ce by\u0107 stosowane w celu usprawnienia ich dzia\u0142alno\u015bci, od automatyzacji rutynowych zada\u0144 po dostarczanie wyrafinowanej analizy danych i spostrze\u017ce\u0144. Badania rynku sztucznej inteligencji pomagaj\u0105 r\u00f3wnie\u017c zrozumie\u0107 wyzwania i potencjalne ryzyka zwi\u0105zane z AI, takie jak wzgl\u0119dy etyczne, stronniczo\u015b\u0107 w algorytmach AI i zagro\u017cenia cyberbezpiecze\u0144stwa.&nbsp;<\/span><\/p>\n\n\n\n<p><span style=\"font-weight: 400;\">Posiada jednak wiele innych zalet, w tym:&nbsp;<\/span><\/p>\n\n\n\n<p><b>\u2022 Identyfikacja nowych mo\u017cliwo\u015bci biznesowych: <\/b><span style=\"font-weight: 400;\">Badania te pomagaj\u0105 w identyfikowaniu nowych mo\u017cliwo\u015bci, w kt\u00f3rych mo\u017cna wykorzysta\u0107 AI do tworzenia warto\u015bci. Firmy mog\u0105 odkrywa\u0107 niezagospodarowane rynki lub innowacyjne zastosowania AI, kt\u00f3re mog\u0105 prowadzi\u0107 do wzrostu i dywersyfikacji biznesu.<\/span><\/p>\n\n\n\n<p><b>\u2022 Zarz\u0105dzanie ryzykiem i jego \u0142agodzenie: <\/b><span style=\"font-weight: 400;\">Badania rynku sztucznej inteligencji pozwalaj\u0105 zorientowa\u0107 si\u0119 w potencjalnych zagro\u017ceniach i wyzwaniach zwi\u0105zanych ze sztuczn\u0105 inteligencj\u0105, w tym w kwestiach etycznych, stronniczo\u015bci i obawach dotycz\u0105cych bezpiecze\u0144stwa danych.&nbsp;<\/span><\/p>\n\n\n\n<p><b>\u2022 Ulepszony rozw\u00f3j produktu: <\/b>For technology developers and providers, artificial intelligence <a href=\"https:\/\/www.sisinternational.com\/pl\/the-need-for-competitive-intelligence-in-this-recession\/\" title=\"Potrzeba wywiadu konkurencyjnego w czasach recesji\" data-wpil-monitor-id=\"7225\">badania rynku<\/a> is crucial for creating products that meet market needs. It assists in understanding customer requirements and technological gaps, guiding the development of more effective AI solutions.<\/span><\/p>\n\n\n\n<p><b>\u2022 Opracowywanie polityki i zgodno\u015b\u0107 z przepisami: <\/b><span style=\"font-weight: 400;\">Dla organ\u00f3w regulacyjnych i decydent\u00f3w zrozumienie rynku sztucznej inteligencji jest kluczem do opracowania skutecznych zasad i regulacji reguluj\u0105cych technologie sztucznej inteligencji, co pozwoli zapewni\u0107 odpowiedzialne i etyczne korzystanie z niej.<\/span><\/p>\n\n\n\n<p><b>\u2022 Spostrze\u017cenia dotycz\u0105ce inwestycji i finansowania: <\/b><span style=\"font-weight: 400;\">Te badania s\u0105 korzystne dla inwestor\u00f3w i inwestor\u00f3w venture capital. Dostarczaj\u0105 informacji na temat najbardziej obiecuj\u0105cych obszar\u00f3w inwestycji w AI, pomagaj\u0105c im podejmowa\u0107 \u015bwiadome decyzje o tym, gdzie alokowa\u0107 fundusze.<\/span><\/p>\n\n\n\n<h2 class=\"wp-block-heading\">Mo\u017cliwo\u015bci na rynku sztucznej inteligencji dla przedsi\u0119biorstw<\/h2>\n\n\n\n<p><span style=\"font-weight: 400;\">Ten <a href=\"https:\/\/www.sisinternational.com\/pl\/wdrazanie-sztucznej-inteligencji-w-malych-firmach\/\" title=\"Wdra\u017canie sztucznej inteligencji (AI) w ma\u0142ych firmach\" data-wpil-monitor-id=\"2796\">artificial intelligence market<\/a> presents a wealth of opportunities for businesses across a wide range of industries \u2013 and here are some key opportunities for businesses:<\/span><\/p>\n\n\n\n<p><b>\u2022 Usprawnianie operacji i redukcja koszt\u00f3w: <\/b><span style=\"font-weight: 400;\">Technologie AI mog\u0105 automatyzowa\u0107 i optymalizowa\u0107 r\u00f3\u017cne procesy biznesowe, od zarz\u0105dzania \u0142a\u0144cuchem dostaw po obs\u0142ug\u0119 klienta. Ta automatyzacja nie tylko usprawnia operacje, ale tak\u017ce znacznie obni\u017ca koszty operacyjne.<\/span><\/p>\n\n\n\n<p><b>\u2022 Ulepszanie analizy danych i podejmowania decyzji: <\/b><span style=\"font-weight: 400;\">Mo\u017cliwo\u015b\u0107 przetwarzania i analizowania du\u017cych ilo\u015bci danych przez AI mo\u017ce zapewni\u0107 firmom cenne spostrze\u017cenia, u\u0142atwiaj\u0105c podejmowanie bardziej \u015bwiadomych i strategicznych decyzji. Mo\u017ce to by\u0107 szczeg\u00f3lnie korzystne w takich obszarach jak badania rynku, analiza finansowa i analiza zachowa\u0144 klient\u00f3w.<\/span><\/p>\n\n\n\n<p><b>\u2022 Poprawa obs\u0142ugi klienta: <\/b><span style=\"font-weight: 400;\">Sztuczna inteligencja mo\u017ce personalizowa\u0107 interakcje z klientami i usprawnia\u0107 obs\u0142ug\u0119 klienta, od chatbot\u00f3w zapewniaj\u0105cych natychmiastow\u0105 pomoc klientom po personalizacj\u0119 opart\u0105 na sztucznej inteligencji w handlu elektronicznym.&nbsp;<\/span><\/p>\n\n\n\n<p><b>\u2022 Ekspansja na nowe rynki: <\/b><span style=\"font-weight: 400;\">Sztuczna inteligencja mo\u017ce pom\u00f3c przedsi\u0119biorstwom w ekspansji na nowe rynki, w tym rynki globalne, poprzez pokonywanie barier j\u0119zykowych, przewidywanie trend\u00f3w rynkowych i zrozumienie lokalnych zachowa\u0144 konsument\u00f3w.<\/span><\/p>\n\n\n\n<p><b>\u2022 Zwi\u0119kszanie bezpiecze\u0144stwa: <\/b><span style=\"font-weight: 400;\">Sztuczna inteligencja mo\u017ce znacz\u0105co poprawi\u0107 bezpiecze\u0144stwo, pocz\u0105wszy od rozwi\u0105za\u0144 cyberbezpiecze\u0144stwa chroni\u0105cych przed zaawansowanymi cyberzagro\u017ceniami, a\u017c po systemy bezpiecze\u0144stwa fizycznego wykorzystuj\u0105ce nadz\u00f3r wspomagany sztuczn\u0105 inteligencj\u0105.<\/span><\/p>\n\n\n\n<p><b>\u2022 Promowanie zr\u00f3wnowa\u017conych praktyk: <\/b><span style=\"font-weight: 400;\">Sztuczn\u0105 inteligencj\u0119 mo\u017cna r\u00f3wnie\u017c wykorzysta\u0107 do promowania zr\u00f3wnowa\u017conego rozwoju w dzia\u0142alno\u015bci biznesowej, np. poprzez optymalizacj\u0119 zu\u017cycia energii w procesie produkcyjnym lub udoskonalanie praktyk gospodarowania odpadami.<\/span><\/p>\n\n\n\n<h2 class=\"wp-block-heading\">Przysz\u0142o\u015b\u0107 AI<\/h2>\n\n\n\n<p class=\"p7\"><span class=\"s1\">W rzeczywisto\u015bci AI mo\u017ce pom\u00f3c nam w stosowaniu danych w spos\u00f3b, kt\u00f3rego ludzie nigdy nie mogliby sobie wyobrazi\u0107. Mo\u017cliwo\u015bci si\u0119 rozszerzaj\u0105, gdy we\u017amiemy pod uwag\u0119 trwaj\u0105c\u0105 wsp\u00f3\u0142prac\u0119 mi\u0119dzy instrumentami sztucznej inteligencji a lud\u017ami, kt\u00f3rzy je stworzyli. W miar\u0119 rozwoju i udoskonalania tych system\u00f3w AI b\u0119dzie nadal \u201ewplata\u0107 si\u0119 w tkank\u0119 naszego codziennego \u017cycia, pomagaj\u0105c nam we wszystkim, od podejmowania podstawowych decyzji po prowadzenie naszych samochod\u00f3w\u201d.<\/span> <span class=\"s1\">Wykorzystuj\u0105c to wspania\u0142e \u017ar\u00f3d\u0142o rozwijaj\u0105cej si\u0119 wiedzy, dawne science-fiction szybko staje si\u0119 fascynuj\u0105c\u0105 rzeczywisto\u015bci\u0105 wsp\u00f3\u0142czesno\u015bci.<\/span><\/p>\n\n\n\n<h2 class=\"wp-block-heading\">Jak badania rynku pomagaj\u0105<\/h2>\n\n\n\n<h3 class=\"wp-block-heading\">Badania rynku pozwalaj\u0105 na uzyskanie spostrze\u017ce\u0144 na nast\u0119puj\u0105ce tematy:<\/h3>\n\n\n\n<ul class=\"wp-block-list\">\n<li>Klienci<\/li>\n\n\n\n<li>Firmy<\/li>\n\n\n\n<li>Konkurenci<\/li>\n\n\n\n<li>\u0141a\u0144cuchy dostaw<\/li>\n\n\n\n<li>Rynki, bran\u017ce i kraje<\/li>\n<\/ul>\n\n\n\n<p>As AI is in the early stages of adoption in many industries, many clients prefer to conduct Customer Research, Product Testing, and <a href=\"https:\/\/www.sisinternational.com\/pl\/zasieg\/ameryka\/zasieg-usa\/badania-rynku-tampa-floryda\/\" title=\"Badania rynku w Tampa, Floryda\" data-wpil-monitor-id=\"4147\">Badania mo\u017cliwo\u015bci rynkowych<\/a>.<\/p>\n\n\n\n<h2 class=\"wp-block-heading\">Rozwi\u0105zania SIS: Badania rynku sztucznej inteligencji<\/h2>\n\n\n\n<h4 class=\"wp-block-heading\">SIS wykorzystuje kompleksowe, zintegrowane podej\u015bcie w zakresie sztucznej inteligencji<\/h4>\n\n\n\n<p>We provide insights into global market dynamics, including market size assessments, growth trends, and competitive landscapes. Our researchers conduct strategic analyses to turn information into actionable insights, helping clients consider artificial <a href=\"https:\/\/www.sisinternational.com\/pl\/rozwiazania\/doradztwo-strategiczne\/market-intelligence\/\" title=\"Wywiad rynkowy\" data-wpil-monitor-id=\"6755\">intelligence with a full market<\/a> view. Our solutions include:<\/p>\n\n\n\n<ul class=\"wp-block-list\">\n<li>Badania klient\u00f3w<\/li>\n\n\n\n<li>Analiza konkurencji<\/li>\n\n\n\n<li>Badania produktu i u\u017cyteczno\u015bci (UX)<\/li>\n\n\n\n<li>Oceny mo\u017cliwo\u015bci rynkowych, wykonalno\u015bci, wej\u015bcia i wielko\u015bci<\/li>\n\n\n\n<li>Miesi\u0119czne raporty \u015bledzenia bran\u017cy<\/li>\n<\/ul>\n\n\n\n<p>Nasze relacje ze specjalistami bran\u017cowymi pozwalaj\u0105 SIS zag\u0142\u0119bia\u0107 si\u0119 w sztuczn\u0105 inteligencj\u0119. Zesp\u00f3\u0142 ds. strategii SIS jest na bie\u017c\u0105co z najnowszymi osi\u0105gni\u0119ciami w dziedzinie AI, \u015bci\u015ble wsp\u00f3\u0142pracuj\u0105c z naszymi lokalnymi biurami na ca\u0142ym \u015bwiecie.<\/p>\n\n\n\n<h3 class=\"wp-block-heading\"><span style=\"font-weight: 400;\">Pozw\u00f3l, aby SIS International Research sta\u0142 si\u0119 Twoim pomostem do lepszego biznesu w tym okresie niesamowitych mo\u017cliwo\u015bci.<\/span><\/h3>\n\n\n\n<h2 class=\"wp-block-heading\">O naszej pracy w badaniach rynku AI<\/h2>\n\n\n\n<p>SIS often works with Technology companies developing new AI products and services.&nbsp; Our clients include Education Technology or other Technology companies exploring new applications of AI, Machine Learning and Deep Learning.&nbsp; Other clients include Financial Services companies innovating new products and services to improve their customer experience.&nbsp; SIS also does a significant amount of work in Shipping and Logistics and major organizations seeking to adopt cutting-edge technologies.&nbsp; We provide Qualitative, Quantitative, and Strategy Market Research. We provide the &#8220;Human Element&#8221; behind AI adoption and transformation.&nbsp; Our solutions include:<\/p>\n\n\n\n<ul class=\"wp-block-list\">\n<li>Badania klient\u00f3w<\/li>\n\n\n\n<li>Analiza konkurencji<\/li>\n\n\n\n<li>Badania produktu i u\u017cyteczno\u015bci (UX)<\/li>\n\n\n\n<li>Oceny mo\u017cliwo\u015bci rynkowych, wykonalno\u015bci, wej\u015bcia i wielko\u015bci<\/li>\n\n\n\n<li>Miesi\u0119czne raporty \u015bledzenia bran\u017cy<\/li>\n<\/ul>\n\n\n\n<h3 class=\"wp-block-heading title-heading-left\">You&nbsp;may also be interested in\u2026<\/h3>\n\n\n\n<p><\/p>","protected":false},"excerpt":{"rendered":"<p>Sztuczna inteligencja zmienia spos\u00f3b, w jaki \u017cyjemy i pracujemy. Odkryj sposoby na zwi\u0119kszenie wzrostu dzi\u0119ki badaniom rynku sztucznej inteligencji.<\/p>","protected":false},"author":1,"featured_media":62603,"parent":44406,"menu_order":0,"comment_status":"closed","ping_status":"open","template":"","meta":{"footnotes":""},"class_list":["post-22531","page","type-page","status-publish","has-post-thumbnail"],"_links":{"self":[{"href":"https:\/\/www.sisinternational.com\/pl\/wp-json\/wp\/v2\/pages\/22531","targetHints":{"allow":["GET"]}}],"collection":[{"href":"https:\/\/www.sisinternational.com\/pl\/wp-json\/wp\/v2\/pages"}],"about":[{"href":"https:\/\/www.sisinternational.com\/pl\/wp-json\/wp\/v2\/types\/page"}],"author":[{"embeddable":true,"href":"https:\/\/www.sisinternational.com\/pl\/wp-json\/wp\/v2\/users\/1"}],"replies":[{"embeddable":true,"href":"https:\/\/www.sisinternational.com\/pl\/wp-json\/wp\/v2\/comments?post=22531"}],"version-history":[{"count":11,"href":"https:\/\/www.sisinternational.com\/pl\/wp-json\/wp\/v2\/pages\/22531\/revisions"}],"predecessor-version":[{"id":80873,"href":"https:\/\/www.sisinternational.com\/pl\/wp-json\/wp\/v2\/pages\/22531\/revisions\/80873"}],"up":[{"embeddable":true,"href":"https:\/\/www.sisinternational.com\/pl\/wp-json\/wp\/v2\/pages\/44406"}],"wp:featuredmedia":[{"embeddable":true,"href":"https:\/\/www.sisinternational.com\/pl\/wp-json\/wp\/v2\/media\/62603"}],"wp:attachment":[{"href":"https:\/\/www.sisinternational.com\/pl\/wp-json\/wp\/v2\/media?parent=22531"}],"curies":[{"name":"wp","href":"https:\/\/api.w.org\/{rel}","templated":true}]}}