{"id":22018,"date":"2017-02-01T03:41:01","date_gmt":"2017-02-01T03:41:01","guid":{"rendered":"https:\/\/www.sisinternational.com\/?page_id=22018"},"modified":"2026-01-26T14:41:37","modified_gmt":"2026-01-26T19:41:37","slug":"badania-rynku-przemyslu-spozywczego-i-napojow","status":"publish","type":"page","link":"https:\/\/www.sisinternational.com\/pl\/rozwiazania\/badania-rynku-przemyslu-spozywczego-i-napojow\/","title":{"rendered":"Badania rynku bran\u017cy spo\u017cywczej i napoj\u00f3w"},"content":{"rendered":"<h1 class=\"wp-block-heading p1\">Badania rynku bran\u017cy spo\u017cywczej i napoj\u00f3w<\/h1>\n\n\n\n<figure class=\"gb-block-image gb-block-image-cfd538fb\"><img loading=\"lazy\" decoding=\"async\" width=\"1456\" height=\"816\" class=\"gb-image gb-image-cfd538fb\" src=\"https:\/\/www.sisinternational.com\/wp-content\/uploads\/2025\/08\/Beverages-1.jpg\" srcset=\"https:\/\/www.sisinternational.com\/wp-content\/uploads\/2025\/08\/Beverages-1.jpg 1456w, https:\/\/www.sisinternational.com\/wp-content\/uploads\/2025\/08\/Beverages-1-300x168.jpg 300w, https:\/\/www.sisinternational.com\/wp-content\/uploads\/2025\/08\/Beverages-1-1024x574.jpg 1024w, https:\/\/www.sisinternational.com\/wp-content\/uploads\/2025\/08\/Beverages-1-768x430.jpg 768w, https:\/\/www.sisinternational.com\/wp-content\/uploads\/2025\/08\/Beverages-1-18x10.jpg 18w\" sizes=\"auto, (max-width: 1456px) 100vw, 1456px\" alt=\"SIS Mi\u0119dzynarodowe badania rynku i strategia\"><\/figure>\n\n\n\n<p><\/p>\n\n\n\n<h2 class=\"wp-block-heading\">&nbsp;<\/h2>\n\n\n\n<p><span style=\"font-weight: 400;\">Have you ever wondered how the food industry determines which products to launch, which flavors to emphasize, or how to price their offerings? The secret lies in food market research because by delving into the preferences, behaviors, and habits of consumers, this research guides the strategies of food businesses (both big and small).<\/span><\/p>\n\n\n\n<h2 class=\"wp-block-heading\">Rynek gastronomiczny to ogromna i wymagaj\u0105ca bran\u017ca, kt\u00f3ra rozwija si\u0119 w szybkim tempie.<\/h2>\n\n\n\n<p>Niezale\u017cnie od tego, czy chodzi o zmieniaj\u0105c\u0105 si\u0119 dynamik\u0119 sto\u0142owania si\u0119, czy o najnowsze geolokalizacje sieci restauracji, badania rynku bran\u017cy spo\u017cywczej i napoj\u00f3w wymagaj\u0105 najbardziej zaawansowanych, aktualnych informacji, aby stworzy\u0107 skuteczn\u0105 strategi\u0119. Aby odnie\u015b\u0107 sukces w tym wysoce konkurencyjnym sektorze, nasi klienci potrzebuj\u0105 najlepszych informacji biznesowych.<\/p>\n\n\n\n<h2 class=\"wp-block-heading\">Badania rynku bran\u017cy spo\u017cywczej i napoj\u00f3w<\/h2>\n\n\n\n<p><span style=\"font-weight: 400;\">Bran\u017ca spo\u017cywcza i napoj\u00f3w jest w ci\u0105g\u0142ym ruchu. Kilka czynnik\u00f3w powoduje zmiany w bran\u017cy, w tym urbanizacja, wzrost populacji i zmieniaj\u0105ce si\u0119 trendy konsumenckie. Trend w kierunku \u017cywno\u015bci i napoj\u00f3w wytwarzanych z naturalnych sk\u0142adnik\u00f3w ro\u015bnie na ca\u0142ym \u015bwiecie. Ro\u015bnie r\u00f3wnie\u017c trend w kierunku dostaw \u017cywno\u015bci online, kt\u00f3re b\u0119d\u0105 przedmiotem tego raportu.<\/span><\/p>\n\n\n\n<p><span style=\"font-weight: 400;\">The recent innovation of Food Delivery marketplaces has been accelerated by the rise of mobile payments, GPS tracking, and Big Data. \u00a0These platforms use technology to match supply and demand, similarly to the ridesharing industry. For app companies, reaching \u201ccritical mass\u201d is an important priority, and managing supply and demand is especially important in time-sensitive food delivery solutions.<\/span><\/p>\n\n\n\n<h2 class=\"wp-block-heading\">Badania rynku dostaw w bran\u017cy spo\u017cywczej i napojowej<\/h2>\n\n\n\n<p><span style=\"font-weight: 400;\">Consumers can now order from a broad selection of eateries with a single tap of their mobile phones. &nbsp;Online food delivery platforms continue to increase accessibility and choice. New online platforms are racing to capture consumers and new markets. Platforms are springing up across Asia, the Americas, the Middle East, and Europe. The industry of transporting restaurant meals to the home is experiencing rapid change.<\/span><\/p>\n\n\n\n<p><span style=\"font-weight: 400;\">Wygoda jest wa\u017cnym czynnikiem nap\u0119dzaj\u0105cym globalny rynek aplikacji do dostawy \u017cywno\u015bci online. Ameryka jest najbardziej rozleg\u0142ym rynkiem us\u0142ug dostawy \u017cywno\u015bci online na \u017c\u0105danie. Ten popyt wynika z wysokiej penetracji smartfon\u00f3w. Rynek tych us\u0142ug ro\u015bnie r\u00f3wnie\u017c w Ameryce Po\u0142udniowej. W tym regionie kilka startup\u00f3w buduje udane rozwi\u0105zania na \u017c\u0105danie do dostawy \u017cywno\u015bci. Te startupy wykorzystuj\u0105 m\u0142od\u0105, dobrze skomunikowan\u0105 populacj\u0119 Ameryki Po\u0142udniowej.<\/span><\/p>\n\n\n\n<p><span style=\"font-weight: 400;\">The food delivery app is an appealing solution than calling a restaurant.&nbsp; Food delivery apps avoid customer pain points of being put on hold for extended periods when calling in during the traditional food delivery ordering process. Consumers also benefit from convenience as opposed to the traditional tedious process of calling out their credit card information.&nbsp; Apps open up consumers to trying new foods and restaurants. The downside is that they reduce human-to-human contact.<\/span><\/p>\n\n\n\n<h2 class=\"wp-block-heading\">Dlaczego to jest wa\u017cne? Jakie s\u0105 korzy\u015bci z bada\u0144 rynku w bran\u017cy spo\u017cywczej i napoj\u00f3w?<\/h2>\n\n\n\n<p><span style=\"font-weight: 400;\">Badania rynku \u017cywno\u015bci zapewniaj\u0105 wgl\u0105d w umys\u0142 konsumenta, odkrywaj\u0105c, jakie smaki go poci\u0105gaj\u0105, jakie ograniczenia dietetyczne lub preferencje mo\u017ce mie\u0107 i jakie ceny s\u0105 dla niego komfortowe. Takie spostrze\u017cenia zapewniaj\u0105 firmom mo\u017cliwo\u015b\u0107 tworzenia produkt\u00f3w, kt\u00f3re g\u0142\u0119boko rezonuj\u0105 z ich grup\u0105 docelow\u0105.<\/span><\/p>\n\n\n\n<p><span style=\"font-weight: 400;\">Moreover, with new food trends emerging rapidly (like plant-based diets, keto-friendly snacks, or international cuisine fusions), food market research helps businesses anticipate these trends. It allows them to innovate and adapt before the market becomes saturated. In-depth research also ensures that businesses understand the regulatory landscape, ingredient sourcing protocols, and quality benchmarks they must adhere to, ensuring the safety and satisfaction of their consumers.<\/span><\/p>\n\n\n\n<p><span style=\"font-weight: 400;\">Jednak badania te nie dotycz\u0105 wy\u0142\u0105cznie zrozumienia tego, co konsumenci chc\u0105 je\u015b\u0107; chodzi o optymalizacj\u0119 ca\u0142ego procesu biznesowego, od rozwoju produktu po strategie marketingowe. Dlatego te\u017c maj\u0105 wiele zalet, takich jak:<\/span><\/p>\n\n\n\n<p><b>\u2022 \u015awiadomy rozw\u00f3j produktu:<\/b><span style=\"font-weight: 400;\"> By understanding the tastes, preferences, and needs of consumers, businesses can craft products that have a higher likelihood of success. <\/span><\/p>\n\n\n\n<p><b>\u2022 Marketing strategiczny: <\/b><span style=\"font-weight: 400;\">Knowledge about the target audience&#8217;s preferences and behavior aids in creating tailored marketing campaigns. For instance, if market <a href=\"https:\/\/www.sisinternational.com\/pl\/rozwiazania\/beauty-product-market-research\/millennial-beauty-market-research\/\" title=\"Millennial Beauty Market Research\"  data-wpil-monitor-id=\"6172\">badania<\/a> indicates a rising trend in vegan diets among millennials, businesses can align their marketing messages to resonate with this demographic.<\/span><\/p>\n\n\n\n<p><b>\u2022 Wgl\u0105d w strategi\u0119 cenow\u0105: <\/b><span style=\"font-weight: 400;\">Ile konsumenci s\u0105 sk\u0142onni zap\u0142aci\u0107 za ciasteczko bezglutenowe w por\u00f3wnaniu ze zwyk\u0142ym? Badania mog\u0105 odpowiedzie\u0107 na te kluczowe pytania, zapewniaj\u0105c, \u017ce stosowane strategie cenowe zapewniaj\u0105 r\u00f3wnowag\u0119 mi\u0119dzy rentowno\u015bci\u0105 a akceptacj\u0105 konsument\u00f3w.<\/span><\/p>\n\n\n\n<p><b>\u2022 Optymalizacja \u0142a\u0144cucha dostaw:<\/b><span style=\"font-weight: 400;\"> Zrozumienie popytu rynkowego poprzez badania rynku \u017cywno\u015bci mo\u017ce usprawni\u0107 proces \u0142a\u0144cucha dostaw. Je\u015bli nast\u0105pi wzrost popytu na owoce organiczne, sprzedawcy detaliczni mog\u0105 upewni\u0107 si\u0119, \u017ce odpowiednio si\u0119 zaopatrz\u0105, minimalizuj\u0105c marnotrawstwo i maksymalizuj\u0105c sprzeda\u017c.<\/span><\/p>\n\n\n\n<p><b>\u2022 \u0141agodzenie ryzyka:<\/b><span style=\"font-weight: 400;\"> W bran\u017cy, w kt\u00f3rej wycofania i negatywna reklama mog\u0105 by\u0107 szkodliwe, badania rynku \u017cywno\u015bci dostarczaj\u0105 informacji na temat obszar\u00f3w potencjalnego zainteresowania. Mog\u0105 to by\u0107 \u017ar\u00f3d\u0142a sk\u0142adnik\u00f3w, materia\u0142y opakowaniowe lub procesy produkcyjne.<\/span><\/p>\n\n\n\n<h2 class=\"wp-block-heading\">Kluczowi gracze na rynku \u017cywno\u015bci i napoj\u00f3w<\/h2>\n\n\n\n<p><span style=\"font-weight: 400;\">Certain companies and entities have managed to carve out significant <a href=\"https:\/\/www.sisinternational.com\/pl\/ekspertyza\/branze\/badania-rynku-automatyki-przemyslowej\/\" title=\"Badania rynku automatyki przemys\u0142owej\"  data-wpil-monitor-id=\"4816\">market share in this industry<\/a>, influencing consumer preferences, setting industry standards, and driving innovation.&nbsp;<\/span><\/p>\n\n\n\n<p><b>\u2022 Mi\u0119dzynarodowe korporacje zajmuj\u0105ce si\u0119 \u017cywno\u015bci\u0105 i napojami:<\/b><span style=\"font-weight: 400;\"> Firmy takie jak Nestl\u00e9, PepsiCo i The Coca-Cola Company s\u0105 liderami bran\u017cy. Ich ogromne zasoby pozwalaj\u0105 im na przeprowadzanie wyczerpuj\u0105cych bada\u0144 rynku \u017cywno\u015bci, co pomaga im utrzyma\u0107 przewag\u0119 dzi\u0119ki zrozumieniu globalnych trend\u00f3w konsumenckich i wprowadzaniu produkt\u00f3w dostosowanych do regionalnych preferencji.<\/span><\/p>\n\n\n\n<p><b>\u2022 Sieci fast-food\u00f3w: <\/b><span style=\"font-weight: 400;\">Globalne sieci, takie jak McDonald&#039;s, Starbucks i KFC, maj\u0105 znacz\u0105cy wp\u0142yw na rynek \u017cywno\u015bci. Ich ogromny zasi\u0119g pozwala im wprowadza\u0107 nowe produkty, kt\u00f3re odpowiadaj\u0105 lokalnym gustom w r\u00f3\u017cnych krajach, cz\u0119sto wyznaczaj\u0105c trendy kulinarne.<\/span><\/p>\n\n\n\n<p><b>\u2022 Giganci supermarket\u00f3w i handlu detalicznego: <\/b><span style=\"font-weight: 400;\">Walmart, Carrefour i Tesco odgrywaj\u0105 kluczow\u0105 rol\u0119 w kszta\u0142towaniu zachowa\u0144 zakupowych konsument\u00f3w. Ich decyzje dotycz\u0105ce lokowania produkt\u00f3w, promocji i zapas\u00f3w bezpo\u015brednio odzwierciedlaj\u0105 ich rozleg\u0142e spostrze\u017cenia z bada\u0144 rynku \u017cywno\u015bci na temat nawyk\u00f3w zakupowych konsument\u00f3w.<\/span><\/p>\n\n\n\n<p><b>\u2022 Specjalistyczne marki zdrowej \u017cywno\u015bci: <\/b><span style=\"font-weight: 400;\">Wraz ze wzrostem zainteresowania zdrowiem i dobrym samopoczuciem marki takie jak Beyond Meat i Chobani zyskuj\u0105 na popularno\u015bci. Ich wzrost znaczenia podkre\u015bla znaczenie bada\u0144 rynku \u017cywno\u015bci w zrozumieniu i wykorzystaniu nisz rynkowych nap\u0119dzanych przez \u015bwiadomych zdrowia konsument\u00f3w.<\/span><\/p>\n\n\n\n<p><b>\u2022 Producenci lokalni i rzemie\u015blniczy: <\/b><span style=\"font-weight: 400;\">Cho\u0107 nie maj\u0105 tak du\u017cego udzia\u0142u w rynku jak giganci mi\u0119dzynarodowi, lokalni producenci, cz\u0119sto skupiaj\u0105cy si\u0119 na produktach rzemie\u015blniczych i ekologicznych, zajmuj\u0105 szczeg\u00f3lne miejsce na rynku \u017cywno\u015bci. Ich zrozumienie lokalnych preferencji, tradycji i sk\u0142adnik\u00f3w, cz\u0119sto gromadzone poprzez oddolne badania rynku \u017cywno\u015bci, pozwala im tworzy\u0107 produkty z autentycznymi i wyj\u0105tkowymi propozycjami sprzeda\u017cy.<\/span><\/p>\n\n\n\n<p><b>\u2022 Stowarzyszenia i organizacje handlowe: <\/b><span style=\"font-weight: 400;\">Podmioty takie jak \u015awiatowa Organizacja Zdrowia i Organizacja ds. Wy\u017cywienia i Rolnictwa, cho\u0107 nie s\u0105 podmiotami komercyjnymi, przyczyniaj\u0105 si\u0119 do bada\u0144 rynku \u017cywno\u015bci poprzez publikowanie raport\u00f3w i bada\u0144 na temat globalnego spo\u017cycia \u017cywno\u015bci, od\u017cywiania i wzorc\u00f3w bezpiecze\u0144stwa \u017cywno\u015bciowego. Ich spostrze\u017cenia cz\u0119sto kszta\u0142tuj\u0105 polityk\u0119 i wp\u0142ywaj\u0105 na trendy rynkowe.<\/span><\/p>\n\n\n\n<h2 class=\"wp-block-heading\">Badania rynku bran\u017cy spo\u017cywczej i napoj\u00f3w odkrywaj\u0105 mo\u017cliwo\u015bci<\/h2>\n\n\n\n<figure class=\"gb-block-image gb-block-image-176eb9a0\"><img loading=\"lazy\" decoding=\"async\" width=\"1456\" height=\"816\" class=\"gb-image gb-image-176eb9a0\" src=\"https:\/\/www.sisinternational.com\/wp-content\/uploads\/2025\/08\/Food-taste-testing-3.jpg\" srcset=\"https:\/\/www.sisinternational.com\/wp-content\/uploads\/2025\/08\/Food-taste-testing-3.jpg 1456w, https:\/\/www.sisinternational.com\/wp-content\/uploads\/2025\/08\/Food-taste-testing-3-300x168.jpg 300w, https:\/\/www.sisinternational.com\/wp-content\/uploads\/2025\/08\/Food-taste-testing-3-1024x574.jpg 1024w, https:\/\/www.sisinternational.com\/wp-content\/uploads\/2025\/08\/Food-taste-testing-3-768x430.jpg 768w, https:\/\/www.sisinternational.com\/wp-content\/uploads\/2025\/08\/Food-taste-testing-3-18x10.jpg 18w\" sizes=\"auto, (max-width: 1456px) 100vw, 1456px\" alt=\"SIS Mi\u0119dzynarodowe badania rynku i strategia\"><\/figure>\n\n\n\n<p><span style=\"font-weight: 400;\"><\/span><\/p>\n\n\n\n<p><span style=\"font-weight: 400;\">Market Research can identify opportunities to recruit delivery personnel, boost customers, and manage demand and supply.\u00a0 Additionally, app companies find that Usability Research can be beneficial in achieving customer satisfaction and increasing sales conversions.\u00a0\u00a0<\/span><\/p>\n\n\n\n<p><span style=\"font-weight: 400;\">Partnerstwo z firm\u0105 dostarczaj\u0105c\u0105 jedzenie ma kilka zalet. Pozwala restauratorom rozszerzy\u0107 sw\u00f3j rynek, daj\u0105c im dost\u0119p do ca\u0142ego miasta \u2014 rynku, kt\u00f3ry jest o wiele wa\u017cniejszy ni\u017c kilka blok\u00f3w otaczaj\u0105cych ich lokal. Umo\u017cliwia im r\u00f3wnie\u017c pozyskanie nowych klient\u00f3w. Gdy dominuj\u0105ca aplikacja dostarczaj\u0105ca jedzenie zaprezentuje restauracj\u0119, zwi\u0119ksza to jej widoczno\u015b\u0107.<\/span><\/p>\n\n\n\n<p><span style=\"font-weight: 400;\">W\u0142a\u015bciciele restauracji zwracaj\u0105 si\u0119 w stron\u0119 dostaw jedzenia, aby zwi\u0119kszy\u0107 spadaj\u0105cy ruch. Aplikacje do dostawy jedzenia to tajna bro\u0144 w walce o nak\u0142onienie wi\u0119kszej liczby klient\u00f3w do jedzenia na mie\u015bcie. Sprzeda\u017c dostaw jedzenia wzros\u0142a w ostatnich latach, podczas gdy ruch w restauracjach pozosta\u0142 na tym samym poziomie.<\/span><\/p>\n\n\n\n<p>Inne wa\u017cne mo\u017cliwo\u015bci dla firm przedstawiaj\u0105 si\u0119 nast\u0119puj\u0105co:<\/p>\n\n\n\n<p><b>\u2022 Wykrywanie pojawiaj\u0105cych si\u0119 trend\u00f3w: <\/b><span style=\"font-weight: 400;\">\u015awiat \u017cywno\u015bci nieustannie ewoluuje. Od wzrostu popularno\u015bci diet ro\u015blinnych po rosn\u0105cy popyt na zr\u00f3wnowa\u017cone opakowania, badania rynku \u017cywno\u015bci dostarczaj\u0105 aktualnych informacji na temat zachowa\u0144 konsument\u00f3w, umo\u017cliwiaj\u0105c firmom wskakiwanie na pojawiaj\u0105ce si\u0119 trendy, zanim stan\u0105 si\u0119 one g\u0142\u00f3wnym nurtem.<\/span><\/p>\n\n\n\n<p><b>\u2022 Ekspansja na nowe obszary geograficzne: <\/b><span style=\"font-weight: 400;\">Every region has unique palates and culinary traditions. Food market research helps businesses understand local preferences, allowing them to tailor products to regional tastes, maximizing market penetration and profitability.<\/span><\/p>\n\n\n\n<p><b>\u2022 Innowacje w rozwoju produkt\u00f3w: <\/b><span style=\"font-weight: 400;\">By understanding what consumers seek (be it health benefits, convenience, or a unique flavor), businesses can develop innovative products that meet those needs, ensuring higher sales and customer loyalty.<\/span><\/p>\n\n\n\n<p><b>\u2022 Poprawa pozycjonowania marki: <\/b><span style=\"font-weight: 400;\">Badania rynku spo\u017cywczego pozwalaj\u0105 wykry\u0107 luki na rynku, co pozwala markom na wyra\u017ane pozycjonowanie si\u0119 i tworzenie atrakcyjnych narracji w oparciu o wnioski z bada\u0144.<\/span><\/p>\n\n\n\n<p><b>\u2022 Skuteczne kampanie marketingowe: <\/b><span style=\"font-weight: 400;\">Businesses can craft marketing campaigns that resonate with their target audience, ensuring higher engagement and return on investment.<\/span><\/p>\n\n\n\n<p><b>\u2022 Mo\u017cliwo\u015bci dywersyfikacji: <\/b><span style=\"font-weight: 400;\">Eksploruj\u0105c nieznane terytoria na rynku spo\u017cywczym, przedsi\u0119biorstwa mog\u0105 dywersyfikowa\u0107 swoj\u0105 ofert\u0119 produktow\u0105, zapewniaj\u0105c sobie wiele \u017ar\u00f3de\u0142 dochodu i zmniejszaj\u0105c zale\u017cno\u015b\u0107 od jednego produktu lub kategorii.<\/span><\/p>\n\n\n\n<h2 class=\"wp-block-heading\">O SIS Badania rynku bran\u017cy spo\u017cywczej i napoj\u00f3w<\/h2>\n\n\n\n<p>SIS International Research is a leading provider of <a class=\"wpil_keyword_link\" href=\"https:\/\/www.sisinternational.com\/pl\/\"   title=\"Dom\" data-wpil-keyword-link=\"linked\"  data-wpil-monitor-id=\"775\">globalne badania rynku<\/a> and strategy. With over thirty years of experience, SIS conducts comprehensive primary and secondary research to deliver the most accurate and updated results. Active in over 120 countries, SIS owns and operates state-of-the-art focus groups and in-depth interview facilities to provide superior data and answers for our clients. We maintain an expansive database with quality recruits, all experts in their field of work.<\/p>\n\n\n\n<p>SIS has extensive experience in the food <a href=\"https:\/\/www.sisinternational.com\/pl\/badania-rynku-w-branzy-edukacyjnej\/\" title=\"Badania rynku w bran\u017cy edukacyjnej\"  data-wpil-monitor-id=\"1823\">industry market research<\/a>, particularly in areas of interest including market segmentation, taste testing, customer loyalty, and market opportunity. Additional services range from trend analysis to mobile application development. For a full list of our experience in the food industry market research, we have provided <a href=\"https:\/\/www.sisinternational.com\/pl\/ekspertyza\/cv-z-doswiadczeniem\/resume-of-experience-in-food-beverages-industry\/\">przyk\u0142adowe CV i klient\u00f3w, z kt\u00f3rymi wcze\u015bniej wsp\u00f3\u0142pracowali\u015bmy<\/a>.<\/p>\n\n\n\n<p><\/p>","protected":false},"excerpt":{"rendered":"<p>SIS jest wiod\u0105c\u0105 globaln\u0105 firm\u0105 bada\u0144 rynku. Odkryj nowe mo\u017cliwo\u015bci i spostrze\u017cenia dzi\u0119ki badaniom rynku bran\u017cy spo\u017cywczej i napoj\u00f3w.<\/p>","protected":false},"author":1,"featured_media":62621,"parent":14457,"menu_order":11,"comment_status":"closed","ping_status":"closed","template":"","meta":{"footnotes":""},"class_list":["post-22018","page","type-page","status-publish","has-post-thumbnail"],"_links":{"self":[{"href":"https:\/\/www.sisinternational.com\/pl\/wp-json\/wp\/v2\/pages\/22018","targetHints":{"allow":["GET"]}}],"collection":[{"href":"https:\/\/www.sisinternational.com\/pl\/wp-json\/wp\/v2\/pages"}],"about":[{"href":"https:\/\/www.sisinternational.com\/pl\/wp-json\/wp\/v2\/types\/page"}],"author":[{"embeddable":true,"href":"https:\/\/www.sisinternational.com\/pl\/wp-json\/wp\/v2\/users\/1"}],"replies":[{"embeddable":true,"href":"https:\/\/www.sisinternational.com\/pl\/wp-json\/wp\/v2\/comments?post=22018"}],"version-history":[{"count":12,"href":"https:\/\/www.sisinternational.com\/pl\/wp-json\/wp\/v2\/pages\/22018\/revisions"}],"predecessor-version":[{"id":79764,"href":"https:\/\/www.sisinternational.com\/pl\/wp-json\/wp\/v2\/pages\/22018\/revisions\/79764"}],"up":[{"embeddable":true,"href":"https:\/\/www.sisinternational.com\/pl\/wp-json\/wp\/v2\/pages\/14457"}],"wp:featuredmedia":[{"embeddable":true,"href":"https:\/\/www.sisinternational.com\/pl\/wp-json\/wp\/v2\/media\/62621"}],"wp:attachment":[{"href":"https:\/\/www.sisinternational.com\/pl\/wp-json\/wp\/v2\/media?parent=22018"}],"curies":[{"name":"wp","href":"https:\/\/api.w.org\/{rel}","templated":true}]}}