{"id":20239,"date":"2016-04-04T22:58:07","date_gmt":"2016-04-04T22:58:07","guid":{"rendered":"https:\/\/www.sisinternational.com\/?page_id=20239"},"modified":"2026-01-26T17:55:40","modified_gmt":"2026-01-26T22:55:40","slug":"millennials-generation-z-childrens-research","status":"publish","type":"page","link":"https:\/\/www.sisinternational.com\/pl\/publikacje\/millennials-generation-z-childrens-research\/","title":{"rendered":"Badania rynku generacji Z"},"content":{"rendered":"<h1 class=\"wp-block-heading\">Badania rynku generacji Z<\/h1>\n\n\n\n<figure class=\"gb-block-image gb-block-image-c10931c6\"><img loading=\"lazy\" decoding=\"async\" width=\"1024\" height=\"574\" class=\"gb-image gb-image-c10931c6\" src=\"https:\/\/www.sisinternational.com\/wp-content\/uploads\/2025\/08\/Generation-z-1-1024x574.jpg\" alt=\"SIS Mi\u0119dzynarodowe badania rynku i strategia\" title=\"Generation z (1)\" srcset=\"https:\/\/www.sisinternational.com\/wp-content\/uploads\/2025\/08\/Generation-z-1-1024x574.jpg 1024w, https:\/\/www.sisinternational.com\/wp-content\/uploads\/2025\/08\/Generation-z-1-300x168.jpg 300w, https:\/\/www.sisinternational.com\/wp-content\/uploads\/2025\/08\/Generation-z-1-768x430.jpg 768w, https:\/\/www.sisinternational.com\/wp-content\/uploads\/2025\/08\/Generation-z-1-18x10.jpg 18w, https:\/\/www.sisinternational.com\/wp-content\/uploads\/2025\/08\/Generation-z-1.jpg 1456w\" sizes=\"auto, (max-width: 1024px) 100vw, 1024px\"><\/figure>\n\n\n\n<p><\/p>\n\n\n\n<hr class=\"wp-block-separator has-alpha-channel-opacity is-style-dots\"\/>\n\n\n\n<h2 class=\"wp-block-heading\">What is Generation Z?<\/h2>\n\n\n\n<p>Generation Z is the generation following the Millennial generation born between 1995 and 2014.&nbsp; Key characteristics include significant adoption of digital technologies, openness to new ideas, and more pronounced changes in Consumer Behavior influenced by technology.<\/p>\n\n\n\n<h2 class=\"wp-block-heading\">Why is Generation Z Important?<\/h2>\n\n\n\n<p>In many countries, Gen Z is prosperous, digitally influential, open to new product offerings, and adept at technology.&nbsp; Reaching these consumers is important for companies to:<\/p>\n\n\n\n<ul class=\"wp-block-list\">\n<li>Develop and launch new products<\/li>\n\n\n\n<li>Modify existing products to be relevant<\/li>\n\n\n\n<li>Create new customer relationships with consumers of the present and future<\/li>\n\n\n\n<li>Understand ways to create emotional connections with consumers<\/li>\n\n\n\n<li>Uncover new insights for messaging and targeting<\/li>\n\n\n\n<li>Develop Omnichannel strategies<\/li>\n<\/ul>\n\n\n\n<p>Many countries experienced a population boom, providing growth to companies due to a large rising consumer population.&nbsp; In certain Emerging Markets, people part of Generation Z may be more prosperous and have larger disposable incomes than their parent generation.<\/p>\n\n\n\n<h2 class=\"wp-block-heading\">About Generation Z Market Research<\/h2>\n\n\n\n<p>During the past 25 years, children\u2019s research was mostly limited to Focus Groups, Dyads, Triads and One-on-One interviews. With the emergence of technology and Digital Disruption, <a href=\"https:\/\/www.sisinternational.com\/pl\/rozwiazania\/badania-rynku-i-doradztwo-strategiczne-w-zakresie-sztucznej-inteligencji\/generative-ai-market-research\/\" title=\"Generative AI Market Research\"  data-wpil-monitor-id=\"2033\">Generation Z<\/a> is a more complex group to research.<\/p>\n\n\n\n<p>First of all, Generation Z has technology at their finger tips.&nbsp; They grew up with Smart Phones, Tablets, Smart Tech Home Assistants, Laptops and a wide range of technology tools in their classrooms.&nbsp; They even have different social media usage and site preferences from Millennials.&nbsp; Their shopping habits have shifted online more than any other generation.<\/p>\n\n\n\n<p>Gen Z has a wider awareness of the environment around them, and of the products in their world. With their hand held devices, these children can make decisions, influence others rapidly, and navigate through a vast amount of information that was not available even to Millennials.<\/p>\n\n\n\n<p>We conduct the following research solutions to capture the thought processes of Generation Z:<\/p>\n\n\n\n<ul class=\"wp-block-list\">\n<li>In-depth interviews (One-on-One Interviews)<\/li>\n\n\n\n<li>Usability Testing (UX): researching engagement of websites, products and user interfaces<\/li>\n\n\n\n<li>Ethnography and Shop-alongs<\/li>\n\n\n\n<li>Spo\u0142eczno\u015bci wgl\u0105du online<\/li>\n\n\n\n<li>Grupy fokusowe online<\/li>\n\n\n\n<li>Mobilna etnografia<\/li>\n\n\n\n<li>Sensory and Mood Research<\/li>\n\n\n\n<li>Mobile and Video Ethnography<\/li>\n\n\n\n<li>Ankiety internetowe<\/li>\n<\/ul>\n\n\n\n<p>In addition, statistical methods can be applied to children\u2019s <a href=\"https:\/\/www.sisinternational.com\/pl\/publikacje\/generation-alpha-market-research\/\" title=\"Badania rynku generacji Alpha\"  data-wpil-monitor-id=\"6664\">research data to generate<\/a> insights into their decision-making process.<\/p>\n\n\n<h2>Lokalizacja naszego obiektu w Nowym Jorku<\/h2>\n<p><!-- \/wp:post-content --> <!-- wp:html --> <iframe loading=\"lazy\" src=\"https:\/\/www.google.com\/maps\/embed?pb=!1m18!1m12!1m3!1d3022.976188376966!2d-73.99130312499956!3d40.740549471389315!2m3!1f0!2f0!3f0!3m2!1i1024!2i768!4f13.1!3m3!1m2!1s0x89c259a15798c731%3A0xd695d09bdd495f25!2s11%20E%2022nd%20St%20FL%202%2C%20New%20York%2C%20NY%2010010%2C%20USA!5e0!3m2!1sen!2spe!4v1726171763526!5m2!1sen!2spe\" width=\"600\" height=\"450\" allowfullscreen=\"allowfullscreen\" data-mce-fragment=\"1\"><\/iframe> <!-- \/wp:html --> <!-- wp:paragraph --><\/p>\n<h3 class=\"wp-block-heading\">11 E 22nd Street, pi\u0119tro 2, Nowy Jork, NY 10010 T: +1(212) 505-6805<\/h3>\n<hr \/>\n<h2><span style=\"font-weight: 400;\">O firmie SIS International<\/span><\/h2>\n<p><a href=\"https:\/\/www.sisinternational.com\/pl\/\"><span style=\"font-weight: 400;\">SIS Mi\u0119dzynarodowy<\/span><\/a><span style=\"font-weight: 400;\"> oferuje badania ilo\u015bciowe, jako\u015bciowe i strategiczne. Dostarczamy dane, narz\u0119dzia, strategie, raporty i spostrze\u017cenia do podejmowania decyzji. Prowadzimy r\u00f3wnie\u017c wywiady, ankiety, grupy fokusowe i inne metody i podej\u015bcia do bada\u0144 rynku.<\/span><a href=\"https:\/\/www.sisinternational.com\/pl\/o-moich-miedzynarodowych-badaniach\/contact-sis-international-market-research\/\"><span style=\"font-weight: 400;\"> Skontaktuj si\u0119 z nami<\/span><\/a><span style=\"font-weight: 400;\"> dla Twojego kolejnego projektu badania rynku.<\/span><\/p>\n<p><!-- wp:heading {\"align\":\"center\"} --><\/p>\n<h2 class=\"wp-block-heading\">&nbsp;<\/h2>\n<p><!-- \/wp:heading --><\/p>","protected":false},"excerpt":{"rendered":"<p>Polecamy niekt\u00f3re z poni\u017cszych metod badawczych, aby uchwyci\u0107 proces my\u015blowy pokolenia Z<\/p>","protected":false},"author":1,"featured_media":65018,"parent":20148,"menu_order":5,"comment_status":"closed","ping_status":"closed","template":"","meta":{"footnotes":""},"class_list":["post-20239","page","type-page","status-publish","has-post-thumbnail"],"_links":{"self":[{"href":"https:\/\/www.sisinternational.com\/pl\/wp-json\/wp\/v2\/pages\/20239","targetHints":{"allow":["GET"]}}],"collection":[{"href":"https:\/\/www.sisinternational.com\/pl\/wp-json\/wp\/v2\/pages"}],"about":[{"href":"https:\/\/www.sisinternational.com\/pl\/wp-json\/wp\/v2\/types\/page"}],"author":[{"embeddable":true,"href":"https:\/\/www.sisinternational.com\/pl\/wp-json\/wp\/v2\/users\/1"}],"replies":[{"embeddable":true,"href":"https:\/\/www.sisinternational.com\/pl\/wp-json\/wp\/v2\/comments?post=20239"}],"version-history":[{"count":6,"href":"https:\/\/www.sisinternational.com\/pl\/wp-json\/wp\/v2\/pages\/20239\/revisions"}],"predecessor-version":[{"id":80244,"href":"https:\/\/www.sisinternational.com\/pl\/wp-json\/wp\/v2\/pages\/20239\/revisions\/80244"}],"up":[{"embeddable":true,"href":"https:\/\/www.sisinternational.com\/pl\/wp-json\/wp\/v2\/pages\/20148"}],"wp:featuredmedia":[{"embeddable":true,"href":"https:\/\/www.sisinternational.com\/pl\/wp-json\/wp\/v2\/media\/65018"}],"wp:attachment":[{"href":"https:\/\/www.sisinternational.com\/pl\/wp-json\/wp\/v2\/media?parent=20239"}],"curies":[{"name":"wp","href":"https:\/\/api.w.org\/{rel}","templated":true}]}}