{"id":19210,"date":"2015-10-27T05:44:15","date_gmt":"2015-10-27T05:44:15","guid":{"rendered":"https:\/\/www.sisinternational.com\/?page_id=19210"},"modified":"2026-01-24T21:08:42","modified_gmt":"2026-01-25T02:08:42","slug":"badania-rynku-produktow-do-pielegnacji-osobistej","status":"publish","type":"page","link":"https:\/\/www.sisinternational.com\/pl\/ekspertyza\/cv-z-doswiadczeniem\/badania-rynku-produktow-do-pielegnacji-osobistej\/","title":{"rendered":"Badania rynku produkt\u00f3w do piel\u0119gnacji osobistej"},"content":{"rendered":"<h1 class=\"wp-block-heading\">Badania rynku produkt\u00f3w do piel\u0119gnacji osobistej<\/h1>\n\n\n\n<figure class=\"gb-block-image gb-block-image-87c99cc3\"><img loading=\"lazy\" decoding=\"async\" width=\"1456\" height=\"816\" class=\"gb-image gb-image-87c99cc3\" src=\"https:\/\/www.sisinternational.com\/wp-content\/uploads\/2025\/08\/Personal-care-18.jpg\" alt=\"SIS Mi\u0119dzynarodowe badania rynku i strategia\" title=\"Personal care (18)\" srcset=\"https:\/\/www.sisinternational.com\/wp-content\/uploads\/2025\/08\/Personal-care-18.jpg 1456w, https:\/\/www.sisinternational.com\/wp-content\/uploads\/2025\/08\/Personal-care-18-300x168.jpg 300w, https:\/\/www.sisinternational.com\/wp-content\/uploads\/2025\/08\/Personal-care-18-1024x574.jpg 1024w, https:\/\/www.sisinternational.com\/wp-content\/uploads\/2025\/08\/Personal-care-18-768x430.jpg 768w, https:\/\/www.sisinternational.com\/wp-content\/uploads\/2025\/08\/Personal-care-18-18x10.jpg 18w\" sizes=\"auto, (max-width: 1456px) 100vw, 1456px\"><\/figure>\n\n\n\n<p><\/p>\n\n\n\n<p>SIS is a leading Market Research and Strategy Consulting company.\u00a0 We have over 40+ years of experience in the Personal Care Product market.\u00a0 The following is a selection of our past project experience<\/p>\n\n\n\n<h2 class=\"wp-block-heading\">Piel\u0119gnacja w\u0142os\u00f3w<\/h2>\n\n\n\n<ul class=\"wp-block-list\">\n<li>Przeprowadzono badania fokusowe w USA z udzia\u0142em fryzjer\u00f3w, aby pozna\u0107 ich nastawienie do nowego produktu wybielaj\u0105cego.<\/li>\n\n\n\n<li>Badania \u015bledz\u0105ce konkurencj\u0119 w celu identyfikacji nowych produkt\u00f3w.<\/li>\n\n\n\n<li>Badanie ilo\u015bciowe przeprowadzone w\u015br\u00f3d konsument\u00f3w w USA w celu okre\u015blenia ich stosunku do nowych produkt\u00f3w do piel\u0119gnacji w\u0142os\u00f3w.<\/li>\n<\/ul>\n\n\n\n<h2 class=\"wp-block-heading\">Piel\u0119gnacja sk\u00f3ry<\/h2>\n\n\n\n<ul class=\"wp-block-list\">\n<li>Przeprowadzono badanie przechwytuj\u0105ce produkty w centrum handlowym, aby pozna\u0107 stosunek konsument\u00f3w do nowych produkt\u00f3w do piel\u0119gnacji sk\u00f3ry.<\/li>\n\n\n\n<li>Conducted <a href=\"https:\/\/www.sisinternational.com\/pl\/ekspertyza\/branze\/wound-care-market-research\/\" title=\"Badania rynku opieki nad ranami\"  data-wpil-monitor-id=\"3178\">market entry study for skin care<\/a> products in China.<\/li>\n\n\n\n<li>Conducted in-depth interviews of skin care product users (women and men) who were interested in organic products, <a href=\"https:\/\/www.sisinternational.com\/pl\/mystery-shopping-for-luxury-products\/\" title=\"Mystery Shopping for Luxury Products\"  data-wpil-monitor-id=\"1278\">luxury beauty products<\/a>, a sustainable lifestyle, and who were environmentally conscious.<\/li>\n\n\n\n<li>Study created for the development and launch of a high-end skin <a href=\"https:\/\/www.sisinternational.com\/pl\/rozwiazania\/grupy-fokusowe\/focus-group-on-personal-care-products\/\" title=\"Focus Group on Personal Care Products\"  data-wpil-monitor-id=\"891\">care product line with a focus<\/a> on understanding the target\u2019s attitudes and developing product concepts.<\/li>\n\n\n\n<li>Przeprowadzono 11-dniowe testy produktu z wykorzystaniem kremu pod oczy, w celu uzyskania opinii konsument\u00f3w<\/li>\n<\/ul>\n\n\n\n<h2 class=\"wp-block-heading\">Piel\u0119gnacja jamy ustnej<\/h2>\n\n\n\n<ul class=\"wp-block-list\">\n<li>Przeprowadzono badania monitoruj\u0105ce nowe produkty do piel\u0119gnacji jamy ustnej.<\/li>\n\n\n\n<li>Przeprowadzono grupy fokusowe na temat nowej szczoteczki do z\u0119b\u00f3w w USA.<\/li>\n\n\n\n<li>Badania dystrybutora szczoteczek do z\u0119b\u00f3w w USA dla firmy azjatyckiej.<\/li>\n<\/ul>\n\n\n\n<h2 class=\"wp-block-heading\">Opieka okulistyczna<\/h2>\n\n\n\n<ul class=\"wp-block-list\">\n<li>Kilka analiz rynku soczewek kontaktowych w Europie.<\/li>\n\n\n\n<li>Przeprowadzono grupy fokusowe dla konsument\u00f3w w Europie, poszukuj\u0105cych twardych i mi\u0119kkich soczewek kontaktowych.<\/li>\n\n\n\n<li>In-depth analysis of a Vision Care laboratory in the US.<\/li>\n\n\n\n<li>Przeprowadzono badanie konkurencyjno\u015bci dotycz\u0105ce konkurent\u00f3w na rynku soczewek kontaktowych i p\u0142yn\u00f3w do soczewek kontaktowych.<\/li>\n<\/ul>\n\n\n\n<h2 class=\"wp-block-heading\">Perfumy<\/h2>\n\n\n\n<p>Przeprowadzono grupy fokusowe w celu testowania zapach\u00f3w (badanie zmys\u0142owo\u015bci perfum).<\/p>\n\n\n\n<h2 class=\"wp-block-heading\">Przyk\u0142ady obecnych i by\u0142ych klient\u00f3w:<\/h2>\n\n\n\n<ul class=\"wp-block-list\">\n<li>Avon<\/li>\n\n\n\n<li>Bausch&amp;Lomb<\/li>\n\n\n\n<li>Colgate Palmolive<\/li>\n\n\n\n<li>Z\u0142oto<\/li>\n\n\n\n<li>Estee Lauder<\/li>\n\n\n\n<li>Bracia Lever<\/li>\n\n\n\n<li>Wiosna<\/li>\n\n\n\n<li>Procter &amp; Gamble<\/li>\n\n\n\n<li>Revlon<\/li>\n\n\n\n<li>Shiseido<\/li>\n\n\n\n<li>Firmenich International Fine Fragrance Center<\/li>\n<\/ul>\n\n\n\n<p><\/p>","protected":false},"excerpt":{"rendered":"<p>Badania rynku produkt\u00f3w do piel\u0119gnacji osobistej: podsumowanie do\u015bwiadczenia<\/p>","protected":false},"author":1,"featured_media":62490,"parent":15106,"menu_order":11,"comment_status":"closed","ping_status":"closed","template":"","meta":{"footnotes":""},"class_list":["post-19210","page","type-page","status-publish","has-post-thumbnail"],"_links":{"self":[{"href":"https:\/\/www.sisinternational.com\/pl\/wp-json\/wp\/v2\/pages\/19210","targetHints":{"allow":["GET"]}}],"collection":[{"href":"https:\/\/www.sisinternational.com\/pl\/wp-json\/wp\/v2\/pages"}],"about":[{"href":"https:\/\/www.sisinternational.com\/pl\/wp-json\/wp\/v2\/types\/page"}],"author":[{"embeddable":true,"href":"https:\/\/www.sisinternational.com\/pl\/wp-json\/wp\/v2\/users\/1"}],"replies":[{"embeddable":true,"href":"https:\/\/www.sisinternational.com\/pl\/wp-json\/wp\/v2\/comments?post=19210"}],"version-history":[{"count":6,"href":"https:\/\/www.sisinternational.com\/pl\/wp-json\/wp\/v2\/pages\/19210\/revisions"}],"predecessor-version":[{"id":77467,"href":"https:\/\/www.sisinternational.com\/pl\/wp-json\/wp\/v2\/pages\/19210\/revisions\/77467"}],"up":[{"embeddable":true,"href":"https:\/\/www.sisinternational.com\/pl\/wp-json\/wp\/v2\/pages\/15106"}],"wp:featuredmedia":[{"embeddable":true,"href":"https:\/\/www.sisinternational.com\/pl\/wp-json\/wp\/v2\/media\/62490"}],"wp:attachment":[{"href":"https:\/\/www.sisinternational.com\/pl\/wp-json\/wp\/v2\/media?parent=19210"}],"curies":[{"name":"wp","href":"https:\/\/api.w.org\/{rel}","templated":true}]}}