{"id":19200,"date":"2015-10-27T03:55:01","date_gmt":"2015-10-27T03:55:01","guid":{"rendered":"https:\/\/www.sisinternational.com\/?page_id=19200"},"modified":"2026-01-26T18:32:20","modified_gmt":"2026-01-26T23:32:20","slug":"cv-z-doswiadczeniem-w-zakresie-urzadzen-i-produktow-gospodarstwa-domowego","status":"publish","type":"page","link":"https:\/\/www.sisinternational.com\/pl\/ekspertyza\/cv-z-doswiadczeniem\/cv-z-doswiadczeniem-w-zakresie-urzadzen-i-produktow-gospodarstwa-domowego\/","title":{"rendered":"Do\u015bwiadczenie w badaniach rynku urz\u0105dze\u0144 gospodarstwa domowego"},"content":{"rendered":"<h1 class=\"wp-block-heading\">Do\u015bwiadczenie w badaniach rynku urz\u0105dze\u0144 gospodarstwa domowego<\/h1>\n\n\n\n<figure class=\"gb-block-image gb-block-image-4d683a22\"><img loading=\"lazy\" decoding=\"async\" width=\"1456\" height=\"816\" class=\"gb-image gb-image-4d683a22\" src=\"https:\/\/www.sisinternational.com\/wp-content\/uploads\/2025\/08\/Vacuum-4.jpg\" alt=\"SIS Mi\u0119dzynarodowe badania rynku i strategia\" title=\"Vacuum (4)\" srcset=\"https:\/\/www.sisinternational.com\/wp-content\/uploads\/2025\/08\/Vacuum-4.jpg 1456w, https:\/\/www.sisinternational.com\/wp-content\/uploads\/2025\/08\/Vacuum-4-300x168.jpg 300w, https:\/\/www.sisinternational.com\/wp-content\/uploads\/2025\/08\/Vacuum-4-1024x574.jpg 1024w, https:\/\/www.sisinternational.com\/wp-content\/uploads\/2025\/08\/Vacuum-4-768x430.jpg 768w, https:\/\/www.sisinternational.com\/wp-content\/uploads\/2025\/08\/Vacuum-4-18x10.jpg 18w\" sizes=\"auto, (max-width: 1456px) 100vw, 1456px\"><\/figure>\n\n\n\n<p><\/p>\n\n\n\n<ul class=\"wp-block-list\">\n<li>Bie\u017c\u0105ce monitorowanie konkurencji dla producenta i dystrybutora szerokiej gamy artyku\u0142\u00f3w gospodarstwa domowego.<\/li>\n\n\n\n<li>Przeprowadzono wywiady i z\u0142o\u017cono wizyty domowe u niedawnych nabywc\u00f3w odkurzaczy bezworkowych w USA.<\/li>\n\n\n\n<li>Badania i rozw\u00f3j nowych pomys\u0142\u00f3w na produkty do kuchni i \u0142azienek<\/li>\n\n\n\n<li>Badania rynku i konkurencji dotycz\u0105ce trend\u00f3w w remontach i dekorowaniu dom\u00f3w.<\/li>\n\n\n\n<li>Analiza rynku ro\u015blin domowych.<\/li>\n\n\n\n<li><a href=\"https:\/\/www.sisinternational.com\/pl\/ekspertyza\/branze\/badania-rynku-ukladow-elektronicznych\/\" title=\"Badania rynku uk\u0142ad\u00f3w elektronicznych\"  data-wpil-monitor-id=\"6919\">Market feasibility study for household electronic<\/a> air fresheners and insecticides in Germany and Brazil.<\/li>\n\n\n\n<li>Grupy fokusowe dla konsument\u00f3w w Wielkiej Brytanii, Francji i Niemczech na temat ich stosunku do nowej generacji blender\u00f3w.<\/li>\n\n\n\n<li><a href=\"https:\/\/www.sisinternational.com\/pl\/ekspertyza\/branze\/home-appliance-market-research\/\" title=\"Badania rynku urz\u0105dze\u0144 gospodarstwa domowego\"  data-wpil-monitor-id=\"6594\">Market study in the US for home<\/a> furnishings.<\/li>\n\n\n\n<li>Badanie rynku podk\u0142adek pod talerze w USA.<\/li>\n\n\n\n<li>Przeprowadzono przechwytywanie korespondencji na potrzeby badania dotycz\u0105cego klimatyzator\u00f3w i osuszaczy powietrza w USA.<\/li>\n\n\n\n<li>Conducted a coffee maker market study in Japan, Germany, Spain, and the UK.<\/li>\n\n\n\n<li>Przeprowadzono badanie dotycz\u0105ce sztu\u0107c\u00f3w w Europie, Azji i Ameryce \u0141aci\u0144skiej.<\/li>\n\n\n\n<li>Conducted a study for a home security system company<\/li>\n\n\n\n<li><a href=\"https:\/\/www.sisinternational.com\/pl\/zasieg\/ameryka\/badania-rynku-na-karaibach\/badania-rynku-bahamy\/\" title=\"Badania rynku na Bahamach\"  data-wpil-monitor-id=\"4180\">Market Quantitative research<\/a> study on 100 cutlery customers as well as 100 non-customers in Korea to evaluate the expansion of a US company.<\/li>\n\n\n\n<li>Badanie rynku klimatyzator\u00f3w w Korei.<\/li>\n\n\n\n<li>Conducted triad focus groups to test positioning statements for a cutlery study in Korea.<\/li>\n\n\n\n<li>Badanie rynku maj\u0105ce na celu zebranie opinii klient\u00f3w z wy\u017cszej p\u00f3\u0142ki na temat wygl\u0105du i wzornictwa r\u00f3\u017cnych urz\u0105dze\u0144 elektronicznych domowych.<\/li>\n\n\n\n<li>Przeprowadzono badanie rynku w celu uzyskania informacji na temat opracowywania nowych koncepcji i generowania pomys\u0142\u00f3w na lod\u00f3wki.<\/li>\n\n\n\n<li>Przeprowadzono wizyty domowe u os\u00f3b posiadaj\u0105cych pralki \u0142adowane od przodu i lod\u00f3wki typu French-door<\/li>\n\n\n\n<li>Market potential study for garbage disposals in Russia using in-depth interviews with wholesalers.<\/li>\n\n\n\n<li>Przeprowadzono badanie trend\u00f3w rynkowych i reakcji rynku w odniesieniu do produkt\u00f3w gospodarstwa domowego, takich jak naturalne \u015brodki owadob\u00f3jcze i materia\u0142y malarskie.<\/li>\n\n\n\n<li>Conducted in-depth interviews to assess consumer brand awareness for a home furniture firm.<\/li>\n\n\n\n<li>Przeprowadzono badanie dotycz\u0105ce stosunku rosyjskich konsument\u00f3w do produkt\u00f3w i marek zajmuj\u0105cych si\u0119 utylizacj\u0105 odpad\u00f3w.<\/li>\n\n\n\n<li>Przeprowadzono badanie \u015bwiadomo\u015bci marki na rynku meblowym w Ameryce P\u00f3\u0142nocnej.<\/li>\n\n\n\n<li>Przeprowadzono grupy fokusowe na temat potrzeb konsument\u00f3w i ich zadowolenia z lod\u00f3wek klasy premium.<\/li>\n\n\n\n<li>Conducted desk <a href=\"https:\/\/www.sisinternational.com\/pl\/zasieg\/europa\/market-research-san-marino-europe\/\" title=\"Badania rynku w San Marino, Europa\"  data-wpil-monitor-id=\"4206\">research on market<\/a> trends and major competitor trends, in-depth interviews, and focus groups for a market entry of a towel manufacturer.<\/li>\n\n\n\n<li>Przeprowadzono badania terenowe dotycz\u0105ce mikrofal OTR.<\/li>\n\n\n\n<li>Przeprowadzono badania w\u015br\u00f3d gang\u00f3w w celu przygotowania si\u0119 do wprowadzenia pralki na rynek Ameryki P\u00f3\u0142nocnej.<\/li>\n\n\n\n<li>Przeprowadzono badanie reakcji rynku na lod\u00f3wki<\/li>\n\n\n\n<li>Conducted research study for the absorption chiller-heater study<\/li>\n\n\n\n<li>Przeprowadzono badanie dotycz\u0105ce ameryka\u0144skiego stylu \u017cycia i odkurzaczy<\/li>\n\n\n\n<li>Conducted a Refrigerator <a class=\"wpil_keyword_link\" href=\"https:\/\/www.sisinternational.com\/pl\/zasieg\/ameryka\/zasieg-usa\/focus-group-in-new-york\/\"   title=\"Focus Group in New York\" data-wpil-keyword-link=\"linked\"  data-wpil-monitor-id=\"783\">focus group in New York<\/a><\/li>\n\n\n\n<li>Przeprowadzono badanie pralek<\/li>\n\n\n\n<li>Badanie potencja\u0142u rynkowego niszczarek domowych<\/li>\n\n\n\n<li>Przeprowadzono badanie projektu wbudowanego sprz\u0119tu AGD w kuchni<\/li>\n<\/ul>\n\n\n\n<h2 class=\"wp-block-heading\">Przyk\u0142ad klient\u00f3w z bran\u017cy AGD<\/h2>\n\n\n\n<ul class=\"wp-block-list\">\n<li>Wycina\u0107<\/li>\n\n\n\n<li>EC21<\/li>\n\n\n\n<li>\u00c9kornes<\/li>\n\n\n\n<li>GfK AG<\/li>\n\n\n\n<li>Elektronika LG<\/li>\n\n\n\n<li>Bezstresowy<\/li>\n\n\n\n<li>SAMSUNG<\/li>\n<\/ul>\n\n\n\n<p><\/p>","protected":false},"excerpt":{"rendered":"<p>Wybrane do\u015bwiadczenie w bran\u017cy AGD i produkt\u00f3w gospodarstwa domowego<\/p>","protected":false},"author":1,"featured_media":63615,"parent":15106,"menu_order":9,"comment_status":"closed","ping_status":"closed","template":"","meta":{"footnotes":""},"class_list":["post-19200","page","type-page","status-publish","has-post-thumbnail"],"_links":{"self":[{"href":"https:\/\/www.sisinternational.com\/pl\/wp-json\/wp\/v2\/pages\/19200","targetHints":{"allow":["GET"]}}],"collection":[{"href":"https:\/\/www.sisinternational.com\/pl\/wp-json\/wp\/v2\/pages"}],"about":[{"href":"https:\/\/www.sisinternational.com\/pl\/wp-json\/wp\/v2\/types\/page"}],"author":[{"embeddable":true,"href":"https:\/\/www.sisinternational.com\/pl\/wp-json\/wp\/v2\/users\/1"}],"replies":[{"embeddable":true,"href":"https:\/\/www.sisinternational.com\/pl\/wp-json\/wp\/v2\/comments?post=19200"}],"version-history":[{"count":8,"href":"https:\/\/www.sisinternational.com\/pl\/wp-json\/wp\/v2\/pages\/19200\/revisions"}],"predecessor-version":[{"id":80488,"href":"https:\/\/www.sisinternational.com\/pl\/wp-json\/wp\/v2\/pages\/19200\/revisions\/80488"}],"up":[{"embeddable":true,"href":"https:\/\/www.sisinternational.com\/pl\/wp-json\/wp\/v2\/pages\/15106"}],"wp:featuredmedia":[{"embeddable":true,"href":"https:\/\/www.sisinternational.com\/pl\/wp-json\/wp\/v2\/media\/63615"}],"wp:attachment":[{"href":"https:\/\/www.sisinternational.com\/pl\/wp-json\/wp\/v2\/media?parent=19200"}],"curies":[{"name":"wp","href":"https:\/\/api.w.org\/{rel}","templated":true}]}}