{"id":19191,"date":"2015-10-26T22:44:34","date_gmt":"2015-10-26T22:44:34","guid":{"rendered":"https:\/\/www.sisinternational.com\/?page_id=19191"},"modified":"2026-01-26T17:10:34","modified_gmt":"2026-01-26T22:10:34","slug":"cv-z-doswiadczeniem-w-branzy-napojow-typu-fast-food","status":"publish","type":"page","link":"https:\/\/www.sisinternational.com\/pl\/ekspertyza\/cv-z-doswiadczeniem\/cv-z-doswiadczeniem-w-branzy-napojow-typu-fast-food\/","title":{"rendered":"Do\u015bwiadczenie w badaniach rynku fast food i napoj\u00f3w"},"content":{"rendered":"<h1 class=\"wp-block-heading\">Do\u015bwiadczenie w badaniach rynku fast food i napoj\u00f3w<\/h1>\n\n\n\n<figure class=\"gb-block-image gb-block-image-f1a38a83\"><img loading=\"lazy\" decoding=\"async\" width=\"1456\" height=\"816\" class=\"gb-image gb-image-f1a38a83\" src=\"https:\/\/www.sisinternational.com\/wp-content\/uploads\/2025\/08\/Food-taste-testing-17.jpg\" alt=\"SIS Mi\u0119dzynarodowe badania rynku i strategia\" title=\"Food taste testing (17)\" srcset=\"https:\/\/www.sisinternational.com\/wp-content\/uploads\/2025\/08\/Food-taste-testing-17.jpg 1456w, https:\/\/www.sisinternational.com\/wp-content\/uploads\/2025\/08\/Food-taste-testing-17-300x168.jpg 300w, https:\/\/www.sisinternational.com\/wp-content\/uploads\/2025\/08\/Food-taste-testing-17-1024x574.jpg 1024w, https:\/\/www.sisinternational.com\/wp-content\/uploads\/2025\/08\/Food-taste-testing-17-768x430.jpg 768w, https:\/\/www.sisinternational.com\/wp-content\/uploads\/2025\/08\/Food-taste-testing-17-18x10.jpg 18w\" sizes=\"auto, (max-width: 1456px) 100vw, 1456px\"><\/figure>\n\n\n\n<p><\/p>\n\n\n\n<h2 class=\"wp-block-heading\">SIS jest wiod\u0105c\u0105 firm\u0105 bada\u0144 rynku. Poznaj nasze dotychczasowe do\u015bwiadczenia.<\/h2>\n\n\n\n<ul class=\"wp-block-list\">\n<li>Przeprowadzono dwie grupy fokusowe w celu przetestowania serii kanapek \u015bniadaniowych.<\/li>\n\n\n\n<li>Conducted a global menu change study in over 14 countries covering Western, Central, and Eastern Europe, Asia and Latin America<\/li>\n\n\n\n<li>Przeprowadzono studium wykonalno\u015bci rynkowej dla lokalizacji w wybranych krajach Azji i Bliskiego Wschodu<\/li>\n\n\n\n<li>Conducted a site location study in Greece, Jakarta, Indonesia, and Manila, Philippines for the potential for fast food outlets<\/li>\n\n\n\n<li>Przeprowadzono badanie wywiadu konkurencyjnego dla sieci fast food w Meksyku<\/li>\n\n\n\n<li>Przeprowadzono kilka bada\u0144 wyboru lokalizacji dla sieci fast food w Meksyku<\/li>\n\n\n\n<li>Przeprowadzono przechwytywanie klient\u00f3w w lokalach Burger King w celu okre\u015blenia ich poziomu zadowolenia z obs\u0142ugi w konkretnych lokalizacjach w stanie Indiana<\/li>\n\n\n\n<li>Przeprowadzono grupy fokusowe z dzie\u0107mi w celu okre\u015blenia materia\u0142\u00f3w promocyjnych dla sieci fast food<\/li>\n\n\n\n<li>Przeprowadzono badanie dotycz\u0105ce wydatk\u00f3w na technologie informatyczne w bran\u017cy spo\u017cywczej i fast food<\/li>\n\n\n\n<li>Conducted focus groups in the Middle East to determine menu changes for a fast food firm<\/li>\n\n\n\n<li>Przeprowadzono grupy fokusowe w ponad 14 krajach w celu okre\u015blenia globalnej kampanii reklamowej<\/li>\n\n\n\n<li><a href=\"https:\/\/www.sisinternational.com\/pl\/ekspertyza\/branze\/badania-rynku-przekasek\/\" title=\"Badania rynku przek\u0105sek\"  data-wpil-monitor-id=\"6441\">Snack food desk research<\/a> badanie<\/li>\n\n\n\n<li>Przeprowadzono grup\u0119 fokusow\u0105 dla konsument\u00f3w koktajli w Los Angeles i Nowym Jorku<\/li>\n\n\n\n<li>Conducted a qualitative study testing new menu concepts for <a href=\"https:\/\/www.sisinternational.com\/pl\/ekspertyza\/branze\/fast-food-franchise-market-research\/\" title=\"Badania rynku franczyz fast food\"  data-wpil-monitor-id=\"3985\">fast food in three different markets<\/a><\/li>\n\n\n\n<li>Conducted a research project on crisp\/chips and focused on brand positioning and brand lines.<\/li>\n\n\n\n<li>Przeprowadzono badanie dotycz\u0105ce du\u0144skiego sera<\/li>\n\n\n\n<li>Conducted a <a href=\"https:\/\/www.sisinternational.com\/pl\/zasieg\/ameryka\/badania-rynku-na-karaibach\/badania-rynku-bahamy\/\" title=\"Badania rynku na Bahamach\"  data-wpil-monitor-id=\"4187\">research study regarding the chewing gum market<\/a><\/li>\n\n\n\n<li>Conducted a focus group with Russian immigrants in the U.S. regarding soft drinks<\/li>\n\n\n\n<li>Conducted a research study to find out the success of Korean Food Fairs<\/li>\n\n\n\n<li>Przeprowadzono badanie ilo\u015bciowe w celu zrozumienia zadowolenia i ch\u0119ci zakupu g\u0142\u00f3wnej marki kawy<\/li>\n<\/ul>\n\n\n\n<h2 class=\"wp-block-heading\">Pr\u00f3bkowanie obecnych i by\u0142ych klient\u00f3w w naszym do\u015bwiadczeniu w badaniach rynku fast food i napoj\u00f3w<\/h2>\n\n\n\n<ul class=\"wp-block-list\">\n<li>Burger King<\/li>\n\n\n\n<li>Restauracje Carlson<\/li>\n\n\n\n<li>Sma\u017cony kurczak Kentucky<\/li>\n\n\n\n<li>McDonald\u2019s<\/li>\n\n\n\n<li>Pi\u0105tki TGI<\/li>\n\n\n\n<li>Wendy\u2019s<\/li>\n\n\n\n<li>Bia\u0142y Zamek<\/li>\n\n\n\n<li>Firma Amitt<\/li>\n\n\n\n<li>Lavazza<\/li>\n<\/ul>\n\n\n\n<p><\/p>","protected":false},"excerpt":{"rendered":"<p>SIS jest wiod\u0105c\u0105 globaln\u0105 firm\u0105 zajmuj\u0105c\u0105 si\u0119 badaniami rynku i konsultingiem strategicznym. Poznaj nasze do\u015bwiadczenie w zakresie bada\u0144 rynku fast food i napoj\u00f3w.<\/p>","protected":false},"author":1,"featured_media":64693,"parent":15106,"menu_order":7,"comment_status":"closed","ping_status":"closed","template":"","meta":{"footnotes":""},"class_list":["post-19191","page","type-page","status-publish","has-post-thumbnail"],"_links":{"self":[{"href":"https:\/\/www.sisinternational.com\/pl\/wp-json\/wp\/v2\/pages\/19191","targetHints":{"allow":["GET"]}}],"collection":[{"href":"https:\/\/www.sisinternational.com\/pl\/wp-json\/wp\/v2\/pages"}],"about":[{"href":"https:\/\/www.sisinternational.com\/pl\/wp-json\/wp\/v2\/types\/page"}],"author":[{"embeddable":true,"href":"https:\/\/www.sisinternational.com\/pl\/wp-json\/wp\/v2\/users\/1"}],"replies":[{"embeddable":true,"href":"https:\/\/www.sisinternational.com\/pl\/wp-json\/wp\/v2\/comments?post=19191"}],"version-history":[{"count":9,"href":"https:\/\/www.sisinternational.com\/pl\/wp-json\/wp\/v2\/pages\/19191\/revisions"}],"predecessor-version":[{"id":80024,"href":"https:\/\/www.sisinternational.com\/pl\/wp-json\/wp\/v2\/pages\/19191\/revisions\/80024"}],"up":[{"embeddable":true,"href":"https:\/\/www.sisinternational.com\/pl\/wp-json\/wp\/v2\/pages\/15106"}],"wp:featuredmedia":[{"embeddable":true,"href":"https:\/\/www.sisinternational.com\/pl\/wp-json\/wp\/v2\/media\/64693"}],"wp:attachment":[{"href":"https:\/\/www.sisinternational.com\/pl\/wp-json\/wp\/v2\/media?parent=19191"}],"curies":[{"name":"wp","href":"https:\/\/api.w.org\/{rel}","templated":true}]}}