{"id":19184,"date":"2015-10-26T20:54:09","date_gmt":"2015-10-26T20:54:09","guid":{"rendered":"https:\/\/www.sisinternational.com\/?page_id=19184"},"modified":"2025-09-16T17:31:44","modified_gmt":"2025-09-16T21:31:44","slug":"cv-ze-stazem-w-zakresie-studiow-etnograficznych","status":"publish","type":"page","link":"https:\/\/www.sisinternational.com\/pl\/ekspertyza\/cv-z-doswiadczeniem\/cv-ze-stazem-w-zakresie-studiow-etnograficznych\/","title":{"rendered":"Do\u015bwiadczenie w badaniach rynku etnograficznego"},"content":{"rendered":"<h1 class=\"wp-block-heading\">Do\u015bwiadczenie w badaniach rynku etnograficznego<\/h1>\n\n\n\n<figure class=\"gb-block-image gb-block-image-3c4b090e\"><img loading=\"lazy\" decoding=\"async\" width=\"1456\" height=\"816\" class=\"gb-image gb-image-3c4b090e\" src=\"https:\/\/www.sisinternational.com\/wp-content\/uploads\/2025\/09\/Nordic-market-research-4.jpg\" alt=\"SIS Mi\u0119dzynarodowe badania rynku i strategia\" title=\"Nordic market research (4)\" srcset=\"https:\/\/www.sisinternational.com\/wp-content\/uploads\/2025\/09\/Nordic-market-research-4.jpg 1456w, https:\/\/www.sisinternational.com\/wp-content\/uploads\/2025\/09\/Nordic-market-research-4-300x168.jpg 300w, https:\/\/www.sisinternational.com\/wp-content\/uploads\/2025\/09\/Nordic-market-research-4-1024x574.jpg 1024w, https:\/\/www.sisinternational.com\/wp-content\/uploads\/2025\/09\/Nordic-market-research-4-768x430.jpg 768w, https:\/\/www.sisinternational.com\/wp-content\/uploads\/2025\/09\/Nordic-market-research-4-18x10.jpg 18w\" sizes=\"auto, (max-width: 1456px) 100vw, 1456px\"><\/figure>\n\n\n\n<p><\/p>\n\n\n\n<ul class=\"wp-block-list\">\n<li>Przeprowadzono dziesi\u0105tki bada\u0144 konsumenckich w zakresie sprz\u0119tu elektronicznego i AGD na obszarze metropolitalnym Nowego Jorku.<\/li>\n\n\n\n<li>Rekrutowano osoby na stanowiska kierownicze w dziale IT do prowadzenia bada\u0144 etnograficznych w ich biurach.<\/li>\n\n\n\n<li>Przeprowadzono badanie etnograficzne w\u015br\u00f3d administrator\u00f3w szpitali w ca\u0142ych Stanach Zjednoczonych.<\/li>\n\n\n\n<li>Przeprowadzono badanie etnograficzne z nisk\u0105 cz\u0119sto\u015bci\u0105 wizyt w gabinetach w\u015br\u00f3d decydent\u00f3w zajmuj\u0105cych si\u0119 zakupem mebli biurowych.<\/li>\n\n\n\n<li>Recruited ethnography <a href=\"https:\/\/www.sisinternational.com\/pl\/consumer-analytics-eharmony-hypothetical-case-study\/\" title=\"Analityka konsumencka: hipotetyczne studium przypadku eHarmony\"  data-wpil-monitor-id=\"8616\">study for US consumers<\/a> to profile their living habits in their homes \u2013 consumers had to agree to be video taped in their home setting.<\/li>\n\n\n\n<li>Przeprowadzono wywiady i rekrutacj\u0119 w\u0142a\u015bcicieli pralek, aby zaobserwowa\u0107 ich zachowanie podczas korzystania z pralek w domach.<\/li>\n\n\n\n<li><a href=\"https:\/\/www.sisinternational.com\/pl\/how-to-conduct-in-depth-interviews-for-market-insights\/\" title=\"Jak przeprowadza\u0107 pog\u0142\u0119bione wywiady w celu uzyskania wgl\u0105du w rynek\"  data-wpil-monitor-id=\"8619\">Conducted low incidence office visit ethnographic interviews<\/a> among many hospitality and education professionals about their attitudes and behaviors in renovation and new construction.<\/li>\n\n\n\n<li>Recruited people who have high cholesterol and use drugs to treat their condition, professionals involved in cholesterol and heart health issues and those who lead extreme or analogous lifestyles governed by routine and ritual for an ethnography study about lifestyle, health and wellbeing.&nbsp; This study was conducted in Houston, Seattle, and St. Louis.<\/li>\n\n\n\n<li>Zrekrutowano w\u0142a\u015bcicieli odkurzaczy bezworkowych, aby obserwowali, jak odkurzaj\u0105 i sprz\u0105taj\u0105 w swoich domach<\/li>\n\n\n\n<li>Przeprowadzi\u0142em wiele wizyt domowych u os\u00f3b posiadaj\u0105cych pralki \u0142adowane od przodu i lod\u00f3wki typu French-door<\/li>\n\n\n\n<li>Conducted the recruitment of ethnography studies for a <a href=\"https:\/\/www.sisinternational.com\/pl\/rozwiazania\/doradztwo-strategiczne\/lead-generation-techniques\/\" title=\"Firma generuj\u0105ca potencjalnych klient\u00f3w\"  data-wpil-monitor-id=\"8617\">leading advertising firm<\/a><\/li>\n\n\n\n<li>Przeprowadzono wizyty domowe w celu poznania zwyczaj\u00f3w zwi\u0105zanych z piciem piwa, postaw wobec picia piwa w domu i piwa z beczki<\/li>\n\n\n\n<li>Przeprowadzono wizyty w gabinetach lekarskich i pog\u0142\u0119bione wywiady z pracownikami s\u0142u\u017cby zdrowia w Bostonie i Nowym Jorku.<\/li>\n\n\n\n<li>Conducted one-on-one interviews, focus groups, ethnographic <a href=\"https:\/\/www.sisinternational.com\/pl\/ekspertyza\/branze\/computer-assisted-telephone-interviewing-market-research\/\" title=\"Badania rynku przy u\u017cyciu wywiad\u00f3w telefonicznych wspomaganych komputerowo\"  data-wpil-monitor-id=\"8618\">interviews among drivers in a parking assistance<\/a> technology study in the NYC metro area.<\/li>\n\n\n\n<li>Przeprowadzono wywiady etnograficzne z pacjentami i opiekunami os\u00f3b chorych na Alzheimera.<\/li>\n\n\n\n<li>Conducted a major household electronics concept <a href=\"https:\/\/www.sisinternational.com\/pl\/analiza-eksportu-kampusu-uniwersytetu-stanowego-karoliny-polnocnej\/\" title=\"Studium przypadku wej\u015bcia na rynek globalny uniwersytetu\"  data-wpil-monitor-id=\"8620\">study for a global<\/a> manufacturer via home visits in several US cities.&nbsp; The challenge was that there were strict recruitment criteria, re-recruitment requirements to reschedule consecutive home visits and schedules.<\/li>\n<\/ul>\n\n\n\n<h2 class=\"wp-block-heading\">&nbsp;<\/h2>","protected":false},"excerpt":{"rendered":"<p>Wybrane do\u015bwiadczenia w badaniach etnograficznych z wykorzystaniem pog\u0142\u0119bionych wywiad\u00f3w.<\/p>","protected":false},"author":1,"featured_media":65952,"parent":15106,"menu_order":6,"comment_status":"closed","ping_status":"closed","template":"","meta":{"footnotes":""},"class_list":["post-19184","page","type-page","status-publish","has-post-thumbnail"],"_links":{"self":[{"href":"https:\/\/www.sisinternational.com\/pl\/wp-json\/wp\/v2\/pages\/19184","targetHints":{"allow":["GET"]}}],"collection":[{"href":"https:\/\/www.sisinternational.com\/pl\/wp-json\/wp\/v2\/pages"}],"about":[{"href":"https:\/\/www.sisinternational.com\/pl\/wp-json\/wp\/v2\/types\/page"}],"author":[{"embeddable":true,"href":"https:\/\/www.sisinternational.com\/pl\/wp-json\/wp\/v2\/users\/1"}],"replies":[{"embeddable":true,"href":"https:\/\/www.sisinternational.com\/pl\/wp-json\/wp\/v2\/comments?post=19184"}],"version-history":[{"count":4,"href":"https:\/\/www.sisinternational.com\/pl\/wp-json\/wp\/v2\/pages\/19184\/revisions"}],"predecessor-version":[{"id":81444,"href":"https:\/\/www.sisinternational.com\/pl\/wp-json\/wp\/v2\/pages\/19184\/revisions\/81444"}],"up":[{"embeddable":true,"href":"https:\/\/www.sisinternational.com\/pl\/wp-json\/wp\/v2\/pages\/15106"}],"wp:featuredmedia":[{"embeddable":true,"href":"https:\/\/www.sisinternational.com\/pl\/wp-json\/wp\/v2\/media\/65952"}],"wp:attachment":[{"href":"https:\/\/www.sisinternational.com\/pl\/wp-json\/wp\/v2\/media?parent=19184"}],"curies":[{"name":"wp","href":"https:\/\/api.w.org\/{rel}","templated":true}]}}