{"id":19165,"date":"2015-10-26T03:05:34","date_gmt":"2015-10-26T03:05:34","guid":{"rendered":"https:\/\/www.sisinternational.com\/?page_id=19165"},"modified":"2026-03-13T00:58:26","modified_gmt":"2026-03-13T04:58:26","slug":"cv-z-doswiadczeniem-w-branzy-dobr-konsumpcyjnych-i-pakowanych","status":"publish","type":"page","link":"https:\/\/www.sisinternational.com\/pl\/consumer-market-research-page\/cv-z-doswiadczeniem-w-branzy-dobr-konsumpcyjnych-i-pakowanych\/","title":{"rendered":"Badania rynku d\u00f3br konsumpcyjnych i pakowanych"},"content":{"rendered":"<h1 class=\"wp-block-heading\">Do\u015bwiadczenie w badaniach rynku w bran\u017cy d\u00f3br konsumpcyjnych<\/h1>\n\n\n\n<figure class=\"gb-block-image gb-block-image-619cfc43\"><img loading=\"lazy\" decoding=\"async\" width=\"1456\" height=\"816\" class=\"gb-image gb-image-619cfc43\" src=\"https:\/\/www.sisinternational.com\/wp-content\/uploads\/2025\/08\/Food-packaging-1.jpg\" alt=\"SIS Mi\u0119dzynarodowe badania rynku i strategia\" title=\"Food packaging (1)\" srcset=\"https:\/\/www.sisinternational.com\/wp-content\/uploads\/2025\/08\/Food-packaging-1.jpg 1456w, https:\/\/www.sisinternational.com\/wp-content\/uploads\/2025\/08\/Food-packaging-1-300x168.jpg 300w, https:\/\/www.sisinternational.com\/wp-content\/uploads\/2025\/08\/Food-packaging-1-1024x574.jpg 1024w, https:\/\/www.sisinternational.com\/wp-content\/uploads\/2025\/08\/Food-packaging-1-768x430.jpg 768w, https:\/\/www.sisinternational.com\/wp-content\/uploads\/2025\/08\/Food-packaging-1-18x10.jpg 18w\" sizes=\"auto, (max-width: 1456px) 100vw, 1456px\"><\/figure>\n\n\n\n<p><\/p>\n\n\n\n<h3 class=\"wp-block-heading\">Reklama<\/h3>\n\n\n\n<p>Pog\u0142\u0119bione wywiady z dyrektorami, kt\u00f3rzy dokonuj\u0105 zakupu reklam w Azji, Ameryce \u0141aci\u0144skiej i Europie, maj\u0105ce na celu ocen\u0119 sposobu, w jaki wydaj\u0105 bud\u017cety reklamowe i swoje potrzeby medialne.<\/p>\n\n\n\n<h3 class=\"wp-block-heading\">Str\u00f3j<\/h3>\n\n\n\n<ul class=\"wp-block-list\">\n<li>Badanie ilo\u015bciowe dotycz\u0105ce odzie\u017cy w Wielkiej Brytanii i Niemczech.<\/li>\n\n\n\n<li>Badanie rynku odzie\u017cy damskiej w USA.<\/li>\n\n\n\n<li>Badanie rynku odzie\u017cy dzieci\u0119cej w USA.<\/li>\n\n\n\n<li>Badanie rynku stroj\u00f3w k\u0105pielowych w USA.<\/li>\n\n\n\n<li>Badanie rynku odzie\u017cy m\u0119skiej w USA.<\/li>\n\n\n\n<li>Badanie rynku tkanin w USA.<\/li>\n\n\n\n<li><a href=\"https:\/\/www.sisinternational.com\/pl\/ekspertyza\/branze\/rainwear-apparel-market-research\/\" title=\"Badania rynku odzie\u017cy przeciwdeszczowej\"  data-wpil-monitor-id=\"6839\">Market study for upscale women\u2019s apparel<\/a> and accessories.<\/li>\n\n\n\n<li>Badanie rynku but\u00f3w sportowych w Japonii.<\/li>\n\n\n\n<li>Badanie przechwytuj\u0105ce dotycz\u0105ce sklep\u00f3w odzie\u017cowych \u015bredniej wielko\u015bci we Francji, Hiszpanii i Korei Po\u0142udniowej<\/li>\n\n\n\n<li>Automobilowy<\/li>\n<\/ul>\n\n\n\n<p>Global qualitative <a href=\"https:\/\/www.sisinternational.com\/pl\/consumer-analytics-eharmony-hypothetical-case-study\/\" title=\"Analityka konsumencka: hipotetyczne studium przypadku eHarmony\"  data-wpil-monitor-id=\"4334\">study of automobile drivers and consumers<\/a> in Argentina, Brazil, France, Germany, Hong Kong, Italy, Japan, Malaysia, Netherlands, Norway, Puerto Rico, Singapore, Thailand, and the UK.<\/p>\n\n\n\n<p>Badanie konsument\u00f3w w USA maj\u0105ce na celu ustalenie ich stosunku do korzystania z benzyny premium.<\/p>\n\n\n\n<p>Przeprowadzono badania fokusowe w\u015br\u00f3d konsument\u00f3w, kt\u00f3rzy zakupili samochody wysokiej klasy.<\/p>\n\n\n\n<h3 class=\"wp-block-heading\">Beverage&nbsp; &#8211; Non Alcoholic<\/h3>\n\n\n\n<ul class=\"wp-block-list\">\n<li>Analiza rynku japo\u0144skich ekspres\u00f3w do kawy.<\/li>\n\n\n\n<li>Zorganizowano panel dyskusyjny dla matek i os\u00f3b samotnych dla producenta sok\u00f3w.<\/li>\n\n\n\n<li>Conducted <a href=\"https:\/\/www.sisinternational.com\/pl\/rozwiazania\/grupy-fokusowe\/grupy-fokusowe-na-temat-alkoholu\/\" title=\"Grupy fokusowe na temat alkoholu: napoje alkoholowe i bezalkoholowe\u00a0\"  data-wpil-monitor-id=\"1602\">focus groups for global beverage<\/a> company.<\/li>\n\n\n\n<li>Badanie rynku maj\u0105ce na celu okre\u015blenie wielko\u015bci rynku, potencja\u0142u i optymalnej dystrybucji napoj\u00f3w z Meksyku do Indii.<\/li>\n<\/ul>\n\n\n\n<h3 class=\"wp-block-heading\">Napoje \u2013 Alkoholowe<\/h3>\n\n\n\n<ul class=\"wp-block-list\">\n<li>Przeprowadzono badania grupowe na temat nowej puszki piwa w USA.<\/li>\n\n\n\n<li>Badanie ilo\u015bciowe nowej koncepcji produktu piwa w USA.<\/li>\n\n\n\n<li>Przeprowadzono grupy fokusowe na temat w\u00f3dki w USA.<\/li>\n<\/ul>\n\n\n\n<h3 class=\"wp-block-heading\">Karty kredytowe<\/h3>\n\n\n\n<p>Przeprowadzono globalne badanie ilo\u015bciowe dotycz\u0105ce korzystania z kart kredytowych przez konsument\u00f3w w Europie, Republice Po\u0142udniowej Afryki, na Bliskim Wschodzie, w Azji i Ameryce \u0141aci\u0144skiej.<\/p>\n\n\n\n<h3 class=\"wp-block-heading\">Badania preferencji konsument\u00f3w<\/h3>\n\n\n\n<ul class=\"wp-block-list\">\n<li>Badanie ilo\u015bciowe maj\u0105ce na celu okre\u015blenie preferencji konsument\u00f3w w zakresie sprz\u0119tu do obrazowania.<\/li>\n\n\n\n<li>Przeprowadzono wywiady z zamo\u017cnymi kobietami, aby zbada\u0107 ich nawyki zakupowe.<\/li>\n\n\n\n<li>Przeprowadzono badanie maj\u0105ce na celu ustalenie, czy sklep konkretnej marki jest zgodny z og\u00f3ln\u0105 identyfikacj\u0105 marki.<\/li>\n<\/ul>\n\n\n\n<h3 class=\"wp-block-heading\">Badania czytelnictwa konsument\u00f3w<\/h3>\n\n\n\n<p>Ocena trend\u00f3w czytelnictwa publikacji w Ameryce \u0141aci\u0144skiej, okre\u015blenie os\u00f3b czytaj\u0105cych wybrane czasopisma oraz ich postaw i poziomu korzystania.<\/p>\n\n\n\n<h3 class=\"wp-block-heading\">Badania wywiadu konkurencyjnego<\/h3>\n\n\n\n<ul class=\"wp-block-list\">\n<li>Badanie ilo\u015bciowe obejmuj\u0105ce Stany Zjednoczone, Portoryko i Republik\u0119 Dominikany maj\u0105ce na celu okre\u015blenie, jakie konkurencyjne produkty s\u0105 wytwarzane w tych krajach i w jaki spos\u00f3b s\u0105 promowane.<\/li>\n\n\n\n<li>Badanie biznesowe dotycz\u0105ce otoczenia konkurencyjnego na rynku sztu\u0107c\u00f3w w Europie i Ameryce \u0141aci\u0144skiej.<\/li>\n\n\n\n<li>Badania terenowe maj\u0105ce na celu lokalizacj\u0119 i zakup konkurencyjnych produkt\u00f3w do ekspres\u00f3w do kawy w Wielkiej Brytanii, Hiszpanii i Niemczech.<\/li>\n\n\n\n<li>Ocena konkurencyjnych system\u00f3w filtracji powietrza dla konsument\u00f3w we W\u0142oszech, Francji, Niemczech, Wielkiej Brytanii i Hiszpanii.<\/li>\n\n\n\n<li>Ocena konkurencji produkt\u00f3w do uzdatniania powietrza i system\u00f3w filtruj\u0105cych.<\/li>\n\n\n\n<li>Profile konkurent\u00f3w najwi\u0119kszych firm produkuj\u0105cych dobra konsumpcyjne: ich globalna strategia, globalizacja najwa\u017cniejszych produkt\u00f3w, globalne sukcesy i pora\u017cki w zakresie budowania marki.<\/li>\n\n\n\n<li>Analiza konkurencji dzia\u0142\u00f3w badawczo-rozwojowych du\u017cych firm produkuj\u0105cych dobra konsumpcyjne.<\/li>\n\n\n\n<li><a href=\"https:\/\/www.sisinternational.com\/pl\/ekspertyza\/branze\/fashion-market-research\/\" title=\"Badania rynku mody i odzie\u017cy\"  data-wpil-monitor-id=\"7116\">Market intelligence study covering apparel<\/a> and infant wear offerings of mass merchandisers in the retail industry.<\/li>\n\n\n\n<li>Utworzono profil konkurenta dla du\u017cej firmy produkuj\u0105cej dobra konsumpcyjne.<\/li>\n\n\n\n<li>Global strategy competitive assessment for <a href=\"https:\/\/www.sisinternational.com\/pl\/rozwiazania\/doradztwo-strategiczne\/packaging-intelligence\/\" title=\"Consumer Packaging Strategy Solutions\"  data-wpil-monitor-id=\"6760\">konsument<\/a> goods and packaged foods supplier.<\/li>\n\n\n\n<li>Analiza reorganizacji g\u0142\u00f3wnego gracza w bran\u017cy d\u00f3br konsumpcyjnych i jej implikacji dla firmy.<\/li>\n\n\n\n<li>Wywiady w sklepach w Chinatown w Nowym Jorku.<\/li>\n\n\n\n<li>Badanie wywiadu konkurencyjnego na rynku soczewek kontaktowych i p\u0142yn\u00f3w do soczewek kontaktowych w USA<\/li>\n\n\n\n<li>Przeprowadzono analiz\u0119 konkurencji na rynku \u015brodk\u00f3w zapachowych i owadob\u00f3jczych w USA.<\/li>\n<\/ul>\n\n\n\n<h3 class=\"wp-block-heading\">Elektronika<\/h3>\n\n\n\n<ul class=\"wp-block-list\">\n<li>Przeprowadzono badania w\u015br\u00f3d konsument\u00f3w w celu okre\u015blenia ich preferencji dotycz\u0105cych sprz\u0119tu elektronicznego.<\/li>\n\n\n\n<li>Conducted <a href=\"https:\/\/www.sisinternational.com\/pl\/ekspertyza\/branze\/consumer-goods-market-research\/\" title=\"Badania rynku d\u00f3br konsumpcyjnych\"  data-wpil-monitor-id=\"6283\">consumer surveys in the digital camera market<\/a>.<\/li>\n\n\n\n<li>Przeprowadzono grupy fokusowe w\u015br\u00f3d konsument\u00f3w w USA w celu przetestowania nowych produkt\u00f3w konsumenckich na rynku aparat\u00f3w cyfrowych.<\/li>\n\n\n\n<li>Przeprowadzono krajowe i mi\u0119dzynarodowe badania rynku dotycz\u0105ce telewizor\u00f3w plazmowych i LCD z p\u0142askim ekranem.<\/li>\n\n\n\n<li>Przeprowadzono badania fokusowe w\u015br\u00f3d konsument\u00f3w, aby przeanalizowa\u0107, jakie czynniki decyduj\u0105 o atrakcyjno\u015bci dla klient\u00f3w tre\u015bci demonstracyjnych prezentowanych w sklepie.<\/li>\n\n\n\n<li>Przeprowadzono dog\u0142\u0119bne wywiady z dealerami, aby dowiedzie\u0107 si\u0119, w jaki spos\u00f3b wykorzystuj\u0105 oni tre\u015bci demonstracyjne do promowania sprzeda\u017cy.<\/li>\n\n\n\n<li>Przeprowadzono mi\u0119dzynarodowe ilo\u015bciowe badanie telewizji w celu okre\u015blenia postaw i przyzwyczaje\u0144 u\u017cytkownik\u00f3w telewizji w Indiach, Chinach, Wielkiej Brytanii i USA.<\/li>\n\n\n\n<li>Przeprowadzono grupy fokusowe na temat wykorzystania formatu MP3.<\/li>\n\n\n\n<li>Badanie rynku dotycz\u0105ce rozm\u00f3w kwalifikacyjnych w telewizji.<\/li>\n\n\n\n<li>Przeprowadzono badanie opinii konsument\u00f3w w du\u017cym centrum kongresowym w Nowym Jorku.<\/li>\n\n\n\n<li>Przeprowadzono badanie maj\u0105ce na celu zrozumienie, w jaki spos\u00f3b ludzie korzystaj\u0105 z konkretnego programu komputerowego i jak decyzja o zakupie by\u0142a podejmowana w przedsi\u0119biorstwach r\u00f3\u017cnej wielko\u015bci.<\/li>\n\n\n\n<li>Przeprowadzono badanie w\u015br\u00f3d u\u017cytkownik\u00f3w systemu operacyjnego Mac.<\/li>\n\n\n\n<li>Przeprowadzono badania fokusowe w\u015br\u00f3d u\u017cytkownik\u00f3w telefon\u00f3w kom\u00f3rkowych, kt\u00f3re odzwierciedla\u0142y udzia\u0142y rynkowe czo\u0142owych marek.<\/li>\n\n\n\n<li>Conducted research study to understand <a href=\"https:\/\/www.sisinternational.com\/pl\/neurobiologiczne-podstawy-wyboru-konsumenta\/\" title=\"Badania rynku konsumenckiego neuromarketingu\"  data-wpil-monitor-id=\"2682\">market<\/a> response to the existing Blu-ray player and to examine consumer needs and attitude towards the player.<\/li>\n\n\n\n<li>Przeprowadzono studium wykonalno\u015bci w celu oceny wprowadzenia produkt\u00f3w AV na r\u00f3\u017cne rynki azjatyckie.<\/li>\n\n\n\n<li>Przeprowadzono wywiady w Izraelu i Republice Po\u0142udniowej Afryki z osobami podejmuj\u0105cymi decyzje dotycz\u0105ce zakupu telewizora, kt\u00f3re niedawno kupi\u0142y telewizor LCD<\/li>\n\n\n\n<li>Przeprowadzono badanie jako\u015bciowe dotycz\u0105ce kina domowego.<\/li>\n\n\n\n<li>Conducted focus groups and qualitative <a href=\"https:\/\/www.sisinternational.com\/pl\/ekspertyza\/branze\/badania-rynku-projektowania-opakowan\/\" title=\"Badania rynku projektowania opakowa\u0144\"  data-wpil-monitor-id=\"6193\">research on a new headphone packaging<\/a> program.<\/li>\n<\/ul>\n\n\n\n<h3 class=\"wp-block-heading\">Szybko zbywalne dobra konsumpcyjne<\/h3>\n\n\n\n<ul class=\"wp-block-list\">\n<li>Ocena najlepszych na \u015bwiecie firm produkuj\u0105cych towary paczkowane w uj\u0119ciu regionalnym.<\/li>\n\n\n\n<li>Przeprowadzono wywiady z dyrektorami generalnymi \u015bredniej wielko\u015bci firm produkuj\u0105cych dobra konsumpcyjne, aby okre\u015bli\u0107 kwestie strategiczne, z jakimi borykaj\u0105 si\u0119 ich przedsi\u0119biorstwa.<\/li>\n\n\n\n<li>Przeprowadzono wywiady CATI ze zwyk\u0142ymi konsumentami, kt\u00f3rzy robili zakupy w r\u00f3\u017cnych supermarketach na terenie Wielkiego Londynu, aby oceni\u0107 ich do\u015bwiadczenia zakupowe i potrzeby.<\/li>\n<\/ul>\n\n\n\n<h3 class=\"wp-block-heading\">Zdatno\u015b\u0107<\/h3>\n\n\n\n<ul class=\"wp-block-list\">\n<li>Przeprowadzono grupy fokusowe na si\u0142owniach w Chicago i Los Angeles, aby przetestowa\u0107 nowy zegarek.<\/li>\n\n\n\n<li>Przeprowadzono badanie postaw konsument\u00f3w w USA wobec sprawno\u015bci fizycznej.<\/li>\n\n\n\n<li>Przeprowadzono badania grupowe w San Francisco z udzia\u0142em konsument\u00f3w dotycz\u0105ce akceptacji nowego produktu spo\u017cywczego.<\/li>\n\n\n\n<li>Ocena rynku fitness w Europie.<\/li>\n\n\n\n<li>Przeprowadzono wst\u0119pny test reklamy produkt\u00f3w fitness dla konsument\u00f3w w USA.<\/li>\n<\/ul>\n\n\n\n<h3 class=\"wp-block-heading\">Sprz\u0119t i produkty gospodarstwa domowego<\/h3>\n\n\n\n<ul class=\"wp-block-list\">\n<li>Bie\u017c\u0105ce monitorowanie konkurencji dla producenta i dystrybutora szerokiej gamy artyku\u0142\u00f3w gospodarstwa domowego.<\/li>\n\n\n\n<li>Przeprowadzono wywiady i z\u0142o\u017cono wizyty domowe u niedawnych nabywc\u00f3w odkurzaczy bezworkowych w USA.<\/li>\n\n\n\n<li>Badania i rozw\u00f3j nowych pomys\u0142\u00f3w na produkty do kuchni i \u0142azienek<\/li>\n\n\n\n<li>Badania rynku i konkurencji dotycz\u0105ce trend\u00f3w w remontach i dekorowaniu dom\u00f3w.<\/li>\n\n\n\n<li>Analiza rynku ro\u015blin domowych.<\/li>\n\n\n\n<li><a href=\"https:\/\/www.sisinternational.com\/pl\/ekspertyza\/branze\/badania-rynku-ukladow-elektronicznych\/\" title=\"Badania rynku uk\u0142ad\u00f3w elektronicznych\"  data-wpil-monitor-id=\"6925\">Market feasibility study for household electronic<\/a> air fresheners and insecticides in Germany and Brazil.<\/li>\n\n\n\n<li>Grupy fokusowe dla konsument\u00f3w w Wielkiej Brytanii, Francji i Niemczech na temat ich stosunku do nowej generacji blender\u00f3w.<\/li>\n\n\n\n<li>Badanie rynku wyposa\u017cenia wn\u0119trz w USA.<\/li>\n\n\n\n<li>Badanie rynku podk\u0142adek pod talerze w USA.<\/li>\n\n\n\n<li>Przeprowadzono przechwytywanie korespondencji na potrzeby badania dotycz\u0105cego klimatyzator\u00f3w i osuszaczy powietrza w USA.<\/li>\n\n\n\n<li>Przeprowadzono badanie rynku ekspres\u00f3w do kawy w Japonii, Niemczech, Hiszpanii i Wielkiej Brytanii.<\/li>\n\n\n\n<li>Przeprowadzono badanie dotycz\u0105ce sztu\u0107c\u00f3w w Europie, Azji i Ameryce \u0141aci\u0144skiej.<\/li>\n\n\n\n<li>Przeprowadzono badanie maj\u0105ce na celu zebranie opinii od klient\u00f3w z wy\u017cszej p\u00f3\u0142ki na temat wygl\u0105du i wzornictwa r\u00f3\u017cnych urz\u0105dze\u0144 elektronicznych do u\u017cytku domowego.<\/li>\n\n\n\n<li>Przeprowadzono badanie rynku w celu uzyskania informacji na temat opracowywania nowych koncepcji i generowania pomys\u0142\u00f3w na lod\u00f3wki.<\/li>\n\n\n\n<li>Przeprowadzono badanie dla firmy zajmuj\u0105cej si\u0119 systemami bezpiecze\u0144stwa domowego<\/li>\n\n\n\n<li>Przeprowadzono wizyty domowe u os\u00f3b posiadaj\u0105cych pralki \u0142adowane od przodu i lod\u00f3wki typu French-door<\/li>\n\n\n\n<li>Przeprowadzono grupy fokusowe dla konsument\u00f3w na temat ich opinii na temat przysz\u0142ych koncepcji ekspres\u00f3w do kawy<\/li>\n<\/ul>\n\n\n\n<h3 class=\"wp-block-heading\">Rejestrator IC<\/h3>\n\n\n\n<p>Badanie rynku rejestrator\u00f3w cyfrowych w USA, obejmuj\u0105ce ofert\u0119 produkt\u00f3w w punktach sprzeda\u017cy detalicznej.<\/p>\n\n\n\n<h3 class=\"wp-block-heading\">Nieletni<\/h3>\n\n\n\n<ul class=\"wp-block-list\">\n<li>Ocena rynku produkt\u00f3w dla m\u0142odzie\u017cy.<\/li>\n\n\n\n<li>Przeprowadzono ankiet\u0119 dotycz\u0105c\u0105 korzystania z telefon\u00f3w kom\u00f3rkowych przez nastolatk\u00f3w.<\/li>\n\n\n\n<li>Przeprowadzono badania fokusowe w Japonii i Wielkiej Brytanii w celu okre\u015blenia konkurent\u00f3w popularnej serii ksi\u0105\u017cek dla dzieci sprzedawanej w du\u017cym ksi\u0119garniach.<\/li>\n\n\n\n<li>Przeprowadzono pog\u0142\u0119bione wywiady dotycz\u0105ce stosowania pieluch.<\/li>\n\n\n\n<li>Przeprowadzono rekrutacj\u0119 i zaprojektowano narz\u0119dzie przesiewowe do bada\u0144 IDI matek z niemowl\u0119tami.<\/li>\n<\/ul>\n\n\n\n<h3 class=\"wp-block-heading\">Towary luksusowe<\/h3>\n\n\n\n<p>Przeprowadzi\u0142em badanie bran\u017cy jubilerskiej dla firmy z wy\u017cszej p\u00f3\u0142ki.<\/p>\n\n\n\n<h3 class=\"wp-block-heading\">Badania repozycjonowania rynku<\/h3>\n\n\n\n<p>Przeprowadzono badanie francuskoj\u0119zycznej cz\u0119\u015bci Kanady w celu okre\u015blenia konkurencyjnej literatury i repozycjonowania produkt\u00f3w konsumenckich.<\/p>\n\n\n\n<h3 class=\"wp-block-heading\">Badania segmentacji rynku<\/h3>\n\n\n\n<ul class=\"wp-block-list\">\n<li>Evaluation of the market size, segmentation, distribution, wholesale, retail pricing, and potential acquisition candidates for the mattress <a href=\"https:\/\/www.sisinternational.com\/pl\/market-research-tijuana-mexico\/\" title=\"Market Research in Tijuana, Mexico\"  data-wpil-monitor-id=\"6924\">market in Mexico<\/a>.<\/li>\n\n\n\n<li>Badania monitoruj\u0105ce konkurencj\u0119 i segmenty rynku w sektorze produkt\u00f3w do piel\u0119gnacji osobistej i gospodarstwa domowego w celu okre\u015blenia mo\u017cliwo\u015bci rynkowych na rynkach ugruntowanych i wschodz\u0105cych.<\/li>\n<\/ul>\n\n\n\n<h3 class=\"wp-block-heading\">Produkty do golenia dla m\u0119\u017cczyzn<\/h3>\n\n\n\n<ul class=\"wp-block-list\">\n<li>Europejskie badanie ilo\u015bciowe dotycz\u0105ce nowego produktu do golenia dla m\u0119\u017cczyzn.<\/li>\n\n\n\n<li>Interviewed barbers and African American men who shave their heads and\/or faces with razors to analyze a variety of facial care and shaving products.<\/li>\n<\/ul>\n\n\n\n<h3 class=\"wp-block-heading\">Opakowanie<\/h3>\n\n\n\n<ul class=\"wp-block-list\">\n<li>Badanie dotycz\u0105ce opakowa\u0144 z zabezpieczeniem przed dzie\u0107mi w USA, dotycz\u0105ce stosunku klient\u00f3w do opakowa\u0144 z tradycyjnym zamkni\u0119ciem w por\u00f3wnaniu z opakowaniami typu blister.<\/li>\n\n\n\n<li>Conducted recruitment and moderation of high-end headphone users for packaging design study.<\/li>\n<\/ul>\n\n\n\n<h3 class=\"wp-block-heading\">Badania psychograficzne<\/h3>\n\n\n\n<ul class=\"wp-block-list\">\n<li>Przeprowadzono kilka bada\u0144 grupowych na temat warunk\u00f3w \u017cycia grup hiszpa\u0144skoj\u0119zycznych i azjatyckich.<\/li>\n\n\n\n<li>Przeprowadzono badania grupowe, analizuj\u0105c stosunek r\u00f3\u017cnych grup etnicznych do r\u00f3\u017cnych rodzaj\u00f3w muzyki.<\/li>\n\n\n\n<li>Przeprowadzono pog\u0142\u0119bione wywiady w ramach badania jako\u015bciowego dotycz\u0105cego zrozumienia skojarze\u0144 konsument\u00f3w z nowymi i istniej\u0105cymi markami.<\/li>\n<\/ul>\n\n\n\n<h3 class=\"wp-block-heading\">Zegarki<\/h3>\n\n\n\n<p>Wykorzystanie zegark\u00f3w konsumenckich w USA: dane demograficzne, postawy i ceny w kontek\u015bcie pozycjonowania rynkowego.<\/p>\n\n\n\n<h2 class=\"wp-block-heading\">Przyk\u0142ady naszych by\u0142ych i obecnych klient\u00f3w<\/h2>\n\n\n\n<h2 class=\"wp-block-heading\">&nbsp;<\/h2>\n\n\n\n<ul class=\"wp-block-list\">\n<li>Reklama Wiek Mi\u0119dzynarodowy<\/li>\n\n\n\n<li>Ameryka\u0144skie produkty domowe<\/li>\n\n\n\n<li>Korporacja Amway<\/li>\n\n\n\n<li>Jab\u0142ko<\/li>\n\n\n\n<li>Bausch &amp; Lomb<\/li>\n\n\n\n<li>Technologia biomiczna<\/li>\n\n\n\n<li>Cartier<\/li>\n\n\n\n<li>Obywatelska Korporacja Watch<\/li>\n\n\n\n<li>Stowarzyszenie Producent\u00f3w Zamkni\u0119\u0107<\/li>\n\n\n\n<li>Firma Colgate-Palmolive<\/li>\n\n\n\n<li>Coors<\/li>\n\n\n\n<li>Technologie grzewcze Dekko<\/li>\n\n\n\n<li>Firma Eastman Kodak<\/li>\n\n\n\n<li>Estee Lauder<\/li>\n\n\n\n<li>Kapita\u0142 Farallon<\/li>\n\n\n\n<li>Firma Ford Motor Company<\/li>\n\n\n\n<li>Globalne skupienie<\/li>\n\n\n\n<li>Grolsch<\/li>\n\n\n\n<li>Heineken<\/li>\n\n\n\n<li>Infocomm. Mi\u0119dzynarodowe<\/li>\n\n\n\n<li>IPS<\/li>\n\n\n\n<li>Jakub Javits<\/li>\n\n\n\n<li>LG<\/li>\n<\/ul>\n\n\n\n<ul class=\"wp-block-list\">\n<li>\u017bycie Fitness<\/li>\n\n\n\n<li>Mars<\/li>\n\n\n\n<li>Mastercard Mi\u0119dzynarodowy<\/li>\n\n\n\n<li>Philip Morris<\/li>\n\n\n\n<li>Polaroid<\/li>\n\n\n\n<li>Procter &amp; Gamble<\/li>\n\n\n\n<li>Badania Okr\u0105g\u0142ego Sto\u0142u<\/li>\n\n\n\n<li>SAMSUNG<\/li>\n\n\n\n<li>Wosk SC Johnson<\/li>\n\n\n\n<li>Seagramy<\/li>\n\n\n\n<li>Sennheiser<\/li>\n\n\n\n<li>Gwiazda s\u0142oneczna<\/li>\n\n\n\n<li>Synowat<\/li>\n\n\n\n<li>Tesco<\/li>\n\n\n\n<li>Korporacja Dial<\/li>\n\n\n\n<li>Firma Gillette<\/li>\n\n\n\n<li>Czas Mi\u0119dzynarodowy<\/li>\n\n\n\n<li>Zabawki R Us<\/li>\n\n\n\n<li>Unilever<\/li>\n\n\n\n<li>Wiza mi\u0119dzynarodowa<\/li>\n\n\n\n<li>Grupa Warner Lambert Chicle<\/li>\n\n\n\n<li>Korporacja Whirlpool<\/li>\n\n\n\n<li>Wyeth Od\u017cywczy<\/li>\n<\/ul>\n\n\n\n<h2 class=\"wp-block-heading\"><a href=\"https:\/\/www.sisinternational.com\/pl\/about-sis\/contact-sis-international-market-research\/\">Skontaktuj si\u0119 z nami w sprawie Twojego kolejnego projektu badania rynku konsumenckiego.<\/a><\/h2>","protected":false},"excerpt":{"rendered":"<p>Wybrane do\u015bwiadczenie w bran\u017cy d\u00f3br konsumpcyjnych<\/p>","protected":false},"author":1,"featured_media":63800,"parent":84529,"menu_order":5,"comment_status":"closed","ping_status":"closed","template":"","meta":{"footnotes":""},"class_list":["post-19165","page","type-page","status-publish","has-post-thumbnail"],"_links":{"self":[{"href":"https:\/\/www.sisinternational.com\/pl\/wp-json\/wp\/v2\/pages\/19165","targetHints":{"allow":["GET"]}}],"collection":[{"href":"https:\/\/www.sisinternational.com\/pl\/wp-json\/wp\/v2\/pages"}],"about":[{"href":"https:\/\/www.sisinternational.com\/pl\/wp-json\/wp\/v2\/types\/page"}],"author":[{"embeddable":true,"href":"https:\/\/www.sisinternational.com\/pl\/wp-json\/wp\/v2\/users\/1"}],"replies":[{"embeddable":true,"href":"https:\/\/www.sisinternational.com\/pl\/wp-json\/wp\/v2\/comments?post=19165"}],"version-history":[{"count":12,"href":"https:\/\/www.sisinternational.com\/pl\/wp-json\/wp\/v2\/pages\/19165\/revisions"}],"predecessor-version":[{"id":80680,"href":"https:\/\/www.sisinternational.com\/pl\/wp-json\/wp\/v2\/pages\/19165\/revisions\/80680"}],"up":[{"embeddable":true,"href":"https:\/\/www.sisinternational.com\/pl\/wp-json\/wp\/v2\/pages\/84529"}],"wp:featuredmedia":[{"embeddable":true,"href":"https:\/\/www.sisinternational.com\/pl\/wp-json\/wp\/v2\/media\/63800"}],"wp:attachment":[{"href":"https:\/\/www.sisinternational.com\/pl\/wp-json\/wp\/v2\/media?parent=19165"}],"curies":[{"name":"wp","href":"https:\/\/api.w.org\/{rel}","templated":true}]}}