{"id":19154,"date":"2015-10-26T02:11:22","date_gmt":"2015-10-26T02:11:22","guid":{"rendered":"https:\/\/www.sisinternational.com\/?page_id=19154"},"modified":"2026-01-26T18:50:41","modified_gmt":"2026-01-26T23:50:41","slug":"cv-z-doswiadczeniem-w-badaniach-marki","status":"publish","type":"page","link":"https:\/\/www.sisinternational.com\/pl\/ekspertyza\/cv-z-doswiadczeniem\/cv-z-doswiadczeniem-w-badaniach-marki\/","title":{"rendered":"Firma badawcza rynku marki"},"content":{"rendered":"<h1 class=\"wp-block-heading\">Do\u015bwiadczenie w badaniach rynku marki<\/h1>\n\n\n\n<p><\/p>\n\n\n\n<figure class=\"gb-block-image gb-block-image-89bc12b1\"><img loading=\"lazy\" decoding=\"async\" width=\"1456\" height=\"816\" class=\"gb-image gb-image-89bc12b1\" src=\"https:\/\/www.sisinternational.com\/wp-content\/uploads\/2025\/09\/Branding-6.jpg\" alt=\"SIS Mi\u0119dzynarodowe badania rynku i strategia\" title=\"Branding (6)\" srcset=\"https:\/\/www.sisinternational.com\/wp-content\/uploads\/2025\/09\/Branding-6.jpg 1456w, https:\/\/www.sisinternational.com\/wp-content\/uploads\/2025\/09\/Branding-6-300x168.jpg 300w, https:\/\/www.sisinternational.com\/wp-content\/uploads\/2025\/09\/Branding-6-1024x574.jpg 1024w, https:\/\/www.sisinternational.com\/wp-content\/uploads\/2025\/09\/Branding-6-768x430.jpg 768w, https:\/\/www.sisinternational.com\/wp-content\/uploads\/2025\/09\/Branding-6-18x10.jpg 18w\" sizes=\"auto, (max-width: 1456px) 100vw, 1456px\"><\/figure>\n\n\n\n<p><\/p>\n\n\n\n<h2 class=\"wp-block-heading\">Do\u015bwiadczenie w badaniach rynku marki<\/h2>\n\n\n\n<p><strong>SIS jest wiod\u0105c\u0105 firm\u0105 zajmuj\u0105c\u0105 si\u0119 badaniami rynku marek i konsultingiem strategicznym. Skorzystaj z naszego do\u015bwiadczenia w zakresie budowania marki biznesowej.<\/strong><\/p>\n\n\n\n<h3 class=\"wp-block-heading\">Wizerunek marki<\/h3>\n\n\n\n<ul class=\"wp-block-list\">\n<li>Brand image study for a major airline conducted via CATI in US and the UK.&nbsp; Respondents were international leisure and business travelers.<\/li>\n\n\n\n<li>Conducted mall intercepts in US on consumers&#8217; attitudes toward retail clothing store brand names.<\/li>\n\n\n\n<li>Conducted focus groups for brand-name items.<\/li>\n\n\n\n<li>Ilo\u015bciowy <a href=\"https:\/\/www.sisinternational.com\/pl\/ekspertyza\/branze\/brand-market-research\/\" title=\"Badania rynku marki\"  data-wpil-monitor-id=\"7077\">Brand<\/a> Image Study for the US and Europe for Industrial Cleaning products by end-use Market Segments.<\/li>\n\n\n\n<li>Ilo\u015bciowe badanie wizerunku marki producent\u00f3w szk\u0142a w USA.<\/li>\n\n\n\n<li>Ilo\u015bciowe badanie wizerunku marki dla producenta szk\u0142a.<\/li>\n\n\n\n<li>Conducted an intercept study on <a href=\"https:\/\/www.sisinternational.com\/pl\/ekspertyza\/cv-z-doswiadczeniem\/badania-marki\/\" title=\"Firma badawcza marki\"  data-wpil-monitor-id=\"6299\">brand image for food companies<\/a><\/li>\n\n\n\n<li>Przeprowadzono badanie wizerunku i skuteczno\u015bci marki w firmie meblarskiej<\/li>\n<\/ul>\n\n\n\n<h3 class=\"wp-block-heading\">Kapita\u0142 marki<\/h3>\n\n\n\n<ul class=\"wp-block-list\">\n<li>Globalne badanie marki firm cukierniczych przeprowadzone na zlecenie azjatyckiej firmy reklamowej.<\/li>\n\n\n\n<li>Completed a brand awareness tracking study for a global manufacturer of a multi-purpose power tool in Australia, Chile, and Argentina.&nbsp; We conducted a pre and post wave of telephone interviews discussing these media campaigns.<\/li>\n\n\n\n<li>Przeprowadzono badanie warto\u015bci marki i \u015bwiadomo\u015bci marki na rynku meblowym w Ameryce P\u00f3\u0142nocnej.<\/li>\n\n\n\n<li>Conducted a brand equity and brand research <a href=\"https:\/\/www.sisinternational.com\/pl\/large-scale-research-for-small-companies\/\" title=\"Badania na du\u017c\u0105 skal\u0119 dla ma\u0142ych firm\"  data-wpil-monitor-id=\"2334\">strategy study for a major aerospace company<\/a> in the North American market.\u00a0 In 2009, we conducted a comprehensive, multi-phase global brand equity study for a major global aircraft engine manufacturer. We followed this with one-on-one interviews with key industry executives regarding current and anticipated industry issues. We surveyed airlines, appraisers, bankers, lessors, cargo companies and MROs including everyone from procurement and finance people to fleet managers and company executives. Our client used this <a href=\"https:\/\/www.sisinternational.com\/pl\/zasieg\/ameryka\/badania-rynku-na-karaibach\/badania-rynku-bahamy\/\" title=\"Badania rynku na Bahamach\"  data-wpil-monitor-id=\"4196\">research to refine their marketing<\/a> strategies and to inform next-generation aircraft engine initiatives.<\/li>\n\n\n\n<li>Przeprowadzono badanie lojalno\u015bci wobec marki za pomoc\u0105 kwestionariusza ilo\u015bciowego online.<\/li>\n<\/ul>\n\n\n\n<h3 class=\"wp-block-heading\">To\u017csamo\u015b\u0107 marki<\/h3>\n\n\n\n<ul class=\"wp-block-list\">\n<li>Przeprowadzono badania w centrach handlowych w USA, aby pozna\u0107 stosunek konsument\u00f3w do marek odzie\u017cy dost\u0119pnych w sklepach detalicznych.<\/li>\n\n\n\n<li>Przeprowadzono badanie maj\u0105ce na celu ustalenie marki i nazw funkcji nowego systemu operacyjnego w Japonii i Niemczech w\u015br\u00f3d u\u017cytkownik\u00f3w komputer\u00f3w PC.<\/li>\n\n\n\n<li>Przeprowadzono wywiady IDI z dziennikarzami i analitykami dotycz\u0105ce to\u017csamo\u015bci marki \/ \u015bwiadomo\u015bci paneli s\u0142onecznych<\/li>\n<\/ul>\n\n\n\n<h3 class=\"wp-block-heading\">Strategia marki<\/h3>\n\n\n\n<ul class=\"wp-block-list\">\n<li>produkt\u00f3w, globalnych sukces\u00f3w i pora\u017cek w budowaniu marki.<\/li>\n\n\n\n<li>Przeprowadzono badanie dotycz\u0105ce europejskich rozwi\u0105za\u0144 marek z udzia\u0142em radiolog\u00f3w.<\/li>\n\n\n\n<li>Badania jako\u015bciowe przeprowadzone w\u015br\u00f3d lekarzy i matek, dotycz\u0105ce reakcji na koncepcj\u0119 wprowadzenia na rynek ca\u0142ej linii produkt\u00f3w od\u017cywczych pod jedn\u0105 globaln\u0105 mark\u0105 i jej pozycjonowania.<\/li>\n\n\n\n<li>Skuteczne techniki zarz\u0105dzania mark\u0105 w bran\u017cy handlu detalicznego w USA.<\/li>\n\n\n\n<li>Zmiana strategii marki klienta z bran\u017cy produkcji okien na skierowan\u0105 do profesjonalnych wykonawc\u00f3w.<\/li>\n\n\n\n<li>Przeprowadzono badanie IDIS w celu oceny hase\u0142 korporacyjnych marki g\u0142\u00f3wnego producenta telefon\u00f3w kom\u00f3rkowych<\/li>\n<\/ul>\n\n\n\n<h2 class=\"wp-block-heading\"><a href=\"https:\/\/www.sisinternational.com\/pl\/about-sis\/contact-sis-international-market-research\/\">Skontaktuj si\u0119 z nami w sprawie Twojego kolejnego projektu bada\u0144 rynkowych i strategii marki.<\/a><\/h2>","protected":false},"excerpt":{"rendered":"<p>Skorzystaj z naszego do\u015bwiadczenia w zakresie budowania marki firmy i bada\u0144 marki.<\/p>","protected":false},"author":1,"featured_media":69135,"parent":15106,"menu_order":3,"comment_status":"closed","ping_status":"closed","template":"","meta":{"footnotes":""},"class_list":["post-19154","page","type-page","status-publish","has-post-thumbnail"],"_links":{"self":[{"href":"https:\/\/www.sisinternational.com\/pl\/wp-json\/wp\/v2\/pages\/19154","targetHints":{"allow":["GET"]}}],"collection":[{"href":"https:\/\/www.sisinternational.com\/pl\/wp-json\/wp\/v2\/pages"}],"about":[{"href":"https:\/\/www.sisinternational.com\/pl\/wp-json\/wp\/v2\/types\/page"}],"author":[{"embeddable":true,"href":"https:\/\/www.sisinternational.com\/pl\/wp-json\/wp\/v2\/users\/1"}],"replies":[{"embeddable":true,"href":"https:\/\/www.sisinternational.com\/pl\/wp-json\/wp\/v2\/comments?post=19154"}],"version-history":[{"count":8,"href":"https:\/\/www.sisinternational.com\/pl\/wp-json\/wp\/v2\/pages\/19154\/revisions"}],"predecessor-version":[{"id":80641,"href":"https:\/\/www.sisinternational.com\/pl\/wp-json\/wp\/v2\/pages\/19154\/revisions\/80641"}],"up":[{"embeddable":true,"href":"https:\/\/www.sisinternational.com\/pl\/wp-json\/wp\/v2\/pages\/15106"}],"wp:featuredmedia":[{"embeddable":true,"href":"https:\/\/www.sisinternational.com\/pl\/wp-json\/wp\/v2\/media\/69135"}],"wp:attachment":[{"href":"https:\/\/www.sisinternational.com\/pl\/wp-json\/wp\/v2\/media?parent=19154"}],"curies":[{"name":"wp","href":"https:\/\/api.w.org\/{rel}","templated":true}]}}