{"id":19150,"date":"2015-10-25T18:45:27","date_gmt":"2015-10-25T18:45:27","guid":{"rendered":"https:\/\/www.sisinternational.com\/?page_id=19150"},"modified":"2026-03-05T23:41:27","modified_gmt":"2026-03-06T04:41:27","slug":"firma-badawcza-rynku-b2b","status":"publish","type":"page","link":"https:\/\/www.sisinternational.com\/pl\/rozwiazania\/badania-rynku-b2b\/firma-badawcza-rynku-b2b\/","title":{"rendered":"Najlepsza firma zajmuj\u0105ca si\u0119 badaniami rynku B2B"},"content":{"rendered":"<h1 class=\"wp-block-heading\">Najlepsza firma zajmuj\u0105ca si\u0119 badaniami rynku B2B<\/h1>\n\n\n\n<p><\/p>\n\n\n\n<figure class=\"gb-block-image gb-block-image-a61a8d9b\"><img loading=\"lazy\" decoding=\"async\" width=\"1456\" height=\"816\" class=\"gb-image gb-image-a61a8d9b\" src=\"https:\/\/www.sisinternational.com\/wp-content\/uploads\/2025\/08\/B2Bjpg-4.jpg\" alt=\"SIS Mi\u0119dzynarodowe badania rynku i strategia\" title=\"B2Bjpg (4)\" srcset=\"https:\/\/www.sisinternational.com\/wp-content\/uploads\/2025\/08\/B2Bjpg-4.jpg 1456w, https:\/\/www.sisinternational.com\/wp-content\/uploads\/2025\/08\/B2Bjpg-4-300x168.jpg 300w, https:\/\/www.sisinternational.com\/wp-content\/uploads\/2025\/08\/B2Bjpg-4-1024x574.jpg 1024w, https:\/\/www.sisinternational.com\/wp-content\/uploads\/2025\/08\/B2Bjpg-4-768x430.jpg 768w, https:\/\/www.sisinternational.com\/wp-content\/uploads\/2025\/08\/B2Bjpg-4-18x10.jpg 18w\" sizes=\"auto, (max-width: 1456px) 100vw, 1456px\"><\/figure>\n\n\n\n<hr class=\"wp-block-separator has-alpha-channel-opacity is-style-dots\"\/>\n\n\n\n<h3 class=\"wp-block-heading\"><span style=\"font-weight: 400;\">Ka\u017cda \u015bwietna decyzja biznesowa zaczyna si\u0119 od w\u0142a\u015bciwych spostrze\u017ce\u0144 \u2014 a w\u0142a\u015bnie to zapewnia wiod\u0105ca firma zajmuj\u0105ca si\u0119 badaniami rynku B2B.<\/span><\/h3>\n\n\n\n<p><span style=\"font-weight: 400;\">Najlepsza firma badawcza rynku B2B \u0142\u0105czy dane z dzia\u0142aniem, zapewniaj\u0105c, \u017ce Twoje decyzje s\u0105 zgodne z wymaganiami rynku. Od eksploracji preferencji klient\u00f3w po analiz\u0119 trend\u00f3w w bran\u017cy, te firmy wyposa\u017caj\u0105 firmy w wiedz\u0119, aby nap\u0119dza\u0107 wzrost, zmniejsza\u0107 ryzyko i osi\u0105ga\u0107 d\u0142ugoterminowy sukces.<\/span><\/p>\n\n\n\n<h2 class=\"wp-block-heading\"><strong>Jaka jest najlepsza firma zajmuj\u0105ca si\u0119 badaniami rynku B2B?<\/strong><\/h2>\n\n\n\n<p><span style=\"font-weight: 400;\">A top B2B market research company delivers key insights and data-driven strategies tailored to the unique needs of business-to-business markets. These <a href=\"https:\/\/www.sisinternational.com\/pl\/firma-prognozujaca-trendy-w-branzy-b2b\/\" title=\"Firma prognozuj\u0105ca najlepsze trendy w bran\u017cy B2B\"  data-wpil-monitor-id=\"1634\">companies conduct in-depth analyses to uncover trends<\/a>, identify opportunities, and address challenges within specific industries. Their services include gathering qualitative and quantitative data through surveys, focus groups, interviews, and data analytics.&nbsp;<\/span><\/p>\n\n\n\n<p><span style=\"font-weight: 400;\">For instance, a top <a class=\"wpil_keyword_link\" href=\"https:\/\/www.sisinternational.com\/pl\/rozwiazania\/badania-rynku-b2b\/\"   title=\"Badania rynku B2B\" data-wpil-keyword-link=\"linked\"  data-wpil-monitor-id=\"785\">Badania rynku B2B<\/a> company might help a logistics firm analyze regional demand for supply chain solutions or assist a software company in understanding the needs of enterprise clients for a new SaaS product.&nbsp;<\/span><\/p>\n\n\n\n<h2 class=\"wp-block-heading\"><strong>Dlaczego firmy potrzebuj\u0105 firmy zajmuj\u0105cej si\u0119 badaniami rynku B2B?<\/strong><\/h2>\n\n\n\n<p><\/p>\n\n\n\n<figure class=\"gb-block-image gb-block-image-f8cab8e1\"><img loading=\"lazy\" decoding=\"async\" width=\"1456\" height=\"816\" class=\"gb-image gb-image-f8cab8e1\" src=\"https:\/\/www.sisinternational.com\/wp-content\/uploads\/2025\/08\/B2B-2-4.jpg\" alt=\"SIS Mi\u0119dzynarodowe badania rynku i strategia\" title=\"B2B 2 (4)\" srcset=\"https:\/\/www.sisinternational.com\/wp-content\/uploads\/2025\/08\/B2B-2-4.jpg 1456w, https:\/\/www.sisinternational.com\/wp-content\/uploads\/2025\/08\/B2B-2-4-300x168.jpg 300w, https:\/\/www.sisinternational.com\/wp-content\/uploads\/2025\/08\/B2B-2-4-1024x574.jpg 1024w, https:\/\/www.sisinternational.com\/wp-content\/uploads\/2025\/08\/B2B-2-4-768x430.jpg 768w, https:\/\/www.sisinternational.com\/wp-content\/uploads\/2025\/08\/B2B-2-4-18x10.jpg 18w\" sizes=\"auto, (max-width: 1456px) 100vw, 1456px\"><\/figure>\n\n\n\n<p><\/p>\n\n\n\n<p><span style=\"font-weight: 400;\"><a href=\"https:\/\/www.sisinternational.com\/pl\/rozwiazania\/badania-rynku-b2b\/best-practices-for-b2b-market-research\/\" title=\"Best Practices for B2B Market Research\"  data-wpil-monitor-id=\"1790\">Badania rynku B2B<\/a> firms provide the expertise and tools necessary to address these complexities, enabling organizations to make data-driven decisions and stay ahead in competitive industries. Here\u2019s why businesses need the support of a <a href=\"https:\/\/www.sisinternational.com\/pl\/rozwiazania\/legal-market-research\/mock-jury-market-research-3\/\" title=\"Najlepsza firma zajmuj\u0105ca si\u0119 badaniami rynku pozorowanych \u0142aw przysi\u0119g\u0142ych\"  data-wpil-monitor-id=\"912\">top B2B market research company<\/a>:<\/span><\/p>\n\n\n\n<h4 class=\"wp-block-heading\"><b>Zrozumienie z\u0142o\u017conych cykli zakupowych<\/b><\/h4>\n\n\n\n<p><span style=\"font-weight: 400;\">Multiple stakeholders, longer sales cycles, and intricate approval processes typically influence B2B purchasing decisions. A <a href=\"https:\/\/www.sisinternational.com\/pl\/najlepsza-firma-zajmujaca-sie-strategia-marketingowa\/\" title=\"Najlepsza firma strategii marketingowej\"  data-wpil-monitor-id=\"998\">top B2B market research company<\/a> helps businesses map out these decision-making journeys, uncovering critical factors influencing buyer behavior.&nbsp;<\/span><\/p>\n\n\n\n<h4 class=\"wp-block-heading\"><b>Identyfikacja szans rynkowych<\/b><\/h4>\n\n\n\n<p><span style=\"font-weight: 400;\"><a href=\"https:\/\/www.sisinternational.com\/pl\/firma-monitorujaca-trendy-na-rynku-b2b\/\" title=\"Najlepsza firma monitoruj\u0105ca trendy na rynku B2B\"  data-wpil-monitor-id=\"1224\">B2B market research companies<\/a> conduct thorough market analyses to identify demand, assess competition, and evaluate entry barriers. This ensures businesses can confidently pursue growth opportunities while mitigating potential challenges.&nbsp;<\/span><\/p>\n\n\n\n<h4 class=\"wp-block-heading\"><b>Optymalizacja strategii marketingowych i sprzeda\u017cy<\/b><\/h4>\n\n\n\n<p><span style=\"font-weight: 400;\">A <a href=\"https:\/\/www.sisinternational.com\/pl\/badania-rynku-generowania-leadow-b2b\/\" title=\"Badania rynku generowania lead\u00f3w B2B\"  data-wpil-monitor-id=\"1339\">leading B2B market research<\/a> company helps businesses refine their messaging, identify the most effective marketing channels, and tailor their value propositions to resonate with target audiences.&nbsp;<\/span><\/p>\n\n\n\n<h4 class=\"wp-block-heading\"><b>Zwi\u0119kszanie retencji klient\u00f3w<\/b><\/h4>\n\n\n\n<p><span style=\"font-weight: 400;\">Understanding client pain points, satisfaction levels, and future needs is crucial for maintaining these relationships. A <a href=\"https:\/\/www.sisinternational.com\/pl\/wiodaca-globalna-firma-zajmujaca-sie-badaniami-jakosciowymi\/\" title=\"Wiod\u0105ca globalna firma zajmuj\u0105ca si\u0119 badaniami jako\u015bciowymi\"  data-wpil-monitor-id=\"1025\">top B2B market research company<\/a> conducts customer satisfaction studies and retention analyses to help businesses strengthen their client base.<\/span><\/p>\n\n\n\n<h2 class=\"wp-block-heading\"><strong>Mo\u017cliwo\u015bci w badaniach rynku B2B<\/strong><\/h2>\n\n\n\n<p><span style=\"font-weight: 400;\">The evolving business landscape presents several opportunities for <a href=\"https:\/\/www.sisinternational.com\/pl\/najlepsza-firma-generujaca-popyt-b2b\/\" title=\"Najlepsza firma generuj\u0105ca popyt B2B\"  data-wpil-monitor-id=\"1393\">companies<\/a> to leverage the insights of a B2B market research company. Below are some critical opportunities for businesses to explore through <a href=\"https:\/\/www.sisinternational.com\/pl\/rozwiazania\/b2b-brand-awareness-market-research\/\" title=\"B2B Brand Awareness Market Research\"  data-wpil-monitor-id=\"2318\">Badania rynku B2B<\/a>:<\/span><\/p>\n\n\n\n<h4 class=\"wp-block-heading\"><b>1. Ekspansja na rynki wschodz\u0105ce<\/b><\/h4>\n\n\n\n<p><span style=\"font-weight: 400;\">Rapid economic growth in Southeast Asia, Africa, and Latin America presents untapped opportunities. <a href=\"https:\/\/www.sisinternational.com\/pl\/rozwiazania\/b2b-online-community-market-research-company\/\" title=\"B2B Online Community Market Research Company\"  data-wpil-monitor-id=\"2378\">Badania rynku B2B<\/a> can identify high-potential markets, cultural nuances, and local regulatory requirements, enabling businesses to tailor their strategies effectively.<\/span><\/p>\n\n\n\n<h4 class=\"wp-block-heading\"><b>2. Wykorzystanie transformacji cyfrowej<\/b><\/h4>\n\n\n\n<p><span style=\"font-weight: 400;\"><a href=\"https:\/\/www.sisinternational.com\/pl\/najlepsza-firma-zajmujaca-sie-strategia-wejscia-na-rynek-b2b\/\" title=\"Najlepsza firma oferuj\u0105ca strategi\u0119 wej\u015bcia na rynek B2B\"  data-wpil-monitor-id=\"1367\">Companies can use B2B market<\/a> research to assess how AI, machine learning, and blockchain impact their markets, helping them integrate these innovations to enhance operations and customer experiences.<\/span><\/p>\n\n\n\n<h4 class=\"wp-block-heading\"><b>3. Zgodno\u015b\u0107 z ESG i zr\u00f3wnowa\u017conym rozwojem<\/b><\/h4>\n\n\n\n<p><span style=\"font-weight: 400;\">Dzi\u0119ki kryteriom \u015brodowiskowym, spo\u0142ecznym i \u0142adu korporacyjnego (ESG) zyskuj\u0105cym na znaczeniu firmy mog\u0105 pozycjonowa\u0107 si\u0119 jako liderzy w dziedzinie zr\u00f3wnowa\u017conego rozwoju. Te badania rynku pomagaj\u0105 zidentyfikowa\u0107 priorytety klient\u00f3w w zakresie zielonych praktyk i zgodno\u015bci, umo\u017cliwiaj\u0105c firmom odpowiednie dostosowanie swoich ofert.<\/span><\/p>\n\n\n\n<h4 class=\"wp-block-heading\"><b>4. Dostosowanie i personalizacja<\/b><\/h4>\n\n\n\n<p><span style=\"font-weight: 400;\">Badania rynku pozwalaj\u0105 pozna\u0107 konkretne potrzeby klient\u00f3w, co pozwala firmom dostarcza\u0107 im produkty, us\u0142ugi i do\u015bwiadczenia dostosowane do ich potrzeb.<\/span><\/p>\n\n\n\n<h4 class=\"wp-block-heading\"><b>5. Innowacje w rozwoju produkt\u00f3w i us\u0142ug<\/b><\/h4>\n\n\n\n<p><span style=\"font-weight: 400;\">A <a href=\"https:\/\/www.sisinternational.com\/pl\/najlepsza-firma-zajmujaca-sie-optymalizacja-sprzedazy-b2b\/\" title=\"Najlepsza firma zajmuj\u0105ca si\u0119 optymalizacj\u0105 sprzeda\u017cy B2B\"  data-wpil-monitor-id=\"1661\">B2B market research company<\/a> helps businesses identify unmet needs, test new ideas, and refine product offerings to resonate with their target audience.<\/span><\/p>\n\n\n\n<h3 class=\"wp-block-heading p12\"><b>Przyk\u0142ady naszych by\u0142ych i obecnych klient\u00f3w<\/b><\/h3>\n\n\n\n<p><\/p>\n\n\n\n<figure class=\"gb-block-image gb-block-image-a0ad1b08\"><img loading=\"lazy\" decoding=\"async\" width=\"1456\" height=\"816\" class=\"gb-image gb-image-a0ad1b08\" src=\"https:\/\/www.sisinternational.com\/wp-content\/uploads\/2025\/08\/B2Bjpg-3.jpg\" alt=\"SIS Mi\u0119dzynarodowe badania rynku i strategia\" title=\"B2Bjpg (3)\" srcset=\"https:\/\/www.sisinternational.com\/wp-content\/uploads\/2025\/08\/B2Bjpg-3.jpg 1456w, https:\/\/www.sisinternational.com\/wp-content\/uploads\/2025\/08\/B2Bjpg-3-300x168.jpg 300w, https:\/\/www.sisinternational.com\/wp-content\/uploads\/2025\/08\/B2Bjpg-3-1024x574.jpg 1024w, https:\/\/www.sisinternational.com\/wp-content\/uploads\/2025\/08\/B2Bjpg-3-768x430.jpg 768w, https:\/\/www.sisinternational.com\/wp-content\/uploads\/2025\/08\/B2Bjpg-3-18x10.jpg 18w\" sizes=\"auto, (max-width: 1456px) 100vw, 1456px\"><\/figure>\n\n\n\n<p><\/p>\n\n\n\n<ul class=\"wp-block-list\">\n<li>Materia\u0142y 3M do kontroli ruchu<\/li>\n\n\n\n<li>klon<\/li>\n\n\n\n<li>Firma Alfabet<\/li>\n\n\n\n<li>Amway<\/li>\n\n\n\n<li>Jab\u0142ko<\/li>\n\n\n\n<li>Materia\u0142y stosowane<\/li>\n\n\n\n<li>AT&amp;T<\/li>\n\n\n\n<li>Avery Dennison<\/li>\n\n\n\n<li>Bain &amp; Co.<\/li>\n\n\n\n<li>Dzwon Po\u0142udniowy<\/li>\n\n\n\n<li>Dzwonek<\/li>\n\n\n\n<li>Brady Corp<\/li>\n\n\n\n<li>Cisco<\/li>\n\n\n\n<li>Stowarzyszenie Producent\u00f3w Zamkni\u0119\u0107<\/li>\n\n\n\n<li>Po\u0142\u0105cz Teleservices, LLC<\/li>\n\n\n\n<li>Rozwi\u0105zania Covidien Respiratory and Monitoring<\/li>\n\n\n\n<li>Kontinuum<\/li>\n\n\n\n<li>Cummins<\/li>\n\n\n\n<li>Daimler<\/li>\n\n\n\n<li>Cyfrowa Korporacja Sprz\u0119towa<\/li>\n\n\n\n<li>D\u017awignia r\u00f3\u017cnorodno\u015bci<\/li>\n\n\n\n<li>Dremel<\/li>\n\n\n\n<li>Eastman Kodak<\/li>\n\n\n\n<li>EC21<\/li>\n\n\n\n<li>Systemy danych elektronicznych<\/li>\n\n\n\n<li>Elf Akwitania<\/li>\n\n\n\n<li>Exxon Mobil<\/li>\n\n\n\n<li>Fasson \u2013 Dzia\u0142 Rolek<\/li>\n\n\n\n<li>Grupa Pi\u0119\u0107 Dwana\u015bcie<\/li>\n\n\n\n<li>Fleishman Hillard<\/li>\n\n\n\n<li>Firma Ford Motor Company<\/li>\n\n\n\n<li>Genecor<\/li>\n\n\n\n<li>Og\u00f3lne Elektryczne<\/li>\n\n\n\n<li>Generalny Motors<\/li>\n\n\n\n<li>Ziarniak<\/li>\n\n\n\n<li>Us\u0142ugi informacyjne GTE<\/li>\n\n\n\n<li>Hewlett-Packard<\/li>\n\n\n\n<li>Wzg\u00f3rze-Rom<\/li>\n\n\n\n<li>IBM<\/li>\n\n\n\n<li>W-Zlew-Erator<\/li>\n\n\n\n<li>Itwaslina<\/li>\n\n\n\n<li>Kontrole Johnsona<\/li>\n\n\n\n<li>Kohler<\/li>\n\n\n\n<li>Milliken i sp\u00f3\u0142ka<\/li>\n\n\n\n<li>Motorol\u0119<\/li>\n\n\n\n<li>MTS<\/li>\n\n\n\n<li>Nicholson Kovac, Inc.<\/li>\n\n\n\n<li>Nikkei<\/li>\n\n\n\n<li>Nissan<\/li>\n\n\n\n<li>Noki\u0119<\/li>\n\n\n\n<li>P\u00f3\u0142nocny<\/li>\n\n\n\n<li>Dzwon Pacyfiku<\/li>\n\n\n\n<li>Parsons Brinckerhoff<\/li>\n\n\n\n<li>Pitney Bowes<\/li>\n\n\n\n<li>Pohl-Boskamp<\/li>\n\n\n\n<li>Korporacja Polaroid<\/li>\n\n\n\n<li>Reliance Elektryczne<\/li>\n\n\n\n<li>Grafika Rexam<\/li>\n\n\n\n<li>Rinnai<\/li>\n\n\n\n<li>SAMSUNG<\/li>\n\n\n\n<li>Wosk SC Johnson<\/li>\n\n\n\n<li>Zamkni\u0119cia Seaquist<\/li>\n\n\n\n<li>Firma Sensormatic Electronics Corporation<\/li>\n\n\n\n<li>Pow\u0142oka<\/li>\n\n\n\n<li>Siemens<\/li>\n\n\n\n<li>Korporacja Simplex<\/li>\n\n\n\n<li>Dzwon po\u0142udniowo-zachodni<\/li>\n\n\n\n<li>Wydawnictwo Springer<\/li>\n\n\n\n<li>Prace Stanleya<\/li>\n\n\n\n<li>Obudowa ze stali<\/li>\n\n\n\n<li>Teikoku Databank Ameryka<\/li>\n\n\n\n<li>Wydawnictwo Thomas<\/li>\n\n\n\n<li>Toyota<\/li>\n\n\n\n<li>Unia Pacyfiku<\/li>\n\n\n\n<li>Unisys<\/li>\n\n\n\n<li>Zjednoczona Technologia<\/li>\n\n\n\n<li>Volvo North America Corp.<\/li>\n\n\n\n<li>WR Grace &amp; Company<\/li>\n\n\n\n<li>Korporacja Whirlpool<\/li>\n\n\n\n<li>Rozk\u0142ad przewodowy<\/li>\n<\/ul>\n\n\n\n<h2 class=\"wp-block-heading\"><strong>Co sprawia, \u017ce SIS International jest wiod\u0105c\u0105 firm\u0105 zajmuj\u0105c\u0105 si\u0119 badaniami rynku B2B<\/strong><\/h2>\n\n\n\n<p><a href=\"https:\/\/www.linkedin.com\/company\/sisinternationalresearch\/\" target=\"_blank\" rel=\"noopener\"><span style=\"font-weight: 400;\">SIS Mi\u0119dzynarodowy<\/span><\/a><span style=\"font-weight: 400;\"> dostarcza wysokiej jako\u015bci spostrze\u017cenia i wykonalne strategie dla firm z r\u00f3\u017cnych bran\u017c. Maj\u0105c udokumentowane osi\u0105gni\u0119cia w zakresie sukces\u00f3w, firma \u0142\u0105czy g\u0142\u0119bok\u0105 wiedz\u0119 specjalistyczn\u0105, innowacyjne metodologie i podej\u015bcie skoncentrowane na kliencie, aby pom\u00f3c organizacjom podejmowa\u0107 decyzje oparte na danych.<\/span><\/p>\n\n\n\n<p><b>Kompleksowa wiedza rynkowa<\/b><b><br><\/b><b><br><\/b><a href=\"https:\/\/twitter.com\/SISIntlResearch\" target=\"_blank\" rel=\"noopener\"><span style=\"font-weight: 400;\">SIS<\/span><\/a><span style=\"font-weight: 400;\"> specjalizuje si\u0119 w rynkach B2B, oferuj\u0105c niezr\u00f3wnane spostrze\u017cenia na temat z\u0142o\u017conych bran\u017c, takich jak technologia, opieka zdrowotna, produkcja i us\u0142ugi finansowe. Nasz zesp\u00f3\u0142 ekspert\u00f3w wnosi lata do\u015bwiadczenia i niuanse zrozumienia wyzwa\u0144 specyficznych dla bran\u017cy.<\/span><\/p>\n\n\n\n<p><b>Globalny zasi\u0119g z lokaln\u0105 wiedz\u0105 specjalistyczn\u0105<\/b><b><br><\/b><b><br><\/b><span style=\"font-weight: 400;\">We provide businesses with a global perspective and localized insights. It ensures clients receive strategies tailored to their specific markets, whether they\u2019re navigating regional regulations or cultural dynamics.<\/span><\/p>\n\n\n\n<p><b>Innowacyjne metody badawcze<\/b><b><br><\/b><b><br><\/b><a href=\"https:\/\/medium.com\/@sisinternational\/sis-international-c17160da8fac\" target=\"_blank\" rel=\"noopener\"><span style=\"font-weight: 400;\">SIS<\/span><\/a><span style=\"font-weight: 400;\"> wykorzystuje najnowocze\u015bniejsze metodologie, w tym zaawansowan\u0105 analityk\u0119 danych, modelowanie predykcyjne i narz\u0119dzia cyfrowe. Firma dostarcza niezawodne i przysz\u0142o\u015bciowe spostrze\u017cenia, integruj\u0105c tradycyjne i nowoczesne techniki badawcze.<\/span><\/p>\n\n\n\n<p><b>Zaanga\u017cowanie w praktyczne spostrze\u017cenia<\/b><b><br><\/b><b><br><\/b><span style=\"font-weight: 400;\">Nasz zesp\u00f3\u0142 wykracza poza zbieranie danych, przekszta\u0142caj\u0105c surowe informacje w wykonalne strategie. Klienci korzystaj\u0105 z jasnych, praktycznych rekomendacji, kt\u00f3re s\u0105 zgodne z ich celami biznesowymi i przynosz\u0105 mierzalne rezultaty.<\/span><\/p>\n\n\n\n<p><b>Zaufali nam liderzy bran\u017cy<\/b><b><br><\/b><b><br><\/b><span style=\"font-weight: 400;\">SIS International nawi\u0105za\u0142o wsp\u00f3\u0142prac\u0119 z wiod\u0105cymi firmami w r\u00f3\u017cnych bran\u017cach, zyskuj\u0105c reputacj\u0119 doskona\u0142o\u015bci, niezawodno\u015bci i warto\u015bci. Jej klienci ufaj\u0105, \u017ce firma dostarczy im spostrze\u017ce\u0144, kt\u00f3re umo\u017cliwi\u0105 im podejmowanie \u015bwiadomych i wp\u0142ywowych decyzji.<\/span><\/p>\n\n\n\n<h3 class=\"wp-block-heading\"><b>Mi\u0119dzynarodowa przewaga SIS<\/b><\/h3>\n\n\n\n<p><span style=\"font-weight: 400;\">SIS International is more than just a research provider\u2014it\u2019s a strategic partner dedicated to helping businesses navigate complex markets and achieve sustainable growth. As a <a href=\"https:\/\/www.sisinternational.com\/pl\/najlepsza-globalna-firma-zajmujaca-sie-ilosciowymi-badaniami-rynku\/\" title=\"Najlepsza globalna firma zajmuj\u0105ca si\u0119 ilo\u015bciowymi badaniami rynku\" data-wpil-monitor-id=\"1047\">top B2B market research company<\/a>, SIS International combines expertise, innovation, and client-centricity to deliver unparalleled value.<\/span><\/p>\n\n\n\n<h2 class=\"wp-block-heading\">Lokalizacja naszego obiektu w Nowym Jorku<\/h2>\n\n\n\n<p>\n\n\n\n<iframe loading=\"lazy\" src=\"https:\/\/www.google.com\/maps\/embed?pb=!1m18!1m12!1m3!1d3022.976188376966!2d-73.99130312499956!3d40.740549471389315!2m3!1f0!2f0!3f0!3m2!1i1024!2i768!4f13.1!3m3!1m2!1s0x89c259a15798c731%3A0xd695d09bdd495f25!2s11%20E%2022nd%20St%20FL%202%2C%20New%20York%2C%20NY%2010010%2C%20USA!5e0!3m2!1sen!2spe!4v1726171763526!5m2!1sen!2spe\" width=\"600\" height=\"450\" allowfullscreen=\"allowfullscreen\" data-mce-fragment=\"1\"><\/iframe>\n\n\n\n<\/p>\n\n\n\n<h3 class=\"wp-block-heading\">11 E 22nd Street, pi\u0119tro 2, Nowy Jork, NY 10010 T: +1(212) 505-6805<\/h3>\n\n\n\n<hr class=\"wp-block-separator has-alpha-channel-opacity\"\/>\n\n\n\n<h2 class=\"wp-block-heading\"><span style=\"font-weight: 400;\">O firmie SIS International<\/span><\/h2>\n\n\n\n<p><a href=\"https:\/\/www.sisinternational.com\/pl\/\"><span style=\"font-weight: 400;\">SIS Mi\u0119dzynarodowy<\/span><\/a><span style=\"font-weight: 400;\"> oferuje badania ilo\u015bciowe, jako\u015bciowe i strategiczne. Dostarczamy dane, narz\u0119dzia, strategie, raporty i spostrze\u017cenia do podejmowania decyzji. Prowadzimy r\u00f3wnie\u017c wywiady, ankiety, grupy fokusowe i inne metody i podej\u015bcia do bada\u0144 rynku.<\/span><a href=\"https:\/\/www.sisinternational.com\/pl\/o-moich-miedzynarodowych-badaniach\/contact-sis-international-market-research\/\"><span style=\"font-weight: 400;\"> Skontaktuj si\u0119 z nami<\/span><\/a><span style=\"font-weight: 400;\"> dla Twojego kolejnego projektu badania rynku.<\/span><\/p>\n\n\n\n<p><\/p>","protected":false},"excerpt":{"rendered":"<p>Skorzystaj z naszego globalnego do\u015bwiadczenia w bran\u017cy B2B.<\/p>","protected":false},"author":1,"featured_media":62382,"parent":11292,"menu_order":0,"comment_status":"closed","ping_status":"closed","template":"","meta":{"footnotes":""},"class_list":["post-19150","page","type-page","status-publish","has-post-thumbnail"],"_links":{"self":[{"href":"https:\/\/www.sisinternational.com\/pl\/wp-json\/wp\/v2\/pages\/19150","targetHints":{"allow":["GET"]}}],"collection":[{"href":"https:\/\/www.sisinternational.com\/pl\/wp-json\/wp\/v2\/pages"}],"about":[{"href":"https:\/\/www.sisinternational.com\/pl\/wp-json\/wp\/v2\/types\/page"}],"author":[{"embeddable":true,"href":"https:\/\/www.sisinternational.com\/pl\/wp-json\/wp\/v2\/users\/1"}],"replies":[{"embeddable":true,"href":"https:\/\/www.sisinternational.com\/pl\/wp-json\/wp\/v2\/comments?post=19150"}],"version-history":[{"count":20,"href":"https:\/\/www.sisinternational.com\/pl\/wp-json\/wp\/v2\/pages\/19150\/revisions"}],"predecessor-version":[{"id":76726,"href":"https:\/\/www.sisinternational.com\/pl\/wp-json\/wp\/v2\/pages\/19150\/revisions\/76726"}],"up":[{"embeddable":true,"href":"https:\/\/www.sisinternational.com\/pl\/wp-json\/wp\/v2\/pages\/11292"}],"wp:featuredmedia":[{"embeddable":true,"href":"https:\/\/www.sisinternational.com\/pl\/wp-json\/wp\/v2\/media\/62382"}],"wp:attachment":[{"href":"https:\/\/www.sisinternational.com\/pl\/wp-json\/wp\/v2\/media?parent=19150"}],"curies":[{"name":"wp","href":"https:\/\/api.w.org\/{rel}","templated":true}]}}