{"id":19141,"date":"2015-10-25T18:13:12","date_gmt":"2015-10-25T18:13:12","guid":{"rendered":"https:\/\/www.sisinternational.com\/?page_id=19141"},"modified":"2026-03-12T11:54:24","modified_gmt":"2026-03-12T15:54:24","slug":"cv-z-doswiadczeniem-w-branzy-motoryzacyjnej","status":"publish","type":"page","link":"https:\/\/www.sisinternational.com\/pl\/ekspertyza\/badania-rynku-motoryzacyjnego\/cv-z-doswiadczeniem-w-branzy-motoryzacyjnej\/","title":{"rendered":"Firma badawcza rynku bran\u017cy motoryzacyjnej"},"content":{"rendered":"<h1 class=\"wp-block-heading\">Do\u015bwiadczenie w badaniach rynku bran\u017cy motoryzacyjnej<\/h1>\n\n\n\n<p><\/p>\n\n\n\n<figure class=\"gb-block-image gb-block-image-bda5eeb9\"><img loading=\"lazy\" decoding=\"async\" width=\"1456\" height=\"816\" class=\"gb-image gb-image-bda5eeb9\" src=\"https:\/\/www.sisinternational.com\/wp-content\/uploads\/2025\/09\/Automotive-Market-Research-in-Europe-1.jpg\" alt=\"SIS Mi\u0119dzynarodowe badania rynku i strategia\" title=\"Automotive Market Research in Europe (1)\" srcset=\"https:\/\/www.sisinternational.com\/wp-content\/uploads\/2025\/09\/Automotive-Market-Research-in-Europe-1.jpg 1456w, https:\/\/www.sisinternational.com\/wp-content\/uploads\/2025\/09\/Automotive-Market-Research-in-Europe-1-300x168.jpg 300w, https:\/\/www.sisinternational.com\/wp-content\/uploads\/2025\/09\/Automotive-Market-Research-in-Europe-1-1024x574.jpg 1024w, https:\/\/www.sisinternational.com\/wp-content\/uploads\/2025\/09\/Automotive-Market-Research-in-Europe-1-768x430.jpg 768w, https:\/\/www.sisinternational.com\/wp-content\/uploads\/2025\/09\/Automotive-Market-Research-in-Europe-1-18x10.jpg 18w\" sizes=\"auto, (max-width: 1456px) 100vw, 1456px\"><\/figure>\n\n\n\n<p><\/p>\n\n\n\n<h2 class=\"wp-block-heading\">Nasze do\u015bwiadczenie w badaniach rynku w bran\u017cy motoryzacyjnej<\/h2>\n\n\n\n<p><strong>SIS jest wiod\u0105c\u0105 globaln\u0105 firm\u0105 zajmuj\u0105c\u0105 si\u0119 badaniami rynku motoryzacyjnego i strategi\u0105. Skorzystaj z naszego do\u015bwiadczenia w bran\u017cy motoryzacyjnej.<\/strong><\/p>\n\n\n\n<ul class=\"wp-block-list\">\n<li>Przeprowadzono badanie ilo\u015bciowe i jako\u015bciowe dotycz\u0105ce opinii konsument\u00f3w na temat stawki za sprz\u0119t i konieczno\u015bci ka\u017cdej opcji, oczekiwanej ceny, preferencji i pomys\u0142\u00f3w na nowe opcje\/funkcje.<\/li>\n\n\n\n<li>Przeprowadzono badania etnograficzne dotycz\u0105ce od\u015bwie\u017caczy powietrza w Brazylii i Chinach.<\/li>\n\n\n\n<li>Przeprowadzono du\u017c\u0105 klinik\u0119 samochodow\u0105 w Nowym Jorku na temat technologii czujnik\u00f3w parkowania.<\/li>\n\n\n\n<li>Conducted an in-depth <a href=\"https:\/\/www.sisinternational.com\/pl\/rozwiazania\/grupy-fokusowe\/grupy-fokusowe-z-nyc-beda-testowac-produkty-dla-seniorow\/\" title=\"Wykorzystanie grup fokusowych w Nowym Jorku do testowania produkt\u00f3w dla senior\u00f3w \u00a0\"  data-wpil-monitor-id=\"10537\">focus group and ethnographic study in NYC<\/a>, LA and Seattle among Generation Y about their attitudes towards a new car concept.<\/li>\n\n\n\n<li><a href=\"https:\/\/www.sisinternational.com\/pl\/rozwiazania\/badania-rynku-w-grupie-fokusowej\/how-to-conduct-a-focus-group\/\" title=\"Jak przeprowadzi\u0107 grup\u0119 fokusow\u0105\"  data-wpil-monitor-id=\"10534\">Conducted focus groups<\/a> of very low-incidence car owners in the Los Angeles area<\/li>\n\n\n\n<li>Przeprowadzono badanie w\u015br\u00f3d kupuj\u0105cych i niekupuj\u0105cych BMW w celu zebrania informacji o potrzebach i preferencjach<\/li>\n\n\n\n<li>Przeprowadzono globalne badanie dotycz\u0105ce pojazd\u00f3w hybrydowo-elektrycznych (HEV), ze szczeg\u00f3lnym uwzgl\u0119dnieniem Argentyny, Brazylii, Chile, Meksyku, Australii i Nowej Zelandii<\/li>\n\n\n\n<li><a href=\"https:\/\/www.sisinternational.com\/pl\/how-to-conduct-effective-desk-research\/\" title=\"How to Conduct Effective Desk Research\"  data-wpil-monitor-id=\"10541\">Conducted advertising effectiveness research<\/a> and CAWI interviews in NYC among high income, low incidence European automobile drivers.<\/li>\n\n\n\n<li>Przeprowadzono jako\u015bciowe grupy dyskusyjne na temat do\u015bwiadcze\u0144 w\u0142a\u015bcicieli luksusowych samochod\u00f3w w salonach sprzeda\u017cy samochod\u00f3w<\/li>\n\n\n\n<li>Przeprowadzono du\u017ce badanie rynku motoryzacyjnego (F2F, CATI) o niskiej cz\u0119stotliwo\u015bci wyst\u0119powania i w segmencie luksusowych samochod\u00f3w w Waszyngtonie.<\/li>\n\n\n\n<li>Przeprowadzi\u0142em rekrutacj\u0119 i badania terenowe w du\u017cej klinice samochodowej w Los Angeles dla du\u017cego europejskiego producenta samochod\u00f3w<\/li>\n\n\n\n<li>Przeprowadzono badanie r\u00f3\u017cnych materia\u0142\u00f3w sprzeda\u017cowych z perspektywy klienta europejskiej firmy produkuj\u0105cej luksusowe samochody.<\/li>\n\n\n\n<li>Przeprowadzono badanie konkurencji w\u015br\u00f3d dw\u00f3ch g\u0142\u00f3wnych konkurent\u00f3w OEM, kt\u00f3rzy s\u0105 dystrybutorami podzespo\u0142\u00f3w samochodowych.<\/li>\n\n\n\n<li>Conducted worldwide study of auto drives.&nbsp; Conducted focus groups in the following countries: Argentina, Brazil, France, Germany, Hong Kong, Italy, Japan, Malaysia, Netherlands, Norway, Puerto Rico, Singapore, Thailand, and the UK.<\/li>\n\n\n\n<li>Przeprowadzono badanie Business Intelligence w celu zbadania oceny konkurencyjno\u015bci drugiego etapu produkcji w przedsi\u0119biorstwach motoryzacyjnych.<\/li>\n\n\n\n<li><a href=\"https:\/\/www.sisinternational.com\/pl\/how-to-conduct-in-depth-interviews-for-market-insights\/\" title=\"Jak przeprowadza\u0107 pog\u0142\u0119bione wywiady w celu uzyskania wgl\u0105du w rynek\"  data-wpil-monitor-id=\"10530\">Conducted in-depth interviews<\/a> on new advertising slogans for a high-end car.<\/li>\n\n\n\n<li>Badanie wizerunku reklamowego przedsi\u0119biorstwa w USA dla du\u017cego europejskiego producenta samochod\u00f3w.<\/li>\n\n\n\n<li>Badanie jako\u015bciowe dla m\u0142odych Amerykan\u00f3w na temat motoryzacji w USA.<\/li>\n\n\n\n<li>Conducted study in Asia for the <a href=\"https:\/\/www.sisinternational.com\/pl\/opinia-o-produkcie-spostrzezenia-kulturowe-wejscie-na-rynek-azja-do-europy\/\" title=\"Badania wej\u015bcia na rynek motoryzacyjny | Studium przypadku\"  data-wpil-monitor-id=\"6669\">automobilowy<\/a> testing equipment market.<\/li>\n\n\n\n<li>Przeprowadzono program reklamy zwi\u0119kszaj\u0105cej \u015bwiadomo\u015b\u0107 wizerunku globalnego producenta samochod\u00f3w.<\/li>\n\n\n\n<li>Ocena konkurencyjno\u015bci du\u017cej firmy samochodowej w Tajlandii.<\/li>\n\n\n\n<li>Jako\u015bciowe, pog\u0142\u0119bione wywiady z u\u017cytkownikami nowych modeli SUV-\u00f3w.<\/li>\n\n\n\n<li>Zidentyfikowano trendy zakupowe i preferencje konsumenckie dotycz\u0105ce samochod\u00f3w w\u015br\u00f3d singli w USA<\/li>\n\n\n\n<li>Przeprowadzono badanie maj\u0105ce na celu analiz\u0119 obecnych warunk\u00f3w parkowania na miejscach parkingowych, parkingach miejskich i miejskich w Nowym Jorku.<\/li>\n\n\n\n<li>Przeprowadzono dog\u0142\u0119bne badania terenowe dotycz\u0105ce zadowolenia z us\u0142ug motoryzacyjnych, wykorzystuj\u0105c w tym celu badanie CATI.<\/li>\n\n\n\n<li>Przeprowadzono badanie dotycz\u0105ce w\u0142a\u015bcicieli i dealer\u00f3w samochod\u00f3w. Zakres tego badania obejmowa\u0142 zbadanie do\u015bwiadcze\u0144, zachowa\u0144 i og\u00f3lnego poziomu zadowolenia nabywc\u00f3w samochod\u00f3w i dealer\u00f3w samochod\u00f3w w odniesieniu do finansowania kredyt\u00f3w samochodowych.<\/li>\n\n\n\n<li>Przeprowadzono wywiady na miejscu, na targach motoryzacyjnych w Nowym Jorku, w celu zebrania opinii na temat zainteresowania mark\u0105 na potrzeby planowania przysz\u0142o\u015bci.<\/li>\n\n\n\n<li>Przeprowadzono badania grupowe i wizyty domowe, aby uzyska\u0107 wgl\u0105d w rol\u0119 samochodu w gospodarstwie domowym, profile klient\u00f3w, proces zakupu i podejmowania decyzji.<\/li>\n\n\n\n<li>Conducted focus <a href=\"https:\/\/www.sisinternational.com\/pl\/ekspertyza\/branze\/badania-rynku-motoryzacyjnego-grupy-fokusowe\/\" title=\"Badania rynku grup fokusowych bran\u017cy motoryzacyjnej\"  data-wpil-monitor-id=\"10536\">groups in the consumer and automotive<\/a> industry with focus in the tires category regarding emotional values linked to functional benefits.<\/li>\n\n\n\n<li>Przeprowadzono ankiet\u0119 internetow\u0105 maj\u0105c\u0105 na celu analiz\u0119 postawy w\u0142a\u015bcicieli samochod\u00f3w w Wielkiej Brytanii, Niemczech, Rosji i Australii.<\/li>\n\n\n\n<li>Consumer research (purchase decision, car strengths and weaknesses, image and brand perception) in New <a href=\"https:\/\/www.sisinternational.com\/pl\/rozwiazania\/grupy-fokusowe\/obiekty-grup-fokusowych-nyc\/\" title=\"Obiekty Grupy Fokusowej w Nowym Jorku\"  data-wpil-monitor-id=\"10531\">York City using focus groups<\/a>.<\/li>\n\n\n\n<li>Testowanie koncepcji motoryzacyjnych w Chinach przy u\u017cyciu pog\u0142\u0119bionych wywiad\u00f3w.<\/li>\n\n\n\n<li>Klinika samochodowa w Stanach Zjednoczonych, w kt\u00f3rej testowane b\u0119d\u0105 nowe koncepcje samochod\u00f3w luksusowych.<\/li>\n\n\n\n<li>Przeprowadzono badanie rynku felg aluminiowych w USA.<\/li>\n\n\n\n<li>Stworzono analiz\u0119 rynku samochod\u00f3w elektrycznych w Ameryce.<\/li>\n\n\n\n<li>Przeprowadzono test u\u017cyteczno\u015bci czujnik\u00f3w parkowania w wypo\u017cyczonych samochodach.<\/li>\n\n\n\n<li>Conducted study to gain insight in <a href=\"https:\/\/www.sisinternational.com\/pl\/financial-services-consulting\/financial-services-customer-satisfaction\/\" title=\"Financial Services Customer Satisfaction\"  data-wpil-monitor-id=\"10539\">customer satisfaction with car repair services<\/a>.<\/li>\n\n\n\n<li>Przeprowadzono wywiady z dealerami samochodowymi w Stanach Zjednoczonych.<\/li>\n\n\n\n<li>Przeprowadzono grupy fokusowe dla w\u0142a\u015bcicieli silnik\u00f3w Yamaha\/potencjalnych klient\u00f3w<\/li>\n\n\n\n<li>Przeprowadzono badanie chi\u0144skich dealer\u00f3w samochodowych<\/li>\n\n\n\n<li>Przeprowadzono badania maj\u0105ce na celu przetestowanie samochod\u00f3w i koncepcji samochod\u00f3w.<\/li>\n\n\n\n<li>Conducted a steering wheel report study in the US<\/li>\n\n\n\n<li>Conducted a <a href=\"https:\/\/www.sisinternational.com\/pl\/ekspertyza\/branze\/electric-vehicle-market-research\/\" title=\"Badania rynku pojazd\u00f3w elektrycznych\"  data-wpil-monitor-id=\"10543\">research study regarding Electric Vehicles<\/a> in the US<\/li>\n\n\n\n<li>Przeprowadzono badanie por\u00f3wnawcze dotycz\u0105ce Volvo Penta<\/li>\n\n\n\n<li>Przeprowadzono badanie dotycz\u0105ce silnika Ford Gen IV<\/li>\n\n\n\n<li>Conducted an online and telephone research for machines and small engines<\/li>\n\n\n\n<li>Przeprowadzi\u0142em badanie u\u017cyteczno\u015bci witryny internetowej dla du\u017cego producenta samochod\u00f3w<\/li>\n<\/ul>\n\n\n\n<h3 class=\"wp-block-heading\"><b>Przyk\u0142ady naszych obecnych i by\u0142ych klient\u00f3w<\/b><\/h3>\n\n\n\n<ul class=\"wp-block-list\">\n<li>Daimler<\/li>\n\n\n\n<li>Firma Ford Motor Company<\/li>\n\n\n\n<li>Generalny Motors<\/li>\n\n\n\n<li>Honda<\/li>\n\n\n\n<li>MINI<\/li>\n\n\n\n<li>MTS<\/li>\n\n\n\n<li>Nissan<\/li>\n\n\n\n<li>Hyundai<\/li>\n\n\n\n<li>Jaguar<\/li>\n\n\n\n<li>Ku\u017ania<\/li>\n\n\n\n<li>Pow\u0142oka<\/li>\n\n\n\n<li>Toyota<\/li>\n\n\n\n<li>Volvo Ameryka P\u00f3\u0142nocna<\/li>\n\n\n\n<li>Yamaha<\/li>\n\n\n\n<li>Sie\u0107 GMS<\/li>\n\n\n\n<li>Porche<\/li>\n\n\n\n<li>BMW<\/li>\n<\/ul>\n\n\n\n<h2 class=\"wp-block-heading\"><a href=\"https:\/\/www.sisinternational.com\/pl\/about-sis\/contact-sis-international-market-research\/\">Skontaktuj si\u0119 z nami w sprawie Twojego kolejnego projektu badania rynku motoryzacyjnego.<\/a><\/h2>\n\n\n\n<p><\/p>","protected":false},"excerpt":{"rendered":"<p>Skorzystaj z naszego do\u015bwiadczenia w bran\u017cy motoryzacyjnej.<\/p>","protected":false},"author":1,"featured_media":66388,"parent":11155,"menu_order":2,"comment_status":"closed","ping_status":"closed","template":"","meta":{"footnotes":""},"class_list":["post-19141","page","type-page","status-publish","has-post-thumbnail"],"_links":{"self":[{"href":"https:\/\/www.sisinternational.com\/pl\/wp-json\/wp\/v2\/pages\/19141","targetHints":{"allow":["GET"]}}],"collection":[{"href":"https:\/\/www.sisinternational.com\/pl\/wp-json\/wp\/v2\/pages"}],"about":[{"href":"https:\/\/www.sisinternational.com\/pl\/wp-json\/wp\/v2\/types\/page"}],"author":[{"embeddable":true,"href":"https:\/\/www.sisinternational.com\/pl\/wp-json\/wp\/v2\/users\/1"}],"replies":[{"embeddable":true,"href":"https:\/\/www.sisinternational.com\/pl\/wp-json\/wp\/v2\/comments?post=19141"}],"version-history":[{"count":5,"href":"https:\/\/www.sisinternational.com\/pl\/wp-json\/wp\/v2\/pages\/19141\/revisions"}],"predecessor-version":[{"id":81731,"href":"https:\/\/www.sisinternational.com\/pl\/wp-json\/wp\/v2\/pages\/19141\/revisions\/81731"}],"up":[{"embeddable":true,"href":"https:\/\/www.sisinternational.com\/pl\/wp-json\/wp\/v2\/pages\/11155"}],"wp:featuredmedia":[{"embeddable":true,"href":"https:\/\/www.sisinternational.com\/pl\/wp-json\/wp\/v2\/media\/66388"}],"wp:attachment":[{"href":"https:\/\/www.sisinternational.com\/pl\/wp-json\/wp\/v2\/media?parent=19141"}],"curies":[{"name":"wp","href":"https:\/\/api.w.org\/{rel}","templated":true}]}}