{"id":18880,"date":"2015-09-19T21:12:32","date_gmt":"2015-09-19T21:12:32","guid":{"rendered":"https:\/\/www.sisinternational.com\/?page_id=18880"},"modified":"2025-09-16T17:58:52","modified_gmt":"2025-09-16T21:58:52","slug":"warsztaty-ideacyjne","status":"publish","type":"page","link":"https:\/\/www.sisinternational.com\/pl\/rozwiazania\/innowacja\/warsztaty-ideacyjne\/","title":{"rendered":"Badania nad ideacj\u0105"},"content":{"rendered":"<h1 class=\"wp-block-heading\">Badania nad ideacj\u0105<\/h1>\n\n\n\n<p><\/p>\n\n\n\n<figure class=\"gb-block-image gb-block-image-59b8f966\"><img loading=\"lazy\" decoding=\"async\" width=\"1456\" height=\"816\" class=\"gb-image gb-image-59b8f966\" src=\"https:\/\/www.sisinternational.com\/wp-content\/uploads\/2025\/08\/Desk-research-3.jpg\" alt=\"SIS Mi\u0119dzynarodowe badania rynku i strategia\" title=\"Desk research (3)\" srcset=\"https:\/\/www.sisinternational.com\/wp-content\/uploads\/2025\/08\/Desk-research-3.jpg 1456w, https:\/\/www.sisinternational.com\/wp-content\/uploads\/2025\/08\/Desk-research-3-300x168.jpg 300w, https:\/\/www.sisinternational.com\/wp-content\/uploads\/2025\/08\/Desk-research-3-1024x574.jpg 1024w, https:\/\/www.sisinternational.com\/wp-content\/uploads\/2025\/08\/Desk-research-3-768x430.jpg 768w, https:\/\/www.sisinternational.com\/wp-content\/uploads\/2025\/08\/Desk-research-3-18x10.jpg 18w\" sizes=\"auto, (max-width: 1456px) 100vw, 1456px\"><\/figure>\n\n\n\n<p><\/p>\n\n\n\n<h2 class=\"wp-block-heading p1\"><span class=\"s1\">What is Ideation?<\/span><\/h2>\n\n\n\n<p class=\"p2\"><span class=\"s1\">In both the consumer and B2B marketplace, the goal of ideation (or the ideation process) is not just to generate ideas. Instead, it should focus on how to best satisfy any <\/span><span class=\"s2\">unmet&nbsp;needs of your <span class=\"s3\">customers<\/span><\/span><span class=\"s4\">.<\/span><span class=\"s1\">&nbsp; An ideation workshop involves a creative process to address this challenge. In many respects it is similar to what is often called a brainstorming session. Ideally it leads to the development of improved or previously unimagined new products or line extensions.<\/span><\/p>\n\n\n\n<p>Rynek <a href=\"https:\/\/www.sisinternational.com\/pl\/ekspertyza\/cv-z-doswiadczeniem\/cv-z-doswiadczeniem-w-branzy-dobr-konsumpcyjnych-i-pakowanych\/\" title=\"Badania rynku d\u00f3br konsumpcyjnych i pakowanych\"  data-wpil-monitor-id=\"8534\">badania<\/a> can be used as a preliminary step to learn what consumers need or desire to do easier, faster, cheaper, or more effectively. Personal interviews, focus groups, <a href=\"https:\/\/www.sisinternational.com\/pl\/rozwiazania\/online-survey-sampling-market-research-company\/\" title=\"Online Survey Sampling Market Research Company\"  data-wpil-monitor-id=\"8532\">online or telephone surveys<\/a> are just a few methods that can help to uncover some of these needs. The gist of the questions would revolve around \u201cwhat else would you like\u2026?\u201d<\/p>\n\n\n\n<h2 class=\"wp-block-heading p1\"><span class=\"s1\">How Do You Conduct an Ideation Workshop?<\/span><\/h2>\n\n\n\n<p class=\"p1\"><span class=\"s1\">One of the earliest tasks is to find a qualified moderator \u2013 almost always a professional from outside your company who has experience running such exercises. Next, in order to obtain the broadest possible feedback, between 8 and 12 members from inside your organization should be invited to participate. They should possess a diversity of traits or characteristics, e.g. gender, age group, management level, job function. In the workshop, all individuals and their ideas should be treated equally, <\/span><span style=\"text-decoration: underline;\"><span class=\"s2\">without judgment or bias<\/span><\/span><span class=\"s1\">. Participants may not know each other, and except for their first names, need no further identification.<\/span><\/p>\n\n\n\n<ul class=\"wp-block-list\">\n<li><span class=\"s1\">Istnieje wiele powszechnie u\u017cywanych \u201etest\u00f3w\u201d osobowo\u015bci, kt\u00f3re pomagaj\u0105 umie\u015bci\u0107 ludzi w okre\u015blonych kategoriach. Na przyk\u0142ad Myers-Briggs zadaje zestaw pyta\u0144, po kt\u00f3rych ludzie s\u0105 przypisywani do jednego z 16 typ\u00f3w osobowo\u015bci, z kt\u00f3rych niekt\u00f3re mog\u0105 by\u0107 bardziej introwertyczne, ekstrawertyczne, intuicyjne, analityczne lub kreatywne. <\/span><\/li>\n<\/ul>\n\n\n\n<p class=\"p1\"><span class=\"s1\">Regu\u0142y lub ograniczenia mog\u0105 by\u0107 ustanawiane, aby zmusi\u0107 ludzi do my\u015blenia w nowy i inny spos\u00f3b. Na przyk\u0142ad:<\/span><\/p>\n\n\n\n<ul class=\"wp-block-list\">\n<li><span class=\"s1\">A co je\u015bli z powodu niedobor\u00f3w lub wzrostu cen nie b\u0119dziesz m\u00f3g\u0142 wykorzysta\u0107 niekt\u00f3rych sk\u0142adnik\u00f3w lub materia\u0142\u00f3w do wytworzenia produktu? <\/span><\/li>\n\n\n\n<li><span class=\"s1\">Jak mo\u017cna wykona\u0107 zadanie w po\u0142owie czasu lub za po\u0142ow\u0119 koszt\u00f3w? <\/span><\/li>\n\n\n\n<li><span class=\"s1\">How would a <a href=\"https:\/\/www.sisinternational.com\/pl\/ekspertyza\/cv-z-doswiadczeniem\/cv-z-doswiadczeniem-w-branzy-motoryzacyjnej\/\" title=\"Firma badawcza rynku bran\u017cy motoryzacyjnej\"  data-wpil-monitor-id=\"8535\">company in another industry<\/a> address the problem?<\/span><\/li>\n<\/ul>\n\n\n\n<p><span class=\"s1\">Prowadz\u0105cy sesj\u0119 zazwyczaj udost\u0119pnia w sali konferencyjnej nast\u0119puj\u0105ce przedmioty:<\/span><\/p>\n\n\n\n<ul class=\"wp-block-list\">\n<li><span class=\"s1\">Karteczki samoprzylepne w r\u00f3\u017cnych kolorach i rozmiarach<\/span><\/li>\n\n\n\n<li><span class=\"s1\">Flipcharty<\/span><\/li>\n\n\n\n<li><span class=\"s1\">Tablice bia\u0142e<\/span><\/li>\n\n\n\n<li><span class=\"s1\">Markery w r\u00f3\u017cnych kolorach<\/span><\/li>\n\n\n\n<li><span class=\"s1\">Zabawki, przedmioty lub gry, kt\u00f3re zmniejszaj\u0105 napi\u0119cie, tworz\u0105 przyjemn\u0105 atmosfer\u0119 i stymuluj\u0105 nieszablonowe my\u015blenie<\/span><\/li>\n<\/ul>\n\n\n\n<p class=\"p1\"><span class=\"s1\">Participants may be asked to co-create or create drawings or simple sketches and place them around the room for others to see and react to. This co-creation dives deep below the surface to uncover intuitive insight.&nbsp; Diagrams may be used to connect and rearrange words, pictures, ideas and concepts. It is important to hear from everyone in an environment where there are no wrong answers or statements.<b> <\/b><\/span><\/p>\n\n\n\n<p class=\"p1\"><\/p>\n\n\n\n<h2 class=\"wp-block-heading p1\"><span class=\"s1\">What Are the Benefits of an Ideation Workshop?<\/span><\/h2>\n\n\n\n<p class=\"p1\"><span class=\"s1\">W pewnym momencie, zwykle w ci\u0105gu godziny do 90 minut, pojawi si\u0119 wiele pomys\u0142\u00f3w, a tempo nowych zmniejszy si\u0119. Powinno by\u0107 mo\u017cliwe ich grupowanie, omawianie, a nast\u0119pnie ocenianie i klasyfikowanie wed\u0142ug wewn\u0119trznie uzgodnionych kryteri\u00f3w (np. rozwi\u0105zuje powszechny problem u\u017cytkownika, jest wykonalny i mo\u017ce zosta\u0107 wyprodukowany w rozs\u0105dnym czasie lub limicie koszt\u00f3w). <\/span><\/p>\n\n\n\n<p class=\"p1\"><span class=\"s1\">Since the goal is to fulfill unmet customer needs and desires, there is really no limit to how many options should be pursued. But from a practical point of view, perhaps just a handful should be further explored in terms of resources required and potential <a href=\"https:\/\/www.sisinternational.com\/pl\/return-on-investment-in-market-research\/\" title=\"Return on Investment in Market Research\"  data-wpil-monitor-id=\"8536\">return on investment<\/a>.<\/span><\/p>\n\n\n\n<p class=\"p1\"><span class=\"s1\">Ultimately, terrific ideas for innovative new products or <a href=\"https:\/\/www.sisinternational.com\/pl\/rozwiazania\/doradztwo-strategiczne-fintech-badania\/financial-services-customer-acquisition-consulting\/\" title=\"Doradztwo w zakresie pozyskiwania klient\u00f3w w sektorze us\u0142ug finansowych\"  data-wpil-monitor-id=\"8533\">services that solve problems for your customers<\/a> will be the outcome.<\/span><\/p>\n\n\n\n<p><\/p>","protected":false},"excerpt":{"rendered":"<p>Ideacja Badania prowadz\u0105 do rozwoju ulepszonych i wcze\u015bniej niewyobra\u017calnych nowych produkt\u00f3w. Uczestnicy zapewniaj\u0105 najnowocze\u015bniejsze spostrze\u017cenia.<\/p>","protected":false},"author":1,"featured_media":62800,"parent":14459,"menu_order":1,"comment_status":"open","ping_status":"open","template":"","meta":{"footnotes":""},"class_list":["post-18880","page","type-page","status-publish","has-post-thumbnail"],"_links":{"self":[{"href":"https:\/\/www.sisinternational.com\/pl\/wp-json\/wp\/v2\/pages\/18880","targetHints":{"allow":["GET"]}}],"collection":[{"href":"https:\/\/www.sisinternational.com\/pl\/wp-json\/wp\/v2\/pages"}],"about":[{"href":"https:\/\/www.sisinternational.com\/pl\/wp-json\/wp\/v2\/types\/page"}],"author":[{"embeddable":true,"href":"https:\/\/www.sisinternational.com\/pl\/wp-json\/wp\/v2\/users\/1"}],"replies":[{"embeddable":true,"href":"https:\/\/www.sisinternational.com\/pl\/wp-json\/wp\/v2\/comments?post=18880"}],"version-history":[{"count":5,"href":"https:\/\/www.sisinternational.com\/pl\/wp-json\/wp\/v2\/pages\/18880\/revisions"}],"predecessor-version":[{"id":81431,"href":"https:\/\/www.sisinternational.com\/pl\/wp-json\/wp\/v2\/pages\/18880\/revisions\/81431"}],"up":[{"embeddable":true,"href":"https:\/\/www.sisinternational.com\/pl\/wp-json\/wp\/v2\/pages\/14459"}],"wp:featuredmedia":[{"embeddable":true,"href":"https:\/\/www.sisinternational.com\/pl\/wp-json\/wp\/v2\/media\/62800"}],"wp:attachment":[{"href":"https:\/\/www.sisinternational.com\/pl\/wp-json\/wp\/v2\/media?parent=18880"}],"curies":[{"name":"wp","href":"https:\/\/api.w.org\/{rel}","templated":true}]}}