{"id":16599,"date":"2015-06-14T04:01:01","date_gmt":"2015-06-14T04:01:01","guid":{"rendered":"https:\/\/www.sisinternational.com\/?page_id=16599"},"modified":"2026-01-24T19:13:12","modified_gmt":"2026-01-25T00:13:12","slug":"badania-rynku-bric","status":"publish","type":"page","link":"https:\/\/www.sisinternational.com\/pl\/ekspertyza\/badania-rynku-bric\/","title":{"rendered":"Badania rynku BRIC (Brazylia, Rosja, Indie i Chiny)"},"content":{"rendered":"<div style=\"height:35px\" aria-hidden=\"true\" class=\"wp-block-spacer\"><\/div>\n\n\n\n<!DOCTYPE html>\n<html lang=\"en\">\n<head>\n    <meta charset=\"UTF-8\">\n    <meta name=\"viewport\" content=\"width=device-width, initial-scale=1.0\">\n    <title>Gradient Heading<\/title>\n<\/head>\n<body>\n    <h2 style=\"background: linear-gradient(to right, #001f3f 0%, #003d7a 30%, #1e90ff 70%, #74c0fc 100%); background: -webkit-linear-gradient(left, #001f3f 0%, #003d7a 30%, #1e90ff 70%, #74c0fc 100%); -webkit-background-clip: text; -webkit-text-fill-color: transparent; background-clip: text; font-size: 2.5rem; font-weight: 700; line-height: 1.2; display: inline-block; margin: 0 0 0 20px;\">BRIC Market Research<\/h2>\n<\/body>\n<\/html>\n\n\n\n<div style=\"height:38px\" aria-hidden=\"true\" class=\"wp-block-spacer\"><\/div>\n\n\n\n<figure class=\"gb-block-image gb-block-image-e195bdb2\"><img loading=\"lazy\" decoding=\"async\" width=\"1456\" height=\"816\" class=\"gb-image gb-image-e195bdb2\" src=\"https:\/\/www.sisinternational.com\/wp-content\/uploads\/2025\/09\/Brazil-4.jpg\" alt=\"SIS Mi\u0119dzynarodowe badania rynku i strategia\" title=\"Brazil (4)\" srcset=\"https:\/\/www.sisinternational.com\/wp-content\/uploads\/2025\/09\/Brazil-4.jpg 1456w, https:\/\/www.sisinternational.com\/wp-content\/uploads\/2025\/09\/Brazil-4-300x168.jpg 300w, https:\/\/www.sisinternational.com\/wp-content\/uploads\/2025\/09\/Brazil-4-1024x574.jpg 1024w, https:\/\/www.sisinternational.com\/wp-content\/uploads\/2025\/09\/Brazil-4-768x430.jpg 768w, https:\/\/www.sisinternational.com\/wp-content\/uploads\/2025\/09\/Brazil-4-18x10.jpg 18w\" sizes=\"auto, (max-width: 1456px) 100vw, 1456px\"><\/figure>\n\n\n\n<hr class=\"wp-block-separator has-alpha-channel-opacity is-style-dots\"\/>\n\n\n<div class=\"gb-container gb-container-2a916115\">\n\n<p>Gospodarki rozwijaj\u0105ce si\u0119, takie jak Brazylia, Chiny, Indie i Rosja, znane r\u00f3wnie\u017c jako kraje BRIC, cz\u0119sto odgrywaj\u0105 kluczow\u0105 rol\u0119 w tym przedsi\u0119wzi\u0119ciu, poniewa\u017c oferuj\u0105 najwi\u0119kszy potencja\u0142 przysz\u0142ej ekspansji.<\/p>\n\n\n\n<blockquote class=\"wp-block-quote is-layout-flow wp-block-quote-is-layout-flow\">\n<p>Dzisiejsze \u015brodowisko biznesowe jest globalne. Dzi\u0119ki szybkiemu post\u0119powi technologicznemu i rozwojowi gospodarczemu firmy zaczynaj\u0105 dzia\u0142a\u0107 na arenie mi\u0119dzynarodowej, aby wykorzysta\u0107 globalne mo\u017cliwo\u015bci wzrostu.<\/p>\n<\/blockquote>\n\n\n\n<h1 class=\"gb-headline gb-headline-a428afc0 gb-headline-text\"><strong>Czym jest badanie rynku BRIC?<\/strong><\/h1>\n\n\n\n<p>Badania rynku BRIC odnosz\u0105 si\u0119 do badania i analizy gospodarek i rynk\u00f3w czterech g\u0142\u00f3wnych kraj\u00f3w wschodz\u0105cych: Brazylii, Rosji, Indii i Chin. Kraje te s\u0105 zbiorczo okre\u015blane jako BRIC, termin ukuty przez Goldman Sachs w 2001 r., aby podkre\u015bli\u0107 ich potencja\u0142 jako znacz\u0105cych globalnych graczy gospodarczych.<\/p>\n\n\n\n<blockquote class=\"wp-block-quote is-layout-flow wp-block-quote-is-layout-flow\">\n<p>Rynki wschodz\u0105ce mog\u0105 potencjalnie przynie\u015b\u0107 ogromne zyski organizacjom rozumiej\u0105cym rynek zagraniczny i swoich zagranicznych klient\u00f3w.<\/p>\n<\/blockquote>\n\n\n\n<p>Istniej\u0105 jednak r\u00f3\u017cne wyzwania zwi\u0105zane z odmiennymi uwarunkowaniami politycznymi, prawnymi, ekonomicznymi, kulturowymi i infrastrukturalnymi.<\/p>\n\n\n\n<p>These challenges have significant impact upon the whole research process and methodology, as well as significant cost implications which usually turn out to be much higher due to unpredictability of conducting <a href=\"https:\/\/www.sisinternational.com\/pl\/badania-rynku-milenijnego-w-chinach\/\" title=\"Badania rynku milenijnego w Chinach\"  data-wpil-monitor-id=\"2546\">research in foreign markets<\/a>. In some markets, information is not readily available while access to strategic information can be a competitive advantage.<\/p>\n\n\n\n<p>SIS pomaga pokona\u0107 te wyzwania, aby zapewni\u0107 t\u0119 przewag\u0119. Dzi\u0119ki ponad 30-letniemu do\u015bwiadczeniu, wydajnemu zarz\u0105dzaniu projektami i wieloj\u0119zycznym zasobom terenowym SIS \u0142\u0105czy proces BRIC Market Research, zapewniaj\u0105c klientom warto\u015b\u0107.<\/p>\n\n\n\n<h2 class=\"gb-headline gb-headline-8946c37c gb-headline-text\"><strong><strong>Zrozum klient\u00f3w<\/strong><\/strong><\/h2>\n\n\n\n<p>Podczas gdy mi\u0119dzynarodowe badania klient\u00f3w maj\u0105 potencja\u0142 ujawnienia istotnych spostrze\u017ce\u0144 dla firmy, stanowi\u0105 r\u00f3wnie\u017c znacz\u0105ce bariery dla badaczy rynku. Potrzeby klient\u00f3w s\u0105 dynamiczne, szybko si\u0119 zmieniaj\u0105 i trudne do przewidzenia dla wielu mened\u017cer\u00f3w. Te potrzeby s\u0105 jeszcze trudniejsze do zidentyfikowania dla klient\u00f3w po drugiej stronie \u015bwiata o zupe\u0142nie innych warto\u015bciach kulturowych.<\/p>\n\n\n\n<p>Badania zachowa\u0144 kupuj\u0105cych, preferencji dotycz\u0105cych marek, postaw, \u015bwiadomo\u015bci marki, zachowa\u0144 zakupowych i segmentacji konsument\u00f3w to przyk\u0142ady bada\u0144 wchodz\u0105cych w zakres bada\u0144 klient\u00f3w, kt\u00f3re mo\u017cna przeprowadzi\u0107 w celu lepszego zrozumienia potrzeb zagranicznych klient\u00f3w.<\/p>\n\n\n\n<p>SIS International with its global customer research knowledge has offices worldwide including the emerging continents <a href=\"https:\/\/www.sisinternational.com\/pl\/marketing-b2b-chiny\/\" title=\"Marketing B2B w Chinach\"  data-wpil-monitor-id=\"2589\">Asia and South America offering these BRIC<\/a> Market Research services. This local presence also means that SIS adapts and customizes their global customer research solutions specifically to each locality or culture in which the research is conducted.<\/p>\n\n\n\n<figure class=\"gb-block-image gb-block-image-70b41726\"><img loading=\"lazy\" decoding=\"async\" width=\"1456\" height=\"816\" class=\"gb-image gb-image-70b41726\" src=\"https:\/\/www.sisinternational.com\/wp-content\/uploads\/2025\/08\/Global-8.jpg\" alt=\"SIS Mi\u0119dzynarodowe badania rynku i strategia\" title=\"Global (8)\" srcset=\"https:\/\/www.sisinternational.com\/wp-content\/uploads\/2025\/08\/Global-8.jpg 1456w, https:\/\/www.sisinternational.com\/wp-content\/uploads\/2025\/08\/Global-8-300x168.jpg 300w, https:\/\/www.sisinternational.com\/wp-content\/uploads\/2025\/08\/Global-8-1024x574.jpg 1024w, https:\/\/www.sisinternational.com\/wp-content\/uploads\/2025\/08\/Global-8-768x430.jpg 768w, https:\/\/www.sisinternational.com\/wp-content\/uploads\/2025\/08\/Global-8-18x10.jpg 18w\" sizes=\"auto, (max-width: 1456px) 100vw, 1456px\"><\/figure>\n\n\n\n<p><\/p>\n\n\n\n<h2 class=\"gb-headline gb-headline-47756c1f gb-headline-text\"><strong><strong><strong>Zrozumie\u0107 organizacje i bran\u017ce<\/strong><\/strong><\/strong><\/h2>\n\n\n\n<p>Dynamika organizacyjna mo\u017ce by\u0107 z\u0142o\u017cona. Jednak firmy, ich systemy i procesy mog\u0105 by\u0107 \u017ar\u00f3d\u0142em przewagi konkurencyjnej. Przenikliwe gromadzenie informacji mo\u017ce pom\u00f3c firmom rozwin\u0105\u0107 przewagi, kt\u00f3re niewielu potrafi powt\u00f3rzy\u0107.<\/p>\n\n\n\n<p>Zebranie tych informacji o zagranicznych firmach nie jest takie proste. Informacje o rynkach zagranicznych mog\u0105 by\u0107 ograniczone ze wzgl\u0119du na r\u00f3\u017cne oczekiwania dotycz\u0105ce ilo\u015bci i\/lub cz\u0119stotliwo\u015bci publikowania publicznie dost\u0119pnych informacji. Innymi barierami mog\u0105 by\u0107 regulacje rz\u0105dowe dotycz\u0105ce publikowania informacji korporacyjnych i bariery j\u0119zykowe.<\/p>\n\n\n\n<h3 class=\"gb-headline gb-headline-39f0d57a gb-headline-text\"><strong><strong><strong><strong>SIS wykorzystuje swoj\u0105 og\u00f3lno\u015bwiatow\u0105 sie\u0107 opart\u0105 na ponad 40-letnim do\u015bwiadczeniu.<\/strong><\/strong><\/strong><\/strong><\/h3>\n\n\n\n<p>Przeprowadzamy mi\u0119dzynarodowe badania por\u00f3wnawcze konkurencji, badania rynku BRIC, us\u0142ugi z zakresu wywiadu biznesowego i konkurencji oraz szkolenia z zakresu analizy konkurencji, aby skutecznie pokonywa\u0107 mi\u0119dzynarodowe bariery, z kt\u00f3rymi mog\u0105 boryka\u0107 si\u0119 poszczeg\u00f3lne firmy.<\/p>\n\n\n\n<p>Us\u0142ugi te pomagaj\u0105 rozwija\u0107 zdolno\u015bci firmy w zakresie gromadzenia i analizowania w\u0142a\u015bciwych informacji o rynkach zagranicznych oraz zrozumienia najlepszych praktyk i ruch\u00f3w konkurencji. SIS wykorzystuje r\u00f3wnie\u017c zintegrowane podej\u015bcie badawcze, wykorzystuj\u0105c kilka poziom\u00f3w wgl\u0105du w celu uzyskania kompletnego obrazu rynku i korporacyjnego t\u0142a opartego na strategii rynkowej, aby konsultowa\u0107 firmy na temat mocnych i s\u0142abych stron ich konkurent\u00f3w, ich intencji i pozycji w por\u00f3wnaniu z Twoj\u0105 firm\u0105, nawet na rynkach, na kt\u00f3rych trudno jest przeprowadzi\u0107 badanie rynku BRIC.<\/p>\n\n\n\n<h4 class=\"gb-headline gb-headline-4c3c9864 gb-headline-text\"><strong><strong><strong><strong><strong>Rozw\u00f3j na nowych rynkach: wej\u015bcie na rynek i badania mo\u017cliwo\u015bci<\/strong><\/strong><\/strong><\/strong><\/strong><\/h4>\n\n\n\n<p>Gospodarki takie jak Brazylia, Chiny, Indie i Rosja rozwijaj\u0105 si\u0119 i prognozy m\u00f3wi\u0105, \u017ce te rynki spowoduj\u0105 przesuni\u0119cie si\u0142y od bardziej ugruntowanych gospodarek w ci\u0105gu kilku lat. Te rynki \u201ekwitn\u0105\u201d i mog\u0105 oferowa\u0107 wiele globalnych mo\u017cliwo\u015bci wzrostu dla firm, kt\u00f3re chc\u0105 si\u0119 rozwija\u0107 na arenie mi\u0119dzynarodowej.<\/p>\n\n\n\n<p>Rynki wschodz\u0105ce cz\u0119sto charakteryzuj\u0105 si\u0119 niestabilno\u015bci\u0105 polityczn\u0105, barierami kulturowymi, lukami technologicznymi, niedok\u0142adnymi informacjami i niesp\u00f3jnymi danymi w r\u00f3\u017cnych \u017ar\u00f3d\u0142ach. Zrozumienie wi\u0119kszo\u015bci rynk\u00f3w wschodz\u0105cych wymaga wiedzy specjalistycznej i zrozumienia klient\u00f3w w okresie przej\u015bciowym.<\/p>\n\n\n\n<p>Ponadto wej\u015bcie do rozwini\u0119tych gospodarek mo\u017ce by\u0107 r\u00f3wnie\u017c trudne. Recesja, nasycone rynki, erozja cen, szybkie wdra\u017canie technologii i zmiana klient\u00f3w zwi\u0119kszy\u0142y trudno\u015b\u0107 wej\u015bcia na rozwini\u0119ty rynek z produktami\/us\u0142ugami, kt\u00f3re maj\u0105 potencja\u0142, aby sta\u0107 si\u0119 sukcesem.<\/p>\n\n\n\n<blockquote class=\"wp-block-quote is-layout-flow wp-block-quote-is-layout-flow\">\n<p><a class=\"wpil_keyword_link\" href=\"https:\/\/www.sisinternational.com\/pl\/rozwiazania\/doradztwo-strategiczne\/badanie-mozliwosci-wejscia-na-rynek\/\"   title=\"Badania wej\u015bcia na rynek i mo\u017cliwo\u015bci\" data-wpil-keyword-link=\"linked\"  data-wpil-monitor-id=\"789\">Market Entry and Opportunity research<\/a> delivers critical insight and strategy on Branding, Pricing and Competition.<\/p>\n<\/blockquote>\n\n\n\n<p>Our BRIC Market Research services include market tracking, intellectual property research and risk analysis.&nbsp; Additionally our&nbsp;integrated approach allows for flexibility and creativity and nuances cultural differences which is vital for conducting this type of research and provide you with an extensive strategic report on adaption, customer value and cultural imperatives and other strategic issues guiding you to a successful foreign market entry.<\/p>\n\n\n\n<h4 class=\"gb-headline gb-headline-08ea1942 gb-headline-text\"><strong><strong><strong><strong><strong>Ponad 40 lat wyj\u0105tkowego do\u015bwiadczenia w badaniach rynku BRIC<\/strong><\/strong><\/strong><\/strong><\/strong><\/h4>\n\n\n\n<p>SIS prowadzi kompleksowe badania rynku i wywiad rynkowy na rynkach wschodz\u0105cych. Dzi\u0119ki silnej obecno\u015bci w Brazylii, Chinach, Indiach i Rosji ma dost\u0119p do 4 najbardziej atrakcyjnych rynk\u00f3w ekspansji.<\/p>\n\n<\/div>","protected":false},"excerpt":{"rendered":"<p>SIS jest \u015bwiatowym liderem w dziedzinie mi\u0119dzynarodowych bada\u0144 rynkowych. SIS prowadzi jako\u015bciowe i ilo\u015bciowe badania rynku globalnego. Dowiedz si\u0119 wi\u0119cej.<\/p>","protected":false},"author":1,"featured_media":66218,"parent":14514,"menu_order":21,"comment_status":"closed","ping_status":"open","template":"","meta":{"footnotes":""},"class_list":["post-16599","page","type-page","status-publish","has-post-thumbnail"],"_links":{"self":[{"href":"https:\/\/www.sisinternational.com\/pl\/wp-json\/wp\/v2\/pages\/16599","targetHints":{"allow":["GET"]}}],"collection":[{"href":"https:\/\/www.sisinternational.com\/pl\/wp-json\/wp\/v2\/pages"}],"about":[{"href":"https:\/\/www.sisinternational.com\/pl\/wp-json\/wp\/v2\/types\/page"}],"author":[{"embeddable":true,"href":"https:\/\/www.sisinternational.com\/pl\/wp-json\/wp\/v2\/users\/1"}],"replies":[{"embeddable":true,"href":"https:\/\/www.sisinternational.com\/pl\/wp-json\/wp\/v2\/comments?post=16599"}],"version-history":[{"count":22,"href":"https:\/\/www.sisinternational.com\/pl\/wp-json\/wp\/v2\/pages\/16599\/revisions"}],"predecessor-version":[{"id":76940,"href":"https:\/\/www.sisinternational.com\/pl\/wp-json\/wp\/v2\/pages\/16599\/revisions\/76940"}],"up":[{"embeddable":true,"href":"https:\/\/www.sisinternational.com\/pl\/wp-json\/wp\/v2\/pages\/14514"}],"wp:featuredmedia":[{"embeddable":true,"href":"https:\/\/www.sisinternational.com\/pl\/wp-json\/wp\/v2\/media\/66218"}],"wp:attachment":[{"href":"https:\/\/www.sisinternational.com\/pl\/wp-json\/wp\/v2\/media?parent=16599"}],"curies":[{"name":"wp","href":"https:\/\/api.w.org\/{rel}","templated":true}]}}