{"id":16544,"date":"2015-06-14T01:33:43","date_gmt":"2015-06-14T01:33:43","guid":{"rendered":"https:\/\/www.sisinternational.com\/?page_id=16544"},"modified":"2026-01-24T18:02:36","modified_gmt":"2026-01-24T23:02:36","slug":"badania-rynku-detalicznego","status":"publish","type":"page","link":"https:\/\/www.sisinternational.com\/pl\/rozwiazania\/rozwiazania-w-zakresie-brandingu-i-badan-klientow\/badania-rynku-detalicznego\/","title":{"rendered":"Badania rynku detalicznego | Badania rynku w sklepie"},"content":{"rendered":"<h1 class=\"wp-block-heading\">SIS Retail Market Research | Badania rynku w sklepach<\/h1>\n\n\n\n<figure class=\"gb-block-image gb-block-image-4f181d5b\"><img loading=\"lazy\" decoding=\"async\" width=\"1456\" height=\"816\" class=\"gb-image gb-image-4f181d5b\" src=\"https:\/\/www.sisinternational.com\/wp-content\/uploads\/2025\/08\/Retail-22.jpg\" srcset=\"https:\/\/www.sisinternational.com\/wp-content\/uploads\/2025\/08\/Retail-22.jpg 1456w, https:\/\/www.sisinternational.com\/wp-content\/uploads\/2025\/08\/Retail-22-300x168.jpg 300w, https:\/\/www.sisinternational.com\/wp-content\/uploads\/2025\/08\/Retail-22-1024x574.jpg 1024w, https:\/\/www.sisinternational.com\/wp-content\/uploads\/2025\/08\/Retail-22-768x430.jpg 768w, https:\/\/www.sisinternational.com\/wp-content\/uploads\/2025\/08\/Retail-22-18x10.jpg 18w\" sizes=\"auto, (max-width: 1456px) 100vw, 1456px\" alt=\"SIS Mi\u0119dzynarodowe badania rynku i strategia\"><\/figure>\n\n\n\n<p><\/p>\n\n\n\n<p><\/p>\n\n\n\n<h2 class=\"wp-block-heading\">Badania rynku detalicznego SIS zapewniaj\u0105 szczeg\u00f3\u0142owy wgl\u0105d w interakcje konsument\u00f3w w \u015brodowiskach handlu detalicznego.<\/h2>\n\n\n\n<h3 class=\"wp-block-heading\">Badania te, prowadzone za pomoc\u0105 przechwytywania towar\u00f3w w sklepach i na ulicach, \u015bledzenia klient\u00f3w wzd\u0142u\u017c ulic, bada\u0144 etnograficznych i innych metod, mog\u0105 dostarczy\u0107 szczeg\u00f3\u0142owych informacji, kt\u00f3re pomog\u0105 firmom rozwija\u0107 efektywne rynki zbytu.<\/h3>\n\n\n\n<h3 class=\"wp-block-heading\">Our retail market&nbsp;research provides insight into:<\/h3>\n\n\n\n<ul class=\"wp-block-list\">\n<li>Najlepsze praktyki<\/li>\n\n\n\n<li>Zachowanie<\/li>\n\n\n\n<li>Potrzeby klienta<\/li>\n\n\n\n<li>Zaanga\u017cowanie klienta i projektowanie punkt\u00f3w styku<\/li>\n\n\n\n<li>Inteligencja kana\u0142u<\/li>\n\n\n\n<li>Wgl\u0105d w konkurencj\u0119<\/li>\n\n\n\n<li>Dane konwersji<\/li>\n\n\n\n<li><a href=\"https:\/\/www.sisinternational.com\/pl\/rozwiazania\/doradztwo-strategiczne-fintech-badania\/financial-services-customer-acquisition-consulting\/\" title=\"Doradztwo w zakresie pozyskiwania klient\u00f3w w sektorze us\u0142ug finansowych\"  data-wpil-monitor-id=\"9688\">Do\u015bwiadczenie i obs\u0142uga klienta<\/a><\/li>\n\n\n\n<li>Uk\u0142ad pi\u0119tra<\/li>\n\n\n\n<li>Wy\u015bwietlacze w sklepach i punktach sprzeda\u017cy (PoP)<\/li>\n\n\n\n<li>Wiadomo\u015bci<\/li>\n\n\n\n<li>Motywacja, percepcja i postawy<\/li>\n\n\n\n<li>Punkty b\u00f3lu<\/li>\n\n\n\n<li>Pricing, <a href=\"https:\/\/www.sisinternational.com\/pl\/ekspertyza\/cv-z-doswiadczeniem\/badania-rynku-produktow-do-pielegnacji-osobistej\/\" title=\"Badania rynku produkt\u00f3w do piel\u0119gnacji osobistej\"  data-wpil-monitor-id=\"9685\">product and marketing<\/a> mix insight<\/li>\n\n\n\n<li>Skuteczno\u015b\u0107 promocyjna<\/li>\n\n\n\n<li>Nawyki zakupowe<\/li>\n\n\n\n<li>R\u00f3\u017cnice regionalne<\/li>\n\n\n\n<li>Nawyki transportowe<\/li>\n<\/ul>\n\n\n\n<h2 class=\"wp-block-heading\">Audyty interesariuszy i audyty sklep\u00f3w<\/h2>\n\n\n\n<h3 class=\"wp-block-heading\">Audyty interesariuszy pozwalaj\u0105 firmom obiektywnie \u015bledzi\u0107 swoje wyniki i lepiej zrozumie\u0107, jak zadowoli\u0107 najwa\u017cniejszych odbiorc\u00f3w.<\/h3>\n\n\n\n<h3 class=\"wp-block-heading\">Nasza si\u0142a w zakresie audyt\u00f3w interesariuszy wynika z naszego podej\u015bcia polegaj\u0105cego na gromadzeniu informacji od wszystkich uczestnik\u00f3w rynku w celu uzyskania pe\u0142nego wgl\u0105du w ca\u0142o\u015bciow\u0105 sytuacj\u0119 rynkow\u0105.<\/h3>\n\n\n\n<p>Our approach provides flexibility for our researchers to probe beyond spoken words and across borders. Further, our past experience and <a href=\"https:\/\/www.sisinternational.com\/pl\/badania-rynku-gospodarka-wspoldzielona\/\" title=\"Badania rynku w gospodarce wsp\u00f3\u0142dzielenia\"  data-wpil-monitor-id=\"1929\">thought leadership in Generational Market Research<\/a> allows us to interact with and understand age segments in their own terms.<\/p>\n\n\n\n<p>Our Stakeholder Audit studies can involve a <a href=\"https:\/\/www.sisinternational.com\/pl\/ekspertyza\/branze\/retail-popup-store-experiential-marketing-consulting\/\" title=\"Doradztwo w zakresie marketingu do\u015bwiadczalnego w sklepach detalicznych typu pop-up\"  data-wpil-monitor-id=\"9699\">Store Audit component at the retail<\/a> level. Companies discover how much a <a href=\"https:\/\/www.sisinternational.com\/pl\/rozwiazania\/rozwiazania-w-zakresie-brandingu-i-badan-klientow\/badania-rynku-testowanie-produktow\/testowanie-produktow-detalicznych-w-nowym-jorku-nad-los-angeles\/\" title=\"Zaleta testowania produkt\u00f3w detalicznych w Nowym Jorku w por\u00f3wnaniu z Los Angeles\"  data-wpil-monitor-id=\"9691\">product has been sold by retail<\/a> location, the effectiveness of their own and competitors\u2019 promotional strategies, insight about retailer infrastructure, the satisfaction of retailers and new opportunities.<\/p>\n\n\n\n<h2 class=\"wp-block-heading\">Studium przypadku: Globalny audyt interesariuszy<\/h2>\n\n\n\n<h3 class=\"wp-block-heading\">Przyk\u0142adem jest nasze wieloletnie badanie interesariuszy obejmuj\u0105ce 20 kraj\u00f3w dla du\u017cej firmy obs\u0142uguj\u0105cej karty kredytowe.<\/h3>\n\n\n\n<p>SIS interviewed merchant stakeholders at the local retail level to determine where the card was accepted, to identify why the card was not accepted and to specify where opportunities remained. We conducted the research in over 15 languages and delivered strategic <a href=\"https:\/\/www.sisinternational.com\/pl\/rozwiazania\/rozwiazania-w-zakresie-badan-jakosciowych-i-ilosciowych\/chaid-analysis-market-research\/\" title=\"Analiza CHAID Badania rynku\"  data-wpil-monitor-id=\"9694\">analysis<\/a> to the client to guide their marketing program.<\/p>\n\n\n\n<h2 class=\"wp-block-heading\">Studium przypadku: Audyt interesariuszy w USA<\/h2>\n\n\n\n<h3 class=\"wp-block-heading\">SIS przeprowadzi\u0142o badanie interesariuszy lokalnych firm w Chinatown na zlecenie w\u0142adz Nowego Jorku.<\/h3>\n\n\n\n<p>Nasz <a href=\"https:\/\/www.sisinternational.com\/pl\/rozwiazania\/rozwiazania-w-zakresie-badan-jakosciowych-i-ilosciowych\/telephone-interviews-market-research\/\" title=\"G\u0142\u0119bokie wywiady telefoniczne Badania rynku\"  data-wpil-monitor-id=\"9696\">researchers conducted 306 face-to-face interviews<\/a> in Mandarin and Cantonese. The outcome was a socioeconomic analysis for an environmental impact statement regarding their views on a new Security Zone in the area.<\/p>","protected":false},"excerpt":{"rendered":"<p>Przeprowadzamy audyty sklep\u00f3w, przechwytywanie sklep\u00f3w, wsp\u00f3lne zakupy i wywiady etnograficzne.<\/p>","protected":false},"author":1,"featured_media":62497,"parent":14650,"menu_order":4,"comment_status":"open","ping_status":"open","template":"","meta":{"footnotes":""},"class_list":["post-16544","page","type-page","status-publish","has-post-thumbnail"],"_links":{"self":[{"href":"https:\/\/www.sisinternational.com\/pl\/wp-json\/wp\/v2\/pages\/16544","targetHints":{"allow":["GET"]}}],"collection":[{"href":"https:\/\/www.sisinternational.com\/pl\/wp-json\/wp\/v2\/pages"}],"about":[{"href":"https:\/\/www.sisinternational.com\/pl\/wp-json\/wp\/v2\/types\/page"}],"author":[{"embeddable":true,"href":"https:\/\/www.sisinternational.com\/pl\/wp-json\/wp\/v2\/users\/1"}],"replies":[{"embeddable":true,"href":"https:\/\/www.sisinternational.com\/pl\/wp-json\/wp\/v2\/comments?post=16544"}],"version-history":[{"count":7,"href":"https:\/\/www.sisinternational.com\/pl\/wp-json\/wp\/v2\/pages\/16544\/revisions"}],"predecessor-version":[{"id":81616,"href":"https:\/\/www.sisinternational.com\/pl\/wp-json\/wp\/v2\/pages\/16544\/revisions\/81616"}],"up":[{"embeddable":true,"href":"https:\/\/www.sisinternational.com\/pl\/wp-json\/wp\/v2\/pages\/14650"}],"wp:featuredmedia":[{"embeddable":true,"href":"https:\/\/www.sisinternational.com\/pl\/wp-json\/wp\/v2\/media\/62497"}],"wp:attachment":[{"href":"https:\/\/www.sisinternational.com\/pl\/wp-json\/wp\/v2\/media?parent=16544"}],"curies":[{"name":"wp","href":"https:\/\/api.w.org\/{rel}","templated":true}]}}