{"id":16527,"date":"2015-06-13T18:35:24","date_gmt":"2015-06-13T18:35:24","guid":{"rendered":"https:\/\/www.sisinternational.com\/?page_id=16527"},"modified":"2025-09-08T12:55:19","modified_gmt":"2025-09-08T16:55:19","slug":"badania-rynku-hiszpanskiego","status":"publish","type":"page","link":"https:\/\/www.sisinternational.com\/pl\/zasieg\/latin-america\/badania-rynku-ameryki-lacinskiej\/badania-rynku-hiszpanskiego\/","title":{"rendered":"Badania rynku hiszpa\u0144skiego"},"content":{"rendered":"<h1 class=\"wp-block-heading\">Badania rynku hiszpa\u0144skiego<\/h1>\n\n\n\n<figure class=\"gb-block-image gb-block-image-7ecd1b15\"><img loading=\"lazy\" decoding=\"async\" width=\"1456\" height=\"816\" class=\"gb-image gb-image-7ecd1b15\" src=\"https:\/\/www.sisinternational.com\/wp-content\/uploads\/2025\/08\/Non-profit-4.jpg\" srcset=\"https:\/\/www.sisinternational.com\/wp-content\/uploads\/2025\/08\/Non-profit-4.jpg 1456w, https:\/\/www.sisinternational.com\/wp-content\/uploads\/2025\/08\/Non-profit-4-300x168.jpg 300w, https:\/\/www.sisinternational.com\/wp-content\/uploads\/2025\/08\/Non-profit-4-1024x574.jpg 1024w, https:\/\/www.sisinternational.com\/wp-content\/uploads\/2025\/08\/Non-profit-4-768x430.jpg 768w, https:\/\/www.sisinternational.com\/wp-content\/uploads\/2025\/08\/Non-profit-4-18x10.jpg 18w\" sizes=\"auto, (max-width: 1456px) 100vw, 1456px\" alt=\"SIS Mi\u0119dzynarodowe badania rynku i strategia\"><\/figure>\n\n\n\n<p><\/p>\n\n\n\n<h2 class=\"wp-block-heading\">Rozwijaj\u0105cy si\u0119 rynek hiszpa\u0144skoj\u0119zyczny<\/h2>\n\n\n\n<p>Nic dziwnego, \u017ce jeden z najwi\u0119kszych wschodz\u0105cych rynk\u00f3w na \u015bwiecie nale\u017cy obecnie do rozwijaj\u0105cej si\u0119 populacji hiszpa\u0144skoj\u0119zycznej. W ostatnich latach si\u0142a nabywcza tej grupy dramatycznie wzros\u0142a i b\u0119dzie nadal ros\u0142a. Rosn\u0105ce bogactwo i mo\u017cliwo\u015bci edukacyjne pozycjonuj\u0105 drug\u0105 co do wielko\u015bci grup\u0119 etniczn\u0105 w Stanach Zjednoczonych jako t\u0119, kt\u00f3ra ma mie\u0107 silny i trwa\u0142y wp\u0142yw na rynek.<\/p>\n\n\n\n<p>Poza USA kilka kraj\u00f3w Ameryki \u0141aci\u0144skiej do\u015bwiadcza znacz\u0105cego o\u017cywienia gospodarczego. Poprawa sprzeda\u017cy detalicznej i zwi\u0119kszona produkcja d\u00f3br konsumpcyjnych mia\u0142y dramatycznie pozytywny wp\u0142yw na perspektywy gospodarcze na rynkach hiszpa\u0144skoj\u0119zycznych.<\/p>\n\n\n\n<p>Historycznie rzecz bior\u0105c, interesy biznesowe zwraca\u0142y znaczn\u0105 uwag\u0119 na sam j\u0119zyk jako \u015brodek penetracji tych po\u017c\u0105danych rynk\u00f3w. Ameryka\u0144scy Latynosi wol\u0105 ogl\u0105da\u0107 telewizj\u0119, w kt\u00f3rej dominuje j\u0119zyk hiszpa\u0144ski. Ponadto wi\u0119kszo\u015b\u0107 Latynos\u00f3w woli m\u00f3wi\u0107 po hiszpa\u0144sku w swoich domach.<\/p>\n\n\n\n<p>W przeciwie\u0144stwie do telewizji angloj\u0119zycznej, dost\u0119pnej na wielu kana\u0142ach, telewizja hiszpa\u0144skoj\u0119zyczna jest skoncentrowana w mniejszej liczbie stacji i dlatego jest ogl\u0105dana bardziej intensywnie przez widz\u00f3w hiszpa\u0144skoj\u0119zycznych.<\/p>\n\n\n\n<p>To sprawia, \u017ce hiszpa\u0144skoj\u0119zyczne media s\u0105 skutecznym wyborem dla reklamodawc\u00f3w pr\u00f3buj\u0105cych komunikowa\u0107 si\u0119 z tym rosn\u0105cym rynkiem docelowym. Co najmniej firmy b\u0119d\u0105 projektowa\u0107 dostosowane do potrzeb wiadomo\u015bci dla tych hiszpa\u0144skoj\u0119zycznych medi\u00f3w opr\u00f3cz tradycyjnych reklam angloj\u0119zycznych.<\/p>\n\n\n\n<p>W niekt\u00f3rych przypadkach konsumenci pochodzenia hiszpa\u0144skiego s\u0105 bardziej wierni konkretnym markom ni\u017c ich odpowiednicy z innych grup etnicznych. Nie robi\u0105 zakup\u00f3w tak cz\u0119sto, ale gdy ju\u017c si\u0119 na to decyduj\u0105, wydaj\u0105 wi\u0119cej.<\/p>\n\n\n\n<p>Odwiedzaj\u0105 r\u00f3wnie\u017c wi\u0119cej restauracji typu fast-food i zabieraj\u0105 ze sob\u0105 dzieci, co ostatecznie wp\u0142ywa na decyzje zakupowe rodzic\u00f3w. Hiszpanie historycznie kupuj\u0105 wi\u0119cej napoj\u00f3w, co powoduje, \u017ce d\u0142ugoterminowe prognozy sprzeda\u017cy napoj\u00f3w w nadchodz\u0105cych latach s\u0105 wy\u017csze dla rynku hiszpa\u0144skoj\u0119zycznego ni\u017c dla konsument\u00f3w rasy bia\u0142ej. Zar\u00f3wno jako\u015bciowe, jak i ilo\u015bciowe metody badawcze mog\u0105 odkry\u0107 obszary mo\u017cliwo\u015bci zwi\u0119kszenia wydajno\u015bci Twojej firmy.<\/p>\n\n\n\n<h2 class=\"wp-block-heading\">Przeprowadzanie bada\u0144 rynku hiszpa\u0144skoj\u0119zycznego<\/h2>\n\n\n\n<p>Populacja hiszpa\u0144skoj\u0119zyczna w USA stanowi najwi\u0119ksz\u0105 mniejszo\u015b\u0107 i jej liczebno\u015b\u0107 b\u0119dzie nadal szybko rosn\u0105\u0107. Przysz\u0142o\u015b\u0107 ameryka\u0144skiej gospodarki i kluczowych ga\u0142\u0119zi przemys\u0142u zale\u017cy od rynku hiszpa\u0144skoj\u0119zycznego.<\/p>\n\n\n\n<p>Ponadto, Hiszpanie pochodz\u0105 z wielu kraj\u00f3w pochodzenia. Badania ukierunkowane na populacj\u0119 hiszpa\u0144sk\u0105 musz\u0105 uwzgl\u0119dnia\u0107 ich po\u0142o\u017cenie geograficzne, demografi\u0119 kulturow\u0105, j\u0119zyki, akulturacj\u0119, klas\u0119 ekonomiczn\u0105 i poziom wykszta\u0142cenia. Dane demograficzne b\u0119d\u0105 si\u0119 r\u00f3\u017cni\u0107 w zale\u017cno\u015bci od zestawu populacji i wielu czynnik\u00f3w.<\/p>\n\n\n\n<p>\u201eAkulturacja\u201d odnosi si\u0119 do procesu przyjmowania cech kulturowych lub wzorc\u00f3w spo\u0142ecznych okre\u015blonej grupy. Badacze rynku musz\u0105 uwa\u017ca\u0107, aby nie zak\u0142ada\u0107, \u017ce wszyscy Latynosi w danym obszarze geograficznym lub innej grupie demograficznej znajduj\u0105 si\u0119 na tym samym poziomie akulturacji. Na przyk\u0142ad wielu Latynos\u00f3w w USA znajduje si\u0119 na ni\u017cszym poziomie akulturacji ni\u017c mieszka\u0144cy kraj\u00f3w Ameryki \u0141aci\u0144skiej, a wielu z nich nie m\u00f3wi regularnie po hiszpa\u0144sku w miejscach publicznych, w domu lub w og\u00f3le. Samo zaoferowanie t\u0142umaczenia ankiety w j\u0119zyku hiszpa\u0144skim nie wystarczy, aby uzyska\u0107 dost\u0119p do populacji Latynos\u00f3w; proces badawczy, kt\u00f3ry obejmuje materia\u0142y ankietowe, kwestionariusze i wywiady osobiste, musi uwzgl\u0119dnia\u0107 nie tylko preferowany j\u0119zyk os\u00f3b na rynku docelowym, ale tak\u017ce ich indywidualn\u0105 to\u017csamo\u015b\u0107 kulturow\u0105.<\/p>\n\n\n\n<p>Wraz ze wzrostem populacji hiszpa\u0144skoj\u0119zycznej, zw\u0142aszcza w USA, kluczowe dla rozwoju kluczowych bran\u017c i przedsi\u0119biorstw jest zrozumienie wielko\u015bci, zr\u00f3\u017cnicowania, wyj\u0105tkowo\u015bci i og\u00f3lnej warto\u015bci rynku hiszpa\u0144skoj\u0119zycznego jako pr\u0119\u017cnie rozwijaj\u0105cej si\u0119 bazy konsument\u00f3w o wyj\u0105tkowej sile nabywczej. Populacje hiszpa\u0144skoj\u0119zyczne maj\u0105 r\u00f3wnie\u017c unikalne wzorce korzystania z technologii i medi\u00f3w, wzorce konsumpcji i psychologi\u0119 nabywc\u00f3w, kt\u00f3re r\u00f3\u017cni\u0105 si\u0119 od rynku masowego. Przewiduje si\u0119, \u017ce ich przysz\u0142y wzrost konsumpcji b\u0119dzie znacznie wi\u0119kszy ni\u017c w przypadku os\u00f3b nieb\u0119d\u0105cych Latynosami, a zmiany kulturowe i gospodarcze w USA b\u0119d\u0105 w du\u017cej mierze determinowane przez ten wzrost.<\/p>\n\n\n\n<h2 class=\"wp-block-heading\">Badania rynku w Ameryce \u0141aci\u0144skiej<\/h2>\n\n\n\n<figure class=\"gb-block-image gb-block-image-45d04967\"><img loading=\"lazy\" decoding=\"async\" width=\"1456\" height=\"816\" class=\"gb-image gb-image-45d04967\" src=\"https:\/\/www.sisinternational.com\/wp-content\/uploads\/2025\/09\/Hispanic-5.jpg\" alt=\"SIS Mi\u0119dzynarodowe badania rynku i strategia\" title=\"Hispanic (5)\" srcset=\"https:\/\/www.sisinternational.com\/wp-content\/uploads\/2025\/09\/Hispanic-5.jpg 1456w, https:\/\/www.sisinternational.com\/wp-content\/uploads\/2025\/09\/Hispanic-5-300x168.jpg 300w, https:\/\/www.sisinternational.com\/wp-content\/uploads\/2025\/09\/Hispanic-5-1024x574.jpg 1024w, https:\/\/www.sisinternational.com\/wp-content\/uploads\/2025\/09\/Hispanic-5-768x430.jpg 768w, https:\/\/www.sisinternational.com\/wp-content\/uploads\/2025\/09\/Hispanic-5-18x10.jpg 18w\" sizes=\"auto, (max-width: 1456px) 100vw, 1456px\"><\/figure>\n\n\n\n<p><\/p>\n\n\n\n<p>Ka\u017cdy kraj Ameryki \u0141aci\u0144skiej ma swoje w\u0142asne, odr\u0119bne postawy, obyczaje, preferencje, osobliwo\u015bci i wyr\u00f3\u017cniaj\u0105ce go cechy.<\/p>\n\n\n\n<p>Narzucenie szerokiego koca jednostajno\u015bci na ten obszar o bogatym znaczeniu historycznym i kulturowym by\u0142oby b\u0142\u0119dem. To w\u0142a\u015bnie tutaj znaczenie do\u015bwiadczonych mi\u0119dzynarodowych bada\u0144 marketingowych staje si\u0119 niezb\u0119dne, dla wst\u0119pnych konsultacji i dla wykorzystania ustalonych metodologii, kt\u00f3re daj\u0105 najlepsz\u0105 okazj\u0119 do zrozumienia tych powstaj\u0105cych narod\u00f3w i kultur oraz czerpania korzy\u015bci z tego zrozumienia.<\/p>\n\n\n\n<h2 class=\"wp-block-heading\">Co wolno, a czego nie wolno robi\u0107 w badaniach rynku hiszpa\u0144skoj\u0119zycznego<\/h2>\n\n\n\n<h3 class=\"wp-block-heading\">Robi\u0107<\/h3>\n\n\n\n<ul class=\"wp-block-list\">\n<li>Poznaj grup\u0119 docelow\u0105 ludno\u015bci hiszpa\u0144skoj\u0119zycznej\n<ul class=\"wp-block-list\">\n<li>Demografia<\/li>\n\n\n\n<li>Dystrybucja geograficzna<\/li>\n\n\n\n<li>Poziomy akulturacji<\/li>\n<\/ul>\n<\/li>\n\n\n\n<li>Uwzgl\u0119dnij zaakulturowanych, dwukulturowych i niezaakulturowanych Latynos\u00f3w\n<ul class=\"wp-block-list\">\n<li>U\u017cyj przyk\u0142adu, kt\u00f3ry rozpoznaje te r\u00f3\u017cnice na etapie rekrutacji<\/li>\n<\/ul>\n<\/li>\n\n\n\n<li>Stosuj sformu\u0142owania pyta\u0144 uwzgl\u0119dniaj\u0105ce informacje ekonomiczne, edukacyjne i spo\u0142eczno-ekonomiczne.<\/li>\n\n\n\n<li>Rozpoznaj r\u00f3\u017cnice w znajomo\u015bci j\u0119zyka hiszpa\u0144skiego nawet w\u015br\u00f3d populacji hiszpa\u0144skoj\u0119zycznych\n<ul class=\"wp-block-list\">\n<li>Obecno\u015b\u0107 respondent\u00f3w m\u00f3wi\u0105cych po hiszpa\u0144sku nie jest r\u00f3wnoznaczna z obecno\u015bci\u0105 respondent\u00f3w identyfikuj\u0105cych si\u0119 jako Latynosi<\/li>\n<\/ul>\n<\/li>\n\n\n\n<li>Nale\u017cy pami\u0119ta\u0107, \u017ce Hiszpanie nie stanowi\u0105 jednej du\u017cej, jednorodnej grupy\n<ul class=\"wp-block-list\">\n<li>Hiszpanie pochodz\u0105 z wielu r\u00f3\u017cnych kraj\u00f3w pochodzenia<\/li>\n\n\n\n<li>Hiszpanie nale\u017c\u0105 do wielu r\u00f3\u017cnych klas spo\u0142ecznych<\/li>\n\n\n\n<li>Poziom akulturacji w\u015br\u00f3d Hiszpan\u00f3w jest zr\u00f3\u017cnicowany<\/li>\n<\/ul>\n<\/li>\n\n\n\n<li>Przygotuj si\u0119 na to, \u017ce ankiety w j\u0119zyku hiszpa\u0144skim b\u0119d\u0105 trwa\u0142y d\u0142u\u017cej ni\u017c w j\u0119zyku angielskim<\/li>\n\n\n\n<li>Przygotuj si\u0119 na pytania ankietowe wymagaj\u0105ce wi\u0119kszej szczeg\u00f3\u0142owo\u015bci i wra\u017cliwo\u015bci kulturowej<\/li>\n\n\n\n<li>Posiada\u0107 dwuj\u0119zyczne narz\u0119dzie pomiarowe, kt\u00f3re uwzgl\u0119dnia zar\u00f3wno osoby m\u00f3wi\u0105ce po hiszpa\u0144sku, jak i po angielsku<\/li>\n\n\n\n<li>We\u017a pod uwag\u0119 zachowania konsument\u00f3w w poszczeg\u00f3lnych krajach i obszarach geograficznych<\/li>\n<\/ul>\n\n\n\n<h3 class=\"wp-block-heading\">Nie r\u00f3b tego<\/h3>\n\n\n\n<ul class=\"wp-block-list\">\n<li>Narzucenie odr\u0119bnej kulturze mentalno\u015bci \u201eOg\u00f3lnego Rynku\u201d\n<ul class=\"wp-block-list\">\n<li>We\u017a pod uwag\u0119 style ankiet<\/li>\n\n\n\n<li>Uwa\u017caj na zadawanie pyta\u0144 o \u201esympatyczno\u015b\u0107\u201d i proszenie o ocen\u0119 na skali<\/li>\n<\/ul>\n<\/li>\n\n\n\n<li>Za\u0142\u00f3\u017cmy, \u017ce wszystkie rynki hiszpa\u0144skoj\u0119zyczne s\u0105 hiszpa\u0144skoj\u0119zyczne i w pe\u0142ni zaakulturowane<\/li>\n\n\n\n<li>Za\u0142\u00f3\u017cmy, \u017ce wszyscy Hiszpanie maj\u0105 taki sam poziom wykszta\u0142cenia lub status spo\u0142eczno-ekonomiczny<\/li>\n\n\n\n<li>Po prostu t\u0142umacz materia\u0142y z j\u0119zyka angielskiego na hiszpa\u0144ski, nie zwracaj\u0105c uwagi na niuanse kulturowe<\/li>\n\n\n\n<li>Stosuj skomplikowane skale ocen dotycz\u0105ce sympatii i ugodowo\u015bci<\/li>\n<\/ul>\n\n\n\n<p>Dost\u0119p do rynku hiszpa\u0144skoj\u0119zycznego w du\u017cej mierze zale\u017cy od strategii stosowanych w j\u0119zyku, konsumpcji medi\u00f3w i technologii. Badania naukowe powinny by\u0107 projektowane z uwzgl\u0119dnieniem r\u00f3\u017cnych poziom\u00f3w adaptacji technologii i konsumpcji medi\u00f3w, a tak\u017ce niuans\u00f3w j\u0119zykowych. Osoby na wszystkich poziomach spo\u0142eczno-ekonomicznych mog\u0105 by\u0107 lojalnymi i responsywnymi klientami i nale\u017cy je traktowa\u0107 jako takie, bior\u0105c pod uwag\u0119 ich opinie i indywidualne potrzeby.<\/p>\n\n\n\n<h2 class=\"wp-block-heading\">Maj\u0105c ponad 40-letnie do\u015bwiadczenie w globalnych badaniach rynku, SIS oferuje szerok\u0105 gam\u0119 us\u0142ug, w tym badania jako\u015bciowe, ilo\u015bciowe i strategiczne.<\/h2>\n\n\n\n<h2 class=\"wp-block-heading p1\"><a href=\"https:\/\/www.sisinternational.com\/pl\/about-sis\/contact-sis-international-market-research\/\"><span class=\"s1\">Skontaktuj si\u0119 z nami w sprawie Twojego kolejnego projektu badawczego rynku hiszpa\u0144skoj\u0119zycznego.<\/span><\/a><\/h2>\n\n\n\n<h3 class=\"wp-block-heading title-heading-left\">You&nbsp;may also be interested in\u2026<\/h3>\n\n\n\n<p><\/p>\n\n\n\n<!-- Page-list plugin v.5.9 wordpress.org\/plugins\/page-list\/ -->\n<div class=\"page-list page-list-ext\">\n<div class=\"page-list-ext-item\"><div class=\"page-list-ext-image\"><a href=\"https:\/\/www.sisinternational.com\/pl\/zasieg\/latin-america\/badania-rynku-ameryki-lacinskiej\/\" title=\"Badania rynku w Ameryce \u0141aci\u0144skiej\"><img decoding=\"async\" src=\"https:\/\/www.sisinternational.com\/wp-content\/uploads\/2025\/08\/Global-7-150x150.jpg\" width=\"150\" alt=\"Badania rynku w Ameryce \u0141aci\u0144skiej\" \/><\/a><\/div> <h3 class=\"page-list-ext-title\"><a href=\"https:\/\/www.sisinternational.com\/pl\/zasieg\/latin-america\/badania-rynku-ameryki-lacinskiej\/\" title=\"Badania rynku w Ameryce \u0141aci\u0144skiej\">Badania rynku w Ameryce \u0141aci\u0144skiej<\/a><\/h3><div class=\"page-list-ext-item-content\">Dowiedz si\u0119 wi\u0119cej o badaniach rynku w Ameryce \u0141aci\u0144skiej.<\/div><\/div>\n\n<\/div>\n\n\n\n<!-- Page-list plugin v.5.9 wordpress.org\/plugins\/page-list\/ -->\n<div class=\"page-list page-list-ext\">\n<div class=\"page-list-ext-item\"><div class=\"page-list-ext-image\"><a href=\"https:\/\/www.sisinternational.com\/pl\/zasieg\/latin-america\/badania-rynku-ameryki-lacinskiej\/badania-rynku-w-meksyku\/\" title=\"Badania rynku w Meksyku\"><img decoding=\"async\" src=\"https:\/\/www.sisinternational.com\/wp-content\/uploads\/2025\/09\/Mexico-City-4-150x150.jpg\" width=\"150\" alt=\"Badania rynku w Meksyku\" \/><\/a><\/div> <h3 class=\"page-list-ext-title\"><a href=\"https:\/\/www.sisinternational.com\/pl\/zasieg\/latin-america\/badania-rynku-ameryki-lacinskiej\/badania-rynku-w-meksyku\/\" title=\"Badania rynku w Meksyku\">Badania rynku w Meksyku<\/a><\/h3><div class=\"page-list-ext-item-content\">SIS ma ponad 30-letnie do\u015bwiadczenie w badaniach rynku globalnego oraz dog\u0142\u0119bn\u0105 wiedz\u0119 i zasoby na temat rynku meksyka\u0144skiego. <\/div><\/div>\n\n<\/div>","protected":false},"excerpt":{"rendered":"<p>Dostarczamy dane, spostrze\u017cenia i strategie dotycz\u0105ce bada\u0144 rynku latynoskiego. Dowiedz si\u0119 wi\u0119cej o tym, jak dotrze\u0107 do konsument\u00f3w latynoskich.<\/p>","protected":false},"author":1,"featured_media":62996,"parent":14351,"menu_order":2,"comment_status":"closed","ping_status":"open","template":"","meta":{"footnotes":""},"class_list":["post-16527","page","type-page","status-publish","has-post-thumbnail"],"_links":{"self":[{"href":"https:\/\/www.sisinternational.com\/pl\/wp-json\/wp\/v2\/pages\/16527","targetHints":{"allow":["GET"]}}],"collection":[{"href":"https:\/\/www.sisinternational.com\/pl\/wp-json\/wp\/v2\/pages"}],"about":[{"href":"https:\/\/www.sisinternational.com\/pl\/wp-json\/wp\/v2\/types\/page"}],"author":[{"embeddable":true,"href":"https:\/\/www.sisinternational.com\/pl\/wp-json\/wp\/v2\/users\/1"}],"replies":[{"embeddable":true,"href":"https:\/\/www.sisinternational.com\/pl\/wp-json\/wp\/v2\/comments?post=16527"}],"version-history":[{"count":4,"href":"https:\/\/www.sisinternational.com\/pl\/wp-json\/wp\/v2\/pages\/16527\/revisions"}],"predecessor-version":[{"id":67572,"href":"https:\/\/www.sisinternational.com\/pl\/wp-json\/wp\/v2\/pages\/16527\/revisions\/67572"}],"up":[{"embeddable":true,"href":"https:\/\/www.sisinternational.com\/pl\/wp-json\/wp\/v2\/pages\/14351"}],"wp:featuredmedia":[{"embeddable":true,"href":"https:\/\/www.sisinternational.com\/pl\/wp-json\/wp\/v2\/media\/62996"}],"wp:attachment":[{"href":"https:\/\/www.sisinternational.com\/pl\/wp-json\/wp\/v2\/media?parent=16527"}],"curies":[{"name":"wp","href":"https:\/\/api.w.org\/{rel}","templated":true}]}}