{"id":16424,"date":"2015-06-11T01:06:49","date_gmt":"2015-06-11T01:06:49","guid":{"rendered":"https:\/\/www.sisinternational.com\/?page_id=16424"},"modified":"2026-01-27T16:44:18","modified_gmt":"2026-01-27T21:44:18","slug":"firma-badawcza-rynku-w-los-angeles","status":"publish","type":"page","link":"https:\/\/www.sisinternational.com\/pl\/zasieg\/north-america\/zasieg-usa\/firma-badawcza-rynku-w-los-angeles\/","title":{"rendered":"Firma badawcza rynku w Los Angeles"},"content":{"rendered":"<h1 class=\"wp-block-heading\">Firma badawcza rynku w Los Angeles<\/h1>\n\n\n\n<figure class=\"gb-block-image gb-block-image-d7ac7180\"><img loading=\"lazy\" decoding=\"async\" width=\"1456\" height=\"816\" class=\"gb-image gb-image-d7ac7180\" src=\"https:\/\/www.sisinternational.com\/wp-content\/uploads\/2025\/09\/Los-Angeles-3.jpg\" srcset=\"https:\/\/www.sisinternational.com\/wp-content\/uploads\/2025\/09\/Los-Angeles-3.jpg 1456w, https:\/\/www.sisinternational.com\/wp-content\/uploads\/2025\/09\/Los-Angeles-3-300x168.jpg 300w, https:\/\/www.sisinternational.com\/wp-content\/uploads\/2025\/09\/Los-Angeles-3-1024x574.jpg 1024w, https:\/\/www.sisinternational.com\/wp-content\/uploads\/2025\/09\/Los-Angeles-3-768x430.jpg 768w, https:\/\/www.sisinternational.com\/wp-content\/uploads\/2025\/09\/Los-Angeles-3-18x10.jpg 18w\" sizes=\"auto, (max-width: 1456px) 100vw, 1456px\" alt=\"SIS Mi\u0119dzynarodowe badania rynku i strategia\"><\/figure>\n\n\n\n<p><\/p>\n\n\n\n<h3 class=\"wp-block-heading\">W jaki spos\u00f3b czo\u0142owa firma zajmuj\u0105ca si\u0119 badaniami rynku w Los Angeles mo\u017ce pom\u00f3c Ci zdoby\u0107 przewag\u0119 konkurencyjn\u0105 niezb\u0119dn\u0105 do osi\u0105gni\u0119cia sukcesu na jednym z najbardziej dynamicznych rynk\u00f3w na \u015bwiecie?<\/h3>\n\n\n\n<p>Nasza zr\u00f3\u017cnicowana i wysoko wykwalifikowana firma badawcza rynku w Los Angeles zapewnia pe\u0142n\u0105 obs\u0142ug\u0119 strategii biznesowej, badania produkt\u00f3w, testowanie produkt\u00f3w, strategi\u0119 sprzeda\u017cy, zachowania konsument\u00f3w i dostosowane rozwi\u0105zania konsultingowe, kt\u00f3re przynosz\u0105 namacalne rezultaty dla naszych klient\u00f3w. Rozumiemy potrzeby klient\u00f3w krajowych i mi\u0119dzynarodowych i mamy zami\u0142owanie do sprawiania, aby podstawowe i wt\u00f3rne metody badawcze dzia\u0142a\u0142y dla firm z Los Angeles.<\/p>\n\n\n\n<h2 class=\"wp-block-heading\">Co wyr\u00f3\u017cnia SIS jako wiod\u0105c\u0105 firm\u0119 zajmuj\u0105c\u0105 si\u0119 badaniami rynku w Los Angeles?<\/h2>\n\n\n\n<p>The value of specialized local knowledge is key in the sprawling urban expanse of Los Angeles, where industries as diverse as entertainment, technology, and manufacturing intersect. SIS International is a best-in-class Los Angeles <a href=\"https:\/\/www.sisinternational.com\/pl\/wielojezyczna-firma-badawcza-rynku\/\" title=\"Wieloj\u0119zyczna firma badawczo-strategiczna zajmuj\u0105ca si\u0119 badaniami rynku\"  data-wpil-monitor-id=\"1958\">market research firm<\/a> that leverages deep regional insights and global experience. Our firm&#8217;s unique approach involves a blend of advanced analytics, bespoke research methodologies, and real-time data collection that are specifically tailored to the nuances of the Los Angeles marketplace.<\/p>\n\n\n\n<p>Po pierwsze, SIS International wykorzystuje najnowocze\u015bniejsz\u0105 technologi\u0119 do gromadzenia i analizowania danych, zapewniaj\u0105c naszym klientom najbardziej dok\u0142adne i praktyczne spostrze\u017cenia. Obejmuje to wykorzystanie analityki opartej na sztucznej inteligencji i zaawansowanych narz\u0119dzi do wizualizacji danych, kt\u00f3re o\u017cywiaj\u0105 z\u0142o\u017cone zestawy danych. Ponadto nasz zesp\u00f3\u0142 sk\u0142ada si\u0119 z ekspert\u00f3w, kt\u00f3rzy wyr\u00f3\u017cniaj\u0105 si\u0119 w badaniach ilo\u015bciowych i jako\u015bciowych oraz maj\u0105 dog\u0142\u0119bn\u0105 wiedz\u0119 na temat krajobrazu gospodarczego i \u015brodowiska kulturowego Los Angeles.<\/p>\n\n\n\n<p>Ponadto zaanga\u017cowanie SIS International w innowacje w badaniach rynku w Los Angeles pozwala nam przewidywa\u0107 trendy rynkowe i zmiany, a nie tylko na nie reagowa\u0107. To proaktywne podej\u015bcie pozwala naszym klientom wyprzedza\u0107 trendy, podejmuj\u0105c strategiczne decyzje, kt\u00f3re wykorzystuj\u0105 pojawiaj\u0105ce si\u0119 mo\u017cliwo\u015bci.<\/p>\n\n\n\n<h2 class=\"wp-block-heading\">Korzy\u015bci z zatrudnienia najlepszej firmy zajmuj\u0105cej si\u0119 badaniami rynku w Los Angeles, takiej jak SIS<\/h2>\n\n\n\n<h4 class=\"wp-block-heading\">Firma zajmuj\u0105ca si\u0119 badaniami rynku w Los Angeles jest Twoj\u0105 bram\u0105 do zrozumienia tego wyj\u0105tkowego rynku, zapewniaj\u0105c Ci narz\u0119dzia i informacje niezb\u0119dne do osi\u0105gni\u0119cia sukcesu.<\/h4>\n\n\n\n<p>Choosing a top Los Angeles <a href=\"https:\/\/www.sisinternational.com\/pl\/ekspertyza\/branze\/design-firm-market-research\/\" title=\"Badania rynku firmy projektowej\"  data-wpil-monitor-id=\"5599\">market research firm<\/a> like ours offers many benefits that extend far beyond basic market understanding. Our comprehensive services enable businesses to identify and fully exploit the potential within the Los Angeles market.<\/p>\n\n\n\n<p><strong>Lokalne spostrze\u017cenia dla ukierunkowanych strategii<\/strong>:<\/p>\n\n\n\n<ul class=\"wp-block-list\">\n<li>Nasza firma dostarcza precyzyjnie dostrojone spostrze\u017cenia specyficzne dla obszaru Los Angeles, umo\u017cliwiaj\u0105c firmom opracowywanie ukierunkowanych strategii, kt\u00f3re rezonuj\u0105 z lokaln\u0105 demografi\u0105. To zlokalizowane podej\u015bcie jest kluczowe w mie\u015bcie znanym z r\u00f3\u017cnorodnej i ewoluuj\u0105cej bazy konsument\u00f3w.<\/li>\n<\/ul>\n\n\n\n<p><strong>Przewaga konkurencyjna dzi\u0119ki zaawansowanej analityce<\/strong>:<\/p>\n\n\n\n<ul class=\"wp-block-list\">\n<li>SIS International stosuje zaawansowane techniki analityczne, aby analizowa\u0107 dynamik\u0119 rynku i zachowania konsument\u00f3w. Ta g\u0142\u0119bia analizy oferuje klientom przewag\u0119 konkurencyjn\u0105, poniewa\u017c mog\u0105 oni przewidywa\u0107 zmiany w preferencjach konsument\u00f3w i warunkach rynkowych szybciej ni\u017c ich konkurenci.<\/li>\n<\/ul>\n\n\n\n<p><strong>Rozwi\u0105zania dostosowane do potrzeb r\u00f3\u017cnych bran\u017c<\/strong>:<\/p>\n\n\n\n<ul class=\"wp-block-list\">\n<li>Niezale\u017cnie od tego, czy dzia\u0142asz w bran\u017cy rozrywkowej, technologicznej czy produkcyjnej, nasze badania s\u0105 dostosowane do konkretnych wyzwa\u0144 i mo\u017cliwo\u015bci Twojej bran\u017cy. To dostosowane podej\u015bcie zapewnia, \u017ce strategie s\u0105 skuteczne i istotne w kontek\u015bcie Twojej firmy.<\/li>\n<\/ul>\n\n\n\n<p><strong>D\u0142ugoterminowe partnerstwo dla ci\u0105g\u0142ego wzrostu<\/strong>:<\/p>\n\n\n\n<ul class=\"wp-block-list\">\n<li>Nasze zaanga\u017cowanie nie ko\u0144czy si\u0119 na pojedynczym projekcie. SIS International wierzy w budowanie d\u0142ugoterminowych partnerstw i zapewnianie ci\u0105g\u0142ej analizy i wsparcia, aby pom\u00f3c firmom w ci\u0105g\u0142ej adaptacji i rozwoju na rynku Los Angeles.<\/li>\n<\/ul>\n\n\n\n<h2 class=\"wp-block-heading\">Kto potrzebuje firmy zajmuj\u0105cej si\u0119 badaniami rynku w Los Angeles, aby odnie\u015b\u0107 sukces na rynku?<\/h2>\n\n\n\n<p>Wej\u015bcie na rynek w Los Angeles stwarza wyj\u0105tkowe wyzwania i mo\u017cliwo\u015bci, kt\u00f3re znacznie r\u00f3\u017cni\u0105 si\u0119 w zale\u017cno\u015bci od bran\u017cy. Firma badawcza rynku w Los Angeles, taka jak SIS International, jest kluczowa dla ka\u017cdej firmy, czy to startupu, \u015bredniej wielko\u015bci firmy, czy du\u017cej korporacji, kt\u00f3ra chce z powodzeniem porusza\u0107 si\u0119 po tym z\u0142o\u017conym krajobrazie.<\/p>\n\n\n\n<p><strong>Startupy i nowi uczestnicy rynku<\/strong>:<\/p>\n\n\n\n<ul class=\"wp-block-list\">\n<li>Zrozumienie lokalnych zachowa\u0144 konsument\u00f3w, poziom\u00f3w konkurencji i otoczenia regulacyjnego jest kluczowe dla startup\u00f3w. Mo\u017cemy zapewni\u0107 te spostrze\u017cenia, znacznie zmniejszaj\u0105c ryzyko zwi\u0105zane z wej\u015bciem na nowy rynek i pomagaj\u0105c w dostosowaniu oferty produkt\u00f3w i strategii marketingowych do lokalnych gust\u00f3w i preferencji.<\/li>\n<\/ul>\n\n\n\n<p><strong>\u015aredniej wielko\u015bci firmy chc\u0105ce si\u0119 rozwija\u0107<\/strong>:<\/p>\n\n\n\n<ul class=\"wp-block-list\">\n<li>\u015aredniej wielko\u015bci firmy mog\u0105 skorzysta\u0107 ze szczeg\u00f3\u0142owej analizy rynku, aby zidentyfikowa\u0107 mo\u017cliwo\u015bci wzrostu w obszarze Los Angeles. Niezale\u017cnie od tego, czy eksploruj\u0105 nowe segmenty demograficzne, czy rozszerzaj\u0105 si\u0119 na nowe linie produkt\u00f3w, szczeg\u00f3\u0142owe badania pomagaj\u0105 zapewni\u0107, \u017ce dzia\u0142ania ekspansywne s\u0105 dobrze ukierunkowane i skuteczne.<\/li>\n<\/ul>\n\n\n\n<p><strong>Du\u017ce korporacje d\u0105\u017c\u0105ce do konsolidacji<\/strong>:<\/p>\n\n\n\n<ul class=\"wp-block-list\">\n<li>Kompleksowe badania rynku s\u0105 niezb\u0119dne dla du\u017cych korporacji, aby skonsolidowa\u0107 swoj\u0105 obecno\u015b\u0107 i zoptymalizowa\u0107 operacje. G\u0142\u0119bokie badania logistyki \u0142a\u0144cucha dostaw, analizy konkurencji i satysfakcji konsument\u00f3w mog\u0105 pom\u00f3c tym firmom utrzyma\u0107 przewag\u0119 konkurencyjn\u0105 na nasyconym rynku.<\/li>\n<\/ul>\n\n\n\n<p><strong>Mi\u0119dzynarodowe przedsi\u0119biorstwa badaj\u0105ce wej\u015bcie do USA<\/strong>:<\/p>\n\n\n\n<ul class=\"wp-block-list\">\n<li>International companies considering entry into the U.S. <a href=\"https:\/\/www.sisinternational.com\/pl\/opinia-o-produkcie-spostrzezenia-kulturowe-wejscie-na-rynek-azja-do-europy\/\" title=\"Badania wej\u015bcia na rynek motoryzacyjny | Studium przypadku\"  data-wpil-monitor-id=\"7051\">market through Los Angeles<\/a> will find a market research firm invaluable for understanding cultural nuances and local business practices. This insight is critical for adapting products and services to fit the local market and navigating the complex regulatory landscape.<\/li>\n<\/ul>\n\n\n\n<h2 class=\"wp-block-heading\">Rozumiemy si\u0142\u0119 ekonomiczn\u0105 Los Angeles.<\/h2>\n\n\n\n<p>Rynek w Los Angeles zmierza w kierunku analityki, przetwarzania w chmurze, du\u017cych zbior\u00f3w danych i mobilno\u015bci. Narz\u0119dzia do sieci spo\u0142eczno\u015bciowych i wsp\u00f3\u0142pracy r\u00f3wnie\u017c maj\u0105 wp\u0142yw. Te nowe technologie szybko zmieniaj\u0105 rynek w Los Angeles, wp\u0142ywaj\u0105c na spos\u00f3b, w jaki mieszka\u0144cy miasta pracuj\u0105, \u0142\u0105cz\u0105 si\u0119, zbieraj\u0105 taktyczne spostrze\u017cenia i podejmuj\u0105 decyzje.<\/p>\n\n\n\n<p>Ponadto globalizacja zmienia i poszerza perspektywy rynkowe nowo konwergentnej bran\u017cy medialnej, podczas gdy digitalizacja zmienia spos\u00f3b, w jaki tre\u015bci \u2013 informacje, wiadomo\u015bci i nagrania \u2013 s\u0105 produkowane i dystrybuowane, powoduj\u0105c, \u017ce dawniej odr\u0119bne sekcje bran\u017cy medialnej i rozrywkowej \u0142\u0105cz\u0105 si\u0119 w jedno medium.<\/p>\n\n\n\n<h4 class=\"wp-block-heading\">Czy wsp\u00f3\u0142praca z do\u015bwiadczon\u0105 firm\u0105 zajmuj\u0105c\u0105 si\u0119 badaniami rynku w Los Angeles mo\u017ce okaza\u0107 si\u0119 kluczem do wykorzystania potencjalnych szans biznesowych i poradzenia sobie ze z\u0142o\u017cono\u015bci\u0105 tego dynamicznego centrum gospodarczego?<\/h4>\n\n\n\n<p>Absolutely! Partnering with a seasoned Los Angeles market <a href=\"https:\/\/www.sisinternational.com\/pl\/ekspertyza\/branze\/extreme-persona-research\/\" title=\"Badania nad ekstremaln\u0105 person\u0105\"  data-wpil-monitor-id=\"3378\">research firm can be extremely<\/a> helpful for businesses aiming to unlock potential opportunities and navigate the complexities of this energetic economic hub.<\/p>\n\n\n\n<p>Wsp\u00f3\u0142pracuj\u0105c z firm\u0105 specjalizuj\u0105c\u0105 si\u0119 w badaniach rynku w Los Angeles, przedsi\u0119biorstwa mog\u0105 skorzysta\u0107 z dostosowanej do ich potrzeb analizy danych, informacji o konkurencji i spostrze\u017ce\u0144 dotycz\u0105cych konsument\u00f3w, uwzgl\u0119dniaj\u0105cych specyfik\u0119 danego regionu.<\/p>\n\n\n\n<h2 class=\"wp-block-heading\">Metody bada\u0144 rynku<\/h2>\n\n\n\n<h4 class=\"wp-block-heading\">W dynamicznym krajobrazie gospodarczym Los Angeles ka\u017cda strategiczna decyzja biznesowa ma znaczenie\u2026 Wsp\u00f3\u0142praca z wiod\u0105c\u0105 firm\u0105 zajmuj\u0105c\u0105 si\u0119 badaniami rynku w Los Angeles oferuje wi\u0119cej ni\u017c tylko dane; zapewnia ona map\u0119 drogow\u0105, kt\u00f3ra pomaga porusza\u0107 si\u0119 po zawi\u0142o\u015bciach rynku.<\/h4>\n\n\n\n<ul class=\"wp-block-list\">\n<li>Grupy fokusowe online<\/li>\n\n\n\n<li>Wywiady wideo<\/li>\n\n\n\n<li>Wywiady tele-g\u0142\u0119bokie<\/li>\n\n\n\n<li>Ankiety<\/li>\n\n\n\n<li>Przechwyty<\/li>\n\n\n\n<li>Wywiady twarz\u0105 w twarz<\/li>\n<\/ul>\n\n\n\n<h2 class=\"wp-block-heading\">Obszary, w kt\u00f3rych dzia\u0142amy w Los Angeles<\/h2>\n\n\n\n<p>Zasi\u0119g i wiedza specjalistyczna SIS International obejmuj\u0105 ca\u0142y obszar Los Angeles, zapewniaj\u0105c, \u017ce niezale\u017cnie od tego, gdzie znajduje si\u0119 Twoja firma lub gdzie chcesz si\u0119 rozwija\u0107 w regionie, mamy Ci\u0119 pod opiek\u0105. Nasza firma badawcza rynku w Los Angeles jest strategicznie umiejscowiona, aby obs\u0142ugiwa\u0107 r\u00f3\u017cnorodne sektory we wszystkich kluczowych dzielnicach i dystryktach, zapewniaj\u0105c kompleksowe spostrze\u017cenia, kt\u00f3re odpowiadaj\u0105 konkretnym potrzebom ka\u017cdego obszaru.<\/p>\n\n\n\n<p><strong>Centrum Los Angeles<\/strong>: W sercu miasta nasze us\u0142ugi pomagaj\u0105 firmom wkroczy\u0107 na rozwijaj\u0105ce si\u0119 rynki, na kt\u00f3re wp\u0142yw maj\u0105 wysokie finanse, startupy technologiczne i bran\u017ce kreatywne. Oferujemy wgl\u0105d w trendy konsumenckie i dynamik\u0119 biznesu kszta\u0142tuj\u0105c\u0105 przysz\u0142o\u015b\u0107 centrum Los Angeles.<\/p>\n\n\n\n<p><strong>Pla\u017ca Krzemowa<\/strong>: Silicon Beach is a critical area for tech-focused businesses. Our firm provides targeted <a href=\"https:\/\/www.sisinternational.com\/pl\/ekspertyza\/branze\/botany-market-research\/\" title=\"Badania rynku botaniki\"  data-wpil-monitor-id=\"4259\">research that helps tech companies understand market<\/a> entry strategies, competitive landscape, and consumer technology adoption rates.<\/p>\n\n\n\n<p><strong>Dzielnice Hollywood i rozrywki<\/strong>: Jako globalne centrum rozrywki, obszar ten wymaga unikalnego podej\u015bcia do bada\u0144 rynku. Nasza wiedza specjalistyczna pomaga firmom rozrywkowym i medialnym porusza\u0107 si\u0119 po preferencjach odbiorc\u00f3w, wprowadzaniu produkt\u00f3w na rynek i strategiach promocyjnych.<\/p>\n\n\n\n<p><strong>Dolina San Fernando<\/strong>:Dolina, znana ze swojego sektora przemys\u0142owego i produkcyjnego, korzysta z naszych analiz rynkowych dotycz\u0105cych trend\u00f3w w produkcji, logistyki \u0142a\u0144cucha dostaw i lokalnych rynk\u00f3w konsumenckich.<\/p>\n\n\n\n<p><strong>Zachodnia strona<\/strong>: The affluent neighborhoods of the Westside are ideal for <a href=\"https:\/\/www.sisinternational.com\/pl\/discounting-at-super-luxury-retailers\/\" title=\"Obni\u017cki cen w sklepach luksusowych\"  data-wpil-monitor-id=\"7536\">luxury brands and high-end retail<\/a>. Our research assists businesses in understanding the purchasing patterns, lifestyle preferences, and demographic shifts that influence market opportunities in these areas.<\/p>\n\n\n\n<p><strong>Po\u0142udniowe Los Angeles i miasta bramne<\/strong>: South LA i Gateway Cities oferuj\u0105 wyj\u0105tkowe mo\u017cliwo\u015bci dla firm, kt\u00f3re szukaj\u0105 bardziej zr\u00f3\u017cnicowanych i wschodz\u0105cych rynk\u00f3w. Nasze badania koncentruj\u0105 si\u0119 na trendach demograficznych, rozwoju gospodarczym i spostrze\u017ceniach spo\u0142eczno\u015bci, kt\u00f3re s\u0105 niezb\u0119dne dla firm, kt\u00f3re chc\u0105 wywrze\u0107 pozytywny wp\u0142yw.<\/p>\n\n\n\n<p>Obejmuj\u0105c swoim zasi\u0119giem ka\u017cdy zak\u0105tek Los Angeles, SIS International gwarantuje, \u017ce bez wzgl\u0119du na to, gdzie jeste\u015b lub zamierzasz si\u0119 uda\u0107, nasze us\u0142ugi bada\u0144 rynku dostarcz\u0105 Ci spostrze\u017ce\u0144 i wskaz\u00f3wek niezb\u0119dnych do odniesienia sukcesu w tym dynamicznym mie\u015bcie.<\/p>\n\n\n\n<h2 class=\"wp-block-heading\">O badaniach rynku w Los Angeles<\/h2>\n\n\n\n<p><a href=\"https:\/\/www.linkedin.com\/company\/sisinternationalresearch\/\" target=\"_blank\" rel=\"noopener\"><span style=\"font-weight: 400;\">SIS Mi\u0119dzynarodowy<\/span><\/a>, firma zajmuj\u0105ca si\u0119 badaniami rynku w Los Angeles, oferuje kompleksowe rozwi\u0105zania w sektorach konsumenckim, B2B, przemys\u0142owym, opieki zdrowotnej i innych. Zapewniaj\u0105c pe\u0142ny wgl\u0105d w ca\u0142y krajobraz biznesowy, <a href=\"https:\/\/www.sisinternational.com\/pl\/o-moich-miedzynarodowych-badaniach\/contact-sis-international-market-research\/\">SIS<\/a> pomo\u017ce Ci pozosta\u0107 konkurencyjnym.<\/p>\n\n\n\n<h2 class=\"wp-block-heading\">&nbsp;<\/h2>","protected":false},"excerpt":{"rendered":"<p>SIS International, firma zajmuj\u0105ca si\u0119 badaniami rynku z siedzib\u0105 w Los Angeles, oferuje kompleksowe rozwi\u0105zania dla bran\u017c: konsumenckiej, B2B, przemys\u0142owej, ochrony zdrowia i motoryzacyjnej.<\/p>","protected":false},"author":1,"featured_media":66625,"parent":19303,"menu_order":2,"comment_status":"closed","ping_status":"closed","template":"","meta":{"footnotes":""},"class_list":["post-16424","page","type-page","status-publish","has-post-thumbnail"],"_links":{"self":[{"href":"https:\/\/www.sisinternational.com\/pl\/wp-json\/wp\/v2\/pages\/16424","targetHints":{"allow":["GET"]}}],"collection":[{"href":"https:\/\/www.sisinternational.com\/pl\/wp-json\/wp\/v2\/pages"}],"about":[{"href":"https:\/\/www.sisinternational.com\/pl\/wp-json\/wp\/v2\/types\/page"}],"author":[{"embeddable":true,"href":"https:\/\/www.sisinternational.com\/pl\/wp-json\/wp\/v2\/users\/1"}],"replies":[{"embeddable":true,"href":"https:\/\/www.sisinternational.com\/pl\/wp-json\/wp\/v2\/comments?post=16424"}],"version-history":[{"count":11,"href":"https:\/\/www.sisinternational.com\/pl\/wp-json\/wp\/v2\/pages\/16424\/revisions"}],"predecessor-version":[{"id":81162,"href":"https:\/\/www.sisinternational.com\/pl\/wp-json\/wp\/v2\/pages\/16424\/revisions\/81162"}],"up":[{"embeddable":true,"href":"https:\/\/www.sisinternational.com\/pl\/wp-json\/wp\/v2\/pages\/19303"}],"wp:featuredmedia":[{"embeddable":true,"href":"https:\/\/www.sisinternational.com\/pl\/wp-json\/wp\/v2\/media\/66625"}],"wp:attachment":[{"href":"https:\/\/www.sisinternational.com\/pl\/wp-json\/wp\/v2\/media?parent=16424"}],"curies":[{"name":"wp","href":"https:\/\/api.w.org\/{rel}","templated":true}]}}