{"id":16318,"date":"2015-06-09T17:08:56","date_gmt":"2015-06-09T17:08:56","guid":{"rendered":"https:\/\/www.sisinternational.com\/?page_id=16318"},"modified":"2025-09-08T12:40:04","modified_gmt":"2025-09-08T16:40:04","slug":"badania-rynku-w-grupie-fokusowej","status":"publish","type":"page","link":"https:\/\/www.sisinternational.com\/pl\/rozwiazania\/badania-rynku-w-grupie-fokusowej\/","title":{"rendered":"Badania rynku w grupie fokusowej"},"content":{"rendered":"<p><\/p>\n\n\n\n<h1 class=\"gb-headline gb-headline-c69d8229 gb-headline-text\">                              Badania rynku w grupie fokusowej<\/h1>\n\n\n\n<p><\/p>\n\n\n<div class=\"gb-container gb-container-2a916115\">\n\n<figure class=\"gb-block-image gb-block-image-508fcfd7\"><img loading=\"lazy\" decoding=\"async\" width=\"1456\" height=\"816\" class=\"gb-image gb-image-508fcfd7\" src=\"https:\/\/www.sisinternational.com\/wp-content\/uploads\/2025\/08\/Focus-group-meeting-8.jpg\" alt=\"SIS Mi\u0119dzynarodowe badania rynku i strategia\" title=\"Focus group &amp; meeting (8)\" srcset=\"https:\/\/www.sisinternational.com\/wp-content\/uploads\/2025\/08\/Focus-group-meeting-8.jpg 1456w, https:\/\/www.sisinternational.com\/wp-content\/uploads\/2025\/08\/Focus-group-meeting-8-300x168.jpg 300w, https:\/\/www.sisinternational.com\/wp-content\/uploads\/2025\/08\/Focus-group-meeting-8-1024x574.jpg 1024w, https:\/\/www.sisinternational.com\/wp-content\/uploads\/2025\/08\/Focus-group-meeting-8-768x430.jpg 768w, https:\/\/www.sisinternational.com\/wp-content\/uploads\/2025\/08\/Focus-group-meeting-8-18x10.jpg 18w\" sizes=\"auto, (max-width: 1456px) 100vw, 1456px\"><\/figure>\n\n\n\n<hr class=\"wp-block-separator has-alpha-channel-opacity is-style-dots\"\/>\n\n\n\n<p>Badania rynku w grupach fokusowych i pog\u0142\u0119bione wywiady stanowi\u0105 jeden z najwa\u017cniejszych aspekt\u00f3w&nbsp;<a href=\"https:\/\/smallbusiness.chron.com\/focus-group-research-method-17464.html\" target=\"_blank\" rel=\"noreferrer noopener\">udane jako\u015bciowe badanie rynku<\/a>Przesiewanie potencjalnych rekrut\u00f3w i wyodr\u0119bnianie os\u00f3b docelowych do udzia\u0142u to kluczowe elementy, kt\u00f3re mog\u0105 przewidzie\u0107 jako\u015b\u0107 wywiadu i nieuchronnie badania.<\/p>\n\n\n\n<p>The question remains: how and where do you find the right target people? What makes a good respondent? Aside from passing a screening questionnaire, what else demonstrates a genuine respondent? Recruiting potential candidates for studies can be more art than a science.<\/p>\n\n\n\n<h1 class=\"gb-headline gb-headline-a428afc0 gb-headline-text\"><strong>Kogo rekrutujemy do bada\u0144 rynku w grupach fokusowych<\/strong><\/h1>\n\n\n\n<p>We recruit for Focus Groups, Online Communities, In-Depth Interviews, Dyads, Triads, <a href=\"https:\/\/www.sisinternational.com\/pl\/rozwiazania\/rozwiazania-w-zakresie-badan-jakosciowych-i-ilosciowych\/testy-lokalizacji-centralnej-kontra-grupy-fokusowe\/\" title=\"Testy Centralnej Lokalizacji kontra Grupy Fokusowe\" data-wpil-monitor-id=\"11009\">Testy lokalizacji centralnej<\/a>, Car Clinics, Product Tests, and some Quantitative research projects.<\/p>\n\n\n\n<p>For each study, we are given a profile of the person we are looking for, in addition to a screening questionnaire.<\/p>\n\n\n\n<p>Je\u015bli respondent pasuje do profilu i odpowiada na wszystkie pytania dok\u0142adnie, teoretycznie powinien by\u0107 idealnym dopasowaniem. W wielu przypadkach taka strategia mo\u017ce si\u0119 sprawdzi\u0107. Istnieje jednak wiele przypadk\u00f3w, w kt\u00f3rych samo przej\u015bcie kwestionariusza przesiewowego nie wystarczy, aby upewni\u0107 si\u0119, \u017ce rekrut jest odpowiednim dopasowaniem. Co wi\u0119c mo\u017cna zrobi\u0107?<\/p>\n\n\n\n<p>Cz\u0119sto jest to kwestia czytania mi\u0119dzy wierszami i wymaga umiej\u0119tno\u015bci komunikacyjnych, aby zapewni\u0107 kandydat\u00f3w o wysokich kwalifikacjach.<\/p>\n\n\n\n<h2 class=\"gb-headline gb-headline-8946c37c gb-headline-text\"><strong><strong>Procesy rekrutacyjne grupy fokusowej SIS<\/strong><\/strong><\/h2>\n\n\n\n<p>We can use many innovative methods to recruit for our studies, and we tailor our methods to meet each client\u2019s individual needs. We have a custom internal database that we update frequently. People on the database are screened in-depth. One benefit of this is that we can identify potential candidates, then put them through additional screening and evaluate their qualifications for each study.<\/p>\n\n\n\n<p>Other forms of database sampling can include traditional samples as well as other methods such as street intercepts, social media, or custom recruitment outreach. We also have a variety of online social media solutions that can provide high-quality recruits. We then screen those people in-depth several times to ensure they are indeed genuine matches.<\/p>\n\n\n\n<p>To ensure quality, we assign expert <a href=\"https:\/\/www.sisinternational.com\/pl\/publikacje\/women-70s-and-80s-rose-to-senior-management\/\" title=\"Jak kobiety w latach 70. i 80. awansowa\u0142y na stanowiska kierownicze\" data-wpil-monitor-id=\"11010\">senior<\/a> fieldwork managers to manage the recruitment process at all times. We often screen recruits several times over a period of time to ensure that they are the right candidates. We have strict policies and oversight concerning our on-site staff. The results from recruitment are centralized on-site so that we can schedule and confirm according to quotas our clients need us to fill.<\/p>\n\n\n\n<h3 class=\"gb-headline gb-headline-47756c1f gb-headline-text\"><strong><strong><strong>Globalny zasi\u0119g rynku us\u0142ug terenowych<\/strong><\/strong><\/strong><\/h3>\n\n\n\n<figure class=\"gb-block-image gb-block-image-f7fd4a33\"><img loading=\"lazy\" decoding=\"async\" width=\"1456\" height=\"816\" class=\"gb-image gb-image-f7fd4a33\" src=\"https:\/\/www.sisinternational.com\/wp-content\/uploads\/2025\/08\/Focus-group-meeting-6.jpg\" alt=\"SIS Mi\u0119dzynarodowe badania rynku i strategia\" title=\"Focus group &amp; meeting (6)\" srcset=\"https:\/\/www.sisinternational.com\/wp-content\/uploads\/2025\/08\/Focus-group-meeting-6.jpg 1456w, https:\/\/www.sisinternational.com\/wp-content\/uploads\/2025\/08\/Focus-group-meeting-6-300x168.jpg 300w, https:\/\/www.sisinternational.com\/wp-content\/uploads\/2025\/08\/Focus-group-meeting-6-1024x574.jpg 1024w, https:\/\/www.sisinternational.com\/wp-content\/uploads\/2025\/08\/Focus-group-meeting-6-768x430.jpg 768w, https:\/\/www.sisinternational.com\/wp-content\/uploads\/2025\/08\/Focus-group-meeting-6-18x10.jpg 18w\" sizes=\"auto, (max-width: 1456px) 100vw, 1456px\"><\/figure>\n\n\n\n<p><\/p>\n\n\n\n<p><strong>Kluczowe rynki dla rekrutacji do grup fokusowych obejmuj\u0105 nast\u0119puj\u0105ce miasta:<\/strong><\/p>\n\n\n<div class=\"gb-container gb-container-f1fa9d7a\">\n<div class=\"gb-container gb-container-867bfa70\">\n\n<ul class=\"wp-block-list\">\n<li>Amsterdam<\/li>\n\n\n\n<li>Ateny<\/li>\n\n\n\n<li>Okland<\/li>\n\n\n\n<li>Bangkok<\/li>\n\n\n\n<li>Barcelona<\/li>\n\n\n\n<li>Pekin<\/li>\n\n\n\n<li>Berlin<\/li>\n\n\n\n<li>Bogota<\/li>\n\n\n\n<li>Bratys\u0142awa<\/li>\n\n\n\n<li>Bruksela<\/li>\n\n\n\n<li>Bukareszt<\/li>\n\n\n\n<li>Budapeszt<\/li>\n\n\n\n<li>Buenos Aires<\/li>\n\n\n\n<li>Kair<\/li>\n\n\n\n<li>Carakas<\/li>\n\n\n\n<li>Chicago<\/li>\n\n\n\n<li>Kopenhaga<\/li>\n\n\n\n<li>Delhi<\/li>\n\n\n\n<li>Doha<\/li>\n\n\n\n<li>Dubai<\/li>\n\n\n\n<li>Dublin<\/li>\n\n\n\n<li>Frankfurt<\/li>\n\n\n\n<li>Genewa<\/li>\n\n\n\n<li>Helsinki<\/li>\n<\/ul>\n\n<\/div>\n\n<div class=\"gb-container gb-container-a4dc722a\">\n\n<ul class=\"wp-block-list\">\n<li>Hongkong<\/li>\n\n\n\n<li>Hangzhou<\/li>\n\n\n\n<li>Stambu\u0142<\/li>\n\n\n\n<li>Djakarta<\/li>\n\n\n\n<li>Johannesburg<\/li>\n\n\n\n<li>Kij\u00f3w<\/li>\n\n\n\n<li>Kualar Lumpur<\/li>\n\n\n\n<li>Lima<\/li>\n\n\n\n<li>Lizbona<\/li>\n\n\n\n<li>Lublana<\/li>\n\n\n\n<li>Londyn<\/li>\n\n\n\n<li>Londyn<\/li>\n\n\n\n<li>Los Angeles<\/li>\n\n\n\n<li>Madryt<\/li>\n\n\n\n<li>Manila<\/li>\n\n\n\n<li>Meksyk<\/li>\n\n\n\n<li>Miami<\/li>\n\n\n\n<li>Mediolan<\/li>\n\n\n\n<li>Montreal<\/li>\n\n\n\n<li>Moskwa<\/li>\n\n\n\n<li>Bombaj<\/li>\n\n\n\n<li>Monachium<\/li>\n\n\n\n<li>Nowy Jork<\/li>\n<\/ul>\n\n<\/div>\n\n<div class=\"gb-container gb-container-bb623013\">\n\n<ul class=\"wp-block-list\">\n<li>Nikozja<\/li>\n\n\n\n<li>Os\u0142o<\/li>\n\n\n\n<li>Pary\u017c<\/li>\n\n\n\n<li>Praga<\/li>\n\n\n\n<li>Ryga<\/li>\n\n\n\n<li><a href=\"https:\/\/www.sisinternational.com\/pl\/zasieg\/ameryka\/badania-rynku-ameryki-lacinskiej\/badania-rynku-rio-de-janeiro\/\" title=\"Badania rynku w Rio de Janeiro\" data-wpil-monitor-id=\"11011\">Rio de Janeiro<\/a><\/li>\n\n\n\n<li>Rzym<\/li>\n\n\n\n<li>Santiago<\/li>\n\n\n\n<li>San Paulo<\/li>\n\n\n\n<li>Seul<\/li>\n\n\n\n<li>Szanghaj<\/li>\n\n\n\n<li>Sofia<\/li>\n\n\n\n<li>Sztokholm<\/li>\n\n\n\n<li>Sydnej<\/li>\n\n\n\n<li>Tajpej<\/li>\n\n\n\n<li>Tallinn<\/li>\n\n\n\n<li>Tel Awiw<\/li>\n\n\n\n<li>Tokio<\/li>\n\n\n\n<li>Toronto<\/li>\n\n\n\n<li>Wiede\u0144<\/li>\n\n\n\n<li>Wilno<\/li>\n\n\n\n<li>Warszawa<\/li>\n\n\n\n<li>Zurych<\/li>\n<\/ul>\n\n<\/div>\n<\/div>\n\n\n<h2 class=\"wp-block-heading\">Wyr\u00f3\u017cnione specjalizacje bada\u0144 rynku grupy fokusowej<\/h2>\n\n\n<div class=\"gb-container gb-container-0c51f13f\">\n<div class=\"gb-container gb-container-7d4c8f78\">\n\n<ul class=\"wp-block-list\">\n<li>Poziom C<\/li>\n\n\n\n<li>Opiekunowie<\/li>\n\n\n\n<li>Konsumenci<\/li>\n\n\n\n<li>Decydenci<\/li>\n\n\n\n<li>Government&nbsp;officials<\/li>\n\n\n\n<li>Hospital&nbsp;Administrators<\/li>\n\n\n\n<li>Influencerzy<\/li>\n<\/ul>\n\n<\/div>\n\n<div class=\"gb-container gb-container-5ce24537\">\n\n<ul class=\"wp-block-list\">\n<li>Innowatorzy<\/li>\n\n\n\n<li>Intendenci<\/li>\n\n\n\n<li>Inwestorzy<\/li>\n\n\n\n<li>Organizacje pozarz\u0105dowe<\/li>\n\n\n\n<li>Pacjenci<\/li>\n\n\n\n<li>Prosumenci<\/li>\n<\/ul>\n\n<\/div>\n<\/div>\n<\/div>\n\n<h2>Lokalizacja naszego obiektu w Nowym Jorku<\/h2>\n<p><!-- \/wp:post-content --> <!-- wp:html --> <iframe loading=\"lazy\" src=\"https:\/\/www.google.com\/maps\/embed?pb=!1m18!1m12!1m3!1d3022.976188376966!2d-73.99130312499956!3d40.740549471389315!2m3!1f0!2f0!3f0!3m2!1i1024!2i768!4f13.1!3m3!1m2!1s0x89c259a15798c731%3A0xd695d09bdd495f25!2s11%20E%2022nd%20St%20FL%202%2C%20New%20York%2C%20NY%2010010%2C%20USA!5e0!3m2!1sen!2spe!4v1726171763526!5m2!1sen!2spe\" width=\"600\" height=\"450\" allowfullscreen=\"allowfullscreen\" data-mce-fragment=\"1\"><\/iframe> <!-- \/wp:html --> <!-- wp:paragraph --><\/p>\n<h3 class=\"wp-block-heading\">11 E 22nd Street, pi\u0119tro 2, Nowy Jork, NY 10010 T: +1(212) 505-6805<\/h3>\n<hr \/>\n<h2><span style=\"font-weight: 400;\">O firmie SIS International<\/span><\/h2>\n<p><a href=\"https:\/\/www.sisinternational.com\/pl\/\"><span style=\"font-weight: 400;\">SIS Mi\u0119dzynarodowy<\/span><\/a><span style=\"font-weight: 400;\"> offers Quantitative, Qualitative, and Strategy Research. We provide data, tools, strategies, reports, and insights for decision-making. We also conduct interviews, surveys, focus groups, and other <a href=\"https:\/\/www.sisinternational.com\/pl\/quantitative-market-research-methods-and-techniques\/\" title=\"Quantitative Market Research Methods and Techniques\" data-wpil-monitor-id=\"11008\">Market Research methods<\/a> and approaches.<\/span><a href=\"https:\/\/www.sisinternational.com\/pl\/o-moich-miedzynarodowych-badaniach\/contact-sis-international-market-research\/\"><span style=\"font-weight: 400;\"> Skontaktuj si\u0119 z nami<\/span><\/a><span style=\"font-weight: 400;\"> dla Twojego kolejnego projektu badania rynku.<\/span><\/p>\n<\/p>","protected":false},"excerpt":{"rendered":"<p>We provide respondent recruitment for Focus Groups, In-Depth Interviews, and Online Qualitative research.<\/p>","protected":false},"author":1,"featured_media":62670,"parent":14457,"menu_order":9,"comment_status":"closed","ping_status":"open","template":"","meta":{"footnotes":""},"class_list":["post-16318","page","type-page","status-publish","has-post-thumbnail"],"_links":{"self":[{"href":"https:\/\/www.sisinternational.com\/pl\/wp-json\/wp\/v2\/pages\/16318","targetHints":{"allow":["GET"]}}],"collection":[{"href":"https:\/\/www.sisinternational.com\/pl\/wp-json\/wp\/v2\/pages"}],"about":[{"href":"https:\/\/www.sisinternational.com\/pl\/wp-json\/wp\/v2\/types\/page"}],"author":[{"embeddable":true,"href":"https:\/\/www.sisinternational.com\/pl\/wp-json\/wp\/v2\/users\/1"}],"replies":[{"embeddable":true,"href":"https:\/\/www.sisinternational.com\/pl\/wp-json\/wp\/v2\/comments?post=16318"}],"version-history":[{"count":18,"href":"https:\/\/www.sisinternational.com\/pl\/wp-json\/wp\/v2\/pages\/16318\/revisions"}],"predecessor-version":[{"id":81802,"href":"https:\/\/www.sisinternational.com\/pl\/wp-json\/wp\/v2\/pages\/16318\/revisions\/81802"}],"up":[{"embeddable":true,"href":"https:\/\/www.sisinternational.com\/pl\/wp-json\/wp\/v2\/pages\/14457"}],"wp:featuredmedia":[{"embeddable":true,"href":"https:\/\/www.sisinternational.com\/pl\/wp-json\/wp\/v2\/media\/62670"}],"wp:attachment":[{"href":"https:\/\/www.sisinternational.com\/pl\/wp-json\/wp\/v2\/media?parent=16318"}],"curies":[{"name":"wp","href":"https:\/\/api.w.org\/{rel}","templated":true}]}}