{"id":16214,"date":"2015-06-09T17:34:01","date_gmt":"2015-06-09T17:34:01","guid":{"rendered":"https:\/\/www.sisinternational.com\/?page_id=16214"},"modified":"2026-01-25T19:21:40","modified_gmt":"2026-01-26T00:21:40","slug":"nowojorska-firma-badawcza-rynku","status":"publish","type":"page","link":"https:\/\/www.sisinternational.com\/pl\/zasieg\/north-america\/zasieg-usa\/nowojorska-firma-badawcza-rynku\/","title":{"rendered":"Firma badawcza rynku w Nowym Jorku"},"content":{"rendered":"<h1 class=\"wp-block-heading\">Firma badawcza rynku w Nowym Jorku<\/h1>\n\n\n\n<figure class=\"gb-block-image gb-block-image-a5a21941\"><img loading=\"lazy\" decoding=\"async\" width=\"1456\" height=\"816\" class=\"gb-image gb-image-a5a21941\" src=\"https:\/\/www.sisinternational.com\/wp-content\/uploads\/2025\/08\/NY-2-3.jpg\" srcset=\"https:\/\/www.sisinternational.com\/wp-content\/uploads\/2025\/08\/NY-2-3.jpg 1456w, https:\/\/www.sisinternational.com\/wp-content\/uploads\/2025\/08\/NY-2-3-300x168.jpg 300w, https:\/\/www.sisinternational.com\/wp-content\/uploads\/2025\/08\/NY-2-3-1024x574.jpg 1024w, https:\/\/www.sisinternational.com\/wp-content\/uploads\/2025\/08\/NY-2-3-768x430.jpg 768w, https:\/\/www.sisinternational.com\/wp-content\/uploads\/2025\/08\/NY-2-3-18x10.jpg 18w\" sizes=\"auto, (max-width: 1456px) 100vw, 1456px\" alt=\"SIS Mi\u0119dzynarodowe badania rynku i strategia\"><\/figure>\n\n\n\n<p><\/p>\n\n\n\n<h2 class=\"wp-block-heading\">SIS International Research to wiod\u0105ca nowojorska firma zajmuj\u0105ca si\u0119 badaniami rynku, \u015bwiadcz\u0105ca kompleksowe us\u0142ugi w zakresie jako\u015bciowych bada\u0144 terenowych, gromadzenia danych ilo\u015bciowych oraz strategicznych us\u0142ug badawczych na obszarze metropolitalnym.<\/h2>\n\n\n\n<p>Specjalizujemy si\u0119 w badaniach konsumenckich, B2B, medycznych, motoryzacyjnych, o niskiej cz\u0119sto\u015bci wyst\u0119powania i strategicznych. Nasz zestaw rozwi\u0105za\u0144 w zakresie bada\u0144 rynkowych i strategii wywiadowczych jest szeroki, a ka\u017cdy projekt dostosowujemy do unikalnych potrzeb konkretnego klienta.<\/p>\n\n\n\n<h2 class=\"wp-block-heading\">Co sprawia, \u017ce jeste\u015bmy wiod\u0105c\u0105 firm\u0105 zajmuj\u0105c\u0105 si\u0119 badaniami rynku w Nowym Jorku?<\/h2>\n\n\n\n<h4 class=\"wp-block-heading\"><span style=\"font-size: inherit; background-color: var(--base-3); color: var(--contrast-2);\">\u2026 Zrozumienie z\u0142o\u017conego, ci\u0105gle ewoluuj\u0105cego rynku nowojorskiego jest kluczowe \u2013 a odpowiednia firma badawcza rynku nowojorskiego mo\u017ce by\u0107 bram\u0105 do tej wiedzy.<\/span><\/h4>\n\n\n\n<p><span style=\"font-size: inherit; background-color: var(--base-3); color: var(--contrast-2);\">The sheer diversity of NYC&#8217;s population means that consumer behaviors vary dramatically between neighborhoods\u2014even between streets. A local <a href=\"https:\/\/www.sisinternational.com\/pl\/wielojezyczna-firma-badawcza-rynku\/\" title=\"Wieloj\u0119zyczna firma badawczo-strategiczna zajmuj\u0105ca si\u0119 badaniami rynku\"  data-wpil-monitor-id=\"1962\">market research firm<\/a> has the granular knowledge required to dissect these variations, ensuring that businesses can tailor their offerings to meet the specific needs of their target audience. This level of customization is crucial for capturing and retaining customer interest in a market as saturated as New York City.<\/span><\/p>\n\n\n\n<p>Moreover, the regulatory and economic landscape in NYC is constantly evolving. Businesses must stay ahead of changes in laws, economic shifts, and even sociopolitical trends that can impact their operations. An NYC <a href=\"https:\/\/www.sisinternational.com\/pl\/ekspertyza\/branze\/design-firm-market-research\/\" title=\"Badania rynku firmy projektowej\"  data-wpil-monitor-id=\"5601\">market research firm<\/a> like ours helps you stay abreast of these developments, providing clients with timely, relevant data that supports proactive decision-making.<\/p>\n\n\n\n<h2 class=\"wp-block-heading\">Badania rynku Rekrutacja w Nowym Jorku<\/h2>\n\n\n\n<h4 class=\"wp-block-heading\">Wsp\u00f3\u0142praca z wiod\u0105c\u0105 nowojorsk\u0105 firm\u0105 zajmuj\u0105c\u0105 si\u0119 badaniami rynku gwarantuje, \u017ce ka\u017cda decyzja biznesowa b\u0119dzie poparta solidnymi i dok\u0142adnymi danymi oraz dostosowanymi spostrze\u017ceniami, co prze\u0142o\u017cy si\u0119 na wi\u0119ksz\u0105 przewag\u0119 konkurencyjn\u0105.<\/h4>\n\n\n\n<p class=\"p1\"><span class=\"s1\">Maj\u0105c dost\u0119p do ogromnej bazy respondent\u00f3w konsumenckich, obejmuj\u0105cej zar\u00f3wno klient\u00f3w indywidualnych, jak i kadr\u0119 kierownicz\u0105 firm, a tak\u017ce wysoko wykwalifikowan\u0105 kadr\u0119, kt\u00f3ra rozumie rynki globalne, SIS \u0142\u0105czy pasj\u0119 do bada\u0144 z imponuj\u0105cym do\u015bwiadczeniem w zakresie projekt\u00f3w jako\u015bciowych i ilo\u015bciowych, aby zapewnia\u0107 naszym klientom strategiczne rozwi\u0105zania biznesowe. <\/span><\/p>\n\n\n\n<p class=\"p1\"><span class=\"s1\">Nasze g\u0142\u00f3wne biuro jest w pe\u0142ni wyposa\u017cone w najnowsze technologie i metodologie badawcze. Prowadzimy dog\u0142\u0119bne grupy fokusowe i wywiady \u2014 w tym te z dyrektorami najwy\u017cszego szczebla \u2014 moderujemy osobiste i internetowe grupy dyskusyjne i ankiety, przeprowadzamy przesiewy telefoniczne i wywiady oraz wykonujemy r\u00f3\u017cnorodne zadania projektowe na miejscu. <\/span><\/p>\n\n\n\n<h2 class=\"wp-block-heading\">Najlepsza firma badawcza rynku w Nowym Jorku w sercu miasta: Obiekty grup fokusowych<\/h2>\n\n\n\n<h4 class=\"wp-block-heading\">Nasze plac\u00f3wki obejmuj\u0105 kompleksow\u0105 obs\u0142ug\u0119 grup fokusowych i o\u015brodki testowe w dzielnicy Flatiron na Manhattanie.<\/h4>\n\n\n\n<p class=\"p1\"><span class=\"s1\">Zapewniamy <a href=\"https:\/\/www.sisinternational.com\/pl\/rozwiazania\/grupy-fokusowe\/obiekty-grup-fokusowych-nyc\/\">najnowocze\u015bniejsze obiekty do prowadzenia grup fokusowych<\/a> kt\u00f3re obejmuj\u0105 wideokonferencje, funkcje audio i wideo, lustro weneckie i pojemno\u015b\u0107 10 respondent\u00f3w na pok\u00f3j. Nasz personel rekrutacyjny i moderatorzy to do\u015bwiadczeni i dwuj\u0119zyczni pracownicy.<\/span><\/p>\n\n\n\n<p class=\"p1\"><span class=\"s1\">Nasze najnowocze\u015bniejsze obiekty pozwalaj\u0105 naszym klientom i zespo\u0142owi badawczemu na prowadzenie tych grup fokusowych w naszych salach konferencyjnych na miejscu. Nagrania wideo i audio oraz monitoring s\u0105 prowadzone za pomoc\u0105 luster weneckich i pokoi obserwacyjnych. Ponadto nasz wieloj\u0119zyczny personel mo\u017ce pom\u00f3c w transkrypcjach, wywiadach i rekrutacji w kilku j\u0119zykach mi\u0119dzynarodowych.<\/span><\/p>\n\n\n\n<h2 class=\"wp-block-heading\">Zesp\u00f3\u0142 zarz\u0105dzaj\u0105cy projektem NYC i moderatorzy<\/h2>\n\n\n\n<h4 class=\"wp-block-heading\">Ekspercka firma zajmuj\u0105ca si\u0119 badaniami rynku w Nowym Jorku zapewnia przedsi\u0119biorstwom wiedz\u0119 niezb\u0119dn\u0105 do osi\u0105gni\u0119cia sukcesu w jednym z najbardziej konkurencyjnych \u015brodowisk na \u015bwiecie.<\/h4>\n\n\n\n<p>SIS International Research ma du\u017ce do\u015bwiadczenie w zarz\u0105dzaniu projektami, strategii business-to-business i doradztwie. Wsp\u00f3\u0142pracuje \u015bci\u015ble z klientami, aby dostosowa\u0107 projekty do ich indywidualnych potrzeb.<\/p>\n\n\n\n<p>Stosujemy jako\u015bciowe i ilo\u015bciowe metody badawcze, przeprowadzaj\u0105c badania na miejscu i opracowuj\u0105c wysokiej jako\u015bci raporty, kt\u00f3re pomagaj\u0105 naszym klientom lepiej zrozumie\u0107 trendy w ich bran\u017cach i zachowania konsument\u00f3w. Dzi\u0119ki najnowszym technologiom badawczym, w tym testom sensorycznym, \u015bledzeniu ruchu ga\u0142ek ocznych i mo\u017cliwo\u015bciom audiowizualnym o jako\u015bci studyjnej, SIS wykorzystuje r\u00f3\u017cnorodne najlepsze praktyki, aby pozyska\u0107 opinie konsument\u00f3w i administracji oraz odblokowa\u0107 ukryte spostrze\u017cenia na temat rozwijaj\u0105cych si\u0119 rynk\u00f3w.<\/p>\n\n\n\n<p>We employ various creative techniques to gather consumer insights, from customer satisfaction research and observational studies to in-home usability and on-site taste testing. SIS is committed to creating customized <a href=\"https:\/\/www.sisinternational.com\/pl\/ekspertyza\/branze\/botany-market-research\/\" title=\"Badania rynku botaniki\"  data-wpil-monitor-id=\"4277\">research and marketing<\/a> plans that allow our clients to confidently make critical, research-based business decisions.<\/p>\n\n\n\n<h2 class=\"wp-block-heading\">Nasze do\u015bwiadczenie<\/h2>\n\n\n\n<h4 class=\"wp-block-heading\">Specjalistyczna firma zajmuj\u0105ca si\u0119 badaniami rynku w Nowym Jorku robi wi\u0119cej ni\u017c tylko gromadzi dane \u2014 interpretuje je w kontek\u015bcie szerszych si\u0142 rynkowych, oferuj\u0105c strategiczne wskaz\u00f3wki, kt\u00f3re s\u0105 zar\u00f3wno wnikliwe, jak i wykonalne.<\/h4>\n\n\n\n<p class=\"p1\"><span class=\"s1\">Poprzednie projekty w kluczowych bran\u017cach obejmuj\u0105 badania w zakresie motoryzacji, opieki zdrowotnej, farmacji, urody i piel\u0119gnacji sk\u00f3ry oraz edukacji. Pomagali\u015bmy lokalnym i mi\u0119dzynarodowym firmom w opracowywaniu strategii marketingowych, ocenie zagro\u017ce\u0144 konkurencyjnych, testowaniu i promowaniu nowych produkt\u00f3w i us\u0142ug, a nawet przeprojektowywaniu ich sklep\u00f3w i biur w celu poprawy do\u015bwiadcze\u0144 klient\u00f3w.<\/span><\/p>\n\n\n\n<h2 class=\"wp-block-heading\">Korzy\u015bci z przeprowadzania bada\u0144 rynku z SIS International<\/h2>\n\n\n\n<figure class=\"gb-block-image gb-block-image-4e7229f4\"><img loading=\"lazy\" decoding=\"async\" width=\"1456\" height=\"816\" class=\"gb-image gb-image-4e7229f4\" src=\"https:\/\/www.sisinternational.com\/wp-content\/uploads\/2025\/09\/New-York-9.jpg\" alt=\"SIS Mi\u0119dzynarodowe badania rynku i strategia\" title=\"New York (9)\" srcset=\"https:\/\/www.sisinternational.com\/wp-content\/uploads\/2025\/09\/New-York-9.jpg 1456w, https:\/\/www.sisinternational.com\/wp-content\/uploads\/2025\/09\/New-York-9-300x168.jpg 300w, https:\/\/www.sisinternational.com\/wp-content\/uploads\/2025\/09\/New-York-9-1024x574.jpg 1024w, https:\/\/www.sisinternational.com\/wp-content\/uploads\/2025\/09\/New-York-9-768x430.jpg 768w, https:\/\/www.sisinternational.com\/wp-content\/uploads\/2025\/09\/New-York-9-18x10.jpg 18w\" sizes=\"auto, (max-width: 1456px) 100vw, 1456px\"><\/figure>\n\n\n\n<p><\/p>\n\n\n\n<h4 class=\"wp-block-heading\">Wybitna firma zajmuj\u0105ca si\u0119 badaniami rynku w Nowym Jorku pomo\u017ce Ci odkry\u0107 tajemnice nowojorskiego rynku.<\/h4>\n\n\n\n<p>Wyb\u00f3r SIS International do potrzeb bada\u0144 rynku w Nowym Jorku oferuje wyra\u017ane korzy\u015bci, kt\u00f3re mog\u0105 znacznie poprawi\u0107 Twoje pozycjonowanie strategiczne i skuteczno\u015b\u0107 operacyjn\u0105. Opr\u00f3cz typowych korzy\u015bci p\u0142yn\u0105cych ze zrozumienia trend\u00f3w rynkowych i zachowa\u0144 konsument\u00f3w, SIS International zapewnia specjalistyczne spostrze\u017cenia, kt\u00f3re s\u0105 dostosowane do dynamiki zr\u00f3\u017cnicowanych rynk\u00f3w Nowego Jorku.<\/p>\n\n\n\n<p><strong>\u2022 Lokalna wiedza specjalistyczna<\/strong>: SIS International szczyci si\u0119 g\u0142\u0119bokim zrozumieniem rynku Nowego Jorku. Ta lokalna wiedza specjalistyczna pozwala na opracowywanie strategii precyzyjnie dostosowanych do konkretnych potrzeb dzielnic Nowego Jorku, uwzgl\u0119dniaj\u0105cych niuanse, kt\u00f3re mog\u0105 zosta\u0107 pomini\u0119te w og\u00f3lnych badaniach rynku.<\/p>\n\n\n\n<p><strong>\u2022 Rozwi\u0105zania dostosowane do potrzeb klienta<\/strong>: Ka\u017cda firma jest wyj\u0105tkowa, a SIS International to dostrzega, oferuj\u0105c dostosowane rozwi\u0105zania badawcze. Niezale\u017cnie od tego, czy chcesz rozszerzy\u0107 dzia\u0142alno\u015b\u0107 na nowe segmenty rynku, czy zoptymalizowa\u0107 istniej\u0105ce operacje, dostosowujemy nasze metodologie badawcze, aby \u015bci\u015ble odpowiada\u0142y celom Twojej firmy.<\/p>\n\n\n\n<p><strong>\u2022&nbsp; Competitive Analysis<\/strong>:W tak konkurencyjnym mie\u015bcie jak Nowy Jork, znajomo\u015b\u0107 konkurent\u00f3w jest r\u00f3wnie istotna, jak znajomo\u015b\u0107 klient\u00f3w. SIS zapewnia szczeg\u00f3\u0142owe analizy konkurent\u00f3w, w tym ich strategii, pozycji rynkowych i s\u0142abo\u015bci, umo\u017cliwiaj\u0105c Ci tworzenie strategii, kt\u00f3re wykorzystuj\u0105 Twoje mocne strony w obliczu luk rynkowych.<\/p>\n\n\n\n<p><strong>\u2022 Identyfikacja trend\u00f3w<\/strong>:Aby utrzyma\u0107 si\u0119 na czele w Nowym Jorku, trzeba reagowa\u0107 na obecne trendy i przewidywa\u0107 przysz\u0142e. SIS International specjalizuje si\u0119 w identyfikowaniu pojawiaj\u0105cych si\u0119 trend\u00f3w, zanim stan\u0105 si\u0119 one g\u0142\u00f3wnym nurtem, zapewniaj\u0105c klientom przewag\u0119 pierwszego gracza w r\u00f3\u017cnych sektorach.<\/p>\n\n\n\n<p><strong>\u2022 Ulepszone planowanie strategiczne<\/strong>: <a href=\"https:\/\/www.linkedin.com\/company\/sisinternationalresearch\/\" target=\"_blank\" rel=\"noopener\"><span style=\"font-weight: 400;\">SIS Mi\u0119dzynarodowy<\/span><\/a> umo\u017cliwia firmom opracowywanie plan\u00f3w strategicznych, kt\u00f3re s\u0105 nie tylko reaktywne, ale tak\u017ce proaktywne. Firmy mog\u0105 przewidywa\u0107 zmiany na rynku i dostosowywa\u0107 strategie, pozycjonuj\u0105c si\u0119 na sukces w konkurencyjnym krajobrazie Nowego Jorku.<\/p>\n\n\n\n<p><strong>\u2022 Zwi\u0119kszone przychody<\/strong>: SIS International pomaga firmom skuteczniej dostosowywa\u0107 swoje oferty poprzez precyzyjne targetowanie i zrozumienie potrzeb klient\u00f3w. Prowadzi to do zwi\u0119kszonego zadowolenia i lojalno\u015bci klient\u00f3w, co nap\u0119dza wzrost przychod\u00f3w.<\/p>\n\n\n\n<p><strong>\u2022 Redukcja ryzyka<\/strong>:Badania rynku zmniejszaj\u0105 niepewno\u015b\u0107 decyzji biznesowych. SIS International dostarcza dane, kt\u00f3re pomagaj\u0105 \u0142agodzi\u0107 ryzyko zwi\u0105zane z wprowadzaniem nowych produkt\u00f3w, wchodzeniem na nowe rynki lub dokonywaniem istotnych zmian w operacjach biznesowych.<\/p>\n\n\n\n<p><strong>\u2022 Przyspieszony wzrost i innowacja<\/strong>:Wnioski z bada\u0144 rynkowych nap\u0119dzaj\u0105 innowacje poprzez uwypuklanie luk i mo\u017cliwo\u015bci na rynku. SIS International pomaga firmom wykorzysta\u0107 te informacje do tworzenia innowacyjnych produkt\u00f3w i us\u0142ug, kt\u00f3re spe\u0142niaj\u0105 niespe\u0142nione potrzeby klient\u00f3w, u\u0142atwiaj\u0105c szybszy i bardziej zr\u00f3wnowa\u017cony wzrost.<\/p>\n\n\n\n<p><strong>\u2022 Zwi\u0119kszony zwrot z inwestycji (ROI)<\/strong>:W oparciu o wyniki bada\u0144 przedsi\u0119biorstwa mog\u0105 optymalizowa\u0107 r\u00f3\u017cne aspekty swojej dzia\u0142alno\u015bci, aby osi\u0105gn\u0105\u0107 wy\u017cszy zwrot z inwestycji, czy to poprzez skuteczniejszy marketing, rozw\u00f3j produktu czy strategiczne pozycjonowanie.<\/p>\n\n\n\n<p><strong>\u2022 Strategiczne wej\u015bcie na rynek<\/strong>:Przedsi\u0119biorstwom planuj\u0105cym wej\u015bcie na rynek nowojorski lub rozszerzenie swojej dzia\u0142alno\u015bci SIS oferuje kluczowe dane wspomagaj\u0105ce podejmowanie decyzji dotycz\u0105cych tego, gdzie, kiedy i w jaki spos\u00f3b skutecznie rozpocz\u0105\u0107 dzia\u0142alno\u015b\u0107.<\/p>\n\n\n\n<p><strong>Optymalizacja operacyjna<\/strong>:Zrozumienie sytuacji operacyjnej Nowego Jorku i wyzwa\u0144, jakie przed nim stoj\u0105, pozwala przedsi\u0119biorstwom usprawni\u0107 dzia\u0142alno\u015b\u0107, obni\u017cy\u0107 koszty i zwi\u0119kszy\u0107 wydajno\u015b\u0107.<\/p>\n\n\n\n<p><strong>\u2022 Znaczenie kulturowe<\/strong>:SIS pomaga przedsi\u0119biorstwom zrozumie\u0107 dynamik\u0119 kulturow\u0105 r\u00f3\u017cnych grup demograficznych w Nowym Jorku, gwarantuj\u0105c, \u017ce produkty, us\u0142ugi i dzia\u0142ania marketingowe odpowiadaj\u0105 kulturowo potrzebom docelowych odbiorc\u00f3w.<\/p>\n\n\n\n<h2 class=\"wp-block-heading\">Badania jako\u015bciowe<\/h2>\n\n\n\n<h4 class=\"wp-block-heading\">Nasze jako\u015bciowe badania terenowe dostarczaj\u0105 wgl\u0105du w zachowania w\u015br\u00f3d odbiorc\u00f3w konsumenckich, B2B i opieki zdrowotnej. Stosujemy wiele technik do prowadzenia bada\u0144 jako\u015bciowych, z kt\u00f3rych niekt\u00f3re obejmuj\u0105:<\/h4>\n\n\n\n<ul class=\"wp-block-list\">\n<li>Grupy fokusowe<\/li>\n\n\n\n<li>Wywiady pog\u0142\u0119bione<\/li>\n\n\n\n<li>Etnografia<\/li>\n\n\n\n<li>Badania obserwacyjne<\/li>\n\n\n\n<li>Losowe pr\u00f3bkowanie prawdopodobie\u0144stwa<\/li>\n\n\n\n<li>Rekrutacja terenowa<\/li>\n<\/ul>\n\n\n\n<h2 class=\"wp-block-heading\">Badania ilo\u015bciowe<\/h2>\n\n\n\n<h4 class=\"wp-block-heading\">Nasze rozwi\u0105zania w zakresie bada\u0144 ilo\u015bciowych umo\u017cliwiaj\u0105 dog\u0142\u0119bne badanie zjawisk spo\u0142ecznych za pomoc\u0105 technik statystycznych, matematycznych i obliczeniowych, takich jak:<\/h4>\n\n\n\n<ul class=\"wp-block-list\">\n<li>Badania bezpo\u015brednie i przechwytywanie<\/li>\n\n\n\n<li>Telefon CATI<\/li>\n\n\n\n<li>CAPI<\/li>\n\n\n\n<li>PAPI<\/li>\n\n\n\n<li>Ankiety pocztowe<\/li>\n\n\n\n<li>Ankiety internetowe<\/li>\n<\/ul>\n\n\n\n<h2 class=\"wp-block-heading\">Badania strategiczne i analityka<\/h2>\n\n\n\n<h4 class=\"wp-block-heading\">SIS oferuje kompleksowy pakiet strategicznych bada\u0144 rynku i rozwi\u0105za\u0144 analitycznych, kt\u00f3re pozwalaj\u0105 na formu\u0142owanie praktycznych rekomendacji u\u0142atwiaj\u0105cych podejmowanie decyzji:<\/h4>\n\n\n\n<ul class=\"wp-block-list\">\n<li>Analiza klienta<\/li>\n\n\n\n<li>Modelowanie wyboru<\/li>\n\n\n\n<li>Analiza konkurencji<\/li>\n\n\n\n<li>Analiza ryzyka<\/li>\n\n\n\n<li>Modelowanie Marketing Mix<\/li>\n\n\n\n<li>Oceny mo\u017cliwo\u015bci rynkowych, wielko\u015bci i wej\u015bcia<\/li>\n<\/ul>\n\n\n\n<h2 class=\"wp-block-heading\">Nasza lokalizacja<\/h2>\n\n\n\n<p class=\"p1\"><span class=\"s1\"><strong>Znajdujemy si\u0119 zaledwie kilka krok\u00f3w od kultowego budynku Flatiron w Madison Square Park i kilka przecznic od Union Square Park<\/strong>. SIS International&#8217;s Focus Group Facility is the ideal place for your next project. SIS International Research is a full-service NYC <a href=\"https:\/\/www.sisinternational.com\/pl\/ekspertyza\/branze\/zoology-market-research\/\" title=\"Badania rynku zoologicznego\" data-wpil-monitor-id=\"4293\">market<\/a> research firm ready to tackle even the most challenging projects.<\/span><\/p>\n\n\n\n<h2 class=\"wp-block-heading\">Zasi\u0119g metropolitalny<\/h2>\n\n\n\n<h4 class=\"wp-block-heading\">Obejmujemy 5 dzielnic Nowego Jorku, w tym Manhattan, Bronx, Brooklyn, Staten Island, Queens. Kluczowe obszary obejmuj\u0105:<\/h4>\n\n\n\n<div class=\"wp-block-columns is-layout-flex wp-container-core-columns-is-layout-9d6595d7 wp-block-columns-is-layout-flex\">\n<div class=\"wp-block-column is-layout-flow wp-block-column-is-layout-flow\">\n<h3 class=\"wp-block-heading\">Manhattan<\/h3>\n\n\n\n<ul class=\"wp-block-list\">\n<li>Centralny Harlem<\/li>\n\n\n\n<li>Chelsea i Clinton<\/li>\n\n\n\n<li>Wschodni Harlem<\/li>\n\n\n\n<li>Park Gramercy i wzg\u00f3rze Murray<\/li>\n\n\n\n<li>Greenwich Village i Soho<\/li>\n\n\n\n<li>Dolny Manhattan<\/li>\n\n\n\n<li>Dolna Wschodnia Strona<\/li>\n\n\n\n<li>Upper East Side<\/li>\n\n\n\n<li>G\u00f3rna Zachodnia Strona<\/li>\n\n\n\n<li>Inwood i wzg\u00f3rza Waszyngtonu<\/li>\n<\/ul>\n<\/div>\n\n\n\n<div class=\"wp-block-column is-layout-flow wp-block-column-is-layout-flow\">\n<h3 class=\"wp-block-heading\">Wyspa Staten<\/h3>\n\n\n\n<ul class=\"wp-block-list\">\n<li>Port Richmond<\/li>\n\n\n\n<li>Wybrze\u017ce Po\u0142udniowe<\/li>\n\n\n\n<li>Stapleton i St. George<\/li>\n\n\n\n<li>\u015arodkowa cz\u0119\u015b\u0107 wyspy<\/li>\n<\/ul>\n<\/div>\n<\/div>\n\n\n\n<div class=\"wp-block-columns is-layout-flex wp-container-core-columns-is-layout-9d6595d7 wp-block-columns-is-layout-flex\">\n<div class=\"wp-block-column is-layout-flow wp-block-column-is-layout-flow\">\n<h3 class=\"wp-block-heading\">Brooklyn<\/h3>\n\n\n\n<ul class=\"wp-block-list\">\n<li>Centralny Brooklyn<\/li>\n\n\n\n<li>Po\u0142udniowo-zachodni Brooklyn<\/li>\n\n\n\n<li>Park miejski<\/li>\n\n\n\n<li>Canarsie i niziny<\/li>\n\n\n\n<li>Po\u0142udniowy Brooklyn<\/li>\n\n\n\n<li>P\u00f3\u0142nocno-zachodni Brooklyn<\/li>\n\n\n\n<li>Krzew p\u0142aski<\/li>\n\n\n\n<li>Wschodni Nowy Jork i nowe dzia\u0142ki<\/li>\n\n\n\n<li>Zielony punkt<\/li>\n\n\n\n<li>Park Zachodz\u0105cego S\u0142o\u0144ca<\/li>\n\n\n\n<li>Bushwick i Williamsburg<\/li>\n<\/ul>\n<\/div>\n\n\n\n<div class=\"wp-block-column is-layout-flow wp-block-column-is-layout-flow\">\n<h3 class=\"wp-block-heading\">P\u00f3\u0142nocny New Jersey<\/h3>\n\n\n\n<ul class=\"wp-block-list\">\n<li>Hrabstwo Bergen<\/li>\n\n\n\n<li>Hrabstwo Essex<\/li>\n\n\n\n<li>Hrabstwo Hudson<\/li>\n\n\n\n<li>Hrabstwo Hunterdon<\/li>\n\n\n\n<li>Hrabstwo Morris<\/li>\n\n\n\n<li>Hrabstwo Passaic<\/li>\n\n\n\n<li>Hrabstwo Somerset<\/li>\n\n\n\n<li>Hrabstwo Sussex<\/li>\n\n\n\n<li>Hrabstwo Union<\/li>\n\n\n\n<li>Hrabstwo Warren<\/li>\n<\/ul>\n<\/div>\n<\/div>\n\n\n\n<div class=\"wp-block-columns is-layout-flex wp-container-core-columns-is-layout-9d6595d7 wp-block-columns-is-layout-flex\">\n<div class=\"wp-block-column is-layout-flow wp-block-column-is-layout-flow\">\n<h3 class=\"wp-block-heading\">Bronx<\/h3>\n\n\n\n<ul class=\"wp-block-list\">\n<li>Centralny Bronx<\/li>\n\n\n\n<li>Bronx Park i Fordham<\/li>\n\n\n\n<li>Wysoki Most i Morrisania<\/li>\n\n\n\n<li>Punkt Hunts i Mott Haven<\/li>\n\n\n\n<li>Kingsbridge i Riverdale<\/li>\n\n\n\n<li>P\u00f3\u0142nocno-wschodni Bronx<\/li>\n\n\n\n<li>Po\u0142udniowo-wschodni Bronx<\/li>\n<\/ul>\n<\/div>\n\n\n\n<div class=\"wp-block-column is-layout-flow wp-block-column-is-layout-flow\">\n<h3 class=\"wp-block-heading\">G\u0142\u00f3wne miasta, centralna i po\u0142udniowa cz\u0119\u015b\u0107 New Jersey<\/h3>\n\n\n\n<ul class=\"wp-block-list\">\n<li>Nowy Jork<\/li>\n\n\n\n<li>Miasto Jersey<\/li>\n\n\n\n<li>Paterson<\/li>\n\n\n\n<li>Unia<\/li>\n\n\n\n<li>Wayne<\/li>\n\n\n\n<li>Trenton<\/li>\n\n\n\n<li>Edison<\/li>\n\n\n\n<li>Unia<\/li>\n\n\n\n<li>Wayne<\/li>\n\n\n\n<li>Ewing<\/li>\n<\/ul>\n<\/div>\n<\/div>\n\n\n\n<div class=\"wp-block-columns is-layout-flex wp-container-core-columns-is-layout-9d6595d7 wp-block-columns-is-layout-flex\">\n<div class=\"wp-block-column is-layout-flow wp-block-column-is-layout-flow\"><div class=\"gb-container gb-container-d8ce3c71\">\n\n<h3 class=\"wp-block-heading\">Kluczowe miasta, Nowy Jork<\/h3>\n\n\n\n<ul class=\"wp-block-list\">\n<li>Nowa Rochelle<\/li>\n\n\n\n<li>G\u00f3ra Vernon<\/li>\n\n\n\n<li>Bia\u0142e R\u00f3wniny<\/li>\n\n\n\n<li>Yonkers<\/li>\n\n\n\n<li>Nyack<\/li>\n\n\n\n<li>Poughkeepsie<\/li>\n\n\n\n<li>Nowyburg<\/li>\n\n\n\n<li>Kingston<\/li>\n<\/ul>\n\n<\/div><\/div>\n\n\n\n<div class=\"wp-block-column is-layout-flow wp-block-column-is-layout-flow\"><div class=\"gb-container gb-container-38289820\">\n\n<h3 class=\"wp-block-heading\">G\u0142\u00f3wne miasta, Connecticut<\/h3>\n\n\n\n<ul class=\"wp-block-list\">\n<li>Most drewniany<\/li>\n\n\n\n<li>Bridgeport<\/li>\n\n\n\n<li>Stamford<\/li>\n\n\n\n<li>Norwalk<\/li>\n\n\n\n<li>Danbury<\/li>\n\n\n\n<li>Stratford<\/li>\n\n\n\n<li>Nowy Haven<\/li>\n\n\n\n<li>Milford<\/li>\n\n\n\n<li>Torrington<\/li>\n\n\n\n<li>\u015aredniowiecze<\/li>\n<\/ul>\n\n<\/div><\/div>\n<\/div>\n\n\n<div class=\"gb-container gb-container-ba871f1f\">\n\n<div class=\"wp-block-columns is-layout-flex wp-container-core-columns-is-layout-9d6595d7 wp-block-columns-is-layout-flex\">\n<div class=\"wp-block-column is-layout-flow wp-block-column-is-layout-flow\">\n<h3 class=\"wp-block-heading\">Queens P\u00f3\u0142nocno-wschodnie Queens<\/h3>\n\n\n\n<ul class=\"wp-block-list\">\n<li>P\u00f3\u0142nocne Queens<\/li>\n\n\n\n<li>Centralne Queens<\/li>\n\n\n\n<li>Jamajka<\/li>\n\n\n\n<li>P\u00f3\u0142nocno-zachodnie Queens<\/li>\n\n\n\n<li>Zachodnio-Centralne Queens<\/li>\n\n\n\n<li>Skaliste drogi<\/li>\n\n\n\n<li>Po\u0142udniowo-wschodnie Queens<\/li>\n\n\n\n<li>Po\u0142udniowo-zachodnie Queens<\/li>\n\n\n\n<li>Zachodnie Queens<\/li>\n<\/ul>\n<\/div>\n\n\n\n<div class=\"wp-block-column is-layout-flow wp-block-column-is-layout-flow\"><\/div>\n<\/div>\n\n<\/div>\n\n\n<h2 class=\"wp-block-heading\">O firmie SIS International<\/h2>\n\n\n\n<p>Jako jedna z najlepszych firm zajmuj\u0105cych si\u0119 badaniami rynku w Nowym Jorku, <a href=\"https:\/\/www.sisinternational.com\/pl\/\">SIS Mi\u0119dzynarodowy<\/a> oferuje badania ilo\u015bciowe, jako\u015bciowe i strategiczne. Dostarczamy dane, narz\u0119dzia, strategie, raporty i spostrze\u017cenia do podejmowania decyzji. Prowadzimy r\u00f3wnie\u017c wywiady, ankiety, grupy fokusowe i inne metody i podej\u015bcia do bada\u0144 rynku.<a href=\"https:\/\/www.sisinternational.com\/pl\/o-moich-miedzynarodowych-badaniach\/contact-sis-international-market-research\/\"> Skontaktuj si\u0119 z nami<\/a> dla Twojego kolejnego projektu badania rynku.<\/p>\n\n\n\n<p><\/p>","protected":false},"excerpt":{"rendered":"<p>SIS jest wiod\u0105c\u0105 nowojorsk\u0105 firm\u0105 zajmuj\u0105c\u0105 si\u0119 badaniami rynku, \u015bwiadcz\u0105c\u0105 kompleksowe us\u0142ugi w zakresie bada\u0144 terenowych, zbierania danych oraz prowadzenia bada\u0144 jako\u015bciowych, ilo\u015bciowych i strategicznych.<\/p>","protected":false},"author":1,"featured_media":62692,"parent":19303,"menu_order":0,"comment_status":"closed","ping_status":"closed","template":"","meta":{"footnotes":""},"class_list":["post-16214","page","type-page","status-publish","has-post-thumbnail"],"_links":{"self":[{"href":"https:\/\/www.sisinternational.com\/pl\/wp-json\/wp\/v2\/pages\/16214","targetHints":{"allow":["GET"]}}],"collection":[{"href":"https:\/\/www.sisinternational.com\/pl\/wp-json\/wp\/v2\/pages"}],"about":[{"href":"https:\/\/www.sisinternational.com\/pl\/wp-json\/wp\/v2\/types\/page"}],"author":[{"embeddable":true,"href":"https:\/\/www.sisinternational.com\/pl\/wp-json\/wp\/v2\/users\/1"}],"replies":[{"embeddable":true,"href":"https:\/\/www.sisinternational.com\/pl\/wp-json\/wp\/v2\/comments?post=16214"}],"version-history":[{"count":11,"href":"https:\/\/www.sisinternational.com\/pl\/wp-json\/wp\/v2\/pages\/16214\/revisions"}],"predecessor-version":[{"id":79331,"href":"https:\/\/www.sisinternational.com\/pl\/wp-json\/wp\/v2\/pages\/16214\/revisions\/79331"}],"up":[{"embeddable":true,"href":"https:\/\/www.sisinternational.com\/pl\/wp-json\/wp\/v2\/pages\/19303"}],"wp:featuredmedia":[{"embeddable":true,"href":"https:\/\/www.sisinternational.com\/pl\/wp-json\/wp\/v2\/media\/62692"}],"wp:attachment":[{"href":"https:\/\/www.sisinternational.com\/pl\/wp-json\/wp\/v2\/media?parent=16214"}],"curies":[{"name":"wp","href":"https:\/\/api.w.org\/{rel}","templated":true}]}}