{"id":15242,"date":"2015-04-12T11:07:17","date_gmt":"2015-04-12T11:07:17","guid":{"rendered":"https:\/\/www.sisinternational.com\/?page_id=15242"},"modified":"2026-01-25T18:50:55","modified_gmt":"2026-01-25T23:50:55","slug":"toy-market-research","status":"publish","type":"page","link":"https:\/\/www.sisinternational.com\/pl\/ekspertyza\/toy-market-research\/","title":{"rendered":"Badania rynku zabawek"},"content":{"rendered":"<h1 class=\"wp-block-heading\">Badania rynku zabawek<\/h1>\n\n\n\n<figure class=\"gb-block-image gb-block-image-01584bb9\"><img loading=\"lazy\" decoding=\"async\" width=\"1456\" height=\"816\" class=\"gb-image gb-image-01584bb9\" src=\"https:\/\/www.sisinternational.com\/wp-content\/uploads\/2025\/08\/Toy-5.jpg\" alt=\"SIS Mi\u0119dzynarodowe badania rynku i strategia\" title=\"Toy (5)\" srcset=\"https:\/\/www.sisinternational.com\/wp-content\/uploads\/2025\/08\/Toy-5.jpg 1456w, https:\/\/www.sisinternational.com\/wp-content\/uploads\/2025\/08\/Toy-5-300x168.jpg 300w, https:\/\/www.sisinternational.com\/wp-content\/uploads\/2025\/08\/Toy-5-1024x574.jpg 1024w, https:\/\/www.sisinternational.com\/wp-content\/uploads\/2025\/08\/Toy-5-768x430.jpg 768w, https:\/\/www.sisinternational.com\/wp-content\/uploads\/2025\/08\/Toy-5-18x10.jpg 18w\" sizes=\"auto, (max-width: 1456px) 100vw, 1456px\"><\/figure>\n\n\n\n<p><\/p>\n\n\n\n<h3 class=\"wp-block-heading p1\">Today, toys are making a migration into the digital realm, where digitally-based toys for children have proliferated.<\/h3>\n\n\n\n<p class=\"p1\">The toy industry&nbsp;has experienced significant growth in the number of play options for kids.<\/p>\n\n\n\n<p class=\"p1\">Demand for toys can be seasonal and price sensitive, providing challenges for companies trying to stay ahead of changing customer tastes and fad products.<\/p>\n\n\n\n<p class=\"p1\">Toy store shelves and online sites are stocked with the latest, most innovative items. With so many customer touchpoints today, new <a href=\"https:\/\/www.sisinternational.com\/pl\/the-social-network-treasury-of-data-for-marketing-researchers\/\" title=\"Badania rynku medi\u00f3w spo\u0142eczno\u015bciowych: szanse i wyzwania\"  data-wpil-monitor-id=\"10787\">opportunities and challenges<\/a> exist in the toy industry.<\/p>\n\n\n\n<p>SIS International Research has over 40+ years experience in <a href=\"https:\/\/www.sisinternational.com\/pl\/ekspertyza\/branze\/baked-goods-market-research\/\" title=\"Badania rynku wyrob\u00f3w piekarniczych\"  data-wpil-monitor-id=\"5210\">Toy<\/a> market research experience, making us a go-to for major toy makers, advertisers and product managers.<\/p>\n\n\n\n<p>We provide Youth &amp; Children&#8217;s research, <a href=\"https:\/\/www.sisinternational.com\/pl\/rozwiazania\/rozwiazania-w-zakresie-brandingu-i-badan-klientow\/badania-rynku-testowanie-produktow\/new-product-concept-testing-methods\/\" title=\"New Product Concept Testing Methods\"  data-wpil-monitor-id=\"10775\">Product Concept Testing<\/a>, regulation insights, Market Opportunity studies, Point-of-Sale data, and Decision Maker research.<\/p>\n\n\n\n<p>Our Market Research and Strategy solutions provide our clients with the cutting edge insight to achieve their strategic objectives.<\/p>\n\n\n\n<h2 class=\"wp-block-heading\">Toy Market Research Solutions<\/h2>\n\n\n\n<p>Zapewniamy <a href=\"https:\/\/www.sisinternational.com\/pl\/rozwiazania\/glos-klienta\/\" title=\"Badania G\u0142osu Klienta\"  data-wpil-monitor-id=\"10783\">research into Customers<\/a>, Competitors, Supply Chains, Market Context and Cultures.&nbsp; Important today are insights into the Digital Landscape including Omnichannel behavior, Customer Loyalty, Online Shopper Habits, and Willingness to Purchase.<\/p>\n\n\n\n<p>Our Qualitative Research <a href=\"https:\/\/www.sisinternational.com\/pl\/focus-group-solutions-the-modern-approach\/\" title=\"Focus Group Solutions: The Modern Approach\"  data-wpil-monitor-id=\"10776\">solutions include Focus Groups<\/a>, In-Depth Interviews, Ethnography, Co-Creation and Video Interviews.&nbsp; Our Quantitative <a href=\"https:\/\/www.sisinternational.com\/pl\/rozwiazania\/online-survey-sampling-market-research-company\/\" title=\"Online Survey Sampling Market Research Company\"  data-wpil-monitor-id=\"10778\">Research solutions include Mobile and Online Surveys<\/a> and Mall Intercepts.&nbsp; Our Strategy <a href=\"https:\/\/www.sisinternational.com\/pl\/rozwiazania\/rozwiazania-w-zakresie-badan-jakosciowych-i-ilosciowych\/desk-research-for-competitive-analysis\/\" title=\"Desk Research for Competitive Analysis\"  data-wpil-monitor-id=\"10780\">Research solutions include Competitive Analysis<\/a>, Channel Intelligence, and Market Opportunity, Entry and Sizing Assessments.&nbsp; These solutions provide full insight into the entire business landscape.<\/p>\n\n\n\n<h2 class=\"wp-block-heading p1\">About SIS Toy Market Research<\/h2>\n\n\n\n<p class=\"p1\">We incorporate focus groups, product testing, and concept testing techniques that provide our clients with the insight, data, and market analysis to make confident decisions about their <a href=\"https:\/\/www.sisinternational.com\/pl\/rozwiazania\/testowanie-smaku\/uslugi-testowania-produktow-w-nowym-jorku\/\" title=\"Us\u0142ugi testowania produkt\u00f3w w Nowym Jorku\"  data-wpil-monitor-id=\"10785\">products and services<\/a>. Research methodologies such as \u201cmall intercepts\u201d shed bright point-of-purchase light on consumer preferences, behaviors, and attitudes.<\/p>\n\n\n\n<h2 class=\"wp-block-heading\"><a href=\"https:\/\/www.sisinternational.com\/pl\/about-sis\/contact-sis-international-market-research\/\">Contact us for your next Toy Market Research project.<\/a><\/h2>","protected":false},"excerpt":{"rendered":"<p>Dowiedz si\u0119 wi\u0119cej o naszych rozwi\u0105zaniach w zakresie analiz rynku zabawek, danych i doradztwa.<\/p>","protected":false},"author":1,"featured_media":63760,"parent":14514,"menu_order":17,"comment_status":"open","ping_status":"open","template":"","meta":{"footnotes":""},"class_list":["post-15242","page","type-page","status-publish","has-post-thumbnail"],"_links":{"self":[{"href":"https:\/\/www.sisinternational.com\/pl\/wp-json\/wp\/v2\/pages\/15242","targetHints":{"allow":["GET"]}}],"collection":[{"href":"https:\/\/www.sisinternational.com\/pl\/wp-json\/wp\/v2\/pages"}],"about":[{"href":"https:\/\/www.sisinternational.com\/pl\/wp-json\/wp\/v2\/types\/page"}],"author":[{"embeddable":true,"href":"https:\/\/www.sisinternational.com\/pl\/wp-json\/wp\/v2\/users\/1"}],"replies":[{"embeddable":true,"href":"https:\/\/www.sisinternational.com\/pl\/wp-json\/wp\/v2\/comments?post=15242"}],"version-history":[{"count":4,"href":"https:\/\/www.sisinternational.com\/pl\/wp-json\/wp\/v2\/pages\/15242\/revisions"}],"predecessor-version":[{"id":81768,"href":"https:\/\/www.sisinternational.com\/pl\/wp-json\/wp\/v2\/pages\/15242\/revisions\/81768"}],"up":[{"embeddable":true,"href":"https:\/\/www.sisinternational.com\/pl\/wp-json\/wp\/v2\/pages\/14514"}],"wp:featuredmedia":[{"embeddable":true,"href":"https:\/\/www.sisinternational.com\/pl\/wp-json\/wp\/v2\/media\/63760"}],"wp:attachment":[{"href":"https:\/\/www.sisinternational.com\/pl\/wp-json\/wp\/v2\/media?parent=15242"}],"curies":[{"name":"wp","href":"https:\/\/api.w.org\/{rel}","templated":true}]}}