{"id":15225,"date":"2015-04-09T21:42:37","date_gmt":"2015-04-09T21:42:37","guid":{"rendered":"https:\/\/www.sisinternational.com\/?page_id=15225"},"modified":"2025-09-07T18:40:11","modified_gmt":"2025-09-07T22:40:11","slug":"security-market-research","status":"publish","type":"page","link":"https:\/\/www.sisinternational.com\/pl\/ekspertyza\/security-market-research\/","title":{"rendered":"Badania rynku bezpiecze\u0144stwa"},"content":{"rendered":"<h1 class=\"wp-block-heading\">Badania rynku bezpiecze\u0144stwa<\/h1>\n\n\n\n<figure class=\"gb-block-image gb-block-image-26d728a3\"><img loading=\"lazy\" decoding=\"async\" width=\"1456\" height=\"816\" class=\"gb-image gb-image-26d728a3\" src=\"https:\/\/www.sisinternational.com\/wp-content\/uploads\/2025\/08\/Cibersecurity-security-7.jpg\" alt=\"SIS Mi\u0119dzynarodowe badania rynku i strategia\" title=\"Cibersecurity security (7)\" srcset=\"https:\/\/www.sisinternational.com\/wp-content\/uploads\/2025\/08\/Cibersecurity-security-7.jpg 1456w, https:\/\/www.sisinternational.com\/wp-content\/uploads\/2025\/08\/Cibersecurity-security-7-300x168.jpg 300w, https:\/\/www.sisinternational.com\/wp-content\/uploads\/2025\/08\/Cibersecurity-security-7-1024x574.jpg 1024w, https:\/\/www.sisinternational.com\/wp-content\/uploads\/2025\/08\/Cibersecurity-security-7-768x430.jpg 768w, https:\/\/www.sisinternational.com\/wp-content\/uploads\/2025\/08\/Cibersecurity-security-7-18x10.jpg 18w\" sizes=\"auto, (max-width: 1456px) 100vw, 1456px\"><\/figure>\n\n\n\n<p>&nbsp;<\/p>\n\n\n\n<h2 class=\"wp-block-heading p1\">In the wake of global terrorist activities, hacktivism, and increased cyber-criminality, the need for heightened company security measures has never been more clear or prescient.<\/h2>\n\n\n\n<p>SIS International Research has conducted extensive research in corporate security, cyber-security and real-time physical security as it relates to the protection of assets, intellectual property, and corporate reputation. Whether you are a security company, or you exploring the benefits of enhanced security, we can assist you with data, research, insights and strategy.<\/p>\n\n\n\n<h2 class=\"wp-block-heading p1\">Metody bada\u0144 rynku<\/h2>\n\n\n\n<p class=\"p1\">Recently, we\u2019ve undertaken channel <a href=\"https:\/\/www.sisinternational.com\/pl\/corporate-sustainability-strategies-a-siemens-case-study\/\" title=\"Strategie zr\u00f3wnowa\u017conego rozwoju przedsi\u0119biorstw: studium przypadku firmy Siemens\"  data-wpil-monitor-id=\"10786\">studies for corporate<\/a> and industrial security projects in North America. We\u2019ve utilized <a href=\"https:\/\/www.sisinternational.com\/pl\/global-competitive-intelligence-blueprint-by-ruth-stanat-competitive-intelligence-magazine\/\" title=\"Globalna firma zajmuj\u0105ca si\u0119 wywiadem konkurencyjnym\"  data-wpil-monitor-id=\"10779\">Competitive Intelligence techniques to explore global<\/a> cybersecurity measures in-depth. Sophisticated phone studies incorporating the CATI <a href=\"https:\/\/www.sisinternational.com\/pl\/ekspertyza\/branze\/computer-assisted-telephone-interviewing-market-research\/\" title=\"Badania rynku przy u\u017cyciu wywiad\u00f3w telefonicznych wspomaganych komputerowo\"  data-wpil-monitor-id=\"10781\">Telephone Survey methodology have assisted<\/a> in the evaluation of product features, consumer needs, and potential pricing.<\/p>\n\n\n\n<p class=\"p1\">New <a href=\"https:\/\/www.sisinternational.com\/pl\/rozwiazania\/rozwiazania-w-zakresie-brandingu-i-badan-klientow\/badania-rynku-testowanie-produktow\/\" title=\"Badania rynku testowania produkt\u00f3w\"  data-wpil-monitor-id=\"10777\">Product Testing research<\/a>, Customer Interviews, Focus Groups, Market Trend \/ Response studies, B2B Executive Interviews, and Low Incidence research \u2026 these approaches can provide insight, which can make your business safer and more successful.<\/p>\n\n\n\n<h2 class=\"wp-block-heading\">Security Market Research Solutions<\/h2>\n\n\n\n<p><a href=\"https:\/\/www.sisinternational.com\/pl\/skontaktuj-sie-z-nami\/\" title=\"Skontaktuj si\u0119 z nami\"  data-wpil-monitor-id=\"10774\">SIS Mi\u0119dzynarodowe Badania<\/a> has focused on household and business security systems for small and mid-size business owners and on international cybersecurity efforts. Our results-oriented research is particularly helpful for SMB managers who manage company security functions. If you\u2019re business is exploring potential security solutions, effective market <a href=\"https:\/\/www.sisinternational.com\/pl\/cyberbezpieczenstwo-opieka-zdrowotna\/\" title=\"Badania rynku cyberbezpiecze\u0144stwa w opiece zdrowotnej\"  data-wpil-monitor-id=\"7259\">badania<\/a> can guide you towards obtaining the professional security protection you need in the 21st Century. For security companies, we\u2019ll help you understand markets and clients in <a href=\"https:\/\/www.sisinternational.com\/pl\/publikacje\/scalable-business-market-research-7-ways-to-build-a-scalable-business\/\" title=\"Skalowalne badania rynku biznesowego: 7 sposob\u00f3w na zbudowanie skalowalnego biznesu\"  data-wpil-monitor-id=\"10784\">ways<\/a> that brighten your business outlook and ensure your success.<\/p>\n\n\n\n<h2 class=\"wp-block-heading\"><a href=\"https:\/\/www.sisinternational.com\/pl\/about-sis\/contact-sis-international-market-research\/\">Contact us for your next Security Market Research project.<\/a><\/h2>","protected":false},"excerpt":{"rendered":"<p>SIS oferuje firmom wgl\u0105d w badania rynku, dane i strategie dotycz\u0105ce szans, zagro\u017ce\u0144 i technologii zwi\u0105zanych z bezpiecze\u0144stwem.<\/p>","protected":false},"author":1,"featured_media":64042,"parent":14514,"menu_order":14,"comment_status":"open","ping_status":"open","template":"","meta":{"footnotes":""},"class_list":["post-15225","page","type-page","status-publish","has-post-thumbnail"],"_links":{"self":[{"href":"https:\/\/www.sisinternational.com\/pl\/wp-json\/wp\/v2\/pages\/15225","targetHints":{"allow":["GET"]}}],"collection":[{"href":"https:\/\/www.sisinternational.com\/pl\/wp-json\/wp\/v2\/pages"}],"about":[{"href":"https:\/\/www.sisinternational.com\/pl\/wp-json\/wp\/v2\/types\/page"}],"author":[{"embeddable":true,"href":"https:\/\/www.sisinternational.com\/pl\/wp-json\/wp\/v2\/users\/1"}],"replies":[{"embeddable":true,"href":"https:\/\/www.sisinternational.com\/pl\/wp-json\/wp\/v2\/comments?post=15225"}],"version-history":[{"count":7,"href":"https:\/\/www.sisinternational.com\/pl\/wp-json\/wp\/v2\/pages\/15225\/revisions"}],"predecessor-version":[{"id":67336,"href":"https:\/\/www.sisinternational.com\/pl\/wp-json\/wp\/v2\/pages\/15225\/revisions\/67336"}],"up":[{"embeddable":true,"href":"https:\/\/www.sisinternational.com\/pl\/wp-json\/wp\/v2\/pages\/14514"}],"wp:featuredmedia":[{"embeddable":true,"href":"https:\/\/www.sisinternational.com\/pl\/wp-json\/wp\/v2\/media\/64042"}],"wp:attachment":[{"href":"https:\/\/www.sisinternational.com\/pl\/wp-json\/wp\/v2\/media?parent=15225"}],"curies":[{"name":"wp","href":"https:\/\/api.w.org\/{rel}","templated":true}]}}