{"id":15177,"date":"2015-04-08T21:12:16","date_gmt":"2015-04-08T21:12:16","guid":{"rendered":"https:\/\/www.sisinternational.com\/?page_id=15177"},"modified":"2026-01-25T19:34:37","modified_gmt":"2026-01-26T00:34:37","slug":"pricing-strategy","status":"publish","type":"page","link":"https:\/\/www.sisinternational.com\/pl\/rozwiazania\/doradztwo-strategiczne-fintech-badania\/pricing-strategy\/","title":{"rendered":"Badania strategii cenowych"},"content":{"rendered":"<h1 class=\"wp-block-heading\">Badania strategii cenowych<\/h1>\n\n\n\n<figure class=\"gb-block-image gb-block-image-873e77f3\"><img loading=\"lazy\" decoding=\"async\" width=\"1456\" height=\"816\" class=\"gb-image gb-image-873e77f3\" src=\"https:\/\/www.sisinternational.com\/wp-content\/uploads\/2025\/08\/Strategy-consulting-4.jpg\" srcset=\"https:\/\/www.sisinternational.com\/wp-content\/uploads\/2025\/08\/Strategy-consulting-4.jpg 1456w, https:\/\/www.sisinternational.com\/wp-content\/uploads\/2025\/08\/Strategy-consulting-4-300x168.jpg 300w, https:\/\/www.sisinternational.com\/wp-content\/uploads\/2025\/08\/Strategy-consulting-4-1024x574.jpg 1024w, https:\/\/www.sisinternational.com\/wp-content\/uploads\/2025\/08\/Strategy-consulting-4-768x430.jpg 768w, https:\/\/www.sisinternational.com\/wp-content\/uploads\/2025\/08\/Strategy-consulting-4-18x10.jpg 18w\" sizes=\"auto, (max-width: 1456px) 100vw, 1456px\" alt=\"SIS Mi\u0119dzynarodowe badania rynku i strategia\"><\/figure>\n\n\n\n<p><\/p>\n\n\n\n<hr class=\"wp-block-separator has-alpha-channel-opacity is-style-dots\"\/>\n\n\n\n<blockquote class=\"wp-block-quote is-layout-flow wp-block-quote-is-layout-flow\">\n<h3 class=\"wp-block-heading\">Choosing the appropriate price to sell a product or service is more than a challenge for every business. Getting it right is crucial to its eventual survival.<\/h3>\n<\/blockquote>\n\n\n\n<h2 class=\"wp-block-heading\">&nbsp;<\/h2>\n\n\n\n<h2 class=\"wp-block-heading\">Pricing Strategy Considerations<\/h2>\n\n\n\n<p>Many factors go into pricing, most of which can be studied and directed to favor your company.<\/p>\n\n\n\n<p class=\"p1\">All markets are not the same. In some regions, there may be variations in<\/p>\n\n\n\n<ul class=\"wp-block-list\">\n<li>Production costs due to real estate or labor rates<\/li>\n\n\n\n<li>Number of potential customers<\/li>\n\n\n\n<li>Cost of delivering your goods<\/li>\n<\/ul>\n\n\n\n<p>These known factors can generally be predetermined and controlled.<\/p>\n\n\n\n<h2 class=\"wp-block-heading p1\">How do sales objectives guide pricing strategy?<\/h2>\n\n\n\n<p>Below are several common goals, which often change over time depending on their success rate and reactions from customers and competitors.<\/p>\n\n\n\n<ul class=\"wp-block-list\">\n<li>Elicit a trial<\/li>\n\n\n\n<li>Elicit repeat business<\/li>\n\n\n\n<li>Open a new market<\/li>\n\n\n\n<li>Grow an existing market<\/li>\n\n\n\n<li>Expand a product line \u2013 offer different <a href=\"https:\/\/www.sisinternational.com\/pl\/rozwiazania\/rozwiazania-w-zakresie-badan-jakosciowych-i-ilosciowych\/how-the-gabor-granger-pricing-model-can-enhance-your-profit-margins\/\" title=\"Gabor-Granger Pricing Model\"  data-wpil-monitor-id=\"1184\">models or features at different price<\/a> points to broaden overall appeal to customers<\/li>\n\n\n\n<li>Cross-sell several products (life, auto and home insurance; air, hotel and car)<\/li>\n\n\n\n<li>Increase market share<\/li>\n\n\n\n<li>Defend against competition; create a barrier to entry<\/li>\n\n\n\n<li>Seek a specific profit margin over the cost of production, promotion and distribution<\/li>\n<\/ul>\n\n\n\n<p>Market research and testing can guide one to identify optimal price points for each situation.&nbsp; Here are a few examples:<\/p>\n\n\n\n<ul class=\"wp-block-list\">\n<li><strong>What price will maximize a trial?<\/strong>\n<ul class=\"wp-block-list\">\n<li>How low should initial price be?&nbsp; A survey can ask questions about different prices, or a market test can compare the percent who take the offer.<\/li>\n\n\n\n<li>After trial, will additional discounts or offers be needed, or can prices be raised without losing customers?<\/li>\n<\/ul>\n<\/li>\n\n\n\n<li><strong>Will package or bundle pricing effectively sell more than one item or service?<\/strong>\n<ul class=\"wp-block-list\">\n<li>A variety of offers can be tested, e.g. \u201cBOGO\u201d or \u201ctwofers\u201d, 50% off a second entree; a golf bag with a set of new clubs; free checking with a brokerage service.<\/li>\n<\/ul>\n<\/li>\n\n\n\n<li><strong>Can enough commodity products or supplies for the home or office be sold at a low price and still make a profit?<\/strong>\n<ul class=\"wp-block-list\">\n<li><a href=\"https:\/\/www.sisinternational.com\/pl\/ekspertyza\/branze\/dipping-sauce-market-research\/\" title=\"Badania rynku sos\u00f3w do maczania\"  data-wpil-monitor-id=\"5754\">Research can help analyze a market<\/a>, its customers, and its competition regarding current pricing and purchase activity.<\/li>\n\n\n\n<li>Should you set a price to match your competition to remove that differentiator?<\/li>\n\n\n\n<li>In some cases, products such as batteries, printer paper, or cleaning supplies may be sold as \u201closs leaders\u201d (even below actual cost) to generate sales of more and higher-margin items.<\/li>\n<\/ul>\n<\/li>\n\n\n\n<li><strong>Will enough of a market pay a premium price?<\/strong>\n<ul class=\"wp-block-list\">\n<li>Is there support for high-priced, exclusive, or luxury items? (e.g. Tiffany, Prada, Mercedes, Apple)<\/li>\n\n\n\n<li>Are there other customer tiers which can later be sold less expensive models at lower prices?&nbsp; Or can you customize a product or service and charge an even higher price for an exclusive version to satisfy specific customer needs?<\/li>\n<\/ul>\n<\/li>\n<\/ul>\n\n\n\n<h2 class=\"wp-block-heading p1\"><span class=\"s1\">Do you need help with Pricing Strategy?<\/span><\/h2>\n\n\n\n<figure class=\"gb-block-image gb-block-image-807f2de8\"><img loading=\"lazy\" decoding=\"async\" width=\"1456\" height=\"816\" class=\"gb-image gb-image-807f2de8\" src=\"https:\/\/www.sisinternational.com\/wp-content\/uploads\/2025\/08\/Strategy-consulting-3.jpg\" srcset=\"https:\/\/www.sisinternational.com\/wp-content\/uploads\/2025\/08\/Strategy-consulting-3.jpg 1456w, https:\/\/www.sisinternational.com\/wp-content\/uploads\/2025\/08\/Strategy-consulting-3-300x168.jpg 300w, https:\/\/www.sisinternational.com\/wp-content\/uploads\/2025\/08\/Strategy-consulting-3-1024x574.jpg 1024w, https:\/\/www.sisinternational.com\/wp-content\/uploads\/2025\/08\/Strategy-consulting-3-768x430.jpg 768w, https:\/\/www.sisinternational.com\/wp-content\/uploads\/2025\/08\/Strategy-consulting-3-18x10.jpg 18w\" sizes=\"auto, (max-width: 1456px) 100vw, 1456px\" alt=\"SIS Mi\u0119dzynarodowe badania rynku i strategia\"><\/figure>\n\n\n\n<p><\/p>\n\n\n\n<p class=\"p1\"><span class=\"s1\">You do not need to gamble and hope. Rather, you can calculate all the costs involved in producing, promoting\/selling, and distributing a product&nbsp;and then set a price that covers expenses while providing some level of profit.<\/span><\/p>\n\n\n\n<p class=\"p1\"><span class=\"s1\">However, to approach an optimum price point, it may be useful to observe and\/or survey your customers. Even better, get a sense of what your competition is or might be doing regarding&nbsp;pricing.<\/span><\/p>\n\n\n\n<p class=\"p1\"><span class=\"s1\">Asking customers what they would pay for a product or service is tricky. Getting insights into your competitors&#8217; strategies&nbsp;is a bigger challenge.<\/span><\/p>\n\n\n\n<h3 class=\"wp-block-heading p4\"><strong><span class=\"s2\">Klienci <\/span><\/strong><span class=\"s1\">may be exposed to the product via a survey (online or phone) or in person.&nbsp;<\/span><\/h3>\n\n\n\n<ul class=\"wp-block-list\">\n<li><span class=\"s1\">Here, a set of variables, including price, might be presented to a subject. A statistical technique called conjoint analysis may be applied to determine the optimal tradeoffs of features and prices.<\/span><\/li>\n\n\n\n<li><span class=\"s1\">You can assess price elasticity and experiment within such a range.<\/span><\/li>\n\n\n\n<li><span class=\"s1\">Further, you can identify matched groups of prospective or current customers, offer each a different price via online, coupons, ads, etc., and then measure the percent who purchase at each price.<\/span><\/li>\n\n\n\n<li><span class=\"s1\">(Note:<span class=\"Apple-converted-space\">&nbsp; <\/span>there are instances where you might want to find out what a customer would pay based on a concept or prototype \u2013 before beginning production \u2013 to be sure there is room for profit!)<\/span><\/li>\n<\/ul>\n\n\n\n<h3 class=\"wp-block-heading p4\"><strong><span class=\"s2\">Competitive activity<\/span><\/strong><span class=\"s1\"> can be monitored by following their channels of distribution (e.g. site visits to stores, following online and offline ads), attending trade shows, and perhaps speaking with your customers.&nbsp;<\/span><\/h3>\n\n\n\n<ul class=\"wp-block-list\">\n<li><span class=\"s1\">But to learn their future plans it is almost always necessary to use a third party to conduct interviews in an effort to uncover such information.<\/span><\/li>\n<\/ul>\n\n\n\n<p class=\"p1\"><span class=\"s1\">Unfortunately, there is more to the equation!&nbsp; <\/span>Your company is not operating in a vacuum.&nbsp; As such, just like you, your competitors may alter pricing to achieve specific objectives.&nbsp;&nbsp;<span class=\"s1\">Thus, pricing strategy is an ongoing process that needs almost constant attention and tweaking.<\/span><\/p>\n\n\n\n<h2 class=\"wp-block-heading\">Lokalizacja naszego obiektu w Nowym Jorku<\/h2>\n\n\n\n<p>\n\n\n\n<iframe loading=\"lazy\" src=\"https:\/\/www.google.com\/maps\/embed?pb=!1m18!1m12!1m3!1d3022.976188376966!2d-73.99130312499956!3d40.740549471389315!2m3!1f0!2f0!3f0!3m2!1i1024!2i768!4f13.1!3m3!1m2!1s0x89c259a15798c731%3A0xd695d09bdd495f25!2s11%20E%2022nd%20St%20FL%202%2C%20New%20York%2C%20NY%2010010%2C%20USA!5e0!3m2!1sen!2spe!4v1726171763526!5m2!1sen!2spe\" width=\"600\" height=\"450\" allowfullscreen=\"allowfullscreen\" data-mce-fragment=\"1\"><\/iframe>\n\n\n\n<\/p>\n\n\n\n<h3 class=\"wp-block-heading\">11 E 22nd Street, pi\u0119tro 2, Nowy Jork, NY 10010 T: +1(212) 505-6805<\/h3>\n\n\n\n<hr class=\"wp-block-separator has-alpha-channel-opacity\"\/>\n\n\n\n<h2 class=\"wp-block-heading\"><span style=\"font-weight: 400;\">O firmie SIS International<\/span><\/h2>\n\n\n\n<p><a href=\"https:\/\/www.sisinternational.com\/pl\/\"><span style=\"font-weight: 400;\">SIS Mi\u0119dzynarodowy<\/span><\/a><span style=\"font-weight: 400;\"> oferuje badania ilo\u015bciowe, jako\u015bciowe i strategiczne. Dostarczamy dane, narz\u0119dzia, strategie, raporty i spostrze\u017cenia do podejmowania decyzji. Prowadzimy r\u00f3wnie\u017c wywiady, ankiety, grupy fokusowe i inne metody i podej\u015bcia do bada\u0144 rynku.<\/span><a href=\"https:\/\/www.sisinternational.com\/pl\/o-moich-miedzynarodowych-badaniach\/contact-sis-international-market-research\/\"><span style=\"font-weight: 400;\"> Skontaktuj si\u0119 z nami<\/span><\/a><span style=\"font-weight: 400;\"> dla Twojego kolejnego projektu badania rynku.<\/span><\/p>\n\n\n\n<p><\/p>","protected":false},"excerpt":{"rendered":"<p>Zajmujemy si\u0119 badaniami strategii cenowych dla firm na ca\u0142ym \u015bwiecie, pomagaj\u0105c im zwi\u0119kszy\u0107 rentowno\u015b\u0107.<\/p>","protected":false},"author":1,"featured_media":62547,"parent":27462,"menu_order":0,"comment_status":"open","ping_status":"open","template":"","meta":{"footnotes":""},"class_list":["post-15177","page","type-page","status-publish","has-post-thumbnail"],"_links":{"self":[{"href":"https:\/\/www.sisinternational.com\/pl\/wp-json\/wp\/v2\/pages\/15177","targetHints":{"allow":["GET"]}}],"collection":[{"href":"https:\/\/www.sisinternational.com\/pl\/wp-json\/wp\/v2\/pages"}],"about":[{"href":"https:\/\/www.sisinternational.com\/pl\/wp-json\/wp\/v2\/types\/page"}],"author":[{"embeddable":true,"href":"https:\/\/www.sisinternational.com\/pl\/wp-json\/wp\/v2\/users\/1"}],"replies":[{"embeddable":true,"href":"https:\/\/www.sisinternational.com\/pl\/wp-json\/wp\/v2\/comments?post=15177"}],"version-history":[{"count":9,"href":"https:\/\/www.sisinternational.com\/pl\/wp-json\/wp\/v2\/pages\/15177\/revisions"}],"predecessor-version":[{"id":79441,"href":"https:\/\/www.sisinternational.com\/pl\/wp-json\/wp\/v2\/pages\/15177\/revisions\/79441"}],"up":[{"embeddable":true,"href":"https:\/\/www.sisinternational.com\/pl\/wp-json\/wp\/v2\/pages\/27462"}],"wp:featuredmedia":[{"embeddable":true,"href":"https:\/\/www.sisinternational.com\/pl\/wp-json\/wp\/v2\/media\/62547"}],"wp:attachment":[{"href":"https:\/\/www.sisinternational.com\/pl\/wp-json\/wp\/v2\/media?parent=15177"}],"curies":[{"name":"wp","href":"https:\/\/api.w.org\/{rel}","templated":true}]}}