{"id":15125,"date":"2015-04-01T18:31:05","date_gmt":"2015-04-01T18:31:05","guid":{"rendered":"https:\/\/www.sisinternational.com\/?page_id=15125"},"modified":"2026-01-26T17:10:35","modified_gmt":"2026-01-26T22:10:35","slug":"jedzenie-i-napoje-w-azji-i-pacyfiku","status":"publish","type":"page","link":"https:\/\/www.sisinternational.com\/pl\/ekspertyza\/cv-z-doswiadczeniem\/jedzenie-i-napoje-w-azji-i-pacyfiku\/","title":{"rendered":"Badania rynku \u017cywno\u015bci i napoj\u00f3w w Azji"},"content":{"rendered":"<h1 class=\"wp-block-heading\">Badania rynku \u017cywno\u015bci i napoj\u00f3w w Azji<\/h1>\n\n\n\n<figure class=\"gb-block-image gb-block-image-6c08cd34\"><img loading=\"lazy\" decoding=\"async\" width=\"1456\" height=\"816\" class=\"gb-image gb-image-6c08cd34\" src=\"https:\/\/www.sisinternational.com\/wp-content\/uploads\/2025\/09\/Asian-food-55-1.jpg\" alt=\"SIS Mi\u0119dzynarodowe badania rynku i strategia\" title=\"Asian food 55 (1)\" srcset=\"https:\/\/www.sisinternational.com\/wp-content\/uploads\/2025\/09\/Asian-food-55-1.jpg 1456w, https:\/\/www.sisinternational.com\/wp-content\/uploads\/2025\/09\/Asian-food-55-1-300x168.jpg 300w, https:\/\/www.sisinternational.com\/wp-content\/uploads\/2025\/09\/Asian-food-55-1-1024x574.jpg 1024w, https:\/\/www.sisinternational.com\/wp-content\/uploads\/2025\/09\/Asian-food-55-1-768x430.jpg 768w, https:\/\/www.sisinternational.com\/wp-content\/uploads\/2025\/09\/Asian-food-55-1-18x10.jpg 18w\" sizes=\"auto, (max-width: 1456px) 100vw, 1456px\"><\/figure>\n\n\n\n<p><\/p>\n\n\n\n<h2 class=\"wp-block-heading\">SIS jest wiod\u0105c\u0105 globaln\u0105 firm\u0105 badawcz\u0105 rynku. Poznaj nasze do\u015bwiadczenie.<\/h2>\n\n\n\n<h2 class=\"wp-block-heading\">Chiny<\/h2>\n\n\n\n<ul class=\"wp-block-list\">\n<li>Przeprowadzono badanie etykiet japo\u0144skiego sake w Szanghaju<\/li>\n\n\n\n<li>Przeprowadzono projekt dotycz\u0105cy napoj\u00f3w alkoholowych w Chinach (i Francji)<\/li>\n<\/ul>\n\n\n\n<h2 class=\"wp-block-heading\">Korea Po\u0142udniowa<\/h2>\n\n\n\n<ul class=\"wp-block-list\">\n<li>Przeprowadzono badanie maj\u0105ce na celu sprawdzenie skuteczno\u015bci targ\u00f3w \u017cywno\u015bci korea\u0144skiej<\/li>\n\n\n\n<li>Przeprowadzono badanie mo\u017cliwo\u015bci rynkowych w Korei<\/li>\n\n\n\n<li>Rekrutowano uczestnik\u00f3w rozm\u00f3w kwalifikacyjnych w domu w Seulu w Korei Po\u0142udniowej<\/li>\n<\/ul>\n\n\n\n<h2 class=\"wp-block-heading\">Inne Azja i Pacyfik<\/h2>\n\n\n\n<ul class=\"wp-block-list\">\n<li>Przeprowadzono badanie w formie wywiadu twarz\u0105 w twarz w Tokio, obejmuj\u0105ce test produktu<\/li>\n\n\n\n<li>Przeprowadzono badanie w formie wywiadu pog\u0142\u0119bionego w Bangkoku<\/li>\n\n\n\n<li><a href=\"https:\/\/www.sisinternational.com\/pl\/grupy_fokusowe_w_azji\/\" title=\"Grupy fokusowe w Azji\"  data-wpil-monitor-id=\"2464\">Focus group study in Asia<\/a> regarding brand research<\/li>\n\n\n\n<li>Wywiady z dealerami sprz\u0119tu rolniczego w Wietnamie<\/li>\n\n\n\n<li>Przeprowadzono badanie rynku dotycz\u0105ce rynku dystrybucji w Japonii<\/li>\n\n\n\n<li>Przeprowadzono grup\u0119 fokusow\u0105 w D\u017cakarcie w Indonezji<\/li>\n\n\n\n<li>Przeprowadzono badanie dotycz\u0105ce bran\u017cy herbaty miodowo-cytrynowej w Singapurze<\/li>\n<\/ul>\n\n\n\n<h2 class=\"wp-block-heading\">\u015awiatowy<\/h2>\n\n\n\n<ul class=\"wp-block-list\">\n<li>Przeprowadzono badanie wywiadu konkurencyjnego dla sieci fast food w Meksyku<\/li>\n\n\n\n<li><a href=\"https:\/\/www.sisinternational.com\/pl\/ekspertyza\/branze\/badania-rynku-przekasek\/\" title=\"Badania rynku przek\u0105sek\"  data-wpil-monitor-id=\"6442\">Snack food desk research<\/a> badanie<\/li>\n\n\n\n<li>Przeprowadzono badanie jako\u015bciowe, testuj\u0105c nowe koncepcje menu dla fast food\u00f3w na trzech r\u00f3\u017cnych rynkach<\/li>\n\n\n\n<li>Przeprowadzono grupy fokusowe w ponad 14 krajach w celu okre\u015blenia globalnej kampanii reklamowej<\/li>\n\n\n\n<li>Przeprowadzono dwie grupy fokusowe w celu przetestowania smaku serii kanapek \u015bniadaniowych<\/li>\n\n\n\n<li>Przeprowadzono grup\u0119 fokusow\u0105 dla konsument\u00f3w koktajli w Los Angeles i Nowym Jorku<\/li>\n\n\n\n<li>Przeprowadzono kilka bada\u0144 wyboru lokalizacji dla sieci fast food w Meksyku<\/li>\n\n\n\n<li>Przeprowadzono przechwytywanie klient\u00f3w w lokalach Burger King w celu okre\u015blenia ich poziomu zadowolenia z obs\u0142ugi w konkretnych lokalizacjach w stanie Indiana<\/li>\n\n\n\n<li>Conducted a global menu change study in over 14 countries covering Western, Central, and Eastern Europe, Asia and Latin America<\/li>\n\n\n\n<li>Conducted a market feasibility study for site locations in select countries in <a href=\"https:\/\/www.sisinternational.com\/pl\/badania-rynku-na-bliskim-wschodzie\/\" title=\"Badania rynku na Bliskim Wschodzie\"  data-wpil-monitor-id=\"2944\">Asia and in the Middle East<\/a><\/li>\n\n\n\n<li>Conducted a site location study in Greece, Jakarta, Indonesia, and Manila, Philippines for the potential for fast food outlets<\/li>\n\n\n\n<li>Przeprowadzono grupy fokusowe z dzie\u0107mi w celu okre\u015blenia materia\u0142\u00f3w promocyjnych dla sieci fast food<\/li>\n\n\n\n<li>Przeprowadzono badanie dotycz\u0105ce wydatk\u00f3w na technologie informatyczne w bran\u017cy spo\u017cywczej i fast food<\/li>\n\n\n\n<li>Przeprowadzono grupy fokusowe na Bliskim Wschodzie w celu okre\u015blenia zmian w menu dla firmy zajmuj\u0105cej si\u0119 fast foodem<\/li>\n\n\n\n<li>Przeprowadzono projekt badawczy dotycz\u0105cy chips\u00f3w\/chrupek, ze szczeg\u00f3lnym uwzgl\u0119dnieniem pozycjonowania marki i linii marki<\/li>\n\n\n\n<li>Przeprowadzono badanie dotycz\u0105ce du\u0144skiego sera<\/li>\n<\/ul>","protected":false},"excerpt":{"rendered":"<p>Conducted research study regarding the Honey Citron Tea industry in<br \/>\nSingapur<\/p>","protected":false},"author":1,"featured_media":63207,"parent":15106,"menu_order":1,"comment_status":"open","ping_status":"open","template":"","meta":{"footnotes":""},"class_list":["post-15125","page","type-page","status-publish","has-post-thumbnail"],"_links":{"self":[{"href":"https:\/\/www.sisinternational.com\/pl\/wp-json\/wp\/v2\/pages\/15125","targetHints":{"allow":["GET"]}}],"collection":[{"href":"https:\/\/www.sisinternational.com\/pl\/wp-json\/wp\/v2\/pages"}],"about":[{"href":"https:\/\/www.sisinternational.com\/pl\/wp-json\/wp\/v2\/types\/page"}],"author":[{"embeddable":true,"href":"https:\/\/www.sisinternational.com\/pl\/wp-json\/wp\/v2\/users\/1"}],"replies":[{"embeddable":true,"href":"https:\/\/www.sisinternational.com\/pl\/wp-json\/wp\/v2\/comments?post=15125"}],"version-history":[{"count":6,"href":"https:\/\/www.sisinternational.com\/pl\/wp-json\/wp\/v2\/pages\/15125\/revisions"}],"predecessor-version":[{"id":80025,"href":"https:\/\/www.sisinternational.com\/pl\/wp-json\/wp\/v2\/pages\/15125\/revisions\/80025"}],"up":[{"embeddable":true,"href":"https:\/\/www.sisinternational.com\/pl\/wp-json\/wp\/v2\/pages\/15106"}],"wp:featuredmedia":[{"embeddable":true,"href":"https:\/\/www.sisinternational.com\/pl\/wp-json\/wp\/v2\/media\/63207"}],"wp:attachment":[{"href":"https:\/\/www.sisinternational.com\/pl\/wp-json\/wp\/v2\/media?parent=15125"}],"curies":[{"name":"wp","href":"https:\/\/api.w.org\/{rel}","templated":true}]}}