{"id":15112,"date":"2015-04-01T01:39:17","date_gmt":"2015-04-01T01:39:17","guid":{"rendered":"https:\/\/www.sisinternational.com\/?page_id=15112"},"modified":"2026-01-26T17:44:51","modified_gmt":"2026-01-26T22:44:51","slug":"badania-marki","status":"publish","type":"page","link":"https:\/\/www.sisinternational.com\/pl\/ekspertyza\/cv-z-doswiadczeniem\/badania-marki\/","title":{"rendered":"Firma badawcza marki"},"content":{"rendered":"<h1 class=\"wp-block-heading\">Firma badawcza marki<\/h1>\n\n\n\n<figure class=\"gb-block-image gb-block-image-2e51f189\"><img loading=\"lazy\" decoding=\"async\" width=\"1456\" height=\"816\" class=\"gb-image gb-image-2e51f189\" src=\"https:\/\/www.sisinternational.com\/wp-content\/uploads\/2025\/08\/Marketing-7.jpg\" alt=\"SIS Mi\u0119dzynarodowe badania rynku i strategia\" title=\"Marketing (7)\" srcset=\"https:\/\/www.sisinternational.com\/wp-content\/uploads\/2025\/08\/Marketing-7.jpg 1456w, https:\/\/www.sisinternational.com\/wp-content\/uploads\/2025\/08\/Marketing-7-300x168.jpg 300w, https:\/\/www.sisinternational.com\/wp-content\/uploads\/2025\/08\/Marketing-7-1024x574.jpg 1024w, https:\/\/www.sisinternational.com\/wp-content\/uploads\/2025\/08\/Marketing-7-768x430.jpg 768w, https:\/\/www.sisinternational.com\/wp-content\/uploads\/2025\/08\/Marketing-7-18x10.jpg 18w\" sizes=\"auto, (max-width: 1456px) 100vw, 1456px\"><\/figure>\n\n\n\n<p><\/p>\n\n\n\n<h2 class=\"wp-block-heading\">SIS is a leading Brand Research company.&nbsp; Explore our experience.<\/h2>\n\n\n\n<h2 class=\"wp-block-heading\">Wizerunek marki<\/h2>\n\n\n\n<ul class=\"wp-block-list\">\n<li>Brand image study for a major airline conducted via CATI in US and the UK. Respondents&nbsp;were international leisure and business travelers.<\/li>\n\n\n\n<li>Conducted mall intercepts in US on consumers attitudes toward retail clothing store brand&nbsp;names.<\/li>\n\n\n\n<li>Przeprowadzono grupy fokusowe po\u015bwi\u0119cone produktom markowym.<\/li>\n\n\n\n<li>Quantitative Brand Image Study for US and Europe for Industrial Cleaning products by end&nbsp;use Market Segments.<\/li>\n\n\n\n<li>Ilo\u015bciowe badanie wizerunku marki producent\u00f3w szk\u0142a w USA.<\/li>\n\n\n\n<li>Ilo\u015bciowe badanie wizerunku marki dla producenta szk\u0142a.<\/li>\n\n\n\n<li>Przeprowadzono badanie przechwytuj\u0105ce dotycz\u0105ce wizerunku marki dla firm spo\u017cywczych<\/li>\n\n\n\n<li>Przeprowadzono badanie wizerunku i skuteczno\u015bci marki w firmie meblarskiej<\/li>\n<\/ul>\n\n\n\n<h2 class=\"wp-block-heading\">Kapita\u0142 marki<\/h2>\n\n\n\n<ul class=\"wp-block-list\">\n<li>Globalne badanie marki firm cukierniczych przeprowadzone na zlecenie azjatyckiej firmy reklamowej.<\/li>\n\n\n\n<li>Uko\u0144czyli\u015bmy badanie \u015bledzenia \u015bwiadomo\u015bci marki dla globalnego producenta wielofunkcyjnych elektronarz\u0119dzi w Australii, Chile i Argentynie. Przeprowadzili\u015bmy seri\u0119 wywiad\u00f3w telefonicznych przed i po tych kampaniach medialnych.<\/li>\n\n\n\n<li>Przeprowadzono badanie warto\u015bci marki i \u015bwiadomo\u015bci marki na rynku meblowym w Ameryce P\u00f3\u0142nocnej.<\/li>\n\n\n\n<li>Conducted a brand equity and brand research <a href=\"https:\/\/www.sisinternational.com\/pl\/large-scale-research-for-small-companies\/\" title=\"Badania na du\u017c\u0105 skal\u0119 dla ma\u0142ych firm\"  data-wpil-monitor-id=\"2337\">strategy study for a major aerospace company<\/a> in the North American market. In 2009, we conducted a comprehensive, multiphase global brand equity study for a major global aircraft engine manufacturer. We followed this with one-on-one interviews with key industry executives regarding current and anticipated industry issues. We surveyed airlines, appraisers, bankers, lessors, cargo companies and MROs including everyone from procurement and finance people to fleet managers and company executives. Our client used this <a href=\"https:\/\/www.sisinternational.com\/pl\/ekspertyza\/branze\/dipping-sauce-market-research\/\" title=\"Badania rynku sos\u00f3w do maczania\"  data-wpil-monitor-id=\"5757\">research to refine their marketing<\/a> strategies and to inform next generation aircraft engine initiatives.<\/li>\n\n\n\n<li>Conducted <a href=\"https:\/\/www.sisinternational.com\/pl\/monitor-marki-opon-usa-niemcy-brazylia\/\" title=\"Badania nad mark\u0105 opon w USA, Niemczech i Brazylii\"  data-wpil-monitor-id=\"6595\">research of brand<\/a> loyalty, for an online quantitative questionnaire.<\/li>\n<\/ul>\n\n\n\n<h2 class=\"wp-block-heading\">To\u017csamo\u015b\u0107 marki<\/h2>\n\n\n\n<ul class=\"wp-block-list\">\n<li>Przeprowadzono badania w centrach handlowych w USA, aby pozna\u0107 stosunek konsument\u00f3w do marek odzie\u017cy dost\u0119pnych w sklepach detalicznych.<\/li>\n\n\n\n<li>Przeprowadzono grupy fokusowe po\u015bwi\u0119cone produktom markowym.<\/li>\n\n\n\n<li>Przeprowadzono badanie maj\u0105ce na celu ustalenie marki i nazw funkcji nowego systemu operacyjnego w Japonii i Niemczech w\u015br\u00f3d u\u017cytkownik\u00f3w komputer\u00f3w PC.<\/li>\n\n\n\n<li>Przeprowadzono wywiady IDI z dziennikarzami i analitykami dotycz\u0105ce to\u017csamo\u015bci marki \/ \u015bwiadomo\u015bci paneli s\u0142onecznych<\/li>\n<\/ul>\n\n\n\n<h2 class=\"wp-block-heading\">Strategia marki<\/h2>\n\n\n\n<ul class=\"wp-block-list\">\n<li>Przeprowadzono badanie dotycz\u0105ce europejskich rozwi\u0105za\u0144 marek z udzia\u0142em radiolog\u00f3w.<\/li>\n\n\n\n<li>Badania jako\u015bciowe przeprowadzone w\u015br\u00f3d lekarzy i matek, dotycz\u0105ce reakcji na koncepcj\u0119 wprowadzenia na rynek ca\u0142ej linii produkt\u00f3w od\u017cywczych pod jedn\u0105 globaln\u0105 mark\u0105 i jej pozycjonowania.<\/li>\n\n\n\n<li>Skuteczne techniki zarz\u0105dzania mark\u0105 w bran\u017cy handlu detalicznego w USA.<\/li>\n\n\n\n<li>Zmiana strategii marki klienta z bran\u017cy produkcji okien na skierowan\u0105 do profesjonalnych wykonawc\u00f3w.<\/li>\n\n\n\n<li>Przeprowadzono badanie IDIS w celu oceny hase\u0142 korporacyjnych marki g\u0142\u00f3wnego producenta telefon\u00f3w kom\u00f3rkowych<\/li>\n<\/ul>\n\n\n\n<p><\/p>\n\n\n\n<p><\/p>","protected":false},"excerpt":{"rendered":"<p>SIS wykorzysta\u0142 r\u00f3\u017cnorodne kluczowe wska\u017aniki, w tym osobowo\u015b\u0107 marki, lojalno\u015b\u0107 wobec marki, witalno\u015b\u0107 marki, wyr\u00f3\u017cnienie marki i inne kluczowe wska\u017aniki.<\/p>","protected":false},"author":1,"featured_media":62843,"parent":15106,"menu_order":0,"comment_status":"closed","ping_status":"open","template":"","meta":{"footnotes":""},"class_list":["post-15112","page","type-page","status-publish","has-post-thumbnail"],"_links":{"self":[{"href":"https:\/\/www.sisinternational.com\/pl\/wp-json\/wp\/v2\/pages\/15112","targetHints":{"allow":["GET"]}}],"collection":[{"href":"https:\/\/www.sisinternational.com\/pl\/wp-json\/wp\/v2\/pages"}],"about":[{"href":"https:\/\/www.sisinternational.com\/pl\/wp-json\/wp\/v2\/types\/page"}],"author":[{"embeddable":true,"href":"https:\/\/www.sisinternational.com\/pl\/wp-json\/wp\/v2\/users\/1"}],"replies":[{"embeddable":true,"href":"https:\/\/www.sisinternational.com\/pl\/wp-json\/wp\/v2\/comments?post=15112"}],"version-history":[{"count":8,"href":"https:\/\/www.sisinternational.com\/pl\/wp-json\/wp\/v2\/pages\/15112\/revisions"}],"predecessor-version":[{"id":80174,"href":"https:\/\/www.sisinternational.com\/pl\/wp-json\/wp\/v2\/pages\/15112\/revisions\/80174"}],"up":[{"embeddable":true,"href":"https:\/\/www.sisinternational.com\/pl\/wp-json\/wp\/v2\/pages\/15106"}],"wp:featuredmedia":[{"embeddable":true,"href":"https:\/\/www.sisinternational.com\/pl\/wp-json\/wp\/v2\/media\/62843"}],"wp:attachment":[{"href":"https:\/\/www.sisinternational.com\/pl\/wp-json\/wp\/v2\/media?parent=15112"}],"curies":[{"name":"wp","href":"https:\/\/api.w.org\/{rel}","templated":true}]}}